{"id":115358,"date":"2025-06-26T12:05:10","date_gmt":"2025-06-26T10:05:10","guid":{"rendered":"https:\/\/obera.fr\/clearbox\/"},"modified":"2025-06-26T12:09:06","modified_gmt":"2025-06-26T10:09:06","slug":"clearbox","status":"publish","type":"page","link":"https:\/\/obera.fr\/it\/clearbox\/","title":{"rendered":"Clearbox"},"content":{"rendered":"\n<div class=\"wp-block-columns is-layout-flex wp-container-core-columns-is-layout-28f84493 wp-block-columns-is-layout-flex\">\n<div class=\"wp-block-column is-layout-flow wp-block-column-is-layout-flow\" style=\"flex-basis:33.33%\">\n<figure class=\"wp-block-image aligncenter size-medium\"><img decoding=\"async\" width=\"300\" height=\"267\" src=\"https:\/\/obera.fr\/wp-content\/uploads\/2025\/06\/clearbox-300x267.png\" alt=\"clearbox\" class=\"wp-image-109012\" srcset=\"https:\/\/obera.fr\/wp-content\/uploads\/2025\/06\/clearbox-300x267.png 300w, https:\/\/obera.fr\/wp-content\/uploads\/2025\/06\/clearbox.png 534w\" sizes=\"(max-width: 300px) 100vw, 300px\" \/><figcaption class=\"wp-element-caption\">Clearbox<\/figcaption><\/figure>\n<\/div>\n\n\n\n<div class=\"wp-block-column is-layout-flow wp-block-column-is-layout-flow\" style=\"flex-basis:66.66%\">\n<p class=\"has-drop-cap\"><\/p>\n\n\n\n<hr class=\"wp-block-separator has-text-color has-black-color has-css-opacity has-black-background-color has-background is-style-dots\"\/>\n\n\n\n<div class=\"wp-block-columns is-layout-flex wp-container-core-columns-is-layout-28f84493 wp-block-columns-is-layout-flex\">\n<div class=\"wp-block-column is-layout-flow wp-block-column-is-layout-flow\" style=\"flex-basis:33.33%\">\n<div class=\"wp-block-buttons is-layout-flex wp-block-buttons-is-layout-flex\">\n<div class=\"wp-block-button\"><a class=\"wp-block-button__link wp-element-button\" href=\"https:\/\/obera.fr\/wp-content\/uploads\/2025\/06\/fr-caisson-mobile-daspiration-clearbox-1.pdf\">SCARICA LA BROCHURE<\/a><\/div>\n<\/div>\n<\/div>\n\n\n\n<div class=\"wp-block-column is-layout-flow wp-block-column-is-layout-flow\" style=\"flex-basis:33.34%\">\n<div class=\"wp-block-buttons is-horizontal is-content-justification-center is-layout-flex wp-container-core-buttons-is-layout-03627597 wp-block-buttons-is-layout-flex\">\n<div class=\"wp-block-button has-custom-width wp-block-button__width-100\"><a class=\"wp-block-button__link wp-element-button\" href=\"https:\/\/obera.fr\/it\/contattaci\/\">Saperne di pi\u00f9<\/a><\/div>\n<\/div>\n<\/div>\n\n\n\n<div class=\"wp-block-column is-layout-flow wp-block-column-is-layout-flow\" style=\"flex-basis:33.34%\">\n<div class=\"wp-block-buttons is-content-justification-center is-layout-flex wp-container-core-buttons-is-layout-a89b3969 wp-block-buttons-is-layout-flex\">\n<div class=\"wp-block-button btn-devis-source\"><a class=\"wp-block-button__link wp-element-button\" href=\"https:\/\/obera.fr\/it\/devis\/\">Richiedi un preventivo<\/a><\/div>\n<\/div>\n\n\n<script>\r\ndocument.addEventListener('DOMContentLoaded', function() {\r\n    \/\/ 1. On cherche le titre H1 de la page\r\n    var h1 = document.querySelector('h1');\r\n    var productTitle = h1 ? h1.innerText.trim() : \"\";\r\n\r\n    \/\/ 2. On cherche les boutons via la classe CSS .btn-devis-source\r\n    var buttons = document.querySelectorAll('.btn-devis-source a');\r\n\r\n    \/\/ 3. Si on a le titre et les boutons, on ajoute le param\u00e8tre\r\n    if (buttons.length > 0 && productTitle !== \"\") {\r\n        var encodedTitle = encodeURIComponent(productTitle);\r\n\r\n        buttons.forEach(function(btn) {\r\n            var currentHref = btn.getAttribute('href');\r\n            \r\n            \/\/ S\u00e9curit\u00e9 pour ne pas ajouter le param\u00e8tre 2 fois\r\n            if (currentHref.indexOf('sujet=') === -1) {\r\n                var separator = currentHref.indexOf('?') !== -1 ? '&' : '?';\r\n                var newLink = currentHref + separator + 'sujet=' + encodedTitle;\r\n                \r\n                btn.setAttribute('href', newLink);\r\n            }\r\n        });\r\n    }\r\n});\r\n<\/script><\/div>\n<\/div>\n\n\n\n<p><\/p>\n<\/div>\n<\/div>\n\n<p>Clearbox \u00e8 un&#8217;<strong>unit\u00e0 di aspirazione mobile<\/strong> prodotta in Francia, con una garanzia di 5 anni e una portata ad alte prestazioni. \u00c8 stata progettata appositamente per trattare composti organici volatili (VOC), gas, odori, solventi, polveri e fumi.   <\/p>\n\n<p><\/p>\n\n<p>Questa unit\u00e0 offre diversi livelli di filtrazione, da 2 a 3 stadi, e pu\u00f2 essere configurata in base alle tue specifiche esigenze, garantendo un&#8217;efficienza ottimale nell&#8217;<strong>eliminazione degli agenti inquinanti<\/strong>. \u00c8 dotata di un pre-filtro G4, di filtri a saturazione da F9 a H14 per polveri e fumi e pu\u00f2 incorporare carbone attivo per il <strong>trattamento di gas e VOC<\/strong>.   <\/p>\n\n<p><\/p>\n\n<p>Inoltre, \u00e8 disponibile in tre versioni: con braccio di aspirazione, con ingresso tubolare o sotto <strong>forma di tavolo di aspirazione<\/strong>. \u00c8 disponibile anche una versione ATEX per polveri. <\/p>\n\n<div class=\"wp-block-columns is-layout-flex wp-container-core-columns-is-layout-28f84493 wp-block-columns-is-layout-flex\">\n<div class=\"wp-block-column is-layout-flow wp-block-column-is-layout-flow\">\n<h2 class=\"wp-block-heading has-text-align-center\"><strong>Vantaggi<\/strong><\/h2>\n\n\n\n<ul class=\"wp-block-list\">\n<li>Ventilatore molto alto<\/li>\n\n\n\n<li>prestazioni<\/li>\n\n\n\n<li>Silenziatore<\/li>\n\n\n\n<li>Mobile, leggero e facile da maneggiare<br\/><\/li>\n\n\n\n<li>Ingombro ridotto<br\/><\/li>\n\n\n\n<li>Manutenzione semplice<br\/>di filtri<\/li>\n\n\n\n<li>Portata regolabile da 0 a<br\/>100%.<\/li>\n\n\n\n<li>Alimentazione con presa standard da 230V<br\/><\/li>\n<\/ul>\n<\/div>\n\n\n\n<div class=\"wp-block-column is-layout-flow wp-block-column-is-layout-flow\">\n<h2 class=\"wp-block-heading has-text-align-center\"><strong>Caratteristiche speciali<\/strong><\/h2>\n\n\n\n<ul class=\"wp-block-list\">\n<li>Sostituzione di<\/li>\n\n\n\n<li>supporti filtranti ad alte prestazioni<\/li>\n\n\n\n<li>facile<\/li>\n\n\n\n<li>Aggiornabile e configurabile<br\/><\/li>\n\n\n\n<li>Elevata capacit\u00e0 di adsorbimento<br\/><\/li>\n\n\n\n<li>Contatore orario<\/li>\n\n\n\n<li>Misura<br\/>dello sporco sui filtri<br\/><\/li>\n\n\n\n<li>Impostazione della portata da<br\/>0 a 100%.<\/li>\n\n\n\n<li>Sistema Plug &amp; Play<\/li>\n\n\n\n<li>Opzione ATEX<br\/>polvere<\/li>\n<\/ul>\n<\/div>\n\n\n\n<div class=\"wp-block-column is-layout-flow wp-block-column-is-layout-flow\">\n<h2 class=\"wp-block-heading has-text-align-center\"><strong>Caratteristiche<\/strong><\/h2>\n\n\n\n<ul class=\"wp-block-list\">\n<li>Flusso massimo :<\/li>\n\n\n\n<li>2000m3\/h<\/li>\n\n\n\n<li>Potenza installata:<br\/>750W<\/li>\n\n\n\n<li>Alimentazione: 230V<\/li>\n\n\n\n<li>Dimensioni: 710 x<br\/>710 x 2050<\/li>\n\n\n\n<li>Peso: 70 kg<\/li>\n\n\n\n<li>Livello di rumore:<br\/>72Db<\/li>\n<\/ul>\n<\/div>\n<\/div>\n\n<h2 class=\"wp-block-heading\">A cosa servono?<\/h2>\n\n<p><strong>Clearbox \u00e8 un dispositivo pratico <\/strong>e compatto progettato per catturare e trattare efficacemente inquinanti gassosi, odori, polveri e fumi. Dotato di rotelle, \u00e8 <strong>facile da inserire in qualsiasi spazio di lavoro<\/strong> e pu\u00f2 trattare sia postazioni fisse che mobili. <\/p>\n\n<p><br\/>La Clearbox \u00e8 dotata di un <strong>pre-filtro G4, di filtri di saturazione da F9 a H14 <\/strong>e, se necessario, di carbone attivo. \u00c8 disponibile anche nella versione antipolvere ATEX. La manutenzione regolare dei filtri \u00e8 essenziale per il corretto funzionamento dell&#8217;unit\u00e0.  <\/p>\n\n<div class=\"wp-block-columns is-layout-flex wp-container-core-columns-is-layout-28f84493 wp-block-columns-is-layout-flex\">\n<div class=\"wp-block-column is-layout-flow wp-block-column-is-layout-flow\">\n<h3 class=\"wp-block-heading has-text-align-center\">Inquinanti<\/h3>\n\n\n\n<hr class=\"wp-block-separator has-css-opacity is-style-wide\"\/>\n\n\n\n<div class=\"wp-block-columns is-layout-flex wp-container-core-columns-is-layout-28f84493 wp-block-columns-is-layout-flex\">\n<div class=\"wp-block-column is-layout-flow wp-block-column-is-layout-flow\">\n<figure class=\"wp-block-image aligncenter size-large\"><img decoding=\"async\" width=\"70\" height=\"70\" src=\"https:\/\/obera.fr\/wp-content\/uploads\/2020\/08\/industrie-fumees.jpg\" alt=\"Industria del fumo\" class=\"wp-image-722\"\/><figcaption class=\"wp-element-caption\">Fumi<\/figcaption><\/figure>\n<\/div>\n\n\n\n<div class=\"wp-block-column is-layout-flow wp-block-column-is-layout-flow\">\n<figure class=\"wp-block-image aligncenter size-large\"><img decoding=\"async\" width=\"70\" height=\"70\" src=\"https:\/\/obera.fr\/wp-content\/uploads\/2020\/08\/polluants-poussieres.jpg\" alt=\"Inquinanti Polvere\" class=\"wp-image-675\"\/><figcaption class=\"wp-element-caption\">Polvere<\/figcaption><\/figure>\n<\/div>\n<\/div>\n\n\n\n<div class=\"wp-block-columns is-layout-flex wp-container-core-columns-is-layout-28f84493 wp-block-columns-is-layout-flex\">\n<div class=\"wp-block-column is-layout-flow wp-block-column-is-layout-flow\">\n<figure class=\"wp-block-image aligncenter size-large\"><img decoding=\"async\" width=\"70\" height=\"70\" src=\"https:\/\/obera.fr\/wp-content\/uploads\/2020\/08\/industrie-odeur.jpg\" alt=\"Odore dell'industria\" class=\"wp-image-723\"\/><figcaption class=\"wp-element-caption\">Odori<\/figcaption><\/figure>\n<\/div>\n\n\n\n<div class=\"wp-block-column is-layout-flow wp-block-column-is-layout-flow\">\n<figure class=\"wp-block-image aligncenter size-large is-resized\"><img decoding=\"async\" width=\"70\" height=\"70\" src=\"https:\/\/obera.fr\/wp-content\/uploads\/2020\/10\/industrie-aerosols.jpg\" alt=\"Aerosol industriali\" class=\"wp-image-1201\" style=\"width:70px;height:auto\"\/><figcaption class=\"wp-element-caption\">VOCS<\/figcaption><\/figure>\n<\/div>\n<\/div>\n<\/div>\n\n\n\n<div class=\"wp-block-column is-layout-flow wp-block-column-is-layout-flow\">\n<h3 class=\"wp-block-heading has-text-align-center\">Industrie<\/h3>\n\n\n\n<hr class=\"wp-block-separator has-css-opacity is-style-wide\"\/>\n\n\n\n<div class=\"wp-block-columns is-layout-flex wp-container-core-columns-is-layout-28f84493 wp-block-columns-is-layout-flex\">\n<div class=\"wp-block-column is-layout-flow wp-block-column-is-layout-flow\" style=\"flex-basis:100%\">\n<div style=\"height:47px\" aria-hidden=\"true\" class=\"wp-block-spacer\"><\/div>\n\n\n\n<p class=\"has-text-align-center\">Adatto a tutti i tipi di industria<\/p>\n<\/div>\n\n\n\n<div class=\"wp-block-column is-layout-flow wp-block-column-is-layout-flow\"><\/div>\n<\/div>\n<\/div>\n<\/div>\n\n<div class=\"wp-block-buttons is-horizontal is-content-justification-center is-layout-flex wp-container-core-buttons-is-layout-03627597 wp-block-buttons-is-layout-flex\">\n<div class=\"wp-block-button has-custom-width wp-block-button__width-100\"><a class=\"wp-block-button__link wp-element-button\" href=\"https:\/\/obera.fr\/it\/contattaci\/\">Saperne di pi\u00f9<\/a><\/div>\n<\/div>\n\n<h2 class=\"wp-block-heading\">Quali sono le caratteristiche di Clearbox?<\/h2>\n\n<p>Clearbox \u00e8 un&#8217;<strong>unit\u00e0 di aspirazione mobile<\/strong> prodotta in Francia, con una garanzia di 5 anni e una portata di 2000 m\u00b3\/h ad alte prestazioni. Dispone di 3 livelli di filtraggio ad alte prestazioni, che possono essere configurati in base alle tue esigenze. \u00c8 disponibile in 2 livelli di <strong>filtrazione con un pre-filtro G4 <\/strong>e un filtro di saturazione da F9 a H14, oppure in 3 livelli con carbone attivo.    <\/p>\n\n<p><\/p>\n\n<p>Inoltre, \u00e8 disponibile in tre versioni: con braccio di aspirazione, con ingresso tubolare o sotto <strong>forma di tavolo di aspirazione<\/strong>, e pu\u00f2 anche essere adattato alla versione ATEX per polveri. Grazie alla sua elevata capacit\u00e0 di assorbimento, elimina il maggior numero di agenti inquinanti.   <\/p>\n\n<p><\/p>\n\n<p>La sostituzione regolare dei filtri \u00e8 essenziale per mantenere il funzionamento dell&#8217;elettrodomestico senza problemi. Un <strong>sistema di misurazione dell&#8217;intasamento del filtro<\/strong> integrato indica quando \u00e8 il momento di cambiare i filtri e la sostituzione dei materiali filtranti \u00e8 semplice. <\/p>\n\n<p><\/p>\n\n<p>\u00c8 Plug and Play, quindi facile da installare. Dotato di rotelle e di un <strong>design particolarmente compatto<\/strong>, \u00e8 facile da manovrare e si adatta a qualsiasi ambiente di lavoro. <\/p>\n\n<p><\/p>\n\n<figure class=\"wp-block-table\"><table class=\"has-fixed-layout\"><tbody><tr><td><strong>Dispositivo  <\/strong><\/td><td><\/td><td><strong>Con braccio  <\/strong><\/td><td><strong>Ingresso tubolare  <\/strong><\/td><td><strong>Tabella<\/strong><\/td><\/tr><tr><td>Flusso massimo  <\/td><td>m3\/h  <\/td><td>2000  <\/td><td>2500  <\/td><td>5000<\/td><\/tr><tr><td>Regolazione del flusso<\/td><td>%\u00a0<\/td><td>0-100  <\/td><td>0-100  <\/td><td>0-100<\/td><\/tr><tr><td>Capacit\u00e0 installata<\/td><td>W  <\/td><td>750  <\/td><td>750  <\/td><td>750<\/td><\/tr><tr><td>Alimentazione  <\/td><td>V  <\/td><td>230  <\/td><td>230  <\/td><td>230<\/td><\/tr><tr><td>Dimensioni complessive (LxLxA)<\/td><td>mm  <\/td><td>710x710x2050  <\/td><td>710x710x2050  <\/td><td>710x710x2050<\/td><\/tr><tr><td>Peso  <\/td><td>kg  <\/td><td>70  <\/td><td>75  <\/td><td>75<\/td><\/tr><tr><td>Livello di rumore  <\/td><td>dB  <\/td><td>72  <\/td><td>72  <\/td><td>72<\/td><\/tr><\/tbody><\/table><\/figure>\n","protected":false},"excerpt":{"rendered":"<p>Clearbox \u00e8 un&#8217;unit\u00e0 di aspirazione mobile prodotta in Francia, con una garanzia di 5 anni e una portata ad alte prestazioni. \u00c8 stata progettata appositamente per trattare composti organici volatili (VOC), gas, odori, solventi, polveri e fumi. Questa unit\u00e0 offre diversi livelli di filtrazione, da 2 a 3 stadi, e pu\u00f2 essere configurata in base alle tue specifiche esigenze, garantendo un&#8217;efficienza ottimale nell&#8217;eliminazione degli agenti inquinanti. \u00c8 dotata di un pre-filtro G4, di filtri a saturazione da F9 a H14 per polveri e fumi e pu\u00f2 incorporare carbone attivo per il trattamento di gas e VOC. Inoltre, \u00e8 disponibile in &#8230; <\/p>\n<p class=\"read-more-container\"><a title=\"Clearbox\" class=\"read-more button\" href=\"https:\/\/obera.fr\/it\/clearbox\/#more-115358\" aria-label=\"Per saperne di pi\u00f9 su Clearbox\">Lire la suite<\/a><\/p>\n","protected":false},"author":4,"featured_media":0,"parent":0,"menu_order":0,"comment_status":"closed","ping_status":"closed","template":"","meta":{"_acf_changed":false,"_seopress_robots_primary_cat":"","_seopress_titles_title":"Clearbox: unit\u00e0 di aspirazione mobile ad alte prestazioni","_seopress_titles_desc":"Scopri Clearbox, l'unit\u00e0 di aspirazione mobile ad alte prestazioni per VOC, gas, fumo e polvere. Realizzata in Francia, con una garanzia di 5 anni, \u00e8 configurabile e compatta. ","_seopress_robots_index":"","footnotes":""},"class_list":{"0":"post-115358","1":"page","2":"type-page","3":"status-publish","5":"no-featured-image-padding"},"acf":[],"_links":{"self":[{"href":"https:\/\/obera.fr\/it\/wp-json\/wp\/v2\/pages\/115358","targetHints":{"allow":["GET"]}}],"collection":[{"href":"https:\/\/obera.fr\/it\/wp-json\/wp\/v2\/pages"}],"about":[{"href":"https:\/\/obera.fr\/it\/wp-json\/wp\/v2\/types\/page"}],"author":[{"embeddable":true,"href":"https:\/\/obera.fr\/it\/wp-json\/wp\/v2\/users\/4"}],"replies":[{"embeddable":true,"href":"https:\/\/obera.fr\/it\/wp-json\/wp\/v2\/comments?post=115358"}],"version-history":[{"count":1,"href":"https:\/\/obera.fr\/it\/wp-json\/wp\/v2\/pages\/115358\/revisions"}],"predecessor-version":[{"id":115361,"href":"https:\/\/obera.fr\/it\/wp-json\/wp\/v2\/pages\/115358\/revisions\/115361"}],"wp:attachment":[{"href":"https:\/\/obera.fr\/it\/wp-json\/wp\/v2\/media?parent=115358"}],"curies":[{"name":"wp","href":"https:\/\/api.w.org\/{rel}","templated":true}]}}