{"id":36447,"date":"2024-05-07T09:40:58","date_gmt":"2024-05-07T07:40:58","guid":{"rendered":"https:\/\/obera.fr\/tavolo-mobile-epurbox-tsp\/"},"modified":"2025-06-30T13:59:48","modified_gmt":"2025-06-30T11:59:48","slug":"epurbox-tsp","status":"publish","type":"page","link":"https:\/\/obera.fr\/it\/produits\/caissons-mobiles-aspiration\/epurbox-tsp\/","title":{"rendered":"EpurBox TSP"},"content":{"rendered":"\n<div class=\"wp-block-columns is-layout-flex wp-container-core-columns-is-layout-28f84493 wp-block-columns-is-layout-flex\">\n<div class=\"wp-block-column is-vertically-aligned-top is-layout-flow wp-block-column-is-layout-flow\" style=\"flex-basis:33.33%\">\n<figure class=\"wp-block-image aligncenter size-full is-resized\"><img decoding=\"async\" width=\"1200\" height=\"1200\" src=\"https:\/\/obera.fr\/wp-content\/uploads\/2024\/05\/epurbox-tsp.png\" alt=\"tavolo di aspirazione epurbox tsp\" class=\"wp-image-30348\" style=\"width:296px;height:346px\" srcset=\"https:\/\/obera.fr\/wp-content\/uploads\/2024\/05\/epurbox-tsp.png 1200w, https:\/\/obera.fr\/wp-content\/uploads\/2024\/05\/epurbox-tsp-300x300.png 300w, https:\/\/obera.fr\/wp-content\/uploads\/2024\/05\/epurbox-tsp-1024x1024.png 1024w, https:\/\/obera.fr\/wp-content\/uploads\/2024\/05\/epurbox-tsp-150x150.png 150w, https:\/\/obera.fr\/wp-content\/uploads\/2024\/05\/epurbox-tsp-768x768.png 768w\" sizes=\"(max-width: 1200px) 100vw, 1200px\" \/><figcaption class=\"wp-element-caption\">ePURbox TSP<\/figcaption><\/figure>\n<\/div>\n\n\n\n<div class=\"wp-block-column is-layout-flow wp-block-column-is-layout-flow\" style=\"flex-basis:66.66%\">\n<p>Il <strong>tavolo di aspirazione ePURBOX<\/strong> \u00e8 direttamente integrato nell&#8217;apparecchio ePURBOX. \u00c8 dotato di un proprio sistema di filtraggio e di una propria ventola per il trattamento degli odori e dei VOC. Il rivestimento della parete posteriore garantisce un&#8217;aspirazione altamente efficiente e la cattura degli inquinanti su tutta la superficie del tavolo di aspirazione.  <\/p>\n\n\n\n<p>Le particelle pi\u00f9 grosse vengono filtrate a monte da un pre-filtro integrato (G4) per prolungare la durata delle cartucce a carbone attivo.<\/p>\n\n\n\n<p>Il rivestimento delle pareti laterali garantisce un livello molto elevato di cattura degli odori sulla superficie del tavolo. Infine, l&#8217;aria di processo viene filtrata dai carboni attivi (tipo A) e pu\u00f2 essere reintrodotta nello spazio di lavoro. <\/p>\n\n\n\n<hr class=\"wp-block-separator has-css-opacity is-style-dots\"\/>\n\n\n\n<div class=\"wp-block-columns is-layout-flex wp-container-core-columns-is-layout-28f84493 wp-block-columns-is-layout-flex\">\n<div class=\"wp-block-column is-layout-flow wp-block-column-is-layout-flow\" style=\"flex-basis:33.33%\">\n<div class=\"wp-block-buttons is-layout-flex wp-block-buttons-is-layout-flex\">\n<div class=\"wp-block-button\"><a class=\"wp-block-button__link wp-element-button\" href=\"https:\/\/obera.fr\/wp-content\/uploads\/2025\/04\/brochure-epurbox-tsp-atex-fr.pdf\">SCARICA LA BROCHURE<\/a><\/div>\n<\/div>\n<\/div>\n\n\n\n<div class=\"wp-block-column is-layout-flow wp-block-column-is-layout-flow\" style=\"flex-basis:33.34%\">\n<div class=\"wp-block-buttons is-horizontal is-content-justification-center is-layout-flex wp-container-core-buttons-is-layout-03627597 wp-block-buttons-is-layout-flex\">\n<div class=\"wp-block-button has-custom-width wp-block-button__width-100\"><a class=\"wp-block-button__link wp-element-button\" href=\"https:\/\/obera.fr\/it\/contattaci\/\">Saperne di pi\u00f9<\/a><\/div>\n<\/div>\n<\/div>\n\n\n\n<div class=\"wp-block-column is-layout-flow wp-block-column-is-layout-flow\" style=\"flex-basis:33.34%\">\n<div class=\"wp-block-buttons is-content-justification-center is-layout-flex wp-container-core-buttons-is-layout-a89b3969 wp-block-buttons-is-layout-flex\">\n<div class=\"wp-block-button btn-devis-source\"><a class=\"wp-block-button__link wp-element-button\" href=\"https:\/\/obera.fr\/it\/devis\/\">Richiedi un preventivo<\/a><\/div>\n<\/div>\n\n\n<script>\r\ndocument.addEventListener('DOMContentLoaded', function() {\r\n    \/\/ 1. On cherche le titre H1 de la page\r\n    var h1 = document.querySelector('h1');\r\n    var productTitle = h1 ? h1.innerText.trim() : \"\";\r\n\r\n    \/\/ 2. On cherche les boutons via la classe CSS .btn-devis-source\r\n    var buttons = document.querySelectorAll('.btn-devis-source a');\r\n\r\n    \/\/ 3. Si on a le titre et les boutons, on ajoute le param\u00e8tre\r\n    if (buttons.length > 0 && productTitle !== \"\") {\r\n        var encodedTitle = encodeURIComponent(productTitle);\r\n\r\n        buttons.forEach(function(btn) {\r\n            var currentHref = btn.getAttribute('href');\r\n            \r\n            \/\/ S\u00e9curit\u00e9 pour ne pas ajouter le param\u00e8tre 2 fois\r\n            if (currentHref.indexOf('sujet=') === -1) {\r\n                var separator = currentHref.indexOf('?') !== -1 ? '&' : '?';\r\n                var newLink = currentHref + separator + 'sujet=' + encodedTitle;\r\n                \r\n                btn.setAttribute('href', newLink);\r\n            }\r\n        });\r\n    }\r\n});\r\n<\/script><\/div>\n<\/div>\n\n\n\n<div style=\"height:45px\" aria-hidden=\"true\" class=\"wp-block-spacer\"><\/div>\n<\/div>\n<\/div>\n\n<div class=\"wp-block-columns is-layout-flex wp-container-core-columns-is-layout-28f84493 wp-block-columns-is-layout-flex\">\n<div class=\"wp-block-column is-layout-flow wp-block-column-is-layout-flow\" style=\"flex-basis:33.34%\">\n<h3 class=\"wp-block-heading\">Vantaggi<\/h3>\n\n\n\n<ul class=\"wp-block-list\">\n<li>Ventola ad altissima efficienza<\/li>\n\n\n\n<li>Silenziatore<\/li>\n\n\n\n<li>Mobile, leggero, facile da maneggiare<\/li>\n\n\n\n<li>Ingombro ridotto<\/li>\n\n\n\n<li>Facile manutenzione del filtro<\/li>\n\n\n\n<li>Portata regolabile da 0 a 100%.<\/li>\n\n\n\n<li>Sistema Plug &amp; Play<\/li>\n<\/ul>\n<\/div>\n\n\n\n<div class=\"wp-block-column is-layout-flow wp-block-column-is-layout-flow\" style=\"flex-basis:33.34%\">\n<h3 class=\"wp-block-heading\">Caratteristiche speciali<\/h3>\n\n\n\n<ul class=\"wp-block-list\">\n<li>Facile sostituzione dei materiali filtranti<\/li>\n\n\n\n<li>Aggiornabile e configurabile<\/li>\n\n\n\n<li>Atex 2 gas \/ Atex 22 polvere<\/li>\n\n\n\n<li>Elevata capacit\u00e0 di adsorbimento<\/li>\n\n\n\n<li>Contatore orario<\/li>\n\n\n\n<li>Indicatore di filtro sporco<\/li>\n\n\n\n<li>220V<\/li>\n<\/ul>\n<\/div>\n\n\n\n<div class=\"wp-block-column is-layout-flow wp-block-column-is-layout-flow\" style=\"flex-basis:33.33%\">\n<h3 class=\"wp-block-heading\">Caratteristiche<\/h3>\n\n\n\n<ul class=\"wp-block-list\">\n<li>Portata massima 1200 m3\/h<\/li>\n\n\n\n<li>diametro di ingresso 140 mm<\/li>\n\n\n\n<li>Vuoto massimo 1350 Pa<\/li>\n\n\n\n<li>Potenza nominale 0,75 kW<\/li>\n\n\n\n<li>Filtro a carbone attivo da 15 kg<\/li>\n\n\n\n<li>Dimensioni: 700 x 710 x 1060 mm<\/li>\n\n\n\n<li>Peso 90 kg<\/li>\n\n\n\n<li>Livello di rumore 68 db<\/li>\n<\/ul>\n<\/div>\n<\/div>\n\n<h3 class=\"wp-block-heading\">Vantaggi<\/h3>\n\n<p>Il tavolo di estrazione ePURBOX \u00e8 stato progettato per l&#8217;<strong>uso mobile ed \u00e8 adatto al funzionamento continuo<\/strong>. La sua struttura robusta rende il tavolo di estrazione compatto e facile da maneggiare. Sotto la griglia si trova un cassetto per smaltire in modo semplice e pulito i rifiuti raccolti durante il processo. La tecnologia EC garantisce un<strong> funzionamento silenzioso <\/strong>ed economico.   <\/p>\n\n<h3 class=\"wp-block-heading\">Caratteristiche speciali<\/h3>\n\n<p>Il tavolo di aspirazione ePURBOX \u00e8 dotato di una manopola di regolazione continua del flusso d&#8217;aria. <strong>Puoi controllare manualmente il flusso d&#8217;aria <\/strong>secondo le tue esigenze utilizzando una <strong>manopola <\/strong>. C&#8217;\u00e8 anche un contatore di ore di funzionamento per sapere, ad esempio, da quanto tempo i filtri sono all&#8217;interno, in modo da sapere quando cambiarli.  <\/p>\n\n<h3 class=\"wp-block-heading\">Caratteristiche<\/h3>\n\n<p>I materiali utilizzati nella progettazione del<strong> tavolo aspirante ePURBOX<\/strong> lo rendono robusto e facile da maneggiare. La mobilit\u00e0 e le dimensioni rendono questo tavolo un efficiente spazio di lavoro. <\/p>\n\n<h3 class=\"wp-block-heading\">Quali inquinanti possono essere trattati con il tavolo ePURBOX?<\/h3>\n\n<p>Il tavolo di aspirazione ePURBOX TSP \u00e8 efficace contro .<\/p>\n\n<ul class=\"wp-block-list\">\n<li>Particelle generate dalla levigatura e dalla smerigliatura.<\/li>\n\n\n\n<li>Polvere fine e ultrafine ;<\/li>\n\n\n\n<li>Fumi di metallo ;<\/li>\n\n\n\n<li>Gas e vapori nocivi ;<\/li>\n<\/ul>\n\n<p><\/p>\n\n<div class=\"wp-block-columns is-layout-flex wp-container-core-columns-is-layout-28f84493 wp-block-columns-is-layout-flex\">\n<div class=\"wp-block-column is-layout-flow wp-block-column-is-layout-flow\" style=\"flex-basis:25%\"><\/div>\n\n\n\n<div class=\"wp-block-column is-layout-flow wp-block-column-is-layout-flow\" style=\"flex-basis:50%\">\n<figure class=\"wp-block-embed is-type-video is-provider-youtube wp-block-embed-youtube wp-embed-aspect-16-9 wp-has-aspect-ratio\"><div class=\"wp-block-embed__wrapper\">\n<iframe title=\"Caisson mobile d&#039;aspiration - ePURbox Atex - OberA\" width=\"1200\" height=\"675\" src=\"https:\/\/www.youtube.com\/embed\/vpDttbOwJGQ?start=1&#038;feature=oembed\" frameborder=\"0\" allow=\"accelerometer; autoplay; clipboard-write; encrypted-media; gyroscope; picture-in-picture; web-share\" referrerpolicy=\"strict-origin-when-cross-origin\" allowfullscreen><\/iframe>\n<\/div><\/figure>\n\n\n\n<p><\/p>\n<\/div>\n\n\n\n<div class=\"wp-block-column is-layout-flow wp-block-column-is-layout-flow\" style=\"flex-basis:25%\"><\/div>\n<\/div>\n\n<h2 class=\"wp-block-heading\">Applicazioni industriali dei tavoli di aspirazione ATEX<\/h2>\n\n<div class=\"wp-block-columns is-layout-flex wp-container-core-columns-is-layout-28f84493 wp-block-columns-is-layout-flex\">\n<div class=\"wp-block-column is-layout-flow wp-block-column-is-layout-flow\">\n<h3 class=\"wp-block-heading has-text-align-center\">Inquinanti<\/h3>\n\n\n\n<div class=\"wp-block-columns is-layout-flex wp-container-core-columns-is-layout-28f84493 wp-block-columns-is-layout-flex\">\n<div class=\"wp-block-column is-layout-flow wp-block-column-is-layout-flow\">\n<figure class=\"wp-block-image aligncenter size-large\"><img decoding=\"async\" width=\"70\" height=\"70\" src=\"https:\/\/obera.fr\/wp-content\/uploads\/2021\/03\/industrie-fumees.jpg\" alt=\"fumi dell'industria\" class=\"wp-image-4971\"\/><figcaption class=\"wp-element-caption\">Fumi<\/figcaption><\/figure>\n\n\n\n<figure class=\"wp-block-image aligncenter size-large\"><img decoding=\"async\" width=\"70\" height=\"70\" src=\"https:\/\/obera.fr\/wp-content\/uploads\/2021\/03\/industrie-odeur-2.jpg\" alt=\"industria degli odori 2\" class=\"wp-image-4972\"\/><figcaption class=\"wp-element-caption\">Odori<\/figcaption><\/figure>\n<\/div>\n\n\n\n<div class=\"wp-block-column is-layout-flow wp-block-column-is-layout-flow\">\n<figure class=\"wp-block-image aligncenter size-large\"><img decoding=\"async\" width=\"70\" height=\"70\" src=\"https:\/\/obera.fr\/wp-content\/uploads\/2021\/03\/polluants-poussieres-1.jpg\" alt=\"polveri inquinanti 1\" class=\"wp-image-4969\"\/><figcaption class=\"wp-element-caption\">Polvere<\/figcaption><\/figure>\n<\/div>\n<\/div>\n\n\n\n<p><\/p>\n<\/div>\n\n\n\n<div class=\"wp-block-column is-layout-flow wp-block-column-is-layout-flow\">\n<h3 class=\"wp-block-heading has-text-align-center\">industrie<\/h3>\n\n\n\n<div class=\"wp-block-columns is-layout-flex wp-container-core-columns-is-layout-28f84493 wp-block-columns-is-layout-flex\">\n<div class=\"wp-block-column is-layout-flow wp-block-column-is-layout-flow\">\n<figure class=\"wp-block-image aligncenter size-large\"><img decoding=\"async\" width=\"70\" height=\"70\" src=\"https:\/\/obera.fr\/wp-content\/uploads\/2021\/03\/industrie-metallurgie-1.jpg\" alt=\"industria metallurgica 1\" class=\"wp-image-4975\"\/><figcaption class=\"wp-element-caption\">Metallurgia<\/figcaption><\/figure>\n\n\n\n<figure class=\"wp-block-image aligncenter size-large\"><img decoding=\"async\" width=\"70\" height=\"70\" src=\"https:\/\/obera.fr\/wp-content\/uploads\/2021\/03\/industrie-textile.jpg\" alt=\"industria tessile\" class=\"wp-image-4980\"\/><figcaption class=\"wp-element-caption\">Tessili<\/figcaption><\/figure>\n\n\n\n<figure class=\"wp-block-image aligncenter size-large\"><img decoding=\"async\" width=\"70\" height=\"70\" src=\"https:\/\/obera.fr\/wp-content\/uploads\/2021\/03\/industrie-chimie-1.jpg\" alt=\"industria chimica 1\" class=\"wp-image-4981\"\/><figcaption class=\"wp-element-caption\">Chimica<\/figcaption><\/figure>\n\n\n\n<figure class=\"wp-block-image aligncenter size-large\"><img decoding=\"async\" width=\"70\" height=\"70\" src=\"https:\/\/obera.fr\/wp-content\/uploads\/2021\/03\/industrie-minerai.jpg\" alt=\"industria mineraria\" class=\"wp-image-4977\"\/><figcaption class=\"wp-element-caption\">Minerali<\/figcaption><\/figure>\n<\/div>\n\n\n\n<div class=\"wp-block-column is-layout-flow wp-block-column-is-layout-flow\">\n<figure class=\"wp-block-image aligncenter size-large\"><img decoding=\"async\" width=\"70\" height=\"70\" src=\"https:\/\/obera.fr\/wp-content\/uploads\/2020\/08\/industrie-bois.jpg\" alt=\"ISTITUTO DI SCIENZA PARAMEDICA E GESTIONE - Gestione\" class=\"wp-image-672\"\/><figcaption class=\"wp-element-caption\">Lavorazione del legno<\/figcaption><\/figure>\n\n\n\n<figure class=\"wp-block-image aligncenter size-large\"><img decoding=\"async\" width=\"70\" height=\"70\" src=\"https:\/\/obera.fr\/wp-content\/uploads\/2021\/03\/industrie-plastique.jpg\" alt=\"industria della plastica\" class=\"wp-image-4976\"\/><figcaption class=\"wp-element-caption\">Plastica<\/figcaption><\/figure>\n\n\n\n<figure class=\"wp-block-image aligncenter size-large\"><img decoding=\"async\" width=\"70\" height=\"70\" src=\"https:\/\/obera.fr\/wp-content\/uploads\/2021\/03\/industrie-papier-carton.jpg\" alt=\"industria della carta e del cartone\" class=\"wp-image-4982\"\/><figcaption class=\"wp-element-caption\">Carta\/cartone<\/figcaption><\/figure>\n\n\n\n<figure class=\"wp-block-image aligncenter size-large\"><img decoding=\"async\" width=\"70\" height=\"70\" src=\"https:\/\/obera.fr\/wp-content\/uploads\/2020\/08\/industrie-dechets.jpg\" alt=\"Prodotto - Marchio\" class=\"wp-image-726\"\/><figcaption class=\"wp-element-caption\">Raccolta e smistamento dei rifiuti<\/figcaption><\/figure>\n<\/div>\n<\/div>\n<\/div>\n<\/div>\n\n<p>Nell&#8217;industria aerospaziale, l&#8217;<strong>unit\u00e0 mobile di aspirazione ePURbox TSP<\/strong> viene utilizzata per la levigatura di parti in alluminio, che generano polveri sottili. Queste polveri di alluminio comportano rischi per la salute degli operatori e <strong>rischi ATEX<\/strong>. Scegliendo il modello ePURbox ATEX TSP, il produttore ha ridotto notevolmente i rischi associati alle polveri combustibili e ha soddisfatto la sua esigenza di flessibilit\u00e0 scegliendo un&#8217;attrezzatura mobile.  <\/p>\n\n<div class=\"wp-block-buttons is-horizontal is-content-justification-center is-layout-flex wp-container-core-buttons-is-layout-03627597 wp-block-buttons-is-layout-flex\">\n<div class=\"wp-block-button has-custom-width wp-block-button__width-100\"><a class=\"wp-block-button__link wp-element-button\" href=\"https:\/\/obera.fr\/it\/contattaci\/\">Saperne di pi\u00f9<\/a><\/div>\n<\/div>\n\n<figure class=\"wp-block-table\"><table class=\"has-fixed-layout\"><thead><tr><th>Prodotto<\/th><th><\/th><th>ePURbox<\/th><\/tr><\/thead><tbody><tr><td>Flusso d&#8217;aria massimo<\/td><td>m3\/h<\/td><td>1200<\/td><\/tr><tr><td>Tensione di alimentazione<\/td><td>V<\/td><td>220<\/td><\/tr><tr><td>Potenza<\/td><td>kW<\/td><td>0.75<\/td><\/tr><tr><td>Superficie di aspirazione<\/td><td>mm<\/td><td>570 x 460<\/td><\/tr><tr><td>Filtro a carbone attivo<\/td><td>kg<\/td><td>15<\/td><\/tr><tr><td>Dimensioni<\/td><td>mm (L x P x A)<\/td><td>700 x 710 x 1060 mm<\/td><\/tr><tr><td>Peso<\/td><td>kg<\/td><td>90<\/td><\/tr><tr><td>Livello di rumore<\/td><td>dB(A)<\/td><td>68<\/td><\/tr><\/tbody><\/table><\/figure>\n","protected":false},"excerpt":{"rendered":"<p>Il tavolo di aspirazione ePURBOX \u00e8 direttamente integrato nell&#8217;apparecchio ePURBOX. \u00c8 dotato di un proprio sistema di filtraggio e di una propria ventola per il trattamento degli odori e dei VOC. Il rivestimento della parete posteriore garantisce un&#8217;aspirazione altamente efficiente e la cattura degli inquinanti su tutta la superficie del tavolo di aspirazione. Le particelle pi\u00f9 grosse vengono filtrate a monte da un pre-filtro integrato (G4) per prolungare la durata delle cartucce a carbone attivo. Il rivestimento delle pareti laterali garantisce un livello molto elevato di cattura degli odori sulla superficie del tavolo. Infine, l&#8217;aria di processo viene filtrata dai &#8230; <\/p>\n<p class=\"read-more-container\"><a title=\"EpurBox TSP\" class=\"read-more button\" href=\"https:\/\/obera.fr\/it\/produits\/caissons-mobiles-aspiration\/epurbox-tsp\/#more-36447\" aria-label=\"Per saperne di pi\u00f9 su EpurBox TSP\">Lire la suite<\/a><\/p>\n","protected":false},"author":4,"featured_media":83742,"parent":39643,"menu_order":0,"comment_status":"closed","ping_status":"closed","template":"","meta":{"_acf_changed":false,"_seopress_robots_primary_cat":"","_seopress_titles_title":"Table mobile ePURBOX TSP - oberA","_seopress_titles_desc":"","_seopress_robots_index":"","footnotes":""},"class_list":{"0":"post-36447","1":"page","2":"type-page","3":"status-publish","4":"has-post-thumbnail","6":"no-featured-image-padding","7":"resize-featured-image"},"acf":[],"_links":{"self":[{"href":"https:\/\/obera.fr\/it\/wp-json\/wp\/v2\/pages\/36447","targetHints":{"allow":["GET"]}}],"collection":[{"href":"https:\/\/obera.fr\/it\/wp-json\/wp\/v2\/pages"}],"about":[{"href":"https:\/\/obera.fr\/it\/wp-json\/wp\/v2\/types\/page"}],"author":[{"embeddable":true,"href":"https:\/\/obera.fr\/it\/wp-json\/wp\/v2\/users\/4"}],"replies":[{"embeddable":true,"href":"https:\/\/obera.fr\/it\/wp-json\/wp\/v2\/comments?post=36447"}],"version-history":[{"count":23,"href":"https:\/\/obera.fr\/it\/wp-json\/wp\/v2\/pages\/36447\/revisions"}],"predecessor-version":[{"id":116271,"href":"https:\/\/obera.fr\/it\/wp-json\/wp\/v2\/pages\/36447\/revisions\/116271"}],"up":[{"embeddable":true,"href":"https:\/\/obera.fr\/it\/wp-json\/wp\/v2\/pages\/39643"}],"wp:featuredmedia":[{"embeddable":true,"href":"https:\/\/obera.fr\/it\/wp-json\/wp\/v2\/media\/83742"}],"wp:attachment":[{"href":"https:\/\/obera.fr\/it\/wp-json\/wp\/v2\/media?parent=36447"}],"curies":[{"name":"wp","href":"https:\/\/api.w.org\/{rel}","templated":true}]}}