{"id":37353,"date":"2024-04-01T13:32:19","date_gmt":"2024-04-01T11:32:19","guid":{"rendered":"https:\/\/obera.fr\/filtro-evaporativo-ic22-raffreddatore-daria\/"},"modified":"2025-04-24T13:45:14","modified_gmt":"2025-04-24T11:45:14","slug":"ic22-filtrant-par-evaporation","status":"publish","type":"page","link":"https:\/\/obera.fr\/it\/produits\/rafraichisseurs-air\/rafraichisseurs-par-evaporation-ic\/ic22-filtrant-par-evaporation\/","title":{"rendered":"Filtro evaporativo IC22 raffreddatore d&#8217;aria"},"content":{"rendered":"\n<p>Ecologico ed economico, il <strong>deodorante a filtro evaporativo<\/strong> \u00e8 ideale per generare aria pi\u00f9 fresca di circa 10-20\u00b0C nei tuoi spazi di lavoro.<\/p>\n\n\n\n<h2 class=\"wp-block-heading\">Raffreddatore d&#8217;aria con filtro evaporativo OberA: come funziona?<\/h2>\n\n\n\n<div class=\"wp-block-columns is-layout-flex wp-container-core-columns-is-layout-28f84493 wp-block-columns-is-layout-flex\">\n<div class=\"wp-block-column is-vertically-aligned-top is-layout-flow wp-block-column-is-layout-flow\" style=\"flex-basis:50%\">\n<figure class=\"wp-block-image aligncenter size-full is-resized\"><img decoding=\"async\" width=\"600\" height=\"600\" src=\"https:\/\/obera.fr\/wp-content\/uploads\/2024\/02\/ic22-carre.jpg\" alt=\"Filtro evaporativo IC22 raffreddatore d'aria\" class=\"wp-image-28148\" style=\"width:370px;height:auto\" srcset=\"https:\/\/obera.fr\/wp-content\/uploads\/2024\/02\/ic22-carre.jpg 600w, https:\/\/obera.fr\/wp-content\/uploads\/2024\/02\/ic22-carre-300x300.jpg 300w, https:\/\/obera.fr\/wp-content\/uploads\/2024\/02\/ic22-carre-150x150.jpg 150w\" sizes=\"(max-width: 600px) 100vw, 600px\" \/><figcaption class=\"wp-element-caption\">IC 22<\/figcaption><\/figure>\n<\/div>\n\n\n\n<div class=\"wp-block-column is-vertically-aligned-center is-layout-flow wp-block-column-is-layout-flow\" style=\"flex-basis:66.66%\">\n<p>La gamma di raffreddatori d&#8217;aria evaporativi IC22 \u00e8 caratterizzata da pannelli a nido d&#8217;ape costantemente impregnati d&#8217;acqua. La ventola assiale elicoidale posta sul retro dell&#8217;unit\u00e0 aspira l&#8217;aria calda e la fa passare attraverso i pannelli di raffreddamento. L&#8217;aria calda si vaporizza e si raffredda a contatto con l&#8217;acqua. Questo fenomeno \u00e8 noto come <strong>&#8220;effetto di raffreddamento<\/strong> &#8221; e riduce la temperatura dell&#8217;aria aspirata fino a 20\u00b0C. L&#8217;aria pi\u00f9 fresca e filtrata viene quindi spinta attraverso l&#8217;unit\u00e0 e fatta circolare nell&#8217;ambiente di lavoro. \u00c8 comunque essenziale che la stanza sia ventilata per consentire all&#8217;aria di circolare correttamente, evacuare l&#8217;umidit\u00e0 e fornire nuova aria calda che verr\u00e0 filtrata dal <strong>refrigeratore mobile<\/strong>. In breve, pi\u00f9 l&#8217;aria \u00e8 calda, migliore sar\u00e0 il raffreddamento.      <\/p>\n\n\n\n<p>Il <a href=\"https:\/\/obera.fr\/it\/produits\/rafraichisseurs-air\/rafraichisseurs-par-evaporation-ic\/\" data-type=\"page\" data-id=\"18698\">raffreddatore d&#8217;aria adiabatico IC \u00e8 progettato per essere<\/a> utilizzato in <strong>tutti i settori dell&#8217;<\/strong> industria, dei magazzini logistici e dell&#8217;agricoltura. Pu\u00f2 essere utilizzato per raffreddare le postazioni di lavoro o i locali dei dipendenti. \u00c8 particolarmente apprezzato in fabbriche, garage, magazzini, officine, serre e magazzini.  <\/p>\n\n\n\n<div class=\"wp-block-columns is-layout-flex wp-container-core-columns-is-layout-28f84493 wp-block-columns-is-layout-flex\">\n<div class=\"wp-block-column is-layout-flow wp-block-column-is-layout-flow\" style=\"flex-basis:33.33%\">\n<div class=\"wp-block-buttons is-layout-flex wp-block-buttons-is-layout-flex\">\n<div class=\"wp-block-button\"><a class=\"wp-block-button__link wp-element-button\" href=\"https:\/\/obera.fr\/wp-content\/uploads\/2025\/04\/brochure-ic-22-2510-it-1.pdf\">SCARICA LA BROCHURE<\/a><\/div>\n<\/div>\n<\/div>\n\n\n\n<div class=\"wp-block-column is-layout-flow wp-block-column-is-layout-flow\" style=\"flex-basis:33.34%\">\n<div class=\"wp-block-buttons is-horizontal is-content-justification-center is-layout-flex wp-container-core-buttons-is-layout-03627597 wp-block-buttons-is-layout-flex\">\n<div class=\"wp-block-button has-custom-width wp-block-button__width-100\"><a class=\"wp-block-button__link wp-element-button\" href=\"https:\/\/obera.fr\/it\/contattaci\/\">Saperne di pi\u00f9<\/a><\/div>\n<\/div>\n\n\n\n<p><\/p>\n<\/div>\n\n\n\n<div class=\"wp-block-column is-layout-flow wp-block-column-is-layout-flow\" style=\"flex-basis:33.34%\">\n<div class=\"wp-block-buttons is-content-justification-center is-layout-flex wp-container-core-buttons-is-layout-a89b3969 wp-block-buttons-is-layout-flex\">\n<div class=\"wp-block-button btn-devis-source\"><a class=\"wp-block-button__link wp-element-button\" href=\"https:\/\/obera.fr\/it\/devis\/\">Richiedi un preventivo<\/a><\/div>\n<\/div>\n\n\n<script>\r\ndocument.addEventListener('DOMContentLoaded', function() {\r\n    \/\/ 1. On cherche le titre H1 de la page\r\n    var h1 = document.querySelector('h1');\r\n    var productTitle = h1 ? h1.innerText.trim() : \"\";\r\n\r\n    \/\/ 2. On cherche les boutons via la classe CSS .btn-devis-source\r\n    var buttons = document.querySelectorAll('.btn-devis-source a');\r\n\r\n    \/\/ 3. Si on a le titre et les boutons, on ajoute le param\u00e8tre\r\n    if (buttons.length > 0 && productTitle !== \"\") {\r\n        var encodedTitle = encodeURIComponent(productTitle);\r\n\r\n        buttons.forEach(function(btn) {\r\n            var currentHref = btn.getAttribute('href');\r\n            \r\n            \/\/ S\u00e9curit\u00e9 pour ne pas ajouter le param\u00e8tre 2 fois\r\n            if (currentHref.indexOf('sujet=') === -1) {\r\n                var separator = currentHref.indexOf('?') !== -1 ? '&' : '?';\r\n                var newLink = currentHref + separator + 'sujet=' + encodedTitle;\r\n                \r\n                btn.setAttribute('href', newLink);\r\n            }\r\n        });\r\n    }\r\n});\r\n<\/script><\/div>\n<\/div>\n<\/div>\n<\/div>\n\n\n\n<div class=\"wp-block-columns is-layout-flex wp-container-core-columns-is-layout-28f84493 wp-block-columns-is-layout-flex\">\n<div class=\"wp-block-column is-layout-flow wp-block-column-is-layout-flow\" style=\"flex-basis:25%\"><\/div>\n\n\n\n<div class=\"wp-block-column is-layout-flow wp-block-column-is-layout-flow\" style=\"flex-basis:50%\">\n<figure class=\"wp-block-embed is-type-video is-provider-youtube wp-block-embed-youtube wp-embed-aspect-16-9 wp-has-aspect-ratio\"><div class=\"wp-block-embed__wrapper\">\n<iframe title=\"Rafraichisseur d&#039;air - Gamme IC - OberA\" width=\"1200\" height=\"675\" src=\"https:\/\/www.youtube.com\/embed\/NG-Ssy2oM70?feature=oembed\" frameborder=\"0\" allow=\"accelerometer; autoplay; clipboard-write; encrypted-media; gyroscope; picture-in-picture; web-share\" referrerpolicy=\"strict-origin-when-cross-origin\" allowfullscreen><\/iframe>\n<\/div><\/figure>\n\n\n\n<p><\/p>\n<\/div>\n\n\n\n<div class=\"wp-block-column is-layout-flow wp-block-column-is-layout-flow\" style=\"flex-basis:25%\"><\/div>\n<\/div>\n\n\n\n<h2 class=\"wp-block-heading\">Quali sono le caratteristiche del raffreddatore ad aria IC22?<\/h2>\n\n\n\n<p>Il deodorante evaporativo mobile IC22 ha 3 velocit\u00e0 per tenere sotto controllo la potenza e adattarsi alle esigenze dei team. Il pannello di controllo pu\u00f2 essere utilizzato per configurare la direzione del flusso d&#8217;aria dell&#8217;unit\u00e0, il trattamento dell&#8217;acqua tramite uno ionizzatore e l&#8217;attivazione del flusso d&#8217;acqua sul filtro. <\/p>\n\n\n\n<p>Questa potente unit\u00e0 ha una portata di 22.000 m3\/h, sufficiente per raffreddare un&#8217;area di 250 m2. Il serbatoio dell&#8217;acqua pu\u00f2 contenere fino a 130 litri di acqua, garantendo un funzionamento ininterrotto su una vasta area. <\/p>\n\n\n\n<p>Un altro vantaggio tecnico, e non da poco, \u00e8 che un <strong>raffreddatore ad aria richiede pochissima acqua ed elettricit\u00e0<\/strong>. Il consumo di acqua si aggira tra i 10 e i 15 litri all&#8217;ora. \u00c8 molto pi\u00f9 efficiente di un umidificatore d&#8217;aria o di un sistema di ventilazione per raffreddare grandi spazi.  <\/p>\n\n\n\n<p>Infine, il refrigeratore d&#8217;aria IC22 \u00e8 mobile e stabile. Pesa <strong>50 kg<\/strong> ed \u00e8 dotato di rotelle morbide per poterlo spostare a piacimento. \u00c8 incluso un telecomando per un facile controllo a distanza.  <\/p>\n\n\n\n<blockquote class=\"wp-block-quote is-layout-flow wp-block-quote-is-layout-flow\">\n<figure class=\"wp-block-image aligncenter size-full\"><img decoding=\"async\" width=\"290\" height=\"98\" src=\"https:\/\/obera.fr\/wp-content\/uploads\/2025\/02\/green-modern-marketing-logo.png\" alt=\"logo verde moderno per il marketing\" class=\"wp-image-61494\"\/><\/figure>\n\n\n\n<p>Filtro G4: il raffrescatore evaporativo IC22 \u00e8 dotato di un filtro dell&#8217;aria G4 per migliorare la qualit\u00e0 dell&#8217;aria. Questo \u00e8 un indubbio vantaggio per la salute dei dipendenti e per garantire le prestazioni della macchina. Inoltre, prolunga la vita del raffrescatore, in quanto \u00e8 meno intasato da sporco e polvere.  <\/p>\n<\/blockquote>\n\n\n\n<div class=\"wp-block-columns is-layout-flex wp-container-core-columns-is-layout-28f84493 wp-block-columns-is-layout-flex\">\n<div class=\"wp-block-column is-layout-flow wp-block-column-is-layout-flow\"><\/div>\n\n\n\n<div class=\"wp-block-column is-layout-flow wp-block-column-is-layout-flow\"><\/div>\n\n\n\n<div class=\"wp-block-column is-layout-flow wp-block-column-is-layout-flow\"><\/div>\n<\/div>\n\n\n\n<h3 class=\"wp-block-heading has-text-align-center\">INDUSTRIE<\/h3>\n\n\n\n<div class=\"wp-block-columns is-layout-flex wp-container-core-columns-is-layout-28f84493 wp-block-columns-is-layout-flex\">\n<div class=\"wp-block-column is-layout-flow wp-block-column-is-layout-flow\">\n<hr class=\"wp-block-separator has-alpha-channel-opacity\"\/>\n\n\n\n<div class=\"wp-block-columns is-layout-flex wp-container-core-columns-is-layout-28f84493 wp-block-columns-is-layout-flex\">\n<div class=\"wp-block-column is-layout-flow wp-block-column-is-layout-flow\">\n<figure class=\"wp-block-image aligncenter size-thumbnail is-resized\"><img decoding=\"async\" width=\"150\" height=\"150\" src=\"https:\/\/obera.fr\/wp-content\/uploads\/2022\/02\/Textile-150x150.png\" alt=\"tessile\" class=\"wp-image-8855\"\/><figcaption class=\"wp-element-caption\">Tessili<\/figcaption><\/figure>\n\n\n\n<figure class=\"wp-block-image aligncenter size-thumbnail is-resized\"><img decoding=\"async\" width=\"150\" height=\"150\" src=\"https:\/\/obera.fr\/wp-content\/uploads\/2022\/02\/Plastique-150x150.png\" alt=\"plastica\" class=\"wp-image-8854\"\/><figcaption class=\"wp-element-caption\">In plastica<\/figcaption><\/figure>\n\n\n\n<figure class=\"wp-block-image aligncenter size-thumbnail is-resized\"><img decoding=\"async\" width=\"150\" height=\"150\" src=\"https:\/\/obera.fr\/wp-content\/uploads\/2023\/02\/sans-titre-2023-02-14t104609.147-150x150.png\" alt=\"Logistica\" class=\"wp-image-18825\"\/><figcaption class=\"wp-element-caption\">Logistica<\/figcaption><\/figure>\n<\/div>\n\n\n\n<div class=\"wp-block-column is-layout-flow wp-block-column-is-layout-flow\">\n<figure class=\"wp-block-image aligncenter size-thumbnail is-resized\"><img decoding=\"async\" width=\"150\" height=\"150\" src=\"https:\/\/obera.fr\/wp-content\/uploads\/2022\/02\/MINERAIS-150x150.png\" alt=\"minerali\" class=\"wp-image-8847\"\/><figcaption class=\"wp-element-caption\">Minerali<\/figcaption><\/figure>\n\n\n\n<figure class=\"wp-block-image aligncenter size-thumbnail is-resized\"><img decoding=\"async\" width=\"150\" height=\"150\" src=\"https:\/\/obera.fr\/wp-content\/uploads\/2022\/02\/Metalurgie-150x150.png\" alt=\"metallurgia\" class=\"wp-image-8857\"\/><figcaption class=\"wp-element-caption\">Metallurgia<\/figcaption><\/figure>\n\n\n\n<figure class=\"wp-block-image aligncenter size-thumbnail is-resized\"><img decoding=\"async\" width=\"150\" height=\"150\" src=\"https:\/\/obera.fr\/wp-content\/uploads\/2023\/02\/sans-titre-2023-02-14t102211.641-150x150.png\" alt=\"Agricoltura\" class=\"wp-image-18828\"\/><figcaption class=\"wp-element-caption\">Agricoltura<\/figcaption><\/figure>\n<\/div>\n<\/div>\n<\/div>\n\n\n\n<div class=\"wp-block-column is-layout-flow wp-block-column-is-layout-flow\">\n<hr class=\"wp-block-separator has-alpha-channel-opacity\"\/>\n\n\n\n<div class=\"wp-block-columns is-layout-flex wp-container-core-columns-is-layout-28f84493 wp-block-columns-is-layout-flex\">\n<div class=\"wp-block-column is-layout-flow wp-block-column-is-layout-flow\">\n<figure class=\"wp-block-image aligncenter size-thumbnail is-resized\"><img decoding=\"async\" width=\"150\" height=\"150\" src=\"https:\/\/obera.fr\/wp-content\/uploads\/2022\/02\/Chimie-150x150.png\" alt=\"chimica\" class=\"wp-image-8846\"\/><figcaption class=\"wp-element-caption\">Chimica<\/figcaption><\/figure>\n\n\n\n<figure class=\"wp-block-image aligncenter size-thumbnail is-resized\"><img decoding=\"async\" width=\"150\" height=\"150\" src=\"https:\/\/obera.fr\/wp-content\/uploads\/2022\/02\/Travail-du-bois-150x150.png\" alt=\"lavorazione del legno\" class=\"wp-image-8856\"\/><figcaption class=\"wp-element-caption\">Lavorazione del legno<\/figcaption><\/figure>\n\n\n\n<figure class=\"wp-block-image aligncenter size-thumbnail is-resized\"><img decoding=\"async\" width=\"150\" height=\"150\" src=\"https:\/\/obera.fr\/wp-content\/uploads\/2023\/02\/sans-titre-2023-02-14t101920.185-150x150.png\" alt=\"Aviazione\" class=\"wp-image-18831\"\/><figcaption class=\"wp-element-caption\">Aviazione<\/figcaption><\/figure>\n<\/div>\n\n\n\n<div class=\"wp-block-column is-layout-flow wp-block-column-is-layout-flow\">\n<figure class=\"wp-block-image aligncenter size-thumbnail is-resized\"><img decoding=\"async\" width=\"150\" height=\"150\" src=\"https:\/\/obera.fr\/wp-content\/uploads\/2022\/02\/AGROALIMENTAIRE-150x150.png\" alt=\"agroalimentare\" class=\"wp-image-8844\"\/><figcaption class=\"wp-element-caption\">Industria alimentare<\/figcaption><\/figure>\n\n\n\n<figure class=\"wp-block-image aligncenter size-thumbnail is-resized\"><img decoding=\"async\" width=\"150\" height=\"150\" src=\"https:\/\/obera.fr\/wp-content\/uploads\/2022\/02\/Papier-carton-150x150.png\" alt=\"carta e cartone\" class=\"wp-image-8853\"\/><figcaption class=\"wp-element-caption\">Carta\/cartone<\/figcaption><\/figure>\n\n\n\n<figure class=\"wp-block-image aligncenter size-thumbnail is-resized\"><img decoding=\"async\" width=\"150\" height=\"150\" src=\"https:\/\/obera.fr\/wp-content\/uploads\/2023\/02\/sans-titre-2023-02-14t101712.416-150x150.png\" alt=\"Automotive\" class=\"wp-image-18834\"\/><figcaption class=\"wp-element-caption\">Automotive<\/figcaption><\/figure>\n<\/div>\n<\/div>\n<\/div>\n<\/div>\n\n\n\n<figure class=\"wp-block-table\"><table class=\"has-fixed-layout\"><tbody><tr><td>Flusso<\/td><td>m3\/h<\/td><td>22 000<\/td><\/tr><tr><td>Numero di velocit\u00e0<\/td><td><\/td><td>3<\/td><\/tr><tr><td>Tensione<\/td><td>V<\/td><td>230<\/td><\/tr><tr><td>Corrente nominale<\/td><td>A<\/td><td>2.8<\/td><\/tr><tr><td>Potenza<\/td><td>W<\/td><td>640<\/td><\/tr><tr><td>Dimensioni<\/td><td>l\/L\/h (mm)<\/td><td>1120 x 640 x 1600<\/td><\/tr><tr><td>Peso<\/td><td>kg<\/td><td>50<\/td><\/tr><tr><td>Livello di rumore<\/td><td>dB(A)<\/td><td>58\/64\/68<\/td><\/tr><tr><td>Superficie trattata<\/td><td>m\u00b2<\/td><td>150 \u00e0 250<\/td><\/tr><tr><td>Capacit\u00e0 del serbatoio<\/td><td>L<\/td><td>130<\/td><\/tr><tr><td>Consumo di acqua<\/td><td>L\/h<\/td><td>10 \u00e0 15<\/td><\/tr><\/tbody><\/table><\/figure>\n\n\n\n<div class=\"wp-block-columns is-layout-flex wp-container-core-columns-is-layout-28f84493 wp-block-columns-is-layout-flex\">\n<div class=\"wp-block-column is-layout-flow wp-block-column-is-layout-flow\">\n<div class=\"wp-block-buttons is-content-justification-center is-layout-flex wp-container-core-buttons-is-layout-a89b3969 wp-block-buttons-is-layout-flex\">\n<div class=\"wp-block-button\"><a class=\"wp-block-button__link wp-element-button\" href=\"https:\/\/obera.fr\/wp-content\/uploads\/2025\/04\/brochure-ic-22-2510-it-1.pdf\">SCARICA LA BROCHURE<\/a><\/div>\n<\/div>\n<\/div>\n\n\n\n<div class=\"wp-block-column is-layout-flow wp-block-column-is-layout-flow\">\n<div class=\"wp-block-buttons is-horizontal is-content-justification-center is-layout-flex wp-container-core-buttons-is-layout-03627597 wp-block-buttons-is-layout-flex\">\n<div class=\"wp-block-button has-custom-width wp-block-button__width-100\"><a class=\"wp-block-button__link wp-element-button\" href=\"https:\/\/obera.fr\/it\/contattaci\/\">Saperne di pi\u00f9<\/a><\/div>\n<\/div>\n<\/div>\n<\/div>\n\n\n\n<blockquote class=\"wp-block-quote is-layout-flow wp-block-quote-is-layout-flow\">\n<p>Buono a sapersi: <strong>OberA mette in vendita elettrodomestici sia nuovi che usati<\/strong>. I prodotti di seconda mano sono riparati, revisionati e rimessi a nuovo e hanno una garanzia di un anno. Ogni prodotto di seconda mano ha una classificazione: classe A (quasi nuovo), classe B (condizioni intermedie con lievi segni di usura) e classe C (condizioni deteriorate, ma solo esteticamente). Il nostro negozio online garantisce un pagamento sicuro e una consegna rapida dei prodotti.   <\/p>\n<\/blockquote>\n\n\n\n<h2 class=\"wp-block-heading\">Raffreddatori evaporativi: i vantaggi del modello IC22<\/h2>\n\n\n\n<p>Il design del deodorante IC22 lo rende particolarmente <strong>confortevole per il tuo personale<\/strong>. Contribuisce in modo significativo al loro benessere diffondendo aria fresca senza alcun effetto di raffreddamento. Con un livello sonoro di 66 dB(A), l&#8217;apparecchio \u00e8 silenzioso senza compromettere le prestazioni. Inoltre, grazie alla sua maneggevolezza, il tuo personale pu\u00f2 spostarlo ovunque desideri per godere di un&#8217;aria piacevole.   <\/p>\n\n\n\n<p>Il livello di umidit\u00e0 generato nell&#8217;aria (dal 5% al 10%) contribuisce inoltre a proteggere le tue apparecchiature. Questa funzione \u00e8 particolarmente <strong>indicata per le serre o per i locali agricoli<\/strong> con attrezzature e prodotti sensibili al calore e all&#8217;aria secca. <\/p>\n\n\n\n<p>In termini di investimento, questo <a href=\"https:\/\/obera.fr\/it\/produits\/rafraichisseurs-air\/\" data-type=\"page\" data-id=\"368\">refrigeratore adiabatico<\/a> consuma fino all&#8217;80% di energia in meno rispetto a un condizionatore d&#8217;aria tradizionale. Oltre al consumo di energia elettrica, <strong>un refrigeratore utilizza un compressore e un refrigerante per raffreddare l&#8217;aria ambiente<\/strong>, che \u00e8 anche un componente meno ecologico. <\/p>\n\n\n\n<div class=\"wp-block-columns is-layout-flex wp-container-core-columns-is-layout-28f84493 wp-block-columns-is-layout-flex\">\n<div class=\"wp-block-column is-layout-flow wp-block-column-is-layout-flow\">\n<h3 class=\"wp-block-heading\">Vantaggi :<\/h3>\n\n\n\n<ul class=\"wp-block-list\">\n<li>Rispettoso dell&#8217;ambiente;<\/li>\n\n\n\n<li>Attrezzature mobili facili da maneggiare;<\/li>\n\n\n\n<li>Portata in grado di raffreddare spazi di 250 m2 ;<\/li>\n\n\n\n<li>Plug &amp; play.<\/li>\n<\/ul>\n<\/div>\n\n\n\n<div class=\"wp-block-column is-layout-flow wp-block-column-is-layout-flow\">\n<h3 class=\"wp-block-heading\">Caratteristiche speciali:<\/h3>\n\n\n\n<ul class=\"wp-block-list\">\n<li>Efficienza energetica (acqua ed elettricit\u00e0) ;<\/li>\n\n\n\n<li>Filtrazione della polvere (filtro G4) ;<\/li>\n\n\n\n<li>Funzione timer per l&#8217;avvio e l&#8217;arresto automatico<\/li>\n\n\n\n<li>Non \u00e8 prevista l&#8217;installazione di tubature o condotti di aspirazione;<\/li>\n\n\n\n<li>Nessun costo di installazione.<\/li>\n<\/ul>\n<\/div>\n\n\n\n<div class=\"wp-block-column is-layout-flow wp-block-column-is-layout-flow\">\n<h3 class=\"wp-block-heading\">Caratteristiche :<\/h3>\n\n\n\n<ul class=\"wp-block-list\">\n<li>Nessun effetto &#8220;colpo di freddo&#8221;;<\/li>\n\n\n\n<li>Modalit\u00e0 di oscillazione del flusso d&#8217;aria ;<\/li>\n\n\n\n<li>Mantiene i livelli di umidit\u00e0 ottimali.<\/li>\n<\/ul>\n<\/div>\n<\/div>\n\n\n\n<h2 class=\"wp-block-heading\">Prova il nostro raffreddatore ad aria IC22<\/h2>\n\n\n\n<p>Offriamo<strong> la possibilit\u00e0 di noleggiare\/provare queste attrezzature per un mese in media<\/strong>, con consegna rapida per una prova quasi immediata nella tua officina. Se deciderai di convalidare la soluzione, non pagherai alcuna differenza! In caso contrario, valuteremo le prestazioni dell&#8217;apparecchiatura e ti suggeriremo un refrigeratore pi\u00f9 adatto alle tue esigenze e alle tue specifiche.  <\/p>\n\n\n\n<div class=\"wp-block-buttons is-content-justification-center is-layout-flex wp-container-core-buttons-is-layout-a89b3969 wp-block-buttons-is-layout-flex\">\n<div class=\"wp-block-button\"><a class=\"wp-block-button__link wp-element-button\" href=\"https:\/\/obera.fr\/it\/contact\/\">CONTATTI<\/a><\/div>\n<\/div>\n","protected":false},"excerpt":{"rendered":"<p>Ecologico ed economico, il deodorante a filtro evaporativo \u00e8 ideale per generare aria pi\u00f9 fresca di circa 10-20\u00b0C nei tuoi spazi di lavoro. Raffreddatore d&#8217;aria con filtro evaporativo OberA: come funziona? La gamma di raffreddatori d&#8217;aria evaporativi IC22 \u00e8 caratterizzata da pannelli a nido d&#8217;ape costantemente impregnati d&#8217;acqua. La ventola assiale elicoidale posta sul retro dell&#8217;unit\u00e0 aspira l&#8217;aria calda e la fa passare attraverso i pannelli di raffreddamento. L&#8217;aria calda si vaporizza e si raffredda a contatto con l&#8217;acqua. Questo fenomeno \u00e8 noto come &#8220;effetto di raffreddamento &#8221; e riduce la temperatura dell&#8217;aria aspirata fino a 20\u00b0C. L&#8217;aria pi\u00f9 fresca &#8230; <\/p>\n<p class=\"read-more-container\"><a title=\"Filtro evaporativo IC22 raffreddatore d&#8217;aria\" class=\"read-more button\" href=\"https:\/\/obera.fr\/it\/produits\/rafraichisseurs-air\/rafraichisseurs-par-evaporation-ic\/ic22-filtrant-par-evaporation\/#more-37353\" aria-label=\"Per saperne di pi\u00f9 su Filtro evaporativo IC22 raffreddatore d&#8217;aria\">Lire la suite<\/a><\/p>\n","protected":false},"author":4,"featured_media":83742,"parent":37481,"menu_order":0,"comment_status":"closed","ping_status":"closed","template":"","meta":{"_acf_changed":false,"_seopress_robots_primary_cat":"","_seopress_titles_title":"IC22, Raffreddatore evaporativo industriale","_seopress_titles_desc":"Ecologico ed economico, il deodorante a filtro evaporativo IC22 \u00e8 ideale per generare aria pi\u00f9 fresca di circa 10-20\u00b0C nei tuoi spazi di lavoro.","_seopress_robots_index":"","footnotes":""},"class_list":{"0":"post-37353","1":"page","2":"type-page","3":"status-publish","4":"has-post-thumbnail","6":"no-featured-image-padding","7":"resize-featured-image"},"acf":[],"_links":{"self":[{"href":"https:\/\/obera.fr\/it\/wp-json\/wp\/v2\/pages\/37353","targetHints":{"allow":["GET"]}}],"collection":[{"href":"https:\/\/obera.fr\/it\/wp-json\/wp\/v2\/pages"}],"about":[{"href":"https:\/\/obera.fr\/it\/wp-json\/wp\/v2\/types\/page"}],"author":[{"embeddable":true,"href":"https:\/\/obera.fr\/it\/wp-json\/wp\/v2\/users\/4"}],"replies":[{"embeddable":true,"href":"https:\/\/obera.fr\/it\/wp-json\/wp\/v2\/comments?post=37353"}],"version-history":[{"count":8,"href":"https:\/\/obera.fr\/it\/wp-json\/wp\/v2\/pages\/37353\/revisions"}],"predecessor-version":[{"id":89071,"href":"https:\/\/obera.fr\/it\/wp-json\/wp\/v2\/pages\/37353\/revisions\/89071"}],"up":[{"embeddable":true,"href":"https:\/\/obera.fr\/it\/wp-json\/wp\/v2\/pages\/37481"}],"wp:featuredmedia":[{"embeddable":true,"href":"https:\/\/obera.fr\/it\/wp-json\/wp\/v2\/media\/83742"}],"wp:attachment":[{"href":"https:\/\/obera.fr\/it\/wp-json\/wp\/v2\/media?parent=37353"}],"curies":[{"name":"wp","href":"https:\/\/api.w.org\/{rel}","templated":true}]}}