{"id":38603,"date":"2022-09-13T10:52:39","date_gmt":"2022-09-13T08:52:39","guid":{"rendered":"https:\/\/obera.fr\/i-nostri-prodotti\/bracci-e-dispositivi-di-raccolta\/anelli-pouyes\/"},"modified":"2025-08-29T09:26:44","modified_gmt":"2025-08-29T07:26:44","slug":"anneaux-de-pouyes","status":"publish","type":"page","link":"https:\/\/obera.fr\/it\/produits\/bras-dispositifs-captation\/anneaux-de-pouyes\/","title":{"rendered":"Anelli Pouy\u00e8s"},"content":{"rendered":"\n<h2 class=\"wp-block-heading\">Sensori di aspirazione e ad anello<\/h2>\n\n<p>Per mantenere l&#8217;ambiente di lavoro pulito e salubre e proteggere cos\u00ec la salute degli operatori, gli inquinanti devono essere catturati non appena vengono prodotti, il pi\u00f9 vicino possibile alla fonte di emissione e nel modo pi\u00f9 efficiente possibile. Questo tiene conto della natura, delle caratteristiche e della concentrazione dell&#8217;inquinante stesso. A seconda delle esigenze del cliente, OberA progetta diversi anelli Pouyes e sensori di aspirazione.<\/p>\n\n<p><\/p>\n\n<div class=\"wp-block-columns is-layout-flex wp-container-core-columns-is-layout-28f84493 wp-block-columns-is-layout-flex\">\n<div class=\"wp-block-column is-vertically-aligned-top is-layout-flow wp-block-column-is-layout-flow\" style=\"flex-basis:33.33%\">\n<p><\/p>\n\n\n\n<figure class=\"wp-block-image aligncenter size-large\"><img decoding=\"async\" width=\"1024\" height=\"768\" src=\"https:\/\/obera.fr\/wp-content\/uploads\/2025\/08\/img_20250827_130840-1024x768.jpg\" alt=\"img 20250827 130840\" class=\"wp-image-127390\" srcset=\"https:\/\/obera.fr\/wp-content\/uploads\/2025\/08\/img_20250827_130840-1024x768.jpg 1024w, https:\/\/obera.fr\/wp-content\/uploads\/2025\/08\/img_20250827_130840-300x225.jpg 300w, https:\/\/obera.fr\/wp-content\/uploads\/2025\/08\/img_20250827_130840-768x576.jpg 768w, https:\/\/obera.fr\/wp-content\/uploads\/2025\/08\/img_20250827_130840-1536x1152.jpg 1536w, https:\/\/obera.fr\/wp-content\/uploads\/2025\/08\/img_20250827_130840-2048x1536.jpg 2048w\" sizes=\"(max-width: 1024px) 100vw, 1024px\" \/><\/figure>\n<\/div>\n\n\n\n<div class=\"wp-block-column is-vertically-aligned-center is-layout-flow wp-block-column-is-layout-flow\" style=\"flex-basis:66.66%\">\n<h3 class=\"wp-block-heading\">SENSORI AD ANELLO<\/h3>\n\n\n\n<p>Gli anelli di Pouy\u00e8s o i collettori anulari sono strumenti molto efficaci per catturare l&#8217;energia alla fonte. Sono stati progettati per garantire una velocit\u00e0 di aspirazione ottimale e un flusso d \u201caria uniforme, lasciando libero lo spazio sopra l\u201d area di lavoro.<\/p>\n\n\n\n<h3 class=\"wp-block-heading\">Come funziona un anello pouy\u00e8s<\/h3>\n\n\n\n<p>Grazie alla pressione negativa creata dal ventilatore, gli inquinanti volatili vengono catturati il pi\u00f9 vicino possibile alla fonte di emissione, da dove vengono trasportati attraverso le fessure di aspirazione al collettore collegato al sistema di filtrazione.<\/p>\n\n\n\n<h3 class=\"wp-block-heading\">BENEFICI<\/h3>\n\n\n\n<p class=\"has-contrast-color has-text-color\">Oltre a proteggere la salute degli operatori e il loro ambiente di lavoro, gli anelli Pouy\u00e8s<span class=\"JsGRdQ\" style=\"color: rgb(33, 45, 87); font-weight: 400; font-style: normal; text-decoration: none;\"> ottimizzano la velocit\u00e0 di aspirazione e consentono un reale risparmio energetico<\/span>. Dal punto di vista ergonomico, gli anelli Pouy\u00e8s evitano qualsiasi disagio all&#8217;operatore. Nella sua configurazione con un supporto per il sacco, l&#8217;anello Pouy\u00e8s pu\u00f2 rendere il lavoro quotidiano pi\u00f9 facile e confortevole per l&#8217;utente. Il loro design rende anche la manutenzione facile e veloce.   <\/p>\n\n\n\n<div class=\"wp-block-columns is-layout-flex wp-container-core-columns-is-layout-28f84493 wp-block-columns-is-layout-flex\">\n<div class=\"wp-block-column is-vertically-aligned-top is-layout-flow wp-block-column-is-layout-flow\">\n<div class=\"wp-block-buttons is-content-justification-center is-layout-flex wp-container-core-buttons-is-layout-a89b3969 wp-block-buttons-is-layout-flex\">\n<div class=\"wp-block-button is-style-fill\"><a class=\"wp-block-button__link wp-element-button\" href=\"https:\/\/obera.fr\/wp-content\/uploads\/2025\/06\/brochure-anneaux-de-pouyes.pdf\">Scarica la brochure<\/a><\/div>\n<\/div>\n<\/div>\n\n\n\n<div class=\"wp-block-column is-vertically-aligned-top is-layout-flow wp-block-column-is-layout-flow\">\n<div class=\"wp-block-buttons is-horizontal is-content-justification-center is-layout-flex wp-container-core-buttons-is-layout-03627597 wp-block-buttons-is-layout-flex\">\n<div class=\"wp-block-button has-custom-width wp-block-button__width-100\"><a class=\"wp-block-button__link wp-element-button\" href=\"https:\/\/obera.fr\/it\/contattaci\/\">Saperne di pi\u00f9<\/a><\/div>\n<\/div>\n<\/div>\n\n\n\n<div class=\"wp-block-column is-layout-flow wp-block-column-is-layout-flow\">\n<div class=\"wp-block-buttons is-content-justification-center is-layout-flex wp-container-core-buttons-is-layout-a89b3969 wp-block-buttons-is-layout-flex\">\n<div class=\"wp-block-button btn-devis-source\"><a class=\"wp-block-button__link wp-element-button\" href=\"https:\/\/obera.fr\/it\/devis\/\">Richiedi un preventivo<\/a><\/div>\n<\/div>\n\n\n<script>\r\ndocument.addEventListener('DOMContentLoaded', function() {\r\n    \/\/ 1. On cherche le titre H1 de la page\r\n    var h1 = document.querySelector('h1');\r\n    var productTitle = h1 ? h1.innerText.trim() : \"\";\r\n\r\n    \/\/ 2. On cherche les boutons via la classe CSS .btn-devis-source\r\n    var buttons = document.querySelectorAll('.btn-devis-source a');\r\n\r\n    \/\/ 3. Si on a le titre et les boutons, on ajoute le param\u00e8tre\r\n    if (buttons.length > 0 && productTitle !== \"\") {\r\n        var encodedTitle = encodeURIComponent(productTitle);\r\n\r\n        buttons.forEach(function(btn) {\r\n            var currentHref = btn.getAttribute('href');\r\n            \r\n            \/\/ S\u00e9curit\u00e9 pour ne pas ajouter le param\u00e8tre 2 fois\r\n            if (currentHref.indexOf('sujet=') === -1) {\r\n                var separator = currentHref.indexOf('?') !== -1 ? '&' : '?';\r\n                var newLink = currentHref + separator + 'sujet=' + encodedTitle;\r\n                \r\n                btn.setAttribute('href', newLink);\r\n            }\r\n        });\r\n    }\r\n});\r\n<\/script><\/div>\n<\/div>\n<\/div>\n<\/div>\n\n<h2 class=\"wp-block-heading\">Quali inquinanti posso trattare con gli anelli Pouy\u00e8s?<\/h2>\n\n<p><\/p>\n\n<div class=\"wp-block-columns is-layout-flex wp-container-core-columns-is-layout-28f84493 wp-block-columns-is-layout-flex\">\n<div class=\"wp-block-column is-layout-flow wp-block-column-is-layout-flow\" style=\"flex-basis:33.33%\">\n<figure class=\"wp-block-image aligncenter size-full is-resized\"><img decoding=\"async\" width=\"500\" height=\"500\" src=\"https:\/\/obera.fr\/wp-content\/uploads\/2024\/05\/anneau-de-pouyes-2-1.jpg\" alt=\"anneau de pouyes 2 1\" class=\"wp-image-31088\" style=\"width:169px;height:auto\" srcset=\"https:\/\/obera.fr\/wp-content\/uploads\/2024\/05\/anneau-de-pouyes-2-1.jpg 500w, https:\/\/obera.fr\/wp-content\/uploads\/2024\/05\/anneau-de-pouyes-2-1-300x300.jpg 300w, https:\/\/obera.fr\/wp-content\/uploads\/2024\/05\/anneau-de-pouyes-2-1-150x150.jpg 150w\" sizes=\"(max-width: 500px) 100vw, 500px\" \/><\/figure>\n<\/div>\n\n\n\n<div class=\"wp-block-column is-layout-flow wp-block-column-is-layout-flow\" style=\"flex-basis:66.66%\">\n<div class=\"wp-block-columns is-layout-flex wp-container-core-columns-is-layout-28f84493 wp-block-columns-is-layout-flex\">\n<div class=\"wp-block-column is-layout-flow wp-block-column-is-layout-flow\"><\/div>\n<\/div>\n\n\n\n<div class=\"wp-block-columns is-layout-flex wp-container-core-columns-is-layout-28f84493 wp-block-columns-is-layout-flex\">\n<div class=\"wp-block-column is-layout-flow wp-block-column-is-layout-flow\"><\/div>\n<\/div>\n\n\n\n<p>I sensori anulari possono essere utilizzati in diversi settori industriali e sono particolarmente indicati per operazioni di miscelazione e campionamento, insaccamento, riempimento, imballaggio, svuotamento, macinazione e setacciatura, caricamento di reattori e pesatura.<\/p>\n\n\n\n<div class=\"wp-block-columns is-layout-flex wp-container-core-columns-is-layout-28f84493 wp-block-columns-is-layout-flex\">\n<div class=\"wp-block-column is-layout-flow wp-block-column-is-layout-flow\"><\/div>\n<\/div>\n<\/div>\n<\/div>\n\n<div class=\"wp-block-columns is-layout-flex wp-container-core-columns-is-layout-28f84493 wp-block-columns-is-layout-flex\">\n<div class=\"wp-block-column is-layout-flow wp-block-column-is-layout-flow\"><\/div>\n<\/div>\n\n<div class=\"wp-block-columns is-layout-flex wp-container-core-columns-is-layout-28f84493 wp-block-columns-is-layout-flex\">\n<div class=\"wp-block-column is-layout-flow wp-block-column-is-layout-flow\"><\/div>\n\n\n\n<div class=\"wp-block-column is-layout-flow wp-block-column-is-layout-flow\"><\/div>\n<\/div>\n\n<h3 class=\"wp-block-heading\">Settori di attivit\u00e0<\/h3>\n\n<div class=\"wp-block-columns is-layout-flex wp-container-core-columns-is-layout-28f84493 wp-block-columns-is-layout-flex\">\n<div class=\"wp-block-column is-layout-flow wp-block-column-is-layout-flow\">\n<figure class=\"wp-block-image aligncenter size-full\"><img decoding=\"async\" width=\"150\" height=\"150\" src=\"https:\/\/obera.fr\/wp-content\/uploads\/2022\/02\/Chimie.png\" alt=\"chimica\" class=\"wp-image-8846\"\/><figcaption class=\"wp-element-caption\">Chimica<\/figcaption><\/figure>\n<\/div>\n\n\n\n<div class=\"wp-block-column is-layout-flow wp-block-column-is-layout-flow\">\n<figure class=\"wp-block-image aligncenter size-full\"><img decoding=\"async\" width=\"150\" height=\"150\" src=\"https:\/\/obera.fr\/wp-content\/uploads\/2022\/09\/Sans-titre-2022-09-13T095047.797.jpg\" alt=\"Cosmetici\" class=\"wp-image-14491\"\/><figcaption class=\"wp-element-caption\">Cosmetici<\/figcaption><\/figure>\n<\/div>\n\n\n\n<div class=\"wp-block-column is-layout-flow wp-block-column-is-layout-flow\">\n<figure class=\"wp-block-image aligncenter size-full\"><img decoding=\"async\" width=\"150\" height=\"150\" src=\"https:\/\/obera.fr\/wp-content\/uploads\/2022\/02\/AGROALIMENTAIRE.png\" alt=\"agroalimentare\" class=\"wp-image-8844\"\/><figcaption class=\"wp-element-caption\">Industria alimentare<\/figcaption><\/figure>\n<\/div>\n\n\n\n<div class=\"wp-block-column is-layout-flow wp-block-column-is-layout-flow\">\n<figure class=\"wp-block-image aligncenter size-full\"><img decoding=\"async\" width=\"150\" height=\"150\" src=\"https:\/\/obera.fr\/wp-content\/uploads\/2022\/09\/Sans-titre-2022-09-13T095545.356.jpg\" alt=\"Prodotti farmaceutici\" class=\"wp-image-14497\"\/><figcaption class=\"wp-element-caption\">Prodotti farmaceutici<\/figcaption><\/figure>\n<\/div>\n\n\n\n<div class=\"wp-block-column is-layout-flow wp-block-column-is-layout-flow\">\n<figure class=\"wp-block-image aligncenter size-full\"><img decoding=\"async\" width=\"150\" height=\"150\" src=\"https:\/\/obera.fr\/wp-content\/uploads\/2022\/09\/Sans-titre-2022-09-13T095819.046.jpg\" alt=\"Ingegneria meccanica\" class=\"wp-image-14500\"\/><figcaption class=\"wp-element-caption\">Ingegneria meccanica<\/figcaption><\/figure>\n<\/div>\n<\/div>\n\n<h2 class=\"wp-block-heading\">Quali sono le caratteristiche?<\/h2>\n\n<p>I collettori ad anello possono essere realizzati su misura in acciaio zincato, acciaio verniciato, acciaio inox 304L e acciaio inox 316L. A seconda dell&#8217;applicazione e dei requisiti specifici, sono disponibili in finiture industriali o farmaceutiche e in versioni monoblocco o smontabili.<\/p>\n\n<figure class=\"wp-block-image aligncenter size-large is-resized\"><img decoding=\"async\" width=\"1024\" height=\"342\" src=\"https:\/\/obera.fr\/wp-content\/uploads\/2022\/09\/Sans-titre-2022-09-13T102420.496-1024x342.jpg\" alt=\"Caratteristiche degli anelli Pouy&#xE8;s OberA\" class=\"wp-image-14505\" style=\"width:768px;height:257px\" srcset=\"https:\/\/obera.fr\/wp-content\/uploads\/2022\/09\/Sans-titre-2022-09-13T102420.496-1024x342.jpg 1024w, https:\/\/obera.fr\/wp-content\/uploads\/2022\/09\/Sans-titre-2022-09-13T102420.496-300x100.jpg 300w, https:\/\/obera.fr\/wp-content\/uploads\/2022\/09\/Sans-titre-2022-09-13T102420.496-768x256.jpg 768w, https:\/\/obera.fr\/wp-content\/uploads\/2022\/09\/Sans-titre-2022-09-13T102420.496-1536x512.jpg 1536w, https:\/\/obera.fr\/wp-content\/uploads\/2022\/09\/Sans-titre-2022-09-13T102420.496.jpg 2000w\" sizes=\"(max-width: 1024px) 100vw, 1024px\" \/><\/figure>\n\n<h2 class=\"wp-block-heading\">Altre attrezzature di aspirazione e raccolta OberA<\/h2>\n\n<div class=\"wp-block-columns is-layout-flex wp-container-core-columns-is-layout-28f84493 wp-block-columns-is-layout-flex\">\n<div class=\"wp-block-column is-layout-flow wp-block-column-is-layout-flow\">\n<figure class=\"wp-block-image aligncenter size-full is-resized\"><a href=\"https:\/\/obera.fr\/?page_id=489\"><img decoding=\"async\" width=\"433\" height=\"433\" src=\"https:\/\/obera.fr\/wp-content\/uploads\/2020\/10\/table-SF.png\" alt=\"Saldatura - Fumo\" class=\"wp-image-1179\" style=\"object-fit:cover;width:120px;height:120px\" srcset=\"https:\/\/obera.fr\/wp-content\/uploads\/2020\/10\/table-SF.png 433w, https:\/\/obera.fr\/wp-content\/uploads\/2020\/10\/table-SF-300x300.png 300w, https:\/\/obera.fr\/wp-content\/uploads\/2020\/10\/table-SF-150x150.png 150w\" sizes=\"(max-width: 433px) 100vw, 433px\" \/><\/a><figcaption class=\"wp-element-caption\">Tavolo di aspirazione<\/figcaption><\/figure>\n<\/div>\n\n\n\n<div class=\"wp-block-column is-layout-flow wp-block-column-is-layout-flow\">\n<figure class=\"wp-block-image aligncenter size-large is-resized\"><a href=\"https:\/\/obera.fr\/produits\/bras-dispositifs-captation\/bras-de-laboratoire\/\"><img decoding=\"async\" width=\"1024\" height=\"1024\" src=\"https:\/\/obera.fr\/wp-content\/uploads\/2020\/11\/22-bras-de-labo-1024x1024.jpg\" alt=\"Fumex - Laboratorio\" class=\"wp-image-1662\" style=\"object-fit:cover;width:120px;height:120px\" srcset=\"https:\/\/obera.fr\/wp-content\/uploads\/2020\/11\/22-bras-de-labo-1024x1024.jpg 1024w, https:\/\/obera.fr\/wp-content\/uploads\/2020\/11\/22-bras-de-labo-300x300.jpg 300w, https:\/\/obera.fr\/wp-content\/uploads\/2020\/11\/22-bras-de-labo-150x150.jpg 150w, https:\/\/obera.fr\/wp-content\/uploads\/2020\/11\/22-bras-de-labo-768x768.jpg 768w, https:\/\/obera.fr\/wp-content\/uploads\/2020\/11\/22-bras-de-labo.jpg 1500w\" sizes=\"(max-width: 1024px) 100vw, 1024px\" \/><\/a><figcaption class=\"wp-element-caption\">Braccia da laboratorio<\/figcaption><\/figure>\n<\/div>\n\n\n\n<div class=\"wp-block-column is-layout-flow wp-block-column-is-layout-flow\">\n<figure class=\"wp-block-image aligncenter size-thumbnail is-resized\"><a href=\"https:\/\/obera.fr\/produits\/bras-dispositifs-captation\/dosserets-aspirants\/\"><img decoding=\"async\" width=\"150\" height=\"150\" src=\"https:\/\/obera.fr\/wp-content\/uploads\/2020\/10\/Dosserets-oberA-150x150.png\" alt=\"Prodotto - Design del prodotto\" class=\"wp-image-1174\" style=\"object-fit:cover;width:120px;height:120px\"\/><\/a><figcaption class=\"wp-element-caption\">Schienali aspiranti<\/figcaption><\/figure>\n<\/div>\n<\/div>\n\n<div class=\"wp-block-columns is-layout-flex wp-container-core-columns-is-layout-28f84493 wp-block-columns-is-layout-flex\">\n<div class=\"wp-block-column is-layout-flow wp-block-column-is-layout-flow\">\n<figure class=\"wp-block-image aligncenter size-thumbnail is-resized\"><img decoding=\"async\" width=\"150\" height=\"150\" src=\"https:\/\/obera.fr\/wp-content\/uploads\/2024\/06\/hotte-de-captation-rectangulaire-industrielle-600x600-1-1-150x150.png\" alt=\"cappa industriale rettangolare 600x600 1 1\" class=\"wp-image-31520\" style=\"object-fit:cover;width:120px;height:120px\" srcset=\"https:\/\/obera.fr\/wp-content\/uploads\/2024\/06\/hotte-de-captation-rectangulaire-industrielle-600x600-1-1-150x150.png 150w, https:\/\/obera.fr\/wp-content\/uploads\/2024\/06\/hotte-de-captation-rectangulaire-industrielle-600x600-1-1-300x300.png 300w, https:\/\/obera.fr\/wp-content\/uploads\/2024\/06\/hotte-de-captation-rectangulaire-industrielle-600x600-1-1-1024x1024.png 1024w, https:\/\/obera.fr\/wp-content\/uploads\/2024\/06\/hotte-de-captation-rectangulaire-industrielle-600x600-1-1-768x768.png 768w, https:\/\/obera.fr\/wp-content\/uploads\/2024\/06\/hotte-de-captation-rectangulaire-industrielle-600x600-1-1.png 1280w\" sizes=\"(max-width: 150px) 100vw, 150px\" \/><figcaption class=\"wp-element-caption\">Cappa di aspirazione rettangolare industriale<\/figcaption><\/figure>\n<\/div>\n\n\n\n<div class=\"wp-block-column is-layout-flow wp-block-column-is-layout-flow\">\n<figure class=\"wp-block-image aligncenter size-thumbnail is-resized\"><img decoding=\"async\" width=\"150\" height=\"150\" src=\"https:\/\/obera.fr\/wp-content\/uploads\/2024\/06\/hotte-de-captation-modulaire-600x600-1-150x150.png\" alt=\"cappa modulare 600x600 1\" class=\"wp-image-31479\" style=\"object-fit:cover;width:120px;height:120px\" srcset=\"https:\/\/obera.fr\/wp-content\/uploads\/2024\/06\/hotte-de-captation-modulaire-600x600-1-150x150.png 150w, https:\/\/obera.fr\/wp-content\/uploads\/2024\/06\/hotte-de-captation-modulaire-600x600-1-300x300.png 300w, https:\/\/obera.fr\/wp-content\/uploads\/2024\/06\/hotte-de-captation-modulaire-600x600-1-1024x1024.png 1024w, https:\/\/obera.fr\/wp-content\/uploads\/2024\/06\/hotte-de-captation-modulaire-600x600-1-768x768.png 768w, https:\/\/obera.fr\/wp-content\/uploads\/2024\/06\/hotte-de-captation-modulaire-600x600-1.png 1280w\" sizes=\"(max-width: 150px) 100vw, 150px\" \/><figcaption class=\"wp-element-caption\">Cappe modulari<\/figcaption><\/figure>\n<\/div>\n\n\n\n<div class=\"wp-block-column is-layout-flow wp-block-column-is-layout-flow\">\n<figure class=\"wp-block-image aligncenter size-full is-resized\"><a href=\"https:\/\/obera.fr\/produits\/bras-dispositifs-captation\/capot-industriel\/\"><img decoding=\"async\" width=\"150\" height=\"150\" src=\"https:\/\/obera.fr\/wp-content\/uploads\/2020\/10\/capots.png\" alt=\"Colore RAL standard - Laccato\" class=\"wp-image-1173\" style=\"object-fit:cover;width:120px;height:120px\"\/><\/a><figcaption class=\"wp-element-caption\">Cofano di aspirazione e raccolta<\/figcaption><\/figure>\n<\/div>\n<\/div>\n","protected":false},"excerpt":{"rendered":"<p>Sensori di aspirazione e ad anello Per mantenere l&#8217;ambiente di lavoro pulito e salubre e proteggere cos\u00ec la salute degli operatori, gli inquinanti devono essere catturati non appena vengono prodotti, il pi\u00f9 vicino possibile alla fonte di emissione e nel modo pi\u00f9 efficiente possibile. Questo tiene conto della natura, delle caratteristiche e della concentrazione dell&#8217;inquinante stesso. A seconda delle esigenze del cliente, OberA progetta diversi anelli Pouyes e sensori di aspirazione. SENSORI AD ANELLO Gli anelli di Pouy\u00e8s o i collettori anulari sono strumenti molto efficaci per catturare l&#8217;energia alla fonte. Sono stati progettati per garantire una velocit\u00e0 di aspirazione &#8230; <\/p>\n<p class=\"read-more-container\"><a title=\"Anelli Pouy\u00e8s\" class=\"read-more button\" href=\"https:\/\/obera.fr\/it\/produits\/bras-dispositifs-captation\/anneaux-de-pouyes\/#more-38603\" aria-label=\"Per saperne di pi\u00f9 su Anelli Pouy\u00e8s\">Lire la suite<\/a><\/p>\n","protected":false},"author":4,"featured_media":83742,"parent":38254,"menu_order":0,"comment_status":"closed","ping_status":"closed","template":"","meta":{"_acf_changed":false,"_seopress_robots_primary_cat":"","_seopress_titles_title":"Scopri gli eccezionali vantaggi degli anelli Pouy\u00e8s","_seopress_titles_desc":"Scopri perch\u00e9 gli Anelli di Pouy\u00e8s sono la chiave essenziale dei purificatori d'aria pi\u00f9 efficienti per una migliore qualit\u00e0 dell'aria interna.","_seopress_robots_index":"","_seopress_analysis_target_kw":"","footnotes":""},"class_list":{"0":"post-38603","1":"page","2":"type-page","3":"status-publish","4":"has-post-thumbnail","6":"no-featured-image-padding","7":"resize-featured-image"},"acf":[],"_links":{"self":[{"href":"https:\/\/obera.fr\/it\/wp-json\/wp\/v2\/pages\/38603","targetHints":{"allow":["GET"]}}],"collection":[{"href":"https:\/\/obera.fr\/it\/wp-json\/wp\/v2\/pages"}],"about":[{"href":"https:\/\/obera.fr\/it\/wp-json\/wp\/v2\/types\/page"}],"author":[{"embeddable":true,"href":"https:\/\/obera.fr\/it\/wp-json\/wp\/v2\/users\/4"}],"replies":[{"embeddable":true,"href":"https:\/\/obera.fr\/it\/wp-json\/wp\/v2\/comments?post=38603"}],"version-history":[{"count":7,"href":"https:\/\/obera.fr\/it\/wp-json\/wp\/v2\/pages\/38603\/revisions"}],"predecessor-version":[{"id":127539,"href":"https:\/\/obera.fr\/it\/wp-json\/wp\/v2\/pages\/38603\/revisions\/127539"}],"up":[{"embeddable":true,"href":"https:\/\/obera.fr\/it\/wp-json\/wp\/v2\/pages\/38254"}],"wp:featuredmedia":[{"embeddable":true,"href":"https:\/\/obera.fr\/it\/wp-json\/wp\/v2\/media\/83742"}],"wp:attachment":[{"href":"https:\/\/obera.fr\/it\/wp-json\/wp\/v2\/media?parent=38603"}],"curies":[{"name":"wp","href":"https:\/\/api.w.org\/{rel}","templated":true}]}}