{"id":39643,"date":"2024-05-07T15:48:45","date_gmt":"2024-05-07T13:48:45","guid":{"rendered":"https:\/\/obera.fr\/i-nostri-prodotti\/unita-di-aspirazione-mobili\/"},"modified":"2025-11-15T06:43:49","modified_gmt":"2025-11-15T04:43:49","slug":"caissons-mobiles-aspiration","status":"publish","type":"page","link":"https:\/\/obera.fr\/it\/produits\/caissons-mobiles-aspiration\/","title":{"rendered":"Unit\u00e0 di aspirazione mobili"},"content":{"rendered":"\n\n<h2 class=\"wp-block-heading\">Che cos&#8217;\u00e8 un&#8217;unit\u00e0 di aspirazione mobile?<\/h2>\n\n<p>Un&#8217;unit\u00e0 di aspirazione mobile, nota anche come<strong> unit\u00e0 di filtrazione<\/strong> mobile<strong>,<\/strong> unit\u00e0 di<strong> aspirazione mobile<\/strong> o unit\u00e0 di filtrazione mobile, \u00e8 generalmente un piccolo dispositivo mobile per estrarre gli inquinanti alla fonte e filtrarli. In genere \u00e8 dotato di un <a href=\"https:\/\/obera.fr\/it\/produits\/bras-dispositifs-captation\/capot-industriel\/\">braccio di raccolta sull&#8217;apparecchio<\/a> o di un ingresso tubolare che consente di collegare uno o pi\u00f9 tubi flessibili di aspirazione a una macchina, a una cappa, a un <strong>tavolino di aspirazione<\/strong> o a bracci remoti. <\/p>\n\n<p><\/p>\n\n<div class=\"wp-block-columns is-layout-flex wp-container-core-columns-is-layout-28f84493 wp-block-columns-is-layout-flex\">\n<div class=\"wp-block-column is-layout-flow wp-block-column-is-layout-flow\" style=\"flex-basis:66.66%\">\n<p>Le unit\u00e0 di aspirazione mobili sono costituite da un braccio di raccolta o da un ingresso tubolare, da un alloggiamento con diversi stadi, da filtri di saturazione e da un <strong>ventilatore centrifugo, solitamente monofase<\/strong>. Gli alloggiamenti sono dotati di rotelle per facilitarne lo spostamento. L&#8217;aria aspirata dal dispositivo di raccolta (braccio, tavolo, ecc.) entra nel box e passa attraverso stadi di filtrazione meccanica sempre pi\u00f9 fini, uno o pi\u00f9 stadi di filtrazione molecolare (carbone attivo) e infine uno stadio di filtrazione HEPA ad alta efficienza se il <strong>prodotto aspirato \u00e8 pericoloso e richiede la filtrazione HEPA <\/strong>per rilasciare aria pulita nell&#8217;edificio.  <\/p>\n\n\n\n<p><\/p>\n<\/div>\n\n\n\n<div class=\"wp-block-column is-layout-flow wp-block-column-is-layout-flow\" style=\"flex-basis:33.33%\">\n<figure class=\"wp-block-image aligncenter size-large is-resized\"><img decoding=\"async\" width=\"1024\" height=\"549\" src=\"https:\/\/obera.fr\/wp-content\/uploads\/2025\/03\/charbon-actif-purple-1024x549.png\" alt=\"carbone attivo viola\" class=\"wp-image-76468\" style=\"width:269px;height:auto\" srcset=\"https:\/\/obera.fr\/wp-content\/uploads\/2025\/03\/charbon-actif-purple-1024x549.png 1024w, https:\/\/obera.fr\/wp-content\/uploads\/2025\/03\/charbon-actif-purple-300x161.png 300w, https:\/\/obera.fr\/wp-content\/uploads\/2025\/03\/charbon-actif-purple-768x412.png 768w, https:\/\/obera.fr\/wp-content\/uploads\/2025\/03\/charbon-actif-purple.png 1200w\" sizes=\"(max-width: 1024px) 100vw, 1024px\" \/><\/figure>\n<\/div>\n<\/div>\n\n<p>Le unit\u00e0 di aspirazione sono disponibili con portate molto basse, da 80 a 300 m3\/h, per un&#8217;aspirazione fine sulla postazione di lavoro (incollaggio, saldatura elettronica, operazioni minuziose di smerigliatura o levigatura, ecc.), fino a portate di 3.000 m3\/h per l&#8217;aspirazione di pi\u00f9 postazioni di lavoro con un&#8217;unica unit\u00e0 o per superfici di lavoro pi\u00f9 ampie da aspirare (schienali di aspirazione, bracci di raccolta pi\u00f9 grandi). Le <strong>unit\u00e0 sono generalmente dotate di un potenziometro <\/strong>per regolare la portata di aspirazione del ventilatore centrifugo in base alle esigenze di aspirazione. <\/p>\n\n<p>Le unit\u00e0 di aspirazione mobili sono utilizzate per estrarre inquinanti come fumo, polvere, inquinanti gassosi, vapori, solventi, VOC e odori. Il principio del cassone permette di <strong>sovrapporre diversi stadi di filtrazione successivi<\/strong> per trattare   <\/p>\n\n<h2 class=\"wp-block-heading\" id=\"a-quelles-utilisations-conviennent-elles\">La nostra gamma di unit\u00e0 di aspirazione mobili  <\/h2>\n\n<div style=\"height:37px\" aria-hidden=\"true\" class=\"wp-block-spacer\"><\/div>\n\n<div class=\"wp-block-columns is-layout-flex wp-container-core-columns-is-layout-28f84493 wp-block-columns-is-layout-flex\">\n<div class=\"wp-block-column is-layout-flow wp-block-column-is-layout-flow\">\n<h3 class=\"wp-block-heading has-text-align-center\">ePURBox ATEX<\/h3>\n\n\n\n<p class=\"has-text-align-center\"><strong>Modularit\u00e0 e versatilit\u00e0<\/strong><\/p>\n\n\n\n<p class=\"has-text-align-center\">Trattamento di polveri, fumi, vapori e solventi.<\/p>\n\n\n\n<figure class=\"wp-block-image aligncenter size-medium is-resized\"><a href=\"https:\/\/obera.fr\/it\/produits\/caissons-mobiles-aspiration\/epurbox-atex\/#more-115628\"><img decoding=\"async\" width=\"300\" height=\"300\" src=\"https:\/\/obera.fr\/wp-content\/uploads\/2025\/10\/visuel-epurbox-brs-logo-atex-300x300.png\" alt=\"immagine epurbox brs logo atex\" class=\"wp-image-130378\" style=\"width:315px;height:auto\" srcset=\"https:\/\/obera.fr\/wp-content\/uploads\/2025\/10\/visuel-epurbox-brs-logo-atex-300x300.png 300w, https:\/\/obera.fr\/wp-content\/uploads\/2025\/10\/visuel-epurbox-brs-logo-atex-1024x1024.png 1024w, https:\/\/obera.fr\/wp-content\/uploads\/2025\/10\/visuel-epurbox-brs-logo-atex-150x150.png 150w, https:\/\/obera.fr\/wp-content\/uploads\/2025\/10\/visuel-epurbox-brs-logo-atex-768x768.png 768w, https:\/\/obera.fr\/wp-content\/uploads\/2025\/10\/visuel-epurbox-brs-logo-atex.png 1200w\" sizes=\"(max-width: 300px) 100vw, 300px\" \/><\/a><\/figure>\n\n\n\n<p class=\"has-text-align-center\">Portata massima 1200 m3\/h &#8211; Uscita tubolare o a braccio<\/p>\n<\/div>\n\n\n\n<div class=\"wp-block-column is-layout-flow wp-block-column-is-layout-flow\">\n<h3 class=\"wp-block-heading has-text-align-center\">Clearbox<\/h3>\n\n\n\n<p class=\"has-text-align-center\">Trattamento di fumi, vapori e solventi<\/p>\n\n\n\n<figure class=\"wp-block-image aligncenter size-medium is-resized\"><a href=\"https:\/\/obera.fr\/it\/produits\/caissons-mobiles-aspiration\/clearbox\/\"><img decoding=\"async\" width=\"300\" height=\"300\" src=\"https:\/\/obera.fr\/wp-content\/uploads\/2025\/10\/visuel-clearbox-brs-300x300.png\" alt=\"immagine clearbox brs\" class=\"wp-image-129934\" style=\"object-fit:cover;width:335px;height:auto\" srcset=\"https:\/\/obera.fr\/wp-content\/uploads\/2025\/10\/visuel-clearbox-brs-300x300.png 300w, https:\/\/obera.fr\/wp-content\/uploads\/2025\/10\/visuel-clearbox-brs-1024x1024.png 1024w, https:\/\/obera.fr\/wp-content\/uploads\/2025\/10\/visuel-clearbox-brs-150x150.png 150w, https:\/\/obera.fr\/wp-content\/uploads\/2025\/10\/visuel-clearbox-brs-768x768.png 768w, https:\/\/obera.fr\/wp-content\/uploads\/2025\/10\/visuel-clearbox-brs.png 1200w\" sizes=\"(max-width: 300px) 100vw, 300px\" \/><\/a><\/figure>\n\n\n\n<p class=\"has-text-align-center\">Flusso massimo 2000m3\/h<\/p>\n<\/div>\n<\/div>\n\n<div style=\"height:58px\" aria-hidden=\"true\" class=\"wp-block-spacer\"><\/div>\n\n<div style=\"height:58px\" aria-hidden=\"true\" class=\"wp-block-spacer\"><\/div>\n\n<div class=\"wp-block-columns is-layout-flex wp-container-core-columns-is-layout-28f84493 wp-block-columns-is-layout-flex\">\n<div class=\"wp-block-column is-layout-flow wp-block-column-is-layout-flow\">\n<h3 class=\"wp-block-heading has-text-align-center\">ePUR EX<\/h3>\n\n\n\n<p class=\"has-text-align-center\">Trattamento di fumi, vapori e solventi<\/p>\n\n\n\n<figure class=\"wp-block-image aligncenter size-medium is-resized\"><a href=\"https:\/\/obera.fr\/it\/produits\/depoussiereurs-industriels\/petits\/aspiration-fumees-soudage-laser-epur-b-ex\/\"><img decoding=\"async\" width=\"300\" height=\"300\" src=\"https:\/\/obera.fr\/wp-content\/uploads\/2023\/10\/epurb-ex-1000-3000-5000-300x300.png\" alt=\"oberA epur b ex 1000 3000 5000\" class=\"wp-image-25016\" style=\"object-fit:cover\" srcset=\"https:\/\/obera.fr\/wp-content\/uploads\/2023\/10\/epurb-ex-1000-3000-5000-300x300.png 300w, https:\/\/obera.fr\/wp-content\/uploads\/2023\/10\/epurb-ex-1000-3000-5000-150x150.png 150w, https:\/\/obera.fr\/wp-content\/uploads\/2023\/10\/epurb-ex-1000-3000-5000.png 600w\" sizes=\"(max-width: 300px) 100vw, 300px\" \/><\/a><\/figure>\n\n\n\n<p class=\"has-text-align-center\">Portata massima 350 &#8211; 2800 m3\/h<\/p>\n<\/div>\n\n\n\n<div class=\"wp-block-column is-layout-flow wp-block-column-is-layout-flow\">\n<h3 class=\"wp-block-heading has-text-align-center\">Jumbo<\/h3>\n\n\n\n<p class=\"has-text-align-center\">Trattamento di fumi, vapori e solventi<\/p>\n\n\n\n<figure class=\"wp-block-image aligncenter size-full is-resized\"><a href=\"https:\/\/obera.fr\/it\/produits\/depoussiereurs-industriels\/petits\/jumbo\/\"><img decoding=\"async\" width=\"500\" height=\"500\" src=\"https:\/\/obera.fr\/wp-content\/uploads\/2020\/10\/jumbo.png\" alt=\"Jumbo\" class=\"wp-image-1171\" style=\"width:302px;height:auto\" srcset=\"https:\/\/obera.fr\/wp-content\/uploads\/2020\/10\/jumbo.png 500w, https:\/\/obera.fr\/wp-content\/uploads\/2020\/10\/jumbo-300x300.png 300w, https:\/\/obera.fr\/wp-content\/uploads\/2020\/10\/jumbo-150x150.png 150w\" sizes=\"(max-width: 500px) 100vw, 500px\" \/><\/a><\/figure>\n\n\n\n<p class=\"has-text-align-center\">Portata massima 170 m3\/h<\/p>\n<\/div>\n<\/div>\n\n<div style=\"height:58px\" aria-hidden=\"true\" class=\"wp-block-spacer\"><\/div>\n\n<div class=\"wp-block-columns is-layout-flex wp-container-core-columns-is-layout-28f84493 wp-block-columns-is-layout-flex\">\n<div class=\"wp-block-column is-layout-flow wp-block-column-is-layout-flow\">\n<h3 class=\"wp-block-heading has-text-align-center\">ePUR010 CA<\/h3>\n\n\n\n<p class=\"has-text-align-center\">Trattamento di fumi, vapori e solventi<\/p>\n\n\n\n<figure class=\"wp-block-image aligncenter size-medium is-resized\"><a href=\"https:\/\/obera.fr\/it\/produits\/traitement-cov\/filtre-anti-poussiere-epur010-b-ca\/\"><img decoding=\"async\" width=\"221\" height=\"300\" src=\"https:\/\/obera.fr\/wp-content\/uploads\/2022\/02\/EPUR010-B-CA-221x300.png\" alt=\"epur010 b ca\" class=\"wp-image-8919\" style=\"object-fit:cover;width:239px;height:auto\" srcset=\"https:\/\/obera.fr\/wp-content\/uploads\/2022\/02\/EPUR010-B-CA-221x300.png 221w, https:\/\/obera.fr\/wp-content\/uploads\/2022\/02\/EPUR010-B-CA-753x1024.png 753w, https:\/\/obera.fr\/wp-content\/uploads\/2022\/02\/EPUR010-B-CA-768x1044.png 768w, https:\/\/obera.fr\/wp-content\/uploads\/2022\/02\/EPUR010-B-CA-1130x1536.png 1130w, https:\/\/obera.fr\/wp-content\/uploads\/2022\/02\/EPUR010-B-CA-1507x2048.png 1507w, https:\/\/obera.fr\/wp-content\/uploads\/2022\/02\/EPUR010-B-CA.png 1788w\" sizes=\"(max-width: 221px) 100vw, 221px\" \/><\/a><\/figure>\n\n\n\n<p class=\"has-text-align-center\">Portata massima 150 m3\/h<\/p>\n<\/div>\n<\/div>\n\n<p class=\"has-text-align-center\"><\/p>\n\n<p><\/p>\n\n<div class=\"wp-block-buttons is-horizontal is-content-justification-center is-layout-flex wp-container-core-buttons-is-layout-03627597 wp-block-buttons-is-layout-flex\">\n<div class=\"wp-block-button has-custom-width wp-block-button__width-100\"><a class=\"wp-block-button__link wp-element-button\" href=\"https:\/\/obera.fr\/it\/contattaci\/\">Saperne di pi\u00f9<\/a><\/div>\n<\/div>\n\n<h2 class=\"wp-block-heading\">Perch\u00e9 utilizzare un&#8217;unit\u00e0 di aspirazione mobile?<\/h2>\n\n<p>Un box di aspirazione mobile viene generalmente utilizzato per <strong>catturare gli inquinanti in una postazione di lavoro<\/strong>. Il box di filtraggio mobile pu\u00f2 essere facilmente spostato da una postazione di lavoro all&#8217;altra. Inoltre, se il cliente non dispone di una rete di aspirazione nelle vicinanze, \u00e8 pi\u00f9 semplice posizionare un box di aspirazione mobile che installare una rete di tubi da un impianto di aspirazione centralizzato. Allo stesso modo, spesso \u00e8 difficile<strong>evacuare l&#8217;inquinante verso l&#8217;esterno<\/strong>, quindi la cabina mobile cattura il prodotto dove viene generato, lo filtra e scarica l&#8217;aria trattata nell&#8217;area stessa. Il filtraggio deve essere adattato agli inquinanti e, in particolare, quando \u00e8 necessario filtrare i composti CMR, si deve scegliere un filtraggio HEPA H13 o H14 ad alta efficienza. La maggior parte delle unit\u00e0 di filtrazione mobili pu\u00f2 essere<strong> dotata di un&#8217;uscita per l&#8217;aria<\/strong> pulita se il cliente desidera scaricare l&#8217;aria pulita all&#8217;esterno.     <\/p>\n\n<h2 class=\"wp-block-heading\">Quali sono le applicazioni coperte dalle unit\u00e0 di filtrazione mobili?<\/h2>\n\n<div class=\"wp-block-columns is-layout-flex wp-container-core-columns-is-layout-28f84493 wp-block-columns-is-layout-flex\">\n<div class=\"wp-block-column is-layout-flow wp-block-column-is-layout-flow\" style=\"flex-basis:33.33%\">\n<figure class=\"wp-block-image aligncenter size-large is-resized\"><img decoding=\"async\" width=\"1024\" height=\"1024\" src=\"https:\/\/obera.fr\/wp-content\/uploads\/2025\/03\/2-1024x1024.png\" alt=\"Soluzione OberA\" class=\"wp-image-77618\" style=\"width:271px;height:auto\" srcset=\"https:\/\/obera.fr\/wp-content\/uploads\/2025\/03\/2-1024x1024.png 1024w, https:\/\/obera.fr\/wp-content\/uploads\/2025\/03\/2-300x300.png 300w, https:\/\/obera.fr\/wp-content\/uploads\/2025\/03\/2-150x150.png 150w, https:\/\/obera.fr\/wp-content\/uploads\/2025\/03\/2-768x768.png 768w, https:\/\/obera.fr\/wp-content\/uploads\/2025\/03\/2.png 1200w\" sizes=\"(max-width: 1024px) 100vw, 1024px\" \/><\/figure>\n<\/div>\n\n\n\n<div class=\"wp-block-column is-layout-flow wp-block-column-is-layout-flow\" style=\"flex-basis:66.66%\">\n<ul class=\"wp-block-list\">\n<li>Le <strong>unit\u00e0 di estrazione mobili <\/strong>sono generalmente utilizzate nelle seguenti applicazioni:<\/li>\n\n\n\n<li>Brasatura, saldatura, industria elettronica<\/li>\n\n\n\n<li>Laboratori, manipolazione, dosaggio e decantazione di prodotti chimici liquidi, in resina o in polvere<\/li>\n\n\n\n<li>Gioielli<\/li>\n\n\n\n<li>Macchina laser (taglio di cartone, plastica, &#8230;.)<\/li>\n\n\n\n<li>Produzione additiva (macchina 3D, ecc.)<\/li>\n\n\n\n<li><strong>Stazioni di incollaggio<\/strong><\/li>\n\n\n\n<li>Pulizia e sgrassatura delle parti ;<\/li>\n\n\n\n<li>Restauro di opere d&#8217;arte, vernissage<\/li>\n\n\n\n<li><strong>Levigatura, smerigliatura, sverniciatura, lucidatura e<\/strong> sbavatura di piccole parti in metallo, materiali compositi o plastiche<\/li>\n<\/ul>\n<\/div>\n<\/div>\n\n<h2 class=\"wp-block-heading\">Come scegliere l&#8217;unit\u00e0 di aspirazione mobile?<\/h2>\n\n<p>Per <strong>scegliere l&#8217;unit\u00e0 di aspirazione giusta<\/strong>, devi innanzitutto valutare i tipi di inquinanti da trattare. Se si tratta solo di polveri o fumi, saranno sufficienti gli stadi di filtrazione meccanica. Se invece \u00e8 necessario trattare vapori, solventi o VOC, \u00e8 necessario utilizzare filtri a carboni attivi. Sempre pi\u00f9 spesso i processi generano entrambe le cose, poich\u00e9 il riscaldamento dei <g id=\"gid_1\">materiali li vaporizza ed emette sostanze inquinanti<\/g> sotto forma di fumi (solidi) e gas (solitamente VOC). In questi casi, \u00e8 necessaria una combinazione di stadi di filtrazione del particolato (filtri meccanici) e di filtrazione molecolare (carboni attivi).    <\/p>\n\n<p>Inoltre, se gli inquinanti sono tossici, dovrai scegliere una filtrazione HEPA adeguata. Se l&#8217;apparecchiatura deve estrarre polveri o gas esplosivi, \u00e8 necessario scegliere <strong>un dispositivo ATEX adatto ai rischi<\/strong>. <\/p>\n\n<p>La portata di aspirazione \u00e8 ovviamente un fattore determinante nella scelta dell&#8217;apparecchio. Possiamo aiutarti a determinarla. <\/p>\n\n<h2 class=\"wp-block-heading\">Costi operativi e di manutenzione<\/h2>\n\n<p>Le <strong>unit\u00e0 di aspirazione mobili<\/strong> sono dotate di filtri a saturazione. A seconda delle dimensioni delle polveri e dei fumi da trattare, \u00e8 necessario scegliere la giusta combinazione di filtri. <\/p>\n\n<p>Pi\u00f9 i filtri sono efficienti, pi\u00f9 sono costosi. L&#8217;obiettivo \u00e8 quindi quello di saturare il pi\u00f9 possibile gli<strong> stadi superiori per preservare i filtri<\/strong> pi\u00f9 precisi. Se possibile, gli stadi di prefiltrazione dovrebbero essere aumentati (ad esempio G4, M6, F9&#8230; per proteggere i filtri HEPA ad alta efficienza H13 o H14). La longevit\u00e0 dei filtri dipende dalla quantit\u00e0 di inquinanti, dal tempo di utilizzo e dalla distribuzione granulometrica dell&#8217;inquinante. In alcuni casi, \u00e8 possibile effettuare una misurazione per selezionare gli stadi di filtrazione appropriati.    <\/p>\n","protected":false},"excerpt":{"rendered":"<p>Che cos&#8217;\u00e8 un&#8217;unit\u00e0 di aspirazione mobile? Un&#8217;unit\u00e0 di aspirazione mobile, nota anche come unit\u00e0 di filtrazione mobile, unit\u00e0 di aspirazione mobile o unit\u00e0 di filtrazione mobile, \u00e8 generalmente un piccolo dispositivo mobile per estrarre gli inquinanti alla fonte e filtrarli. In genere \u00e8 dotato di un braccio di raccolta sull&#8217;apparecchio o di un ingresso tubolare che consente di collegare uno o pi\u00f9 tubi flessibili di aspirazione a una macchina, a una cappa, a un tavolino di aspirazione o a bracci remoti. Le unit\u00e0 di aspirazione mobili sono costituite da un braccio di raccolta o da un ingresso tubolare, da un &#8230; <\/p>\n<p class=\"read-more-container\"><a title=\"Unit\u00e0 di aspirazione mobili\" class=\"read-more button\" href=\"https:\/\/obera.fr\/it\/produits\/caissons-mobiles-aspiration\/#more-39643\" aria-label=\"Per saperne di pi\u00f9 su Unit\u00e0 di aspirazione mobili\">Lire la suite<\/a><\/p>\n","protected":false},"author":4,"featured_media":83742,"parent":36427,"menu_order":0,"comment_status":"closed","ping_status":"closed","template":"","meta":{"_acf_changed":false,"_seopress_robots_primary_cat":"","_seopress_titles_title":"unit\u00e0 di aspirazione mobili oberA","_seopress_titles_desc":"La nostra gamma di unit\u00e0 di aspirazione mobili: ePURBox: Modularit\u00e0 e Versatilit\u00e0, ePUR010 B CA, Jumbo e EPUR B EX","_seopress_robots_index":"","footnotes":""},"class_list":{"0":"post-39643","1":"page","2":"type-page","3":"status-publish","4":"has-post-thumbnail","6":"no-featured-image-padding","7":"resize-featured-image"},"acf":[],"_links":{"self":[{"href":"https:\/\/obera.fr\/it\/wp-json\/wp\/v2\/pages\/39643","targetHints":{"allow":["GET"]}}],"collection":[{"href":"https:\/\/obera.fr\/it\/wp-json\/wp\/v2\/pages"}],"about":[{"href":"https:\/\/obera.fr\/it\/wp-json\/wp\/v2\/types\/page"}],"author":[{"embeddable":true,"href":"https:\/\/obera.fr\/it\/wp-json\/wp\/v2\/users\/4"}],"replies":[{"embeddable":true,"href":"https:\/\/obera.fr\/it\/wp-json\/wp\/v2\/comments?post=39643"}],"version-history":[{"count":16,"href":"https:\/\/obera.fr\/it\/wp-json\/wp\/v2\/pages\/39643\/revisions"}],"predecessor-version":[{"id":131957,"href":"https:\/\/obera.fr\/it\/wp-json\/wp\/v2\/pages\/39643\/revisions\/131957"}],"up":[{"embeddable":true,"href":"https:\/\/obera.fr\/it\/wp-json\/wp\/v2\/pages\/36427"}],"wp:featuredmedia":[{"embeddable":true,"href":"https:\/\/obera.fr\/it\/wp-json\/wp\/v2\/media\/83742"}],"wp:attachment":[{"href":"https:\/\/obera.fr\/it\/wp-json\/wp\/v2\/media?parent=39643"}],"curies":[{"name":"wp","href":"https:\/\/api.w.org\/{rel}","templated":true}]}}