{"id":42556,"date":"2020-08-26T16:20:18","date_gmt":"2020-08-26T14:20:18","guid":{"rendered":"https:\/\/obera.fr\/scopri-obera\/"},"modified":"2025-07-21T15:04:12","modified_gmt":"2025-07-21T13:04:12","slug":"decouvrir","status":"publish","type":"page","link":"https:\/\/obera.fr\/it\/decouvrir\/","title":{"rendered":"Scopri OberA"},"content":{"rendered":"\n<h2 class=\"wp-block-heading\">Il nostro slogan: &#8220;OberA, la garanzia della qualit\u00e0 dell&#8217;aria <mark style=\"background-color:rgba(0, 0, 0, 0)\" class=\"has-inline-color has-global-color-8-color\">della tua azienda <\/mark>!&#8221;.<\/h2>\n\n<p><\/p>\n\n<p>Con sede in Alsazia, OberA \u00e8 un&#8217;azienda esperta nel trattamento dell&#8217;aria industriale. Dalla progettazione alla produzione e alla distribuzione, la nostra presenza si estende a tutta la Francia e all&#8217;Europa. Con le nostre soluzioni ecologiche ed economiche, studiate su misura per le tue esigenze, potrai godere di un ambiente di lavoro sano che migliora le condizioni di lavoro e aumenta la produttivit\u00e0 della tua azienda.  <\/p>\n\n<div class=\"wp-block-columns is-layout-flex wp-container-core-columns-is-layout-28f84493 wp-block-columns-is-layout-flex\">\n<div class=\"wp-block-column is-layout-flow wp-block-column-is-layout-flow\" style=\"flex-basis:25%\"><\/div>\n\n\n\n<div class=\"wp-block-column is-layout-flow wp-block-column-is-layout-flow\" style=\"flex-basis:50%\">\n<p><\/p>\n\n\n\n<figure class=\"wp-block-video\"><video height=\"1080\" style=\"aspect-ratio: 1920 \/ 1080;\" width=\"1920\" autoplay=\"\" controls=\"\" loop=\"\" muted=\"\" poster=\"https:\/\/obera.fr\/wp-content\/uploads\/2025\/05\/capture-decran-2025-05-14-100342.png\" src=\"https:\/\/obera.fr\/wp-content\/uploads\/2025\/05\/made_in_france_obera_fr.mp4\"><\/video><\/figure>\n<\/div>\n\n\n\n<div class=\"wp-block-column is-layout-flow wp-block-column-is-layout-flow\" style=\"flex-basis:25%\"><\/div>\n<\/div>\n\n<p><\/p>\n\n<div class=\"wp-block-buttons is-content-justification-center is-layout-flex wp-container-core-buttons-is-layout-a89b3969 wp-block-buttons-is-layout-flex\">\n<div class=\"wp-block-button\"><a class=\"wp-block-button__link wp-element-button\" href=\"https:\/\/obera.fr\/it\/ils-parlent-de-nous-presse-media\/\">Parlano di noi<\/a><\/div>\n\n\n\n<div class=\"wp-block-button\"><a class=\"wp-block-button__link wp-element-button\" href=\"https:\/\/obera.fr\/it\/decouvrir\/salons\/\">Prossime fiere<\/a><\/div>\n<\/div>\n\n<h2 class=\"wp-block-heading\">La nostra missione<\/h2>\n\n<div class=\"wp-block-columns is-layout-flex wp-container-core-columns-is-layout-28f84493 wp-block-columns-is-layout-flex\">\n<div class=\"wp-block-column is-layout-flow wp-block-column-is-layout-flow\" style=\"flex-basis:66.66%\">\n<p>In qualit\u00e0 di specialista nel trattamento dell&#8217;aria industriale, OberA ti garantisce un ambiente di lavoro sano, promuovendo condizioni di lavoro ottimali e contribuendo a migliorare la produttivit\u00e0 della tua azienda.<\/p>\n\n\n\n<blockquote class=\"wp-block-quote is-layout-flow wp-block-quote-is-layout-flow\">\n<p>Il tuo garante della qualit\u00e0 dell&#8217;aria  <\/p>\n<\/blockquote>\n<\/div>\n\n\n\n<div class=\"wp-block-column is-layout-flow wp-block-column-is-layout-flow\" style=\"flex-basis:33.33%\">\n<figure class=\"wp-block-image aligncenter size-large is-resized\"><img decoding=\"async\" width=\"1024\" height=\"1024\" src=\"https:\/\/obera.fr\/wp-content\/uploads\/2025\/05\/ic-30-entrepot-travail-1024x1024.png\" alt=\"ic 30 lavoro di magazzino\" class=\"wp-image-93435\" style=\"width:259px;height:auto\" srcset=\"https:\/\/obera.fr\/wp-content\/uploads\/2025\/05\/ic-30-entrepot-travail-1024x1024.png 1024w, https:\/\/obera.fr\/wp-content\/uploads\/2025\/05\/ic-30-entrepot-travail-300x300.png 300w, https:\/\/obera.fr\/wp-content\/uploads\/2025\/05\/ic-30-entrepot-travail-150x150.png 150w, https:\/\/obera.fr\/wp-content\/uploads\/2025\/05\/ic-30-entrepot-travail-768x768.png 768w, https:\/\/obera.fr\/wp-content\/uploads\/2025\/05\/ic-30-entrepot-travail.png 1200w\" sizes=\"(max-width: 1024px) 100vw, 1024px\" \/><\/figure>\n<\/div>\n<\/div>\n\n<h3 class=\"wp-block-heading\">Migliorare la qualit\u00e0 dell&#8217;aria per migliorare la salute e la produttivit\u00e0<\/h3>\n\n<p>Noi di OberA sappiamo quanto sia essenziale lavorare in un ambiente sano. Ecco perch\u00e9 abbiamo sviluppato soluzioni efficaci e innovative per garantirti aria pulita, migliorando le tue condizioni di lavoro e aumentando la tua produttivit\u00e0. Le nostre soluzioni su misura, adattate alle tue esigenze specifiche, si adattano perfettamente al tuo ambiente. Ecologiche ed economiche, le nostre innovazioni garantiscono risultati eccezionali.   <\/p>\n\n<h3 class=\"wp-block-heading\">Soluzioni su misura per ogni situazione<\/h3>\n\n<p>Ci impegniamo a fornire soluzioni personalizzate per le sfide uniche che devi affrontare. Che tu abbia bisogno di una soluzione mobile o fissa, lavoriamo a stretto contatto con te per analizzare il tuo ambiente di lavoro, comprendere le tue esigenze specifiche e progettare sistemi di miglioramento della qualit\u00e0 dell&#8217;aria che rispondano perfettamente alle tue aspettative. <\/p>\n\n<h2 class=\"wp-block-heading\">Le linee di business di OberA<\/h2>\n\n<p>Siamo orgogliosi di offrire prodotti e servizi all&#8217;avanguardia che aiutano i nostri clienti a risolvere i problemi legati a <strong>polvere, odori, VOC e calore<\/strong>, creando un ambiente di lavoro pi\u00f9 sano e produttivo.<\/p>\n\n<p><\/p>\n\n<div class=\"wp-block-columns is-layout-flex wp-container-core-columns-is-layout-28f84493 wp-block-columns-is-layout-flex\">\n<div class=\"wp-block-column is-layout-flow wp-block-column-is-layout-flow\" style=\"flex-basis:25%\"><\/div>\n\n\n\n<div class=\"wp-block-column is-layout-flow wp-block-column-is-layout-flow\" style=\"flex-basis:50%\">\n<figure class=\"wp-block-video\"><video height=\"1080\" style=\"aspect-ratio: 1920 \/ 1080;\" width=\"1920\" autoplay=\"\" controls=\"\" loop=\"\" poster=\"https:\/\/obera.fr\/wp-content\/uploads\/2025\/05\/capture-decran-2025-05-13-093745.png\" src=\"https:\/\/obera.fr\/wp-content\/uploads\/2025\/05\/le-depoussierage-des-espaces-de-travail-1.mp4\"><\/video><\/figure>\n<\/div>\n\n\n\n<div class=\"wp-block-column is-layout-flow wp-block-column-is-layout-flow\" style=\"flex-basis:25%\"><\/div>\n<\/div>\n\n<p><\/p>\n\n<h2 class=\"wp-block-heading\">Una metodologia rigorosa per risultati affidabili<\/h2>\n\n<p>Noi di OberA seguiamo una metodologia rigorosa per garantire ai nostri clienti risultati ottimali. Prima di installare le nostre apparecchiature, ti proponiamo di effettuare una <strong>diagnosi<\/strong> <strong>delle polveri<\/strong>. Questo approccio ci permette di determinare il livello e il tipo di polvere presente nel tuo spazio di lavoro. A seguito di questa analisi, <strong>ti consigliamo una soluzione adatta alla<\/strong> situazione e un <strong>risultato atteso<\/strong>. Dopo averla concordata con te, passiamo all&#8217;implementazione della soluzione. Per verificare l&#8217;efficacia della soluzione implementata, viene effettuata <strong>una seconda misurazione<\/strong>. Se i risultati corrispondono a quelli attesi, non cambiamo nulla. Se la soluzione non \u00e8 sufficientemente efficace, <strong>la riadattiamo<\/strong>.      <\/p>\n\n<div class=\"wp-block-columns is-layout-flex wp-container-core-columns-is-layout-28f84493 wp-block-columns-is-layout-flex\">\n<div class=\"wp-block-column is-layout-flow wp-block-column-is-layout-flow\" style=\"flex-basis:25%\"><\/div>\n\n\n\n<div class=\"wp-block-column is-layout-flow wp-block-column-is-layout-flow\" style=\"flex-basis:50%\">\n<figure class=\"wp-block-video\"><video height=\"1080\" style=\"aspect-ratio: 1920 \/ 1080;\" width=\"1920\" autoplay=\"\" controls=\"\" loop=\"\" poster=\"https:\/\/obera.fr\/wp-content\/uploads\/2025\/05\/capture-decran-2025-05-13-161820.png\" src=\"https:\/\/obera.fr\/wp-content\/uploads\/2025\/05\/mesurer-disgnostiquer.mp4\"><\/video><\/figure>\n<\/div>\n\n\n\n<div class=\"wp-block-column is-layout-flow wp-block-column-is-layout-flow\" style=\"flex-basis:25%\"><\/div>\n<\/div>\n\n<p><\/p>\n\n<p>OberA \u00e8 l&#8217;unica azienda a offrirti questo servizio. Per garantire un investimento sicuro ed efficace, \u00e8 possibile <strong>testare le nostre attrezzature per un periodo da 1 a 3 mesi, deducibile dal prezzo di acquisto<\/strong>. Per un utilizzo in un periodo specifico o per esigenze a breve termine, puoi <strong>noleggiare le nostre<\/strong> <strong>attrezzature per un periodo da 12 a 63 mesi con opzione di acquisto<\/strong>. <\/p>\n\n<p><\/p>\n\n<div class=\"wp-block-columns is-layout-flex wp-container-core-columns-is-layout-28f84493 wp-block-columns-is-layout-flex\">\n<div class=\"wp-block-column is-layout-flow wp-block-column-is-layout-flow\" style=\"flex-basis:25%\"><\/div>\n\n\n\n<div class=\"wp-block-column is-layout-flow wp-block-column-is-layout-flow\" style=\"flex-basis:50%\">\n<figure class=\"wp-block-video\"><video height=\"1080\" style=\"aspect-ratio: 1920 \/ 1080;\" width=\"1920\" autoplay=\"\" controls=\"\" loop=\"\" poster=\"https:\/\/obera.fr\/wp-content\/uploads\/2025\/05\/capture-decran-2025-05-13-093822.png\" src=\"https:\/\/obera.fr\/wp-content\/uploads\/2025\/05\/testez-de-1-a-3-mois-deductibles-du-prix-dacquisition.mp4\"><\/video><\/figure>\n<\/div>\n\n\n\n<div class=\"wp-block-column is-layout-flow wp-block-column-is-layout-flow\" style=\"flex-basis:25%\"><\/div>\n<\/div>\n\n<p><\/p>\n\n<h2 class=\"wp-block-heading\">Il nostro impegno per la soddisfazione del cliente<\/h2>\n\n<p>La soddisfazione del cliente \u00e8 la nostra massima priorit\u00e0. Ci impegniamo a fornire un servizio clienti eccezionale in ogni fase del processo. Il nostro team tecnico\/SAV altamente qualificato \u00e8 a disposizione per rispondere a qualsiasi domanda, per guidarti nella scelta della soluzione pi\u00f9 adatta alle tue esigenze e per fornirti un&#8217;assistenza continua per garantire il corretto funzionamento dei nostri prodotti.  <\/p>\n\n<p>Che tu sia un&#8217;azienda industriale preoccupata per la salute dei tuoi dipendenti o un operatore logistico che vuole ottimizzare il proprio ambiente di lavoro, OberA \u00e8 qui per supportarti. Scopri la nostra esperienza, le nostre soluzioni all&#8217;avanguardia e il nostro impegno per migliorare la qualit\u00e0 dell&#8217;aria. Insieme possiamo creare un ambiente di lavoro pi\u00f9 sano e produttivo.  <\/p>\n\n<p>Contattaci oggi stesso per discutere delle tue esigenze specifiche e scoprire come OberA pu\u00f2 migliorare la qualit\u00e0 dell&#8217;aria nella tua azienda.<\/p>\n\n<div class=\"wp-block-buttons is-horizontal is-content-justification-center is-layout-flex wp-container-core-buttons-is-layout-03627597 wp-block-buttons-is-layout-flex\">\n<div class=\"wp-block-button has-custom-width wp-block-button__width-100\"><a class=\"wp-block-button__link wp-element-button\" href=\"https:\/\/obera.fr\/it\/contattaci\/\">Saperne di pi\u00f9<\/a><\/div>\n<\/div>\n\n<div style=\"height:30px\" aria-hidden=\"true\" class=\"wp-block-spacer\"><\/div>\n\n<p>Scopri i nostri <a href=\"https:\/\/obera.fr\/it\/decouvrir\/i-nostri-clienti\/\" data-type=\"page\" data-id=\"743\">clienti<\/a> pi\u00f9 fedeli.<\/p>\n\n<p><\/p>\n","protected":false},"excerpt":{"rendered":"<p>Il nostro slogan: &#8220;OberA, la garanzia della qualit\u00e0 dell&#8217;aria della tua azienda !&#8221;. Con sede in Alsazia, OberA \u00e8 un&#8217;azienda esperta nel trattamento dell&#8217;aria industriale. Dalla progettazione alla produzione e alla distribuzione, la nostra presenza si estende a tutta la Francia e all&#8217;Europa. Con le nostre soluzioni ecologiche ed economiche, studiate su misura per le tue esigenze, potrai godere di un ambiente di lavoro sano che migliora le condizioni di lavoro e aumenta la produttivit\u00e0 della tua azienda. La nostra missione In qualit\u00e0 di specialista nel trattamento dell&#8217;aria industriale, OberA ti garantisce un ambiente di lavoro sano, promuovendo condizioni di &#8230; <\/p>\n<p class=\"read-more-container\"><a title=\"Scopri OberA\" class=\"read-more button\" href=\"https:\/\/obera.fr\/it\/decouvrir\/#more-42556\" aria-label=\"Per saperne di pi\u00f9 su Scopri OberA\">Lire la suite<\/a><\/p>\n","protected":false},"author":4,"featured_media":84815,"parent":0,"menu_order":0,"comment_status":"closed","ping_status":"closed","template":"","meta":{"_acf_changed":false,"_seopress_robots_primary_cat":"","_seopress_titles_title":"D\u00e9couvrir oberA : La solution compl\u00e8te pour votre entreprise.","_seopress_titles_desc":"En savoir plus sur oberA, notre mission, nos m\u00e9tiers, notre m\u00e9thodologie et nos implantations g\u00e9ographiques.","_seopress_robots_index":"","footnotes":""},"class_list":{"0":"post-42556","1":"page","2":"type-page","3":"status-publish","4":"has-post-thumbnail","6":"no-featured-image-padding","7":"resize-featured-image"},"acf":[],"_links":{"self":[{"href":"https:\/\/obera.fr\/it\/wp-json\/wp\/v2\/pages\/42556","targetHints":{"allow":["GET"]}}],"collection":[{"href":"https:\/\/obera.fr\/it\/wp-json\/wp\/v2\/pages"}],"about":[{"href":"https:\/\/obera.fr\/it\/wp-json\/wp\/v2\/types\/page"}],"author":[{"embeddable":true,"href":"https:\/\/obera.fr\/it\/wp-json\/wp\/v2\/users\/4"}],"replies":[{"embeddable":true,"href":"https:\/\/obera.fr\/it\/wp-json\/wp\/v2\/comments?post=42556"}],"version-history":[{"count":9,"href":"https:\/\/obera.fr\/it\/wp-json\/wp\/v2\/pages\/42556\/revisions"}],"predecessor-version":[{"id":124552,"href":"https:\/\/obera.fr\/it\/wp-json\/wp\/v2\/pages\/42556\/revisions\/124552"}],"wp:featuredmedia":[{"embeddable":true,"href":"https:\/\/obera.fr\/it\/wp-json\/wp\/v2\/media\/84815"}],"wp:attachment":[{"href":"https:\/\/obera.fr\/it\/wp-json\/wp\/v2\/media?parent=42556"}],"curies":[{"name":"wp","href":"https:\/\/api.w.org\/{rel}","templated":true}]}}