{"id":44173,"date":"2020-08-26T12:41:56","date_gmt":"2020-08-26T10:41:56","guid":{"rendered":"https:\/\/obera.fr\/i-nostri-prodotti\/purificatori-daria-industriali\/epur-b01-purificatore-daria-per-polveri-ecoprime\/"},"modified":"2025-03-07T16:36:00","modified_gmt":"2025-03-07T14:36:00","slug":"epur-b01-purificatore-daria-per-polveri-ecoprime","status":"publish","type":"page","link":"https:\/\/obera.fr\/it\/produits\/purificateurs-air\/epur-b01-purificatore-daria-per-polveri-ecoprime\/","title":{"rendered":"ePUR B01 Purificatore d&#8217;aria per polveri Ecoprime"},"content":{"rendered":"\n<p><strong>ePUR B01 Ecoprime<\/strong> \u00e8 un <a href=\"https:\/\/obera.fr\/it\/produits\/purificateurs-air\/\" data-type=\"page\" data-id=\"26\">purificatore d&#8217;aria professionale<\/a> per piccoli volumi.<\/p>\n\n\n\n\n\n\n<h2 class=\"wp-block-heading\" id=\"comment-fonctionne-notre-purificateur-d-air\">Come funziona il nostro purificatore d&#8217;aria?<\/h2>\n\n\n\n<div class=\"wp-block-columns is-layout-flex wp-container-core-columns-is-layout-28f84493 wp-block-columns-is-layout-flex\">\n<div class=\"wp-block-column is-layout-flow wp-block-column-is-layout-flow\" style=\"flex-basis:33.33%\">\n<figure class=\"wp-block-image aligncenter size-medium\"><img decoding=\"async\" width=\"300\" height=\"300\" src=\"https:\/\/obera.fr\/wp-content\/uploads\/2020\/09\/epur-b01-ecoprime-300x300.jpg\" alt=\"Epur B01 Ecoprime\" class=\"wp-image-1008\" srcset=\"https:\/\/obera.fr\/wp-content\/uploads\/2020\/09\/epur-b01-ecoprime-300x300.jpg 300w, https:\/\/obera.fr\/wp-content\/uploads\/2020\/09\/epur-b01-ecoprime-150x150.jpg 150w, https:\/\/obera.fr\/wp-content\/uploads\/2020\/09\/epur-b01-ecoprime.jpg 433w\" sizes=\"(max-width: 300px) 100vw, 300px\" \/><\/figure>\n<\/div>\n\n\n\n<div class=\"wp-block-column is-layout-flow wp-block-column-is-layout-flow\" style=\"flex-basis:66.66%\">\n<p>Il funzionamento \u00e8 semplice: l&#8217;aria inquinata viene aspirata nella parte superiore dell&#8217;unit\u00e0, poi passa attraverso diversi strati di filtrazione all&#8217;interno dell&#8217;unit\u00e0, prima di essere scaricata nella parte inferiore direttamente nel tuo spazio di lavoro.<\/p>\n\n\n\n<h3 class=\"wp-block-heading\" id=\"a-quelles-utilisations-convient-il\">Quali sono i suoi usi?<\/h3>\n\n\n\n<p>Questa unit\u00e0 di <strong>trattamento dell&#8217;aria<\/strong> \u00e8 adatta praticamente a tutti i tipi di attivit\u00e0. Sar\u00e0 efficace in spazi di piccole e medie dimensioni, come uffici, sale riunioni, saloni di parrucchieri, saloni per unghie, hotel, tintorie, palazzetti dello sport, studi medici, dentisti, case di cura, commercianti e scuole, ecc. <\/p>\n\n\n\n<div class=\"wp-block-columns is-layout-flex wp-container-core-columns-is-layout-28f84493 wp-block-columns-is-layout-flex\">\n<div class=\"wp-block-column is-layout-flow wp-block-column-is-layout-flow\" style=\"flex-basis:33.34%\">\n<div class=\"wp-block-buttons is-content-justification-center is-layout-flex wp-container-core-buttons-is-layout-a89b3969 wp-block-buttons-is-layout-flex\">\n<div class=\"wp-block-button\"><a class=\"wp-block-button__link wp-element-button\" href=\"https:\/\/obera.fr\/wp-content\/uploads\/2025\/03\/ecoprime-en.pdf\">Scarica la brochure<\/a><\/div>\n<\/div>\n<\/div>\n\n\n\n<div class=\"wp-block-column is-layout-flow wp-block-column-is-layout-flow\" style=\"flex-basis:33.34%\">\n<div class=\"wp-block-buttons is-horizontal is-content-justification-center is-layout-flex wp-container-core-buttons-is-layout-03627597 wp-block-buttons-is-layout-flex\">\n<div class=\"wp-block-button\"><a class=\"wp-block-button__link\" href=\"https:\/\/boutique.obera.fr\/22-acheter-purificateur-air-epur-b01-ecoprime-poussieres.html\" target=\"_blank\" rel=\"noreferrer noopener\">Acheter Epur B01 Ecoprime \u00e0 880,80\u20ac TTC<\/a><\/div>\n<\/div>\n<\/div>\n\n\n\n<div class=\"wp-block-column is-layout-flow wp-block-column-is-layout-flow\" style=\"flex-basis:33.33%\">\n<div class=\"wp-block-buttons is-content-justification-center is-layout-flex wp-container-core-buttons-is-layout-a89b3969 wp-block-buttons-is-layout-flex\">\n<div class=\"wp-block-button btn-devis-source\"><a class=\"wp-block-button__link wp-element-button\" href=\"https:\/\/obera.fr\/it\/devis\/\">Richiedi un preventivo<\/a><\/div>\n<\/div>\n\n\n<script>\r\ndocument.addEventListener('DOMContentLoaded', function() {\r\n    \/\/ 1. On cherche le titre H1 de la page\r\n    var h1 = document.querySelector('h1');\r\n    var productTitle = h1 ? h1.innerText.trim() : \"\";\r\n\r\n    \/\/ 2. On cherche les boutons via la classe CSS .btn-devis-source\r\n    var buttons = document.querySelectorAll('.btn-devis-source a');\r\n\r\n    \/\/ 3. Si on a le titre et les boutons, on ajoute le param\u00e8tre\r\n    if (buttons.length > 0 && productTitle !== \"\") {\r\n        var encodedTitle = encodeURIComponent(productTitle);\r\n\r\n        buttons.forEach(function(btn) {\r\n            var currentHref = btn.getAttribute('href');\r\n            \r\n            \/\/ S\u00e9curit\u00e9 pour ne pas ajouter le param\u00e8tre 2 fois\r\n            if (currentHref.indexOf('sujet=') === -1) {\r\n                var separator = currentHref.indexOf('?') !== -1 ? '&' : '?';\r\n                var newLink = currentHref + separator + 'sujet=' + encodedTitle;\r\n                \r\n                btn.setAttribute('href', newLink);\r\n            }\r\n        });\r\n    }\r\n});\r\n<\/script><\/div>\n<\/div>\n<\/div>\n<\/div>\n\n\n\n<h2 class=\"wp-block-heading\" id=\"quels-polluants-puis-je-traiter-avec-le-purificateur-d-air-epur-b01-ecoprime\">Quali inquinanti posso trattare con il purificatore d&#8217;aria ePUR B01 Ecoprime?<\/h2>\n\n\n\n<p>Il purificatore d&#8217;aria ePUR B01 Ecoprime pu\u00f2 essere dotato di diverse configurazioni di filtraggio. Di serie, contiene uno stadio di filtrazione molecolare a carboni attivi per gli <strong>inquinanti gassosi<\/strong> (VOC, odori, formaldeidi, ecc.) e uno stadio di <strong>filtrazione del particolato<\/strong> (filtro di classe F a saturazione HEPA) per trattare le polveri sottili, gli inquinanti gassosi, gli odori, i VOC e i virus e batteri presenti nell&#8217;aria. <\/p>\n\n\n\n<div class=\"wp-block-buttons is-horizontal is-content-justification-center is-layout-flex wp-container-core-buttons-is-layout-03627597 wp-block-buttons-is-layout-flex\">\n<div class=\"wp-block-button has-custom-width wp-block-button__width-100\"><a class=\"wp-block-button__link wp-element-button\" href=\"https:\/\/obera.fr\/it\/contattaci\/\">Saperne di pi\u00f9<\/a><\/div>\n<\/div>\n\n\n\n<div style=\"height:20px\" aria-hidden=\"true\" class=\"wp-block-spacer\"><\/div>\n\n\n\n<div class=\"wp-block-columns is-layout-flex wp-container-core-columns-is-layout-28f84493 wp-block-columns-is-layout-flex\">\n<div class=\"wp-block-column is-layout-flow wp-block-column-is-layout-flow\">\n<h3 class=\"wp-block-heading has-text-align-center\" id=\"polluants\">Inquinanti<\/h3>\n\n\n\n<hr class=\"wp-block-separator has-css-opacity is-style-wide\"\/>\n\n\n\n<div class=\"wp-block-columns is-layout-flex wp-container-core-columns-is-layout-28f84493 wp-block-columns-is-layout-flex\">\n<div class=\"wp-block-column is-layout-flow wp-block-column-is-layout-flow\">\n<figure class=\"wp-block-image aligncenter size-large\"><img decoding=\"async\" width=\"70\" height=\"70\" src=\"https:\/\/obera.fr\/wp-content\/uploads\/2020\/08\/polluants-poussieres.jpg\" alt=\"Inquinanti Polvere\" class=\"wp-image-675\"\/><figcaption class=\"wp-element-caption\">Polvere<\/figcaption><\/figure>\n<\/div>\n\n\n\n<div class=\"wp-block-column is-layout-flow wp-block-column-is-layout-flow\">\n<figure class=\"wp-block-image aligncenter size-large\"><img decoding=\"async\" width=\"70\" height=\"70\" src=\"https:\/\/obera.fr\/wp-content\/uploads\/2020\/10\/industrie-aerosols.jpg\" alt=\"Aerosol industriali\" class=\"wp-image-1201\"\/><figcaption class=\"wp-element-caption\">Aerosol<\/figcaption><\/figure>\n<\/div>\n<\/div>\n\n\n\n<p><\/p>\n<\/div>\n\n\n\n<div class=\"wp-block-column is-layout-flow wp-block-column-is-layout-flow\">\n<h3 class=\"wp-block-heading has-text-align-center\" id=\"industries\">Industrie<\/h3>\n\n\n\n<hr class=\"wp-block-separator has-css-opacity is-style-wide\"\/>\n\n\n\n<p>Adatto a tutti i tipi di aziende, sar\u00e0 indispensabile in :<\/p>\n\n\n\n<ul class=\"wp-block-list\">\n<li>Uffici e sale riunioni<\/li>\n\n\n\n<li>Spazi aperti<\/li>\n\n\n\n<li>Artigiani<\/li>\n\n\n\n<li>Parrucchieri<\/li>\n\n\n\n<li>Nail art<\/li>\n\n\n\n<li>Commercio di sigarette elettroniche e liquidi per sigarette elettroniche<\/li>\n\n\n\n<li>Studi medici<\/li>\n\n\n\n<li>Dentisti<\/li>\n\n\n\n<li>Odontotecnici<\/li>\n\n\n\n<li>EPHAD<\/li>\n\n\n\n<li>Ottici<\/li>\n\n\n\n<li>Hotel<\/li>\n\n\n\n<li>Ristoranti<\/li>\n\n\n\n<li>Negozi di pr\u00eat-\u00e0-porter<\/li>\n\n\n\n<li>Premendo<\/li>\n\n\n\n<li>Centri sportivi e di fitness<\/li>\n\n\n\n<li>Primeurs<\/li>\n\n\n\n<li>Asili e scuole<\/li>\n<\/ul>\n<\/div>\n<\/div>\n\n\n\n<h2 class=\"wp-block-heading\" id=\"quelles-sont-les-caracteristiques-du-purificateur-d-air-epur-b01-ecoprime\">Quali sono le caratteristiche del purificatore d&#8217;aria ePUR B01 Ecoprime?<\/h2>\n\n\n\n<figure class=\"wp-block-image alignright size-medium\"><img decoding=\"async\" width=\"300\" height=\"206\" src=\"https:\/\/obera.fr\/wp-content\/uploads\/2020\/10\/epur-ecoprime-300x206.jpg\" alt=\"Epur Ecoprime\" class=\"wp-image-1240\" srcset=\"https:\/\/obera.fr\/wp-content\/uploads\/2020\/10\/epur-ecoprime-300x206.jpg 300w, https:\/\/obera.fr\/wp-content\/uploads\/2020\/10\/epur-ecoprime-768x528.jpg 768w, https:\/\/obera.fr\/wp-content\/uploads\/2020\/10\/epur-ecoprime.jpg 900w\" sizes=\"(max-width: 300px) 100vw, 300px\" \/><figcaption class=\"wp-element-caption\">EcoPrime<\/figcaption><\/figure>\n\n\n\n<p>Questo apparecchio \u00e8 dotato di un <strong>filtro antiparticolato ad alta efficienza impregnato di carbone<\/strong>, che gli permette di catturare oltre il 99,9% delle polveri e degli inquinanti gassosi. La sua potenza \u00e8 completamente regolabile, in modo da poter adattare la portata alle tue esigenze. Grazie alle sue dimensioni compatte di 25x25x33 cm, si adatta comodamente anche agli ambienti di lavoro pi\u00f9 piccoli.    <\/p>\n\n\n\n<p>Pu\u00f2 trattare efficacemente gli inquinanti di un&#8217;area fino a 60m\u00b2. \u00c8 efficiente dal punto di vista energetico, con un rating A+ di soli 14W. Il purificatore d&#8217;aria ePUR B01 Ecoprime \u00e8 <strong>silenzioso<\/strong>, con un livello di rumorosit\u00e0 di 48db a piena potenza, quindi puoi posizionarlo il pi\u00f9 vicino possibile a te senza che ti disturbi.  <\/p>\n\n\n\n<h2 class=\"wp-block-heading\" id=\"quels-sont-ses-avantages\"><strong>Quali sono i suoi vantaggi?<\/strong><\/h2>\n\n\n\n<p>In primo luogo, il purificatore d&#8217;aria protegge i dipendenti dalle particelle fini e da altri inquinanti gassosi, aiutando a prevenire tutti i tipi di malattie polmonari e cardiache. <strong>La filtrazione HEPA<\/strong> elimina anche virus, batteri e spore per limitare le epidemie causate da agenti patogeni, agenti aerei e allergeni. <\/p>\n\n\n\n<p>C&#8217;\u00e8 anche un vantaggio in termini di costi di pulizia. L&#8217;apparecchio tratta la polvere e altri agenti inquinanti che altrimenti si depositerebbero nello spazio di lavoro. Inoltre, non richiede praticamente alcuna manutenzione. A seconda di come viene utilizzato e del livello di inquinanti presenti nella stanza, i suoi filtri devono essere cambiati solo una volta all&#8217;anno. Questo purificatore d&#8217;aria compatto, con il suo design elegante e moderno, star\u00e0 benissimo in qualsiasi stanza.    <\/p>\n\n\n\n<p>In alcuni casi, il nostro purificatore d&#8217;aria professionale viene utilizzato per rispettare il limite di esposizione professionale (OEL).<\/p>\n\n\n\n<div class=\"wp-block-columns is-layout-flex wp-container-core-columns-is-layout-28f84493 wp-block-columns-is-layout-flex\">\n<div class=\"wp-block-column is-layout-flow wp-block-column-is-layout-flow\">\n<h3 class=\"wp-block-heading has-text-align-center\" id=\"avantages\">Vantaggi<\/h3>\n\n\n\n<ul class=\"wp-block-list\">\n<li>Filtro HEPA sintetico impregnato di carbone attivo ad alta efficienza.<\/li>\n\n\n\n<li>Risparmio energetico: max. 14W <\/li>\n\n\n\n<li>Massima efficienza fino a 60m\u00b2.<\/li>\n<\/ul>\n<\/div>\n\n\n\n<div class=\"wp-block-column is-layout-flow wp-block-column-is-layout-flow\">\n<h3 class=\"wp-block-heading has-text-align-center\" id=\"particularites\">Caratteristiche speciali<\/h3>\n\n\n\n<ul class=\"wp-block-list\">\n<li>Potenza regolabile da 0 a 100%.<\/li>\n\n\n\n<li>Un design moderno e ordinato<\/li>\n\n\n\n<li>Compatto 25cm x 25cm x 33cm<\/li>\n\n\n\n<li>Silenziosit\u00e0: max. 48 dB a piena potenza <\/li>\n<\/ul>\n<\/div>\n\n\n\n<div class=\"wp-block-column is-layout-flow wp-block-column-is-layout-flow\">\n<h3 class=\"wp-block-heading has-text-align-center\" id=\"caracteristiques\">Caratteristiche<\/h3>\n\n\n\n<ul class=\"wp-block-list\">\n<li>Oltre il 99,9% di filtrazione di particelle fini e composti organici volatili (VOC)<\/li>\n\n\n\n<li>Filtra virus, batteri e spore: aiuta a limitare le epidemie causate da agenti patogeni trasportati dall&#8217;aria.<\/li>\n<\/ul>\n<\/div>\n<\/div>\n\n\n\n<div class=\"wp-block-buttons is-horizontal is-content-justification-center is-layout-flex wp-container-core-buttons-is-layout-03627597 wp-block-buttons-is-layout-flex\">\n<div class=\"wp-block-button has-custom-width wp-block-button__width-100\"><a class=\"wp-block-button__link wp-element-button\" href=\"https:\/\/obera.fr\/it\/contattaci\/\">Saperne di pi\u00f9<\/a><\/div>\n<\/div>\n\n\n\n<h2 class=\"wp-block-heading\" id=\"exemples-de-domaine-d-application-pour-le-epur-b01-ecoprime\">Esempi di applicazioni per ePUR B01 Ecoprime :<\/h2>\n\n\n\n<h3 class=\"wp-block-heading\" id=\"secteur-medical-hopitaux-ehpad-veterinaires-pedicures-podologues-dentistes-et-prothesistes-dentaires-cabinets-medicaux-espaces-funeraires\">Settore medico (ospedali, case di cura, veterinari, chiropodisti, dentisti e odontotecnici, studi medici, pompe funebri)<\/h3>\n\n\n\n<p>Le esigenze sono diverse:<\/p>\n\n\n\n<ul class=\"wp-block-list\">\n<li>Migliorare la qualit\u00e0 dell&#8217;aria per <strong>ridurre la contaminazione atmosferica<\/strong>(virus, batteri)<\/li>\n\n\n\n<li>Disinfetta e <strong>previene la diffusione di virus<\/strong>, batteri, ecc.<\/li>\n\n\n\n<li>Eliminare gli odori fastidiosi e <strong>neutralizzare varie forme di inquinamento olfattivo<\/strong><\/li>\n\n\n\n<li><strong>Ridurre i livelli di polvere<\/strong> derivanti dalle attivit\u00e0 che generano polvere<\/li>\n<\/ul>\n\n\n\n<h2 class=\"wp-block-heading\" id=\"les-autres-purificateur-d-air-de-la-marque-obera\">Altri depuratori d&#8217;aria del marchio oberA<\/h2>\n\n\n\n<div class=\"wp-block-columns is-layout-flex wp-container-core-columns-is-layout-28f84493 wp-block-columns-is-layout-flex\">\n<div class=\"wp-block-column is-layout-flow wp-block-column-is-layout-flow\">\n<figure class=\"wp-block-image aligncenter size-medium is-resized\"><a href=\"https:\/\/obera.fr\/it\/produits\/purificateurs-air\/filtower\/\"><img decoding=\"async\" width=\"300\" height=\"300\" src=\"https:\/\/obera.fr\/wp-content\/uploads\/2020\/09\/FILTOWER-SF-300x300.png\" alt=\"Filtower Sf\" class=\"wp-image-1017\" style=\"width:150px;height:150px\" srcset=\"https:\/\/obera.fr\/wp-content\/uploads\/2020\/09\/FILTOWER-SF-300x300.png 300w, https:\/\/obera.fr\/wp-content\/uploads\/2020\/09\/FILTOWER-SF-150x150.png 150w, https:\/\/obera.fr\/wp-content\/uploads\/2020\/09\/FILTOWER-SF.png 600w\" sizes=\"(max-width: 300px) 100vw, 300px\" \/><\/a><figcaption class=\"wp-element-caption\">Filtower<\/figcaption><\/figure>\n<\/div>\n\n\n\n<div class=\"wp-block-column is-layout-flow wp-block-column-is-layout-flow\">\n<figure class=\"wp-block-image aligncenter size-medium is-resized\"><a href=\"https:\/\/obera.fr\/it\/produits\/purificateurs-air\/professionnel-epur-ca\/\"><img decoding=\"async\" width=\"300\" height=\"300\" src=\"https:\/\/obera.fr\/wp-content\/uploads\/2020\/09\/gamme-epur-ca-300x300.jpg\" alt=\"Gamma Epur Ca\" class=\"wp-image-1015\" style=\"width:150px;height:150px\" srcset=\"https:\/\/obera.fr\/wp-content\/uploads\/2020\/09\/gamme-epur-ca-300x300.jpg 300w, https:\/\/obera.fr\/wp-content\/uploads\/2020\/09\/gamme-epur-ca-150x150.jpg 150w, https:\/\/obera.fr\/wp-content\/uploads\/2020\/09\/gamme-epur-ca.jpg 433w\" sizes=\"(max-width: 300px) 100vw, 300px\" \/><\/a><figcaption class=\"wp-element-caption\">ePUR CA<\/figcaption><\/figure>\n<\/div>\n\n\n\n<div class=\"wp-block-column is-layout-flow wp-block-column-is-layout-flow\">\n<figure class=\"wp-block-image aligncenter size-full\"><a href=\"https:\/\/obera.fr\/it\/produits\/purificateurs-air\/industriel-epur\/\"><img decoding=\"async\" width=\"150\" height=\"150\" src=\"https:\/\/obera.fr\/wp-content\/uploads\/2023\/05\/gamme-epur.png\" alt=\"Gamma epur\" class=\"wp-image-22632\"\/><\/a><figcaption class=\"wp-element-caption\">ePUR<\/figcaption><\/figure>\n<\/div>\n\n\n\n<div class=\"wp-block-column is-layout-flow wp-block-column-is-layout-flow\">\n<figure class=\"wp-block-image aligncenter size-full\"><a href=\"https:\/\/obera.fr\/it\/produits\/purificateurs-air\/purificateur-rafraichisseur-epur150-fresh\/\"><img decoding=\"async\" width=\"150\" height=\"150\" src=\"https:\/\/obera.fr\/wp-content\/uploads\/2023\/04\/epur150-fresh-4.png\" alt=\"epur150 fresco (4)\" class=\"wp-image-22427\"\/><\/a><figcaption class=\"wp-element-caption\">ePUR150 FRESH<\/figcaption><\/figure>\n<\/div>\n<\/div>\n","protected":false},"excerpt":{"rendered":"<p>ePUR B01 Ecoprime \u00e8 un purificatore d&#8217;aria professionale per piccoli volumi. Come funziona il nostro purificatore d&#8217;aria? Il funzionamento \u00e8 semplice: l&#8217;aria inquinata viene aspirata nella parte superiore dell&#8217;unit\u00e0, poi passa attraverso diversi strati di filtrazione all&#8217;interno dell&#8217;unit\u00e0, prima di essere scaricata nella parte inferiore direttamente nel tuo spazio di lavoro. Quali sono i suoi usi? Questa unit\u00e0 di trattamento dell&#8217;aria \u00e8 adatta praticamente a tutti i tipi di attivit\u00e0. Sar\u00e0 efficace in spazi di piccole e medie dimensioni, come uffici, sale riunioni, saloni di parrucchieri, saloni per unghie, hotel, tintorie, palazzetti dello sport, studi medici, dentisti, case di cura, &#8230; <\/p>\n<p class=\"read-more-container\"><a title=\"ePUR B01 Purificatore d&#8217;aria per polveri Ecoprime\" class=\"read-more button\" href=\"https:\/\/obera.fr\/it\/produits\/purificateurs-air\/epur-b01-purificatore-daria-per-polveri-ecoprime\/#more-44173\" aria-label=\"Per saperne di pi\u00f9 su ePUR B01 Purificatore d&#8217;aria per polveri Ecoprime\">Lire la suite<\/a><\/p>\n","protected":false},"author":4,"featured_media":83742,"parent":37679,"menu_order":0,"comment_status":"closed","ping_status":"closed","template":"","meta":{"_acf_changed":false,"_seopress_robots_primary_cat":"","_seopress_titles_title":"ePUR B01 Purificatore d'aria per polveri Ecoprime - oberA","_seopress_titles_desc":"Il purificatore d'aria Ecoprime ePUR B01 \u00e8 dotato di diverse configurazioni di filtraggio. Questa unit\u00e0 di trattamento dell'aria \u00e8 adatta a tutte le aziende","_seopress_robots_index":"","footnotes":""},"class_list":{"0":"post-44173","1":"page","2":"type-page","3":"status-publish","4":"has-post-thumbnail","6":"no-featured-image-padding","7":"resize-featured-image"},"acf":[],"_links":{"self":[{"href":"https:\/\/obera.fr\/it\/wp-json\/wp\/v2\/pages\/44173","targetHints":{"allow":["GET"]}}],"collection":[{"href":"https:\/\/obera.fr\/it\/wp-json\/wp\/v2\/pages"}],"about":[{"href":"https:\/\/obera.fr\/it\/wp-json\/wp\/v2\/types\/page"}],"author":[{"embeddable":true,"href":"https:\/\/obera.fr\/it\/wp-json\/wp\/v2\/users\/4"}],"replies":[{"embeddable":true,"href":"https:\/\/obera.fr\/it\/wp-json\/wp\/v2\/comments?post=44173"}],"version-history":[{"count":2,"href":"https:\/\/obera.fr\/it\/wp-json\/wp\/v2\/pages\/44173\/revisions"}],"predecessor-version":[{"id":71708,"href":"https:\/\/obera.fr\/it\/wp-json\/wp\/v2\/pages\/44173\/revisions\/71708"}],"up":[{"embeddable":true,"href":"https:\/\/obera.fr\/it\/wp-json\/wp\/v2\/pages\/37679"}],"wp:featuredmedia":[{"embeddable":true,"href":"https:\/\/obera.fr\/it\/wp-json\/wp\/v2\/media\/83742"}],"wp:attachment":[{"href":"https:\/\/obera.fr\/it\/wp-json\/wp\/v2\/media?parent=44173"}],"curies":[{"name":"wp","href":"https:\/\/api.w.org\/{rel}","templated":true}]}}