{"id":44569,"date":"2020-05-01T17:18:19","date_gmt":"2020-05-01T15:18:19","guid":{"rendered":"https:\/\/obera.fr\/i-nostri-prodotti\/trattamento-dei-voc-e-degli-odori\/"},"modified":"2025-04-22T09:35:08","modified_gmt":"2025-04-22T07:35:08","slug":"traitement-cov","status":"publish","type":"page","link":"https:\/\/obera.fr\/it\/produits\/traitement-cov\/","title":{"rendered":"Trattamento dei VOC e degli odori"},"content":{"rendered":"\n<p>I nostri <strong>distruttori di VOC e odori industriali<\/strong> sono una gamma di apparecchiature appositamente progettate per <strong>trattare gli inquinanti gassosi<\/strong>, come i composti organici volatili (VOC), gli odori, i fumi e vari composti chimici. Le nostre apparecchiature sono adatte a tutti i tipi di industria. Grazie alla filtrazione molecolare con carbone attivo, gli inquinanti vengono filtrati e catturati per adsorbimento.  <\/p>\n\n<p>I processi industriali e i prodotti utilizzati sul luogo di lavoro rilasciano inquinanti gassosi comunemente noti come COV. Questi inquinanti sono generalmente composti derivati da idrocarburi, solventi, composti di zolfo, ecc. <\/p>\n\n<p>Dove possibile, i composti organici volatili (COV) devono essere <strong>estratti<\/strong>, <strong>trattati<\/strong> e poi <strong>scaricati all&#8217;esterno<\/strong>.<\/p>\n\n<p>In molti casi, questo non \u00e8 possibile e un sistema mobile di cattura della sorgente o di trattamento ambientale vicino alla postazione di lavoro pu\u00f2 ridurre significativamente l&#8217;esposizione dell&#8217;operatore.<\/p>\n\n\n<h2 class=\"wp-block-heading\">La nostra gamma di eliminatori di odori e COV industriali<\/h2>\n\n<div class=\"wp-block-columns is-layout-flex wp-container-core-columns-is-layout-28f84493 wp-block-columns-is-layout-flex\">\n<div class=\"wp-block-column is-layout-flow wp-block-column-is-layout-flow\">\n<h3 class=\"wp-block-heading has-text-align-center\"><a href=\"https:\/\/obera.fr\/it\/produits\/purificateurs-air\/professionnel-epur-ca\/\">EPUR CA: Trattamento ambientale<\/a><\/h3>\n\n\n\n<figure class=\"wp-block-image aligncenter size-medium\"><a href=\"https:\/\/obera.fr\/produits\/purificateurs-air\/professionnel-epur-ca\/\"><img decoding=\"async\" width=\"300\" height=\"300\" src=\"https:\/\/obera.fr\/wp-content\/uploads\/2020\/09\/gamme-epur-ca-300x300.jpg\" alt=\"Gamma Epur Ca\" class=\"wp-image-1015\" srcset=\"https:\/\/obera.fr\/wp-content\/uploads\/2020\/09\/gamme-epur-ca-300x300.jpg 300w, https:\/\/obera.fr\/wp-content\/uploads\/2020\/09\/gamme-epur-ca-150x150.jpg 150w, https:\/\/obera.fr\/wp-content\/uploads\/2020\/09\/gamme-epur-ca.jpg 433w\" sizes=\"(max-width: 300px) 100vw, 300px\" \/><\/a><figcaption class=\"wp-element-caption\">ePUR CA<\/figcaption><\/figure>\n\n\n\n<p><a href=\"https:\/\/obera.fr\/it\/produits\/purificateurs-air\/professionnel-epur-ca\/\" data-type=\"page\" data-id=\"409\">EPUR CA<\/a>, un sistema professionale di trattamento dell&#8217;aria mobile che non richiede tubature o assemblaggio. Progettato per la cattura ambientale, viene spesso utilizzato insieme alla cattura alla fonte per estrarre e filtrare i COV e altri inquinanti gassosi mediante adsorbimento. Il tipo di carbone attivo pu\u00f2 essere scelto tra un&#8217;ampia gamma, a seconda dell&#8217;inquinante da trattare, per un&#8217;efficienza ottimale.    <\/p>\n\n\n\n<p><a href=\"https:\/\/obera.fr\/it\/produits\/purificateurs-air\/\" data-type=\"page\" data-id=\"26\">I purificatori d&#8217;aria ePUR CA<\/a> trattano e riducono in modo significativo i cattivi odori in casa. Gli odori vengono intrappolati in modo efficace. <\/p>\n\n\n\n<p><\/p>\n<\/div>\n<\/div>\n\n<div class=\"wp-block-columns is-layout-flex wp-container-core-columns-is-layout-28f84493 wp-block-columns-is-layout-flex\">\n<div class=\"wp-block-column is-layout-flow wp-block-column-is-layout-flow\">\n<h3 class=\"wp-block-heading has-text-align-center\"><a href=\"https:\/\/obera.fr\/it\/produits\/traitement-cov\/filtre-anti-poussiere-epur010-b-ca\/\">EPUR 10 B CA<\/a><\/h3>\n\n\n\n<figure class=\"wp-block-image aligncenter size-medium\"><a href=\"https:\/\/obera.fr\/produits\/traitement-cov\/filtre-anti-poussiere-epur010-b-ca\/\"><img decoding=\"async\" width=\"300\" height=\"300\" src=\"https:\/\/obera.fr\/wp-content\/uploads\/2020\/09\/ePUR010B-CA-300x300.png\" alt=\"Epur 010 b Ca\" class=\"wp-image-1038\" srcset=\"https:\/\/obera.fr\/wp-content\/uploads\/2020\/09\/ePUR010B-CA-300x300.png 300w, https:\/\/obera.fr\/wp-content\/uploads\/2020\/09\/ePUR010B-CA-150x150.png 150w, https:\/\/obera.fr\/wp-content\/uploads\/2020\/09\/ePUR010B-CA.png 433w\" sizes=\"(max-width: 300px) 100vw, 300px\" \/><\/a><figcaption class=\"wp-element-caption\">ePUR 10 B CA<\/figcaption><\/figure>\n\n\n\n<p><a href=\"https:\/\/obera.fr\/it\/produits\/traitement-cov\/filtre-anti-poussiere-epur010-b-ca\/\" data-type=\"page\" data-id=\"426\">EPUR 10 B CA<\/a> \u00e8 un <strong>sistema mobile professionale per la cattura alla fonte<\/strong> e il <strong>trattamento di inquinanti gassosi come vapori<\/strong>, <strong>VOC<\/strong> e <strong>odori utilizzando un filtro a carboni attivi<\/strong>&#8230;  <\/p>\n\n\n\n<p>Questo dispositivo non solo migliora la qualit\u00e0 dell&#8217;aria nel tuo ambiente di lavoro, ma garantisce anche la conformit\u00e0 ai limiti di esposizione professionale<a href=\"https:\/\/obera.fr\/conseils\/reglementation-vlep-evaluation-risque-chimique-lieu-de-travail\/\" data-type=\"post\" data-id=\"6575\">(OEL<\/a>). Pu\u00f2 essere utilizzato come dispositivo di cattura delle sorgenti quando \u00e8 dotato di un braccio. Il coperchio e il braccio si rimuovono facilmente e il dispositivo diventa un purificatore dell&#8217;aria ambiente. Questa unit\u00e0 pu\u00f2 essere dotata di uno o due stadi di filtrazione molecolare (carbone attivo o altri adsorbenti) e\/o di uno o due stadi preliminari di filtrazione del particolato.   <\/p>\n<\/div>\n\n\n\n<div class=\"wp-block-column is-layout-flow wp-block-column-is-layout-flow\">\n<h3 class=\"wp-block-heading has-text-align-center\"><a href=\"https:\/\/obera.fr\/it\/produits\/traitement-cov\/aspiration-mobile-odeurs-epur-box\/\">EPUR-BOX<\/a><\/h3>\n\n\n\n<figure class=\"wp-block-image aligncenter size-medium is-resized\"><a href=\"https:\/\/obera.fr\/produits\/traitement-cov\/aspiration-mobile-odeurs-epur-box\/\"><img decoding=\"async\" width=\"300\" height=\"300\" src=\"https:\/\/obera.fr\/wp-content\/uploads\/2024\/05\/epurbox-brs-300x300.png\" alt=\"epurbox brs\" class=\"wp-image-30328\" style=\"object-fit:cover\" srcset=\"https:\/\/obera.fr\/wp-content\/uploads\/2024\/05\/epurbox-brs-300x300.png 300w, https:\/\/obera.fr\/wp-content\/uploads\/2024\/05\/epurbox-brs-1024x1024.png 1024w, https:\/\/obera.fr\/wp-content\/uploads\/2024\/05\/epurbox-brs-150x150.png 150w, https:\/\/obera.fr\/wp-content\/uploads\/2024\/05\/epurbox-brs-768x768.png 768w, https:\/\/obera.fr\/wp-content\/uploads\/2024\/05\/epurbox-brs.png 1200w\" sizes=\"(max-width: 300px) 100vw, 300px\" \/><\/a><figcaption class=\"wp-element-caption\">ePURBOX  <\/figcaption><\/figure>\n\n\n\n<p><a href=\"https:\/\/obera.fr\/it\/produits\/traitement-cov\/aspiration-mobile-odeurs-epur-box\/\" data-type=\"page\" data-id=\"417\">EPUR-BOX<\/a> \u00e8 un <strong>eliminatore di odori<\/strong> <strong>compatto<\/strong> <strong>e mobile<\/strong> con filtrazione a saturazione per lavori di saldatura occasionali. Un pre-filtro per polveri e fumi e un filtro principale a carboni attivi ad alta efficienza adattabile agli inquinanti da trattare permettono di reintrodurre l&#8217;aria filtrata nell&#8217;ambiente di lavoro attraverso i tre lati della parte inferiore dell&#8217;unit\u00e0.   <\/p>\n\n\n\n<p>La EPUR-BOX \u00e8 <strong>dotata di un braccio rotante<\/strong> di due metri per una cattura efficiente delle sorgenti. Viene solitamente utilizzata nelle industrie metallurgiche, plastiche ed elettroniche. <\/p>\n<\/div>\n<\/div>\n\n<div style=\"height:25px\" aria-hidden=\"true\" class=\"wp-block-spacer\"><\/div>\n\n<div class=\"wp-block-columns is-layout-flex wp-container-core-columns-is-layout-28f84493 wp-block-columns-is-layout-flex\">\n<div class=\"wp-block-column is-layout-flow wp-block-column-is-layout-flow\">\n<h3 class=\"wp-block-heading has-text-align-center\"><a href=\"https:\/\/obera.fr\/it\/produits\/depoussiereurs-industriels\/petits\/aspiration-fumees-soudage-laser-epur-b-ex\/\" data-type=\"page\" data-id=\"480\">EPUR B EX 1000<\/a><\/h3>\n\n\n\n<figure class=\"wp-block-image aligncenter size-medium is-resized\"><a href=\"https:\/\/obera.fr\/produits\/depoussiereurs-industriels\/petits\/aspiration-fumees-soudage-laser-epur-b-ex\/\"><img decoding=\"async\" width=\"300\" height=\"300\" src=\"https:\/\/obera.fr\/wp-content\/uploads\/2022\/02\/ePURBEX-1000-300x300.png\" alt=\"epurbex 1000\" class=\"wp-image-8921\" srcset=\"https:\/\/obera.fr\/wp-content\/uploads\/2022\/02\/ePURBEX-1000-300x300.png 300w, https:\/\/obera.fr\/wp-content\/uploads\/2022\/02\/ePURBEX-1000-150x150.png 150w, https:\/\/obera.fr\/wp-content\/uploads\/2022\/02\/ePURBEX-1000.png 500w\" sizes=\"(max-width: 300px) 100vw, 300px\" \/><\/a><\/figure>\n\n\n\n<p>Il <a href=\"https:\/\/obera.fr\/it\/produits\/depoussiereurs-industriels\/petits\/aspiration-fumees-soudage-laser-epur-b-ex\/\" data-type=\"page\" data-id=\"480\">depolveratore EPUR B Ex<\/a> \u00e8 un&#8217;<strong>unit\u00e0 di aspirazione mobile che distrugge gli odori e i VOC, dotata di filtri a carboni attivi<\/strong>.<\/p>\n\n\n\n<p>\u00c8 particolarmente indicato per l&#8217;<strong>estrazione di fumi odorosi<\/strong> <strong>e VOC<\/strong> da processi che degradano materiali organici o vaporizzano metalli (stampa 3D, produzione additiva, incisione laser, brasatura, incollaggio, pulizia con solventi, ecc.)<\/p>\n\n\n\n<p>Questo dispositivo ha un vuoto elevato e viene utilizzato per raccogliere l&#8217;aria alla fonte tramite uno o due tubi di aspirazione e\/o tramite un braccio posizionato sul coperchio superiore del dispositivo.<\/p>\n\n\n\n<p>Pu\u00f2 essere dotato di 1 o 2 stadi di filtrazione molecolare (carbone attivo) e\/o 1 o 2 stadi preliminari di filtrazione del particolato. Silenzioso e potente, pu\u00f2 aspirare fino a tre piccole postazioni di lavoro o piccole macchine di produzione. Questi depolveratori sono adatti all&#8217;uso nella <a href=\"https:\/\/obera.fr\/it\/produits\/atex\/\" data-type=\"page\" data-id=\"372\">Zona ATEX 22<\/a>.  <\/p>\n<\/div>\n\n\n\n<div class=\"wp-block-column is-layout-flow wp-block-column-is-layout-flow\">\n<h3 class=\"wp-block-heading has-text-align-center\"><a href=\"https:\/\/obera.fr\/it\/produits\/traitement-cov\/filtre-atex-mobile-mobfan-4500\/\" data-type=\"page\" data-id=\"9461\">MOBFAN 4500<\/a><\/h3>\n\n\n\n<figure class=\"wp-block-image aligncenter size-medium is-resized\"><a href=\"https:\/\/obera.fr\/produits\/traitement-cov\/filtre-atex-mobile-mobfan-4500\/\"><img decoding=\"async\" width=\"300\" height=\"300\" src=\"https:\/\/obera.fr\/wp-content\/uploads\/2022\/03\/Filtre-mobile-ATEX-MOBFAN4500-300x300.png\" alt=\"filtro mobile atex mobfan4500\" class=\"wp-image-9464\" srcset=\"https:\/\/obera.fr\/wp-content\/uploads\/2022\/03\/Filtre-mobile-ATEX-MOBFAN4500-300x300.png 300w, https:\/\/obera.fr\/wp-content\/uploads\/2022\/03\/Filtre-mobile-ATEX-MOBFAN4500-150x150.png 150w, https:\/\/obera.fr\/wp-content\/uploads\/2022\/03\/Filtre-mobile-ATEX-MOBFAN4500.png 500w\" sizes=\"(max-width: 300px) 100vw, 300px\" \/><\/a><\/figure>\n\n\n\n<p>L&#8217;innovativo <a href=\"https:\/\/obera.fr\/it\/produits\/traitement-cov\/filtre-atex-mobile-mobfan-4500\/\" data-type=\"page\" data-id=\"9461\">filtro a carbone attivo MOBFAN 4500 ATEX <\/a>\u00e8 stato progettato appositamente per trattare odori, solventi, VOC e altri inquinanti gassosi.  <\/p>\n\n\n\n<p>L&#8217;apparecchio si adatta perfettamente alle tue esigenze, in quanto pu\u00f2 essere collegato a qualsiasi sistema di aspirazione: tavolo di aspirazione, schienale di aspirazione, tubature, condotti, bracci di aspirazione, ecc.  <\/p>\n\n\n\n<p>L&#8217;aria viene aspirata da un ventilatore da 4500m3\/h e soffiata direttamente attraverso una cartuccia da 36 kg caricata con carbone attivo (18,5 kg).  <\/p>\n\n\n\n<p><strong>Il MOBFAN 4500 \u00e8 certificato ATEX zona polvere 22 e ATEX zona gas 2.<\/strong><\/p>\n<\/div>\n<\/div>\n\n<p>I nostri filtri sono realizzati con <strong>carbone attivo granulare<\/strong>, che garantisce una durata maggiore e li rende pi\u00f9 leggeri. In questo modo aumentano anche la loro efficienza, a differenza della fibra di carbone attivo. <\/p>\n\n<h2 class=\"wp-block-heading\">Come scegliere il giusto sistema di eliminazione degli odori e dei VOC?<\/h2>\n\n<p>\u00c8 fondamentale scegliere il giusto sistema di filtraggio, altrimenti l&#8217;apparecchio potrebbe essere inadatto e dover sostituire i materiali di consumo troppo spesso, oppure potrebbe usurarsi molto rapidamente e smettere di funzionare.<\/p>\n\n<p>Ecco le principali insidie da evitare:<\/p>\n\n<ul class=\"wp-block-list\">\n<li><strong>Aspirazione di inquinanti gassosi ad alto contenuto di polvere<\/strong>: in questo caso, i pre-filtri a saturazione si intasano molto rapidamente e richiedono una manutenzione regolare. \u00c8 quindi preferibile optare per la filtrazione delle particelle utilizzando un depuratore<a href=\"https:\/\/obera.fr\/it\/produits\/depoussiereurs-industriels\/mobiles\/extracteur-poussiere-pulverulente-dustomat-16m\/\" data-type=\"page\" data-id=\"449\">(ad esempio DUSTOMAT 16<\/a> o <a href=\"https:\/\/obera.fr\/it\/produits\/depoussiereurs-industriels\/mobiles\/extracteur-poussiere-dustomat-4\/\" data-type=\"page\" data-id=\"440\">DUSTOMAT 4<\/a> ) combinato con uno stadio di filtrazione aggiuntivo a carboni attivi. <\/li>\n\n\n\n<li><strong>Inquinanti impossibili o difficili da trattare con il carbone attivo<\/strong>: non tutti gli inquinanti possono essere adsorbiti dal carbone attivo. Vedi l&#8217;elenco dei principali inquinanti e la loro capacit\u00e0 di adsorbimento) link al file &#8220;Potenziale di adsorbimento degli inquinanti&#8221;. <\/li>\n<\/ul>\n\n<p>Se stai facendo la ricerca da solo, assicurati di informarti sulla capacit\u00e0 di <strong>filtraggio<\/strong> dell <strong>&#8216;unit\u00e0<\/strong>, che dipende dall&#8217;inquinante, dal suo stato (solido o gassoso) e dalla sua quantit\u00e0. In questo modo potrai scegliere il tipo di filtro che il depolveratore dovr\u00e0 avere. In secondo luogo, \u00e8 necessario conoscere la potenza dell&#8217;unit\u00e0, in altre parole la sua portata. Anche in questo caso, <strong>la portata dell&#8217;apparecchio<\/strong> dipender\u00e0 dalla quantit\u00e0 di inquinanti, ma anche dalla superficie dell&#8217;ambiente da trattare. Pi\u00f9 grande \u00e8 lo spazio, maggiore sar\u00e0 la portata richiesta.    <\/p>\n\n<p>Il passo successivo \u00e8 decidere quale <strong>accessorio<\/strong> montare: un condotto da collegare alla macchina di produzione o un braccio di aspirazione per una postazione di lavoro.<\/p>\n\n<div class=\"wp-block-buttons is-horizontal is-content-justification-center is-layout-flex wp-container-core-buttons-is-layout-03627597 wp-block-buttons-is-layout-flex\">\n<div class=\"wp-block-button has-custom-width wp-block-button__width-100\"><a class=\"wp-block-button__link wp-element-button\" href=\"https:\/\/obera.fr\/it\/contattaci\/\">Saperne di pi\u00f9<\/a><\/div>\n<\/div>\n\n<p><\/p>\n\n<h2 class=\"wp-block-heading\">Quale carbone scegliere?<\/h2>\n\n<p>OBERA dispone di un&#8217;ampia gamma di carboni attivi e adsorbenti adatti agli inquinanti da trattare.<\/p>\n\n<div class=\"wp-block-buttons is-content-justification-center is-layout-flex wp-container-core-buttons-is-layout-a89b3969 wp-block-buttons-is-layout-flex\">\n<div class=\"wp-block-button\"><a class=\"wp-block-button__link wp-element-button\" href=\"https:\/\/obera.fr\/wp-content\/uploads\/2020\/11\/52-odeurs.jpg\">Scopri i nostri carboni attivi<\/a><\/div>\n<\/div>\n\n<p><\/p>\n\n<h3 class=\"wp-block-heading\">Come si calcola la durata massima del carbone attivo?<\/h3>\n\n<p>\u00c8 molto difficile prevedere la durata di un carico di carbone attivo.<\/p>\n\n<p>Tuttavia, pu\u00f2 essere compreso se si conosce la concentrazione media dell&#8217;inquinante da trattare. Nel migliore dei casi, il carbone ha una capacit\u00e0 di trattenere gli inquinanti pari al 50% del suo peso specifico. <\/p>\n\n<p>La longevit\u00e0 del carbone L in ore di funzionamento pu\u00f2 essere approssimata dalla seguente formula: L = (1000 x P x p \/ (Q x c)<\/p>\n\n<p>P il peso della carica di carbone (in kg), p il potenziale di adsorbimento in %, Q la portata in m3\/h, c la concentrazione dell&#8217;inquinante in g\/m3<\/p>\n\n<p>Come regola generale, la frequenza di sostituzione si basa sul feedback. Utilizzando il contaore, puoi registrare la durata di un carico e organizzare una manutenzione preventiva a intervalli regolari. <\/p>\n\n<h3 class=\"wp-block-heading\">Principio dell&#8217;adsorbimento<\/h3>\n\n<p>L&#8217;adsorbimento, da non confondere con l&#8217;assorbimento, rappresenta la capacit\u00e0 di un solido (adsorbente) di legare alla sua superficie alcuni gas chiamati adsorbiti. L&#8217;attrazione tra adsorbente e adsorbato \u00e8 generalmente di tipo elettrostatico. <\/p>\n\n<p>L&#8217;adsorbente \u00e8 quindi un materiale (il carbone attivo, ad esempio) in grado, in virt\u00f9 delle sue propriet\u00e0 chimiche, di attirare determinati gas sulla sua superficie.<\/p>\n\n<p><\/p>\n\n<div class=\"wp-block-columns is-layout-flex wp-container-core-columns-is-layout-28f84493 wp-block-columns-is-layout-flex\">\n<div class=\"wp-block-column is-layout-flow wp-block-column-is-layout-flow\" style=\"flex-basis:25%\"><\/div>\n\n\n\n<div class=\"wp-block-column is-layout-flow wp-block-column-is-layout-flow\" style=\"flex-basis:50%\">\n<figure class=\"wp-block-embed is-type-video is-provider-youtube wp-block-embed-youtube wp-embed-aspect-16-9 wp-has-aspect-ratio\"><div class=\"wp-block-embed__wrapper\">\n<iframe title=\"Fonctionnement charbon actif - OberA\" width=\"1200\" height=\"675\" src=\"https:\/\/www.youtube.com\/embed\/eto9V0iSJOc?feature=oembed\" frameborder=\"0\" allow=\"accelerometer; autoplay; clipboard-write; encrypted-media; gyroscope; picture-in-picture; web-share\" referrerpolicy=\"strict-origin-when-cross-origin\" allowfullscreen><\/iframe>\n<\/div><\/figure>\n<\/div>\n\n\n\n<div class=\"wp-block-column is-layout-flow wp-block-column-is-layout-flow\" style=\"flex-basis:25%\"><\/div>\n<\/div>\n\n<p><\/p>\n\n<h2 class=\"wp-block-heading\">Quali molecole e odori vengono trattati dai distruttori di VOC e odori industriali di OberA?<\/h2>\n\n<p>Esistono diverse categorie di inquinanti che generano odori:<\/p>\n\n<ul class=\"wp-block-list\">\n<li><strong>Composti dello zolfo<\/strong> (H2S, CS2, COS, SO2, disolfuro di dimetile, mercaptani, biogas, ecc.)<\/li>\n\n\n\n<li><strong>Composti dell&#8217;azoto<\/strong> (NH3, ammine, ecc.)<\/li>\n\n\n\n<li><strong>VOC<\/strong> (acidi grassi volatili, fenoli, composti policiclici aromatici, aldeidi, solventi, metiletilchetone MEK, formoli, ftalati, acetoni, toluene, xileni, stirene, tioli, formaldeidi, ecc.)<\/li>\n<\/ul>\n\n<p>Gli odori presenti nell&#8217;aria degli edifici industriali e professionali dipendono spesso dalla temperatura. In generale, pi\u00f9 alta \u00e8 la temperatura dell&#8217;aria, pi\u00f9 intensi sono gli odori. <\/p>\n\n<h2 class=\"wp-block-heading\">In quali settori industriali si trovano molecole odorose e VOC?<\/h2>\n\n<ul class=\"wp-block-list\">\n<li><strong>Acciaierie e fonderie: <\/strong>cattivi odori da scorie, VOC e odori da resine fenoliche, odori di anime, ecc. \u00c8 facile installare un distruttore di odori nelle officine di anime, nelle aree di colata o anche nelle sale di controllo e supervisione delle acciaierie. Questa soluzione per la cattura di VOC e odori offre una semplice protezione agli operatori dell&#8217;area. <\/li>\n\n\n\n<li><strong>Plastica: <\/strong>cattivi odori di plastica fusa o bruciata, odori di stampaggio e iniezione, VOC, odori e vapori di resina e fibra di vetro, vapori di stirene, odori di estrusione, odori rilasciati durante la fusione di polimeri termoplastici e termoindurenti.<\/li>\n\n\n\n<li><strong>Industria alimentare: <\/strong>cattivi odori derivanti dalla cottura<strong>, dalla <\/strong>panificazione e dall&#8217;essiccazione, cibi fritti, odori di macinazione, miscelazione e condimento, odori di caff\u00e8, odori di produzione di aromi e coloranti, cattivi odori di pesce, odori di affumicatura, cattivi odori di fermentazione e di lievito.<\/li>\n\n\n\n<li><strong>Laboratori di verniciatura e finitura:<\/strong> odori di vernici, vernici, VOC e solventi, ecc.<\/li>\n\n\n\n<li><strong>Officine di stampa:<\/strong> odori di vernice, VOC e solventi, ecc&#8230;<\/li>\n\n\n\n<li><strong>Laboratori di restauro e conservazione di opere d&#8217;arte: <\/strong>VOC e odori provenienti da vernici, solventi e permetrina.<\/li>\n\n\n\n<li><strong>Rifiuti:<\/strong> cattivi odori provenienti dallo stoccaggio dei rifiuti, cattivi odori provenienti da officine di riparazione dei cassonetti, centri di selezione e riciclaggio, compostaggio, metanizzazione.<\/li>\n\n\n\n<li><strong>Lavanderia e lavanderia:<\/strong> odori di percloroetilene, ecc&#8230;<\/li>\n\n\n\n<li><strong>Lavorazione:<\/strong> odori di VOC e solventi, odori di fluidi da taglio, odori di vapori di olio, ecc.<\/li>\n\n\n\n<li><strong>Legno: <\/strong>VOC e odori derivanti dall&#8217;incollaggio, odori di colla per bordatura, odori di verniciatura, ecc.<\/li>\n\n\n\n<li><strong>Cosmetici:<\/strong> odori intensi di oli essenziali nella produzione, postazioni di lavoro per la formulazione, VOC e odori di solventi, alcoli e additivi, ecc.<\/li>\n\n\n\n<li><strong>Prodotti per l&#8217;igiene:<\/strong> odori di profumi concentrati, odori di oli essenziali, ecc&#8230;<\/li>\n\n\n\n<li><strong>Uffici, uffici open space, sale d&#8217;attesa, mense, case di cura: <\/strong>odori sgradevoli legati alla ventilazione, odori di tabacco, odori di cucina, odori di sudore, ecc&#8230;<\/li>\n<\/ul>\n\n<div class=\"wp-block-buttons is-horizontal is-content-justification-center is-layout-flex wp-container-core-buttons-is-layout-03627597 wp-block-buttons-is-layout-flex\">\n<div class=\"wp-block-button has-custom-width wp-block-button__width-100\"><a class=\"wp-block-button__link wp-element-button\" href=\"https:\/\/obera.fr\/it\/contattaci\/\">Saperne di pi\u00f9<\/a><\/div>\n<\/div>\n","protected":false},"excerpt":{"rendered":"<p>I nostri distruttori di VOC e odori industriali sono una gamma di apparecchiature appositamente progettate per trattare gli inquinanti gassosi, come i composti organici volatili (VOC), gli odori, i fumi e vari composti chimici. Le nostre apparecchiature sono adatte a tutti i tipi di industria. Grazie alla filtrazione molecolare con carbone attivo, gli inquinanti vengono filtrati e catturati per adsorbimento. I processi industriali e i prodotti utilizzati sul luogo di lavoro rilasciano inquinanti gassosi comunemente noti come COV. Questi inquinanti sono generalmente composti derivati da idrocarburi, solventi, composti di zolfo, ecc. Dove possibile, i composti organici volatili (COV) devono essere &#8230; <\/p>\n<p class=\"read-more-container\"><a title=\"Trattamento dei VOC e degli odori\" class=\"read-more button\" href=\"https:\/\/obera.fr\/it\/produits\/traitement-cov\/#more-44569\" aria-label=\"Per saperne di pi\u00f9 su Trattamento dei VOC e degli odori\">Lire la suite<\/a><\/p>\n","protected":false},"author":4,"featured_media":83742,"parent":36427,"menu_order":2,"comment_status":"closed","ping_status":"closed","template":"","meta":{"_acf_changed":false,"_seopress_robots_primary_cat":"","_seopress_titles_title":"Top destructeurs d\u2019odeur industriel et traitement des COV","_seopress_titles_desc":"Les destructeurs d\u2019odeurs d'oberA sont sp\u00e9cialement d\u00e9di\u00e9s aux traitements des polluants sous forme gazeuse comme les compos\u00e9s organiques volatils (COV).","_seopress_robots_index":"","_seopress_analysis_target_kw":"destructeur d'odeur industriel","footnotes":""},"class_list":{"0":"post-44569","1":"page","2":"type-page","3":"status-publish","4":"has-post-thumbnail","6":"no-featured-image-padding","7":"resize-featured-image"},"acf":[],"_links":{"self":[{"href":"https:\/\/obera.fr\/it\/wp-json\/wp\/v2\/pages\/44569","targetHints":{"allow":["GET"]}}],"collection":[{"href":"https:\/\/obera.fr\/it\/wp-json\/wp\/v2\/pages"}],"about":[{"href":"https:\/\/obera.fr\/it\/wp-json\/wp\/v2\/types\/page"}],"author":[{"embeddable":true,"href":"https:\/\/obera.fr\/it\/wp-json\/wp\/v2\/users\/4"}],"replies":[{"embeddable":true,"href":"https:\/\/obera.fr\/it\/wp-json\/wp\/v2\/comments?post=44569"}],"version-history":[{"count":9,"href":"https:\/\/obera.fr\/it\/wp-json\/wp\/v2\/pages\/44569\/revisions"}],"predecessor-version":[{"id":75753,"href":"https:\/\/obera.fr\/it\/wp-json\/wp\/v2\/pages\/44569\/revisions\/75753"}],"up":[{"embeddable":true,"href":"https:\/\/obera.fr\/it\/wp-json\/wp\/v2\/pages\/36427"}],"wp:featuredmedia":[{"embeddable":true,"href":"https:\/\/obera.fr\/it\/wp-json\/wp\/v2\/media\/83742"}],"wp:attachment":[{"href":"https:\/\/obera.fr\/it\/wp-json\/wp\/v2\/media?parent=44569"}],"curies":[{"name":"wp","href":"https:\/\/api.w.org\/{rel}","templated":true}]}}