{"id":45117,"date":"2024-04-05T22:55:29","date_gmt":"2024-04-05T20:55:29","guid":{"rendered":"https:\/\/obera.fr\/aspiratore-industriale-w2-xr\/"},"modified":"2025-06-03T10:08:25","modified_gmt":"2025-06-03T08:08:25","slug":"w2-xr-atex-22","status":"publish","type":"page","link":"https:\/\/obera.fr\/it\/produits\/aspirateurs-industriels\/w2-xr-atex-22\/","title":{"rendered":"Aspiratore industriale W2 XR"},"content":{"rendered":"\n<p>Scopri l \u201caspirapolvere industriale W2 XR per l\u201d aspirazione di solidi e liquidi a prova di esplosione. Apparecchiature compatte, mobili e ad alte prestazioni per ridurre il rischio di accensione ed esplosione nelle tue unit\u00e0 produttive.<\/p>\n\n\n\n<h2 class=\"wp-block-heading\">Aspiratore industriale W2 XR con certificazione ATEX Zona 22: principio e applicazione<\/h2>\n\n\n\n<div class=\"wp-block-columns is-layout-flex wp-container-core-columns-is-layout-28f84493 wp-block-columns-is-layout-flex\">\n<div class=\"wp-block-column is-layout-flow wp-block-column-is-layout-flow\" style=\"flex-basis:33.33%\">\n<figure class=\"wp-block-image size-full is-resized\"><img decoding=\"async\" width=\"566\" height=\"671\" src=\"https:\/\/obera.fr\/wp-content\/uploads\/2024\/10\/w2-xr-2.png\" alt=\"Aspiratori industriali\" class=\"wp-image-35431\" style=\"object-fit:cover;width:300px;height:300px\" srcset=\"https:\/\/obera.fr\/wp-content\/uploads\/2024\/10\/w2-xr-2.png 566w, https:\/\/obera.fr\/wp-content\/uploads\/2024\/10\/w2-xr-2-253x300.png 253w\" sizes=\"(max-width: 566px) 100vw, 566px\" \/><\/figure>\n<\/div>\n\n\n\n<div class=\"wp-block-column is-layout-flow wp-block-column-is-layout-flow\" style=\"flex-basis:66.66%\">\n<p>L&#8217;<strong>aspirapolvere industriale W2 XR<\/strong> \u00e8 progettato per aspirare solidi e liquidi a prova di esplosione. La sua struttura \u00e8 progettata per evitare l&#8217;accumulo di elettricit\u00e0 statica grazie al filtro antistatico in poliestere (protezione dell&#8217;unit\u00e0 filtro). Per evitare il surriscaldamento, l&#8217;unit\u00e0 \u00e8 dotata di un motore monofase senza spazzole, che genera meno calore e attrito di un motore a spazzole. Questo design \u00e8 pienamente conforme alle norme ATEX per le zone di Classe 22.   <\/p>\n\n\n\n<p>Per quali usi? La serie W2 XR \u00e8 calibrata per ridurre al minimo i rischi in atmosfere esplosive: impianti di produzione chimica, impianti di lavorazione alimentare, impianti di lavorazione del legno, impianti di produzione di metalli, impianti di produzione di energia, ecc. L&#8217;aspirapolvere industriale W2 XR soddisfa i requisiti di tutti i tipi di industrie che generano polveri combustibili, dannose anche per la salute degli operatori. <\/p>\n\n\n\n<div class=\"wp-block-columns is-layout-flex wp-container-core-columns-is-layout-28f84493 wp-block-columns-is-layout-flex\">\n<div class=\"wp-block-column is-layout-flow wp-block-column-is-layout-flow\">\n<div class=\"wp-block-buttons is-layout-flex wp-block-buttons-is-layout-flex\">\n<div class=\"wp-block-button\"><a class=\"wp-block-button__link wp-element-button\" href=\"https:\/\/obera.fr\/wp-content\/uploads\/2025\/06\/brochure-w2-xr-en.pdf\">SCARICA LA BROCHURE<\/a><\/div>\n<\/div>\n<\/div>\n\n\n\n<div class=\"wp-block-column is-layout-flow wp-block-column-is-layout-flow\">\n<div class=\"wp-block-buttons is-layout-flex wp-block-buttons-is-layout-flex\">\n<div class=\"wp-block-button\"><a class=\"wp-block-button__link wp-element-button\" href=\"https:\/\/obera.fr\/contact\/\">HAI BISOGNO DI UNA CONSULENZA PERSONALIZZATA?<\/a><\/div>\n<\/div>\n<\/div>\n\n\n\n<div class=\"wp-block-column is-layout-flow wp-block-column-is-layout-flow\">\n<div class=\"wp-block-buttons is-content-justification-center is-layout-flex wp-container-core-buttons-is-layout-a89b3969 wp-block-buttons-is-layout-flex\">\n<div class=\"wp-block-button btn-devis-source\"><a class=\"wp-block-button__link wp-element-button\" href=\"https:\/\/obera.fr\/it\/devis\/\">Richiedi un preventivo<\/a><\/div>\n<\/div>\n\n\n<script>\r\ndocument.addEventListener('DOMContentLoaded', function() {\r\n    \/\/ 1. On cherche le titre H1 de la page\r\n    var h1 = document.querySelector('h1');\r\n    var productTitle = h1 ? h1.innerText.trim() : \"\";\r\n\r\n    \/\/ 2. On cherche les boutons via la classe CSS .btn-devis-source\r\n    var buttons = document.querySelectorAll('.btn-devis-source a');\r\n\r\n    \/\/ 3. Si on a le titre et les boutons, on ajoute le param\u00e8tre\r\n    if (buttons.length > 0 && productTitle !== \"\") {\r\n        var encodedTitle = encodeURIComponent(productTitle);\r\n\r\n        buttons.forEach(function(btn) {\r\n            var currentHref = btn.getAttribute('href');\r\n            \r\n            \/\/ S\u00e9curit\u00e9 pour ne pas ajouter le param\u00e8tre 2 fois\r\n            if (currentHref.indexOf('sujet=') === -1) {\r\n                var separator = currentHref.indexOf('?') !== -1 ? '&' : '?';\r\n                var newLink = currentHref + separator + 'sujet=' + encodedTitle;\r\n                \r\n                btn.setAttribute('href', newLink);\r\n            }\r\n        });\r\n    }\r\n});\r\n<\/script><\/div>\n<\/div>\n<\/div>\n<\/div>\n\n\n\n<h2 class=\"wp-block-heading\">Quali sono le specifiche tecniche dell&#8217;aspirapolvere industriale W2 XR?<\/h2>\n\n\n\n<p>L&#8217;aspirapolvere industriale W2 XR produce un flusso d&#8217;aria fino a 215 m3\/h e una potenza di 1,1 kW, che gli conferiscono un&#8217;elevata capacit\u00e0 di aspirazione. \u00c8 dotato di un sistema di pulizia a spostamento verticale per facilitare la pulizia e garantire la massima durata. L <a href=\"https:\/\/obera.fr\/it\/produits\/aspirateurs-industriels\/\" data-type=\"page\" data-id=\"41\">&#8216;aspirapolvere<\/a> \u00e8 dotato di un serbatoio da 40 litri e di un sistema di svuotamento rimovibile per spostare il contenitore al punto di smaltimento dei rifiuti. Per soddisfare i requisiti di tutti i settori, le unit\u00e0 di aspirazione, filtraggio e raccolta sono realizzate in acciaio inox.  <\/p>\n\n\n\n<p>All&#8217;interno, l&#8217;unit\u00e0 di aspirazione \u00e8 insonorizzata e l&#8217;unit\u00e0 di filtraggio \u00e8 protetta da un filtro antistatico in poliestere. Il sistema di aspirazione \u00e8 dotato di un ingresso di 50 diametri posizionato sotto il filtro, che gli permette di aspirare contemporaneamente polvere, solidi e liquidi.<\/p>\n\n\n\n<p>Bonus per i professionisti della pulizia: l&#8217;aspirapolvere \u00e8 dotato di accessori come il tubo flessibile di aspirazione, la bacchetta telescopica, le spazzole e l&#8217;attrezzo per le fessure.<\/p>\n\n\n\n<blockquote class=\"wp-block-quote is-layout-flow wp-block-quote-is-layout-flow\">\n<p>Quali sono le opzioni? La versione ATEX dell&#8217;aspirapolvere W2 XR ha una serie di opzioni per soddisfare le tue esigenze: filtro in nomex (resistente al calore fino a 250\u00b0), filtro assoluto Hepa H14, cestello per accessori, filtro di classe M, M PTFE, M teflon idro-oleofobico, classe L e M antistatico, contenitore e camera filtrante in acciaio inox, messa a terra. Chiedi ai nostri team di consigliarti le opzioni pi\u00f9 adatte al tuo settore.<\/p>\n<\/blockquote>\n\n\n\n<h3 class=\"wp-block-heading has-text-align-center\">INDUSTRIE<\/h3>\n\n\n\n<div class=\"wp-block-columns is-layout-flex wp-container-core-columns-is-layout-28f84493 wp-block-columns-is-layout-flex\">\n<div class=\"wp-block-column is-layout-flow wp-block-column-is-layout-flow\">\n<hr class=\"wp-block-separator has-alpha-channel-opacity\"\/>\n\n\n\n<div class=\"wp-block-columns is-layout-flex wp-container-core-columns-is-layout-28f84493 wp-block-columns-is-layout-flex\">\n<div class=\"wp-block-column is-layout-flow wp-block-column-is-layout-flow\">\n<figure class=\"wp-block-image aligncenter size-thumbnail is-resized\"><img decoding=\"async\" width=\"150\" height=\"150\" src=\"https:\/\/obera.fr\/wp-content\/uploads\/2022\/02\/Textile-150x150.png\" alt=\"tessile\" class=\"wp-image-8855\"\/><figcaption class=\"wp-element-caption\">Tessili<\/figcaption><\/figure>\n\n\n\n<figure class=\"wp-block-image aligncenter size-thumbnail is-resized\"><img decoding=\"async\" width=\"150\" height=\"150\" src=\"https:\/\/obera.fr\/wp-content\/uploads\/2022\/02\/Plastique-150x150.png\" alt=\"plastica\" class=\"wp-image-8854\"\/><figcaption class=\"wp-element-caption\">In plastica<\/figcaption><\/figure>\n<\/div>\n\n\n\n<div class=\"wp-block-column is-layout-flow wp-block-column-is-layout-flow\">\n<figure class=\"wp-block-image aligncenter size-thumbnail is-resized\"><img decoding=\"async\" width=\"150\" height=\"150\" src=\"https:\/\/obera.fr\/wp-content\/uploads\/2022\/02\/MINERAIS-150x150.png\" alt=\"minerali\" class=\"wp-image-8847\"\/><figcaption class=\"wp-element-caption\">Minerali<\/figcaption><\/figure>\n\n\n\n<figure class=\"wp-block-image aligncenter size-thumbnail is-resized\"><img decoding=\"async\" width=\"150\" height=\"150\" src=\"https:\/\/obera.fr\/wp-content\/uploads\/2022\/02\/Metalurgie-150x150.png\" alt=\"metallurgia\" class=\"wp-image-8857\"\/><figcaption class=\"wp-element-caption\">Metallurgia<\/figcaption><\/figure>\n\n\n\n<figure class=\"wp-block-image aligncenter size-thumbnail is-resized\"><img decoding=\"async\" width=\"150\" height=\"150\" src=\"https:\/\/obera.fr\/wp-content\/uploads\/2023\/02\/sans-titre-2023-02-14t102211.641-150x150.png\" alt=\"Agricoltura\" class=\"wp-image-18828\"\/><figcaption class=\"wp-element-caption\">Agricoltura<\/figcaption><\/figure>\n<\/div>\n<\/div>\n<\/div>\n\n\n\n<div class=\"wp-block-column is-layout-flow wp-block-column-is-layout-flow\">\n<hr class=\"wp-block-separator has-alpha-channel-opacity\"\/>\n\n\n\n<div class=\"wp-block-columns is-layout-flex wp-container-core-columns-is-layout-28f84493 wp-block-columns-is-layout-flex\">\n<div class=\"wp-block-column is-layout-flow wp-block-column-is-layout-flow\">\n<figure class=\"wp-block-image aligncenter size-thumbnail is-resized\"><img decoding=\"async\" width=\"150\" height=\"150\" src=\"https:\/\/obera.fr\/wp-content\/uploads\/2022\/02\/Chimie-150x150.png\" alt=\"chimica\" class=\"wp-image-8846\"\/><figcaption class=\"wp-element-caption\">Chimica<\/figcaption><\/figure>\n\n\n\n<figure class=\"wp-block-image aligncenter size-thumbnail is-resized\"><img decoding=\"async\" width=\"150\" height=\"150\" src=\"https:\/\/obera.fr\/wp-content\/uploads\/2022\/02\/Travail-du-bois-150x150.png\" alt=\"lavorazione del legno\" class=\"wp-image-8856\"\/><figcaption class=\"wp-element-caption\">Lavorazione del legno<\/figcaption><\/figure>\n\n\n\n<figure class=\"wp-block-image aligncenter size-thumbnail is-resized\"><img decoding=\"async\" width=\"150\" height=\"150\" src=\"https:\/\/obera.fr\/wp-content\/uploads\/2023\/02\/sans-titre-2023-02-14t101920.185-150x150.png\" alt=\"Aviazione\" class=\"wp-image-18831\"\/><figcaption class=\"wp-element-caption\">Aviazione<\/figcaption><\/figure>\n<\/div>\n\n\n\n<div class=\"wp-block-column is-layout-flow wp-block-column-is-layout-flow\">\n<figure class=\"wp-block-image aligncenter size-thumbnail is-resized\"><img decoding=\"async\" width=\"150\" height=\"150\" src=\"https:\/\/obera.fr\/wp-content\/uploads\/2022\/02\/AGROALIMENTAIRE-150x150.png\" alt=\"agroalimentare\" class=\"wp-image-8844\"\/><figcaption class=\"wp-element-caption\">Industria alimentare<\/figcaption><\/figure>\n\n\n\n<figure class=\"wp-block-image aligncenter size-thumbnail is-resized\"><img decoding=\"async\" width=\"150\" height=\"150\" src=\"https:\/\/obera.fr\/wp-content\/uploads\/2022\/02\/Papier-carton-150x150.png\" alt=\"carta e cartone\" class=\"wp-image-8853\"\/><figcaption class=\"wp-element-caption\">Carta\/cartone<\/figcaption><\/figure>\n\n\n\n<figure class=\"wp-block-image aligncenter size-thumbnail is-resized\"><img decoding=\"async\" width=\"150\" height=\"150\" src=\"https:\/\/obera.fr\/wp-content\/uploads\/2023\/02\/sans-titre-2023-02-14t101712.416-150x150.png\" alt=\"Automotive\" class=\"wp-image-18834\"\/><figcaption class=\"wp-element-caption\">Automotive<\/figcaption><\/figure>\n<\/div>\n<\/div>\n<\/div>\n<\/div>\n\n\n\n<table id=\"tablepress-198\" class=\"tablepress tablepress-id-198\">\n<tbody class=\"row-striping row-hover\">\n<tr class=\"row-1\">\n\t<td class=\"column-1\">Zones ATEX<\/td><td class=\"column-2\"><\/td><td class=\"column-3\">22<\/td>\n<\/tr>\n<tr class=\"row-2\">\n\t<td class=\"column-1\">Marquage<\/td><td class=\"column-2\"><\/td><td class=\"column-3\">EX II 3D Ex tc IIIB T135\u00b0C X Dc<\/td>\n<\/tr>\n<tr class=\"row-3\">\n\t<td class=\"column-1\">Tension<\/td><td class=\"column-2\">V-HZ<\/td><td class=\"column-3\">230<\/td>\n<\/tr>\n<tr class=\"row-4\">\n\t<td class=\"column-1\">Puissance<\/td><td class=\"column-2\">kW<\/td><td class=\"column-3\">1.1<\/td>\n<\/tr>\n<tr class=\"row-5\">\n\t<td class=\"column-1\">Protection \u00e9lectrique<\/td><td class=\"column-2\">IP<\/td><td class=\"column-3\">55<\/td>\n<\/tr>\n<tr class=\"row-6\">\n\t<td class=\"column-1\">D\u00e9pression maximum<\/td><td class=\"column-2\">Pa<\/td><td class=\"column-3\">2.250 Pa<\/td>\n<\/tr>\n<tr class=\"row-7\">\n\t<td class=\"column-1\">D\u00e9bit d\u2019air max<\/td><td class=\"column-2\">m3\/h<\/td><td class=\"column-3\">215<\/td>\n<\/tr>\n<tr class=\"row-8\">\n\t<td class=\"column-1\">Diam\u00e8tre embouchure<\/td><td class=\"column-2\">mm<\/td><td class=\"column-3\">50<\/td>\n<\/tr>\n<tr class=\"row-9\">\n\t<td class=\"column-1\">Type de filtre<\/td><td class=\"column-2\"><\/td><td class=\"column-3\">\u00c0 poches en \u00e9toile<\/td>\n<\/tr>\n<tr class=\"row-10\">\n\t<td class=\"column-1\">Surface<\/td><td class=\"column-2\">cm2<\/td><td class=\"column-3\">20.000<\/td>\n<\/tr>\n<tr class=\"row-11\">\n\t<td class=\"column-1\">Syst\u00e8me de nettoyage<\/td><td class=\"column-2\"><\/td><td class=\"column-3\">Manuel<\/td>\n<\/tr>\n<tr class=\"row-12\">\n\t<td class=\"column-1\">Bac de r\u00e9colte<\/td><td class=\"column-2\"><\/td><td class=\"column-3\">Acier<\/td>\n<\/tr>\n<tr class=\"row-13\">\n\t<td class=\"column-1\">Syst\u00e8me de vidange<\/td><td class=\"column-2\"><\/td><td class=\"column-3\">Bac d\u00e9crochable<\/td>\n<\/tr>\n<tr class=\"row-14\">\n\t<td class=\"column-1\">Capacit\u00e9<\/td><td class=\"column-2\">litre<\/td><td class=\"column-3\">40<\/td>\n<\/tr>\n<tr class=\"row-15\">\n\t<td class=\"column-1\">Dimensions<\/td><td class=\"column-2\">cm<\/td><td class=\"column-3\">55x63x124<\/td>\n<\/tr>\n<\/tbody>\n<\/table>\n\n\n\n\n<div class=\"wp-block-buttons is-content-justification-center is-layout-flex wp-container-core-buttons-is-layout-a89b3969 wp-block-buttons-is-layout-flex\">\n<div class=\"wp-block-button\"><a class=\"wp-block-button__link wp-element-button\" href=\"https:\/\/obera.fr\/wp-content\/uploads\/2024\/04\/obera_brochure-w2-xr-fr.pdf\">SCARICA LA SCHEDA TECNICA DEL PRODOTTO<\/a><\/div>\n<\/div>\n\n\n\n<h2 class=\"wp-block-heading\">Aspirapolvere W2 XR: i vantaggi di un aspirapolvere compatto ad alta filtrazione<\/h2>\n\n\n\n<p>L \u201caspirapolvere industriale W2 XR offre tutti i vantaggi della serie W2, in particolare un\u201d elevata mobilit\u00e0 per un utilizzo facile e confortevole da parte degli operatori. Un rivestimento fonoassorbente intorno al motore per ridurre il pi\u00f9 possibile il rumore ed evitare di disturbare gli equipaggi.  <\/p>\n\n\n\n<p>La sua versatilit\u00e0 \u00e8 ovviamente un criterio chiave per gli industriali, in quanto la sua tecnologia wet-dry combinata con la conformit\u00e0 ATEX significa che pu\u00f2 gestire polvere, solidi e liquidi antideflagranti. \u00c8 anche facile da mantenere, grazie allo scuotitore del filtro incorporato che rende la pulizia un gioco da ragazzi. Tutto ci\u00f2 che l&#8217;operatore deve fare \u00e8 attivare la leva dello scuotitore per una pulizia manuale immediata.<\/p>\n\n\n\n<p>Infine, il principale vantaggio della Serie W2 XR \u00e8 la sua certificazione ATEX Zona 22. Grazie a questo aspirapolvere industriale, potrai soddisfare i tuoi obblighi di conformit\u00e0. L&#8217;utilizzo di un aspirapolvere certificato ATEX Zona 22 \u00e8 essenziale per garantire la sicurezza del tuo team e delle tue propriet\u00e0.  <\/p>\n\n\n\n<div class=\"wp-block-columns is-layout-flex wp-container-core-columns-is-layout-28f84493 wp-block-columns-is-layout-flex\">\n<div class=\"wp-block-column is-layout-flow wp-block-column-is-layout-flow\" style=\"flex-basis:33.34%\">\n<h3 class=\"wp-block-heading\">Vantaggi :<\/h3>\n\n\n\n<ul class=\"wp-block-list\">\n<li>Aspiratore compatto e mobile;<\/li>\n\n\n\n<li>Riduzione del rischio di allergie e malattie respiratorie;<\/li>\n\n\n\n<li>Soddisfa i requisiti della normativa ATEX.<\/li>\n<\/ul>\n<\/div>\n\n\n\n<div class=\"wp-block-column is-layout-flow wp-block-column-is-layout-flow\" style=\"flex-basis:33.34%\">\n<h3 class=\"wp-block-heading\">Caratteristiche speciali:<\/h3>\n\n\n\n<ul class=\"wp-block-list\">\n<li>Aspirazione di particelle, solidi e liquidi a prova di esplosione, conforme alla normativa ATEX Zona 22.<\/li>\n<\/ul>\n<\/div>\n\n\n\n<div class=\"wp-block-column is-layout-flow wp-block-column-is-layout-flow\" style=\"flex-basis:33.33%\">\n<h3 class=\"wp-block-heading\">Caratteristiche :<\/h3>\n\n\n\n<ul class=\"wp-block-list\">\n<li>Filtro a sacchetto in poliestere antistatico;<\/li>\n\n\n\n<li>Motore brushless monofase ;<\/li>\n\n\n\n<li>Sistema di intasamento con spia luminosa.<\/li>\n<\/ul>\n<\/div>\n<\/div>\n\n\n\n<h2 class=\"wp-block-heading\">Hai ancora dubbi sull&#8217;efficienza dell&#8217;aspirapolvere W2 XR per il tuo settore?<\/h2>\n\n\n\n<p>Noi di OberA sappiamo che il livello di rischio di esplosione nella zona 22 varia in base a una serie di fattori: tipo di polvere, quantit\u00e0, fonti di accensione, ecc. Per adottare la giusta soluzione di aspirazione, effettuiamo una diagnosi nelle tue officine e ti offriamo una prova dell&#8217;attrezzatura con opzione di acquisto.<\/p>\n\n\n\n<div class=\"wp-block-buttons is-content-justification-center is-layout-flex wp-container-core-buttons-is-layout-a89b3969 wp-block-buttons-is-layout-flex\">\n<div class=\"wp-block-button\"><a class=\"wp-block-button__link wp-element-button\" href=\"https:\/\/obera.fr\/it\/contact\/\">PROVA L&#8217;ASPIRAPOLVERE W2 XR<\/a><\/div>\n<\/div>\n\n\n\n<h2 class=\"wp-block-heading\">Altri aspirapolvere industriali della gamma<\/h2>\n\n\n\n<div class=\"wp-block-columns is-layout-flex wp-container-core-columns-is-layout-28f84493 wp-block-columns-is-layout-flex\">\n<div class=\"wp-block-column is-layout-flow wp-block-column-is-layout-flow\">\n<figure class=\"wp-block-image aligncenter size-full is-resized\"><a href=\"https:\/\/obera.fr\/produits\/aspirateurs-industriels\/ventilateurs-aspiration-gamme-eurosog-rg-100-800\/\"><img decoding=\"async\" width=\"600\" height=\"600\" src=\"https:\/\/obera.fr\/wp-content\/uploads\/2024\/04\/obera-ventilateur-aspiration-rg-300-400.jpg\" alt=\"aspiratore obera rg 300 400\" class=\"wp-image-29437\" style=\"width:349px;height:auto\" srcset=\"https:\/\/obera.fr\/wp-content\/uploads\/2024\/04\/obera-ventilateur-aspiration-rg-300-400.jpg 600w, https:\/\/obera.fr\/wp-content\/uploads\/2024\/04\/obera-ventilateur-aspiration-rg-300-400-300x300.jpg 300w, https:\/\/obera.fr\/wp-content\/uploads\/2024\/04\/obera-ventilateur-aspiration-rg-300-400-150x150.jpg 150w\" sizes=\"(max-width: 600px) 100vw, 600px\" \/><\/a><figcaption class=\"wp-element-caption\">RG 300\/400<\/figcaption><\/figure>\n<\/div>\n\n\n\n<div class=\"wp-block-column is-layout-flow wp-block-column-is-layout-flow\">\n<figure class=\"wp-block-image aligncenter size-full is-resized\"><a href=\"https:\/\/obera.fr\/produits\/aspirateurs-industriels\/w2-haute-filtration-polyvalence\/\"><img decoding=\"async\" width=\"711\" height=\"622\" src=\"https:\/\/obera.fr\/wp-content\/uploads\/2024\/10\/w2.png\" alt=\"Aspiratori industriali\" class=\"wp-image-35424\" style=\"object-fit:cover;width:300px;height:300px\" srcset=\"https:\/\/obera.fr\/wp-content\/uploads\/2024\/10\/w2.png 711w, https:\/\/obera.fr\/wp-content\/uploads\/2024\/10\/w2-300x262.png 300w\" sizes=\"(max-width: 711px) 100vw, 711px\" \/><\/a><figcaption class=\"wp-element-caption\">W2<\/figcaption><\/figure>\n<\/div>\n\n\n\n<div class=\"wp-block-column is-layout-flow wp-block-column-is-layout-flow\">\n<figure class=\"wp-block-image aligncenter size-full is-resized\"><a href=\"https:\/\/obera.fr\/produits\/aspirateurs-industriels\/w3-pour-nettoyage-general\/\"><img decoding=\"async\" width=\"658\" height=\"652\" src=\"https:\/\/obera.fr\/wp-content\/uploads\/2024\/10\/w3.png\" alt=\"w3\" class=\"wp-image-35427\" style=\"object-fit:cover;width:300px;height:300px\" srcset=\"https:\/\/obera.fr\/wp-content\/uploads\/2024\/10\/w3.png 658w, https:\/\/obera.fr\/wp-content\/uploads\/2024\/10\/w3-300x297.png 300w, https:\/\/obera.fr\/wp-content\/uploads\/2024\/10\/w3-150x150.png 150w, https:\/\/obera.fr\/wp-content\/uploads\/2024\/10\/w3-24x24.png 24w, https:\/\/obera.fr\/wp-content\/uploads\/2024\/10\/w3-48x48.png 48w, https:\/\/obera.fr\/wp-content\/uploads\/2024\/10\/w3-96x96.png 96w\" sizes=\"(max-width: 658px) 100vw, 658px\" \/><\/a><figcaption class=\"wp-element-caption\">W3<\/figcaption><\/figure>\n<\/div>\n<\/div>\n","protected":false},"excerpt":{"rendered":"<p>Scopri l \u201caspirapolvere industriale W2 XR per l\u201d aspirazione di solidi e liquidi a prova di esplosione. Apparecchiature compatte, mobili e ad alte prestazioni per ridurre il rischio di accensione ed esplosione nelle tue unit\u00e0 produttive. Aspiratore industriale W2 XR con certificazione ATEX Zona 22: principio e applicazione L&#8217;aspirapolvere industriale W2 XR \u00e8 progettato per aspirare solidi e liquidi a prova di esplosione. La sua struttura \u00e8 progettata per evitare l&#8217;accumulo di elettricit\u00e0 statica grazie al filtro antistatico in poliestere (protezione dell&#8217;unit\u00e0 filtro). Per evitare il surriscaldamento, l&#8217;unit\u00e0 \u00e8 dotata di un motore monofase senza spazzole, che genera meno calore &#8230; <\/p>\n<p class=\"read-more-container\"><a title=\"Aspiratore industriale W2 XR\" class=\"read-more button\" href=\"https:\/\/obera.fr\/it\/produits\/aspirateurs-industriels\/w2-xr-atex-22\/#more-45117\" aria-label=\"Per saperne di pi\u00f9 su Aspiratore industriale W2 XR\">Lire la suite<\/a><\/p>\n","protected":false},"author":4,"featured_media":83742,"parent":48459,"menu_order":0,"comment_status":"closed","ping_status":"closed","template":"","meta":{"_acf_changed":false,"_seopress_robots_primary_cat":"","_seopress_titles_title":"Aspiratore industriale W2 XR ATEX 22 oberA","_seopress_titles_desc":"Compatta e performante, scopri la Serie W2 XR per l'aspirazione di solidi e liquidi a prova di esplosione. Apparecchiature che puoi provare con la possibilit\u00e0 di acquistare grazie a OberA.","_seopress_robots_index":"","footnotes":""},"class_list":{"0":"post-45117","1":"page","2":"type-page","3":"status-publish","4":"has-post-thumbnail","6":"no-featured-image-padding","7":"resize-featured-image"},"acf":[],"_links":{"self":[{"href":"https:\/\/obera.fr\/it\/wp-json\/wp\/v2\/pages\/45117","targetHints":{"allow":["GET"]}}],"collection":[{"href":"https:\/\/obera.fr\/it\/wp-json\/wp\/v2\/pages"}],"about":[{"href":"https:\/\/obera.fr\/it\/wp-json\/wp\/v2\/types\/page"}],"author":[{"embeddable":true,"href":"https:\/\/obera.fr\/it\/wp-json\/wp\/v2\/users\/4"}],"replies":[{"embeddable":true,"href":"https:\/\/obera.fr\/it\/wp-json\/wp\/v2\/comments?post=45117"}],"version-history":[{"count":8,"href":"https:\/\/obera.fr\/it\/wp-json\/wp\/v2\/pages\/45117\/revisions"}],"predecessor-version":[{"id":107165,"href":"https:\/\/obera.fr\/it\/wp-json\/wp\/v2\/pages\/45117\/revisions\/107165"}],"up":[{"embeddable":true,"href":"https:\/\/obera.fr\/it\/wp-json\/wp\/v2\/pages\/48459"}],"wp:featuredmedia":[{"embeddable":true,"href":"https:\/\/obera.fr\/it\/wp-json\/wp\/v2\/media\/83742"}],"wp:attachment":[{"href":"https:\/\/obera.fr\/it\/wp-json\/wp\/v2\/media?parent=45117"}],"curies":[{"name":"wp","href":"https:\/\/api.w.org\/{rel}","templated":true}]}}