{"id":45366,"date":"2022-10-10T09:41:03","date_gmt":"2022-10-10T07:41:03","guid":{"rendered":"https:\/\/obera.fr\/i-nostri-prodotti\/purificatori-daria-industriali\/purificatore-daria-rinfrescante-epur150-fresh\/"},"modified":"2025-05-27T15:24:15","modified_gmt":"2025-05-27T13:24:15","slug":"purificateur-rafraichisseur-epur150-fresh","status":"publish","type":"page","link":"https:\/\/obera.fr\/it\/produits\/purificateurs-air\/purificateur-rafraichisseur-epur150-fresh\/","title":{"rendered":"Purificatore d&#8217;aria rinfrescante ePUR150 FRESH"},"content":{"rendered":"\n<h2 class=\"wp-block-heading\">Purificare e rinfrescare<\/h2>\n\n<p>Il purificatore d&#8217;aria industriale <strong>ePUR150 FRESH<\/strong> \u00e8 ideale per purificare e rinfrescare tutti i tipi di aree di lavoro, capannoni industriali, punti caldi, ecc. in modo totalmente naturale e a basso consumo energetico.<\/p>\n\n<h2 class=\"wp-block-heading\">Come funziona?<\/h2>\n\n<div class=\"wp-block-columns is-layout-flex wp-container-core-columns-is-layout-28f84493 wp-block-columns-is-layout-flex\">\n<div class=\"wp-block-column is-vertically-aligned-top is-layout-flow wp-block-column-is-layout-flow\" style=\"flex-basis:33.33%\">\n<figure class=\"wp-block-image aligncenter size-full is-resized\"><img decoding=\"async\" width=\"700\" height=\"700\" src=\"https:\/\/obera.fr\/wp-content\/uploads\/2023\/04\/epur150-fresh-3.png\" alt=\"epur150 fresh 3\" class=\"wp-image-22417\" style=\"width:350px\" srcset=\"https:\/\/obera.fr\/wp-content\/uploads\/2023\/04\/epur150-fresh-3.png 700w, https:\/\/obera.fr\/wp-content\/uploads\/2023\/04\/epur150-fresh-3-300x300.png 300w, https:\/\/obera.fr\/wp-content\/uploads\/2023\/04\/epur150-fresh-3-150x150.png 150w\" sizes=\"(max-width: 700px) 100vw, 700px\" \/><\/figure>\n\n\n\n<div class=\"wp-block-columns is-layout-flex wp-container-core-columns-is-layout-28f84493 wp-block-columns-is-layout-flex\">\n<div class=\"wp-block-column is-layout-flow wp-block-column-is-layout-flow\">\n<figure class=\"wp-block-image alignright size-thumbnail is-resized\"><img decoding=\"async\" width=\"150\" height=\"150\" src=\"https:\/\/obera.fr\/wp-content\/uploads\/2023\/10\/design-sans-titre-36-150x150.png\" alt=\"design senza titolo 36\" class=\"wp-image-24781\" style=\"object-fit:cover;width:80px;height:80px\" srcset=\"https:\/\/obera.fr\/wp-content\/uploads\/2023\/10\/design-sans-titre-36-150x150.png 150w, https:\/\/obera.fr\/wp-content\/uploads\/2023\/10\/design-sans-titre-36.png 300w\" sizes=\"(max-width: 150px) 100vw, 150px\" \/><\/figure>\n<\/div>\n\n\n\n<div class=\"wp-block-column is-layout-flow wp-block-column-is-layout-flow\">\n<figure class=\"wp-block-image alignleft size-full is-resized\"><img decoding=\"async\" width=\"300\" height=\"300\" src=\"https:\/\/obera.fr\/wp-content\/uploads\/2023\/10\/design-sans-titre-37.png\" alt=\"design senza titolo 37\" class=\"wp-image-24784\" style=\"object-fit:cover;width:80px;height:80px\" srcset=\"https:\/\/obera.fr\/wp-content\/uploads\/2023\/10\/design-sans-titre-37.png 300w, https:\/\/obera.fr\/wp-content\/uploads\/2023\/10\/design-sans-titre-37-150x150.png 150w\" sizes=\"(max-width: 300px) 100vw, 300px\" \/><\/figure>\n<\/div>\n<\/div>\n<\/div>\n\n\n\n<div class=\"wp-block-column is-vertically-aligned-center is-layout-flow wp-block-column-is-layout-flow\" style=\"flex-basis:66.66%\">\n<p>Il suo principio di funzionamento di base consiste nell&#8217;aspirare l&#8217;aria, facendola passare attraverso <strong>diversi stadi di filtrazione (G4\/F8)<\/strong>. Nella stagione calda, i pannelli a nido d&#8217;ape presenti possono essere umidificati, <strong>rinfrescando<\/strong> l&#8217;ambiente di lavoro con aria purificata. <\/p>\n\n\n\n<p>L&#8217;aria <strong>purificata e\/o raffreddata <\/strong>viene soffiata nella stanza, garantendo una qualit\u00e0 dell&#8217;aria e un comfort termico ottimali.<\/p>\n\n\n\n<p>Il purificatore d&#8217;aria industriale rinfrescante sviluppa una portata d&#8217;aria di <strong>15.000 m3\/h<\/strong>, con una pressione disponibile a una portata massima di <strong>100 Pa<\/strong>. La sua capacit\u00e0 \u00e8 adatta a stanze da <strong>70m\u00b2 a 400m\u00b2<\/strong>. <\/p>\n\n\n\n<div class=\"wp-block-columns is-layout-flex wp-container-core-columns-is-layout-28f84493 wp-block-columns-is-layout-flex\">\n<div class=\"wp-block-column is-layout-flow wp-block-column-is-layout-flow\">\n<div class=\"wp-block-buttons is-horizontal is-content-justification-center is-layout-flex wp-container-core-buttons-is-layout-03627597 wp-block-buttons-is-layout-flex\">\n<div class=\"wp-block-button has-custom-width wp-block-button__width-100\"><a class=\"wp-block-button__link wp-element-button\" href=\"https:\/\/obera.fr\/it\/contattaci\/\">Saperne di pi\u00f9<\/a><\/div>\n<\/div>\n<\/div>\n\n\n\n<div class=\"wp-block-column is-layout-flow wp-block-column-is-layout-flow\">\n<div class=\"wp-block-buttons is-layout-flex wp-block-buttons-is-layout-flex\">\n<div class=\"wp-block-button\"><a class=\"wp-block-button__link wp-element-button\" href=\"https:\/\/obera.fr\/wp-content\/uploads\/2025\/05\/catalogue-obera-2025-epur150.pdf\">scarica la brochure<\/a><\/div>\n<\/div>\n<\/div>\n\n\n\n<div class=\"wp-block-column is-layout-flow wp-block-column-is-layout-flow\">\n<div class=\"wp-block-buttons is-content-justification-center is-layout-flex wp-container-core-buttons-is-layout-a89b3969 wp-block-buttons-is-layout-flex\">\n<div class=\"wp-block-button btn-devis-source\"><a class=\"wp-block-button__link wp-element-button\" href=\"https:\/\/obera.fr\/it\/devis\/\">Richiedi un preventivo<\/a><\/div>\n<\/div>\n\n\n<script>\r\ndocument.addEventListener('DOMContentLoaded', function() {\r\n    \/\/ 1. On cherche le titre H1 de la page\r\n    var h1 = document.querySelector('h1');\r\n    var productTitle = h1 ? h1.innerText.trim() : \"\";\r\n\r\n    \/\/ 2. On cherche les boutons via la classe CSS .btn-devis-source\r\n    var buttons = document.querySelectorAll('.btn-devis-source a');\r\n\r\n    \/\/ 3. Si on a le titre et les boutons, on ajoute le param\u00e8tre\r\n    if (buttons.length > 0 && productTitle !== \"\") {\r\n        var encodedTitle = encodeURIComponent(productTitle);\r\n\r\n        buttons.forEach(function(btn) {\r\n            var currentHref = btn.getAttribute('href');\r\n            \r\n            \/\/ S\u00e9curit\u00e9 pour ne pas ajouter le param\u00e8tre 2 fois\r\n            if (currentHref.indexOf('sujet=') === -1) {\r\n                var separator = currentHref.indexOf('?') !== -1 ? '&' : '?';\r\n                var newLink = currentHref + separator + 'sujet=' + encodedTitle;\r\n                \r\n                btn.setAttribute('href', newLink);\r\n            }\r\n        });\r\n    }\r\n});\r\n<\/script><\/div>\n<\/div>\n<\/div>\n<\/div>\n\n<div style=\"height:20px\" aria-hidden=\"true\" class=\"wp-block-spacer\"><\/div>\n\n<h3 class=\"wp-block-heading\">Quali sono i suoi vantaggi?<\/h3>\n\n<p>Il depuratore <strong>ePUR150 FRESH<\/strong> offre molti vantaggi, tra cui una migliore qualit\u00e0 dell&#8217;aria. Il suo obiettivo principale \u00e8 quello di proteggere i dipendenti dalle particelle fini e dalle polveri grossolane, per prevenire lo sviluppo di malattie polmonari e cardiache. <\/p>\n\n<p>Oltre a migliorare la qualit\u00e0 dell&#8217;aria,<strong>ePUR150 FRESH<\/strong> pu\u00f2 essere trasformato in un refrigeratore per le alte temperature. Grazie al flusso d&#8217;acqua sui pannelli a nido d&#8217;ape, l&#8217;aria purificata pu\u00f2 essere rinfrescata, raffreddando cos\u00ec l&#8217;aria nelle aree di lavoro. <\/p>\n\n<p>Anche il risparmio energetico deve essere preso in considerazione. Il flusso d&#8217;aria generato dall&#8217;apparecchio condiziona lo spazio di lavoro portando l&#8217;aria calda dall&#8217;alto verso il basso.<\/p>\n\n<h3 class=\"wp-block-heading\">ePUR150 FRESH in breve  <\/h3>\n\n<div class=\"wp-block-columns is-layout-flex wp-container-core-columns-is-layout-28f84493 wp-block-columns-is-layout-flex\">\n<div class=\"wp-block-column is-layout-flow wp-block-column-is-layout-flow\">\n<ul class=\"wp-block-list\">\n<li>Depuratore convertibile in refrigeratore<\/li>\n\n\n\n<li>Pannelli ad apertura rapida con chiusura a chiavistello<\/li>\n\n\n\n<li>Raffreddatore: non richiede manutenzione grazie all&#8217;alimentazione automatica dell&#8217;acqua<\/li>\n\n\n\n<li>Potente e silenzioso<\/li>\n\n\n\n<li>Consumo energetico molto basso<\/li>\n<\/ul>\n<\/div>\n\n\n\n<div class=\"wp-block-column is-layout-flow wp-block-column-is-layout-flow\">\n<ul class=\"wp-block-list\">\n<li>Personalizza i filtri (G4 \/ F8)<\/li>\n\n\n\n<li>Plug &amp; Play: facile e veloce da collegare<\/li>\n\n\n\n<li>Nessun montaggio, nessun condotto di aspirazione<\/li>\n\n\n\n<li>Mobile e stabile grazie alle ruote in nylon con freno<\/li>\n\n\n\n<li>Sistema di svuotamento manuale<\/li>\n\n\n\n<li>Facile da pulire<\/li>\n<\/ul>\n<\/div>\n<\/div>\n\n<h2 class=\"wp-block-heading\">Componenti del depuratore ePUR150 FRESH<\/h2>\n\n<div class=\"wp-block-columns is-layout-flex wp-container-core-columns-is-layout-28f84493 wp-block-columns-is-layout-flex\">\n<div class=\"wp-block-column is-layout-flow wp-block-column-is-layout-flow\">\n<ul class=\"wp-block-list\">\n<li>Vaschetta e tetto in polipropilene spesso con protezione UV.<\/li>\n\n\n\n<li>Montanti angolari in acciaio inox AISI-304.<\/li>\n\n\n\n<li>Pannelli refrigeranti tipo 5090, spessore 100 mm.<\/li>\n\n\n\n<li>Griglie di aspirazione verniciate a forno (vernice poliestere grigia RAL 7035).<\/li>\n\n\n\n<li>Gruppo di ventilatori centrifughi in acciaio zincato.<\/li>\n\n\n\n<li>Copertura protettiva del cuscinetto per evitare l&#8217;ossidazione.<\/li>\n<\/ul>\n\n\n\n<p><\/p>\n<\/div>\n\n\n\n<div class=\"wp-block-column is-layout-flow wp-block-column-is-layout-flow\">\n<ul class=\"wp-block-list\">\n<li>Ruote in nylon con freni per facilitare il trasporto e l&#8217;installazione.<\/li>\n\n\n\n<li>Sistema di scarico manuale con valvola anticorrosione.<\/li>\n\n\n\n<li>Tubo da 10 m con connettore rapido.<\/li>\n\n\n\n<li>Pannello elettrico a 1 velocit\u00e0 o a velocit\u00e0 variabile.<\/li>\n\n\n\n<li>Impianto idraulico ed elettrico collegato in fabbrica.<\/li>\n\n\n\n<li>\u00c8 possibile fornire pannelli in acciaio inox.<\/li>\n<\/ul>\n<\/div>\n<\/div>\n\n<div class=\"wp-block-buttons is-content-justification-center is-layout-flex wp-container-core-buttons-is-layout-a89b3969 wp-block-buttons-is-layout-flex\">\n<div class=\"wp-block-button\"><a class=\"wp-block-button__link wp-element-button\" href=\"https:\/\/obera.fr\/wp-content\/uploads\/2025\/05\/catalogue-obera-2025-epur150.pdf\">Scarica la brochure<\/a><\/div>\n<\/div>\n\n<h3 class=\"wp-block-heading\"><strong>Dettagli sulla costruzione<\/strong><\/h3>\n\n<div class=\"wp-block-columns is-layout-flex wp-container-core-columns-is-layout-28f84493 wp-block-columns-is-layout-flex\">\n<div class=\"wp-block-column is-layout-flow wp-block-column-is-layout-flow\">\n<figure class=\"wp-block-image aligncenter size-full is-resized\"><img decoding=\"async\" width=\"600\" height=\"600\" src=\"https:\/\/obera.fr\/wp-content\/uploads\/2022\/10\/Panneau-alevolaire.jpg\" alt=\"pannello solare\" class=\"wp-image-14984\" style=\"width:150px;height:150px\" srcset=\"https:\/\/obera.fr\/wp-content\/uploads\/2022\/10\/Panneau-alevolaire.jpg 600w, https:\/\/obera.fr\/wp-content\/uploads\/2022\/10\/Panneau-alevolaire-300x300.jpg 300w, https:\/\/obera.fr\/wp-content\/uploads\/2022\/10\/Panneau-alevolaire-150x150.jpg 150w\" sizes=\"(max-width: 600px) 100vw, 600px\" \/><figcaption class=\"wp-element-caption\">Pannello a nido d&#8217;ape<\/figcaption><\/figure>\n<\/div>\n\n\n\n<div class=\"wp-block-column is-layout-flow wp-block-column-is-layout-flow\">\n<figure class=\"wp-block-image aligncenter size-full is-resized\"><img decoding=\"async\" width=\"600\" height=\"600\" src=\"https:\/\/obera.fr\/wp-content\/uploads\/2022\/10\/Diffuseur-dair-1.jpg\" alt=\"diffusore d'aria\" class=\"wp-image-14981\" style=\"width:150px;height:150px\" srcset=\"https:\/\/obera.fr\/wp-content\/uploads\/2022\/10\/Diffuseur-dair-1.jpg 600w, https:\/\/obera.fr\/wp-content\/uploads\/2022\/10\/Diffuseur-dair-1-300x300.jpg 300w, https:\/\/obera.fr\/wp-content\/uploads\/2022\/10\/Diffuseur-dair-1-150x150.jpg 150w\" sizes=\"(max-width: 600px) 100vw, 600px\" \/><figcaption class=\"wp-element-caption\">Diffusore d&#8217;aria<\/figcaption><\/figure>\n<\/div>\n\n\n\n<div class=\"wp-block-column is-layout-flow wp-block-column-is-layout-flow\">\n<figure class=\"wp-block-image aligncenter size-full is-resized\"><img decoding=\"async\" width=\"600\" height=\"600\" src=\"https:\/\/obera.fr\/wp-content\/uploads\/2022\/10\/Tuyau-10m-avec-raccord.jpg\" alt=\"Tubo da 10 m con connettore\" class=\"wp-image-14978\" style=\"width:150px;height:150px\" srcset=\"https:\/\/obera.fr\/wp-content\/uploads\/2022\/10\/Tuyau-10m-avec-raccord.jpg 600w, https:\/\/obera.fr\/wp-content\/uploads\/2022\/10\/Tuyau-10m-avec-raccord-300x300.jpg 300w, https:\/\/obera.fr\/wp-content\/uploads\/2022\/10\/Tuyau-10m-avec-raccord-150x150.jpg 150w\" sizes=\"(max-width: 600px) 100vw, 600px\" \/><figcaption class=\"wp-element-caption\">Tubo da 10 m con connettore<\/figcaption><\/figure>\n<\/div>\n\n\n\n<div class=\"wp-block-column is-layout-flow wp-block-column-is-layout-flow\">\n<figure class=\"wp-block-image aligncenter size-full is-resized\"><img decoding=\"async\" width=\"600\" height=\"600\" src=\"https:\/\/obera.fr\/wp-content\/uploads\/2022\/10\/Pompe-a-eau.jpg\" alt=\"pompa dell'acqua\" class=\"wp-image-14975\" style=\"width:150px;height:150px\" srcset=\"https:\/\/obera.fr\/wp-content\/uploads\/2022\/10\/Pompe-a-eau.jpg 600w, https:\/\/obera.fr\/wp-content\/uploads\/2022\/10\/Pompe-a-eau-300x300.jpg 300w, https:\/\/obera.fr\/wp-content\/uploads\/2022\/10\/Pompe-a-eau-150x150.jpg 150w\" sizes=\"(max-width: 600px) 100vw, 600px\" \/><figcaption class=\"wp-element-caption\">Pompa dell&#8217;acqua<\/figcaption><\/figure>\n<\/div>\n\n\n\n<div class=\"wp-block-column is-vertically-aligned-bottom is-layout-flow wp-block-column-is-layout-flow\">\n<figure class=\"wp-block-image aligncenter size-medium is-resized\"><img decoding=\"async\" width=\"300\" height=\"257\" src=\"https:\/\/obera.fr\/wp-content\/uploads\/2023\/01\/prefiltre-g4-3-300x257.png\" alt=\"prefiltro g4 3\" class=\"wp-image-18378\" style=\"width:150px;height:129px\" srcset=\"https:\/\/obera.fr\/wp-content\/uploads\/2023\/01\/prefiltre-g4-3-300x257.png 300w, https:\/\/obera.fr\/wp-content\/uploads\/2023\/01\/prefiltre-g4-3.png 350w\" sizes=\"(max-width: 300px) 100vw, 300px\" \/><figcaption class=\"wp-element-caption\">Prefiltro G4 e filtro principale fino a F8<\/figcaption><\/figure>\n<\/div>\n<\/div>\n\n<h2 class=\"wp-block-heading\">Scopri i depuratori d&#8217;aria industriali<\/h2>\n\n<div class=\"wp-block-columns is-layout-flex wp-container-core-columns-is-layout-28f84493 wp-block-columns-is-layout-flex\">\n<div class=\"wp-block-column is-layout-flow wp-block-column-is-layout-flow\">\n<figure class=\"wp-block-image aligncenter size-medium is-resized\"><a href=\"https:\/\/obera.fr\/produits\/purificateurs-air\/industriel-epur\/\"><img decoding=\"async\" width=\"300\" height=\"300\" src=\"https:\/\/obera.fr\/wp-content\/uploads\/2023\/05\/gamme-purificateur-dair-epur-300x300.png\" alt=\"gamma di purificatori d'aria epur\" class=\"wp-image-22605\" style=\"width:225px;height:225px\" srcset=\"https:\/\/obera.fr\/wp-content\/uploads\/2023\/05\/gamme-purificateur-dair-epur-300x300.png 300w, https:\/\/obera.fr\/wp-content\/uploads\/2023\/05\/gamme-purificateur-dair-epur-150x150.png 150w, https:\/\/obera.fr\/wp-content\/uploads\/2023\/05\/gamme-purificateur-dair-epur.png 600w\" sizes=\"(max-width: 300px) 100vw, 300px\" \/><\/a><figcaption class=\"wp-element-caption\">Gamma ePUR oberA<\/figcaption><\/figure>\n<\/div>\n\n\n\n<div class=\"wp-block-column is-layout-flow wp-block-column-is-layout-flow\">\n<figure class=\"wp-block-image aligncenter size-medium is-resized\"><a href=\"https:\/\/obera.fr\/produits\/purificateurs-air\/poussieres-epur-b01-ecoprime\/\"><img decoding=\"async\" width=\"300\" height=\"300\" src=\"https:\/\/obera.fr\/wp-content\/uploads\/2023\/02\/ecoprime-300x300.png\" alt=\"ecoprime\" class=\"wp-image-19002\" style=\"width:225px;height:225px\" srcset=\"https:\/\/obera.fr\/wp-content\/uploads\/2023\/02\/ecoprime-300x300.png 300w, https:\/\/obera.fr\/wp-content\/uploads\/2023\/02\/ecoprime-150x150.png 150w, https:\/\/obera.fr\/wp-content\/uploads\/2023\/02\/ecoprime.png 500w\" sizes=\"(max-width: 300px) 100vw, 300px\" \/><\/a><figcaption class=\"wp-element-caption\">ePUR B01 ecoPRIME<\/figcaption><\/figure>\n<\/div>\n\n\n\n<div class=\"wp-block-column is-layout-flow wp-block-column-is-layout-flow\">\n<figure class=\"wp-block-image aligncenter size-medium is-resized\"><a href=\"https:\/\/obera.fr\/produits\/purificateurs-air\/filtower\/\"><img decoding=\"async\" width=\"300\" height=\"300\" src=\"https:\/\/obera.fr\/wp-content\/uploads\/2020\/09\/FILTOWER-SF-300x300.png\" alt=\"Sistema - Design del prodotto\" class=\"wp-image-1017\" style=\"width:225px;height:225px\" srcset=\"https:\/\/obera.fr\/wp-content\/uploads\/2020\/09\/FILTOWER-SF-300x300.png 300w, https:\/\/obera.fr\/wp-content\/uploads\/2020\/09\/FILTOWER-SF-150x150.png 150w, https:\/\/obera.fr\/wp-content\/uploads\/2020\/09\/FILTOWER-SF.png 600w\" sizes=\"(max-width: 300px) 100vw, 300px\" \/><\/a><figcaption class=\"wp-element-caption\">Filtower<\/figcaption><\/figure>\n<\/div>\n\n\n\n<div class=\"wp-block-column is-layout-flow wp-block-column-is-layout-flow\">\n<figure class=\"wp-block-image aligncenter size-medium is-resized\"><a href=\"https:\/\/obera.fr\/produits\/purificateurs-air\/professionnel-epur-ca\/\"><img decoding=\"async\" width=\"300\" height=\"300\" src=\"https:\/\/obera.fr\/wp-content\/uploads\/2022\/02\/EPUR30-CA-300x300.png\" alt=\"epur30 ca\" class=\"wp-image-8923\" style=\"width:225px;height:225px\" srcset=\"https:\/\/obera.fr\/wp-content\/uploads\/2022\/02\/EPUR30-CA-300x300.png 300w, https:\/\/obera.fr\/wp-content\/uploads\/2022\/02\/EPUR30-CA-150x150.png 150w, https:\/\/obera.fr\/wp-content\/uploads\/2022\/02\/EPUR30-CA.png 500w\" sizes=\"(max-width: 300px) 100vw, 300px\" \/><\/a><figcaption class=\"wp-element-caption\">ePUR CA<\/figcaption><\/figure>\n<\/div>\n<\/div>\n","protected":false},"excerpt":{"rendered":"<p>Purificare e rinfrescare Il purificatore d&#8217;aria industriale ePUR150 FRESH \u00e8 ideale per purificare e rinfrescare tutti i tipi di aree di lavoro, capannoni industriali, punti caldi, ecc. in modo totalmente naturale e a basso consumo energetico. Come funziona? Il suo principio di funzionamento di base consiste nell&#8217;aspirare l&#8217;aria, facendola passare attraverso diversi stadi di filtrazione (G4\/F8). Nella stagione calda, i pannelli a nido d&#8217;ape presenti possono essere umidificati, rinfrescando l&#8217;ambiente di lavoro con aria purificata. L&#8217;aria purificata e\/o raffreddata viene soffiata nella stanza, garantendo una qualit\u00e0 dell&#8217;aria e un comfort termico ottimali. Il purificatore d&#8217;aria industriale rinfrescante sviluppa una portata &#8230; <\/p>\n<p class=\"read-more-container\"><a title=\"Purificatore d&#8217;aria rinfrescante ePUR150 FRESH\" class=\"read-more button\" href=\"https:\/\/obera.fr\/it\/produits\/purificateurs-air\/purificateur-rafraichisseur-epur150-fresh\/#more-45366\" aria-label=\"Per saperne di pi\u00f9 su Purificatore d&#8217;aria rinfrescante ePUR150 FRESH\">Lire la suite<\/a><\/p>\n","protected":false},"author":4,"featured_media":83742,"parent":37679,"menu_order":0,"comment_status":"closed","ping_status":"closed","template":"","meta":{"_acf_changed":false,"_seopress_robots_primary_cat":"","_seopress_titles_title":"Purificatore d'aria rinfrescante ePUR150 FRESH","_seopress_titles_desc":"Dai un'occhiata alla nostra esclusiva unit\u00e0 di purificazione dell'aria, che pu\u00f2 essere utilizzata anche per rinfrescare la tua postazione di lavoro.","_seopress_robots_index":"S\u00ec","footnotes":""},"class_list":{"0":"post-45366","1":"page","2":"type-page","3":"status-publish","4":"has-post-thumbnail","6":"no-featured-image-padding","7":"resize-featured-image"},"acf":[],"_links":{"self":[{"href":"https:\/\/obera.fr\/it\/wp-json\/wp\/v2\/pages\/45366","targetHints":{"allow":["GET"]}}],"collection":[{"href":"https:\/\/obera.fr\/it\/wp-json\/wp\/v2\/pages"}],"about":[{"href":"https:\/\/obera.fr\/it\/wp-json\/wp\/v2\/types\/page"}],"author":[{"embeddable":true,"href":"https:\/\/obera.fr\/it\/wp-json\/wp\/v2\/users\/4"}],"replies":[{"embeddable":true,"href":"https:\/\/obera.fr\/it\/wp-json\/wp\/v2\/comments?post=45366"}],"version-history":[{"count":11,"href":"https:\/\/obera.fr\/it\/wp-json\/wp\/v2\/pages\/45366\/revisions"}],"predecessor-version":[{"id":105124,"href":"https:\/\/obera.fr\/it\/wp-json\/wp\/v2\/pages\/45366\/revisions\/105124"}],"up":[{"embeddable":true,"href":"https:\/\/obera.fr\/it\/wp-json\/wp\/v2\/pages\/37679"}],"wp:featuredmedia":[{"embeddable":true,"href":"https:\/\/obera.fr\/it\/wp-json\/wp\/v2\/media\/83742"}],"wp:attachment":[{"href":"https:\/\/obera.fr\/it\/wp-json\/wp\/v2\/media?parent=45366"}],"curies":[{"name":"wp","href":"https:\/\/api.w.org\/{rel}","templated":true}]}}