{"id":45410,"date":"2024-04-05T23:01:46","date_gmt":"2024-04-05T21:01:46","guid":{"rendered":"https:\/\/obera.fr\/hoover-industriale-w3\/"},"modified":"2025-06-03T10:48:38","modified_gmt":"2025-06-03T08:48:38","slug":"w3-pour-nettoyage-general","status":"publish","type":"page","link":"https:\/\/obera.fr\/it\/produits\/aspirateurs-industriels\/w3-pour-nettoyage-general\/","title":{"rendered":"Hoover industriale W3"},"content":{"rendered":"\n<p>Una <a href=\"https:\/\/obera.fr\/it\/produits\/aspirateurs-industriels\/\" data-type=\"page\" data-id=\"41\">soluzione di aspirazione<\/a> ad alte prestazioni e facile da usare, l&#8217;aspirapolvere industriale W3 \u00e8 un prodotto essenziale per la pulizia generale che pu\u00f2 essere adattato a ogni esigenza.<\/p>\n\n\n\n<h2 class=\"wp-block-heading\">Principio e applicazione dell&#8217;aspirapolvere industriale W3<\/h2>\n\n\n\n<div class=\"wp-block-columns is-layout-flex wp-container-core-columns-is-layout-28f84493 wp-block-columns-is-layout-flex\">\n<div class=\"wp-block-column is-layout-flow wp-block-column-is-layout-flow\" style=\"flex-basis:33.33%\">\n<figure class=\"wp-block-image aligncenter size-full is-resized\"><img decoding=\"async\" width=\"658\" height=\"652\" src=\"https:\/\/obera.fr\/wp-content\/uploads\/2024\/10\/w3.png\" alt=\"Aspiratori industriali\" class=\"wp-image-35427\" style=\"object-fit:cover;width:300px;height:300px\" srcset=\"https:\/\/obera.fr\/wp-content\/uploads\/2024\/10\/w3.png 658w, https:\/\/obera.fr\/wp-content\/uploads\/2024\/10\/w3-300x297.png 300w, https:\/\/obera.fr\/wp-content\/uploads\/2024\/10\/w3-150x150.png 150w, https:\/\/obera.fr\/wp-content\/uploads\/2024\/10\/w3-24x24.png 24w, https:\/\/obera.fr\/wp-content\/uploads\/2024\/10\/w3-48x48.png 48w, https:\/\/obera.fr\/wp-content\/uploads\/2024\/10\/w3-96x96.png 96w\" sizes=\"(max-width: 658px) 100vw, 658px\" \/><\/figure>\n<\/div>\n\n\n\n<div class=\"wp-block-column is-layout-flow wp-block-column-is-layout-flow\" style=\"flex-basis:66.66%\">\n<p>L&#8217;<strong>aspirapolvere industriale W3<\/strong> \u00e8 rinomato per la sua versatilit\u00e0 e silenziosit\u00e0. \u00c8 dotato di tre potenti motori by-pass che aspirano l&#8217;aria e la dividono in due flussi: un flusso viene utilizzato per raffreddare il motore, il secondo per aspirare polvere e solidi. Questo sistema di aspirazione non solo impedisce al motore di intasarsi, ma trattiene anche le particelle fini facendo passare il flusso d&#8217;aria attraverso il filtro antipolvere. I motori by-pass della Serie W3 offrono un&#8217;elevata potenza di aspirazione, una minore manutenzione e una maggiore durata dell&#8217;apparecchiatura (meno rischi di surriscaldamento e intasamento).   <\/p>\n\n\n\n<p>A cosa serve? Versatile, agile e pratico, l&#8217;aspirapolvere monofase W3 \u00e8 ideale per le pulizie generali: pulizia di pavimenti, pareti, cantieri, officine, macchinari di produzione, ecc. La sua struttura e l&#8217;ampia gamma di opzioni di personalizzazione lo rendono facilmente adattabile a tutti i settori industriali. \u00c8 particolarmente efficace per l&#8217;aspirazione di polveri e solidi in officine meccaniche, aziende alimentari, falegnamerie, laboratori artigianali, sabbiature, cementifici e trattamenti superficiali.   <\/p>\n\n\n\n<div class=\"wp-block-columns is-layout-flex wp-container-core-columns-is-layout-28f84493 wp-block-columns-is-layout-flex\">\n<div class=\"wp-block-column is-layout-flow wp-block-column-is-layout-flow\">\n<div class=\"wp-block-buttons is-layout-flex wp-block-buttons-is-layout-flex\">\n<div class=\"wp-block-button\"><a class=\"wp-block-button__link wp-element-button\" href=\"https:\/\/obera.fr\/wp-content\/uploads\/2025\/06\/brochure-w3-en.pdf\">SCARICA LA BROCHURE<\/a><\/div>\n<\/div>\n<\/div>\n\n\n\n<div class=\"wp-block-column is-layout-flow wp-block-column-is-layout-flow\">\n<div class=\"wp-block-buttons is-layout-flex wp-block-buttons-is-layout-flex\">\n<div class=\"wp-block-button\"><a class=\"wp-block-button__link wp-element-button\" href=\"https:\/\/obera.fr\/contact\/\">HAI BISOGNO DI UNA CONSULENZA PERSONALIZZATA?<\/a><\/div>\n<\/div>\n<\/div>\n\n\n\n<div class=\"wp-block-column is-layout-flow wp-block-column-is-layout-flow\">\n<div class=\"wp-block-buttons is-content-justification-center is-layout-flex wp-container-core-buttons-is-layout-a89b3969 wp-block-buttons-is-layout-flex\">\n<div class=\"wp-block-button btn-devis-source\"><a class=\"wp-block-button__link wp-element-button\" href=\"https:\/\/obera.fr\/it\/devis\/\">Richiedi un preventivo<\/a><\/div>\n<\/div>\n\n\n<script>\r\ndocument.addEventListener('DOMContentLoaded', function() {\r\n    \/\/ 1. On cherche le titre H1 de la page\r\n    var h1 = document.querySelector('h1');\r\n    var productTitle = h1 ? h1.innerText.trim() : \"\";\r\n\r\n    \/\/ 2. On cherche les boutons via la classe CSS .btn-devis-source\r\n    var buttons = document.querySelectorAll('.btn-devis-source a');\r\n\r\n    \/\/ 3. Si on a le titre et les boutons, on ajoute le param\u00e8tre\r\n    if (buttons.length > 0 && productTitle !== \"\") {\r\n        var encodedTitle = encodeURIComponent(productTitle);\r\n\r\n        buttons.forEach(function(btn) {\r\n            var currentHref = btn.getAttribute('href');\r\n            \r\n            \/\/ S\u00e9curit\u00e9 pour ne pas ajouter le param\u00e8tre 2 fois\r\n            if (currentHref.indexOf('sujet=') === -1) {\r\n                var separator = currentHref.indexOf('?') !== -1 ? '&' : '?';\r\n                var newLink = currentHref + separator + 'sujet=' + encodedTitle;\r\n                \r\n                btn.setAttribute('href', newLink);\r\n            }\r\n        });\r\n    }\r\n});\r\n<\/script><\/div>\n<\/div>\n<\/div>\n<\/div>\n\n\n\n<h2 class=\"wp-block-heading\">Pulizia generale: le caratteristiche dell&#8217;aspirapolvere W3<\/h2>\n\n\n\n<p>L&#8217;aspirapolvere industriale W3 \u00e8 disponibile in due versioni. La versione da 65 litri \u00e8 dotata di 3 motori monofase da 1,1 kW e la versione da 100 litri di motori da 1,3 kW. Questa speciale caratteristica tecnica rende la macchina particolarmente efficace per aspirare materiali con un elevato peso specifico (ghiaia, sabbia, chiodi, viti, frammenti di vetro). L&#8217;aspirapolvere ha una depressione massima compresa tra 2.400 e 3.600 Pa e una portata massima compresa tra 540 m3\/h e 450 m3\/h, a seconda della versione scelta.   <\/p>\n\n\n\n<p>Nonostante i suoi 3 motori by-pass, l&#8217;aspirapolvere industriale W3 \u00e8 silenzioso. L&#8217;unit\u00e0 di aspirazione \u00e8 dotata di un rivestimento fonoassorbente per ridurre al minimo il rumore. <\/p>\n\n\n\n<p>La robusta unit\u00e0 di aspirazione \u00e8 dotata di una solida testa in acciaio. Anche l&#8217;unit\u00e0 di filtraggio \u00e8 in acciaio inossidabile (camera di filtraggio), cos\u00ec come il vassoio su ruote e il telaio.   <\/p>\n\n\n\n<p>Infine, l&#8217;unit\u00e0 filtrante \u00e8 dotata di un filtro a sacco in poliestere per garantire protezione e un&#8217;elevata ritenzione della polvere. L&#8217;ampia superficie di 2 m2 e l&#8217;elevata efficienza di filtrazione (3 micron) garantiscono inoltre la purezza dell&#8217;aria in uscita. <\/p>\n\n\n\n<p>L&#8217;aspirapolvere W3 include accessori dedicati ai professionisti della pulizia: tubo di aspirazione flessibile, spazzole, strumento per le fessure, ecc.<\/p>\n\n\n\n<blockquote class=\"wp-block-quote is-layout-flow wp-block-quote-is-layout-flow\">\n<p>Versioni disponibili: l&#8217;aspirapolvere industriale W3 \u00e8 disponibile in due versioni! Una con capacit\u00e0 di 65 litri, la seconda con capacit\u00e0 di 100 litri. \u00c8 disponibile anche con 3 motori monofase a 3 stadi per aspirare materiali con un peso specifico elevato.  <\/p>\n<\/blockquote>\n\n\n\n<h3 class=\"wp-block-heading has-text-align-center\">Opzionale<\/h3>\n\n\n\n<div class=\"wp-block-columns is-layout-flex wp-container-core-columns-is-layout-28f84493 wp-block-columns-is-layout-flex\">\n<div class=\"wp-block-column is-layout-flow wp-block-column-is-layout-flow\" style=\"flex-basis:50%\">\n<ul class=\"wp-block-list\">\n<li>Filtro in Nomex &#8211; resistente al calore fino a 250\u00b0;<\/li>\n\n\n\n<li>Filtro assoluto Hepa H14 ;<\/li>\n\n\n\n<li>Filtro PTFE di classe M ;<\/li>\n\n\n\n<li>Filtro in teflon oleofobico di classe M ;  <\/li>\n\n\n\n<li>Filtro antistatico di classe M ;<\/li>\n<\/ul>\n<\/div>\n\n\n\n<div class=\"wp-block-column is-layout-flow wp-block-column-is-layout-flow\" style=\"flex-basis:50%\">\n<ul class=\"wp-block-list\">\n<li>Contenitore e camera di filtraggio in acciaio inox;<\/li>\n\n\n\n<li>Messa a terra ;<\/li>\n\n\n\n<li>Cestello grigliato con valvola di scarico e indicatore di livello;<\/li>\n\n\n\n<li>Contenitore per sacchi a pelo lungo 20mt ;<\/li>\n\n\n\n<li>Ciclone per la protezione del filtro.<\/li>\n<\/ul>\n<\/div>\n<\/div>\n\n\n\n<h3 class=\"wp-block-heading has-text-align-center\">INDUSTRIE<\/h3>\n\n\n\n<div class=\"wp-block-columns is-layout-flex wp-container-core-columns-is-layout-28f84493 wp-block-columns-is-layout-flex\">\n<div class=\"wp-block-column is-layout-flow wp-block-column-is-layout-flow\">\n<hr class=\"wp-block-separator has-alpha-channel-opacity\"\/>\n\n\n\n<div class=\"wp-block-columns is-layout-flex wp-container-core-columns-is-layout-28f84493 wp-block-columns-is-layout-flex\">\n<div class=\"wp-block-column is-layout-flow wp-block-column-is-layout-flow\">\n<figure class=\"wp-block-image aligncenter size-thumbnail is-resized\"><img decoding=\"async\" width=\"150\" height=\"150\" src=\"https:\/\/obera.fr\/wp-content\/uploads\/2022\/02\/Textile-150x150.png\" alt=\"tessile\" class=\"wp-image-8855\"\/><figcaption class=\"wp-element-caption\">Tessili<\/figcaption><\/figure>\n\n\n\n<figure class=\"wp-block-image aligncenter size-thumbnail is-resized\"><img decoding=\"async\" width=\"150\" height=\"150\" src=\"https:\/\/obera.fr\/wp-content\/uploads\/2022\/02\/Plastique-150x150.png\" alt=\"plastica\" class=\"wp-image-8854\"\/><figcaption class=\"wp-element-caption\">In plastica<\/figcaption><\/figure>\n<\/div>\n\n\n\n<div class=\"wp-block-column is-layout-flow wp-block-column-is-layout-flow\">\n<figure class=\"wp-block-image aligncenter size-thumbnail is-resized\"><img decoding=\"async\" width=\"150\" height=\"150\" src=\"https:\/\/obera.fr\/wp-content\/uploads\/2022\/02\/MINERAIS-150x150.png\" alt=\"minerali\" class=\"wp-image-8847\"\/><figcaption class=\"wp-element-caption\">Minerali<\/figcaption><\/figure>\n\n\n\n<figure class=\"wp-block-image aligncenter size-thumbnail is-resized\"><img decoding=\"async\" width=\"150\" height=\"150\" src=\"https:\/\/obera.fr\/wp-content\/uploads\/2022\/02\/Metalurgie-150x150.png\" alt=\"metallurgia\" class=\"wp-image-8857\"\/><figcaption class=\"wp-element-caption\">Metallurgia<\/figcaption><\/figure>\n\n\n\n<figure class=\"wp-block-image aligncenter size-thumbnail is-resized\"><img decoding=\"async\" width=\"150\" height=\"150\" src=\"https:\/\/obera.fr\/wp-content\/uploads\/2023\/02\/sans-titre-2023-02-14t102211.641-150x150.png\" alt=\"Agricoltura\" class=\"wp-image-18828\"\/><figcaption class=\"wp-element-caption\">Agricoltura<\/figcaption><\/figure>\n<\/div>\n<\/div>\n<\/div>\n\n\n\n<div class=\"wp-block-column is-layout-flow wp-block-column-is-layout-flow\">\n<hr class=\"wp-block-separator has-alpha-channel-opacity\"\/>\n\n\n\n<div class=\"wp-block-columns is-layout-flex wp-container-core-columns-is-layout-28f84493 wp-block-columns-is-layout-flex\">\n<div class=\"wp-block-column is-layout-flow wp-block-column-is-layout-flow\">\n<figure class=\"wp-block-image aligncenter size-thumbnail is-resized\"><img decoding=\"async\" width=\"150\" height=\"150\" src=\"https:\/\/obera.fr\/wp-content\/uploads\/2022\/02\/Chimie-150x150.png\" alt=\"chimica\" class=\"wp-image-8846\"\/><figcaption class=\"wp-element-caption\">Chimica<\/figcaption><\/figure>\n\n\n\n<figure class=\"wp-block-image aligncenter size-thumbnail is-resized\"><img decoding=\"async\" width=\"150\" height=\"150\" src=\"https:\/\/obera.fr\/wp-content\/uploads\/2022\/02\/Travail-du-bois-150x150.png\" alt=\"lavorazione del legno\" class=\"wp-image-8856\"\/><figcaption class=\"wp-element-caption\">Lavorazione del legno<\/figcaption><\/figure>\n\n\n\n<figure class=\"wp-block-image aligncenter size-thumbnail is-resized\"><img decoding=\"async\" width=\"150\" height=\"150\" src=\"https:\/\/obera.fr\/wp-content\/uploads\/2023\/02\/sans-titre-2023-02-14t101920.185-150x150.png\" alt=\"Aviazione\" class=\"wp-image-18831\"\/><figcaption class=\"wp-element-caption\">Aviazione<\/figcaption><\/figure>\n<\/div>\n\n\n\n<div class=\"wp-block-column is-layout-flow wp-block-column-is-layout-flow\">\n<figure class=\"wp-block-image aligncenter size-thumbnail is-resized\"><img decoding=\"async\" width=\"150\" height=\"150\" src=\"https:\/\/obera.fr\/wp-content\/uploads\/2022\/02\/AGROALIMENTAIRE-150x150.png\" alt=\"agroalimentare\" class=\"wp-image-8844\"\/><figcaption class=\"wp-element-caption\">Industria alimentare<\/figcaption><\/figure>\n\n\n\n<figure class=\"wp-block-image aligncenter size-thumbnail is-resized\"><img decoding=\"async\" width=\"150\" height=\"150\" src=\"https:\/\/obera.fr\/wp-content\/uploads\/2022\/02\/Papier-carton-150x150.png\" alt=\"carta e cartone\" class=\"wp-image-8853\"\/><figcaption class=\"wp-element-caption\">Carta\/cartone<\/figcaption><\/figure>\n\n\n\n<figure class=\"wp-block-image aligncenter size-thumbnail is-resized\"><img decoding=\"async\" width=\"150\" height=\"150\" src=\"https:\/\/obera.fr\/wp-content\/uploads\/2023\/02\/sans-titre-2023-02-14t101712.416-150x150.png\" alt=\"Automotive\" class=\"wp-image-18834\"\/><figcaption class=\"wp-element-caption\">Automotive<\/figcaption><\/figure>\n<\/div>\n<\/div>\n<\/div>\n<\/div>\n\n\n\n<figure class=\"wp-block-table\"><table class=\"has-fixed-layout\"><tbody><tr><td>Tensione<\/td><td>V-HZ<\/td><td>230<\/td><td>230-50<\/td><\/tr><tr><td>Potenza<\/td><td>kW<\/td><td>3&#215;1.1<\/td><td>3&#215;1.3<\/td><\/tr><tr><td>Depressione massima<\/td><td>Pa<\/td><td>2.400 Pa<\/td><td>3.600 Pa<\/td><\/tr><tr><td>Flusso d&#8217;aria massimo<\/td><td>m3\/h<\/td><td>540<\/td><td>450<\/td><\/tr><tr><td>Diametro del bocchino<\/td><td>mm<\/td><td>80<\/td><td>80<\/td><\/tr><tr><td>Tipo di filtro<\/td><td><\/td><td>Con tasche a stella<\/td><td>Con tasche a stella<\/td><\/tr><tr><td>Superficie<\/td><td>cm2<\/td><td>20.000<\/td><td>20.000<\/td><\/tr><tr><td>Sistema di pulizia<\/td><td><\/td><td>Manuel<\/td><td>Manuel<\/td><\/tr><tr><td>Bidone per la raccolta<\/td><td><\/td><td>Acciaio<\/td><td>Acciaio<\/td><\/tr><tr><td>Sistema di drenaggio<\/td><td><\/td><td>Cestino rimovibile<\/td><td>Cestino rimovibile<\/td><\/tr><tr><td>Capacit\u00e0<\/td><td>litro<\/td><td>65\/100<\/td><td>65\/100<\/td><\/tr><tr><td>Dimensioni<\/td><td>cm<\/td><td>58x60x135cm<\/td><td>58x60x145cm<\/td><\/tr><tr><td>Apparecchiature di filtraggio &#8211; classe<\/td><td><\/td><td><\/td><td>Poliestere-L<\/td><\/tr><\/tbody><\/table><\/figure>\n\n\n\n<div class=\"wp-block-buttons is-content-justification-center is-layout-flex wp-container-core-buttons-is-layout-a89b3969 wp-block-buttons-is-layout-flex\">\n<div class=\"wp-block-button\"><a class=\"wp-block-button__link wp-element-button\" href=\"https:\/\/obera.fr\/wp-content\/uploads\/2025\/03\/brochure-w3-en.pdf\">SCARICA LA SCHEDA TECNICA DEL PRODOTTO<\/a><\/div>\n<\/div>\n\n\n\n<h2 class=\"wp-block-heading\">I vantaggi dell&#8217;aspirapolvere W3<\/h2>\n\n\n\n<p>La Serie W3 \u00e8 particolarmente apprezzata per la sua facilit\u00e0 d&#8217;uso. Tutto \u00e8 stato progettato per semplificare al massimo il servizio di pulizia generale dell&#8217;operatore. In particolare, \u00e8 dotata di un vacuometro con indicatore luminoso per rilevare l&#8217;eventuale saturazione del filtro. Sulla testa del motore sono presenti due maniglie per facilitare il sollevamento durante la sostituzione del filtro. L&#8217;aspirapolvere monofase incorpora anche un sistema di disintasamento manuale che pu\u00f2 essere attivato con un semplice gesto, in modo che i tecnici delle superfici possano godere delle massime prestazioni di aspirazione.    <\/p>\n\n\n\n<div class=\"wp-block-columns is-layout-flex wp-container-core-columns-is-layout-28f84493 wp-block-columns-is-layout-flex\">\n<div class=\"wp-block-column is-layout-flow wp-block-column-is-layout-flow\" style=\"flex-basis:33.34%\">\n<h3 class=\"wp-block-heading\">Vantaggi :<\/h3>\n\n\n\n<ul class=\"wp-block-list\">\n<li>Vacuometro con indicatore luminoso per anticipare la saturazione del filtro;<\/li>\n\n\n\n<li>Scarico dell&#8217;aria verso il basso ;<\/li>\n\n\n\n<li>Compatto, mobile e facile da maneggiare;<\/li>\n\n\n\n<li>Versatile e silenzioso.<\/li>\n<\/ul>\n<\/div>\n\n\n\n<div class=\"wp-block-column is-layout-flow wp-block-column-is-layout-flow\" style=\"flex-basis:33.34%\">\n<h3 class=\"wp-block-heading\">Caratteristiche speciali:<\/h3>\n\n\n\n<ul class=\"wp-block-list\">\n<li>Tre motori shunt monofase con interruttori indipendenti;<\/li>\n\n\n\n<li>Filtro a stella in poliestere ;<\/li>\n\n\n\n<li>Ampia gamma di filtri disponibili.<\/li>\n<\/ul>\n<\/div>\n\n\n\n<div class=\"wp-block-column is-layout-flow wp-block-column-is-layout-flow\" style=\"flex-basis:33.33%\">\n<h3 class=\"wp-block-heading\">Caratteristiche :<\/h3>\n\n\n\n<ul class=\"wp-block-list\">\n<li>Disponibile nelle versioni da 65 o 100 litri;<\/li>\n\n\n\n<li>\u00c8 disponibile la versione a 3 stadi;<\/li>\n\n\n\n<li>Protezione dell&#8217;unit\u00e0 di aspirazione con il suo filtro a stella (poliestere).<\/li>\n<\/ul>\n<\/div>\n<\/div>\n\n\n\n<h2 class=\"wp-block-heading\">Prova l&#8217;aspirapolvere industriale monofase per la pulizia generale<\/h2>\n\n\n\n<p>Offriamo un test in scala reale presso i tuoi laboratori con la possibilit\u00e0 di acquistare per un periodo medio di 1 mese.<\/p>\n\n\n\n<div class=\"wp-block-buttons is-content-justification-center is-layout-flex wp-container-core-buttons-is-layout-a89b3969 wp-block-buttons-is-layout-flex\">\n<div class=\"wp-block-button\"><a class=\"wp-block-button__link wp-element-button\" href=\"https:\/\/obera.fr\/it\/contattaci\/\">PROVA L&#8217;ASPIRAPOLVERE W2<\/a><\/div>\n<\/div>\n\n\n\n<h2 class=\"wp-block-heading\">Altri aspirapolvere industriali della gamma<\/h2>\n\n\n\n<div class=\"wp-block-columns is-layout-flex wp-container-core-columns-is-layout-28f84493 wp-block-columns-is-layout-flex\">\n<div class=\"wp-block-column is-layout-flow wp-block-column-is-layout-flow\">\n<figure class=\"wp-block-image aligncenter size-full is-resized\"><a href=\"https:\/\/obera.fr\/produits\/aspirateurs-industriels\/w2-xr-atex-22\/\"><img decoding=\"async\" width=\"566\" height=\"671\" src=\"https:\/\/obera.fr\/wp-content\/uploads\/2024\/10\/w2-xr-2.png\" alt=\"Aspiratori industriali\" class=\"wp-image-35431\" style=\"object-fit:cover;width:300px;height:300px\" srcset=\"https:\/\/obera.fr\/wp-content\/uploads\/2024\/10\/w2-xr-2.png 566w, https:\/\/obera.fr\/wp-content\/uploads\/2024\/10\/w2-xr-2-253x300.png 253w\" sizes=\"(max-width: 566px) 100vw, 566px\" \/><\/a><figcaption class=\"wp-element-caption\">W2 XR<\/figcaption><\/figure>\n<\/div>\n\n\n\n<div class=\"wp-block-column is-layout-flow wp-block-column-is-layout-flow\">\n<figure class=\"wp-block-image aligncenter size-full is-resized\"><a href=\"https:\/\/obera.fr\/produits\/aspirateurs-industriels\/w2-haute-filtration-polyvalence\/\"><img decoding=\"async\" width=\"711\" height=\"622\" src=\"https:\/\/obera.fr\/wp-content\/uploads\/2024\/10\/w2.png\" alt=\"Aspiratori industriali\" class=\"wp-image-35424\" style=\"width:343px;height:auto\" srcset=\"https:\/\/obera.fr\/wp-content\/uploads\/2024\/10\/w2.png 711w, https:\/\/obera.fr\/wp-content\/uploads\/2024\/10\/w2-300x262.png 300w\" sizes=\"(max-width: 711px) 100vw, 711px\" \/><\/a><figcaption class=\"wp-element-caption\">W2<\/figcaption><\/figure>\n<\/div>\n\n\n\n<div class=\"wp-block-column is-layout-flow wp-block-column-is-layout-flow\">\n<figure class=\"wp-block-image aligncenter size-full is-resized\"><a href=\"https:\/\/obera.fr\/produits\/aspirateurs-industriels\/ventilateurs-aspiration-gamme-eurosog-rg-100-800\/\"><img decoding=\"async\" width=\"600\" height=\"600\" src=\"https:\/\/obera.fr\/wp-content\/uploads\/2024\/04\/obera-ventilateur-aspiration-rg-300-400.jpg\" alt=\"aspiratore obera rg 300 400\" class=\"wp-image-29437\" style=\"object-fit:cover;width:300px;height:300px\" srcset=\"https:\/\/obera.fr\/wp-content\/uploads\/2024\/04\/obera-ventilateur-aspiration-rg-300-400.jpg 600w, https:\/\/obera.fr\/wp-content\/uploads\/2024\/04\/obera-ventilateur-aspiration-rg-300-400-300x300.jpg 300w, https:\/\/obera.fr\/wp-content\/uploads\/2024\/04\/obera-ventilateur-aspiration-rg-300-400-150x150.jpg 150w\" sizes=\"(max-width: 600px) 100vw, 600px\" \/><\/a><figcaption class=\"wp-element-caption\">RG 300\/400<\/figcaption><\/figure>\n<\/div>\n<\/div>\n","protected":false},"excerpt":{"rendered":"<p>Una soluzione di aspirazione ad alte prestazioni e facile da usare, l&#8217;aspirapolvere industriale W3 \u00e8 un prodotto essenziale per la pulizia generale che pu\u00f2 essere adattato a ogni esigenza. Principio e applicazione dell&#8217;aspirapolvere industriale W3 L&#8217;aspirapolvere industriale W3 \u00e8 rinomato per la sua versatilit\u00e0 e silenziosit\u00e0. \u00c8 dotato di tre potenti motori by-pass che aspirano l&#8217;aria e la dividono in due flussi: un flusso viene utilizzato per raffreddare il motore, il secondo per aspirare polvere e solidi. Questo sistema di aspirazione non solo impedisce al motore di intasarsi, ma trattiene anche le particelle fini facendo passare il flusso d&#8217;aria attraverso &#8230; <\/p>\n<p class=\"read-more-container\"><a title=\"Hoover industriale W3\" class=\"read-more button\" href=\"https:\/\/obera.fr\/it\/produits\/aspirateurs-industriels\/w3-pour-nettoyage-general\/#more-45410\" aria-label=\"Per saperne di pi\u00f9 su Hoover industriale W3\">Lire la suite<\/a><\/p>\n","protected":false},"author":4,"featured_media":83742,"parent":48459,"menu_order":0,"comment_status":"closed","ping_status":"closed","template":"","meta":{"_acf_changed":false,"_seopress_robots_primary_cat":"","_seopress_titles_title":"W3 aspirapolvere industriale per pulizie generali OberA","_seopress_titles_desc":"Indispensabile per le pulizie generali, la Serie W3 \u00e8 dotata di 3 motori monofase che combinano prestazioni e facilit\u00e0 d'uso.","_seopress_robots_index":"","footnotes":""},"class_list":{"0":"post-45410","1":"page","2":"type-page","3":"status-publish","4":"has-post-thumbnail","6":"no-featured-image-padding","7":"resize-featured-image"},"acf":[],"_links":{"self":[{"href":"https:\/\/obera.fr\/it\/wp-json\/wp\/v2\/pages\/45410","targetHints":{"allow":["GET"]}}],"collection":[{"href":"https:\/\/obera.fr\/it\/wp-json\/wp\/v2\/pages"}],"about":[{"href":"https:\/\/obera.fr\/it\/wp-json\/wp\/v2\/types\/page"}],"author":[{"embeddable":true,"href":"https:\/\/obera.fr\/it\/wp-json\/wp\/v2\/users\/4"}],"replies":[{"embeddable":true,"href":"https:\/\/obera.fr\/it\/wp-json\/wp\/v2\/comments?post=45410"}],"version-history":[{"count":7,"href":"https:\/\/obera.fr\/it\/wp-json\/wp\/v2\/pages\/45410\/revisions"}],"predecessor-version":[{"id":107498,"href":"https:\/\/obera.fr\/it\/wp-json\/wp\/v2\/pages\/45410\/revisions\/107498"}],"up":[{"embeddable":true,"href":"https:\/\/obera.fr\/it\/wp-json\/wp\/v2\/pages\/48459"}],"wp:featuredmedia":[{"embeddable":true,"href":"https:\/\/obera.fr\/it\/wp-json\/wp\/v2\/media\/83742"}],"wp:attachment":[{"href":"https:\/\/obera.fr\/it\/wp-json\/wp\/v2\/media?parent=45410"}],"curies":[{"name":"wp","href":"https:\/\/api.w.org\/{rel}","templated":true}]}}