{"id":46054,"date":"2022-11-23T11:48:48","date_gmt":"2022-11-23T09:48:48","guid":{"rendered":"https:\/\/obera.fr\/dustomat-hydro-depolveratore-fisso-a-umido\/"},"modified":"2025-04-25T14:37:56","modified_gmt":"2025-04-25T12:37:56","slug":"depoussiereur-a-voie-humide-dustomat-hydro","status":"publish","type":"page","link":"https:\/\/obera.fr\/it\/produits\/depoussiereurs-industriels\/fixes\/depoussiereur-a-voie-humide-dustomat-hydro\/","title":{"rendered":"DUSTOMAT HYDRO: depolveratore fisso a umido"},"content":{"rendered":"\n<p>Scopri la nostra gamma di <strong>lavapavimenti a umido DUSTOMAT HYDRO<\/strong>, che combina prestazioni ed efficienza per l&#8217;estrazione di sostanze altamente infiammabili.<\/p>\n\n\n\n<h2 class=\"wp-block-heading\">Il depolveratore industriale DUSTOMAT HYDRO: come funziona e come si usa?<\/h2>\n\n\n\n<div class=\"wp-block-columns is-layout-flex wp-container-core-columns-is-layout-28f84493 wp-block-columns-is-layout-flex\">\n<div class=\"wp-block-column is-layout-flow wp-block-column-is-layout-flow\" style=\"flex-basis:33.33%\">\n<figure class=\"wp-block-image aligncenter size-full is-resized\"><img decoding=\"async\" width=\"600\" height=\"600\" src=\"https:\/\/obera.fr\/wp-content\/uploads\/2022\/11\/dustomat-hydro-1.png\" alt=\"dustomat hydro 1\" class=\"wp-image-15989\" style=\"width:300px;height:300px\" srcset=\"https:\/\/obera.fr\/wp-content\/uploads\/2022\/11\/dustomat-hydro-1.png 600w, https:\/\/obera.fr\/wp-content\/uploads\/2022\/11\/dustomat-hydro-1-300x300.png 300w, https:\/\/obera.fr\/wp-content\/uploads\/2022\/11\/dustomat-hydro-1-150x150.png 150w\" sizes=\"(max-width: 600px) 100vw, 600px\" \/><\/figure>\n<\/div>\n\n\n\n<div class=\"wp-block-column is-vertically-aligned-center is-layout-flow wp-block-column-is-layout-flow\" style=\"flex-basis:66.66%\">\n<p>Il principale punto di forza della serie DUSTOMAT HYDRO \u00e8 l&#8217;<strong>innovativa tecnologia di separazione a pi\u00f9 stadi per catturare polvere e scintille<\/strong>. L&#8217;aria inquinata viene aspirata da una ventola integrata nel depolveratore. La velocit\u00e0 dell&#8217;aria viene ridotta, consentendo alle particelle pi\u00f9 pesanti di cadere in un serbatoio di recupero: questa \u00e8 la prima fase della pre-separazione delle particelle. L&#8217;aria passa poi attraverso un <strong>idrociclone<\/strong>, che utilizza la forza centrifuga per separare le particelle fini dall&#8217;acqua. Queste particelle vengono intrappolate nell&#8217;acqua e le scintille vengono raffreddate per renderle innocue. Una fase di filtrazione finale cattura le ultime particelle fini, lasciando l&#8217;aria pulita. Questa tecnologia di filtrazione garantisce un&#8217;elevata efficienza di separazione, fino al 99,995%.      <\/p>\n\n\n\n<p>Per cosa sono utilizzati? <strong>I separatori a umido<\/strong> della serie DUSTOMAT HYDRO sono progettati per l&#8217;aspirazione di sostanze altamente infiammabili o in processi lavorativi con scintille. Sono adatti a sistemi di aspirazione a stazione singola o multipla per le polveri metalliche, ad esempio durante la <strong>smerigliatura<\/strong>, la <strong>spazzolatura<\/strong> e la <strong>lucidatura<\/strong>. Il DUSTOMAT HYDRO \u00e8 anche conforme allo standard ATEX per un utilizzo sicuro ed efficace in ambienti esplosivi. Infatti, questi <a href=\"https:\/\/obera.fr\/it\/produits\/depoussiereurs-industriels\/fixes\/\" data-type=\"page\" data-id=\"389\">depolveratori fissi<\/a> a umido sono molto diffusi nell&#8217;<strong>industria metallurgica<\/strong>, <strong>chimica<\/strong> e <strong>alimentare<\/strong>, oltre che nell&#8217;<strong>industria del legno e dell&#8217;artigianato<\/strong>.    <\/p>\n\n\n\n<div class=\"wp-block-columns is-layout-flex wp-container-core-columns-is-layout-28f84493 wp-block-columns-is-layout-flex\">\n<div class=\"wp-block-column is-layout-flow wp-block-column-is-layout-flow\" style=\"flex-basis:33.33%\">\n<div class=\"wp-block-buttons is-layout-flex wp-block-buttons-is-layout-flex\">\n<div class=\"wp-block-button\"><a class=\"wp-block-button__link wp-element-button\" href=\"https:\/\/obera.fr\/wp-content\/uploads\/2025\/04\/brochure-dustomat-hydro-en.pdf\">SCARICA LA BROCHURE<\/a><\/div>\n<\/div>\n<\/div>\n\n\n\n<div class=\"wp-block-column is-layout-flow wp-block-column-is-layout-flow\" style=\"flex-basis:33.34%\">\n<div class=\"wp-block-buttons is-horizontal is-content-justification-center is-layout-flex wp-container-core-buttons-is-layout-03627597 wp-block-buttons-is-layout-flex\">\n<div class=\"wp-block-button has-custom-width wp-block-button__width-100\"><a class=\"wp-block-button__link wp-element-button\" href=\"https:\/\/obera.fr\/it\/contattaci\/\">Saperne di pi\u00f9<\/a><\/div>\n<\/div>\n<\/div>\n\n\n\n<div class=\"wp-block-column is-layout-flow wp-block-column-is-layout-flow\" style=\"flex-basis:33.34%\">\n<div class=\"wp-block-buttons is-content-justification-center is-layout-flex wp-container-core-buttons-is-layout-a89b3969 wp-block-buttons-is-layout-flex\">\n<div class=\"wp-block-button btn-devis-source\"><a class=\"wp-block-button__link wp-element-button\" href=\"https:\/\/obera.fr\/it\/devis\/\">Richiedi un preventivo<\/a><\/div>\n<\/div>\n\n\n<script>\r\ndocument.addEventListener('DOMContentLoaded', function() {\r\n    \/\/ 1. On cherche le titre H1 de la page\r\n    var h1 = document.querySelector('h1');\r\n    var productTitle = h1 ? h1.innerText.trim() : \"\";\r\n\r\n    \/\/ 2. On cherche les boutons via la classe CSS .btn-devis-source\r\n    var buttons = document.querySelectorAll('.btn-devis-source a');\r\n\r\n    \/\/ 3. Si on a le titre et les boutons, on ajoute le param\u00e8tre\r\n    if (buttons.length > 0 && productTitle !== \"\") {\r\n        var encodedTitle = encodeURIComponent(productTitle);\r\n\r\n        buttons.forEach(function(btn) {\r\n            var currentHref = btn.getAttribute('href');\r\n            \r\n            \/\/ S\u00e9curit\u00e9 pour ne pas ajouter le param\u00e8tre 2 fois\r\n            if (currentHref.indexOf('sujet=') === -1) {\r\n                var separator = currentHref.indexOf('?') !== -1 ? '&' : '?';\r\n                var newLink = currentHref + separator + 'sujet=' + encodedTitle;\r\n                \r\n                btn.setAttribute('href', newLink);\r\n            }\r\n        });\r\n    }\r\n});\r\n<\/script><\/div>\n<\/div>\n<\/div>\n<\/div>\n\n\n\n<div style=\"height:30px\" aria-hidden=\"true\" class=\"wp-block-spacer\"><\/div>\n\n\n\n<h2 class=\"wp-block-heading\">Caratteristiche dei depolveratori a umido DUSTOMAT HYDRO<\/h2>\n\n\n\n<p>La serie DUSTOMAT HYDRO comprende <strong>4 modelli di depolveratori<\/strong> a umido con capacit\u00e0 da <strong>2.300 a 10.000 m3\/h<\/strong>. Tutti offrono un&#8217;ampia gamma di applicazioni per l&#8217;aspirazione di trucioli metallici, fumi di saldatura, polveri di alluminio, acciaio e titanio, nonch\u00e9 per l&#8217;aspirazione di materiali esplosivi <a href=\"https:\/\/obera.fr\/conseils\/zone-atex-norme-atex-bases-protection-contre-risque-explosion\/\" data-type=\"post\" data-id=\"17925\">(a norma ATEX<\/a>, come opzione) e polveri metalliche che generano scintille. La versatilit\u00e0 di questa gamma la rende particolarmente efficace nell&#8217;estrazione di particelle generate da processi di levigatura, lucidatura, segatura, fresatura e saldatura.  <\/p>\n\n\n\n<p>Inoltre, DUSTOMAT HYDRO \u00e8 un depolveratore che si adatta perfettamente alle esigenze dell&#8217;industria. Oltre a essere conforme alla normativa ATEX, \u00e8 disponibile con la possibilit\u00e0 di verniciatura speciale e posizione variabile dell <strong>&#8216;ugello di aspirazione<\/strong>. Puoi anche scegliere il tipo di filtro (ad esempio il filtro HEPA H 14 per le particelle cancerogene). Inoltre <strong><a href=\"https:\/\/obera.fr\/it\/produits\/depoussiereurs-industriels\/\" data-type=\"page\" data-id=\"31\">i depolveratori industriali<\/a><\/strong> di questa serie hanno due livelli di potenza, un sistema di filtraggio configurabile (fino a 4 livelli di filtraggio) e sensori che regolano automaticamente il riempimento dell&#8217;acqua.   <\/p>\n\n\n\n<p>Un&#8217;altra caratteristica della serie DUSTOMAT HYDRO \u00e8 la <strong>riduzione dei costi di manutenzione<\/strong>, in quanto il sistema di filtrazione delle particelle fini si trova a valle.<\/p>\n\n\n\n<blockquote class=\"wp-block-quote is-layout-flow wp-block-quote-is-layout-flow\">\n<p>Innovativa tecnologia DUSTOMAT HYDRO: il sistema di separazione basato su un idrociclone rende le scintille e le polveri combustibili quasi completamente innocue, fin dal primo livello di filtrazione (tasso di separazione del 98,7%). Anche le frazioni di particelle pi\u00f9 piccole, \u2265 15 \u00b5m, vengono legate in modo sicuro nella camera di turbolenza dell&#8217;acqua, consentendo a OberA di portare la qualit\u00e0 della pre-separazione a un nuovo livello. Gli utenti beneficiano di un effetto significativo: i materiali filtranti del successivo sistema di separazione a secco vengono risparmiati, con una conseguente maggiore durata e minori costi successivi.  <\/p>\n<\/blockquote>\n\n\n\n<div class=\"wp-block-columns is-layout-flex wp-container-core-columns-is-layout-28f84493 wp-block-columns-is-layout-flex\">\n<div class=\"wp-block-column is-layout-flow wp-block-column-is-layout-flow\">\n<h3 class=\"wp-block-heading has-text-align-center\" id=\"industries\">Industrie<\/h3>\n\n\n\n<hr class=\"wp-block-separator has-css-opacity is-style-wide\"\/>\n\n\n\n<div class=\"wp-block-columns is-layout-flex wp-container-core-columns-is-layout-28f84493 wp-block-columns-is-layout-flex\">\n<div class=\"wp-block-column is-layout-flow wp-block-column-is-layout-flow\">\n<figure class=\"wp-block-image aligncenter size-full\"><img decoding=\"async\" width=\"150\" height=\"150\" src=\"https:\/\/obera.fr\/wp-content\/uploads\/2022\/02\/Metalurgie.png\" alt=\"lavorazione dei metalli\" class=\"wp-image-8857\"\/><figcaption class=\"wp-element-caption\">Lavorazione dei metalli<\/figcaption><\/figure>\n\n\n\n<figure class=\"wp-block-image aligncenter size-full\"><img decoding=\"async\" width=\"150\" height=\"150\" src=\"https:\/\/obera.fr\/wp-content\/uploads\/2022\/02\/Textile.png\" alt=\"tessile\" class=\"wp-image-8855\"\/><figcaption class=\"wp-element-caption\">Tessili<\/figcaption><\/figure>\n<\/div>\n\n\n\n<div class=\"wp-block-column is-layout-flow wp-block-column-is-layout-flow\">\n<figure class=\"wp-block-image aligncenter size-full\"><img decoding=\"async\" width=\"150\" height=\"150\" src=\"https:\/\/obera.fr\/wp-content\/uploads\/2022\/02\/Chimie.png\" alt=\"chimica\" class=\"wp-image-8846\"\/><figcaption class=\"wp-element-caption\">Chimica<\/figcaption><\/figure>\n\n\n\n<figure class=\"wp-block-image aligncenter size-full\"><img decoding=\"async\" width=\"150\" height=\"150\" src=\"https:\/\/obera.fr\/wp-content\/uploads\/2022\/02\/Plastique.png\" alt=\"plastica\" class=\"wp-image-8854\"\/><figcaption class=\"wp-element-caption\">In plastica<\/figcaption><\/figure>\n<\/div>\n\n\n\n<div class=\"wp-block-column is-layout-flow wp-block-column-is-layout-flow\">\n<figure class=\"wp-block-image aligncenter size-full\"><img decoding=\"async\" width=\"150\" height=\"150\" src=\"https:\/\/obera.fr\/wp-content\/uploads\/2022\/02\/MINERAIS.png\" alt=\"minerali\" class=\"wp-image-8847\"\/><figcaption class=\"wp-element-caption\">Minerali<\/figcaption><\/figure>\n\n\n\n<figure class=\"wp-block-image aligncenter size-full\"><img decoding=\"async\" width=\"150\" height=\"150\" src=\"https:\/\/obera.fr\/wp-content\/uploads\/2022\/02\/Papier-carton.png\" alt=\"carta e cartone\" class=\"wp-image-8853\"\/><figcaption class=\"wp-element-caption\">Carta\/cartone<\/figcaption><\/figure>\n<\/div>\n\n\n\n<div class=\"wp-block-column is-layout-flow wp-block-column-is-layout-flow\">\n<figure class=\"wp-block-image aligncenter size-full\"><img decoding=\"async\" width=\"150\" height=\"150\" src=\"https:\/\/obera.fr\/wp-content\/uploads\/2022\/02\/AGROALIMENTAIRE.png\" alt=\"agroalimentare\" class=\"wp-image-8844\"\/><figcaption class=\"wp-element-caption\">Industria alimentare<\/figcaption><\/figure>\n<\/div>\n<\/div>\n<\/div>\n<\/div>\n\n\n\n<figure class=\"wp-block-table\"><table class=\"has-fixed-layout\"><tbody><tr><td><\/td><td><\/td><td><strong>DUSTOMAT HYDRO 2300<\/strong><\/td><td><strong>DUSTOMAT HYDRO 3500<\/strong><\/td><td><strong>DUSTOMAT HYDRO 6000<\/strong><\/td><td><strong>DUSTOMAT HYDRO 10000<\/strong><\/td><\/tr><tr><td>Flusso<\/td><td>m3\/h<\/td><td>2 300<\/td><td>3 500<\/td><td>6 000<\/td><td>10 000<\/td><\/tr><tr><td>Vuoto massimo<\/td><td>Pa<\/td><td>2 500<\/td><td>3 400<\/td><td>3 950<\/td><td>4 800<\/td><\/tr><tr><td>Potenza<\/td><td>kW<\/td><td>3<\/td><td>5,5<\/td><td>7.5<\/td><td>15<\/td><\/tr><tr><td>Diametro di ingresso<\/td><td>mm<\/td><td>180<\/td><td>224<\/td><td>280<\/td><td>400<\/td><\/tr><tr><td>Collegamento all&#8217;acqua<\/td><td>Pollici<\/td><td>3\/4<\/td><td>3\/4<\/td><td>3\/4<\/td><td>3\/4<\/td><\/tr><tr><td>Dimensioni<\/td><td>l\/L\/h (mm)<\/td><td>850x850x2600<\/td><td>850x850x2600<\/td><td>1350 x 1550 x 3400<\/td><td>1350 x 1550 x 3400<\/td><\/tr><tr><td>Livello di rumore<\/td><td>dB(A)<\/td><td>70*<\/td><td>72*<\/td><td>73.4<\/td><td>76.1<\/td><\/tr><tr><td>Peso<\/td><td>kg<\/td><td>340<\/td><td>380<\/td><td>750<\/td><td>870<\/td><\/tr><\/tbody><\/table><\/figure>\n\n\n\n<p>* senza pacchetto di isolamento acustico: 75 db(A)<\/p>\n\n\n\n<div class=\"wp-block-columns is-layout-flex wp-container-core-columns-is-layout-28f84493 wp-block-columns-is-layout-flex\">\n<div class=\"wp-block-column is-layout-flow wp-block-column-is-layout-flow\"><\/div>\n\n\n\n<div class=\"wp-block-column is-layout-flow wp-block-column-is-layout-flow\">\n<div class=\"wp-block-buttons is-content-justification-center is-layout-flex wp-container-core-buttons-is-layout-a89b3969 wp-block-buttons-is-layout-flex\">\n<div class=\"wp-block-button btn-devis-source\"><a class=\"wp-block-button__link wp-element-button\" href=\"https:\/\/obera.fr\/it\/devis\/\">Richiedi un preventivo<\/a><\/div>\n<\/div>\n\n\n<script>\r\ndocument.addEventListener('DOMContentLoaded', function() {\r\n    \/\/ 1. On cherche le titre H1 de la page\r\n    var h1 = document.querySelector('h1');\r\n    var productTitle = h1 ? h1.innerText.trim() : \"\";\r\n\r\n    \/\/ 2. On cherche les boutons via la classe CSS .btn-devis-source\r\n    var buttons = document.querySelectorAll('.btn-devis-source a');\r\n\r\n    \/\/ 3. Si on a le titre et les boutons, on ajoute le param\u00e8tre\r\n    if (buttons.length > 0 && productTitle !== \"\") {\r\n        var encodedTitle = encodeURIComponent(productTitle);\r\n\r\n        buttons.forEach(function(btn) {\r\n            var currentHref = btn.getAttribute('href');\r\n            \r\n            \/\/ S\u00e9curit\u00e9 pour ne pas ajouter le param\u00e8tre 2 fois\r\n            if (currentHref.indexOf('sujet=') === -1) {\r\n                var separator = currentHref.indexOf('?') !== -1 ? '&' : '?';\r\n                var newLink = currentHref + separator + 'sujet=' + encodedTitle;\r\n                \r\n                btn.setAttribute('href', newLink);\r\n            }\r\n        });\r\n    }\r\n});\r\n<\/script><\/div>\n\n\n\n<div class=\"wp-block-column is-layout-flow wp-block-column-is-layout-flow\">\n<div class=\"wp-block-buttons is-content-justification-center is-layout-flex wp-container-core-buttons-is-layout-a89b3969 wp-block-buttons-is-layout-flex\">\n<div class=\"wp-block-button\"><a class=\"wp-block-button__link wp-element-button\" href=\"https:\/\/obera.fr\/wp-content\/uploads\/2025\/04\/brochure-dustomat-hydro-en.pdf\">Scarica la brochure<\/a><\/div>\n<\/div>\n<\/div>\n\n\n\n<div class=\"wp-block-column is-layout-flow wp-block-column-is-layout-flow\"><\/div>\n<\/div>\n\n\n\n<h2 class=\"wp-block-heading\">DUSTOMAT HYDRO: quali sono i suoi vantaggi?  <\/h2>\n\n\n\n<p>La serie di depolveratori DUSTOMAT HYDRO risponde al <strong>problema principale della qualit\u00e0 dell&#8217;aria nell&#8217;industria<\/strong>, migliorando la salute e la sicurezza dei team di produzione. <strong>Ridurre l&#8217;esposizione alle polveri sottili<\/strong> e agli agenti inquinanti, migliorare la qualit\u00e0 dell&#8217;aria in officina&#8230; Scegliere un depolveratore a umido significa creare un ambiente di lavoro pi\u00f9 sano e piacevole, oltre a rispettare gli attuali standard ambientali. Per migliorare il comfort dell&#8217;utente, i modelli di questa serie sono compatti e silenziosi. Se lo spazio \u00e8 un problema, l&#8217;unit\u00e0 pu\u00f2 essere installata all&#8217;interno o all&#8217;esterno.  <\/p>\n\n\n\n<p>In termini di sicurezza, la sua innovativa tecnologia idrociclonica <strong>rende le postazioni di lavoro il pi\u00f9 sicure possibile in<\/strong> due modi: riducendo il rischio di incendi causati dalla polvere ed evitando che la polvere si accumuli sulle attrezzature e danneggi i macchinari.<\/p>\n\n\n\n<p>Per quanto riguarda l&#8217;investimento richiesto dai produttori, <strong>il sistema \u00e8 progettato per consumare poca energia idrica<\/strong>, il che significa risparmiare sulla bolletta energetica.<\/p>\n\n\n\n<div class=\"wp-block-columns is-layout-flex wp-container-core-columns-is-layout-28f84493 wp-block-columns-is-layout-flex\">\n<div class=\"wp-block-column is-layout-flow wp-block-column-is-layout-flow\">\n<h3 class=\"wp-block-heading\">Vantaggi :<\/h3>\n\n\n\n<ul class=\"wp-block-list\">\n<li>Maggiore sicurezza, anche in ambienti esplosivi;<\/li>\n\n\n\n<li>Consumi energetici e idrici ridotti grazie alla regolazione dell&#8217;acqua;<\/li>\n\n\n\n<li>Facile da usare grazie al suo touch screen;<\/li>\n\n\n\n<li><strong> <\/strong>Facile da usare e da mantenere, con bassi costi di gestione.<\/li>\n<\/ul>\n<\/div>\n\n\n\n<div class=\"wp-block-column is-layout-flow wp-block-column-is-layout-flow\">\n<h3 class=\"wp-block-heading\">Caratteristiche speciali:<\/h3>\n\n\n\n<ul class=\"wp-block-list\">\n<li>Un sistema di separazione multistadio ad alte prestazioni per polveri sottili, polveri combustibili e scintille;<\/li>\n\n\n\n<li>Efficienza di separazione fino al 99,995%;<\/li>\n\n\n\n<li>Estrazione a una o pi\u00f9 stazioni.<\/li>\n<\/ul>\n<\/div>\n\n\n\n<div class=\"wp-block-column is-layout-flow wp-block-column-is-layout-flow\">\n<h3 class=\"wp-block-heading\">Caratteristiche :<\/h3>\n\n\n\n<ul class=\"wp-block-list\">\n<li>Conforme allo standard ATEX;<\/li>\n\n\n\n<li>Funzionamento silenzioso;<\/li>\n\n\n\n<li>Opzionale: funzionamento a ricircolo (riduce i costi di riscaldamento).<\/li>\n<\/ul>\n<\/div>\n<\/div>\n\n\n\n<div class=\"wp-block-columns is-layout-flex wp-container-core-columns-is-layout-28f84493 wp-block-columns-is-layout-flex\">\n<div class=\"wp-block-column is-layout-flow wp-block-column-is-layout-flow\">\n<figure class=\"wp-block-image size-full is-resized\"><img decoding=\"async\" width=\"600\" height=\"600\" src=\"https:\/\/obera.fr\/wp-content\/uploads\/2022\/11\/norme-atex.jpg\" alt=\"atex standard\" class=\"wp-image-15992\" style=\"width:300px;height:300px\" srcset=\"https:\/\/obera.fr\/wp-content\/uploads\/2022\/11\/norme-atex.jpg 600w, https:\/\/obera.fr\/wp-content\/uploads\/2022\/11\/norme-atex-300x300.jpg 300w, https:\/\/obera.fr\/wp-content\/uploads\/2022\/11\/norme-atex-150x150.jpg 150w\" sizes=\"(max-width: 600px) 100vw, 600px\" \/><\/figure>\n<\/div>\n\n\n\n<div class=\"wp-block-column is-layout-flow wp-block-column-is-layout-flow\">\n<figure class=\"wp-block-image size-full is-resized\"><img decoding=\"async\" width=\"600\" height=\"600\" src=\"https:\/\/obera.fr\/wp-content\/uploads\/2022\/11\/dustomat-hydro-2.jpg\" alt=\"dustomat hydro 2\" class=\"wp-image-15995\" style=\"width:300px;height:300px\" srcset=\"https:\/\/obera.fr\/wp-content\/uploads\/2022\/11\/dustomat-hydro-2.jpg 600w, https:\/\/obera.fr\/wp-content\/uploads\/2022\/11\/dustomat-hydro-2-300x300.jpg 300w, https:\/\/obera.fr\/wp-content\/uploads\/2022\/11\/dustomat-hydro-2-150x150.jpg 150w\" sizes=\"(max-width: 600px) 100vw, 600px\" \/><\/figure>\n<\/div>\n\n\n\n<div class=\"wp-block-column is-layout-flow wp-block-column-is-layout-flow\">\n<figure class=\"wp-block-image size-full is-resized\"><img decoding=\"async\" width=\"600\" height=\"600\" src=\"https:\/\/obera.fr\/wp-content\/uploads\/2022\/11\/vanne-de-vidange.jpg\" alt=\"valvola di scarico\" class=\"wp-image-15998\" style=\"width:300px;height:300px\" srcset=\"https:\/\/obera.fr\/wp-content\/uploads\/2022\/11\/vanne-de-vidange.jpg 600w, https:\/\/obera.fr\/wp-content\/uploads\/2022\/11\/vanne-de-vidange-300x300.jpg 300w, https:\/\/obera.fr\/wp-content\/uploads\/2022\/11\/vanne-de-vidange-150x150.jpg 150w\" sizes=\"(max-width: 600px) 100vw, 600px\" \/><\/figure>\n<\/div>\n<\/div>\n\n\n\n<div class=\"wp-block-buttons is-content-justification-center is-layout-flex wp-container-core-buttons-is-layout-a89b3969 wp-block-buttons-is-layout-flex\">\n<div class=\"wp-block-button\"><a class=\"wp-block-button__link wp-element-button\" href=\"https:\/\/obera.fr\/it\/contact\/\">Prova il DUSTOMAT HYDRO<\/a><\/div>\n<\/div>\n","protected":false},"excerpt":{"rendered":"<p>Scopri la nostra gamma di lavapavimenti a umido DUSTOMAT HYDRO, che combina prestazioni ed efficienza per l&#8217;estrazione di sostanze altamente infiammabili. Il depolveratore industriale DUSTOMAT HYDRO: come funziona e come si usa? Il principale punto di forza della serie DUSTOMAT HYDRO \u00e8 l&#8217;innovativa tecnologia di separazione a pi\u00f9 stadi per catturare polvere e scintille. L&#8217;aria inquinata viene aspirata da una ventola integrata nel depolveratore. La velocit\u00e0 dell&#8217;aria viene ridotta, consentendo alle particelle pi\u00f9 pesanti di cadere in un serbatoio di recupero: questa \u00e8 la prima fase della pre-separazione delle particelle. L&#8217;aria passa poi attraverso un idrociclone, che utilizza la forza &#8230; <\/p>\n<p class=\"read-more-container\"><a title=\"DUSTOMAT HYDRO: depolveratore fisso a umido\" class=\"read-more button\" href=\"https:\/\/obera.fr\/it\/produits\/depoussiereurs-industriels\/fixes\/depoussiereur-a-voie-humide-dustomat-hydro\/#more-46054\" aria-label=\"Per saperne di pi\u00f9 su DUSTOMAT HYDRO: depolveratore fisso a umido\">Lire la suite<\/a><\/p>\n","protected":false},"author":4,"featured_media":83742,"parent":47273,"menu_order":0,"comment_status":"closed","ping_status":"closed","template":"","meta":{"_acf_changed":false,"_seopress_robots_primary_cat":"","_seopress_titles_title":"Lavasciuga pavimenti ad umido DUSTOMAT HYDRO di oberA","_seopress_titles_desc":"Scopri la nostra gamma di lavapavimenti a umido DUSTOMAT HYDRO, che combina prestazioni ed efficienza per l'estrazione di sostanze altamente infiammabili.","_seopress_robots_index":"","footnotes":""},"class_list":{"0":"post-46054","1":"page","2":"type-page","3":"status-publish","4":"has-post-thumbnail","6":"no-featured-image-padding","7":"resize-featured-image"},"acf":[],"_links":{"self":[{"href":"https:\/\/obera.fr\/it\/wp-json\/wp\/v2\/pages\/46054","targetHints":{"allow":["GET"]}}],"collection":[{"href":"https:\/\/obera.fr\/it\/wp-json\/wp\/v2\/pages"}],"about":[{"href":"https:\/\/obera.fr\/it\/wp-json\/wp\/v2\/types\/page"}],"author":[{"embeddable":true,"href":"https:\/\/obera.fr\/it\/wp-json\/wp\/v2\/users\/4"}],"replies":[{"embeddable":true,"href":"https:\/\/obera.fr\/it\/wp-json\/wp\/v2\/comments?post=46054"}],"version-history":[{"count":13,"href":"https:\/\/obera.fr\/it\/wp-json\/wp\/v2\/pages\/46054\/revisions"}],"predecessor-version":[{"id":91964,"href":"https:\/\/obera.fr\/it\/wp-json\/wp\/v2\/pages\/46054\/revisions\/91964"}],"up":[{"embeddable":true,"href":"https:\/\/obera.fr\/it\/wp-json\/wp\/v2\/pages\/47273"}],"wp:featuredmedia":[{"embeddable":true,"href":"https:\/\/obera.fr\/it\/wp-json\/wp\/v2\/media\/83742"}],"wp:attachment":[{"href":"https:\/\/obera.fr\/it\/wp-json\/wp\/v2\/media?parent=46054"}],"curies":[{"name":"wp","href":"https:\/\/api.w.org\/{rel}","templated":true}]}}