{"id":46657,"date":"2020-08-26T12:44:59","date_gmt":"2020-08-26T10:44:59","guid":{"rendered":"https:\/\/obera.fr\/srf-k\/"},"modified":"2025-06-27T15:38:56","modified_gmt":"2025-06-27T13:38:56","slug":"srf-k","status":"publish","type":"page","link":"https:\/\/obera.fr\/it\/produits\/depoussiereurs-industriels\/mobiles\/srf-k\/","title":{"rendered":"SRF-K"},"content":{"rendered":"\n<h2 class=\"wp-block-heading\" id=\"extracteur-de-fumees-de-soudure-pour-un-large-choix-d-application\">Estrattore di fumi di saldatura per un&#8217;ampia gamma di applicazioni<\/h2>\n\n<div class=\"wp-block-columns is-layout-flex wp-container-core-columns-is-layout-28f84493 wp-block-columns-is-layout-flex\">\n<div class=\"wp-block-column is-layout-flow wp-block-column-is-layout-flow\" style=\"flex-basis:33.33%\">\n<figure class=\"wp-block-image aligncenter size-large is-resized\"><img decoding=\"async\" width=\"819\" height=\"1024\" src=\"https:\/\/obera.fr\/wp-content\/uploads\/2025\/05\/srf-k-1-819x1024.png\" alt=\"Raccoglitore di polveri mobile SRF-K\" class=\"wp-image-104035\" style=\"width:266px;height:auto\" srcset=\"https:\/\/obera.fr\/wp-content\/uploads\/2025\/05\/srf-k-1-819x1024.png 819w, https:\/\/obera.fr\/wp-content\/uploads\/2025\/05\/srf-k-1-240x300.png 240w, https:\/\/obera.fr\/wp-content\/uploads\/2025\/05\/srf-k-1-768x960.png 768w, https:\/\/obera.fr\/wp-content\/uploads\/2025\/05\/srf-k-1.png 1080w\" sizes=\"(max-width: 819px) 100vw, 819px\" \/><figcaption class=\"wp-element-caption\">SRF-K<\/figcaption><\/figure>\n<\/div>\n\n\n\n<div class=\"wp-block-column is-layout-flow wp-block-column-is-layout-flow\" style=\"flex-basis:66.66%\">\n<p>I <strong>fumi di saldatura<\/strong> vengono filtrati al 99,9% e l&#8217;aria filtrata pu\u00f2 essere reintrodotta nell&#8217;ambiente di lavoro.  <\/p>\n\n\n\n<p>Grazie alla sua elevata velocit\u00e0 di aspirazione, \u00e8 facile filtrare grandi volumi di fumo. La sua cartuccia filtrante pulibile riduce notevolmente i costi di manutenzione. <\/p>\n\n\n\n<p>Il modello pi\u00f9 potente della gamma, l&#8217;SRF K-15, pu\u00f2 essere dotato di due bracci di estrazione. Esiste anche un<a href=\"https:\/\/obera.fr\/it\/produits\/depoussiereurs-industriels\/petits\/srf-t\/\">aspiratore di fumi di saldatura portatile<\/a>, l&#8217;SRF-T. <\/p>\n\n\n\n<hr class=\"wp-block-separator has-text-color has-black-color has-css-opacity has-black-background-color has-background is-style-dots\"\/>\n\n\n\n<div class=\"wp-block-columns is-layout-flex wp-container-core-columns-is-layout-28f84493 wp-block-columns-is-layout-flex\">\n<div class=\"wp-block-column is-layout-flow wp-block-column-is-layout-flow\" style=\"flex-basis:33.33%\">\n<div class=\"wp-block-buttons is-layout-flex wp-block-buttons-is-layout-flex\">\n<div class=\"wp-block-button\"><a class=\"wp-block-button__link wp-element-button\" href=\"https:\/\/obera.fr\/wp-content\/uploads\/2025\/05\/brochure-srf-k-10-15-fr.pdf\">SCARICA LA BROCHURE<\/a><\/div>\n<\/div>\n<\/div>\n\n\n\n<div class=\"wp-block-column is-layout-flow wp-block-column-is-layout-flow\" style=\"flex-basis:33.34%\">\n<div class=\"wp-block-buttons is-horizontal is-content-justification-center is-layout-flex wp-container-core-buttons-is-layout-03627597 wp-block-buttons-is-layout-flex\">\n<div class=\"wp-block-button has-custom-width wp-block-button__width-100\"><a class=\"wp-block-button__link wp-element-button\" href=\"https:\/\/obera.fr\/it\/contattaci\/\">Saperne di pi\u00f9<\/a><\/div>\n<\/div>\n<\/div>\n\n\n\n<div class=\"wp-block-column is-layout-flow wp-block-column-is-layout-flow\" style=\"flex-basis:33.34%\">\n<div class=\"wp-block-buttons is-content-justification-center is-layout-flex wp-container-core-buttons-is-layout-a89b3969 wp-block-buttons-is-layout-flex\">\n<div class=\"wp-block-button btn-devis-source\"><a class=\"wp-block-button__link wp-element-button\" href=\"https:\/\/obera.fr\/it\/devis\/\">Richiedi un preventivo<\/a><\/div>\n<\/div>\n\n\n<script>\r\ndocument.addEventListener('DOMContentLoaded', function() {\r\n    \/\/ 1. On cherche le titre H1 de la page\r\n    var h1 = document.querySelector('h1');\r\n    var productTitle = h1 ? h1.innerText.trim() : \"\";\r\n\r\n    \/\/ 2. On cherche les boutons via la classe CSS .btn-devis-source\r\n    var buttons = document.querySelectorAll('.btn-devis-source a');\r\n\r\n    \/\/ 3. Si on a le titre et les boutons, on ajoute le param\u00e8tre\r\n    if (buttons.length > 0 && productTitle !== \"\") {\r\n        var encodedTitle = encodeURIComponent(productTitle);\r\n\r\n        buttons.forEach(function(btn) {\r\n            var currentHref = btn.getAttribute('href');\r\n            \r\n            \/\/ S\u00e9curit\u00e9 pour ne pas ajouter le param\u00e8tre 2 fois\r\n            if (currentHref.indexOf('sujet=') === -1) {\r\n                var separator = currentHref.indexOf('?') !== -1 ? '&' : '?';\r\n                var newLink = currentHref + separator + 'sujet=' + encodedTitle;\r\n                \r\n                btn.setAttribute('href', newLink);\r\n            }\r\n        });\r\n    }\r\n});\r\n<\/script><\/div>\n<\/div>\n<\/div>\n<\/div>\n\n<figure class=\"wp-block-gallery has-nested-images columns-default is-cropped wp-block-gallery-1 is-layout-flex wp-block-gallery-is-layout-flex\">\n<figure class=\"wp-block-image size-large\"><img decoding=\"async\" width=\"1024\" height=\"576\" data-id=\"1686\" src=\"https:\/\/obera.fr\/wp-content\/uploads\/2020\/11\/49-srf-k-1024x576.jpg\" alt=\"49 Srf K\" class=\"wp-image-1686\" srcset=\"https:\/\/obera.fr\/wp-content\/uploads\/2020\/11\/49-srf-k-1024x576.jpg 1024w, https:\/\/obera.fr\/wp-content\/uploads\/2020\/11\/49-srf-k-300x169.jpg 300w, https:\/\/obera.fr\/wp-content\/uploads\/2020\/11\/49-srf-k-768x432.jpg 768w, https:\/\/obera.fr\/wp-content\/uploads\/2020\/11\/49-srf-k.jpg 1200w\" sizes=\"(max-width: 1024px) 100vw, 1024px\" \/><\/figure>\n\n\n\n<figure class=\"wp-block-image size-large\"><img decoding=\"async\" width=\"1024\" height=\"576\" data-id=\"1685\" src=\"https:\/\/obera.fr\/wp-content\/uploads\/2020\/11\/48-srf-k-1024x576.jpg\" alt=\"48 Srf K\" class=\"wp-image-1685\" srcset=\"https:\/\/obera.fr\/wp-content\/uploads\/2020\/11\/48-srf-k-1024x576.jpg 1024w, https:\/\/obera.fr\/wp-content\/uploads\/2020\/11\/48-srf-k-300x169.jpg 300w, https:\/\/obera.fr\/wp-content\/uploads\/2020\/11\/48-srf-k-768x432.jpg 768w, https:\/\/obera.fr\/wp-content\/uploads\/2020\/11\/48-srf-k.jpg 1280w\" sizes=\"(max-width: 1024px) 100vw, 1024px\" \/><\/figure>\n\n\n\n<figure class=\"wp-block-image size-large\"><img decoding=\"async\" width=\"1024\" height=\"683\" data-id=\"104141\" src=\"https:\/\/obera.fr\/wp-content\/uploads\/2025\/05\/srf-k-entsorgungssack-anbringen-_0022-1024x683.jpg\" alt=\"Sacco per la raccolta dei rifiuti SRF-K\" class=\"wp-image-104141\" srcset=\"https:\/\/obera.fr\/wp-content\/uploads\/2025\/05\/srf-k-entsorgungssack-anbringen-_0022-1024x683.jpg 1024w, https:\/\/obera.fr\/wp-content\/uploads\/2025\/05\/srf-k-entsorgungssack-anbringen-_0022-300x200.jpg 300w, https:\/\/obera.fr\/wp-content\/uploads\/2025\/05\/srf-k-entsorgungssack-anbringen-_0022-768x512.jpg 768w, https:\/\/obera.fr\/wp-content\/uploads\/2025\/05\/srf-k-entsorgungssack-anbringen-_0022-1536x1024.jpg 1536w, https:\/\/obera.fr\/wp-content\/uploads\/2025\/05\/srf-k-entsorgungssack-anbringen-_0022.jpg 1920w\" sizes=\"(max-width: 1024px) 100vw, 1024px\" \/><\/figure>\n<\/figure>\n\n<h3 class=\"wp-block-heading\" id=\"avantages\">Vantaggi<\/h3>\n\n<div class=\"wp-block-columns is-layout-flex wp-container-core-columns-is-layout-28f84493 wp-block-columns-is-layout-flex\">\n<div class=\"wp-block-column is-layout-flow wp-block-column-is-layout-flow\">\n<h4 class=\"wp-block-heading has-text-align-center\" id=\"avantages\"><strong>Vantaggi<\/strong><\/h4>\n\n\n\n<ul class=\"wp-block-list\">\n<li>Elevate prestazioni di estrazione in due punti<\/li>\n\n\n\n<li>Mobile e versatile<\/li>\n\n\n\n<li>Compatto e facile da usare<\/li>\n\n\n\n<li>Bassi costi di manutenzione grazie al filtro pulibile<\/li>\n\n\n\n<li>Facile smaltimento dei rifiuti<\/li>\n<\/ul>\n<\/div>\n\n\n\n<div class=\"wp-block-column is-layout-flow wp-block-column-is-layout-flow\">\n<h4 class=\"wp-block-heading has-text-align-center\" id=\"particularites\"><strong>Caratteristiche speciali<\/strong><\/h4>\n\n\n\n<ul class=\"wp-block-list\">\n<li>Pulizia manuale del filtro con pistola ad aria compressa o pulizia automatica del filtro<\/li>\n\n\n\n<li>Cartuccia filtrante pulibile per una maggiore durata<\/li>\n<\/ul>\n<\/div>\n\n\n\n<div class=\"wp-block-column is-layout-flow wp-block-column-is-layout-flow\">\n<h4 class=\"wp-block-heading has-text-align-center\" id=\"caracteristiques\"><strong>Caratteristiche<\/strong><\/h4>\n\n\n\n<ul class=\"wp-block-list\">\n<li>Pu\u00f2 funzionare in modo continuo o intermittente<\/li>\n<\/ul>\n<\/div>\n<\/div>\n\n<h2 class=\"wp-block-heading\" id=\"dans-quels-secteurs-industriels-l-utiliser\">In quali settori industriali viene utilizzato?<\/h2>\n\n<div class=\"wp-block-columns is-layout-flex wp-container-core-columns-is-layout-28f84493 wp-block-columns-is-layout-flex\">\n<div class=\"wp-block-column is-layout-flow wp-block-column-is-layout-flow\">\n<h3 class=\"wp-block-heading has-text-align-center\" id=\"polluants\">Inquinanti<\/h3>\n\n\n\n<hr class=\"wp-block-separator has-css-opacity is-style-wide\"\/>\n\n\n\n<div class=\"wp-block-columns is-layout-flex wp-container-core-columns-is-layout-28f84493 wp-block-columns-is-layout-flex\">\n<div class=\"wp-block-column is-layout-flow wp-block-column-is-layout-flow\">\n<figure class=\"wp-block-image aligncenter size-large\"><img decoding=\"async\" width=\"70\" height=\"70\" src=\"https:\/\/obera.fr\/wp-content\/uploads\/2020\/08\/industrie-fumees.jpg\" alt=\"Industria del fumo\" class=\"wp-image-722\"\/><figcaption class=\"wp-element-caption\">Fumi<\/figcaption><\/figure>\n<\/div>\n\n\n\n<div class=\"wp-block-column is-layout-flow wp-block-column-is-layout-flow\"><\/div>\n<\/div>\n<\/div>\n\n\n\n<div class=\"wp-block-column is-layout-flow wp-block-column-is-layout-flow\">\n<h3 class=\"wp-block-heading has-text-align-center\" id=\"industries\">Industrie<\/h3>\n\n\n\n<hr class=\"wp-block-separator has-css-opacity is-style-wide\"\/>\n\n\n\n<div class=\"wp-block-columns is-layout-flex wp-container-core-columns-is-layout-28f84493 wp-block-columns-is-layout-flex\">\n<div class=\"wp-block-column is-layout-flow wp-block-column-is-layout-flow\">\n<figure class=\"wp-block-image aligncenter size-large\"><img decoding=\"async\" width=\"70\" height=\"70\" src=\"https:\/\/obera.fr\/wp-content\/uploads\/2020\/08\/industrie-metallurgie.jpg\" alt=\"Industria metallurgica\" class=\"wp-image-673\"\/><figcaption class=\"wp-element-caption\">Metallurgia<\/figcaption><\/figure>\n<\/div>\n\n\n\n<div class=\"wp-block-column is-layout-flow wp-block-column-is-layout-flow\"><\/div>\n<\/div>\n<\/div>\n<\/div>\n\n<h2 class=\"wp-block-heading\" id=\"caracteristiques-techniques\">Specifiche tecniche<\/h2>\n\n<figure class=\"wp-block-table\"><table class=\"has-fixed-layout\"><thead><tr><th>Dispositivo<\/th><th><\/th><th>SRF K-10<\/th><th>SRF K-15<\/th><\/tr><\/thead><tbody><tr><td>Flusso<\/td><td>m3\/h<\/td><td>950<\/td><td>1 600<\/td><\/tr><tr><td>Diametro di ingresso<\/td><td>mm<\/td><td>140<\/td><td>2&#215;140<\/td><\/tr><tr><td>pressione negativa massima<\/td><td>Pa<\/td><td>2 800<\/td><td>2 800<\/td><\/tr><tr><td>Tensione di alimentazione<\/td><td>V<\/td><td>230<\/td><td>400<\/td><\/tr><tr><td>Potenza<\/td><td>kW<\/td><td>1.3<\/td><td>2.2<\/td><\/tr><tr><td>Superficie del filtro<\/td><td>m\u00b2<\/td><td>10<\/td><td>15<\/td><\/tr><tr><td>Dimensioni<\/td><td>l\/L\/h (mm)<\/td><td>946x761x1361<\/td><td>946x761x1361<\/td><\/tr><tr><td>Peso<\/td><td>kg<\/td><td>69<\/td><td>74<\/td><\/tr><tr><td>Livello sonoro<\/td><td>dB(A)<\/td><td>72<\/td><td>77<\/td><\/tr><\/tbody><\/table><\/figure>\n\n<div class=\"wp-block-buttons is-content-justification-center is-layout-flex wp-container-core-buttons-is-layout-a89b3969 wp-block-buttons-is-layout-flex\">\n<div class=\"wp-block-button is-style-outline is-style-outline--2\"><a class=\"wp-block-button__link wp-element-button\" href=\"https:\/\/obera.fr\/wp-content\/uploads\/2024\/03\/srf-k-10-15.pdf\">Scarica la scheda prodotto<\/a><\/div>\n<\/div>\n\n<h3 class=\"wp-block-heading\" id=\"en-option\">Opzionale<\/h3>\n\n<div class=\"wp-block-columns is-layout-flex wp-container-core-columns-is-layout-28f84493 wp-block-columns-is-layout-flex\">\n<div class=\"wp-block-column is-layout-flow wp-block-column-is-layout-flow\">\n<figure class=\"wp-block-image aligncenter size-large is-resized\"><img decoding=\"async\" width=\"1024\" height=\"549\" src=\"https:\/\/obera.fr\/wp-content\/uploads\/2025\/03\/charbon-actif-mix-1024x549.jpg\" alt=\"miscela di carbone attivo\" class=\"wp-image-76515\" style=\"width:198px;height:auto\" srcset=\"https:\/\/obera.fr\/wp-content\/uploads\/2025\/03\/charbon-actif-mix-1024x549.jpg 1024w, https:\/\/obera.fr\/wp-content\/uploads\/2025\/03\/charbon-actif-mix-300x161.jpg 300w, https:\/\/obera.fr\/wp-content\/uploads\/2025\/03\/charbon-actif-mix-768x412.jpg 768w, https:\/\/obera.fr\/wp-content\/uploads\/2025\/03\/charbon-actif-mix.jpg 1200w\" sizes=\"(max-width: 1024px) 100vw, 1024px\" \/><figcaption class=\"wp-element-caption\">Filtro a carbone attivo<\/figcaption><\/figure>\n<\/div>\n\n\n\n<div class=\"wp-block-column is-layout-flow wp-block-column-is-layout-flow\"><\/div>\n\n\n\n<div class=\"wp-block-column is-layout-flow wp-block-column-is-layout-flow\"><\/div>\n<\/div>\n\n<div class=\"wp-block-columns is-layout-flex wp-container-core-columns-is-layout-28f84493 wp-block-columns-is-layout-flex\">\n<div class=\"wp-block-column is-layout-flow wp-block-column-is-layout-flow\"><\/div>\n\n\n\n<div class=\"wp-block-column is-layout-flow wp-block-column-is-layout-flow\"><\/div>\n\n\n\n<div class=\"wp-block-column is-layout-flow wp-block-column-is-layout-flow\"><\/div>\n<\/div>\n\n<h3 class=\"wp-block-heading\" id=\"accessoires\">Accessori<\/h3>\n\n<figure class=\"wp-block-gallery aligncenter has-nested-images columns-5 wp-block-gallery-3 is-layout-flex wp-block-gallery-is-layout-flex\">\n<figure class=\"wp-block-image size-large\"><img decoding=\"async\" width=\"100\" height=\"100\" data-id=\"665\" src=\"https:\/\/obera.fr\/wp-content\/uploads\/2020\/08\/accessoires-gaines.jpg\" alt=\"Accessori Condotti\" class=\"wp-image-665\"\/><figcaption class=\"wp-element-caption\">Canalizzazioni<\/figcaption><\/figure>\n\n\n\n<figure class=\"wp-block-image size-large\"><img decoding=\"async\" width=\"100\" height=\"100\" data-id=\"664\" src=\"https:\/\/obera.fr\/wp-content\/uploads\/2020\/08\/accessoires-adaptateur-de-gaines.jpg\" alt=\"Accessori Adattatori per condotti\" class=\"wp-image-664\"\/><figcaption class=\"wp-element-caption\">Adattatore per guaina<\/figcaption><\/figure>\n\n\n\n<figure class=\"wp-block-image size-large\"><img decoding=\"async\" width=\"100\" height=\"100\" data-id=\"663\" src=\"https:\/\/obera.fr\/wp-content\/uploads\/2020\/08\/accessoires-hotte.jpg\" alt=\"Accessori per il cappuccio\" class=\"wp-image-663\"\/><figcaption class=\"wp-element-caption\">Cappuccio<\/figcaption><\/figure>\n\n\n\n<figure class=\"wp-block-image size-large\"><img decoding=\"async\" width=\"100\" height=\"100\" data-id=\"662\" src=\"https:\/\/obera.fr\/wp-content\/uploads\/2020\/08\/accessoires-bras.jpg\" alt=\"Accessori per il braccio\" class=\"wp-image-662\"\/><figcaption class=\"wp-element-caption\">Braccio<\/figcaption><\/figure>\n\n\n\n<figure class=\"wp-block-image size-large\"><img decoding=\"async\" width=\"100\" height=\"100\" data-id=\"1683\" src=\"https:\/\/obera.fr\/wp-content\/uploads\/2020\/11\/51-sac-a-poussiere.jpg\" alt=\"51 Sacchetto per la polvere\" class=\"wp-image-1683\"\/><figcaption class=\"wp-element-caption\">Sacchetto per la polvere<\/figcaption><\/figure>\n<\/figure>\n\n<hr class=\"wp-block-separator has-css-opacity is-style-dots\"\/>\n\n<div class=\"wp-block-buttons is-horizontal is-content-justification-center is-layout-flex wp-container-core-buttons-is-layout-03627597 wp-block-buttons-is-layout-flex\">\n<div class=\"wp-block-button has-custom-width wp-block-button__width-100\"><a class=\"wp-block-button__link wp-element-button\" href=\"https:\/\/obera.fr\/it\/contattaci\/\">Saperne di pi\u00f9<\/a><\/div>\n<\/div>\n\n<h2 class=\"wp-block-heading\" id=\"les-autres-depoussiereurs-mobiles-de-la-marque-obera\">Altri depolveratori mobili del marchio oberA<\/h2>\n\n<div class=\"wp-block-columns is-layout-flex wp-container-core-columns-is-layout-28f84493 wp-block-columns-is-layout-flex\">\n<div class=\"wp-block-column is-layout-flow wp-block-column-is-layout-flow\">\n<figure class=\"wp-block-image aligncenter size-medium is-resized\"><a href=\"https:\/\/obera.fr\/produits\/depoussiereurs-industriels\/mobiles\/extracteur-poussiere-dustomat-4\/\"><img decoding=\"async\" width=\"300\" height=\"300\" src=\"https:\/\/obera.fr\/wp-content\/uploads\/2020\/08\/extracteur-poussiere-Dustomat-4-ATEX-300x300.png\" alt=\"Aspiratore Dustomat 4 Atex\" class=\"wp-image-677\" style=\"width:auto;height:250px\" srcset=\"https:\/\/obera.fr\/wp-content\/uploads\/2020\/08\/extracteur-poussiere-Dustomat-4-ATEX-300x300.png 300w, https:\/\/obera.fr\/wp-content\/uploads\/2020\/08\/extracteur-poussiere-Dustomat-4-ATEX-150x150.png 150w, https:\/\/obera.fr\/wp-content\/uploads\/2020\/08\/extracteur-poussiere-Dustomat-4-ATEX.png 600w\" sizes=\"(max-width: 300px) 100vw, 300px\" \/><\/a><figcaption class=\"wp-element-caption\">Dustomat 4<\/figcaption><\/figure>\n<\/div>\n\n\n\n<div class=\"wp-block-column is-layout-flow wp-block-column-is-layout-flow\">\n<figure class=\"wp-block-image aligncenter size-medium is-resized\"><a href=\"https:\/\/obera.fr\/produits\/depoussiereurs-industriels\/mobiles\/aspiration-poussiere-dustomat-10\/\"><img decoding=\"async\" width=\"300\" height=\"300\" src=\"https:\/\/obera.fr\/wp-content\/uploads\/2020\/10\/extracteur-poussiere-mobile-DUSTOMAT-10-300x300.png\" alt=\"Aspiratore mobile Dustomat 10\" class=\"wp-image-1306\" style=\"width:auto;height:250px\" srcset=\"https:\/\/obera.fr\/wp-content\/uploads\/2020\/10\/extracteur-poussiere-mobile-DUSTOMAT-10-300x300.png 300w, https:\/\/obera.fr\/wp-content\/uploads\/2020\/10\/extracteur-poussiere-mobile-DUSTOMAT-10-150x150.png 150w, https:\/\/obera.fr\/wp-content\/uploads\/2020\/10\/extracteur-poussiere-mobile-DUSTOMAT-10.png 600w\" sizes=\"(max-width: 300px) 100vw, 300px\" \/><\/a><figcaption class=\"wp-element-caption\">DUSTOMAT 10<\/figcaption><\/figure>\n<\/div>\n\n\n\n<div class=\"wp-block-column is-layout-flow wp-block-column-is-layout-flow\">\n<figure class=\"wp-block-image aligncenter size-medium is-resized\"><a href=\"https:\/\/obera.fr\/produits\/depoussiereurs-industriels\/mobiles\/extracteur-poussiere-pulverulente-dustomat-16m\/\"><img decoding=\"async\" width=\"300\" height=\"300\" src=\"https:\/\/obera.fr\/wp-content\/uploads\/2020\/10\/extracteur-poussiere-pulverulente-DUSTOMAT-16-300x300.png\" alt=\"Aspiratore di polveri Dustomat 16\" class=\"wp-image-1307\" style=\"width:auto;height:250px\" srcset=\"https:\/\/obera.fr\/wp-content\/uploads\/2020\/10\/extracteur-poussiere-pulverulente-DUSTOMAT-16-300x300.png 300w, https:\/\/obera.fr\/wp-content\/uploads\/2020\/10\/extracteur-poussiere-pulverulente-DUSTOMAT-16-150x150.png 150w, https:\/\/obera.fr\/wp-content\/uploads\/2020\/10\/extracteur-poussiere-pulverulente-DUSTOMAT-16.png 600w\" sizes=\"(max-width: 300px) 100vw, 300px\" \/><\/a><figcaption class=\"wp-element-caption\">DUSTOMAT 16<\/figcaption><\/figure>\n<\/div>\n<\/div>\n\n<div class=\"wp-block-columns is-layout-flex wp-container-core-columns-is-layout-28f84493 wp-block-columns-is-layout-flex\">\n<div class=\"wp-block-column is-layout-flow wp-block-column-is-layout-flow\">\n<figure class=\"wp-block-image aligncenter size-full is-resized\"><a href=\"https:\/\/obera.fr\/produits\/depoussiereurs-industriels\/mobiles\/na-2-2-depoussiereur-a-voie-humide\/\"><img decoding=\"async\" width=\"600\" height=\"600\" src=\"https:\/\/obera.fr\/wp-content\/uploads\/2024\/04\/obera-na-2-2-depoussiereur-a-voie-humide-mobile.jpg\" alt=\"obera na 2 2 depolveratore mobile ad umido\" class=\"wp-image-29475\" style=\"width:auto;height:250px\" srcset=\"https:\/\/obera.fr\/wp-content\/uploads\/2024\/04\/obera-na-2-2-depoussiereur-a-voie-humide-mobile.jpg 600w, https:\/\/obera.fr\/wp-content\/uploads\/2024\/04\/obera-na-2-2-depoussiereur-a-voie-humide-mobile-300x300.jpg 300w, https:\/\/obera.fr\/wp-content\/uploads\/2024\/04\/obera-na-2-2-depoussiereur-a-voie-humide-mobile-150x150.jpg 150w\" sizes=\"(max-width: 600px) 100vw, 600px\" \/><\/a><figcaption class=\"wp-element-caption\">NA 2.2<\/figcaption><\/figure>\n<\/div>\n\n\n\n<div class=\"wp-block-column is-layout-flow wp-block-column-is-layout-flow\">\n<figure class=\"wp-block-image aligncenter size-full is-resized\"><a href=\"https:\/\/obera.fr\/produits\/depoussiereurs-industriels\/mobiles\/extracteur-de-poussiere-dustomat-dry\/#more-24274\"><img decoding=\"async\" width=\"320\" height=\"320\" src=\"https:\/\/obera.fr\/wp-content\/uploads\/2023\/09\/dustomat-dry.png\" alt=\"dustomat dry\" class=\"wp-image-24355\" style=\"width:auto;height:250px\" srcset=\"https:\/\/obera.fr\/wp-content\/uploads\/2023\/09\/dustomat-dry.png 320w, https:\/\/obera.fr\/wp-content\/uploads\/2023\/09\/dustomat-dry-300x300.png 300w, https:\/\/obera.fr\/wp-content\/uploads\/2023\/09\/dustomat-dry-150x150.png 150w\" sizes=\"(max-width: 320px) 100vw, 320px\" \/><\/a><figcaption class=\"wp-element-caption\">DUSTOMAT DRY<\/figcaption><\/figure>\n<\/div>\n<\/div>\n\n<p><\/p>\n","protected":false},"excerpt":{"rendered":"<p>Estrattore di fumi di saldatura per un&#8217;ampia gamma di applicazioni I fumi di saldatura vengono filtrati al 99,9% e l&#8217;aria filtrata pu\u00f2 essere reintrodotta nell&#8217;ambiente di lavoro. Grazie alla sua elevata velocit\u00e0 di aspirazione, \u00e8 facile filtrare grandi volumi di fumo. La sua cartuccia filtrante pulibile riduce notevolmente i costi di manutenzione. Il modello pi\u00f9 potente della gamma, l&#8217;SRF K-15, pu\u00f2 essere dotato di due bracci di estrazione. Esiste anche unaspiratore di fumi di saldatura portatile, l&#8217;SRF-T. Vantaggi Vantaggi Caratteristiche speciali Caratteristiche In quali settori industriali viene utilizzato? Inquinanti Industrie Specifiche tecniche Dispositivo SRF K-10 SRF K-15 Flusso m3\/h 950 &#8230; <\/p>\n<p class=\"read-more-container\"><a title=\"SRF-K\" class=\"read-more button\" href=\"https:\/\/obera.fr\/it\/produits\/depoussiereurs-industriels\/mobiles\/srf-k\/#more-46657\" aria-label=\"Per saperne di pi\u00f9 su SRF-K\">Lire la suite<\/a><\/p>\n","protected":false},"author":4,"featured_media":83742,"parent":46853,"menu_order":0,"comment_status":"closed","ping_status":"closed","template":"","meta":{"_acf_changed":false,"_seopress_robots_primary_cat":"","_seopress_titles_title":"L'aspiratore di fumi di saldatura OberA SRF-K","_seopress_titles_desc":"I fumi di saldatura vengono filtrati al 99,9%. L'aria filtrata pu\u00f2 essere reintrodotta nell'area di lavoro. Pu\u00f2 filtrare grandi volumi di fumi.  ","_seopress_robots_index":"","footnotes":""},"class_list":{"0":"post-46657","1":"page","2":"type-page","3":"status-publish","4":"has-post-thumbnail","6":"no-featured-image-padding","7":"resize-featured-image"},"acf":[],"_links":{"self":[{"href":"https:\/\/obera.fr\/it\/wp-json\/wp\/v2\/pages\/46657","targetHints":{"allow":["GET"]}}],"collection":[{"href":"https:\/\/obera.fr\/it\/wp-json\/wp\/v2\/pages"}],"about":[{"href":"https:\/\/obera.fr\/it\/wp-json\/wp\/v2\/types\/page"}],"author":[{"embeddable":true,"href":"https:\/\/obera.fr\/it\/wp-json\/wp\/v2\/users\/4"}],"replies":[{"embeddable":true,"href":"https:\/\/obera.fr\/it\/wp-json\/wp\/v2\/comments?post=46657"}],"version-history":[{"count":20,"href":"https:\/\/obera.fr\/it\/wp-json\/wp\/v2\/pages\/46657\/revisions"}],"predecessor-version":[{"id":117250,"href":"https:\/\/obera.fr\/it\/wp-json\/wp\/v2\/pages\/46657\/revisions\/117250"}],"up":[{"embeddable":true,"href":"https:\/\/obera.fr\/it\/wp-json\/wp\/v2\/pages\/46853"}],"wp:featuredmedia":[{"embeddable":true,"href":"https:\/\/obera.fr\/it\/wp-json\/wp\/v2\/media\/83742"}],"wp:attachment":[{"href":"https:\/\/obera.fr\/it\/wp-json\/wp\/v2\/media?parent=46657"}],"curies":[{"name":"wp","href":"https:\/\/api.w.org\/{rel}","templated":true}]}}