{"id":46766,"date":"2020-08-26T13:07:28","date_gmt":"2020-08-26T11:07:28","guid":{"rendered":"https:\/\/obera.fr\/tubazioni-a-bassa-media-e-alta-pressione\/"},"modified":"2025-06-03T14:38:23","modified_gmt":"2025-06-03T12:38:23","slug":"basse-moyenne-haute-pression","status":"publish","type":"page","link":"https:\/\/obera.fr\/it\/produits\/tuyauteries-industrielles\/basse-moyenne-haute-pression\/","title":{"rendered":"Tubazioni a bassa, media e alta pressione"},"content":{"rendered":"\n<div class=\"wp-block-columns is-layout-flex wp-container-core-columns-is-layout-28f84493 wp-block-columns-is-layout-flex\">\n<div class=\"wp-block-column is-layout-flow wp-block-column-is-layout-flow\" style=\"flex-basis:33.33%\">\n<figure class=\"wp-block-image aligncenter size-large is-resized\"><img decoding=\"async\" src=\"https:\/\/obera.fr\/wp-content\/uploads\/2020\/11\/Tuyauterie-basse-moyenne-haute-pression-220x300.jpg\" alt=\"\" style=\"width:188px;height:auto\"\/><\/figure>\n<\/div>\n\n\n\n<div class=\"wp-block-column is-layout-flow wp-block-column-is-layout-flow\" style=\"flex-basis:66.66%\">\n<p>Un&#8217;ampia gamma di <strong>tubature<\/strong> per il trasporto di polveri e sostanze inquinanti.<\/p>\n\n\n\n<p>I sistemi di tubazioni <strong>catturano le emissioni di polveri e fumi alla fonte<\/strong> e le convogliano verso i sistemi di depolverizzazione e filtrazione, secondo i principi fondamentali dell&#8217;aeraulica.<\/p>\n\n\n\n<p>OberA dispone di un&#8217;ampia gamma di <a href=\"https:\/\/obera.fr\/it\/produits\/tuyauteries-industrielles\/\" data-type=\"page\" data-id=\"380\">tubazioni industriali<\/a> robuste e di alta qualit\u00e0 per adattarsi in modo preciso e flessibile alle tue specifiche esigenze di aspirazione.<\/p>\n\n\n\n<p>Per ottenere la massima potenza di aspirazione e ottimizzare i costi energetici, \u00e8 fondamentale dimensionare con precisione la rete di tubature.<\/p>\n<\/div>\n<\/div>\n\n<div class=\"wp-block-columns are-vertically-aligned-center is-layout-flex wp-container-core-columns-is-layout-28f84493 wp-block-columns-is-layout-flex\">\n<div class=\"wp-block-column is-vertically-aligned-center is-layout-flow wp-block-column-is-layout-flow\" style=\"flex-basis:33.34%\">\n<div class=\"wp-block-buttons is-horizontal is-content-justification-center is-layout-flex wp-container-core-buttons-is-layout-03627597 wp-block-buttons-is-layout-flex\">\n<div class=\"wp-block-button has-custom-width wp-block-button__width-100\"><a class=\"wp-block-button__link wp-element-button\" href=\"https:\/\/obera.fr\/it\/contattaci\/\">Saperne di pi\u00f9<\/a><\/div>\n<\/div>\n<\/div>\n\n\n\n<div class=\"wp-block-column is-vertically-aligned-center is-layout-flow wp-block-column-is-layout-flow\" style=\"flex-basis:33.34%\">\n<div class=\"wp-block-buttons is-content-justification-center is-layout-flex wp-container-core-buttons-is-layout-a89b3969 wp-block-buttons-is-layout-flex\">\n<div class=\"wp-block-button btn-devis-source\"><a class=\"wp-block-button__link wp-element-button\" href=\"https:\/\/obera.fr\/it\/devis\/\">Richiedi un preventivo<\/a><\/div>\n<\/div>\n\n\n<script>\r\ndocument.addEventListener('DOMContentLoaded', function() {\r\n    \/\/ 1. On cherche le titre H1 de la page\r\n    var h1 = document.querySelector('h1');\r\n    var productTitle = h1 ? h1.innerText.trim() : \"\";\r\n\r\n    \/\/ 2. On cherche les boutons via la classe CSS .btn-devis-source\r\n    var buttons = document.querySelectorAll('.btn-devis-source a');\r\n\r\n    \/\/ 3. Si on a le titre et les boutons, on ajoute le param\u00e8tre\r\n    if (buttons.length > 0 && productTitle !== \"\") {\r\n        var encodedTitle = encodeURIComponent(productTitle);\r\n\r\n        buttons.forEach(function(btn) {\r\n            var currentHref = btn.getAttribute('href');\r\n            \r\n            \/\/ S\u00e9curit\u00e9 pour ne pas ajouter le param\u00e8tre 2 fois\r\n            if (currentHref.indexOf('sujet=') === -1) {\r\n                var separator = currentHref.indexOf('?') !== -1 ? '&' : '?';\r\n                var newLink = currentHref + separator + 'sujet=' + encodedTitle;\r\n                \r\n                btn.setAttribute('href', newLink);\r\n            }\r\n        });\r\n    }\r\n});\r\n<\/script><\/div>\n\n\n\n<div class=\"wp-block-column is-vertically-aligned-center is-layout-flow wp-block-column-is-layout-flow\" style=\"flex-basis:33.33%\">\n<div class=\"wp-block-buttons is-content-justification-center is-layout-flex wp-container-core-buttons-is-layout-a89b3969 wp-block-buttons-is-layout-flex\">\n<div class=\"wp-block-button\"><a class=\"wp-block-button__link wp-element-button\" href=\"https:\/\/obera.fr\/wp-content\/uploads\/2025\/06\/brochure-tuyauterie-fr.pdf\">SCARICA LA SCHEDA PRODOTTO<\/a><\/div>\n<\/div>\n<\/div>\n<\/div>\n\n<h2 class=\"wp-block-heading\">I vantaggi delle tubature<\/h2>\n\n<div class=\"wp-block-columns is-layout-flex wp-container-core-columns-is-layout-28f84493 wp-block-columns-is-layout-flex\">\n<div class=\"wp-block-column is-layout-flow wp-block-column-is-layout-flow\">\n<h3 class=\"wp-block-heading has-text-align-center\"><strong>Vantaggi<\/strong><\/h3>\n\n\n\n<ul class=\"wp-block-list\">\n<li>Una vasta gamma<\/li>\n\n\n\n<li>Flusso ottimale<\/li>\n\n\n\n<li>Robusto<\/li>\n\n\n\n<li>Facile da montare<\/li>\n\n\n\n<li>Grandi scorte (disponibilit\u00e0)<\/li>\n<\/ul>\n<\/div>\n\n\n\n<div class=\"wp-block-column is-layout-flow wp-block-column-is-layout-flow\">\n<h3 class=\"wp-block-heading has-text-align-center\"><strong>Caratteristiche speciali<\/strong><\/h3>\n\n\n\n<ul class=\"wp-block-list\">\n<li>Bassa, media e alta pressione<\/li>\n\n\n\n<li>Aspirazione ad alta pressione<\/li>\n\n\n\n<li>Pressione o vuoto<\/li>\n<\/ul>\n<\/div>\n\n\n\n<div class=\"wp-block-column is-layout-flow wp-block-column-is-layout-flow\">\n<h3 class=\"wp-block-heading has-text-align-center\"><strong>Caratteristiche<\/strong><\/h3>\n\n\n\n<ul class=\"wp-block-list\">\n<li>Pressione o vuoto<\/li>\n\n\n\n<li>Lunghezza fino a 6,0 m<\/li>\n\n\n\n<li>Diametro da \u00d850 a \u00d8159 disponibile a magazzino<\/li>\n\n\n\n<li>Manicotto di connessione e morsetti brevettati per garantire la continuit\u00e0 elettrica<\/li>\n<\/ul>\n<\/div>\n<\/div>\n\n<div class=\"wp-block-buttons is-horizontal is-content-justification-center is-layout-flex wp-container-core-buttons-is-layout-03627597 wp-block-buttons-is-layout-flex\">\n<div class=\"wp-block-button\"><a class=\"wp-block-button__link wp-element-button\" href=\"https:\/\/obera.fr\/it\/contact\/\">Richiedi il listino prezzi<\/a><\/div>\n<\/div>\n\n<h2 class=\"wp-block-heading\">Applicazioni<\/h2>\n\n<div class=\"wp-block-columns is-layout-flex wp-container-core-columns-is-layout-28f84493 wp-block-columns-is-layout-flex\">\n<div class=\"wp-block-column is-layout-flow wp-block-column-is-layout-flow\">\n<h3 class=\"wp-block-heading has-text-align-center\">Inquinanti<\/h3>\n\n\n\n<hr class=\"wp-block-separator has-css-opacity is-style-wide\"\/>\n\n\n\n<div class=\"wp-block-columns is-layout-flex wp-container-core-columns-is-layout-28f84493 wp-block-columns-is-layout-flex\">\n<div class=\"wp-block-column is-layout-flow wp-block-column-is-layout-flow\">\n<figure class=\"wp-block-image aligncenter size-large\"><img decoding=\"async\" width=\"70\" height=\"70\" src=\"https:\/\/obera.fr\/wp-content\/uploads\/2020\/08\/polluants-poussieres.jpg\" alt=\"Inquinanti Polvere\" class=\"wp-image-675\"\/><figcaption class=\"wp-element-caption\">Fumi<\/figcaption><\/figure>\n\n\n\n<figure class=\"wp-block-image aligncenter size-large\"><img decoding=\"async\" width=\"70\" height=\"70\" src=\"https:\/\/obera.fr\/wp-content\/uploads\/2020\/08\/industrie-odeur.jpg\" alt=\"Odore dell'industria\" class=\"wp-image-723\"\/><figcaption class=\"wp-element-caption\">Odori<\/figcaption><\/figure>\n\n\n\n<figure class=\"wp-block-image aligncenter size-large\"><img decoding=\"async\" width=\"70\" height=\"70\" src=\"https:\/\/obera.fr\/wp-content\/uploads\/2020\/08\/industrie-brouillard-huile.jpg\" alt=\"Olio nebulizzato per l'industria\" class=\"wp-image-721\"\/><figcaption class=\"wp-element-caption\">Nebbia d&#8217;olio<\/figcaption><\/figure>\n<\/div>\n\n\n\n<div class=\"wp-block-column is-layout-flow wp-block-column-is-layout-flow\">\n<figure class=\"wp-block-image aligncenter size-large\"><img decoding=\"async\" width=\"70\" height=\"70\" src=\"https:\/\/obera.fr\/wp-content\/uploads\/2020\/08\/industrie-fumees.jpg\" alt=\"Industria del fumo\" class=\"wp-image-722\"\/><figcaption class=\"wp-element-caption\">Fumi<\/figcaption><\/figure>\n\n\n\n<figure class=\"wp-block-image aligncenter size-large\"><img decoding=\"async\" width=\"70\" height=\"70\" src=\"https:\/\/obera.fr\/wp-content\/uploads\/2020\/09\/cov.png\" alt=\"Cov\" class=\"wp-image-959\"\/><figcaption class=\"wp-element-caption\">VOCS<\/figcaption><\/figure>\n\n\n\n<figure class=\"wp-block-image aligncenter size-large\"><img decoding=\"async\" width=\"70\" height=\"70\" src=\"https:\/\/obera.fr\/wp-content\/uploads\/2020\/08\/polluants-copeaux-bois.jpg\" alt=\"Inquinanti Cippato di legno\" class=\"wp-image-674\"\/><figcaption class=\"wp-element-caption\">Patatine<\/figcaption><\/figure>\n<\/div>\n<\/div>\n<\/div>\n\n\n\n<div class=\"wp-block-column is-layout-flow wp-block-column-is-layout-flow\">\n<h3 class=\"wp-block-heading has-text-align-center\">Industrie<\/h3>\n\n\n\n<hr class=\"wp-block-separator has-css-opacity is-style-wide\"\/>\n\n\n\n<div class=\"wp-block-columns is-layout-flex wp-container-core-columns-is-layout-28f84493 wp-block-columns-is-layout-flex\">\n<div class=\"wp-block-column is-layout-flow wp-block-column-is-layout-flow\">\n<figure class=\"wp-block-image aligncenter size-large\"><img decoding=\"async\" width=\"70\" height=\"70\" src=\"https:\/\/obera.fr\/wp-content\/uploads\/2020\/08\/industrie-metallurgie.jpg\" alt=\"Industria metallurgica\" class=\"wp-image-673\"\/><figcaption class=\"wp-element-caption\">Metallurgia<\/figcaption><\/figure>\n\n\n\n<figure class=\"wp-block-image aligncenter size-large\"><img decoding=\"async\" width=\"70\" height=\"70\" src=\"https:\/\/obera.fr\/wp-content\/uploads\/2020\/08\/industrie-chimie.jpg\" alt=\"Industria chimica\" class=\"wp-image-725\"\/><figcaption class=\"wp-element-caption\">Prodotti chimici\/petrolchimici<\/figcaption><\/figure>\n\n\n\n<figure class=\"wp-block-image aligncenter size-large\"><img decoding=\"async\" width=\"70\" height=\"70\" src=\"https:\/\/obera.fr\/wp-content\/uploads\/2020\/08\/industrie-minerai.jpg\" alt=\"Industria mineraria\" class=\"wp-image-724\"\/><figcaption class=\"wp-element-caption\">Minerali<\/figcaption><\/figure>\n\n\n\n<figure class=\"wp-block-image aligncenter size-large\"><img decoding=\"async\" width=\"70\" height=\"70\" src=\"https:\/\/obera.fr\/wp-content\/uploads\/2020\/08\/industrie-papier-carton.jpg\" alt=\"Industria della carta e del cartone\" class=\"wp-image-670\"\/><figcaption class=\"wp-element-caption\">Carta\/cartone<\/figcaption><\/figure>\n<\/div>\n\n\n\n<div class=\"wp-block-column is-layout-flow wp-block-column-is-layout-flow\">\n<figure class=\"wp-block-image aligncenter size-large\"><img decoding=\"async\" width=\"70\" height=\"70\" src=\"https:\/\/obera.fr\/wp-content\/uploads\/2020\/08\/industrie-plastique.jpg\" alt=\"Industria della plastica\" class=\"wp-image-669\"\/><figcaption class=\"wp-element-caption\">Plastica<\/figcaption><\/figure>\n\n\n\n<figure class=\"wp-block-image aligncenter size-large\"><img decoding=\"async\" width=\"70\" height=\"70\" src=\"https:\/\/obera.fr\/wp-content\/uploads\/2020\/08\/industrie-bois.jpg\" alt=\"Industria del legno\" class=\"wp-image-672\"\/><figcaption class=\"wp-element-caption\">Lavorazione del legno<\/figcaption><\/figure>\n\n\n\n<figure class=\"wp-block-image aligncenter size-large\"><img decoding=\"async\" width=\"70\" height=\"70\" src=\"https:\/\/obera.fr\/wp-content\/uploads\/2020\/08\/industrie-textile.jpg\" alt=\"Industria tessile\" class=\"wp-image-671\"\/><figcaption class=\"wp-element-caption\">Tessili<\/figcaption><\/figure>\n\n\n\n<figure class=\"wp-block-image aligncenter size-large\"><img decoding=\"async\" width=\"70\" height=\"70\" src=\"https:\/\/obera.fr\/wp-content\/uploads\/2020\/08\/industrie-dechets.jpg\" alt=\"Rifiuti dell'industria\" class=\"wp-image-726\"\/><figcaption class=\"wp-element-caption\">Raccolta e smistamento dei rifiuti<\/figcaption><\/figure>\n<\/div>\n<\/div>\n<\/div>\n<\/div>\n\n<div class=\"wp-block-buttons is-horizontal is-content-justification-center is-layout-flex wp-container-core-buttons-is-layout-03627597 wp-block-buttons-is-layout-flex\">\n<div class=\"wp-block-button has-custom-width wp-block-button__width-100\"><a class=\"wp-block-button__link wp-element-button\" href=\"https:\/\/obera.fr\/it\/contattaci\/\">Saperne di pi\u00f9<\/a><\/div>\n<\/div>\n\n<hr class=\"wp-block-separator has-css-opacity is-style-dots\"\/>\n\n<h2 class=\"wp-block-heading\">Altri prodotti della gamma di tubazioni industriali:<\/h2>\n\n<div class=\"wp-block-columns is-layout-flex wp-container-core-columns-is-layout-28f84493 wp-block-columns-is-layout-flex\">\n<div class=\"wp-block-column is-layout-flow wp-block-column-is-layout-flow\">\n<figure class=\"wp-block-image aligncenter size-thumbnail\"><a href=\"https:\/\/obera.fr\/produits\/tuyauteries-industrielles\/gaines-lisses-acier\/\"><img decoding=\"async\" width=\"150\" height=\"150\" src=\"https:\/\/obera.fr\/wp-content\/uploads\/2020\/11\/Gaines-lisses-150x150.jpg\" alt=\"Guaine lisce\" class=\"wp-image-1735\" srcset=\"https:\/\/obera.fr\/wp-content\/uploads\/2020\/11\/Gaines-lisses-150x150.jpg 150w, https:\/\/obera.fr\/wp-content\/uploads\/2020\/11\/Gaines-lisses-300x300.jpg 300w, https:\/\/obera.fr\/wp-content\/uploads\/2020\/11\/Gaines-lisses.jpg 433w\" sizes=\"(max-width: 150px) 100vw, 150px\" \/><\/a><figcaption class=\"wp-element-caption\">Guaine lisce<\/figcaption><\/figure>\n<\/div>\n\n\n\n<div class=\"wp-block-column is-layout-flow wp-block-column-is-layout-flow\">\n<figure class=\"wp-block-image aligncenter size-thumbnail\"><a href=\"https:\/\/obera.fr\/produits\/tuyauteries-industrielles\/gaines-spiralees\/\"><img decoding=\"async\" width=\"150\" height=\"150\" src=\"https:\/\/obera.fr\/wp-content\/uploads\/2020\/11\/Gaines-spiralees-150x150.jpg\" alt=\"Guaine a spirale\" class=\"wp-image-1736\" srcset=\"https:\/\/obera.fr\/wp-content\/uploads\/2020\/11\/Gaines-spiralees-150x150.jpg 150w, https:\/\/obera.fr\/wp-content\/uploads\/2020\/11\/Gaines-spiralees-300x300.jpg 300w, https:\/\/obera.fr\/wp-content\/uploads\/2020\/11\/Gaines-spiralees.jpg 433w\" sizes=\"(max-width: 150px) 100vw, 150px\" \/><\/a><figcaption class=\"wp-element-caption\">Condotti a spirale<\/figcaption><\/figure>\n<\/div>\n<\/div>\n\n<p><\/p>\n","protected":false},"excerpt":{"rendered":"<p>Un&#8217;ampia gamma di tubature per il trasporto di polveri e sostanze inquinanti. I sistemi di tubazioni catturano le emissioni di polveri e fumi alla fonte e le convogliano verso i sistemi di depolverizzazione e filtrazione, secondo i principi fondamentali dell&#8217;aeraulica. OberA dispone di un&#8217;ampia gamma di tubazioni industriali robuste e di alta qualit\u00e0 per adattarsi in modo preciso e flessibile alle tue specifiche esigenze di aspirazione. Per ottenere la massima potenza di aspirazione e ottimizzare i costi energetici, \u00e8 fondamentale dimensionare con precisione la rete di tubature. I vantaggi delle tubature Vantaggi Caratteristiche speciali Caratteristiche Applicazioni Inquinanti Industrie Altri prodotti &#8230; <\/p>\n<p class=\"read-more-container\"><a title=\"Tubazioni a bassa, media e alta pressione\" class=\"read-more button\" href=\"https:\/\/obera.fr\/it\/produits\/tuyauteries-industrielles\/basse-moyenne-haute-pression\/#more-46766\" aria-label=\"Per saperne di pi\u00f9 su Tubazioni a bassa, media e alta pressione\">Lire la suite<\/a><\/p>\n","protected":false},"author":4,"featured_media":83742,"parent":48732,"menu_order":0,"comment_status":"closed","ping_status":"closed","template":"","meta":{"_acf_changed":false,"_seopress_robots_primary_cat":"","_seopress_titles_title":"Tubi industriali a bassa, media e alta pressione","_seopress_titles_desc":"I sistemi di tubazioni catturano le emissioni di polvere e fumi alla fonte e le convogliano ai sistemi di aspirazione.","_seopress_robots_index":"","footnotes":""},"class_list":{"0":"post-46766","1":"page","2":"type-page","3":"status-publish","4":"has-post-thumbnail","6":"no-featured-image-padding","7":"resize-featured-image"},"acf":[],"_links":{"self":[{"href":"https:\/\/obera.fr\/it\/wp-json\/wp\/v2\/pages\/46766","targetHints":{"allow":["GET"]}}],"collection":[{"href":"https:\/\/obera.fr\/it\/wp-json\/wp\/v2\/pages"}],"about":[{"href":"https:\/\/obera.fr\/it\/wp-json\/wp\/v2\/types\/page"}],"author":[{"embeddable":true,"href":"https:\/\/obera.fr\/it\/wp-json\/wp\/v2\/users\/4"}],"replies":[{"embeddable":true,"href":"https:\/\/obera.fr\/it\/wp-json\/wp\/v2\/comments?post=46766"}],"version-history":[{"count":8,"href":"https:\/\/obera.fr\/it\/wp-json\/wp\/v2\/pages\/46766\/revisions"}],"predecessor-version":[{"id":108282,"href":"https:\/\/obera.fr\/it\/wp-json\/wp\/v2\/pages\/46766\/revisions\/108282"}],"up":[{"embeddable":true,"href":"https:\/\/obera.fr\/it\/wp-json\/wp\/v2\/pages\/48732"}],"wp:featuredmedia":[{"embeddable":true,"href":"https:\/\/obera.fr\/it\/wp-json\/wp\/v2\/media\/83742"}],"wp:attachment":[{"href":"https:\/\/obera.fr\/it\/wp-json\/wp\/v2\/media?parent=46766"}],"curies":[{"name":"wp","href":"https:\/\/api.w.org\/{rel}","templated":true}]}}