{"id":47171,"date":"2021-02-02T16:59:47","date_gmt":"2021-02-02T14:59:47","guid":{"rendered":"https:\/\/obera.fr\/collettore-di-polveri-a-secco-estmac\/"},"modified":"2025-04-25T15:10:24","modified_gmt":"2025-04-25T13:10:24","slug":"depoussiereur-a-sec-estmac","status":"publish","type":"page","link":"https:\/\/obera.fr\/it\/produits\/depoussiereurs-industriels\/fixes\/depoussiereur-a-sec-estmac\/","title":{"rendered":"Collettore di polveri a secco ESTMAC"},"content":{"rendered":"\n<p>ESTMAC \u00e8 una gamma di <a href=\"https:\/\/obera.fr\/it\/produits\/depoussiereurs-industriels\/\" data-type=\"page\" data-id=\"389\">depolveratori fissi e compatti<\/a> che offrono una soluzione economica per l&#8217;estrazione di piccole e medie quantit\u00e0 di <strong>polvere e trucioli<\/strong>.  <\/p>\n\n\n\n<h2 class=\"wp-block-heading\" id=\"qu-est-ce-que-le-depoussiereur-estmac\">Che cos&#8217;\u00e8 il depolveratore ESTMAC?<\/h2>\n\n\n\n<div class=\"wp-block-columns is-layout-flex wp-container-core-columns-is-layout-28f84493 wp-block-columns-is-layout-flex\">\n<div class=\"wp-block-column is-layout-flow wp-block-column-is-layout-flow\" style=\"flex-basis:33.33%\">\n<figure class=\"wp-block-image aligncenter size-medium\"><img decoding=\"async\" width=\"300\" height=\"264\" src=\"https:\/\/obera.fr\/wp-content\/uploads\/2021\/02\/Depoussiereur-fixe-ESTMAC-300x264.png\" alt=\"Collettore di polvere fisso Estmac\" class=\"wp-image-4475\" srcset=\"https:\/\/obera.fr\/wp-content\/uploads\/2021\/02\/Depoussiereur-fixe-ESTMAC-300x264.png 300w, https:\/\/obera.fr\/wp-content\/uploads\/2021\/02\/Depoussiereur-fixe-ESTMAC.png 480w\" sizes=\"(max-width: 300px) 100vw, 300px\" \/><\/figure>\n<\/div>\n\n\n\n<div class=\"wp-block-column is-vertically-aligned-center is-layout-flow wp-block-column-is-layout-flow\" style=\"flex-basis:66.66%\">\n<p>I depolveratori estraggono le <strong>polveri secche e quelle di dilavamento<\/strong> e offrono un&#8217;ampia gamma di applicazioni per molti settori.  <\/p>\n\n\n\n<p>Grazie alle loro <strong>dimensioni compatte<\/strong>, i depolveratori a secco ESTMAC possono essere installati in modo flessibile in luoghi diversi.<\/p>\n\n\n\n<p>Sono dotati di <strong>cartucce filtranti pulibili di classe &#8220;M&#8221;<\/strong>, che corrispondono a un&#8217;efficienza di <strong>separazione delle particelle del 99,9%<\/strong>. Il pre-separatore integrato prolunga la vita delle cartucce filtranti separando in anticipo le particelle pi\u00f9 grosse. Questo riduce l&#8217;esposizione dei filtri, che devono filtrare solo le polveri pi\u00f9 fini.  <\/p>\n\n\n\n<p>Il vassoio mobile per la raccolta della polvere pu\u00f2 essere utilizzato per<strong> rimuovere lo sporco in modo facile<\/strong> e sicuro. La ventola insonorizzata \u00e8 progettata per garantire <strong>il massimo flusso d&#8217;aria con il minimo rumore<\/strong>. Questo garantisce una bassa rumorosit\u00e0 di funzionamento.  <\/p>\n<\/div>\n<\/div>\n\n\n\n<div class=\"wp-block-columns is-layout-flex wp-container-core-columns-is-layout-28f84493 wp-block-columns-is-layout-flex\">\n<div class=\"wp-block-column is-layout-flow wp-block-column-is-layout-flow\" style=\"flex-basis:33.33%\"><\/div>\n\n\n\n<div class=\"wp-block-column is-layout-flow wp-block-column-is-layout-flow\" style=\"flex-basis:33.34%\">\n<div class=\"wp-block-buttons is-horizontal is-content-justification-center is-layout-flex wp-container-core-buttons-is-layout-03627597 wp-block-buttons-is-layout-flex\">\n<div class=\"wp-block-button has-custom-width wp-block-button__width-100\"><a class=\"wp-block-button__link wp-element-button\" href=\"https:\/\/obera.fr\/it\/contattaci\/\">Saperne di pi\u00f9<\/a><\/div>\n<\/div>\n\n\n\n<p><\/p>\n\n\n\n<div class=\"wp-block-buttons is-content-justification-center is-layout-flex wp-container-core-buttons-is-layout-a89b3969 wp-block-buttons-is-layout-flex\">\n<div class=\"wp-block-button\"><a class=\"wp-block-button__link wp-element-button\" href=\"https:\/\/obera.fr\/wp-content\/uploads\/2025\/04\/brochure-estmac-en.pdf\">SCARICA LA BROCHURE<\/a><\/div>\n<\/div>\n<\/div>\n\n\n\n<div class=\"wp-block-column is-layout-flow wp-block-column-is-layout-flow\" style=\"flex-basis:33.34%\">\n<div class=\"wp-block-buttons is-content-justification-center is-layout-flex wp-container-core-buttons-is-layout-a89b3969 wp-block-buttons-is-layout-flex\">\n<div class=\"wp-block-button btn-devis-source\"><a class=\"wp-block-button__link wp-element-button\" href=\"https:\/\/obera.fr\/it\/devis\/\">Richiedi un preventivo<\/a><\/div>\n<\/div>\n\n\n<script>\r\ndocument.addEventListener('DOMContentLoaded', function() {\r\n    \/\/ 1. On cherche le titre H1 de la page\r\n    var h1 = document.querySelector('h1');\r\n    var productTitle = h1 ? h1.innerText.trim() : \"\";\r\n\r\n    \/\/ 2. On cherche les boutons via la classe CSS .btn-devis-source\r\n    var buttons = document.querySelectorAll('.btn-devis-source a');\r\n\r\n    \/\/ 3. Si on a le titre et les boutons, on ajoute le param\u00e8tre\r\n    if (buttons.length > 0 && productTitle !== \"\") {\r\n        var encodedTitle = encodeURIComponent(productTitle);\r\n\r\n        buttons.forEach(function(btn) {\r\n            var currentHref = btn.getAttribute('href');\r\n            \r\n            \/\/ S\u00e9curit\u00e9 pour ne pas ajouter le param\u00e8tre 2 fois\r\n            if (currentHref.indexOf('sujet=') === -1) {\r\n                var separator = currentHref.indexOf('?') !== -1 ? '&' : '?';\r\n                var newLink = currentHref + separator + 'sujet=' + encodedTitle;\r\n                \r\n                btn.setAttribute('href', newLink);\r\n            }\r\n        });\r\n    }\r\n});\r\n<\/script><\/div>\n<\/div>\n\n\n\n<h2 class=\"wp-block-heading\" id=\"pour-quelles-utilisations\">A cosa servono?<\/h2>\n\n\n\n<p>I <a href=\"https:\/\/obera.fr\/it\/produits\/depoussiereurs-industriels\/petits\/\">piccoli depolveratori<\/a><strong> <\/strong>sono progettati per estrarre in modo efficiente piccole e medie quantit\u00e0 di polvere e trucioli di metallo, polvere e trucioli di plastica, polvere minerale, polvere trasportata dall&#8217;aria e polvere da materiali compositi.<\/p>\n\n\n\n<blockquote class=\"wp-block-quote is-layout-flow wp-block-quote-is-layout-flow\">\n<p>Questi aspiratori fissi possono essere collegati direttamente a <strong>una o pi\u00f9 postazioni di lavoro<\/strong> o a <strong>una o pi\u00f9 macchine di produzione<\/strong>. Possono anche essere dotati di un <strong> <\/strong><a href=\"https:\/\/obera.fr\/it\/produits\/bras-dispositifs-captation\/capot-industriel\/\">braccio di aspirazione<\/a> in caso di aspirazione alla fonte.<\/p>\n<\/blockquote>\n\n\n\n<p>Questi inquinanti sono generalmente generati durante la segatura, il taglio, la lavorazione, la fresatura, la levigatura, la lucidatura o durante la separazione o la decantazione dei materiali.  <\/p>\n\n\n\n<div class=\"wp-block-columns is-layout-flex wp-container-core-columns-is-layout-28f84493 wp-block-columns-is-layout-flex\">\n<div class=\"wp-block-column is-layout-flow wp-block-column-is-layout-flow\">\n<h3 class=\"wp-block-heading has-text-align-center\" id=\"polluants\">INQUINANTI<\/h3>\n\n\n\n<hr class=\"wp-block-separator has-css-opacity aligncenter is-style-wide\"\/>\n\n\n\n<div style=\"height:20px\" aria-hidden=\"true\" class=\"wp-block-spacer\"><\/div>\n\n\n\n<div class=\"wp-block-columns is-layout-flex wp-container-core-columns-is-layout-28f84493 wp-block-columns-is-layout-flex\">\n<div class=\"wp-block-column is-layout-flow wp-block-column-is-layout-flow\">\n<figure class=\"wp-block-image aligncenter size-large\"><img decoding=\"async\" width=\"70\" height=\"70\" src=\"https:\/\/obera.fr\/wp-content\/uploads\/2020\/08\/polluants-poussieres.jpg\" alt=\"Metri - Prodotto\" class=\"wp-image-675\"\/><figcaption class=\"wp-element-caption\">Polvere<\/figcaption><\/figure>\n<\/div>\n\n\n\n<div class=\"wp-block-column is-layout-flow wp-block-column-is-layout-flow\">\n<figure class=\"wp-block-image aligncenter size-large\"><img decoding=\"async\" width=\"70\" height=\"70\" src=\"https:\/\/obera.fr\/wp-content\/uploads\/2020\/08\/polluants-copeaux-bois.jpg\" alt=\"Illustrazione - Grafica vettoriale\" class=\"wp-image-674\"\/><figcaption class=\"wp-element-caption\">Patatine<\/figcaption><\/figure>\n<\/div>\n<\/div>\n<\/div>\n\n\n\n<div class=\"wp-block-column is-layout-flow wp-block-column-is-layout-flow\">\n<h3 class=\"wp-block-heading has-text-align-center\" id=\"industries\">INDUSTRIE<\/h3>\n\n\n\n<hr class=\"wp-block-separator has-css-opacity aligncenter is-style-wide\"\/>\n\n\n\n<div style=\"height:20px\" aria-hidden=\"true\" class=\"wp-block-spacer\"><\/div>\n\n\n\n<div class=\"wp-block-columns is-layout-flex wp-container-core-columns-is-layout-28f84493 wp-block-columns-is-layout-flex\">\n<div class=\"wp-block-column is-layout-flow wp-block-column-is-layout-flow\">\n<figure class=\"wp-block-image aligncenter size-large\"><img decoding=\"async\" width=\"70\" height=\"70\" src=\"https:\/\/obera.fr\/wp-content\/uploads\/2020\/08\/industrie-metallurgie.jpg\" alt=\"Metallurgia\" class=\"wp-image-673\"\/><figcaption class=\"wp-element-caption\">Metallurgia<\/figcaption><\/figure>\n\n\n\n<figure class=\"wp-block-image aligncenter size-large\"><img decoding=\"async\" width=\"70\" height=\"70\" src=\"https:\/\/obera.fr\/wp-content\/uploads\/2020\/08\/industrie-plastique.jpg\" alt=\"Plastica\" class=\"wp-image-669\"\/><figcaption class=\"wp-element-caption\">Plastica<\/figcaption><\/figure>\n\n\n\n<figure class=\"wp-block-image aligncenter size-large is-resized\"><img decoding=\"async\" width=\"100\" height=\"100\" src=\"https:\/\/obera.fr\/wp-content\/uploads\/2020\/11\/29-materiaux-composites.jpg\" alt=\"Materiali compositi\" class=\"wp-image-1671\"\/><figcaption class=\"wp-element-caption\">Materiali compositi<\/figcaption><\/figure>\n<\/div>\n\n\n\n<div class=\"wp-block-column is-layout-flow wp-block-column-is-layout-flow\">\n<figure class=\"wp-block-image aligncenter size-large\"><img decoding=\"async\" width=\"70\" height=\"70\" src=\"https:\/\/obera.fr\/wp-content\/uploads\/2020\/08\/industrie-bois.jpg\" alt=\"Lavorazione del legno\" class=\"wp-image-672\"\/><figcaption class=\"wp-element-caption\">Lavorazione del legno<\/figcaption><\/figure>\n\n\n\n<figure class=\"wp-block-image aligncenter size-large\"><img decoding=\"async\" width=\"70\" height=\"70\" src=\"https:\/\/obera.fr\/wp-content\/uploads\/2020\/08\/industrie-minerai.jpg\" alt=\"Minerali\" class=\"wp-image-724\"\/><figcaption class=\"wp-element-caption\">Minerali<\/figcaption><\/figure>\n\n\n\n<p><\/p>\n<\/div>\n<\/div>\n<\/div>\n<\/div>\n\n\n\n<h2 class=\"wp-block-heading\" id=\"quelles-sont-les-caracteristiques\">Quali sono le caratteristiche?<\/h2>\n\n\n\n<p>Questa gamma di depolveratori industriali \u00e8 stata progettata come unit\u00e0 stazionaria, ma<strong> pu\u00f2 essere facilmente spostata<\/strong>. Con una portata d&#8217;aria fino a <strong>1800 m3\/h <\/strong>, \u00e8 in grado di gestire una media quantit\u00e0 di polvere e trucioli. La serie ESTMAC \u00e8 disponibile in due modelli:  <\/p>\n\n\n\n<ul class=\"wp-block-list\">\n<li>Collettore di polveri <strong>ESTMAC 1500<\/strong> per un flusso d&#8217;aria di 1500 m3\/h.<\/li>\n\n\n\n<li>Collettore di polveri <strong>ESTMAC 1800<\/strong> per un flusso d&#8217;aria di 1800 m3\/h.  <\/li>\n<\/ul>\n\n\n\n<p>Questi depolveratori offrono un interessante rapporto potenza\/rumore, con un <strong>design insonorizzato<\/strong> per l&#8217;unit\u00e0 di ventilazione. La gamma ESTMAC \u00e8 disponibile anche in classe H, che consente di trattare <strong>le polveri pericolose <\/strong>(CMR). In questo caso, l&#8217;unit\u00e0 \u00e8 dotata di un ulteriore stadio di filtrazione a saturazione <strong>di classe H14<\/strong>.  <\/p>\n\n\n\n<p>\u00c8 possibile aggiungere un ulteriore pre-scintilla (opzionale).<\/p>\n\n\n\n<div class=\"wp-block-columns is-layout-flex wp-container-core-columns-is-layout-28f84493 wp-block-columns-is-layout-flex\">\n<div class=\"wp-block-column is-layout-flow wp-block-column-is-layout-flow\" style=\"flex-basis:33.33%\">\n<figure class=\"wp-block-image alignleft size-medium\"><img decoding=\"async\" width=\"300\" height=\"169\" src=\"https:\/\/obera.fr\/wp-content\/uploads\/2021\/02\/Decolmatage-filtre-ESTMAC-300x169.png\" alt=\"Filtro Estmac che si intasa\" class=\"wp-image-4478\" srcset=\"https:\/\/obera.fr\/wp-content\/uploads\/2021\/02\/Decolmatage-filtre-ESTMAC-300x169.png 300w, https:\/\/obera.fr\/wp-content\/uploads\/2021\/02\/Decolmatage-filtre-ESTMAC-1024x575.png 1024w, https:\/\/obera.fr\/wp-content\/uploads\/2021\/02\/Decolmatage-filtre-ESTMAC-768x432.png 768w, https:\/\/obera.fr\/wp-content\/uploads\/2021\/02\/Decolmatage-filtre-ESTMAC-1536x863.png 1536w, https:\/\/obera.fr\/wp-content\/uploads\/2021\/02\/Decolmatage-filtre-ESTMAC.png 1920w\" sizes=\"(max-width: 300px) 100vw, 300px\" \/><figcaption class=\"wp-element-caption\">Sblocco manuale a rotazione<\/figcaption><\/figure>\n<\/div>\n\n\n\n<div class=\"wp-block-column is-vertically-aligned-center is-layout-flow wp-block-column-is-layout-flow\" style=\"flex-basis:66.66%\">\n<p class=\"has-text-align-left\">I depolveratori ESTMAC sono dotati di un sistema di <strong>pulizia<\/strong> del filtro <strong>rotante manuale<\/strong>. Il filtro viene soffiato uniformemente attraverso un ugello rotante collegato al serbatoio dell&#8217;aria compressa. <\/p>\n<\/div>\n<\/div>\n\n\n\n<figure class=\"wp-block-table\"><table class=\"has-fixed-layout\"><thead><tr><th>Dispositivo<\/th><th><\/th><th>ESTMAC 1500<\/th><th>ESTMAC 1800<\/th><\/tr><\/thead><tbody><tr><td>Flusso<\/td><td>m3\/h<\/td><td>1 500<\/td><td>1 800<\/td><\/tr><tr><td>Diametro di ingresso<\/td><td>mm<\/td><td>160<\/td><td>160<\/td><\/tr><tr><td>pressione negativa massima<\/td><td>Pa<\/td><td>2 040<\/td><td>2 650<\/td><\/tr><tr><td>Tensione di alimentazione<\/td><td>V<\/td><td>400<\/td><td>400<\/td><\/tr><tr><td>Potenza<\/td><td>kW<\/td><td>1.1<\/td><td>2.2<\/td><\/tr><tr><td>Superficie del filtro<\/td><td>m\u00b2<\/td><td>7.5<\/td><td>15<\/td><\/tr><tr><td>Capacit\u00e0 di stoccaggio della polvere<\/td><td>l<\/td><td>40<\/td><td>40<\/td><\/tr><tr><td>Dimensioni<\/td><td>l\/L\/h (mm)<\/td><td>650 x 707 x 1490<\/td><td>650 x 707 x 1490<\/td><\/tr><tr><td>Peso<\/td><td>kg<\/td><td>170<\/td><td>180<\/td><\/tr><tr><td>Livello di rumore<\/td><td>dB(A)<\/td><td>71,3<\/td><td>73.3<\/td><\/tr><\/tbody><\/table><\/figure>\n\n\n\n<div class=\"wp-block-buttons is-horizontal is-content-justification-center is-layout-flex wp-container-core-buttons-is-layout-03627597 wp-block-buttons-is-layout-flex\">\n<div class=\"wp-block-button\"><a class=\"wp-block-button__link wp-element-button\" href=\"https:\/\/obera.fr\/wp-content\/uploads\/2025\/04\/brochure-estmac-en.pdf\">scarica la scheda tecnica del prodotto<\/a><\/div>\n<\/div>\n\n\n\n<h3 class=\"wp-block-heading\" id=\"quels-sont-les-avantages\">QUALI SONO I BENEFICI?<\/h3>\n\n\n\n<p>I depolveratori fissi ESTMAC sono facili da usare e da mantenere. Inoltre, nonostante il loro status di &#8220;depolveratori fissi&#8221;, possono essere spostati senza troppa fatica.  <\/p>\n\n\n\n<p>Il suo design in lamiera d&#8217;acciaio lo rende un depolveratore robusto, che garantisce una lunga durata. Il design insonorizzato delle unit\u00e0 ventilanti garantisce una bassa rumorosit\u00e0 di funzionamento, compresa tra 71 e 74dB.<\/p>\n\n\n\n<p>Il sistema di pulizia manuale dei filtri rotanti prolunga la durata delle cartucce filtranti, riducendo i costi di manutenzione e i materiali di consumo.  <\/p>\n\n\n\n<blockquote class=\"wp-block-quote is-layout-flow wp-block-quote-is-layout-flow\">\n<p>Il vassoio di raccolta della polvere rimovibile rende lo smaltimento della polvere facile e sicuro.<\/p>\n<\/blockquote>\n\n\n\n<p>I depolveratori fissi possono essere dotati di un filtro assoluto HEPA di classe H, che contribuisce a migliorare la qualit\u00e0 dell&#8217;aria e a rispettare i limiti di esposizione professionale<a href=\"https:\/\/obera.fr\/conseils\/reglementation-vlep-evaluation-risque-chimique-lieu-de-travail\/\" data-type=\"post\" data-id=\"6575\">(<\/a>OEL).<\/p>\n\n\n\n<div class=\"wp-block-columns is-layout-flex wp-container-core-columns-is-layout-28f84493 wp-block-columns-is-layout-flex\">\n<div class=\"wp-block-column is-layout-flow wp-block-column-is-layout-flow\">\n<h4 class=\"wp-block-heading has-text-align-center\" id=\"avantages\"><strong>Vantaggi<\/strong><\/h4>\n\n\n\n<ul class=\"wp-block-list\">\n<li>Adatto ad essere utilizzato in una variet\u00e0 di luoghi mutevoli<\/li>\n\n\n\n<li>Rimozione della polvere facile e sicura<\/li>\n\n\n\n<li>Bassi costi operativi e di monitoraggio<\/li>\n\n\n\n<li>Design robusto in lamiera d&#8217;acciaio per una lunga durata<\/li>\n\n\n\n<li>Basso rumore di funzionamento<\/li>\n\n\n\n<li>Utilizza cartucce filtranti testate secondo la classe di polveri &#8220;M&#8221;.<\/li>\n\n\n\n<li>Facile da usare e da mantenere<\/li>\n<\/ul>\n<\/div>\n\n\n\n<div class=\"wp-block-column is-layout-flow wp-block-column-is-layout-flow\">\n<h4 class=\"wp-block-heading has-text-align-center\" id=\"particularites\"><strong>Caratteristiche speciali<\/strong><\/h4>\n\n\n\n<ul class=\"wp-block-list\">\n<li>Separatore a impatto integrato per polveri grossolane<\/li>\n\n\n\n<li>Modelli speciali<\/li>\n\n\n\n<li>Pulizia dei filtri con un ugello rotante manuale<\/li>\n\n\n\n<li>Alloggiamento della ventola insonorizzato<\/li>\n\n\n\n<li>Ventilatore centrifugo ad alte prestazioni sul lato dell&#8217;aria pulita<\/li>\n\n\n\n<li>Cassetto raccoglipolvere rimovibile e mobile con una capacit\u00e0 di circa 40 l<\/li>\n<\/ul>\n<\/div>\n\n\n\n<div class=\"wp-block-column is-layout-flow wp-block-column-is-layout-flow\">\n<h4 class=\"wp-block-heading has-text-align-center\" id=\"caracteristiques\"><strong>Caratteristiche<\/strong><\/h4>\n\n\n\n<ul class=\"wp-block-list\">\n<li>Ideale per postazioni di lavoro individuali e\/o macchine di produzione<\/li>\n\n\n\n<li>Estrae polvere e trucioli da legno, plastica, metallo e materiali compositi<\/li>\n\n\n\n<li>Filtrazione di classe H (opzionale) per la manipolazione di polveri pericolose (CMR)<\/li>\n\n\n\n<li>Possibilit\u00e0 di montare un braccio di aspirazione<\/li>\n<\/ul>\n<\/div>\n<\/div>\n\n\n\n<h3 class=\"wp-block-heading\" id=\"en-option\">opzionale<\/h3>\n\n\n\n<div class=\"wp-block-columns is-layout-flex wp-container-core-columns-is-layout-28f84493 wp-block-columns-is-layout-flex\">\n<div class=\"wp-block-column is-layout-flow wp-block-column-is-layout-flow\">\n<figure class=\"wp-block-image aligncenter size-large\"><img decoding=\"async\" width=\"100\" height=\"100\" src=\"https:\/\/obera.fr\/wp-content\/uploads\/2020\/08\/certificat-poussieres-classe-H.jpg\" alt=\"Collettore di polvere - Hoover\" class=\"wp-image-666\"\/><figcaption class=\"wp-element-caption\">Certificato per polveri di Classe H secondo EN 60-335-2-69<\/figcaption><\/figure>\n<\/div>\n\n\n\n<div class=\"wp-block-column is-layout-flow wp-block-column-is-layout-flow\">\n<figure class=\"wp-block-image aligncenter size-large\"><img decoding=\"async\" width=\"100\" height=\"100\" src=\"https:\/\/obera.fr\/wp-content\/uploads\/2020\/08\/pre-separateur.jpg\" alt=\"Collettore di polvere - polvere\" class=\"wp-image-683\"\/><figcaption class=\"wp-element-caption\">Pre-separatore aggiuntivo per scintille e trucioli<\/figcaption><\/figure>\n<\/div>\n\n\n\n<div class=\"wp-block-column is-layout-flow wp-block-column-is-layout-flow\">\n<figure class=\"wp-block-image aligncenter size-large\"><img decoding=\"async\" width=\"100\" height=\"100\" src=\"https:\/\/obera.fr\/wp-content\/uploads\/2020\/09\/Charbon-actif-100x100-1.jpg\" alt=\"Carbone - Miniera di carbone\" class=\"wp-image-963\"\/><figcaption class=\"wp-element-caption\">Filtro a carbone attivo<\/figcaption><\/figure>\n<\/div>\n<\/div>\n\n\n\n<h3 class=\"wp-block-heading\" id=\"accessoires\">accessori<\/h3>\n\n\n\n<div class=\"wp-block-columns is-layout-flex wp-container-core-columns-is-layout-28f84493 wp-block-columns-is-layout-flex\">\n<div class=\"wp-block-column is-layout-flow wp-block-column-is-layout-flow\">\n<figure class=\"wp-block-image aligncenter size-full\"><img decoding=\"async\" width=\"100\" height=\"100\" src=\"https:\/\/obera.fr\/wp-content\/uploads\/2020\/08\/accessoires-adaptateur-de-gaines.jpg\" alt=\"Tubo - Tubo\" class=\"wp-image-664\"\/><figcaption class=\"wp-element-caption\">Adattatore per guaina<\/figcaption><\/figure>\n<\/div>\n\n\n\n<div class=\"wp-block-column is-layout-flow wp-block-column-is-layout-flow\">\n<figure class=\"wp-block-image aligncenter size-full\"><img decoding=\"async\" width=\"100\" height=\"100\" src=\"https:\/\/obera.fr\/wp-content\/uploads\/2020\/08\/accessoires-gaines.jpg\" alt=\"Collettore di polvere - Filtrazione\" class=\"wp-image-665\"\/><figcaption class=\"wp-element-caption\">Canalizzazioni<\/figcaption><\/figure>\n<\/div>\n\n\n\n<div class=\"wp-block-column is-layout-flow wp-block-column-is-layout-flow\">\n<figure class=\"wp-block-image aligncenter size-full\"><img decoding=\"async\" width=\"100\" height=\"100\" src=\"https:\/\/obera.fr\/wp-content\/uploads\/2020\/08\/accessoires-bras.jpg\" alt=\"Collettore di polveri - Saldatura\" class=\"wp-image-662\"\/><figcaption class=\"wp-element-caption\">Braccio<\/figcaption><\/figure>\n<\/div>\n\n\n\n<div class=\"wp-block-column is-layout-flow wp-block-column-is-layout-flow\">\n<figure class=\"wp-block-image aligncenter size-full\"><img decoding=\"async\" width=\"100\" height=\"100\" src=\"https:\/\/obera.fr\/wp-content\/uploads\/2020\/08\/accessoires-hotte.jpg\" alt=\"Collettore di polvere - Filtro\" class=\"wp-image-663\"\/><figcaption class=\"wp-element-caption\">Cappuccio<\/figcaption><\/figure>\n<\/div>\n<\/div>\n\n\n\n<div class=\"wp-block-buttons is-horizontal is-content-justification-center is-layout-flex wp-container-core-buttons-is-layout-03627597 wp-block-buttons-is-layout-flex\">\n<div class=\"wp-block-button has-custom-width wp-block-button__width-100\"><a class=\"wp-block-button__link wp-element-button\" href=\"https:\/\/obera.fr\/it\/contattaci\/\">Saperne di pi\u00f9<\/a><\/div>\n<\/div>\n\n\n\n<h2 class=\"wp-block-heading\" id=\"les-autres-depoussiereurs-fixes-de-la-marque-obera\">Altri depolveratori stazionari del marchio oberA<\/h2>\n\n\n\n<div class=\"wp-block-columns is-layout-flex wp-container-core-columns-is-layout-28f84493 wp-block-columns-is-layout-flex\">\n<div class=\"wp-block-column is-layout-flow wp-block-column-is-layout-flow\">\n<figure class=\"wp-block-image aligncenter size-full is-resized\"><a href=\"https:\/\/obera.fr\/produits\/depoussiereurs-industriels\/fixes\/depoussiereur-a-voie-humide-dustomat-hydro\/\"><img decoding=\"async\" width=\"500\" height=\"500\" src=\"https:\/\/obera.fr\/wp-content\/uploads\/2023\/02\/dustomat-hydro.png\" alt=\"dustomat hydro\" class=\"wp-image-19014\" srcset=\"https:\/\/obera.fr\/wp-content\/uploads\/2023\/02\/dustomat-hydro.png 500w, https:\/\/obera.fr\/wp-content\/uploads\/2023\/02\/dustomat-hydro-300x300.png 300w, https:\/\/obera.fr\/wp-content\/uploads\/2023\/02\/dustomat-hydro-150x150.png 150w\" sizes=\"(max-width: 500px) 100vw, 500px\" \/><\/a><figcaption class=\"wp-element-caption\">Dustomat Hydro<\/figcaption><\/figure>\n<\/div>\n\n\n\n<div class=\"wp-block-column is-layout-flow wp-block-column-is-layout-flow\">\n<figure class=\"wp-block-image aligncenter size-large is-resized\"><a href=\"https:\/\/obera.fr\/produits\/depoussiereurs-industriels\/fixes\/aspiration-centralisee-industrielle-dustmac\/\"><img decoding=\"async\" width=\"600\" height=\"600\" src=\"https:\/\/obera.fr\/wp-content\/uploads\/2020\/08\/depoussiereur-centralise-filtres-a-manches-DUSTMAC-S.png\" alt=\"Sistema - Design del prodotto\" class=\"wp-image-637\" srcset=\"https:\/\/obera.fr\/wp-content\/uploads\/2020\/08\/depoussiereur-centralise-filtres-a-manches-DUSTMAC-S.png 600w, https:\/\/obera.fr\/wp-content\/uploads\/2020\/08\/depoussiereur-centralise-filtres-a-manches-DUSTMAC-S-300x300.png 300w, https:\/\/obera.fr\/wp-content\/uploads\/2020\/08\/depoussiereur-centralise-filtres-a-manches-DUSTMAC-S-150x150.png 150w\" sizes=\"(max-width: 600px) 100vw, 600px\" \/><\/a><figcaption class=\"wp-element-caption\">DUSTMAC<\/figcaption><\/figure>\n<\/div>\n\n\n\n<div class=\"wp-block-column is-layout-flow wp-block-column-is-layout-flow\"><\/div>\n<\/div>\n","protected":false},"excerpt":{"rendered":"<p>ESTMAC \u00e8 una gamma di depolveratori fissi e compatti che offrono una soluzione economica per l&#8217;estrazione di piccole e medie quantit\u00e0 di polvere e trucioli. Che cos&#8217;\u00e8 il depolveratore ESTMAC? I depolveratori estraggono le polveri secche e quelle di dilavamento e offrono un&#8217;ampia gamma di applicazioni per molti settori. Grazie alle loro dimensioni compatte, i depolveratori a secco ESTMAC possono essere installati in modo flessibile in luoghi diversi. Sono dotati di cartucce filtranti pulibili di classe &#8220;M&#8221;, che corrispondono a un&#8217;efficienza di separazione delle particelle del 99,9%. Il pre-separatore integrato prolunga la vita delle cartucce filtranti separando in anticipo le &#8230; <\/p>\n<p class=\"read-more-container\"><a title=\"Collettore di polveri a secco ESTMAC\" class=\"read-more button\" href=\"https:\/\/obera.fr\/it\/produits\/depoussiereurs-industriels\/fixes\/depoussiereur-a-sec-estmac\/#more-47171\" aria-label=\"Per saperne di pi\u00f9 su Collettore di polveri a secco ESTMAC\">Lire la suite<\/a><\/p>\n","protected":false},"author":4,"featured_media":36449,"parent":47273,"menu_order":0,"comment_status":"closed","ping_status":"closed","template":"","meta":{"_acf_changed":false,"_seopress_robots_primary_cat":"","_seopress_titles_title":"Scopri il depolveratore fisso a secco ESTMAC di OberA","_seopress_titles_desc":"ESTMAC \u00e8 una gamma di depolveratori fissi e compatti in grado di estrarre in modo efficiente trucioli e polveri secche e a goccia.","_seopress_robots_index":"","footnotes":""},"class_list":{"0":"post-47171","1":"page","2":"type-page","3":"status-publish","4":"has-post-thumbnail","6":"no-featured-image-padding","7":"resize-featured-image"},"acf":[],"_links":{"self":[{"href":"https:\/\/obera.fr\/it\/wp-json\/wp\/v2\/pages\/47171","targetHints":{"allow":["GET"]}}],"collection":[{"href":"https:\/\/obera.fr\/it\/wp-json\/wp\/v2\/pages"}],"about":[{"href":"https:\/\/obera.fr\/it\/wp-json\/wp\/v2\/types\/page"}],"author":[{"embeddable":true,"href":"https:\/\/obera.fr\/it\/wp-json\/wp\/v2\/users\/4"}],"replies":[{"embeddable":true,"href":"https:\/\/obera.fr\/it\/wp-json\/wp\/v2\/comments?post=47171"}],"version-history":[{"count":8,"href":"https:\/\/obera.fr\/it\/wp-json\/wp\/v2\/pages\/47171\/revisions"}],"predecessor-version":[{"id":92136,"href":"https:\/\/obera.fr\/it\/wp-json\/wp\/v2\/pages\/47171\/revisions\/92136"}],"up":[{"embeddable":true,"href":"https:\/\/obera.fr\/it\/wp-json\/wp\/v2\/pages\/47273"}],"wp:featuredmedia":[{"embeddable":true,"href":"https:\/\/obera.fr\/it\/wp-json\/wp\/v2\/media\/36449"}],"wp:attachment":[{"href":"https:\/\/obera.fr\/it\/wp-json\/wp\/v2\/media?parent=47171"}],"curies":[{"name":"wp","href":"https:\/\/api.w.org\/{rel}","templated":true}]}}