{"id":47209,"date":"2021-09-17T09:11:07","date_gmt":"2021-09-17T07:11:07","guid":{"rendered":"https:\/\/obera.fr\/sensore-di-co2-obcare\/"},"modified":"2025-06-03T14:57:43","modified_gmt":"2025-06-03T12:57:43","slug":"capteur-co2-obcare","status":"publish","type":"page","link":"https:\/\/obera.fr\/it\/produits\/analyseurs-air\/capteur-co2-obcare\/","title":{"rendered":"Sensore di CO2 OBCARE"},"content":{"rendered":"\n<h2 class=\"wp-block-heading\">Misurare la qualit\u00e0 dell&#8217;aria con i semafori<\/h2>\n\n<div class=\"wp-block-columns is-layout-flex wp-container-core-columns-is-layout-28f84493 wp-block-columns-is-layout-flex\">\n<div class=\"wp-block-column is-layout-flow wp-block-column-is-layout-flow\" style=\"flex-basis:33.33%\">\n<figure class=\"wp-block-image aligncenter size-full is-resized\"><img decoding=\"async\" width=\"300\" height=\"212\" src=\"https:\/\/obera.fr\/wp-content\/uploads\/2021\/11\/Capteur_CO2_OBCARE.png\" alt=\"sensore di co2 obcare\" class=\"wp-image-7611\" style=\"width:300px;height:212px\"\/><figcaption class=\"wp-element-caption\">OBCARE<\/figcaption><\/figure>\n<\/div>\n\n\n\n<div class=\"wp-block-column is-vertically-aligned-center is-layout-flow wp-block-column-is-layout-flow\" style=\"flex-basis:66.66%\">\n<p>Il sensore di CO2 <strong>OBCARE <\/strong>monitora in tempo reale la qualit\u00e0 dell&#8217;aria negli spazi chiusi. Il suo display multicolore con spie luminose offre una panoramica immediata della qualit\u00e0 dell&#8217;aria e visualizza la <strong>concentrazione di CO2 in ppm<\/strong>. Queste spie forniscono chiari segnali visivi e avvisano gli utenti delle azioni da intraprendere: <strong>purificare l&#8217;aria <\/strong>installando unit\u00e0 mobili di purificazione dell&#8217;aria e\/o <strong>ventilare naturalmente<\/strong>.  <\/p>\n\n\n\n<div class=\"wp-block-columns is-layout-flex wp-container-core-columns-is-layout-28f84493 wp-block-columns-is-layout-flex\">\n<div class=\"wp-block-column is-layout-flow wp-block-column-is-layout-flow\" style=\"flex-basis:33.34%\">\n<div class=\"wp-block-buttons is-content-justification-center is-layout-flex wp-container-core-buttons-is-layout-a89b3969 wp-block-buttons-is-layout-flex\">\n<div class=\"wp-block-button\"><a class=\"wp-block-button__link wp-element-button\" href=\"https:\/\/obera.fr\/wp-content\/uploads\/2025\/06\/brochure-obcare.pdf\">Scarica la brochure<\/a><\/div>\n<\/div>\n<\/div>\n\n\n\n<div class=\"wp-block-column is-layout-flow wp-block-column-is-layout-flow\" style=\"flex-basis:33.34%\">\n<div class=\"wp-block-buttons is-horizontal is-content-justification-center is-layout-flex wp-container-core-buttons-is-layout-03627597 wp-block-buttons-is-layout-flex\">\n<div class=\"wp-block-button\"><a class=\"wp-block-button__link wp-element-button\" href=\"https:\/\/boutique.obera.fr\/52-acheter-capteur-co2-obcare.html\" target=\"_blank\" rel=\"noreferrer noopener\">Acquista il sensore di CO2 OBCARE  <\/a><\/div>\n<\/div>\n<\/div>\n\n\n\n<div class=\"wp-block-column is-layout-flow wp-block-column-is-layout-flow\" style=\"flex-basis:33.33%\">\n<div class=\"wp-block-buttons is-content-justification-center is-layout-flex wp-container-core-buttons-is-layout-a89b3969 wp-block-buttons-is-layout-flex\">\n<div class=\"wp-block-button btn-devis-source\"><a class=\"wp-block-button__link wp-element-button\" href=\"https:\/\/obera.fr\/it\/devis\/\">Richiedi un preventivo<\/a><\/div>\n<\/div>\n\n\n<script>\r\ndocument.addEventListener('DOMContentLoaded', function() {\r\n    \/\/ 1. On cherche le titre H1 de la page\r\n    var h1 = document.querySelector('h1');\r\n    var productTitle = h1 ? h1.innerText.trim() : \"\";\r\n\r\n    \/\/ 2. On cherche les boutons via la classe CSS .btn-devis-source\r\n    var buttons = document.querySelectorAll('.btn-devis-source a');\r\n\r\n    \/\/ 3. Si on a le titre et les boutons, on ajoute le param\u00e8tre\r\n    if (buttons.length > 0 && productTitle !== \"\") {\r\n        var encodedTitle = encodeURIComponent(productTitle);\r\n\r\n        buttons.forEach(function(btn) {\r\n            var currentHref = btn.getAttribute('href');\r\n            \r\n            \/\/ S\u00e9curit\u00e9 pour ne pas ajouter le param\u00e8tre 2 fois\r\n            if (currentHref.indexOf('sujet=') === -1) {\r\n                var separator = currentHref.indexOf('?') !== -1 ? '&' : '?';\r\n                var newLink = currentHref + separator + 'sujet=' + encodedTitle;\r\n                \r\n                btn.setAttribute('href', newLink);\r\n            }\r\n        });\r\n    }\r\n});\r\n<\/script><\/div>\n<\/div>\n<\/div>\n<\/div>\n\n<h2 class=\"wp-block-heading\">I vantaggi di OBCARE<\/h2>\n\n<div class=\"wp-block-columns is-layout-flex wp-container-core-columns-is-layout-28f84493 wp-block-columns-is-layout-flex\">\n<div class=\"wp-block-column is-layout-flow wp-block-column-is-layout-flow\">\n<h3 class=\"wp-block-heading has-text-align-left\">CaPter di CO2<\/h3>\n\n\n\n<p>Il sensore di CO2 <strong>OBCARE <\/strong>misura la qualit\u00e0 dell&#8217;aria in modo continuo. Le informazioni visualizzate in ppm vengono fornite in tempo reale. Il dispositivo \u00e8 facile da installare e da spostare.    <\/p>\n<\/div>\n\n\n\n<div class=\"wp-block-column is-layout-flow wp-block-column-is-layout-flow\">\n<h3 class=\"wp-block-heading has-text-align-left\">ESEMPI DI INDUSTRIE<\/h3>\n\n\n\n<ul class=\"wp-block-list\">\n<li>ERP<\/li>\n\n\n\n<li>Uffici<\/li>\n\n\n\n<li>Palazzetti dello sport  <\/li>\n\n\n\n<li>Sale d&#8217;attesa<\/li>\n\n\n\n<li>Scuole<\/li>\n\n\n\n<li>Spazi aperti<\/li>\n\n\n\n<li>Azioni<\/li>\n<\/ul>\n<\/div>\n<\/div>\n\n<h2 class=\"wp-block-heading\">Tipi di assemblaggio<\/h2>\n\n<p>Il misuratore di qualit\u00e0 dell&#8217;aria pu\u00f2 essere montato su un tavolo o su una parete. Il suo supporto in acciaio inox<strong>(disponibile come opzione<\/strong>) permette di posizionarlo in modo ottimale all&#8217;interno della stanza. Un buon posizionamento \u00e8 essenziale e avr\u00e0 un impatto sulla rappresentativit\u00e0 delle misurazioni. In particolare, evita di posizionare i sensori sulle finestre o nelle immediate vicinanze.   <\/p>\n\n<blockquote class=\"wp-block-quote is-layout-flow wp-block-quote-is-layout-flow\">\n<p>Si consiglia di <strong>installare un sensore di CO2 ogni 40 m\u00b2 di superficie<\/strong>.<\/p>\n<\/blockquote>\n\n<div class=\"wp-block-buttons is-horizontal is-content-justification-center is-layout-flex wp-container-core-buttons-is-layout-03627597 wp-block-buttons-is-layout-flex\">\n<div class=\"wp-block-button has-custom-width wp-block-button__width-100\"><a class=\"wp-block-button__link wp-element-button\" href=\"https:\/\/obera.fr\/it\/contattaci\/\">Saperne di pi\u00f9<\/a><\/div>\n<\/div>\n\n<h2 class=\"wp-block-heading\">Specifiche tecniche<\/h2>\n\n<figure class=\"wp-block-table\"><table class=\"has-fixed-layout\"><tbody><tr><td>Sensore di CO2<\/td><td>Tecnologia NDIR (sensore a infrarossi non dispersivo) con autocalibrazione<br\/>Campo di misura: da 0 a 5000 ppm (+- 60ppm)<\/td><\/tr><tr><td>Sensore di umidit\u00e0 e temperatura<\/td><td>Opzionale<\/td><\/tr><tr><td>Display a semaforo verde\/giallo\/rosso<\/td><td>Verde: &lt; 800 ppm<br\/>Giallo: 800 &#8211; 2000 ppm<br\/>Rosso &gt; 2000 ppm<\/td><\/tr><tr><td>Allarme acustico<\/td><td>Opzione<br\/>L&#8217;allarme suona ogni minuto quando la soglia viene superata.<\/td><\/tr><tr><td>Cavo di alimentazione<\/td><td>Alimentatore da 12 V con connettore UE incluso (lunghezza: 1,5 metri)<\/td><\/tr><tr><td>Alimentazione<\/td><td>12V &#8211; 34V AC\/DC<\/td><\/tr><tr><td>Consumo di energia<\/td><td>40 &#8211; 80 mA<\/td><\/tr><tr><td>Quantit\u00e0 fisiche misurate<\/td><td>CO2 in ppm<\/td><\/tr><tr><td>Scatola<\/td><td>Guscio in ABS, bianco RAL 9010<br\/>Fori per il montaggio a parete<br\/>Dimensioni 87,5 x 87,5 x 30mm<\/td><\/tr><tr><td>Supporto per il montaggio sulla scrivania<\/td><td>Espositore opzionale<br\/>Base in acciaio inox<\/td><\/tr><tr><td>Classe di protezione<\/td><td>IP30<\/td><\/tr><\/tbody><\/table><\/figure>\n\n<div style=\"height:25px\" aria-hidden=\"true\" class=\"wp-block-spacer\"><\/div>\n\n<h2 class=\"wp-block-heading\">Altri analizzatori d&#8217;aria OberA<\/h2>\n\n<div class=\"wp-block-columns is-layout-flex wp-container-core-columns-is-layout-28f84493 wp-block-columns-is-layout-flex\">\n<div class=\"wp-block-column is-layout-flow wp-block-column-is-layout-flow\">\n<figure class=\"wp-block-image aligncenter size-thumbnail is-resized\"><a href=\"https:\/\/obera.fr\/produits\/analyseurs-air\/compteur-particules\/\"><img decoding=\"async\" width=\"150\" height=\"150\" src=\"https:\/\/obera.fr\/wp-content\/uploads\/2020\/08\/compteur-de-particules-150x150.png\" alt=\"Contatore di particelle Trotec PC220 - Contatore di particelle\" class=\"wp-image-714\" style=\"width:150px;height:150px\" srcset=\"https:\/\/obera.fr\/wp-content\/uploads\/2020\/08\/compteur-de-particules-150x150.png 150w, https:\/\/obera.fr\/wp-content\/uploads\/2020\/08\/compteur-de-particules-300x300.png 300w, https:\/\/obera.fr\/wp-content\/uploads\/2020\/08\/compteur-de-particules.png 433w\" sizes=\"(max-width: 150px) 100vw, 150px\" \/><\/a><figcaption class=\"wp-element-caption\">Misuratore di particolato<\/figcaption><\/figure>\n<\/div>\n<\/div>\n","protected":false},"excerpt":{"rendered":"<p>Misurare la qualit\u00e0 dell&#8217;aria con i semafori Il sensore di CO2 OBCARE monitora in tempo reale la qualit\u00e0 dell&#8217;aria negli spazi chiusi. Il suo display multicolore con spie luminose offre una panoramica immediata della qualit\u00e0 dell&#8217;aria e visualizza la concentrazione di CO2 in ppm. Queste spie forniscono chiari segnali visivi e avvisano gli utenti delle azioni da intraprendere: purificare l&#8217;aria installando unit\u00e0 mobili di purificazione dell&#8217;aria e\/o ventilare naturalmente. I vantaggi di OBCARE CaPter di CO2 Il sensore di CO2 OBCARE misura la qualit\u00e0 dell&#8217;aria in modo continuo. Le informazioni visualizzate in ppm vengono fornite in tempo reale. Il dispositivo &#8230; <\/p>\n<p class=\"read-more-container\"><a title=\"Sensore di CO2 OBCARE\" class=\"read-more button\" href=\"https:\/\/obera.fr\/it\/produits\/analyseurs-air\/capteur-co2-obcare\/#more-47209\" aria-label=\"Per saperne di pi\u00f9 su Sensore di CO2 OBCARE\">Lire la suite<\/a><\/p>\n","protected":false},"author":4,"featured_media":83742,"parent":48410,"menu_order":0,"comment_status":"closed","ping_status":"closed","template":"","meta":{"_acf_changed":false,"_seopress_robots_primary_cat":"","_seopress_titles_title":"Capteur CO2 OBCARE pour mesurer la qualit\u00e9 de l'air","_seopress_titles_desc":"D\u00e9couvrez notre capteur CO2, id\u00e9al pour compl\u00e9ter un traitement contre le covid-19. Indique le taux de CO2 en ppm et informe de la qualit\u00e9 de l'air en direct.","_seopress_robots_index":"","footnotes":""},"class_list":{"0":"post-47209","1":"page","2":"type-page","3":"status-publish","4":"has-post-thumbnail","6":"no-featured-image-padding","7":"resize-featured-image"},"acf":[],"_links":{"self":[{"href":"https:\/\/obera.fr\/it\/wp-json\/wp\/v2\/pages\/47209","targetHints":{"allow":["GET"]}}],"collection":[{"href":"https:\/\/obera.fr\/it\/wp-json\/wp\/v2\/pages"}],"about":[{"href":"https:\/\/obera.fr\/it\/wp-json\/wp\/v2\/types\/page"}],"author":[{"embeddable":true,"href":"https:\/\/obera.fr\/it\/wp-json\/wp\/v2\/users\/4"}],"replies":[{"embeddable":true,"href":"https:\/\/obera.fr\/it\/wp-json\/wp\/v2\/comments?post=47209"}],"version-history":[{"count":5,"href":"https:\/\/obera.fr\/it\/wp-json\/wp\/v2\/pages\/47209\/revisions"}],"predecessor-version":[{"id":108406,"href":"https:\/\/obera.fr\/it\/wp-json\/wp\/v2\/pages\/47209\/revisions\/108406"}],"up":[{"embeddable":true,"href":"https:\/\/obera.fr\/it\/wp-json\/wp\/v2\/pages\/48410"}],"wp:featuredmedia":[{"embeddable":true,"href":"https:\/\/obera.fr\/it\/wp-json\/wp\/v2\/media\/83742"}],"wp:attachment":[{"href":"https:\/\/obera.fr\/it\/wp-json\/wp\/v2\/media?parent=47209"}],"curies":[{"name":"wp","href":"https:\/\/api.w.org\/{rel}","templated":true}]}}