{"id":47273,"date":"2020-08-26T12:34:42","date_gmt":"2020-08-26T10:34:42","guid":{"rendered":"https:\/\/obera.fr\/i-nostri-prodotti\/collettori-di-polvere-industriali\/collettori-di-polvere-fissi\/"},"modified":"2025-07-11T11:15:51","modified_gmt":"2025-07-11T09:15:51","slug":"fixes","status":"publish","type":"page","link":"https:\/\/obera.fr\/it\/produits\/depoussiereurs-industriels\/fixes\/","title":{"rendered":"Collettori di polvere fissi"},"content":{"rendered":"\n<p>I nostri <strong>depolveratori fissi<\/strong> sono una gamma di potenti installazioni per <strong>spolverare le officine e i magazzini<\/strong>, cos\u00ec come le postazioni di lavoro fisse, direttamente tramite un braccio di aspirazione o una cappa. Le nostre apparecchiature sono in grado di <strong>gestire polveri sottili e trucioli<\/strong>, oltre a <strong>nebbie oleose<\/strong>, <strong>fumi<\/strong> e <strong>odori<\/strong>, in un&#8217;ampia gamma di settori industriali, tra cui metallo, plastica, legno, minerali, tessuti, prodotti chimici e carta\/cartone. <\/p>\n\n<blockquote class=\"wp-block-quote is-layout-flow wp-block-quote-is-layout-flow\">\n<p>Le polveri e gli altri inquinanti devono essere trattati perch\u00e9 <strong>rappresentano un rischio per il corpo umano<\/strong>.<\/p>\n<\/blockquote>\n\n<p>Respirare aria inquinata pu\u00f2 causare malattie, soprattutto quando gli <strong>inquinanti sono cancerogeni<\/strong>, <strong>mutageni<\/strong> o <strong>tossici per la riproduzione<\/strong>. Trattare l&#8217;aria inquinata \u00e8 essenziale non solo per proteggere i lavoratori e i team di produzione, ma anche per garantire la qualit\u00e0 dei prodotti realizzati e, ovviamente, per rispettare la legge. <\/p>\n\n\n<h2 class=\"wp-block-heading\">La nostra gamma di depolveratori a secco compatti e centralizzati con sacchi o cartucce, o di depolveratori a umido<\/h2>\n\n<div class=\"wp-block-group is-layout-flow wp-block-group-is-layout-flow\">\n<div class=\"wp-block-columns is-layout-flex wp-container-core-columns-is-layout-28f84493 wp-block-columns-is-layout-flex\">\n<div class=\"wp-block-column is-vertically-aligned-top is-layout-flow wp-block-column-is-layout-flow\">\n<h3 class=\"wp-block-heading has-text-align-center\"><strong><a href=\"https:\/\/obera.fr\/it\/produits\/depoussiereurs-industriels\/fixes\/aspiration-centralisee-industrielle-dustmac\/\" data-type=\"URL\" data-id=\"https:\/\/obera.fr\/produits\/depoussiereurs-industriels\/fixes\/aspiration-centralisee-industrielle-dustmac\/\">Serie DUSTMAC<\/a><\/strong><\/h3>\n\n\n\n<figure class=\"wp-block-image aligncenter size-medium\"><a href=\"https:\/\/obera.fr\/produits\/depoussiereurs-industriels\/fixes\/aspiration-centralisee-industrielle-dustmac\/\"><img decoding=\"async\" width=\"300\" height=\"300\" src=\"https:\/\/obera.fr\/wp-content\/uploads\/2020\/08\/depoussiereur-centralise-filtres-a-manches-DUSTMAC-S-300x300.png\" alt=\"Sistema - Design del prodotto\" class=\"wp-image-637\" srcset=\"https:\/\/obera.fr\/wp-content\/uploads\/2020\/08\/depoussiereur-centralise-filtres-a-manches-DUSTMAC-S-300x300.png 300w, https:\/\/obera.fr\/wp-content\/uploads\/2020\/08\/depoussiereur-centralise-filtres-a-manches-DUSTMAC-S-150x150.png 150w, https:\/\/obera.fr\/wp-content\/uploads\/2020\/08\/depoussiereur-centralise-filtres-a-manches-DUSTMAC-S.png 600w\" sizes=\"(max-width: 300px) 100vw, 300px\" \/><\/a><\/figure>\n\n\n\n<p><strong>DUSTMAC S\u00e9ries<\/strong> \u00e8 un <a href=\"https:\/\/obera.fr\/it\/produits\/depoussiereurs-industriels\/fixes\/aspiration-centralisee-industrielle-dustmac\/\" data-type=\"page\" data-id=\"467\">depolveratore centralizzato<\/a> che, grazie al suo design modulare, pu\u00f2 essere utilizzato per un&#8217;ampia gamma di applicazioni. <strong>Le opzioni di configurazione sono praticamente illimitate<\/strong> e ti permettono di personalizzare completamente l&#8217;unit\u00e0 in base alle tue esigenze specifiche per ottenere un&#8217;efficienza ottimale. Le cartucce vengono pulite automaticamente da un getto di aria compressa (Jet-pulse).   <\/p>\n\n\n\n<p>Questo elettrodomestico \u00e8 disponibile in 3 gamme: DUSTMAC P, DUSTMAC S e DUSTMAC F.<\/p>\n\n\n\n<p><strong>Tutti i DUSTMAC <\/strong>sono disponibili in diverse classi di filtrazione M o H per i<strong> composti CMR <\/strong>e nella versione <strong>per polveri ATEX<\/strong>.<\/p>\n<\/div>\n\n\n\n<div class=\"wp-block-column is-vertically-aligned-top is-layout-flow wp-block-column-is-layout-flow\">\n<h3 class=\"wp-block-heading has-text-align-center\"><strong><a href=\"https:\/\/obera.fr\/it\/produits\/depoussiereurs-industriels\/fixes\/depoussiereur-a-voie-humide-dustomat-hydro\/\" data-type=\"page\" data-id=\"15983\">DUSTOMAT HYDRO<\/a><\/strong><\/h3>\n\n\n\n<figure class=\"wp-block-image aligncenter size-medium\"><a href=\"https:\/\/obera.fr\/produits\/depoussiereurs-industriels\/fixes\/depoussiereur-a-voie-humide-dustomat-hydro\/\"><img decoding=\"async\" width=\"300\" height=\"300\" src=\"https:\/\/obera.fr\/wp-content\/uploads\/2022\/11\/dustomat-hydro-1-300x300.png\" alt=\"dustomat hydro 1\" class=\"wp-image-15989\" srcset=\"https:\/\/obera.fr\/wp-content\/uploads\/2022\/11\/dustomat-hydro-1-300x300.png 300w, https:\/\/obera.fr\/wp-content\/uploads\/2022\/11\/dustomat-hydro-1-150x150.png 150w, https:\/\/obera.fr\/wp-content\/uploads\/2022\/11\/dustomat-hydro-1.png 600w\" sizes=\"(max-width: 300px) 100vw, 300px\" \/><\/a><\/figure>\n\n\n\n<p><strong>DUSTOMAT HYDRO<\/strong> \u00e8 una nuova gamma di <a href=\"https:\/\/obera.fr\/it\/produits\/depoussiereurs-industriels\/fixes\/depoussiereur-a-voie-humide-dustomat-hydro\/\" data-type=\"page\" data-id=\"15983\">depolveratori a umido<\/a> ad alte prestazioni, progettati appositamente per estrarre la polvere da una o pi\u00f9 postazioni di lavoro, comprese le polveri metalliche, le scintille e le polveri altamente infiammabili, in particolare durante i processi di molatura, spazzolatura, lucidatura o saldatura.<\/p>\n\n\n\n<p>L&#8217;innovativa tecnologia di separazione dell&#8217;acqua rimuove in modo sicuro polvere e scintille.  <\/p>\n\n\n\n<p>I separatori funzionano <strong>in modo silenzioso <\/strong>e sono disponibili in due livelli di potenza, oltre che in una <strong>versione ATEX<\/strong>. Grazie alla loro tecnologia, i nuovi separatori funzionano a piena potenza, con un basso consumo energetico. <\/p>\n<\/div>\n<\/div>\n<\/div>\n\n<div class=\"wp-block-group is-layout-flow wp-block-group-is-layout-flow\">\n<div class=\"wp-block-columns is-layout-flex wp-container-core-columns-is-layout-28f84493 wp-block-columns-is-layout-flex\">\n<div class=\"wp-block-column is-layout-flow wp-block-column-is-layout-flow\">\n<h3 class=\"wp-block-heading has-text-align-center\"><a href=\"https:\/\/obera.fr\/it\/produits\/depoussiereurs-industriels\/fixes\/depoussiereur-a-sec-estmac\/\" data-type=\"URL\" data-id=\"https:\/\/obera.fr\/produits\/depoussiereurs-industriels\/fixes\/depoussiereur-a-sec-estmac\/\">ESTMAC<\/a><\/h3>\n\n\n\n<figure class=\"wp-block-image aligncenter size-medium\"><a href=\"https:\/\/obera.fr\/produits\/depoussiereurs-industriels\/fixes\/depoussiereur-a-sec-estmac\/\"><img decoding=\"async\" width=\"300\" height=\"264\" src=\"https:\/\/obera.fr\/wp-content\/uploads\/2021\/02\/Depoussiereur-fixe-ESTMAC-300x264.png\" alt=\"Collettore di polvere fisso Estmac\" class=\"wp-image-4475\" srcset=\"https:\/\/obera.fr\/wp-content\/uploads\/2021\/02\/Depoussiereur-fixe-ESTMAC-300x264.png 300w, https:\/\/obera.fr\/wp-content\/uploads\/2021\/02\/Depoussiereur-fixe-ESTMAC.png 480w\" sizes=\"(max-width: 300px) 100vw, 300px\" \/><\/a><\/figure>\n\n\n\n<p><strong>ESTMAC <\/strong>\u00e8 un <a href=\"https:\/\/obera.fr\/it\/produits\/depoussiereurs-industriels\/fixes\/depoussiereur-a-sec-estmac\/\">depolveratore a secco<\/a> fisso ma <strong>compatto<\/strong>, quindi relativamente <strong>facile da spostare<\/strong>. Pu\u00f2 quindi essere adattato a un&#8217;ampia gamma di applicazioni.   <\/p>\n\n\n\n<p>Questa macchina \u00e8 ideale per aspirare <strong>polveri e trucioli<\/strong> di metallo e plastica, oltre a polveri minerali e materiali compositi.  <\/p>\n\n\n\n<p>ESTMAC \u00e8 disponibile in due versioni:  <\/p>\n\n\n\n<p><strong>ESTMAC 1500<\/strong> con un flusso d&#8217;aria di 1500 m3\/h per una pressione negativa di 2040 Pa e<strong> ESTMAC 1800<\/strong> con un flusso d&#8217;aria di 1800 m3\/h per una pressione negativa di 2650 Pa.<\/p>\n<\/div>\n<\/div>\n\n\n\n<div class=\"wp-block-columns is-layout-flex wp-container-core-columns-is-layout-28f84493 wp-block-columns-is-layout-flex\">\n<div class=\"wp-block-column is-layout-flow wp-block-column-is-layout-flow\"><\/div>\n<\/div>\n<\/div>\n\n<h2 class=\"wp-block-heading\"><strong>Come scegliere il giusto sistema di raccolta della polvere?<\/strong><\/h2>\n\n<p>\u00c8 fondamentale <strong>scegliere il giusto depolveratore<\/strong>, altrimenti l&#8217;apparecchio potrebbe usurarsi rapidamente e smettere di funzionare. La scelta dipende dall&#8217;inquinante, dalle sue dimensioni, dal suo stato (solido o gassoso) e dalla sua quantit\u00e0. In questo modo potrai scegliere il tipo di filtro che il <a href=\"https:\/\/obera.fr\/it\/produits\/depoussiereurs-industriels\/\" data-type=\"page\" data-id=\"31\">depolveratore<\/a> dovr\u00e0 avere. In secondo luogo, \u00e8 necessario conoscere la potenza dell&#8217;unit\u00e0, ovvero la sua portata. La portata dell&#8217;unit\u00e0 dipender\u00e0 dalla quantit\u00e0 di materiale da aspirare, dalle velocit\u00e0 da garantire nel punto di raccolta e dalle velocit\u00e0 di trasporto da garantire nelle tubature verso gli ingressi esistenti delle macchine per il vuoto.    <\/p>\n\n<p>Il passo successivo \u00e8 decidere quali accessori montare sulla macchina: un condotto da collegare alla macchina di produzione, un dispositivo di raccolta, uno schienale o addirittura un <a href=\"https:\/\/obera.fr\/it\/produits\/bras-dispositifs-captation\/capot-industriel\/\">braccio di aspirazione<\/a> per una postazione di lavoro.<\/p>\n\n<blockquote class=\"wp-block-quote is-layout-flow wp-block-quote-is-layout-flow\">\n<p>La cosa migliore da fare \u00e8 <strong>rivolgersi ai nostri esperti<\/strong>, che saranno in grado di aiutarti con i tuoi progetti e di offrirti un prodotto su misura per le tue esigenze specifiche.<\/p>\n<\/blockquote>\n\n<div class=\"wp-block-buttons is-horizontal is-content-justification-center is-layout-flex wp-container-core-buttons-is-layout-03627597 wp-block-buttons-is-layout-flex\">\n<div class=\"wp-block-button has-custom-width wp-block-button__width-100\"><a class=\"wp-block-button__link wp-element-button\" href=\"https:\/\/obera.fr\/it\/contattaci\/\">Saperne di pi\u00f9<\/a><\/div>\n<\/div>\n\n<hr class=\"wp-block-separator has-css-opacity\"\/>\n\n<div class=\"wp-block-group is-layout-flow wp-block-group-is-layout-flow\">\n<h2 class=\"wp-block-heading\">Altre gamme di depolveratori industriali oberA<\/h2>\n\n\n\n<div class=\"wp-block-columns is-layout-flex wp-container-core-columns-is-layout-28f84493 wp-block-columns-is-layout-flex\">\n<div class=\"wp-block-column is-layout-flow wp-block-column-is-layout-flow\">\n<div class=\"wp-block-buttons is-horizontal is-content-justification-center is-layout-flex wp-container-core-buttons-is-layout-03627597 wp-block-buttons-is-layout-flex\">\n<div class=\"wp-block-button\"><a class=\"wp-block-button__link wp-element-button\" href=\"https:\/\/obera.fr\/produits\/depoussiereurs-industriels\/mobiles\/\">Collettori di polvere mobili<\/a><\/div>\n<\/div>\n<\/div>\n\n\n\n<div class=\"wp-block-column is-layout-flow wp-block-column-is-layout-flow\">\n<div class=\"wp-block-buttons is-horizontal is-content-justification-center is-layout-flex wp-container-core-buttons-is-layout-03627597 wp-block-buttons-is-layout-flex\">\n<div class=\"wp-block-button\"><a class=\"wp-block-button__link wp-element-button\" href=\"https:\/\/obera.fr\/produits\/depoussiereurs-industriels\/petits\/\">Piccoli collettori di polvere<\/a><\/div>\n<\/div>\n<\/div>\n<\/div>\n<\/div>\n","protected":false},"excerpt":{"rendered":"<p>I nostri depolveratori fissi sono una gamma di potenti installazioni per spolverare le officine e i magazzini, cos\u00ec come le postazioni di lavoro fisse, direttamente tramite un braccio di aspirazione o una cappa. Le nostre apparecchiature sono in grado di gestire polveri sottili e trucioli, oltre a nebbie oleose, fumi e odori, in un&#8217;ampia gamma di settori industriali, tra cui metallo, plastica, legno, minerali, tessuti, prodotti chimici e carta\/cartone. Le polveri e gli altri inquinanti devono essere trattati perch\u00e9 rappresentano un rischio per il corpo umano. Respirare aria inquinata pu\u00f2 causare malattie, soprattutto quando gli inquinanti sono cancerogeni, mutageni o &#8230; <\/p>\n<p class=\"read-more-container\"><a title=\"Collettori di polvere fissi\" class=\"read-more button\" href=\"https:\/\/obera.fr\/it\/produits\/depoussiereurs-industriels\/fixes\/#more-47273\" aria-label=\"Per saperne di pi\u00f9 su Collettori di polvere fissi\">Lire la suite<\/a><\/p>\n","protected":false},"author":4,"featured_media":103621,"parent":45630,"menu_order":0,"comment_status":"closed","ping_status":"closed","template":"","meta":{"_acf_changed":false,"_seopress_robots_primary_cat":"","_seopress_titles_title":"Collettori di polveri fissi umidi\/asciutti, sacchi\/cartucce","_seopress_titles_desc":"Spolvera le officine, i magazzini e le postazioni di lavoro direttamente tramite un braccio o una cappa di aspirazione con i nostri depolveratori fissi.","_seopress_robots_index":"","footnotes":""},"class_list":{"0":"post-47273","1":"page","2":"type-page","3":"status-publish","4":"has-post-thumbnail","6":"no-featured-image-padding","7":"resize-featured-image"},"acf":[],"_links":{"self":[{"href":"https:\/\/obera.fr\/it\/wp-json\/wp\/v2\/pages\/47273","targetHints":{"allow":["GET"]}}],"collection":[{"href":"https:\/\/obera.fr\/it\/wp-json\/wp\/v2\/pages"}],"about":[{"href":"https:\/\/obera.fr\/it\/wp-json\/wp\/v2\/types\/page"}],"author":[{"embeddable":true,"href":"https:\/\/obera.fr\/it\/wp-json\/wp\/v2\/users\/4"}],"replies":[{"embeddable":true,"href":"https:\/\/obera.fr\/it\/wp-json\/wp\/v2\/comments?post=47273"}],"version-history":[{"count":7,"href":"https:\/\/obera.fr\/it\/wp-json\/wp\/v2\/pages\/47273\/revisions"}],"predecessor-version":[{"id":121522,"href":"https:\/\/obera.fr\/it\/wp-json\/wp\/v2\/pages\/47273\/revisions\/121522"}],"up":[{"embeddable":true,"href":"https:\/\/obera.fr\/it\/wp-json\/wp\/v2\/pages\/45630"}],"wp:featuredmedia":[{"embeddable":true,"href":"https:\/\/obera.fr\/it\/wp-json\/wp\/v2\/media\/103621"}],"wp:attachment":[{"href":"https:\/\/obera.fr\/it\/wp-json\/wp\/v2\/media?parent=47273"}],"curies":[{"name":"wp","href":"https:\/\/api.w.org\/{rel}","templated":true}]}}