{"id":48187,"date":"2020-08-26T12:35:06","date_gmt":"2020-08-26T10:35:06","guid":{"rendered":"https:\/\/obera.fr\/i-nostri-prodotti\/collettori-di-polvere-industriali\/piccoli-depolveratori-industriali\/"},"modified":"2025-08-29T09:28:22","modified_gmt":"2025-08-29T07:28:22","slug":"petits","status":"publish","type":"page","link":"https:\/\/obera.fr\/it\/produits\/depoussiereurs-industriels\/petits\/","title":{"rendered":"Piccoli depolveratori industriali"},"content":{"rendered":"\n\n<h2 class=\"wp-block-heading\">Che cos&#8217;\u00e8 un piccolo depolveratore industriale?<\/h2>\n\n<p>Un piccolo depolveratore \u00e8 generalmente una <strong>piccola unit\u00e0 di trattamento dell&#8217;aria con una capacit\u00e0 di aspirazione compresa tra 80 m3\/h e 500 m3\/h<\/strong>. Questi depolveratori sono generalmente poco rumorosi, mobili e facili da spostare e sono generalmente in grado di aspirare una singola macchina di produzione. Questi depolveratori compatti sono dotati di un filtro a saturazione (per il modello ePUR ex 1000\/3000) o di un filtro rimovibile manualmente.  <\/p>\n\n<p>I collettori di polvere piccoli sono utilizzati per raccogliere l&#8217;aria con un contenuto di polvere medio-basso. Questi depolveratori <strong>catturano la polvere e i fumi<\/strong> delle macchine per l&#8217;incisione laser, delle stazioni di saldatura e delle piccole stazioni di pesatura. I depolveratori dotati di filtri rigenerativi sono adatti alle polveri fini e secche e sono dotati di un vassoio di ritenzione della polvere che pu\u00f2 essere dotato di un sacchetto. Questo sacchetto permette di svuotare la polvere raccolta in modo facile e pulito.     <\/p>\n\n<p><a href=\"https:\/\/obera.fr\/it\/produits\/depoussiereurs-industriels\/\" data-type=\"page\" data-id=\"31\">I depolveratori<\/a> dotati di filtri a saturazione <a href=\"https:\/\/obera.fr\/it\/produits\/depoussiereurs-industriels\/petits\/aspiration-fumees-soudage-laser-epur-b-ex\/\" data-type=\"page\" data-id=\"480\">(modello ePUR ex<\/a>) sono adatti a tutti i tipi di polvere e fumo in piccole quantit\u00e0. Il filtro stesso trattiene e immagazzina la polvere. Quando il filtro \u00e8 pieno, viene evacuato in uno speciale sacco. I filtri di tutti i nostri piccoli depolveratori sono facilmente accessibili e sostituibili. Questi depolveratori catturano la <strong>polvere di macinazione<\/strong>, la polvere di <strong>levigatura<\/strong> e la polvere proveniente dalle stazioni <strong>di dosaggio<\/strong> e di <strong>pesatura<\/strong>.    <\/p>\n\n<h2 class=\"wp-block-heading\">Scopri tutti i nostri piccoli depolveratori compatti:<\/h2>\n\n<p><\/p>\n\n<p><\/p>\n\n<div class=\"wp-block-columns is-layout-flex wp-container-core-columns-is-layout-28f84493 wp-block-columns-is-layout-flex\">\n<div class=\"wp-block-column is-layout-flow wp-block-column-is-layout-flow\">\n<h3 class=\"wp-block-heading has-text-align-center\">SERIE TK<\/h3>\n\n\n\n<figure class=\"wp-block-image aligncenter size-full is-resized\"><a href=\"https:\/\/obera.fr\/produits\/depoussiereurs-industriels\/petits\/tk-serie\/\"><img decoding=\"async\" width=\"600\" height=\"600\" src=\"https:\/\/obera.fr\/wp-content\/uploads\/2020\/11\/tk-series.jpg\" alt=\"Laboratorio - attrezzatura da laboratorio\" class=\"wp-image-1607\" style=\"width:300px;height:300px\" srcset=\"https:\/\/obera.fr\/wp-content\/uploads\/2020\/11\/tk-series.jpg 600w, https:\/\/obera.fr\/wp-content\/uploads\/2020\/11\/tk-series-300x300.jpg 300w, https:\/\/obera.fr\/wp-content\/uploads\/2020\/11\/tk-series-150x150.jpg 150w\" sizes=\"(max-width: 600px) 100vw, 600px\" \/><\/a><figcaption class=\"wp-element-caption\">Serie TK<\/figcaption><\/figure>\n\n\n\n<p>Collettori di polveri <a href=\"https:\/\/obera.fr\/it\/produits\/depoussiereurs-industriels\/petits\/tk-serie\/\" data-type=\"page\" data-id=\"1589\">della serie TK<\/a><strong> <\/strong>sono estrattori compatti progettati per estrarre piccole quantit\u00e0 di polvere per applicazioni industriali o su piccola scala e possono essere collegati direttamente alle macchine di produzione per catturare la polvere alla fonte. L&#8217;unit\u00e0 \u00e8 ideale per un uso intermittente. Queste unit\u00e0 sono efficaci per il trattamento di polveri metalliche grossolane, in particolare quelle provenienti dalla macinazione dei metalli nell&#8217;industria della gioielleria. \u00c8 molto semplice da usare e facile da spostare grazie alle sue dimensioni e al suo peso ridotto.     <\/p>\n\n\n\n<p>Il piccolo depolveratore <strong>TK 4<\/strong> ha una portata massima di 300 m3\/h e il piccolo depolveratore TK 6 ha una portata di 450 m3\/h. L&#8217;aria pulita viene scaricata direttamente nell&#8217;area di lavoro. <\/p>\n<\/div>\n\n\n\n<div class=\"wp-block-column is-layout-flow wp-block-column-is-layout-flow\">\n<h3 class=\"wp-block-heading has-text-align-center\">EPUR Ex 1000-3000-5000<\/h3>\n\n\n\n<figure class=\"wp-block-image aligncenter size-medium is-resized\"><a href=\"https:\/\/obera.fr\/produits\/depoussiereurs-industriels\/petits\/aspiration-fumees-soudage-laser-epur-b-ex\/\"><img decoding=\"async\" width=\"300\" height=\"300\" src=\"https:\/\/obera.fr\/wp-content\/uploads\/2023\/10\/epurb-ex-1000-3000-5000-300x300.png\" alt=\"oberA epur b ex 1000 3000 5000\" class=\"wp-image-25016\" style=\"width:298px;height:auto\" srcset=\"https:\/\/obera.fr\/wp-content\/uploads\/2023\/10\/epurb-ex-1000-3000-5000-300x300.png 300w, https:\/\/obera.fr\/wp-content\/uploads\/2023\/10\/epurb-ex-1000-3000-5000-150x150.png 150w, https:\/\/obera.fr\/wp-content\/uploads\/2023\/10\/epurb-ex-1000-3000-5000.png 600w\" sizes=\"(max-width: 300px) 100vw, 300px\" \/><\/a><figcaption class=\"wp-element-caption\">EPUR EX 1000-3000-5000<\/figcaption><\/figure>\n\n\n\n<p>La gamma di <a href=\"https:\/\/obera.fr\/it\/produits\/depoussiereurs-industriels\/petits\/aspiration-fumees-soudage-laser-epur-b-ex\/\" data-type=\"page\" data-id=\"480\">depolveratori EPUR Ex 1000-3000-5000<\/a><strong> <\/strong>sono unit\u00e0 di aspirazione mobili dotate di filtri a saturazione. Sono particolarmente indicate per l&#8217;aspirazione di fumi di saldatura e brasatura, polveri, vapori, solventi e gas. Questi depolveratori altamente versatili possono essere adattati praticamente a qualsiasi settore industriale, grazie ai loro tre stadi di filtrazione. Possono essere controllati tramite touch screen o da remoto, per un&#8217;eccellente facilit\u00e0 d&#8217;uso. Silenziosi e potenti, possono aspirare fino a tre piccole postazioni di lavoro o macchine di produzione.    <\/p>\n\n\n\n<p>Questi depolveratori sono adatti all&#8217;uso in zone ATEX.  <\/p>\n\n\n\n<p>Il vantaggio di queste unit\u00e0 \u00e8 che offrono un&#8217;elevata potenza di aspirazione (fino a 10.000 Pa di vuoto) e sono completamente configurabili. Infatti, dispongono di due o tre stadi di filtrazione i cui materiali filtranti possono essere completamente adattati alla finezza e alla pericolosit\u00e0 della polvere (stadi di filtrazione che vanno da G4 a HEPA 14). \u00c8 anche possibile scegliere uno stadio a carboni attivi appositamente progettato per trattare gli inquinanti gassosi. \u00c8 inoltre possibile utilizzare un motore a commutazione elettronica per variare la portata da 0 a 100%. I filtri possono essere sostituiti in modo pulito e sicuro, utilizzando un kit di sostituzione disponibile che comprende: coperchio del filtro, sacchetto ermetico monouso, maschera di protezione personale e guanti monouso.    <\/p>\n<\/div>\n<\/div>\n\n<p><\/p>\n\n<p><\/p>\n\n<div class=\"wp-block-columns is-layout-flex wp-container-core-columns-is-layout-28f84493 wp-block-columns-is-layout-flex\">\n<div class=\"wp-block-column is-layout-flow wp-block-column-is-layout-flow\">\n<h3 class=\"wp-block-heading has-text-align-center\"><strong>SRF-T<\/strong><\/h3>\n\n\n\n<div class=\"wp-block-columns is-layout-flex wp-container-core-columns-is-layout-28f84493 wp-block-columns-is-layout-flex\">\n<div class=\"wp-block-column is-layout-flow wp-block-column-is-layout-flow\">\n<figure class=\"wp-block-image aligncenter size-large is-resized\"><a href=\"https:\/\/obera.fr\/produits\/depoussiereurs-industriels\/petits\/srf-t\/\"><img decoding=\"async\" width=\"600\" height=\"600\" src=\"https:\/\/obera.fr\/wp-content\/uploads\/2020\/10\/SRF-T-SF.png\" alt=\"Fumo - Collettore di polveri\" class=\"wp-image-1310\" style=\"width:259px;height:259px\" srcset=\"https:\/\/obera.fr\/wp-content\/uploads\/2020\/10\/SRF-T-SF.png 600w, https:\/\/obera.fr\/wp-content\/uploads\/2020\/10\/SRF-T-SF-300x300.png 300w, https:\/\/obera.fr\/wp-content\/uploads\/2020\/10\/SRF-T-SF-150x150.png 150w\" sizes=\"(max-width: 600px) 100vw, 600px\" \/><\/a><figcaption class=\"wp-element-caption\">SRF-T<\/figcaption><\/figure>\n<\/div>\n<\/div>\n\n\n\n<p>L&#8217;<a href=\"https:\/\/obera.fr\/it\/produits\/depoussiereurs-industriels\/petits\/srf-t\/\">SRF T \u00e8 un dispositivo portatile<\/a> progettato per l&#8217;<strong>aspirazione dei fumi di saldatura<\/strong>. Ha un alto vuoto, quindi pu\u00f2 essere collegato direttamente alle torce di saldatura per un trattamento diretto alla fonte. <\/p>\n\n\n\n<p>Sono disponibili diversi modelli, tra cui l&#8217;<strong>SRF T-2<\/strong>, che collega un braccio di estrazione, e l&#8217;<strong>SRF T-4<\/strong>, che collega fino a due bracci.  <\/p>\n\n\n\n<p>Questo dispositivo \u00e8 particolarmente adatto ad applicazioni come cantieri navali, stazioni di saldatura di piccole parti e impianti di produzione automobilistica. Le cartucce filtranti sono pulibili e riutilizzabili. <\/p>\n<\/div>\n\n\n\n<div class=\"wp-block-column is-layout-flow wp-block-column-is-layout-flow\">\n<h3 class=\"wp-block-heading has-text-align-center\"><strong>JUMBO<\/strong><\/h3>\n\n\n\n<figure class=\"wp-block-image aligncenter size-large is-resized\"><a href=\"https:\/\/obera.fr\/produits\/depoussiereurs-industriels\/petits\/jumbo\/\"><img decoding=\"async\" width=\"500\" height=\"500\" src=\"https:\/\/obera.fr\/wp-content\/uploads\/2020\/12\/Jumbo2.png\" alt=\"Jumbo2\" class=\"wp-image-3839\" style=\"width:256px;height:auto\" srcset=\"https:\/\/obera.fr\/wp-content\/uploads\/2020\/12\/Jumbo2.png 500w, https:\/\/obera.fr\/wp-content\/uploads\/2020\/12\/Jumbo2-300x300.png 300w, https:\/\/obera.fr\/wp-content\/uploads\/2020\/12\/Jumbo2-150x150.png 150w\" sizes=\"(max-width: 500px) 100vw, 500px\" \/><\/a><figcaption class=\"wp-element-caption\"><a href=\"https:\/\/obera.fr\/it\/produits\/depoussiereurs-industriels\/petits\/jumbo\/\">JUMBO<\/a><\/figcaption><\/figure>\n\n\n\n<p><a href=\"https:\/\/obera.fr\/it\/produits\/depoussiereurs-industriels\/petits\/jumbo\/\">Jumbo <\/a>\u00e8 un depolveratore piccolo e completo che <strong>pu\u00f2 essere adattato a un&#8217;ampia gamma di applicazioni.<\/strong> Inoltre, grazie alla sua portata di 170 m3\/h e alla depressione di 2800 Pa, pu\u00f2 aspirare da 1 a 2 postazioni di lavoro.<\/p>\n\n\n\n<p>Questo piccolo depolveratore \u00e8 particolarmente indicato per l&#8217;aspirazione di <strong>polveri fini e grossolane<\/strong>, oltre che di <strong>fumi, vapori e odori<\/strong>.<\/p>\n\n\n\n<p>Occupa<strong> pochissimo<\/strong> spazio sul pavimento e consuma pochissima energia. Dotato di diversi snodi, pu\u00f2 aspirare in diverse posizioni e<strong> adattarsi a qualsiasi situazione.<\/strong> <\/p>\n<\/div>\n<\/div>\n\n<div class=\"wp-block-buttons is-horizontal is-content-justification-center is-layout-flex wp-container-core-buttons-is-layout-03627597 wp-block-buttons-is-layout-flex\">\n<div class=\"wp-block-button has-custom-width wp-block-button__width-100\"><a class=\"wp-block-button__link wp-element-button\" href=\"https:\/\/obera.fr\/it\/contattaci\/\">Saperne di pi\u00f9<\/a><\/div>\n<\/div>\n\n<hr class=\"wp-block-separator has-css-opacity\"\/>\n\n<div class=\"wp-block-group is-layout-flow wp-block-group-is-layout-flow\">\n<h2 class=\"wp-block-heading\">Altre gamme di depolveratori industriali oberA<\/h2>\n\n\n\n<div class=\"wp-block-buttons is-content-justification-center is-layout-flex wp-container-core-buttons-is-layout-a89b3969 wp-block-buttons-is-layout-flex\">\n<div class=\"wp-block-button\"><a class=\"wp-block-button__link wp-element-button\" href=\"https:\/\/obera.fr\/produits\/depoussiereurs-industriels\/mobiles\/\">collettori di polveri mobili  <\/a><\/div>\n\n\n\n<div class=\"wp-block-button\"><a class=\"wp-block-button__link wp-element-button\" href=\"https:\/\/obera.fr\/produits\/depoussiereurs-industriels\/fixes\/\"> <strong>Collettori di polvere<\/strong>fissi<\/a><\/div>\n<\/div>\n<\/div>\n\n<p><\/p>\n","protected":false},"excerpt":{"rendered":"<p>Che cos&#8217;\u00e8 un piccolo depolveratore industriale? Un piccolo depolveratore \u00e8 generalmente una piccola unit\u00e0 di trattamento dell&#8217;aria con una capacit\u00e0 di aspirazione compresa tra 80 m3\/h e 500 m3\/h. Questi depolveratori sono generalmente poco rumorosi, mobili e facili da spostare e sono generalmente in grado di aspirare una singola macchina di produzione. Questi depolveratori compatti sono dotati di un filtro a saturazione (per il modello ePUR ex 1000\/3000) o di un filtro rimovibile manualmente. I collettori di polvere piccoli sono utilizzati per raccogliere l&#8217;aria con un contenuto di polvere medio-basso. Questi depolveratori catturano la polvere e i fumi delle macchine &#8230; <\/p>\n<p class=\"read-more-container\"><a title=\"Piccoli depolveratori industriali\" class=\"read-more button\" href=\"https:\/\/obera.fr\/it\/produits\/depoussiereurs-industriels\/petits\/#more-48187\" aria-label=\"Per saperne di pi\u00f9 su Piccoli depolveratori industriali\">Lire la suite<\/a><\/p>\n","protected":false},"author":4,"featured_media":103621,"parent":45630,"menu_order":0,"comment_status":"closed","ping_status":"closed","template":"","meta":{"_acf_changed":false,"_seopress_robots_primary_cat":"","_seopress_titles_title":"Piccoli depolveratori EPUR B Ex, SRF-T Filtri a manica e ePURBOX","_seopress_titles_desc":"I piccoli depolveratori sono unit\u00e0 di trattamento dell'aria di dimensioni ridotte. Questi depolveratori industriali sono silenziosi, mobili e facili da spostare. ","_seopress_robots_index":"","footnotes":""},"class_list":{"0":"post-48187","1":"page","2":"type-page","3":"status-publish","4":"has-post-thumbnail","6":"no-featured-image-padding","7":"resize-featured-image"},"acf":[],"_links":{"self":[{"href":"https:\/\/obera.fr\/it\/wp-json\/wp\/v2\/pages\/48187","targetHints":{"allow":["GET"]}}],"collection":[{"href":"https:\/\/obera.fr\/it\/wp-json\/wp\/v2\/pages"}],"about":[{"href":"https:\/\/obera.fr\/it\/wp-json\/wp\/v2\/types\/page"}],"author":[{"embeddable":true,"href":"https:\/\/obera.fr\/it\/wp-json\/wp\/v2\/users\/4"}],"replies":[{"embeddable":true,"href":"https:\/\/obera.fr\/it\/wp-json\/wp\/v2\/comments?post=48187"}],"version-history":[{"count":9,"href":"https:\/\/obera.fr\/it\/wp-json\/wp\/v2\/pages\/48187\/revisions"}],"predecessor-version":[{"id":127550,"href":"https:\/\/obera.fr\/it\/wp-json\/wp\/v2\/pages\/48187\/revisions\/127550"}],"up":[{"embeddable":true,"href":"https:\/\/obera.fr\/it\/wp-json\/wp\/v2\/pages\/45630"}],"wp:featuredmedia":[{"embeddable":true,"href":"https:\/\/obera.fr\/it\/wp-json\/wp\/v2\/media\/103621"}],"wp:attachment":[{"href":"https:\/\/obera.fr\/it\/wp-json\/wp\/v2\/media?parent=48187"}],"curies":[{"name":"wp","href":"https:\/\/api.w.org\/{rel}","templated":true}]}}