{"id":48218,"date":"2020-08-26T12:54:02","date_gmt":"2020-08-26T10:54:02","guid":{"rendered":"https:\/\/obera.fr\/i-nostri-prodotti\/collettori-di-polvere-industriali\/piccoli-depolveratori-industriali\/aspirazione-di-fumi-di-saldatura-e-laser-epur-b-ex\/"},"modified":"2025-08-28T10:52:31","modified_gmt":"2025-08-28T08:52:31","slug":"aspiration-fumees-soudage-laser-epur-b-ex","status":"publish","type":"page","link":"https:\/\/obera.fr\/it\/produits\/depoussiereurs-industriels\/petits\/aspiration-fumees-soudage-laser-epur-b-ex\/","title":{"rendered":"Aspirazione di fumi di saldatura e laser ePUR Ex"},"content":{"rendered":"\n<p><strong>EPUR Ex<\/strong> \u00e8 una gamma di 3 sistemi di<a href=\"https:\/\/obera.fr\/it\/produits\/depoussiereurs-industriels\/petits\/\" data-type=\"page\" data-id=\"393\">aspirazione mobili<\/a> certificati ATEX.<\/p>\n\n\n<h2 class=\"wp-block-heading\">Come funziona l&#8217;aspirazione dei fumi di saldatura\/laser?<\/h2>\n\n<div class=\"wp-block-columns is-layout-flex wp-container-core-columns-is-layout-28f84493 wp-block-columns-is-layout-flex\">\n<div class=\"wp-block-column is-layout-flow wp-block-column-is-layout-flow\" style=\"flex-basis:33.33%\">\n<figure class=\"wp-block-image aligncenter size-full\"><img decoding=\"async\" width=\"600\" height=\"600\" src=\"https:\/\/obera.fr\/wp-content\/uploads\/2023\/10\/epurb-ex-1000-3000-5000.png\" alt=\"epurb ex 1000 3000 5000\" class=\"wp-image-25016\" srcset=\"https:\/\/obera.fr\/wp-content\/uploads\/2023\/10\/epurb-ex-1000-3000-5000.png 600w, https:\/\/obera.fr\/wp-content\/uploads\/2023\/10\/epurb-ex-1000-3000-5000-300x300.png 300w, https:\/\/obera.fr\/wp-content\/uploads\/2023\/10\/epurb-ex-1000-3000-5000-150x150.png 150w\" sizes=\"(max-width: 600px) 100vw, 600px\" \/><\/figure>\n<\/div>\n\n\n\n<div class=\"wp-block-column is-layout-flow wp-block-column-is-layout-flow\" style=\"flex-basis:66.66%\">\n<p>Il funzionamento \u00e8 semplice: <strong>l&#8217;aria inquinata viene aspirata direttamente tramite un tubo flessibile di aspirazione collegato alla macchina<\/strong>, un braccio di aspirazione, una cappa di aspirazione o direttamente su una macchina di produzione tramite una rete di condotti.<\/p>\n\n\n\n<p>L&#8217;<strong>aria inquinata<\/strong> viene catturata e trattata dai vari stadi di filtrazione.<\/p>\n\n\n\n<p>L&#8217;<strong>aria purificata<\/strong> viene poi scaricata dalla parte inferiore dell&#8217;unit\u00e0, direttamente nell&#8217;area di lavoro o all&#8217;esterno, tramite una rete di condotti di scarico.<\/p>\n\n\n\n<div style=\"height:15px\" aria-hidden=\"true\" class=\"wp-block-spacer\"><\/div>\n\n\n\n<div class=\"wp-block-columns is-layout-flex wp-container-core-columns-is-layout-28f84493 wp-block-columns-is-layout-flex\">\n<div class=\"wp-block-column is-layout-flow wp-block-column-is-layout-flow\" style=\"flex-basis:33.34%\">\n<div class=\"wp-block-buttons is-content-justification-center is-layout-flex wp-container-core-buttons-is-layout-a89b3969 wp-block-buttons-is-layout-flex\">\n<div class=\"wp-block-button\"><a class=\"wp-block-button__link wp-element-button\" href=\"https:\/\/obera.fr\/wp-content\/uploads\/2025\/04\/brochure-epur-ex-fr.pdf\">Scarica la brochure<\/a><\/div>\n<\/div>\n<\/div>\n\n\n\n<div class=\"wp-block-column is-layout-flow wp-block-column-is-layout-flow\" style=\"flex-basis:33.34%\">\n<div class=\"wp-block-buttons is-horizontal is-content-justification-center is-layout-flex wp-container-core-buttons-is-layout-03627597 wp-block-buttons-is-layout-flex\">\n<div class=\"wp-block-button has-custom-width wp-block-button__width-100\"><a class=\"wp-block-button__link wp-element-button\" href=\"https:\/\/obera.fr\/it\/contattaci\/\">Saperne di pi\u00f9<\/a><\/div>\n<\/div>\n<\/div>\n\n\n\n<div class=\"wp-block-column is-layout-flow wp-block-column-is-layout-flow\" style=\"flex-basis:33.33%\">\n<div class=\"wp-block-buttons is-content-justification-center is-layout-flex wp-container-core-buttons-is-layout-a89b3969 wp-block-buttons-is-layout-flex\">\n<div class=\"wp-block-button btn-devis-source\"><a class=\"wp-block-button__link wp-element-button\" href=\"https:\/\/obera.fr\/it\/devis\/\">Richiedi un preventivo<\/a><\/div>\n<\/div>\n\n\n<script>\r\ndocument.addEventListener('DOMContentLoaded', function() {\r\n    \/\/ 1. On cherche le titre H1 de la page\r\n    var h1 = document.querySelector('h1');\r\n    var productTitle = h1 ? h1.innerText.trim() : \"\";\r\n\r\n    \/\/ 2. On cherche les boutons via la classe CSS .btn-devis-source\r\n    var buttons = document.querySelectorAll('.btn-devis-source a');\r\n\r\n    \/\/ 3. Si on a le titre et les boutons, on ajoute le param\u00e8tre\r\n    if (buttons.length > 0 && productTitle !== \"\") {\r\n        var encodedTitle = encodeURIComponent(productTitle);\r\n\r\n        buttons.forEach(function(btn) {\r\n            var currentHref = btn.getAttribute('href');\r\n            \r\n            \/\/ S\u00e9curit\u00e9 pour ne pas ajouter le param\u00e8tre 2 fois\r\n            if (currentHref.indexOf('sujet=') === -1) {\r\n                var separator = currentHref.indexOf('?') !== -1 ? '&' : '?';\r\n                var newLink = currentHref + separator + 'sujet=' + encodedTitle;\r\n                \r\n                btn.setAttribute('href', newLink);\r\n            }\r\n        });\r\n    }\r\n});\r\n<\/script><\/div>\n<\/div>\n<\/div>\n<\/div>\n\n<h2 class=\"wp-block-heading\">A cosa servono?<\/h2>\n\n<p>Queste unit\u00e0 di aspirazione sono state progettate per <strong>estrarre fumi di saldatura<\/strong> e <strong>brasatura<\/strong>, <strong>polveri<\/strong>, <strong>vapori<\/strong>, <strong>solventi<\/strong>, <strong>gas<\/strong>, <strong>odori<\/strong> e tutti i tipi di <strong>inquinanti gassosi<\/strong>. Le unit\u00e0 sono su ruote e possono essere utilizzate per aspirare da <a href=\"https:\/\/obera.fr\/it\/produits\/depoussiereurs-industriels\/fixes\/\">postazioni di lavoro fisse<\/a> o mobili (fino a 3 postazioni di lavoro o macchine di produzione).  Compatti e poco ingombranti, sono adatti a tutti i tipi di industria. <a href=\"https:\/\/obera.fr\/it\/produits\/atex\/\" data-type=\"page\" data-id=\"372\">Certificati ATEX<\/a>, sono progettati per essere utilizzati in zone ATEX22.<\/p>\n\n<p>La <strong>gamma EPUR Ex<\/strong> \u00e8 dotata di filtri a saturazione (da sostituire quando sono saturi), il che significa che il carico di polvere o fumo \u00e8 relativamente basso. Per carichi inquinanti pi\u00f9 elevati e per grandi quantit\u00e0 di polvere, \u00e8 necessario scegliere dei filtri rigenerabili (non intasabili) come quelli delle gamme <a href=\"https:\/\/obera.fr\/it\/produits\/depoussiereurs-industriels\/mobiles\/extracteur-poussiere-dustomat-4\/\" data-type=\"page\" data-id=\"440\">DUSTOMAT<\/a> o <a href=\"https:\/\/obera.fr\/it\/produits\/depoussiereurs-industriels\/fixes\/aspiration-centralisee-industrielle-dustmac\/\" data-type=\"page\" data-id=\"467\">DUSTMAC<\/a>&#8230;.. <\/p>\n\n<div class=\"wp-block-columns is-layout-flex wp-container-core-columns-is-layout-28f84493 wp-block-columns-is-layout-flex\">\n<div class=\"wp-block-column is-layout-flow wp-block-column-is-layout-flow\">\n<h3 class=\"wp-block-heading has-text-align-center\">Inquinanti<\/h3>\n\n\n\n<hr class=\"wp-block-separator has-css-opacity is-style-wide\"\/>\n\n\n\n<div class=\"wp-block-columns is-layout-flex wp-container-core-columns-is-layout-28f84493 wp-block-columns-is-layout-flex\">\n<div class=\"wp-block-column is-layout-flow wp-block-column-is-layout-flow\">\n<figure class=\"wp-block-image aligncenter size-large\"><img decoding=\"async\" width=\"70\" height=\"70\" src=\"https:\/\/obera.fr\/wp-content\/uploads\/2020\/08\/industrie-chimie.jpg\" alt=\"Industria chimica\" class=\"wp-image-725\"\/><figcaption class=\"wp-element-caption\">Polvere chimica<\/figcaption><\/figure>\n\n\n\n<figure class=\"wp-block-image aligncenter size-large\"><img decoding=\"async\" width=\"70\" height=\"70\" src=\"https:\/\/obera.fr\/wp-content\/uploads\/2020\/08\/industrie-odeur.jpg\" alt=\"Odore dell'industria\" class=\"wp-image-723\"\/><figcaption class=\"wp-element-caption\">Odori<\/figcaption><\/figure>\n<\/div>\n\n\n\n<div class=\"wp-block-column is-layout-flow wp-block-column-is-layout-flow\">\n<figure class=\"wp-block-image aligncenter size-large\"><img decoding=\"async\" width=\"70\" height=\"70\" src=\"https:\/\/obera.fr\/wp-content\/uploads\/2020\/08\/industrie-fumees.jpg\" alt=\"Industria del fumo\" class=\"wp-image-722\"\/><figcaption class=\"wp-element-caption\">Fumi<\/figcaption><\/figure>\n\n\n\n<figure class=\"wp-block-image aligncenter size-large\"><img decoding=\"async\" width=\"70\" height=\"70\" src=\"https:\/\/obera.fr\/wp-content\/uploads\/2020\/09\/cov.png\" alt=\"Cov\" class=\"wp-image-959\"\/><figcaption class=\"wp-element-caption\">VOCS<\/figcaption><\/figure>\n<\/div>\n<\/div>\n<\/div>\n\n\n\n<div class=\"wp-block-column is-layout-flow wp-block-column-is-layout-flow\">\n<h3 class=\"wp-block-heading has-text-align-center\">Industrie<\/h3>\n\n\n\n<hr class=\"wp-block-separator has-css-opacity is-style-wide\"\/>\n\n\n\n<p class=\"has-text-align-center\">Adatto a tutti i tipi di industria<\/p>\n<\/div>\n<\/div>\n\n<h2 class=\"wp-block-heading\">Quali sono le caratteristiche di ePUR Ex?<\/h2>\n\n<p>Gli <strong>ePUR Ex 1000, 3000 e 5000<\/strong> possono <strong>contenere fino a 3 stadi di filtrazione ad alte prestazioni<\/strong>. Sono possibili diverse configurazioni: 2 stadi con un filtro HEPA 13\/14 e 6 kg di carbone attivo. Oppure a 3 stadi con un primo filtro configurabile in base alle tue esigenze, seguito da un altro filtro per met\u00e0 HEPA 13\/14 e per met\u00e0 a carbone attivo (3 kg).  <\/p>\n\n<p>Nell&#8217;<strong>ePUR Ex 3000<\/strong>, l&#8217;unit\u00e0 media della gamma, troverai un primo filtro che pu\u00f2 essere completamente configurato in base alle tue esigenze. Il secondo filtro \u00e8 un HEPA 13\/14 con una superficie filtrante di 5,6m\u00b2. Infine, il terzo filtro \u00e8 una cassetta a carboni attivi del peso di 6 kg. La sua portata massima \u00e8 di <strong>260 m3\/h <\/strong>(sotto carico). Pesa 65 kg ed \u00e8 alto 99 cm (peso senza filtro).    <\/p>\n\n<p>Il modello<strong>ePUR Ex 5000<\/strong> si distingue per la sua potenza di aspirazione, con una <strong>portata elevata di 2800 m3\/h<\/strong>. I suoi filtri sono personalizzabili come quelli dei due modelli precedenti. Di serie, la macchina \u00e8 dotata di un pre-filtro E10 con una superficie filtrante di 19 m\u00b2 e di un filtro HEPA H14 con una superficie filtrante di 20 m\u00b2.  <\/p>\n\n<p>Il modello ePUR Ex 1000 pesa 58 kg per un&#8217;altezza di 63 cm e il modello ePUR Ex 5000 pesa 240 kg per un&#8217;altezza di 159 cm (peso con filtro).<\/p>\n\n<p>Il loro livello di rumore durante il funzionamento \u00e8 relativamente basso (62db). I materiali in acciaio inossidabile li rendono robusti e affidabili. Sono inoltre dotati di uno schermo di controllo per una facile configurazione.<\/p>\n\n<figure class=\"wp-block-table\"><table class=\"has-fixed-layout\"><thead><tr><th>Dispositivo<\/th><th><\/th><th>ePUR Ex 1000<\/th><th>ePUR Ex 3000<\/th><th>ePUR Ex 5000<\/th><\/tr><\/thead><tbody><tr><td>Flusso<\/td><td>m3\/h<\/td><td>350<\/td><td>460<\/td><td>2.800<\/td><\/tr><tr><td>Diametro di ingresso<\/td><td>mm<\/td><td>50<\/td><td>50<\/td><td>150<\/td><\/tr><tr><td>pressione negativa massima<\/td><td>Pa<\/td><td>10 000<\/td><td>10 000<\/td><td>6000<\/td><\/tr><tr><td>Tensione di alimentazione<\/td><td>V<\/td><td>230 (o 110)<\/td><td>230 (o 110)<\/td><td>400<\/td><\/tr><tr><td>Potenza<\/td><td>kW<\/td><td>1.1<\/td><td>1.1<\/td><td>2.4<\/td><\/tr><tr><td>Superficie filtrante 1\u00b0 piano<\/td><td>m\u00b2<\/td><td>2.2<\/td><td>2.5<\/td><td>19<\/td><\/tr><tr><td>Superficie filtrante 2\u00b0 piano<\/td><td>m\u00b2<\/td><td>2.8<\/td><td>5.6<\/td><td>20<\/td><\/tr><tr><td>Quantit\u00e0 di carbone attivo 3\u00b0 stadio<\/td><td>kg<\/td><td>3<\/td><td>5.8<\/td><td>X<\/td><\/tr><tr><td>Dimensioni<\/td><td>l\/L\/h (mm)<\/td><td>436 x 527 x 638<\/td><td>430 x 400 x 996 mm<\/td><td>780 x 970 x 1590<\/td><\/tr><tr><td>Peso (senza filtri)<\/td><td>kg<\/td><td>58<\/td><td>65<\/td><td>240<\/td><\/tr><tr><td>Livello di rumore<\/td><td>dB(A)<\/td><td>62<\/td><td>62<\/td><td>75<\/td><\/tr><\/tbody><\/table><\/figure>\n\n<h2 class=\"wp-block-heading\">Quali sono i vantaggi delle nostre apparecchiature elettroniche per l&#8217;aspirazione dei fumi di saldatura?<\/h2>\n\n<p><\/p>\n\n<div class=\"wp-block-columns is-layout-flex wp-container-core-columns-is-layout-28f84493 wp-block-columns-is-layout-flex\">\n<div class=\"wp-block-column is-layout-flow wp-block-column-is-layout-flow\" style=\"flex-basis:25%\"><\/div>\n\n\n\n<div class=\"wp-block-column is-layout-flow wp-block-column-is-layout-flow\" style=\"flex-basis:50%\">\n<figure class=\"wp-block-embed is-type-video is-provider-youtube wp-block-embed-youtube wp-embed-aspect-16-9 wp-has-aspect-ratio\"><div class=\"wp-block-embed__wrapper\">\n<iframe title=\"TRAITEMENT COV, ODEURS, POUSSI\u00c8RES ET POLLUANTS GAZEUX - ePUR EX1000 - Obera\" width=\"1200\" height=\"675\" src=\"https:\/\/www.youtube.com\/embed\/05A45bNzFEY?feature=oembed\" frameborder=\"0\" allow=\"accelerometer; autoplay; clipboard-write; encrypted-media; gyroscope; picture-in-picture; web-share\" referrerpolicy=\"strict-origin-when-cross-origin\" allowfullscreen><\/iframe>\n<\/div><\/figure>\n\n\n\n<p><\/p>\n<\/div>\n\n\n\n<div class=\"wp-block-column is-layout-flow wp-block-column-is-layout-flow\" style=\"flex-basis:25%\"><\/div>\n<\/div>\n\n<p>I vantaggi sono molteplici, ma in primo luogo la <strong>protezione dei dipendenti<\/strong> dalle numerose malattie respiratorie e cutanee di cui possono soffrire. Un altro vantaggio \u00e8 la protezione degli strumenti di produzione, che si traduce in una riduzione dei guasti e in una maggiore durata degli utensili. Le diverse configurazioni di filtri disponibili consentono di adattarsi completamente al problema in questione.    <\/p>\n\n<blockquote class=\"wp-block-quote is-layout-flow wp-block-quote-is-layout-flow\">\n<p>Grazie al basso rumore di funzionamento, pu\u00f2 essere installato direttamente nell&#8217;area di lavoro.  <\/p>\n<\/blockquote>\n\n<p>Gli apparecchi sono stati progettati utilizzando materiali robusti come l&#8217;acciaio inossidabile, per renderli pi\u00f9 resistenti. I filtri possono essere sostituiti in modo semplice e veloce. Le <strong>ventole EC a commutazione elettronica<\/strong> sono utilizzate per ottimizzare l&#8217;efficienza e per una regolazione infinita. Il pannello di controllo offre inoltre un&#8217;ampia gamma di impostazioni, tra cui il controllo remoto e la visualizzazione dello stato dell&#8217;apparecchio (filtro intasato, forato, ecc.) per una facilit\u00e0 d&#8217;uso ottimale. Per legge, i nostri dispositivi ti permettono di rispettare i limiti di esposizione professionale (OEL).    <\/p>\n\n<div class=\"wp-block-columns is-layout-flex wp-container-core-columns-is-layout-28f84493 wp-block-columns-is-layout-flex\">\n<div class=\"wp-block-column is-layout-flow wp-block-column-is-layout-flow\">\n<h3 class=\"wp-block-heading has-text-align-center\">Vantaggi<\/h3>\n\n\n\n<ul class=\"wp-block-list\">\n<li>3 stadi di filtrazione ad alte prestazioni<\/li>\n\n\n\n<li>Silenziatore<\/li>\n\n\n\n<li>Sostituzione rapida e semplice degli stadi di filtrazione<\/li>\n\n\n\n<li>Mobile e salvaspazio<\/li>\n\n\n\n<li>Pu\u00f2 essere utilizzato per aspirare fino a 3 postazioni di lavoro o macchine di produzione<\/li>\n<\/ul>\n<\/div>\n\n\n\n<div class=\"wp-block-column is-layout-flow wp-block-column-is-layout-flow\">\n<h3 class=\"wp-block-heading has-text-align-center\">Caratteristiche speciali<\/h3>\n\n\n\n<ul class=\"wp-block-list\">\n<li>Certificazione ATEX<\/li>\n\n\n\n<li>Ventola EC a commutazione elettronica per un&#8217;efficienza ottimizzata e una regolazione infinita<\/li>\n\n\n\n<li>Configurabile con un&#8217;ampia gamma di accessori<\/li>\n<\/ul>\n<\/div>\n\n\n\n<div class=\"wp-block-column is-layout-flow wp-block-column-is-layout-flow\">\n<h3 class=\"wp-block-heading has-text-align-center\">Caratteristiche<\/h3>\n\n\n\n<ul class=\"wp-block-list\">\n<li>Migliora sensibilmente la qualit\u00e0 dell&#8217;aria eliminando odori, VOC e altri inquinanti gassosi.<\/li>\n<\/ul>\n<\/div>\n<\/div>\n\n<h2 class=\"wp-block-heading\">Come scegliere il giusto sistema di raccolta della polvere?<\/h2>\n\n<p>\u00c8 fondamentale scegliere il giusto depolveratore per evitare un&#8217;usura prematura che potrebbe portare a un malfunzionamento.<\/p>\n\n<p>La gamma ePUR Ex \u00e8 <strong>potente<\/strong>, <strong>semplice<\/strong>, <strong>compatta<\/strong> e dotata di filtri di saturazione. Puoi scegliere liberamente e con criterio la combinazione di stadi di filtrazione per ottimizzare la durata dei supporti. Assicurati per\u00f2 che i filtri antiparticolato a saturazione siano adatti alle quantit\u00e0 di polvere e fumi che vuoi estrarre. Altre unit\u00e0 sono disponibili con filtri rigenerativi.   <\/p>\n\n<p>Se ti occupi tu stesso della ricerca, assicurati di informarti sulla capacit\u00e0 di filtraggio dell&#8217;unit\u00e0, che dipende dall&#8217;inquinante, dalle dimensioni delle particelle, dallo stato (solido o gassoso) e dalla concentrazione. Questa ricerca ti permetter\u00e0 di selezionare il tipo di filtro ideale per il tuo depolveratore. In secondo luogo, scopri la potenza dell&#8217;unit\u00e0, ovvero la sua portata. Anche in questo caso, la portata dell&#8217;apparecchio dipender\u00e0 dalla quantit\u00e0 di inquinanti, ma anche dalla superficie dell&#8217;ambiente da trattare. Pi\u00f9 grande \u00e8 lo spazio, maggiore sar\u00e0 la portata richiesta.    <\/p>\n\n<p>Il passo successivo \u00e8 decidere con quale accessorio equipaggiare la macchina: un condotto collegato alla macchina di produzione o un<a href=\"https:\/\/obera.fr\/it\/produits\/bras-dispositifs-captation\/capot-industriel\/\"> braccio di aspirazione<\/a> per una postazione di lavoro.<\/p>\n\n<hr class=\"wp-block-separator has-css-opacity is-style-dots\"\/>\n\n<div class=\"wp-block-buttons is-horizontal is-content-justification-center is-layout-flex wp-container-core-buttons-is-layout-03627597 wp-block-buttons-is-layout-flex\">\n<div class=\"wp-block-button has-custom-width wp-block-button__width-100\"><a class=\"wp-block-button__link wp-element-button\" href=\"https:\/\/obera.fr\/it\/contattaci\/\">Saperne di pi\u00f9<\/a><\/div>\n<\/div>\n\n<h2 class=\"wp-block-heading\">Altri piccoli depolveratori del marchio OberA<\/h2>\n\n<div class=\"wp-block-columns is-layout-flex wp-container-core-columns-is-layout-28f84493 wp-block-columns-is-layout-flex\">\n<div class=\"wp-block-column is-layout-flow wp-block-column-is-layout-flow\">\n<figure class=\"wp-block-image aligncenter size-medium\"><a href=\"https:\/\/obera.fr\/produits\/depoussiereurs-industriels\/petits\/jumbo\/\"><img decoding=\"async\" width=\"300\" height=\"300\" src=\"https:\/\/obera.fr\/wp-content\/uploads\/2020\/10\/jumbo-300x300.png\" alt=\"Jumbo\" class=\"wp-image-1171\" srcset=\"https:\/\/obera.fr\/wp-content\/uploads\/2020\/10\/jumbo-300x300.png 300w, https:\/\/obera.fr\/wp-content\/uploads\/2020\/10\/jumbo-150x150.png 150w, https:\/\/obera.fr\/wp-content\/uploads\/2020\/10\/jumbo.png 500w\" sizes=\"(max-width: 300px) 100vw, 300px\" \/><\/a><figcaption class=\"wp-element-caption\">Jumbo<\/figcaption><\/figure>\n<\/div>\n\n\n\n<div class=\"wp-block-column is-layout-flow wp-block-column-is-layout-flow\">\n<figure class=\"wp-block-image aligncenter size-medium\"><a href=\"https:\/\/obera.fr\/produits\/depoussiereurs-industriels\/petits\/tk-serie\/\"><img decoding=\"async\" width=\"300\" height=\"300\" src=\"https:\/\/obera.fr\/wp-content\/uploads\/2020\/11\/tk-series-300x300.jpg\" alt=\"Serie TK\" class=\"wp-image-1607\" srcset=\"https:\/\/obera.fr\/wp-content\/uploads\/2020\/11\/tk-series-300x300.jpg 300w, https:\/\/obera.fr\/wp-content\/uploads\/2020\/11\/tk-series-150x150.jpg 150w, https:\/\/obera.fr\/wp-content\/uploads\/2020\/11\/tk-series.jpg 600w\" sizes=\"(max-width: 300px) 100vw, 300px\" \/><\/a><figcaption class=\"wp-element-caption\">Serie TK<\/figcaption><\/figure>\n<\/div>\n\n\n\n<div class=\"wp-block-column is-layout-flow wp-block-column-is-layout-flow\">\n<figure class=\"wp-block-image aligncenter size-medium\"><a href=\"https:\/\/obera.fr\/produits\/depoussiereurs-industriels\/petits\/srf-t\/\"><img decoding=\"async\" width=\"300\" height=\"300\" src=\"https:\/\/obera.fr\/wp-content\/uploads\/2020\/10\/SRF-T-SF-300x300.png\" alt=\"Srf T Sf\" class=\"wp-image-1310\" srcset=\"https:\/\/obera.fr\/wp-content\/uploads\/2020\/10\/SRF-T-SF-300x300.png 300w, https:\/\/obera.fr\/wp-content\/uploads\/2020\/10\/SRF-T-SF-150x150.png 150w, https:\/\/obera.fr\/wp-content\/uploads\/2020\/10\/SRF-T-SF.png 600w\" sizes=\"(max-width: 300px) 100vw, 300px\" \/><\/a><figcaption class=\"wp-element-caption\">SRF-T<\/figcaption><\/figure>\n<\/div>\n<\/div>\n","protected":false},"excerpt":{"rendered":"<p>EPUR Ex \u00e8 una gamma di 3 sistemi diaspirazione mobili certificati ATEX. Come funziona l&#8217;aspirazione dei fumi di saldatura\/laser? Il funzionamento \u00e8 semplice: l&#8217;aria inquinata viene aspirata direttamente tramite un tubo flessibile di aspirazione collegato alla macchina, un braccio di aspirazione, una cappa di aspirazione o direttamente su una macchina di produzione tramite una rete di condotti. L&#8217;aria inquinata viene catturata e trattata dai vari stadi di filtrazione. L&#8217;aria purificata viene poi scaricata dalla parte inferiore dell&#8217;unit\u00e0, direttamente nell&#8217;area di lavoro o all&#8217;esterno, tramite una rete di condotti di scarico. A cosa servono? Queste unit\u00e0 di aspirazione sono state progettate &#8230; <\/p>\n<p class=\"read-more-container\"><a title=\"Aspirazione di fumi di saldatura e laser ePUR Ex\" class=\"read-more button\" href=\"https:\/\/obera.fr\/it\/produits\/depoussiereurs-industriels\/petits\/aspiration-fumees-soudage-laser-epur-b-ex\/#more-48218\" aria-label=\"Per saperne di pi\u00f9 su Aspirazione di fumi di saldatura e laser ePUR Ex\">Lire la suite<\/a><\/p>\n","protected":false},"author":4,"featured_media":83742,"parent":48187,"menu_order":0,"comment_status":"closed","ping_status":"closed","template":"","meta":{"_acf_changed":false,"_seopress_robots_primary_cat":"","_seopress_titles_title":"Aspirazione di fumi di saldatura e laser ePUR Ex oberA","_seopress_titles_desc":"ePUR Ex 1000 \/ 3000 \/ 5000 \u00e8 una gamma di 3 sistemi di aspirazione mobili certificati ATEX. oberUn piccolo depolveratore","_seopress_robots_index":"","footnotes":""},"class_list":{"0":"post-48218","1":"page","2":"type-page","3":"status-publish","4":"has-post-thumbnail","6":"no-featured-image-padding","7":"resize-featured-image"},"acf":[],"_links":{"self":[{"href":"https:\/\/obera.fr\/it\/wp-json\/wp\/v2\/pages\/48218","targetHints":{"allow":["GET"]}}],"collection":[{"href":"https:\/\/obera.fr\/it\/wp-json\/wp\/v2\/pages"}],"about":[{"href":"https:\/\/obera.fr\/it\/wp-json\/wp\/v2\/types\/page"}],"author":[{"embeddable":true,"href":"https:\/\/obera.fr\/it\/wp-json\/wp\/v2\/users\/4"}],"replies":[{"embeddable":true,"href":"https:\/\/obera.fr\/it\/wp-json\/wp\/v2\/comments?post=48218"}],"version-history":[{"count":10,"href":"https:\/\/obera.fr\/it\/wp-json\/wp\/v2\/pages\/48218\/revisions"}],"predecessor-version":[{"id":127256,"href":"https:\/\/obera.fr\/it\/wp-json\/wp\/v2\/pages\/48218\/revisions\/127256"}],"up":[{"embeddable":true,"href":"https:\/\/obera.fr\/it\/wp-json\/wp\/v2\/pages\/48187"}],"wp:featuredmedia":[{"embeddable":true,"href":"https:\/\/obera.fr\/it\/wp-json\/wp\/v2\/media\/83742"}],"wp:attachment":[{"href":"https:\/\/obera.fr\/it\/wp-json\/wp\/v2\/media?parent=48218"}],"curies":[{"name":"wp","href":"https:\/\/api.w.org\/{rel}","templated":true}]}}