{"id":48272,"date":"2020-08-26T12:44:36","date_gmt":"2020-08-26T10:44:36","guid":{"rendered":"https:\/\/obera.fr\/i-nostri-prodotti\/collettori-di-polvere-industriali\/piccoli-depolveratori-industriali\/srf-t\/"},"modified":"2025-06-27T15:53:37","modified_gmt":"2025-06-27T13:53:37","slug":"srf-t","status":"publish","type":"page","link":"https:\/\/obera.fr\/it\/produits\/depoussiereurs-industriels\/petits\/srf-t\/","title":{"rendered":"SRF-T"},"content":{"rendered":"\n<h2 class=\"wp-block-heading\">Estrattore di fumi di saldatura portatile<\/h2>\n\n<div class=\"wp-block-columns is-layout-flex wp-container-core-columns-is-layout-28f84493 wp-block-columns-is-layout-flex\">\n<div class=\"wp-block-column is-layout-flow wp-block-column-is-layout-flow\" style=\"flex-basis:33.33%\">\n<figure class=\"wp-block-image aligncenter size-medium\"><img decoding=\"async\" width=\"300\" height=\"300\" src=\"https:\/\/obera.fr\/wp-content\/uploads\/2020\/10\/SRF-T-SF-300x300.png\" alt=\"Srf T Sf\" class=\"wp-image-1310\" srcset=\"https:\/\/obera.fr\/wp-content\/uploads\/2020\/10\/SRF-T-SF-300x300.png 300w, https:\/\/obera.fr\/wp-content\/uploads\/2020\/10\/SRF-T-SF-150x150.png 150w, https:\/\/obera.fr\/wp-content\/uploads\/2020\/10\/SRF-T-SF.png 600w\" sizes=\"(max-width: 300px) 100vw, 300px\" \/><figcaption class=\"wp-element-caption\">SRF-T<\/figcaption><\/figure>\n<\/div>\n\n\n\n<div class=\"wp-block-column is-layout-flow wp-block-column-is-layout-flow\" style=\"flex-basis:66.66%\">\n<p>L&#8217;<strong>aspiratore di fumi di saldatura<\/strong> portatile SRF T \u00e8 un <a href=\"https:\/\/obera.fr\/it\/produits\/depoussiereurs-industriels\/petits\/\" data-type=\"page\" data-id=\"393\">collettore di polveri compatto<\/a>.<\/p>\n\n\n\n<p>Ha un vuoto elevato, il che significa che pu\u00f2 essere collegato direttamente alle torce di saldatura e permette di aspirare direttamente dalla fonte. Le cartucce filtranti sono facili da pulire, riducendo notevolmente i costi di manutenzione. Pu\u00f2 essere collegato anche a bracci di aspirazione.  <\/p>\n\n\n\n<p>Il modello SRF T2 pu\u00f2 aspirare un braccio, mentre il modello SRF T4 pu\u00f2 avere fino a due braccia.<\/p>\n\n\n\n<p>\u00c8 particolarmente adatto ai cantieri navali, alle stazioni di saldatura di piccole parti e agli impianti di produzione automobilistica. Puoi anche optare per un <a href=\"https:\/\/obera.fr\/it\/produits\/depoussiereurs-industriels\/mobiles\/srf-k\/\">aspiratore di fumi di saldatura<\/a> per le tue postazioni di lavoro. <\/p>\n\n\n\n<div class=\"wp-block-columns is-layout-flex wp-container-core-columns-is-layout-28f84493 wp-block-columns-is-layout-flex\">\n<div class=\"wp-block-column is-layout-flow wp-block-column-is-layout-flow\" style=\"flex-basis:33.34%\">\n<div class=\"wp-block-buttons is-content-justification-center is-layout-flex wp-container-core-buttons-is-layout-a89b3969 wp-block-buttons-is-layout-flex\">\n<div class=\"wp-block-button\"><a class=\"wp-block-button__link wp-element-button\" href=\"https:\/\/obera.fr\/wp-content\/uploads\/2024\/03\/srf-t-.pdf\">Scarica la brochure<\/a><\/div>\n<\/div>\n<\/div>\n\n\n\n<div class=\"wp-block-column is-layout-flow wp-block-column-is-layout-flow\" style=\"flex-basis:33.34%\">\n<div class=\"wp-block-buttons is-horizontal is-content-justification-center is-layout-flex wp-container-core-buttons-is-layout-03627597 wp-block-buttons-is-layout-flex\">\n<div class=\"wp-block-button has-custom-width wp-block-button__width-100\"><a class=\"wp-block-button__link wp-element-button\" href=\"https:\/\/obera.fr\/it\/contattaci\/\">Saperne di pi\u00f9<\/a><\/div>\n<\/div>\n<\/div>\n\n\n\n<div class=\"wp-block-column is-layout-flow wp-block-column-is-layout-flow\" style=\"flex-basis:33.33%\">\n<div class=\"wp-block-buttons is-content-justification-center is-layout-flex wp-container-core-buttons-is-layout-a89b3969 wp-block-buttons-is-layout-flex\">\n<div class=\"wp-block-button btn-devis-source\"><a class=\"wp-block-button__link wp-element-button\" href=\"https:\/\/obera.fr\/it\/devis\/\">Richiedi un preventivo<\/a><\/div>\n<\/div>\n\n\n<script>\r\ndocument.addEventListener('DOMContentLoaded', function() {\r\n    \/\/ 1. On cherche le titre H1 de la page\r\n    var h1 = document.querySelector('h1');\r\n    var productTitle = h1 ? h1.innerText.trim() : \"\";\r\n\r\n    \/\/ 2. On cherche les boutons via la classe CSS .btn-devis-source\r\n    var buttons = document.querySelectorAll('.btn-devis-source a');\r\n\r\n    \/\/ 3. Si on a le titre et les boutons, on ajoute le param\u00e8tre\r\n    if (buttons.length > 0 && productTitle !== \"\") {\r\n        var encodedTitle = encodeURIComponent(productTitle);\r\n\r\n        buttons.forEach(function(btn) {\r\n            var currentHref = btn.getAttribute('href');\r\n            \r\n            \/\/ S\u00e9curit\u00e9 pour ne pas ajouter le param\u00e8tre 2 fois\r\n            if (currentHref.indexOf('sujet=') === -1) {\r\n                var separator = currentHref.indexOf('?') !== -1 ? '&' : '?';\r\n                var newLink = currentHref + separator + 'sujet=' + encodedTitle;\r\n                \r\n                btn.setAttribute('href', newLink);\r\n            }\r\n        });\r\n    }\r\n});\r\n<\/script><\/div>\n<\/div>\n<\/div>\n<\/div>\n\n<figure class=\"wp-block-gallery has-nested-images columns-default is-cropped wp-block-gallery-1 is-layout-flex wp-block-gallery-is-layout-flex\">\n<figure class=\"wp-block-image size-large\"><img decoding=\"async\" width=\"768\" height=\"432\" data-id=\"1680\" src=\"https:\/\/obera.fr\/wp-content\/uploads\/2020\/11\/45-srf-t.jpg\" alt=\"45 Srf T\" class=\"wp-image-1680\" srcset=\"https:\/\/obera.fr\/wp-content\/uploads\/2020\/11\/45-srf-t.jpg 768w, https:\/\/obera.fr\/wp-content\/uploads\/2020\/11\/45-srf-t-300x169.jpg 300w\" sizes=\"(max-width: 768px) 100vw, 768px\" \/><\/figure>\n\n\n\n<figure class=\"wp-block-image size-large\"><img decoding=\"async\" width=\"1024\" height=\"576\" data-id=\"1682\" src=\"https:\/\/obera.fr\/wp-content\/uploads\/2020\/11\/47-srf-t-1024x576.jpg\" alt=\"47 Srf T\" class=\"wp-image-1682\" srcset=\"https:\/\/obera.fr\/wp-content\/uploads\/2020\/11\/47-srf-t-1024x576.jpg 1024w, https:\/\/obera.fr\/wp-content\/uploads\/2020\/11\/47-srf-t-300x169.jpg 300w, https:\/\/obera.fr\/wp-content\/uploads\/2020\/11\/47-srf-t-768x432.jpg 768w, https:\/\/obera.fr\/wp-content\/uploads\/2020\/11\/47-srf-t.jpg 1200w\" sizes=\"(max-width: 1024px) 100vw, 1024px\" \/><\/figure>\n\n\n\n<figure class=\"wp-block-image size-large\"><img decoding=\"async\" width=\"1024\" height=\"512\" data-id=\"1681\" src=\"https:\/\/obera.fr\/wp-content\/uploads\/2020\/11\/46-srf-t-1024x512.jpg\" alt=\"46 Srf T\" class=\"wp-image-1681\" srcset=\"https:\/\/obera.fr\/wp-content\/uploads\/2020\/11\/46-srf-t-1024x512.jpg 1024w, https:\/\/obera.fr\/wp-content\/uploads\/2020\/11\/46-srf-t-300x150.jpg 300w, https:\/\/obera.fr\/wp-content\/uploads\/2020\/11\/46-srf-t-768x384.jpg 768w, https:\/\/obera.fr\/wp-content\/uploads\/2020\/11\/46-srf-t.jpg 1280w\" sizes=\"(max-width: 1024px) 100vw, 1024px\" \/><\/figure>\n<\/figure>\n\n<h3 class=\"wp-block-heading\">Vantaggi<\/h3>\n\n<div class=\"wp-block-columns is-layout-flex wp-container-core-columns-is-layout-28f84493 wp-block-columns-is-layout-flex\">\n<div class=\"wp-block-column is-layout-flow wp-block-column-is-layout-flow\">\n<h4 class=\"wp-block-heading has-text-align-center\"><strong>Vantaggi<\/strong><\/h4>\n\n\n\n<ul class=\"wp-block-list\">\n<li>Elevate prestazioni di aspirazione su torce di saldatura e bracci di aspirazione<\/li>\n\n\n\n<li>Portatile, pu\u00f2 essere utilizzato ovunque<\/li>\n\n\n\n<li>Compatti, sono progettati per essere altamente funzionali<\/li>\n\n\n\n<li>Bassi costi di gestione grazie alla cartuccia filtrante pulibile<\/li>\n<\/ul>\n<\/div>\n\n\n\n<div class=\"wp-block-column is-layout-flow wp-block-column-is-layout-flow\">\n<h4 class=\"wp-block-heading has-text-align-center\"><strong>Caratteristiche speciali<\/strong><\/h4>\n\n\n\n<ul class=\"wp-block-list\">\n<li>Forte potenza di aspirazione e alto vuoto<\/li>\n\n\n\n<li>Include un beccuccio ad alta pressione per la pulizia del filtro<\/li>\n\n\n\n<li>Cartuccia filtrante pulibile e riutilizzabile<\/li>\n<\/ul>\n<\/div>\n\n\n\n<div class=\"wp-block-column is-layout-flow wp-block-column-is-layout-flow\">\n<h4 class=\"wp-block-heading has-text-align-center\"><strong>Caratteristiche<\/strong><\/h4>\n\n\n\n<ul class=\"wp-block-list\">\n<li>Estrazione diretta sulle torce di saldatura<\/li>\n\n\n\n<li>Applicabile ai lavori all&#8217;aperto e ai cantieri<\/li>\n\n\n\n<li>Funziona su tutti i tipi di fumi di saldatura<\/li>\n<\/ul>\n<\/div>\n<\/div>\n\n<h2 class=\"wp-block-heading\">In quali settori industriali viene utilizzato?<\/h2>\n\n<div class=\"wp-block-columns is-layout-flex wp-container-core-columns-is-layout-28f84493 wp-block-columns-is-layout-flex\">\n<div class=\"wp-block-column is-layout-flow wp-block-column-is-layout-flow\">\n<h3 class=\"wp-block-heading has-text-align-center\">Inquinanti<\/h3>\n\n\n\n<hr class=\"wp-block-separator has-css-opacity is-style-wide\"\/>\n\n\n\n<div class=\"wp-block-columns is-layout-flex wp-container-core-columns-is-layout-28f84493 wp-block-columns-is-layout-flex\">\n<div class=\"wp-block-column is-layout-flow wp-block-column-is-layout-flow\">\n<figure class=\"wp-block-image aligncenter size-large\"><img decoding=\"async\" width=\"70\" height=\"70\" src=\"https:\/\/obera.fr\/wp-content\/uploads\/2020\/08\/industrie-fumees.jpg\" alt=\"Industria del fumo\" class=\"wp-image-722\"\/><figcaption class=\"wp-element-caption\">Fumi<\/figcaption><\/figure>\n<\/div>\n\n\n\n<div class=\"wp-block-column is-layout-flow wp-block-column-is-layout-flow\"><\/div>\n<\/div>\n\n\n\n<p><\/p>\n<\/div>\n\n\n\n<div class=\"wp-block-column is-layout-flow wp-block-column-is-layout-flow\">\n<h3 class=\"wp-block-heading has-text-align-center\">Industrie<\/h3>\n\n\n\n<hr class=\"wp-block-separator has-css-opacity is-style-wide\"\/>\n\n\n\n<div class=\"wp-block-columns is-layout-flex wp-container-core-columns-is-layout-28f84493 wp-block-columns-is-layout-flex\">\n<div class=\"wp-block-column is-layout-flow wp-block-column-is-layout-flow\">\n<figure class=\"wp-block-image aligncenter size-large\"><img decoding=\"async\" width=\"70\" height=\"70\" src=\"https:\/\/obera.fr\/wp-content\/uploads\/2020\/08\/industrie-metallurgie.jpg\" alt=\"Industria metallurgica\" class=\"wp-image-673\"\/><figcaption class=\"wp-element-caption\">Metallurgia<\/figcaption><\/figure>\n<\/div>\n\n\n\n<div class=\"wp-block-column is-layout-flow wp-block-column-is-layout-flow\"><\/div>\n<\/div>\n<\/div>\n<\/div>\n\n<h2 class=\"wp-block-heading\">Specifiche tecniche<\/h2>\n\n<figure class=\"wp-block-table\"><table class=\"has-fixed-layout\"><thead><tr><th>Dispositivo<\/th><th><\/th><th>SRF T-2<\/th><th>SRF T-4<\/th><\/tr><\/thead><tbody><tr><td>Flusso<\/td><td>m3\/h<\/td><td>200<\/td><td>400<\/td><\/tr><tr><td>Diametro di ingresso<\/td><td>mm<\/td><td>50<\/td><td>2&#215;50<\/td><\/tr><tr><td>pressione negativa massima<\/td><td>Pa<\/td><td>19 000<\/td><td>19 000<\/td><\/tr><tr><td>Tensione di alimentazione<\/td><td>V<\/td><td>230<\/td><td>230<\/td><\/tr><tr><td>Potenza<\/td><td>kW<\/td><td>1.1<\/td><td>1.1<\/td><\/tr><tr><td>Superficie del filtro<\/td><td>m\u00b2<\/td><td>0.8<\/td><td>1.6<\/td><\/tr><tr><td>Dimensioni<\/td><td>l\/L\/h (mm)<\/td><td>390x210x500<\/td><td>490x400x560<\/td><\/tr><tr><td>Peso<\/td><td>kg<\/td><td>15<\/td><td>27<\/td><\/tr><tr><td>Livello di rumore<\/td><td>dB(A)<\/td><td>66<\/td><td>78<\/td><\/tr><\/tbody><\/table><\/figure>\n\n<h3 class=\"wp-block-heading\">Opzionale<\/h3>\n\n<div class=\"wp-block-columns is-layout-flex wp-container-core-columns-is-layout-28f84493 wp-block-columns-is-layout-flex\">\n<div class=\"wp-block-column is-layout-flow wp-block-column-is-layout-flow\"><\/div>\n\n\n\n<div class=\"wp-block-column is-layout-flow wp-block-column-is-layout-flow\"><\/div>\n\n\n\n<div class=\"wp-block-column is-layout-flow wp-block-column-is-layout-flow\"><\/div>\n<\/div>\n\n<div class=\"wp-block-columns is-layout-flex wp-container-core-columns-is-layout-28f84493 wp-block-columns-is-layout-flex\">\n<div class=\"wp-block-column is-layout-flow wp-block-column-is-layout-flow\"><\/div>\n\n\n\n<div class=\"wp-block-column is-layout-flow wp-block-column-is-layout-flow\"><\/div>\n\n\n\n<div class=\"wp-block-column is-layout-flow wp-block-column-is-layout-flow\"><\/div>\n<\/div>\n\n<h3 class=\"wp-block-heading\">Accessori<\/h3>\n\n<figure class=\"wp-block-gallery aligncenter has-nested-images columns-3 wp-block-gallery-2 is-layout-flex wp-block-gallery-is-layout-flex\">\n<figure class=\"wp-block-image size-large\"><img decoding=\"async\" width=\"1024\" height=\"1024\" data-id=\"31508\" src=\"https:\/\/obera.fr\/wp-content\/uploads\/2024\/06\/accessoires-gaines-1024x1024.png\" alt=\"accessori per condotti\" class=\"wp-image-31508\" srcset=\"https:\/\/obera.fr\/wp-content\/uploads\/2024\/06\/accessoires-gaines-1024x1024.png 1024w, https:\/\/obera.fr\/wp-content\/uploads\/2024\/06\/accessoires-gaines-300x300.png 300w, https:\/\/obera.fr\/wp-content\/uploads\/2024\/06\/accessoires-gaines-150x150.png 150w, https:\/\/obera.fr\/wp-content\/uploads\/2024\/06\/accessoires-gaines-768x767.png 768w, https:\/\/obera.fr\/wp-content\/uploads\/2024\/06\/accessoires-gaines.png 1280w\" sizes=\"(max-width: 1024px) 100vw, 1024px\" \/><figcaption class=\"wp-element-caption\">Canalizzazioni<\/figcaption><\/figure>\n\n\n\n<figure class=\"wp-block-image size-large\"><img decoding=\"async\" width=\"1024\" height=\"1024\" data-id=\"31511\" src=\"https:\/\/obera.fr\/wp-content\/uploads\/2024\/06\/accessoires-adaptateur-de-gaines-1024x1024.png\" alt=\"accessori per adattatori per condotti\" class=\"wp-image-31511\" srcset=\"https:\/\/obera.fr\/wp-content\/uploads\/2024\/06\/accessoires-adaptateur-de-gaines-1024x1024.png 1024w, https:\/\/obera.fr\/wp-content\/uploads\/2024\/06\/accessoires-adaptateur-de-gaines-300x300.png 300w, https:\/\/obera.fr\/wp-content\/uploads\/2024\/06\/accessoires-adaptateur-de-gaines-150x150.png 150w, https:\/\/obera.fr\/wp-content\/uploads\/2024\/06\/accessoires-adaptateur-de-gaines-768x767.png 768w, https:\/\/obera.fr\/wp-content\/uploads\/2024\/06\/accessoires-adaptateur-de-gaines.png 1280w\" sizes=\"(max-width: 1024px) 100vw, 1024px\" \/><figcaption class=\"wp-element-caption\">Adattatore per guaina<\/figcaption><\/figure>\n\n\n\n<figure class=\"wp-block-image size-large\"><img decoding=\"async\" width=\"1024\" height=\"1024\" data-id=\"31515\" src=\"https:\/\/obera.fr\/wp-content\/uploads\/2024\/06\/accessoires-bras-1024x1024.png\" alt=\"accessori per il braccio\" class=\"wp-image-31515\" srcset=\"https:\/\/obera.fr\/wp-content\/uploads\/2024\/06\/accessoires-bras-1024x1024.png 1024w, https:\/\/obera.fr\/wp-content\/uploads\/2024\/06\/accessoires-bras-300x300.png 300w, https:\/\/obera.fr\/wp-content\/uploads\/2024\/06\/accessoires-bras-150x150.png 150w, https:\/\/obera.fr\/wp-content\/uploads\/2024\/06\/accessoires-bras-768x767.png 768w, https:\/\/obera.fr\/wp-content\/uploads\/2024\/06\/accessoires-bras.png 1280w\" sizes=\"(max-width: 1024px) 100vw, 1024px\" \/><figcaption class=\"wp-element-caption\">Braccio<\/figcaption><\/figure>\n<\/figure>\n\n<hr class=\"wp-block-separator has-css-opacity is-style-dots\"\/>\n\n<div class=\"wp-block-buttons is-horizontal is-content-justification-center is-layout-flex wp-container-core-buttons-is-layout-03627597 wp-block-buttons-is-layout-flex\">\n<div class=\"wp-block-button has-custom-width wp-block-button__width-100\"><a class=\"wp-block-button__link wp-element-button\" href=\"https:\/\/obera.fr\/it\/contattaci\/\">Saperne di pi\u00f9<\/a><\/div>\n<\/div>\n\n<h2 class=\"wp-block-heading\">Altri piccoli spolverini del marchio oberA<\/h2>\n\n<div class=\"wp-block-columns is-layout-flex wp-container-core-columns-is-layout-28f84493 wp-block-columns-is-layout-flex\">\n<div class=\"wp-block-column is-layout-flow wp-block-column-is-layout-flow\">\n<figure class=\"wp-block-image aligncenter size-medium\"><a href=\"https:\/\/obera.fr\/produits\/depoussiereurs-industriels\/petits\/jumbo\/\"><img decoding=\"async\" width=\"300\" height=\"300\" src=\"https:\/\/obera.fr\/wp-content\/uploads\/2020\/10\/jumbo-300x300.png\" alt=\"Jumbo\" class=\"wp-image-1171\" srcset=\"https:\/\/obera.fr\/wp-content\/uploads\/2020\/10\/jumbo-300x300.png 300w, https:\/\/obera.fr\/wp-content\/uploads\/2020\/10\/jumbo-150x150.png 150w, https:\/\/obera.fr\/wp-content\/uploads\/2020\/10\/jumbo.png 500w\" sizes=\"(max-width: 300px) 100vw, 300px\" \/><\/a><figcaption class=\"wp-element-caption\">Jumbo<\/figcaption><\/figure>\n<\/div>\n\n\n\n<div class=\"wp-block-column is-layout-flow wp-block-column-is-layout-flow\">\n<figure class=\"wp-block-image aligncenter size-medium\"><a href=\"https:\/\/obera.fr\/produits\/depoussiereurs-industriels\/petits\/tk-serie\/\"><img decoding=\"async\" width=\"300\" height=\"300\" src=\"https:\/\/obera.fr\/wp-content\/uploads\/2020\/11\/tk-series-300x300.jpg\" alt=\"Serie TK\" class=\"wp-image-1607\" srcset=\"https:\/\/obera.fr\/wp-content\/uploads\/2020\/11\/tk-series-300x300.jpg 300w, https:\/\/obera.fr\/wp-content\/uploads\/2020\/11\/tk-series-150x150.jpg 150w, https:\/\/obera.fr\/wp-content\/uploads\/2020\/11\/tk-series.jpg 600w\" sizes=\"(max-width: 300px) 100vw, 300px\" \/><\/a><figcaption class=\"wp-element-caption\">Serie TK<\/figcaption><\/figure>\n<\/div>\n\n\n\n<div class=\"wp-block-column is-layout-flow wp-block-column-is-layout-flow\">\n<figure class=\"wp-block-image aligncenter size-medium\"><a href=\"https:\/\/obera.fr\/produits\/depoussiereurs-industriels\/petits\/aspiration-fumees-soudage-laser-epur-b-ex\/\"><img decoding=\"async\" width=\"300\" height=\"300\" src=\"https:\/\/obera.fr\/wp-content\/uploads\/2023\/10\/epurb-ex-1000-3000-5000-300x300.png\" alt=\"oberA epur b ex 1000 3000 5000\" class=\"wp-image-25016\" srcset=\"https:\/\/obera.fr\/wp-content\/uploads\/2023\/10\/epurb-ex-1000-3000-5000-300x300.png 300w, https:\/\/obera.fr\/wp-content\/uploads\/2023\/10\/epurb-ex-1000-3000-5000-150x150.png 150w, https:\/\/obera.fr\/wp-content\/uploads\/2023\/10\/epurb-ex-1000-3000-5000.png 600w\" sizes=\"(max-width: 300px) 100vw, 300px\" \/><\/a><figcaption class=\"wp-element-caption\">EPUR B EX<\/figcaption><\/figure>\n<\/div>\n<\/div>\n","protected":false},"excerpt":{"rendered":"<p>Estrattore di fumi di saldatura portatile L&#8217;aspiratore di fumi di saldatura portatile SRF T \u00e8 un collettore di polveri compatto. Ha un vuoto elevato, il che significa che pu\u00f2 essere collegato direttamente alle torce di saldatura e permette di aspirare direttamente dalla fonte. Le cartucce filtranti sono facili da pulire, riducendo notevolmente i costi di manutenzione. Pu\u00f2 essere collegato anche a bracci di aspirazione. Il modello SRF T2 pu\u00f2 aspirare un braccio, mentre il modello SRF T4 pu\u00f2 avere fino a due braccia. \u00c8 particolarmente adatto ai cantieri navali, alle stazioni di saldatura di piccole parti e agli impianti di &#8230; <\/p>\n<p class=\"read-more-container\"><a title=\"SRF-T\" class=\"read-more button\" href=\"https:\/\/obera.fr\/it\/produits\/depoussiereurs-industriels\/petits\/srf-t\/#more-48272\" aria-label=\"Per saperne di pi\u00f9 su SRF-T\">Lire la suite<\/a><\/p>\n","protected":false},"author":4,"featured_media":36449,"parent":48187,"menu_order":0,"comment_status":"closed","ping_status":"closed","template":"","meta":{"_acf_changed":false,"_seopress_robots_primary_cat":"","_seopress_titles_title":"SRF-T: Estrattore di fumi di saldatura portatile","_seopress_titles_desc":"L'aspiratore di fumi di saldatura portatile SRF T \u00e8 compatto. Ha un alto vuoto e pu\u00f2 quindi essere collegato direttamente alle torce di saldatura. ","_seopress_robots_index":"","footnotes":""},"class_list":{"0":"post-48272","1":"page","2":"type-page","3":"status-publish","4":"has-post-thumbnail","6":"no-featured-image-padding","7":"resize-featured-image"},"acf":[],"_links":{"self":[{"href":"https:\/\/obera.fr\/it\/wp-json\/wp\/v2\/pages\/48272","targetHints":{"allow":["GET"]}}],"collection":[{"href":"https:\/\/obera.fr\/it\/wp-json\/wp\/v2\/pages"}],"about":[{"href":"https:\/\/obera.fr\/it\/wp-json\/wp\/v2\/types\/page"}],"author":[{"embeddable":true,"href":"https:\/\/obera.fr\/it\/wp-json\/wp\/v2\/users\/4"}],"replies":[{"embeddable":true,"href":"https:\/\/obera.fr\/it\/wp-json\/wp\/v2\/comments?post=48272"}],"version-history":[{"count":5,"href":"https:\/\/obera.fr\/it\/wp-json\/wp\/v2\/pages\/48272\/revisions"}],"predecessor-version":[{"id":117441,"href":"https:\/\/obera.fr\/it\/wp-json\/wp\/v2\/pages\/48272\/revisions\/117441"}],"up":[{"embeddable":true,"href":"https:\/\/obera.fr\/it\/wp-json\/wp\/v2\/pages\/48187"}],"wp:featuredmedia":[{"embeddable":true,"href":"https:\/\/obera.fr\/it\/wp-json\/wp\/v2\/media\/36449"}],"wp:attachment":[{"href":"https:\/\/obera.fr\/it\/wp-json\/wp\/v2\/media?parent=48272"}],"curies":[{"name":"wp","href":"https:\/\/api.w.org\/{rel}","templated":true}]}}