{"id":48333,"date":"2020-08-26T12:58:52","date_gmt":"2020-08-26T10:58:52","guid":{"rendered":"https:\/\/obera.fr\/i-nostri-prodotti\/materiali-e-attrezzature-atex\/valvola-di-non-ritorno-atex\/"},"modified":"2025-06-02T10:31:51","modified_gmt":"2025-06-02T08:31:51","slug":"clapet-anti-retour","status":"publish","type":"page","link":"https:\/\/obera.fr\/it\/produits\/atex\/clapet-anti-retour\/","title":{"rendered":"Valvola di non ritorno ATEX"},"content":{"rendered":"\n<div class=\"wp-block-columns is-layout-flex wp-container-core-columns-is-layout-28f84493 wp-block-columns-is-layout-flex\">\n<div class=\"wp-block-column is-layout-flow wp-block-column-is-layout-flow\" style=\"flex-basis:33.33%\">\n<figure class=\"wp-block-image aligncenter size-full\"><img decoding=\"async\" width=\"175\" height=\"175\" src=\"https:\/\/obera.fr\/wp-content\/uploads\/2020\/09\/Clapet-anti-retour-ATEX-1-175x175-1.png\" alt=\"Valvola di non ritorno Atex 1 175x175 1\" class=\"wp-image-990\" srcset=\"https:\/\/obera.fr\/wp-content\/uploads\/2020\/09\/Clapet-anti-retour-ATEX-1-175x175-1.png 175w, https:\/\/obera.fr\/wp-content\/uploads\/2020\/09\/Clapet-anti-retour-ATEX-1-175x175-1-150x150.png 150w\" sizes=\"(max-width: 175px) 100vw, 175px\" \/><figcaption class=\"wp-element-caption\">Valvola di non ritorno ATEX<\/figcaption><\/figure>\n<\/div>\n\n\n\n<div class=\"wp-block-column is-layout-flow wp-block-column-is-layout-flow\" style=\"flex-basis:66.66%\">\n<p>Le <strong>valvole di non ritorno ATEX<\/strong> sono dispositivi di sicurezza utilizzati nell&#8217;industria per impedire a gas o liquidi di rifluire in tubi e condotti. Sono progettate per essere utilizzate in ambienti potenzialmente esplosivi, dove la presenza di gas o polveri infiammabili pu\u00f2 causare esplosioni e mettere a rischio la sicurezza dei lavoratori. Il termine ATEX si riferisce alla Direttiva Europea 2014\/34\/UE, che stabilisce i requisiti per le apparecchiature utilizzate in ambienti esplosivi.  <\/p>\n\n\n\n<p>Le valvole di non ritorno ATEX sono conformi a questa direttiva e sono progettate per soddisfare i pi\u00f9 elevati standard di sicurezza per la protezione dalle esplosioni.<\/p>\n\n\n\n<div class=\"wp-block-columns is-layout-flex wp-container-core-columns-is-layout-28f84493 wp-block-columns-is-layout-flex\">\n<div class=\"wp-block-column is-layout-flow wp-block-column-is-layout-flow\" style=\"flex-basis:33.34%\">\n<div class=\"wp-block-buttons is-content-justification-center is-layout-flex wp-container-core-buttons-is-layout-a89b3969 wp-block-buttons-is-layout-flex\">\n<div class=\"wp-block-button\"><a class=\"wp-block-button__link wp-element-button\" href=\"https:\/\/obera.fr\/wp-content\/uploads\/2025\/06\/clapet-anti-retour-atex-en.pdf\" target=\"_blank\" rel=\"noreferrer noopener\">Scarica la brochure<\/a><\/div>\n<\/div>\n<\/div>\n\n\n\n<div class=\"wp-block-column is-layout-flow wp-block-column-is-layout-flow\" style=\"flex-basis:33.34%\">\n<div class=\"wp-block-buttons is-horizontal is-content-justification-center is-layout-flex wp-container-core-buttons-is-layout-03627597 wp-block-buttons-is-layout-flex\">\n<div class=\"wp-block-button has-custom-width wp-block-button__width-100\"><a class=\"wp-block-button__link wp-element-button\" href=\"https:\/\/obera.fr\/it\/contattaci\/\">Saperne di pi\u00f9<\/a><\/div>\n<\/div>\n<\/div>\n\n\n\n<div class=\"wp-block-column is-layout-flow wp-block-column-is-layout-flow\" style=\"flex-basis:33.33%\">\n<div class=\"wp-block-buttons is-content-justification-center is-layout-flex wp-container-core-buttons-is-layout-a89b3969 wp-block-buttons-is-layout-flex\">\n<div class=\"wp-block-button btn-devis-source\"><a class=\"wp-block-button__link wp-element-button\" href=\"https:\/\/obera.fr\/it\/devis\/\">Richiedi un preventivo<\/a><\/div>\n<\/div>\n\n\n<script>\r\ndocument.addEventListener('DOMContentLoaded', function() {\r\n    \/\/ 1. On cherche le titre H1 de la page\r\n    var h1 = document.querySelector('h1');\r\n    var productTitle = h1 ? h1.innerText.trim() : \"\";\r\n\r\n    \/\/ 2. On cherche les boutons via la classe CSS .btn-devis-source\r\n    var buttons = document.querySelectorAll('.btn-devis-source a');\r\n\r\n    \/\/ 3. Si on a le titre et les boutons, on ajoute le param\u00e8tre\r\n    if (buttons.length > 0 && productTitle !== \"\") {\r\n        var encodedTitle = encodeURIComponent(productTitle);\r\n\r\n        buttons.forEach(function(btn) {\r\n            var currentHref = btn.getAttribute('href');\r\n            \r\n            \/\/ S\u00e9curit\u00e9 pour ne pas ajouter le param\u00e8tre 2 fois\r\n            if (currentHref.indexOf('sujet=') === -1) {\r\n                var separator = currentHref.indexOf('?') !== -1 ? '&' : '?';\r\n                var newLink = currentHref + separator + 'sujet=' + encodedTitle;\r\n                \r\n                btn.setAttribute('href', newLink);\r\n            }\r\n        });\r\n    }\r\n});\r\n<\/script><\/div>\n<\/div>\n<\/div>\n<\/div>\n\n\n\n<h2 class=\"wp-block-heading\">Come funziona una valvola di non ritorno ATEX<\/h2>\n\n\n\n<p>Il funzionamento delle valvole di non ritorno ATEX \u00e8 piuttosto semplice. Vengono installati in tubi e condotti per evitare che i fluidi tornino indietro nella direzione opposta.<\/p>\n\n\n\n<p>Il funzionamento delle valvole di non ritorno ATEX \u00e8 piuttosto semplice. Sono costituiti da un alloggiamento, un disco e una molla. L&#8217;involucro viene installato nel condotto o nel tubo di trasporto e il disco viene posizionato all&#8217;interno dell&#8217;involucro. La molla si trova sul disco e serve a mantenere una pressione costante sulla valvola. Quando il fluido scorre nella giusta direzione, il disco si solleva, permettendo al fluido di passare attraverso la valvola. Quando il fluido cerca di tornare indietro, il disco si chiude automaticamente, impedendo al fluido di tornare.<\/p>\n\n\n\n<h2 class=\"wp-block-heading\">L&#8217;uso di valvole di non ritorno ATEX<\/h2>\n\n\n\n<p>Le valvole di non ritorno ATEX sono utilizzate in un&#8217;ampia gamma di applicazioni industriali, tra cui i settori petrolifero e del gas, chimico, farmaceutico, alimentare e della produzione di energia. Sono spesso utilizzati nei sistemi di tubature per prevenire esplosioni e incendi, ma possono anche essere impiegati in singole apparecchiature, come valvole o pompe.<\/p>\n\n\n\n<p>Le valvole di non ritorno ATEX sono particolarmente importanti nei settori in cui esiste il rischio di esplosione o incendio. Se una valvola di non ritorno si guasta o funziona male, i gas o i liquidi infiammabili possono rifluire nel sistema, provocando un aumento di pressione e una possibile esplosione o incendio. Le valvole di non ritorno ATEX sono quindi essenziali per garantire la sicurezza dei lavoratori, delle attrezzature e dell&#8217;ambiente in questi settori.<\/p>\n\n\n\n<p>Oltre alla loro utilit\u00e0 nel prevenire esplosioni e incendi, le valvole di non ritorno ATEX presentano altri vantaggi per le aziende. Ad esempio, possono ridurre i costi di manutenzione prolungando la vita delle apparecchiature, riducendo i tempi di fermo ed evitando costose riparazioni. Possono anche contribuire a migliorare l&#8217;efficienza energetica riducendo le perdite di pressione e minimizzando le perdite di prodotti pericolosi.<\/p>\n\n\n\n<p>A causa dell \u201cambiente potenzialmente pericoloso in cui vengono utilizzate, le valvole di non ritorno ATEX sono soggette a rigide normative per garantirne l\u201d affidabilit\u00e0 e la sicurezza. Gli standard di progettazione e di prestazione sono stabiliti da organismi come l&#8217;Agenzia europea per la sicurezza e la salute sul lavoro (EU-OSHA).<\/p>\n\n\n\n<h2 class=\"wp-block-heading\">Specifiche tecniche<\/h2>\n\n\n\n<figure class=\"wp-block-table\"><table class=\"has-fixed-layout\"><tbody><tr><td>Valvola di non ritorno<\/td><td>Caratteristiche<\/td><\/tr><tr><td>Intervallo di temperatura operativa<\/td><td>-20\u00b0C Max +40\u00b0C<\/td><\/tr><tr><td>Kst max<\/td><td>200 bar m\/s<\/td><\/tr><tr><td>Velocit\u00e0 massima dell&#8217;aria<\/td><td>30 m\/s<\/td><\/tr><tr><td>Pred max<\/td><td>0,5 bar<\/td><\/tr><tr><td>Pressione di lavoro<\/td><td>50.000 Pa<\/td><\/tr><tr><td>Livello di protezione<\/td><td>St1 (organico e non metallico)<\/td><\/tr><tr><td>Area di applicazione<\/td><td>20 &#8211; 21 &#8211; 22 (interno)<br>21 &#8211; 22 (esterno)<\/td><\/tr><\/tbody><\/table><\/figure>\n\n\n\n<div class=\"wp-block-columns is-layout-flex wp-container-core-columns-is-layout-28f84493 wp-block-columns-is-layout-flex\">\n<div class=\"wp-block-column is-vertically-aligned-center is-layout-flow wp-block-column-is-layout-flow\">\n<div class=\"wp-block-buttons is-content-justification-center is-layout-flex wp-container-core-buttons-is-layout-a89b3969 wp-block-buttons-is-layout-flex\">\n<div class=\"wp-block-button\"><a class=\"wp-block-button__link wp-element-button\" href=\"https:\/\/obera.fr\/contact\/\">Hai bisogno di una consulenza personalizzata?<\/a><\/div>\n<\/div>\n<\/div>\n<\/div>\n\n\n\n<h2 class=\"wp-block-heading\">I vantaggi<\/h2>\n\n\n\n<div class=\"wp-block-columns is-layout-flex wp-container-core-columns-is-layout-28f84493 wp-block-columns-is-layout-flex\">\n<div class=\"wp-block-column is-layout-flow wp-block-column-is-layout-flow\">\n<h3 class=\"wp-block-heading has-text-align-center\"><strong>Vantaggi<\/strong><\/h3>\n\n\n\n<ul class=\"wp-block-list\">\n<li>Elimina il rischio di diffusione di un&#8217;esplosione.<\/li>\n\n\n\n<li>Impedisce alla polvere di tornare indietro quando il sistema viene spento.<\/li>\n\n\n\n<li>Alta resistenza alla pressione<\/li>\n\n\n\n<li>Nessun consumo di energia<\/li>\n\n\n\n<li>Interamente meccanico, non richiede alcuna manutenzione.<\/li>\n<\/ul>\n<\/div>\n\n\n\n<div class=\"wp-block-column is-layout-flow wp-block-column-is-layout-flow\">\n<h3 class=\"wp-block-heading has-text-align-center\"><strong>Caratteristiche speciali<\/strong><\/h3>\n\n\n\n<ul class=\"wp-block-list\">\n<li>Sistema di protezione certificato<\/li>\n\n\n\n<li>Standard ATEX<\/li>\n<\/ul>\n<\/div>\n\n\n\n<div class=\"wp-block-column is-layout-flow wp-block-column-is-layout-flow\">\n<h3 class=\"wp-block-heading has-text-align-center\"><strong>Caratteristiche<\/strong><\/h3>\n\n\n\n<ul class=\"wp-block-list\">\n<li>Apparecchiature prodotte con garanzia di qualit\u00e0 della produzione<\/li>\n\n\n\n<li>Disponibile nelle versioni con morsetto o con flangia.<\/li>\n\n\n\n<li>Adatto al trasporto di polveri esplosive di classe St1.<\/li>\n<\/ul>\n<\/div>\n<\/div>\n\n\n\n<h2 class=\"wp-block-heading\">Applicazioni<\/h2>\n\n\n\n<div class=\"wp-block-columns is-layout-flex wp-container-core-columns-is-layout-28f84493 wp-block-columns-is-layout-flex\">\n<div class=\"wp-block-column is-layout-flow wp-block-column-is-layout-flow\">\n<h3 class=\"wp-block-heading has-text-align-center\">Industrie<\/h3>\n\n\n\n<hr class=\"wp-block-separator has-css-opacity is-style-wide\"\/>\n\n\n\n<div class=\"wp-block-columns is-layout-flex wp-container-core-columns-is-layout-28f84493 wp-block-columns-is-layout-flex\">\n<div class=\"wp-block-column is-layout-flow wp-block-column-is-layout-flow\">\n<figure class=\"wp-block-image aligncenter size-large\"><img decoding=\"async\" width=\"70\" height=\"70\" src=\"https:\/\/obera.fr\/wp-content\/uploads\/2020\/08\/industrie-metallurgie.jpg\" alt=\"Industria metallurgica\" class=\"wp-image-673\"\/><figcaption class=\"wp-element-caption\">Metallurgia<\/figcaption><\/figure>\n<\/div>\n\n\n\n<div class=\"wp-block-column is-layout-flow wp-block-column-is-layout-flow\">\n<figure class=\"wp-block-image aligncenter size-large\"><img decoding=\"async\" width=\"70\" height=\"70\" src=\"https:\/\/obera.fr\/wp-content\/uploads\/2020\/08\/industrie-agroalimentaire.jpg\" alt=\"Industria alimentare\" class=\"wp-image-727\"\/><figcaption class=\"wp-element-caption\">Industria alimentare<\/figcaption><\/figure>\n<\/div>\n\n\n\n<div class=\"wp-block-column is-layout-flow wp-block-column-is-layout-flow\">\n<figure class=\"wp-block-image aligncenter size-large\"><img decoding=\"async\" width=\"70\" height=\"70\" src=\"https:\/\/obera.fr\/wp-content\/uploads\/2020\/08\/industrie-minerai.jpg\" alt=\"Industria mineraria\" class=\"wp-image-724\"\/><figcaption class=\"wp-element-caption\">Minerali<\/figcaption><\/figure>\n<\/div>\n\n\n\n<div class=\"wp-block-column is-layout-flow wp-block-column-is-layout-flow\">\n<figure class=\"wp-block-image aligncenter size-large\"><img decoding=\"async\" width=\"70\" height=\"70\" src=\"https:\/\/obera.fr\/wp-content\/uploads\/2020\/08\/industrie-bois.jpg\" alt=\"Industria del legno\" class=\"wp-image-672\"\/><figcaption class=\"wp-element-caption\">Lavorazione del legno<\/figcaption><\/figure>\n<\/div>\n\n\n\n<div class=\"wp-block-column is-layout-flow wp-block-column-is-layout-flow\">\n<figure class=\"wp-block-image aligncenter size-large\"><img decoding=\"async\" width=\"70\" height=\"70\" src=\"https:\/\/obera.fr\/wp-content\/uploads\/2020\/08\/industrie-papier-carton.jpg\" alt=\"Industria della carta e del cartone\" class=\"wp-image-670\"\/><figcaption class=\"wp-element-caption\">Carta\/cartone<\/figcaption><\/figure>\n<\/div>\n\n\n\n<div class=\"wp-block-column is-layout-flow wp-block-column-is-layout-flow\">\n<figure class=\"wp-block-image aligncenter size-large\"><img decoding=\"async\" width=\"70\" height=\"70\" src=\"https:\/\/obera.fr\/wp-content\/uploads\/2020\/08\/industrie-textile.jpg\" alt=\"Industria tessile\" class=\"wp-image-671\"\/><figcaption class=\"wp-element-caption\">Tessili<\/figcaption><\/figure>\n<\/div>\n<\/div>\n\n\n\n<p><\/p>\n<\/div>\n<\/div>\n","protected":false},"excerpt":{"rendered":"<p>Le valvole di non ritorno ATEX sono dispositivi di sicurezza utilizzati nell&#8217;industria per impedire a gas o liquidi di rifluire in tubi e condotti. Sono progettate per essere utilizzate in ambienti potenzialmente esplosivi, dove la presenza di gas o polveri infiammabili pu\u00f2 causare esplosioni e mettere a rischio la sicurezza dei lavoratori. Il termine ATEX si riferisce alla Direttiva Europea 2014\/34\/UE, che stabilisce i requisiti per le apparecchiature utilizzate in ambienti esplosivi. Le valvole di non ritorno ATEX sono conformi a questa direttiva e sono progettate per soddisfare i pi\u00f9 elevati standard di sicurezza per la protezione dalle esplosioni. Come &#8230; <\/p>\n<p class=\"read-more-container\"><a title=\"Valvola di non ritorno ATEX\" class=\"read-more button\" href=\"https:\/\/obera.fr\/it\/produits\/atex\/clapet-anti-retour\/#more-48333\" aria-label=\"Per saperne di pi\u00f9 su Valvola di non ritorno ATEX\">Lire la suite<\/a><\/p>\n","protected":false},"author":4,"featured_media":83742,"parent":37767,"menu_order":0,"comment_status":"closed","ping_status":"closed","template":"","meta":{"_acf_changed":false,"_seopress_robots_primary_cat":"","_seopress_titles_title":"Valvola di non ritorno ATEX progettata per resistere alle esplosioni","_seopress_titles_desc":"Possono impedire la trasmissione degli effetti pericolosi di un'esplosione e isolare le aree con un'atmosfera di polvere potenzialmente esplosiva.","_seopress_robots_index":"","footnotes":""},"class_list":{"0":"post-48333","1":"page","2":"type-page","3":"status-publish","4":"has-post-thumbnail","6":"no-featured-image-padding","7":"resize-featured-image"},"acf":[],"_links":{"self":[{"href":"https:\/\/obera.fr\/it\/wp-json\/wp\/v2\/pages\/48333","targetHints":{"allow":["GET"]}}],"collection":[{"href":"https:\/\/obera.fr\/it\/wp-json\/wp\/v2\/pages"}],"about":[{"href":"https:\/\/obera.fr\/it\/wp-json\/wp\/v2\/types\/page"}],"author":[{"embeddable":true,"href":"https:\/\/obera.fr\/it\/wp-json\/wp\/v2\/users\/4"}],"replies":[{"embeddable":true,"href":"https:\/\/obera.fr\/it\/wp-json\/wp\/v2\/comments?post=48333"}],"version-history":[{"count":5,"href":"https:\/\/obera.fr\/it\/wp-json\/wp\/v2\/pages\/48333\/revisions"}],"predecessor-version":[{"id":105726,"href":"https:\/\/obera.fr\/it\/wp-json\/wp\/v2\/pages\/48333\/revisions\/105726"}],"up":[{"embeddable":true,"href":"https:\/\/obera.fr\/it\/wp-json\/wp\/v2\/pages\/37767"}],"wp:featuredmedia":[{"embeddable":true,"href":"https:\/\/obera.fr\/it\/wp-json\/wp\/v2\/media\/83742"}],"wp:attachment":[{"href":"https:\/\/obera.fr\/it\/wp-json\/wp\/v2\/media?parent=48333"}],"curies":[{"name":"wp","href":"https:\/\/api.w.org\/{rel}","templated":true}]}}