{"id":48385,"date":"2020-08-26T13:00:52","date_gmt":"2020-08-26T11:00:52","guid":{"rendered":"https:\/\/obera.fr\/contatore-di-particelle\/"},"modified":"2025-04-16T13:16:25","modified_gmt":"2025-04-16T11:16:25","slug":"compteur-particules","status":"publish","type":"page","link":"https:\/\/obera.fr\/it\/produits\/analyseurs-air\/compteur-particules\/","title":{"rendered":"Contatore di particelle"},"content":{"rendered":"\n<h2 class=\"wp-block-heading\">Monitoraggio dei livelli di polvere<\/h2>\n\n\n\n<div class=\"wp-block-columns is-layout-flex wp-container-core-columns-is-layout-28f84493 wp-block-columns-is-layout-flex\">\n<div class=\"wp-block-column is-layout-flow wp-block-column-is-layout-flow\" style=\"flex-basis:33.33%\">\n<figure class=\"wp-block-image aligncenter size-thumbnail\"><img decoding=\"async\" width=\"150\" height=\"150\" src=\"https:\/\/obera.fr\/wp-content\/uploads\/2020\/08\/compteur-de-particules-150x150.png\" alt=\"Misuratore di particolato\" class=\"wp-image-714\" srcset=\"https:\/\/obera.fr\/wp-content\/uploads\/2020\/08\/compteur-de-particules-150x150.png 150w, https:\/\/obera.fr\/wp-content\/uploads\/2020\/08\/compteur-de-particules-300x300.png 300w, https:\/\/obera.fr\/wp-content\/uploads\/2020\/08\/compteur-de-particules.png 433w\" sizes=\"(max-width: 150px) 100vw, 150px\" \/><figcaption class=\"wp-element-caption\">Misuratore di particolato<\/figcaption><\/figure>\n<\/div>\n\n\n\n<div class=\"wp-block-column is-layout-flow wp-block-column-is-layout-flow\" style=\"flex-basis:66.66%\">\n<p>Il <strong>contatore di particelle OberA<\/strong> \u00e8 uno strumento universale per il conteggio delle particelle nell&#8217;aria.  <\/p>\n\n\n\n<p>\u00c8 in grado di calcolare sei diverse frazioni granulometriche di polvere (particelle da 0,3 a 10 \u00b5m) e di registrare l&#8217;umidit\u00e0 e la temperatura ambientale.  <\/p>\n\n\n\n<p>Questo rende il contatore di particelle un&#8217;apparecchiatura universale.<\/p>\n\n\n\n<hr class=\"wp-block-separator has-text-color has-black-color has-css-opacity has-black-background-color has-background is-style-dots\"\/>\n\n\n\n<div class=\"wp-block-columns is-layout-flex wp-container-core-columns-is-layout-28f84493 wp-block-columns-is-layout-flex\">\n<div class=\"wp-block-column is-layout-flow wp-block-column-is-layout-flow\" style=\"flex-basis:33.33%\">\n<div class=\"wp-block-buttons is-layout-flex wp-block-buttons-is-layout-flex\">\n<div class=\"wp-block-button\"><a class=\"wp-block-button__link wp-element-button\" href=\"https:\/\/obera.fr\/wp-content\/uploads\/2025\/04\/brochure-obdt-9883m-it.pdf\"><strong>SCARICA<\/strong>LA BROCHURE<\/a><\/div>\n<\/div>\n<\/div>\n\n\n\n<div class=\"wp-block-column is-layout-flow wp-block-column-is-layout-flow\" style=\"flex-basis:33.34%\">\n<div class=\"wp-block-buttons is-horizontal is-content-justification-center is-layout-flex wp-container-core-buttons-is-layout-03627597 wp-block-buttons-is-layout-flex\">\n<div class=\"wp-block-button has-custom-width wp-block-button__width-100\"><a class=\"wp-block-button__link wp-element-button\" href=\"https:\/\/obera.fr\/it\/contattaci\/\">Saperne di pi\u00f9<\/a><\/div>\n<\/div>\n<\/div>\n\n\n\n<div class=\"wp-block-column is-layout-flow wp-block-column-is-layout-flow\" style=\"flex-basis:33.34%\">\n<div class=\"wp-block-buttons is-content-justification-center is-layout-flex wp-container-core-buttons-is-layout-a89b3969 wp-block-buttons-is-layout-flex\">\n<div class=\"wp-block-button btn-devis-source\"><a class=\"wp-block-button__link wp-element-button\" href=\"https:\/\/obera.fr\/it\/devis\/\">Richiedi un preventivo<\/a><\/div>\n<\/div>\n\n\n<script>\r\ndocument.addEventListener('DOMContentLoaded', function() {\r\n    \/\/ 1. On cherche le titre H1 de la page\r\n    var h1 = document.querySelector('h1');\r\n    var productTitle = h1 ? h1.innerText.trim() : \"\";\r\n\r\n    \/\/ 2. On cherche les boutons via la classe CSS .btn-devis-source\r\n    var buttons = document.querySelectorAll('.btn-devis-source a');\r\n\r\n    \/\/ 3. Si on a le titre et les boutons, on ajoute le param\u00e8tre\r\n    if (buttons.length > 0 && productTitle !== \"\") {\r\n        var encodedTitle = encodeURIComponent(productTitle);\r\n\r\n        buttons.forEach(function(btn) {\r\n            var currentHref = btn.getAttribute('href');\r\n            \r\n            \/\/ S\u00e9curit\u00e9 pour ne pas ajouter le param\u00e8tre 2 fois\r\n            if (currentHref.indexOf('sujet=') === -1) {\r\n                var separator = currentHref.indexOf('?') !== -1 ? '&' : '?';\r\n                var newLink = currentHref + separator + 'sujet=' + encodedTitle;\r\n                \r\n                btn.setAttribute('href', newLink);\r\n            }\r\n        });\r\n    }\r\n});\r\n<\/script><\/div>\n<\/div>\n\n\n\n<p><\/p>\n<\/div>\n<\/div>\n\n\n\n<h2 class=\"wp-block-heading\">I vantaggi dei contatori di particelle<\/h2>\n\n\n\n<div class=\"wp-block-columns is-layout-flex wp-container-core-columns-is-layout-28f84493 wp-block-columns-is-layout-flex\">\n<div class=\"wp-block-column is-layout-flow wp-block-column-is-layout-flow\">\n<h3 class=\"wp-block-heading has-text-align-center\"><strong>Vantaggi<\/strong><\/h3>\n\n\n\n<ul class=\"wp-block-list\">\n<li>Rileva 6 dimensioni (0,3\/0,5\/1,0\/2,5\/5,0\/10 \u03bcm)<\/li>\n\n\n\n<li>Misurazione di temperatura e umidit\u00e0<\/li>\n\n\n\n<li>Fotocamera integrata per la registrazione di immagini e video<\/li>\n<\/ul>\n<\/div>\n\n\n\n<div class=\"wp-block-column is-layout-flow wp-block-column-is-layout-flow\">\n<h3 class=\"wp-block-heading has-text-align-center\"><strong>Esempi di industrie utilizzatrici<\/strong><\/h3>\n\n\n\n<ul class=\"wp-block-list\">\n<li>Stanze grigie<\/li>\n\n\n\n<li>Ingegneria meccanica<\/li>\n\n\n\n<li>Metallurgia<\/li>\n\n\n\n<li>Plastica<\/li>\n\n\n\n<li>Legno<\/li>\n\n\n\n<li>Prodotti petrolchimici<\/li>\n\n\n\n<li>Polimeri e plastiche<\/li>\n\n\n\n<li>Prodotti farmaceutici<\/li>\n\n\n\n<li>Industria alimentare<\/li>\n<\/ul>\n<\/div>\n<\/div>\n\n\n\n<h2 class=\"wp-block-heading\">Inquinanti misurati<\/h2>\n\n\n\n<div class=\"wp-block-columns is-layout-flex wp-container-core-columns-is-layout-28f84493 wp-block-columns-is-layout-flex\">\n<div class=\"wp-block-column is-layout-flow wp-block-column-is-layout-flow\">\n<h3 class=\"wp-block-heading\"><strong>Sensore di polvere da PM 0,3 a PM 10<\/strong><\/h3>\n\n\n\n<p>(particelle pi\u00f9 grandi di 0,3\u00b5g fino a 10\u00b5m)<\/p>\n\n\n\n<p>L&#8217;analizzatore di particelle oberA \u00e8 in grado di misurare 6 dimensioni di particelle contemporaneamente. :<\/p>\n\n\n\n<p>0,3\u00b5m \/ 0,5\u00b5m \/ 1\u00b5m \/ 2,5\u00b5m \/ 5\u00b5m \/ 10\u00b5m<\/p>\n<\/div>\n\n\n\n<div class=\"wp-block-column is-layout-flow wp-block-column-is-layout-flow\">\n<h3 class=\"wp-block-heading\"><strong>Sensore di temperatura<\/strong><\/h3>\n\n\n\n<p>Campo di misura da -0 a +50 \u00b0C<\/p>\n<\/div>\n\n\n\n<div class=\"wp-block-column is-layout-flow wp-block-column-is-layout-flow\">\n<h3 class=\"wp-block-heading\"><strong>Umidit\u00e0 relativa<\/strong><\/h3>\n\n\n\n<p>Misura l&#8217;umidit\u00e0 relativa da 0 a 100%<\/p>\n<\/div>\n<\/div>\n\n\n\n<div class=\"wp-block-buttons is-horizontal is-content-justification-center is-layout-flex wp-container-core-buttons-is-layout-03627597 wp-block-buttons-is-layout-flex\">\n<div class=\"wp-block-button\"><a class=\"wp-block-button__link wp-element-button\" href=\"https:\/\/obera.fr\/wp-content\/uploads\/2024\/02\/brochure-compteur-de-particules-.pdf\">Scarica la scheda prodotto<\/a><\/div>\n<\/div>\n\n\n\n<hr class=\"wp-block-separator has-css-opacity is-style-dots\"\/>\n\n\n\n<h2 class=\"wp-block-heading\">Altri analizzatori d&#8217;aria OberA<\/h2>\n\n\n\n<div class=\"wp-block-columns is-layout-flex wp-container-core-columns-is-layout-28f84493 wp-block-columns-is-layout-flex\">\n<div class=\"wp-block-column is-layout-flow wp-block-column-is-layout-flow\"><\/div>\n\n\n\n<div class=\"wp-block-column is-layout-flow wp-block-column-is-layout-flow\">\n<figure class=\"wp-block-image aligncenter size-medium is-resized\"><a href=\"https:\/\/obera.fr\/produits\/analyseurs-air\/capteur-co2-obcare\/\"><img decoding=\"async\" width=\"300\" height=\"212\" src=\"https:\/\/obera.fr\/wp-content\/uploads\/2021\/09\/Capteur_CO2_OBCARE-2-300x212.png\" alt=\"sensore di co2 obcare\" class=\"wp-image-6918\" srcset=\"https:\/\/obera.fr\/wp-content\/uploads\/2021\/09\/Capteur_CO2_OBCARE-2-300x212.png 300w, https:\/\/obera.fr\/wp-content\/uploads\/2021\/09\/Capteur_CO2_OBCARE-2-768x542.png 768w, https:\/\/obera.fr\/wp-content\/uploads\/2021\/09\/Capteur_CO2_OBCARE-2.png 921w\" sizes=\"(max-width: 300px) 100vw, 300px\" \/><\/a><figcaption class=\"wp-element-caption\">OBCARE<\/figcaption><\/figure>\n<\/div>\n\n\n\n<div class=\"wp-block-column is-layout-flow wp-block-column-is-layout-flow\"><\/div>\n\n\n\n<div class=\"wp-block-column is-layout-flow wp-block-column-is-layout-flow\"><\/div>\n<\/div>\n\n\n\n<p><\/p>\n","protected":false},"excerpt":{"rendered":"<p>Monitoraggio dei livelli di polvere Il contatore di particelle OberA \u00e8 uno strumento universale per il conteggio delle particelle nell&#8217;aria. \u00c8 in grado di calcolare sei diverse frazioni granulometriche di polvere (particelle da 0,3 a 10 \u00b5m) e di registrare l&#8217;umidit\u00e0 e la temperatura ambientale. Questo rende il contatore di particelle un&#8217;apparecchiatura universale. I vantaggi dei contatori di particelle Vantaggi Esempi di industrie utilizzatrici Inquinanti misurati Sensore di polvere da PM 0,3 a PM 10 (particelle pi\u00f9 grandi di 0,3\u00b5g fino a 10\u00b5m) L&#8217;analizzatore di particelle oberA \u00e8 in grado di misurare 6 dimensioni di particelle contemporaneamente. : 0,3\u00b5m \/ &#8230; <\/p>\n<p class=\"read-more-container\"><a title=\"Contatore di particelle\" class=\"read-more button\" href=\"https:\/\/obera.fr\/it\/produits\/analyseurs-air\/compteur-particules\/#more-48385\" aria-label=\"Per saperne di pi\u00f9 su Contatore di particelle\">Lire la suite<\/a><\/p>\n","protected":false},"author":4,"featured_media":83742,"parent":48410,"menu_order":0,"comment_status":"closed","ping_status":"closed","template":"","meta":{"_acf_changed":false,"_seopress_robots_primary_cat":"","_seopress_titles_title":"Contatore di particelle di polvere trasportate dall'aria","_seopress_titles_desc":"Il contatore oberA conta le particelle presenti nell'aria. \u00c8 in grado di calcolare sei diverse frazioni di dimensione delle particelle di polvere.","_seopress_robots_index":"","footnotes":""},"class_list":{"0":"post-48385","1":"page","2":"type-page","3":"status-publish","4":"has-post-thumbnail","6":"no-featured-image-padding","7":"resize-featured-image"},"acf":[],"_links":{"self":[{"href":"https:\/\/obera.fr\/it\/wp-json\/wp\/v2\/pages\/48385","targetHints":{"allow":["GET"]}}],"collection":[{"href":"https:\/\/obera.fr\/it\/wp-json\/wp\/v2\/pages"}],"about":[{"href":"https:\/\/obera.fr\/it\/wp-json\/wp\/v2\/types\/page"}],"author":[{"embeddable":true,"href":"https:\/\/obera.fr\/it\/wp-json\/wp\/v2\/users\/4"}],"replies":[{"embeddable":true,"href":"https:\/\/obera.fr\/it\/wp-json\/wp\/v2\/comments?post=48385"}],"version-history":[{"count":3,"href":"https:\/\/obera.fr\/it\/wp-json\/wp\/v2\/pages\/48385\/revisions"}],"predecessor-version":[{"id":83112,"href":"https:\/\/obera.fr\/it\/wp-json\/wp\/v2\/pages\/48385\/revisions\/83112"}],"up":[{"embeddable":true,"href":"https:\/\/obera.fr\/it\/wp-json\/wp\/v2\/pages\/48410"}],"wp:featuredmedia":[{"embeddable":true,"href":"https:\/\/obera.fr\/it\/wp-json\/wp\/v2\/media\/83742"}],"wp:attachment":[{"href":"https:\/\/obera.fr\/it\/wp-json\/wp\/v2\/media?parent=48385"}],"curies":[{"name":"wp","href":"https:\/\/api.w.org\/{rel}","templated":true}]}}