{"id":48410,"date":"2020-05-01T17:19:45","date_gmt":"2020-05-01T15:19:45","guid":{"rendered":"https:\/\/obera.fr\/i-nostri-prodotti\/analizzatori-daria\/"},"modified":"2025-04-22T09:39:21","modified_gmt":"2025-04-22T07:39:21","slug":"analyseurs-air","status":"publish","type":"page","link":"https:\/\/obera.fr\/it\/produits\/analyseurs-air\/","title":{"rendered":"Analizzatori d&#8217;aria"},"content":{"rendered":"\n<p>OberA ha una gamma di 5 analizzatori d&#8217;aria. Lo scopo di questi dispositivi \u00e8 quello di rivelare i vari parametri dell&#8217;aria presenti nel tuo luogo di lavoro. <\/p>\n\n\n<h2 class=\"wp-block-heading\" id=\"les-produits-de-la-gamme-obera\">Prodotti della gamma OberA<\/h2>\n\n<div class=\"wp-block-columns is-layout-flex wp-container-core-columns-is-layout-28f84493 wp-block-columns-is-layout-flex\">\n<div class=\"wp-block-column is-layout-flow wp-block-column-is-layout-flow\">\n<h3 class=\"wp-block-heading has-text-align-center\" id=\"obcare\"><a href=\"https:\/\/obera.fr\/it\/produits\/analyseurs-air\/sensore-di-co2-obcare\/\">OBCARE<\/a><\/h3>\n\n\n\n<figure class=\"wp-block-image aligncenter size-medium is-resized\"><a href=\"https:\/\/obera.fr\/produits\/analyseurs-air\/capteur-co2-obcare\/\"><img decoding=\"async\" width=\"300\" height=\"212\" src=\"https:\/\/obera.fr\/wp-content\/uploads\/2021\/09\/Capteur_CO2_OBCARE-2-300x212.png\" alt=\"sensore di co2 obcare\" class=\"wp-image-6918\" style=\"aspect-ratio:1.4180327868852458;width:216px;height:auto\" srcset=\"https:\/\/obera.fr\/wp-content\/uploads\/2021\/09\/Capteur_CO2_OBCARE-2-300x212.png 300w, https:\/\/obera.fr\/wp-content\/uploads\/2021\/09\/Capteur_CO2_OBCARE-2-768x542.png 768w, https:\/\/obera.fr\/wp-content\/uploads\/2021\/09\/Capteur_CO2_OBCARE-2.png 921w\" sizes=\"(max-width: 300px) 100vw, 300px\" \/><\/a><\/figure>\n\n\n\n<p><\/p>\n\n\n\n<p><a href=\"https:\/\/obera.fr\/it\/produits\/analyseurs-air\/sensore-di-co2-obcare\/\" data-type=\"page\" data-id=\"6812\"><strong>OBCARE <\/strong>\u00e8 un sensore di C02 puro<\/a>. Utilizzando la tecnologia NDIR (sensori a infrarossi non dispersivi) con autocalibrazione, il suo scopo \u00e8 quello di indicare con precisione la concentrazione in ppm in tempo reale (precisione \u00b1 60ppm). <\/p>\n<\/div>\n\n\n\n<div class=\"wp-block-column is-layout-flow wp-block-column-is-layout-flow\">\n<h3 class=\"wp-block-heading has-text-align-center\" id=\"compteur-de-particules\"><a href=\"https:\/\/obera.fr\/it\/produits\/analyseurs-air\/contatore-di-particelle\/\">Contatore di particelle<\/a><\/h3>\n\n\n\n<figure class=\"wp-block-image aligncenter size-thumbnail\"><a href=\"https:\/\/obera.fr\/produits\/analyseurs-air\/compteur-particules\/\"><img decoding=\"async\" width=\"150\" height=\"150\" src=\"https:\/\/obera.fr\/wp-content\/uploads\/2020\/08\/compteur-de-particules-150x150.png\" alt=\"Misuratore di particolato\" class=\"wp-image-714\" srcset=\"https:\/\/obera.fr\/wp-content\/uploads\/2020\/08\/compteur-de-particules-150x150.png 150w, https:\/\/obera.fr\/wp-content\/uploads\/2020\/08\/compteur-de-particules-300x300.png 300w, https:\/\/obera.fr\/wp-content\/uploads\/2020\/08\/compteur-de-particules.png 433w\" sizes=\"(max-width: 150px) 100vw, 150px\" \/><\/a><\/figure>\n\n\n\n<p>Il <a href=\"https:\/\/obera.fr\/it\/produits\/analyseurs-air\/contatore-di-particelle\/\" data-type=\"page\" data-id=\"539\">contatore di particelle OberA<\/a> \u00e8 in grado di misurare le particelle di polvere da PM0,3 a PM10 (particelle da 0,3um a 10um). Monitora la temperatura da 0\u00b0C a 50\u00b0C e l&#8217;umidit\u00e0 relativa. <\/p>\n<\/div>\n<\/div>\n\n<div style=\"height:30px\" aria-hidden=\"true\" class=\"wp-block-spacer\"><\/div>\n\n<div class=\"wp-block-buttons is-horizontal is-content-justification-center is-layout-flex wp-container-core-buttons-is-layout-03627597 wp-block-buttons-is-layout-flex\">\n<div class=\"wp-block-button has-custom-width wp-block-button__width-100\"><a class=\"wp-block-button__link wp-element-button\" href=\"https:\/\/obera.fr\/it\/contattaci\/\">Saperne di pi\u00f9<\/a><\/div>\n<\/div>\n\n<p><\/p>\n\n<h2 class=\"wp-block-heading\" id=\"pourquoi-mesurer-la-qualite-de-mon-air\">Perch\u00e9 misurare la qualit\u00e0 dell&#8217;aria?<\/h2>\n\n<p>L&#8217;aria \u00e8 un elemento essenziale per gli esseri umani e respirare aria sana \u00e8 fondamentale per la salute e il benessere dei dipendenti. Per questo \u00e8 necessario analizzare l&#8217;aria respirata dai tuoi dipendenti e decidere se vale la pena dotare il tuo luogo di lavoro di un sistema di trattamento dell&#8217;aria. <\/p>\n\n<p>L&#8217;analisi dell&#8217;aria riveler\u00e0 anche il tipo di inquinanti presenti nel tuo luogo di lavoro e i loro livelli di concentrazione, che saranno utili nella scelta del sistema di filtraggio per il tuo impianto di trattamento dell&#8217;aria.<\/p>\n","protected":false},"excerpt":{"rendered":"<p>OberA ha una gamma di 5 analizzatori d&#8217;aria. Lo scopo di questi dispositivi \u00e8 quello di rivelare i vari parametri dell&#8217;aria presenti nel tuo luogo di lavoro. Prodotti della gamma OberA OBCARE OBCARE \u00e8 un sensore di C02 puro. Utilizzando la tecnologia NDIR (sensori a infrarossi non dispersivi) con autocalibrazione, il suo scopo \u00e8 quello di indicare con precisione la concentrazione in ppm in tempo reale (precisione \u00b1 60ppm). Contatore di particelle Il contatore di particelle OberA \u00e8 in grado di misurare le particelle di polvere da PM0,3 a PM10 (particelle da 0,3um a 10um). Monitora la temperatura da 0\u00b0C &#8230; <\/p>\n<p class=\"read-more-container\"><a title=\"Analizzatori d&#8217;aria\" class=\"read-more button\" href=\"https:\/\/obera.fr\/it\/produits\/analyseurs-air\/#more-48410\" aria-label=\"Per saperne di pi\u00f9 su Analizzatori d&#8217;aria\">Lire la suite<\/a><\/p>\n","protected":false},"author":4,"featured_media":83742,"parent":36427,"menu_order":7,"comment_status":"closed","ping_status":"closed","template":"","meta":{"_acf_changed":false,"_seopress_robots_primary_cat":"","_seopress_titles_title":"Retrouvez tous nos analyseurs d\u2019air de la gamme oberA","_seopress_titles_desc":"OberA dispose d\u2019une gamme de 5 analyseurs d\u2019air. Ces appareils ont pour but de r\u00e9v\u00e9ler les diff\u00e9rents param\u00e8tres de l\u2019air pr\u00e9sent sur votre lieu de travail.","_seopress_robots_index":"","footnotes":""},"class_list":{"0":"post-48410","1":"page","2":"type-page","3":"status-publish","4":"has-post-thumbnail","6":"no-featured-image-padding","7":"resize-featured-image"},"acf":[],"_links":{"self":[{"href":"https:\/\/obera.fr\/it\/wp-json\/wp\/v2\/pages\/48410","targetHints":{"allow":["GET"]}}],"collection":[{"href":"https:\/\/obera.fr\/it\/wp-json\/wp\/v2\/pages"}],"about":[{"href":"https:\/\/obera.fr\/it\/wp-json\/wp\/v2\/types\/page"}],"author":[{"embeddable":true,"href":"https:\/\/obera.fr\/it\/wp-json\/wp\/v2\/users\/4"}],"replies":[{"embeddable":true,"href":"https:\/\/obera.fr\/it\/wp-json\/wp\/v2\/comments?post=48410"}],"version-history":[{"count":4,"href":"https:\/\/obera.fr\/it\/wp-json\/wp\/v2\/pages\/48410\/revisions"}],"predecessor-version":[{"id":63192,"href":"https:\/\/obera.fr\/it\/wp-json\/wp\/v2\/pages\/48410\/revisions\/63192"}],"up":[{"embeddable":true,"href":"https:\/\/obera.fr\/it\/wp-json\/wp\/v2\/pages\/36427"}],"wp:featuredmedia":[{"embeddable":true,"href":"https:\/\/obera.fr\/it\/wp-json\/wp\/v2\/media\/83742"}],"wp:attachment":[{"href":"https:\/\/obera.fr\/it\/wp-json\/wp\/v2\/media?parent=48410"}],"curies":[{"name":"wp","href":"https:\/\/api.w.org\/{rel}","templated":true}]}}