{"id":48667,"date":"2020-08-26T12:33:11","date_gmt":"2020-08-26T10:33:11","guid":{"rendered":"https:\/\/obera.fr\/i-nostri-prodotti\/filtri-per-nebbie-dolio\/"},"modified":"2025-04-22T09:38:27","modified_gmt":"2025-04-22T07:38:27","slug":"filtres-brouillard-huile","status":"publish","type":"page","link":"https:\/\/obera.fr\/it\/produits\/filtres-brouillard-huile\/","title":{"rendered":"Filtri per nebbie d&#8217;olio"},"content":{"rendered":"\n<p>Un filtro per <strong>nebbie d&#8217;olio<\/strong> ad alte prestazioni da collegare direttamente alla macchina di produzione.<\/p>\n\n<h2 class=\"wp-block-heading\" id=\"notre-gamme-de-filtres-a-brouillard-d-huile\">La nostra gamma di filtri per nebbie d&#8217;olio<\/h2>\n\n<div class=\"wp-block-columns is-layout-flex wp-container-core-columns-is-layout-28f84493 wp-block-columns-is-layout-flex\">\n<div class=\"wp-block-column is-vertically-aligned-top is-layout-flow wp-block-column-is-layout-flow\">\n<h3 class=\"wp-block-heading has-text-align-center\" id=\"oilmac\"><a href=\"https:\/\/obera.fr\/it\/produits\/filtres-brouillard-huile\/oilmac\/\">Oilmac<\/a><\/h3>\n\n\n\n<figure class=\"wp-block-image aligncenter size-medium\"><a href=\"https:\/\/obera.fr\/produits\/filtres-brouillard-huile\/oilmac\/\"><img decoding=\"async\" width=\"300\" height=\"300\" src=\"https:\/\/obera.fr\/wp-content\/uploads\/2020\/08\/filtre-compact-OILMAC-300x300.png\" alt=\"Filtro compatto Oilmac\" class=\"wp-image-641\" srcset=\"https:\/\/obera.fr\/wp-content\/uploads\/2020\/08\/filtre-compact-OILMAC-300x300.png 300w, https:\/\/obera.fr\/wp-content\/uploads\/2020\/08\/filtre-compact-OILMAC-150x150.png 150w, https:\/\/obera.fr\/wp-content\/uploads\/2020\/08\/filtre-compact-OILMAC.png 600w\" sizes=\"(max-width: 300px) 100vw, 300px\" \/><\/a><\/figure>\n\n\n\n<p><strong>OILMAC <\/strong>\u00e8 un <a href=\"https:\/\/obera.fr\/it\/produits\/filtres-brouillard-huile\/oilmac\/\" data-type=\"page\" data-id=\"585\">filtro compatto e potente<\/a> in grado di trattare nebbie, fumi e aerosol di olio ed emulsioni. L&#8217;unit\u00e0 viene solitamente installata direttamente sulla macchina di produzione e collegata tramite un condotto flessibile.   <\/p>\n\n\n\n<p>Grazie a un sistema di filtraggio a quattro stadi ad alte prestazioni, tra cui un filtro terminale HEPA 13, le particelle vengono filtrate al 99,95% e l&#8217;aria pu\u00f2 essere reintrodotta direttamente nell&#8217;ambiente di lavoro. La manutenzione \u00e8 ridotta perch\u00e9 i filtri possono essere sostituiti senza attrezzi. <\/p>\n<\/div>\n\n\n\n<div class=\"wp-block-column is-vertically-aligned-top is-layout-flow wp-block-column-is-layout-flow\">\n<h3 class=\"wp-block-heading has-text-align-center\" id=\"afs\"><a href=\"https:\/\/obera.fr\/it\/produits\/filtres-brouillard-huile\/afs\/\">AFS<\/a><\/h3>\n\n\n\n<figure class=\"wp-block-image aligncenter size-medium\"><a href=\"https:\/\/obera.fr\/produits\/filtres-brouillard-huile\/afs\/\"><img decoding=\"async\" width=\"300\" height=\"300\" src=\"https:\/\/obera.fr\/wp-content\/uploads\/2020\/08\/AFS-installation-centralisee-brouillards-huiles-300x300.png\" alt=\"Afs Installazione centralizzata Brouillards Huiles\" class=\"wp-image-643\" srcset=\"https:\/\/obera.fr\/wp-content\/uploads\/2020\/08\/AFS-installation-centralisee-brouillards-huiles-300x300.png 300w, https:\/\/obera.fr\/wp-content\/uploads\/2020\/08\/AFS-installation-centralisee-brouillards-huiles-150x150.png 150w, https:\/\/obera.fr\/wp-content\/uploads\/2020\/08\/AFS-installation-centralisee-brouillards-huiles.png 433w\" sizes=\"(max-width: 300px) 100vw, 300px\" \/><\/a><\/figure>\n\n\n\n<p><strong>AFS<\/strong> \u00e8 un <a href=\"https:\/\/obera.fr\/it\/produits\/filtres-brouillard-huile\/afs\/\" data-type=\"page\" data-id=\"590\">impianto centralizzato per nebbie, fumi e aerosol di olio ed emulsione<\/a>. \u00c8 una soluzione su misura per l&#8217;installazione diretta sui tuoi centri di lavoro. Questa unit\u00e0 dispone di 5 stadi di filtrazione, tra cui un filtro finale assoluto di tipo HEPA 13 che garantisce un&#8217;efficienza di filtrazione delle particelle del 99,95%.    <\/p>\n\n\n\n<p>Sono possibili diverse configurazioni: il riciclo e la reintroduzione dell&#8217;aria filtrata nell&#8217;edificio o l&#8217;evacuazione dell&#8217;aria filtrata e l&#8217;introduzione di aria fresca con recupero delle calorie attraverso uno scambiatore di calore. Entrambe le configurazioni sfruttano al massimo il calore contenuto nei flussi d&#8217;aria estratti. <\/p>\n\n\n\n<p><\/p>\n<\/div>\n<\/div>\n\n<div class=\"wp-block-buttons is-horizontal is-content-justification-center is-layout-flex wp-container-core-buttons-is-layout-03627597 wp-block-buttons-is-layout-flex\">\n<div class=\"wp-block-button has-custom-width wp-block-button__width-100\"><a class=\"wp-block-button__link wp-element-button\" href=\"https:\/\/obera.fr\/it\/contattaci\/\">Saperne di pi\u00f9<\/a><\/div>\n<\/div>\n","protected":false},"excerpt":{"rendered":"<p>Un filtro per nebbie d&#8217;olio ad alte prestazioni da collegare direttamente alla macchina di produzione. La nostra gamma di filtri per nebbie d&#8217;olio Oilmac OILMAC \u00e8 un filtro compatto e potente in grado di trattare nebbie, fumi e aerosol di olio ed emulsioni. L&#8217;unit\u00e0 viene solitamente installata direttamente sulla macchina di produzione e collegata tramite un condotto flessibile. Grazie a un sistema di filtraggio a quattro stadi ad alte prestazioni, tra cui un filtro terminale HEPA 13, le particelle vengono filtrate al 99,95% e l&#8217;aria pu\u00f2 essere reintrodotta direttamente nell&#8217;ambiente di lavoro. La manutenzione \u00e8 ridotta perch\u00e9 i filtri possono &#8230; <\/p>\n<p class=\"read-more-container\"><a title=\"Filtri per nebbie d&#8217;olio\" class=\"read-more button\" href=\"https:\/\/obera.fr\/it\/produits\/filtres-brouillard-huile\/#more-48667\" aria-label=\"Per saperne di pi\u00f9 su Filtri per nebbie d&#8217;olio\">Lire la suite<\/a><\/p>\n","protected":false},"author":4,"featured_media":83742,"parent":36427,"menu_order":10,"comment_status":"closed","ping_status":"closed","template":"","meta":{"_acf_changed":false,"_seopress_robots_primary_cat":"","_seopress_titles_title":"Filtres \u00e0 brouillard d\u2019huile industriels - oberA","_seopress_titles_desc":"Retrouvez notre gamme de filtres \u00e0 brouillard d'huile haute performance \u00e0 connecter directement sur la machine de production, OILMAC et AFS.","_seopress_robots_index":"","footnotes":""},"class_list":{"0":"post-48667","1":"page","2":"type-page","3":"status-publish","4":"has-post-thumbnail","6":"no-featured-image-padding","7":"resize-featured-image"},"acf":[],"_links":{"self":[{"href":"https:\/\/obera.fr\/it\/wp-json\/wp\/v2\/pages\/48667","targetHints":{"allow":["GET"]}}],"collection":[{"href":"https:\/\/obera.fr\/it\/wp-json\/wp\/v2\/pages"}],"about":[{"href":"https:\/\/obera.fr\/it\/wp-json\/wp\/v2\/types\/page"}],"author":[{"embeddable":true,"href":"https:\/\/obera.fr\/it\/wp-json\/wp\/v2\/users\/4"}],"replies":[{"embeddable":true,"href":"https:\/\/obera.fr\/it\/wp-json\/wp\/v2\/comments?post=48667"}],"version-history":[{"count":3,"href":"https:\/\/obera.fr\/it\/wp-json\/wp\/v2\/pages\/48667\/revisions"}],"predecessor-version":[{"id":65841,"href":"https:\/\/obera.fr\/it\/wp-json\/wp\/v2\/pages\/48667\/revisions\/65841"}],"up":[{"embeddable":true,"href":"https:\/\/obera.fr\/it\/wp-json\/wp\/v2\/pages\/36427"}],"wp:featuredmedia":[{"embeddable":true,"href":"https:\/\/obera.fr\/it\/wp-json\/wp\/v2\/media\/83742"}],"wp:attachment":[{"href":"https:\/\/obera.fr\/it\/wp-json\/wp\/v2\/media?parent=48667"}],"curies":[{"name":"wp","href":"https:\/\/api.w.org\/{rel}","templated":true}]}}