{"id":48732,"date":"2020-08-26T12:33:34","date_gmt":"2020-08-26T10:33:34","guid":{"rendered":"https:\/\/obera.fr\/i-nostri-prodotti\/tubi-di-aspirazione-industriali\/"},"modified":"2025-04-22T09:38:48","modified_gmt":"2025-04-22T07:38:48","slug":"tuyauteries-industrielles","status":"publish","type":"page","link":"https:\/\/obera.fr\/it\/produits\/tuyauteries-industrielles\/","title":{"rendered":"Tubi di aspirazione industriali"},"content":{"rendered":"\n<p>Le tubazioni di aspirazione industriale sono un elemento cruciale nel campo del trattamento dell&#8217;aria industriale, in quanto consentono di convogliare diversi inquinanti, come fumi, polveri, gas di scarico e cos\u00ec via. Tuttavia, la scelta delle tubature giuste \u00e8 essenziale per garantire prestazioni ottimali del sistema di aspirazione. <\/p>\n\n<p>Un&#8217;ampia gamma di tubature per il trasporto di polveri e sostanze inquinanti.<\/p>\n\n<h2 class=\"wp-block-heading\">La nostra gamma di tubi di aspirazione<\/h2>\n\n<div class=\"wp-block-columns is-layout-flex wp-container-core-columns-is-layout-28f84493 wp-block-columns-is-layout-flex\">\n<div class=\"wp-block-column is-layout-flow wp-block-column-is-layout-flow\">\n<h3 class=\"wp-block-heading has-text-align-center\"><a href=\"https:\/\/obera.fr\/it\/produits\/tuyauteries-industrielles\/gaines-lisses-acier\/\"><br\/>Condotti in acciaio liscio Rete ad alta pressione<\/a><\/h3>\n\n\n\n<figure class=\"wp-block-image aligncenter size-medium is-resized\"><a href=\"https:\/\/obera.fr\/produits\/tuyauteries-industrielles\/gaines-lisses-acier\/\"><img decoding=\"async\" width=\"300\" height=\"300\" src=\"https:\/\/obera.fr\/wp-content\/uploads\/2020\/11\/Gaines-lisses-300x300.jpg\" alt=\"Guaine lisce\" class=\"wp-image-1735\" style=\"width:225px;height:225px\" srcset=\"https:\/\/obera.fr\/wp-content\/uploads\/2020\/11\/Gaines-lisses-300x300.jpg 300w, https:\/\/obera.fr\/wp-content\/uploads\/2020\/11\/Gaines-lisses-150x150.jpg 150w, https:\/\/obera.fr\/wp-content\/uploads\/2020\/11\/Gaines-lisses.jpg 433w\" sizes=\"(max-width: 300px) 100vw, 300px\" \/><\/a><\/figure>\n<\/div>\n\n\n\n<div class=\"wp-block-column is-layout-flow wp-block-column-is-layout-flow\">\n<h3 class=\"wp-block-heading has-text-align-center\"><a href=\"https:\/\/obera.fr\/it\/produits\/tuyauteries-industrielles\/gaines-spiralees\/\">Condotti a spirale per fumi e vapori<\/a><\/h3>\n\n\n\n<figure class=\"wp-block-image aligncenter size-large is-resized\"><a href=\"https:\/\/obera.fr\/produits\/tuyauteries-industrielles\/gaines-spiralees\/\"><img decoding=\"async\" src=\"https:\/\/obera.fr\/wp-content\/uploads\/2024\/02\/sr.webp\" alt=\"Guaine a spirale\" style=\"aspect-ratio:1;width:223px;height:auto\"\/><\/a><\/figure>\n<\/div>\n\n\n\n<div class=\"wp-block-column is-layout-flow wp-block-column-is-layout-flow\">\n<h3 class=\"wp-block-heading has-text-align-center\"><a href=\"https:\/\/obera.fr\/it\/produits\/tuyauteries-industrielles\/basse-moyenne-haute-pression\/\">Tubi per la raccolta della polvere a bassa, media e alta pressione<\/a><\/h3>\n\n\n\n<figure class=\"wp-block-image aligncenter size-medium is-resized\"><a href=\"https:\/\/obera.fr\/produits\/tuyauteries-industrielles\/basse-moyenne-haute-pression\/\"><img decoding=\"async\" width=\"220\" height=\"300\" src=\"https:\/\/obera.fr\/wp-content\/uploads\/2020\/11\/Tuyauterie-basse-moyenne-haute-pression-220x300.jpg\" alt=\"Tubazioni a bassa media alta pressione\" class=\"wp-image-1734\" style=\"width:165px;height:225px\" srcset=\"https:\/\/obera.fr\/wp-content\/uploads\/2020\/11\/Tuyauterie-basse-moyenne-haute-pression-220x300.jpg 220w, https:\/\/obera.fr\/wp-content\/uploads\/2020\/11\/Tuyauterie-basse-moyenne-haute-pression.jpg 428w\" sizes=\"(max-width: 220px) 100vw, 220px\" \/><\/a><\/figure>\n<\/div>\n<\/div>\n\n<p>Esistono diversi tipi di tubazioni industriali, tra cui condotti a spirale, condotti lisci e tubazioni a bassa, media e alta pressione. Ognuno di questi tipi di tubazioni offre vantaggi e svantaggi specifici a seconda delle esigenze dell&#8217;applicazione. <\/p>\n\n<h3 class=\"wp-block-heading\">Guaine lisce<\/h3>\n\n<p>I condotti lisci offrono una bassa resistenza al flusso per ottenere le massime prestazioni di aspirazione. Inoltre, sono facili da pulire, il che li rende ideali per le applicazioni in cui l&#8217;igiene \u00e8 fondamentale. Tuttavia, sono meno flessibili dei condotti a spirale, il che pu\u00f2 rendere pi\u00f9 difficile l&#8217;installazione.  <\/p>\n\n<h3 class=\"wp-block-heading\">Guaine a spirale<\/h3>\n\n<p>I condotti a spirale sono ideali per le applicazioni che richiedono un&#8217;elevata flessibilit\u00e0, in quanto possono essere piegati e attorcigliati senza incrinarsi o deformarsi. Sono inoltre resistenti alle vibrazioni e agli urti, il che li rende adatti all&#8217;uso in ambienti frenetici. Tuttavia, i condotti a spirale presentano una maggiore resistenza al flusso rispetto ai condotti lisci, il che pu\u00f2 comportare perdite di pressione e prestazioni di aspirazione ridotte.  <\/p>\n\n<h3 class=\"wp-block-heading\">Tubazioni a bassa, media e alta pressione<\/h3>\n\n<p>Infine, le tubazioni a bassa, media e alta pressione offrono vantaggi specifici a seconda delle esigenze dell&#8217;applicazione. Le tubazioni a bassa pressione sono adatte alle applicazioni in cui la pressione di aspirazione \u00e8 bassa, mentre le tubazioni a media e alta pressione sono necessarie per le applicazioni in cui la pressione di aspirazione \u00e8 pi\u00f9 elevata. La scelta delle tubazioni giuste \u00e8 quindi essenziale per garantire prestazioni ottimali del sistema di aspirazione.  <\/p>\n\n<h2 class=\"wp-block-heading\">Conclusione<\/h2>\n\n<p>In conclusione, la scelta delle giuste tubazioni industriali \u00e8 fondamentale per garantire prestazioni ottimali del sistema di aspirazione nel trattamento dell&#8217;aria industriale. I condotti a spirale, i condotti lisci e le tubazioni a bassa, media e alta pressione offrono vantaggi specifici a seconda delle esigenze dell&#8217;applicazione ed \u00e8 importante considerare attentamente ogni opzione prima di fare una scelta definitiva. <\/p>\n\n<div class=\"wp-block-buttons is-horizontal is-content-justification-center is-layout-flex wp-container-core-buttons-is-layout-03627597 wp-block-buttons-is-layout-flex\">\n<div class=\"wp-block-button has-custom-width wp-block-button__width-100\"><a class=\"wp-block-button__link wp-element-button\" href=\"https:\/\/obera.fr\/it\/contattaci\/\">Saperne di pi\u00f9<\/a><\/div>\n<\/div>\n","protected":false},"excerpt":{"rendered":"<p>Le tubazioni di aspirazione industriale sono un elemento cruciale nel campo del trattamento dell&#8217;aria industriale, in quanto consentono di convogliare diversi inquinanti, come fumi, polveri, gas di scarico e cos\u00ec via. Tuttavia, la scelta delle tubature giuste \u00e8 essenziale per garantire prestazioni ottimali del sistema di aspirazione. Un&#8217;ampia gamma di tubature per il trasporto di polveri e sostanze inquinanti. La nostra gamma di tubi di aspirazione Condotti in acciaio liscio Rete ad alta pressione Condotti a spirale per fumi e vapori Tubi per la raccolta della polvere a bassa, media e alta pressione Esistono diversi tipi di tubazioni industriali, tra &#8230; <\/p>\n<p class=\"read-more-container\"><a title=\"Tubi di aspirazione industriali\" class=\"read-more button\" href=\"https:\/\/obera.fr\/it\/produits\/tuyauteries-industrielles\/#more-48732\" aria-label=\"Per saperne di pi\u00f9 su Tubi di aspirazione industriali\">Lire la suite<\/a><\/p>\n","protected":false},"author":4,"featured_media":83742,"parent":36427,"menu_order":11,"comment_status":"closed","ping_status":"closed","template":"","meta":{"_acf_changed":false,"_seopress_robots_primary_cat":"","_seopress_titles_title":"Tuyauteries industrielles: acheminer poussi\u00e8res \/ polluants","_seopress_titles_desc":"Une large gamme de tuyauterie afin d\u2019acheminer les poussi\u00e8res et polluants : Gaines lisses en acier, spiral\u00e9es et tuyauterie basse, moyenne et haute pression.","_seopress_robots_index":"","footnotes":""},"class_list":{"0":"post-48732","1":"page","2":"type-page","3":"status-publish","4":"has-post-thumbnail","6":"no-featured-image-padding","7":"resize-featured-image"},"acf":[],"_links":{"self":[{"href":"https:\/\/obera.fr\/it\/wp-json\/wp\/v2\/pages\/48732","targetHints":{"allow":["GET"]}}],"collection":[{"href":"https:\/\/obera.fr\/it\/wp-json\/wp\/v2\/pages"}],"about":[{"href":"https:\/\/obera.fr\/it\/wp-json\/wp\/v2\/types\/page"}],"author":[{"embeddable":true,"href":"https:\/\/obera.fr\/it\/wp-json\/wp\/v2\/users\/4"}],"replies":[{"embeddable":true,"href":"https:\/\/obera.fr\/it\/wp-json\/wp\/v2\/comments?post=48732"}],"version-history":[{"count":5,"href":"https:\/\/obera.fr\/it\/wp-json\/wp\/v2\/pages\/48732\/revisions"}],"predecessor-version":[{"id":65819,"href":"https:\/\/obera.fr\/it\/wp-json\/wp\/v2\/pages\/48732\/revisions\/65819"}],"up":[{"embeddable":true,"href":"https:\/\/obera.fr\/it\/wp-json\/wp\/v2\/pages\/36427"}],"wp:featuredmedia":[{"embeddable":true,"href":"https:\/\/obera.fr\/it\/wp-json\/wp\/v2\/media\/83742"}],"wp:attachment":[{"href":"https:\/\/obera.fr\/it\/wp-json\/wp\/v2\/media?parent=48732"}],"curies":[{"name":"wp","href":"https:\/\/api.w.org\/{rel}","templated":true}]}}