{"id":61390,"date":"2020-08-26T12:43:50","date_gmt":"2020-08-26T10:43:50","guid":{"rendered":"https:\/\/obera.fr\/produits\/trattamento-dei-voc-e-degli-odori\/filtre-anti-poussiere-epur010-b-ca\/"},"modified":"2025-04-24T10:01:47","modified_gmt":"2025-04-24T08:01:47","slug":"filtre-anti-poussiere-epur010-b-ca","status":"publish","type":"page","link":"https:\/\/obera.fr\/it\/produits\/traitement-cov\/filtre-anti-poussiere-epur010-b-ca\/","title":{"rendered":"ePUR010 B CA filtro per polveri industriali, odori e VOC"},"content":{"rendered":"\n<p>Il nostro <strong>filtro industriale per polveri e VOC ePUR010 B CA<\/strong> \u00e8 un&#8217;unit\u00e0 di aspirazione mobile a carboni attivi in grado di trattare un flusso d&#8217;aria contenente polveri, particelle fini e inquinanti gassosi.<\/p>\n\n\n\n\n\n\n<h2 class=\"wp-block-heading\" id=\"comment-fonctionne-notre-appareil\"><strong>Come funziona il nostro dispositivo?<\/strong><\/h2>\n\n\n\n<div class=\"wp-block-columns is-layout-flex wp-container-core-columns-is-layout-28f84493 wp-block-columns-is-layout-flex\">\n<div class=\"wp-block-column is-layout-flow wp-block-column-is-layout-flow\" style=\"flex-basis:33.33%\">\n<figure class=\"wp-block-image aligncenter size-medium\"><img decoding=\"async\" width=\"300\" height=\"300\" src=\"https:\/\/obera.fr\/wp-content\/uploads\/2020\/09\/ePUR010B-CA-300x300.png\" alt=\"ePUR010 B CA\" class=\"wp-image-1038\" srcset=\"https:\/\/obera.fr\/wp-content\/uploads\/2020\/09\/ePUR010B-CA-300x300.png 300w, https:\/\/obera.fr\/wp-content\/uploads\/2020\/09\/ePUR010B-CA-150x150.png 150w, https:\/\/obera.fr\/wp-content\/uploads\/2020\/09\/ePUR010B-CA.png 433w\" sizes=\"(max-width: 300px) 100vw, 300px\" \/><figcaption class=\"wp-element-caption\">ePUR010 B CA<\/figcaption><\/figure>\n<\/div>\n\n\n\n<div class=\"wp-block-column is-layout-flow wp-block-column-is-layout-flow\" style=\"flex-basis:66.66%\">\n<p>Il funzionamento di questo filtro industriale \u00e8 semplice: l&#8217;aria inquinata viene raccolta alla fonte tramite <strong>un tubo flessibile, un condotto, un braccio di aspirazione o una cappa di aspirazione<\/strong>. Il sistema ha 2 o 3 stadi di filtrazione. Le particelle e le polveri vengono trattenute dai primi 2 stadi di filtrazione configurabili (pre-filtro configurabile da G3 a F7) e da un filtro principale (configurabile da F8 a filtrazione assoluta HEPA H14).    <\/p>\n\n\n\n<p>Gli <strong><a href=\"https:\/\/obera.fr\/it\/produits\/traitement-cov\/\" data-type=\"URL\" data-id=\"https:\/\/obera.fr\/produits\/traitement-cov\/\">inquinanti gassosi, gli odori e i COV<\/a><\/strong> vengono trattati da un filtro terminale a carboni attivi. L&#8217;aria purificata viene poi scaricata nell&#8217;area di lavoro attraverso la parte inferiore dell&#8217;unit\u00e0. L&#8217;intasamento dei primi due stadi del filtro (pre-filtro e filtro principale) viene monitorato mediante una misurazione della caduta di pressione.  <\/p>\n\n\n\n<p>Quando il livello di intasamento supera la soglia impostata (caduta di pressione), si accende una spia rossa che indica la necessit\u00e0 di sostituire il materiale filtrante. Questo sistema di filtraggio industriale \u00e8 dotato di una <strong>ventola a commutazione elettronica ad alta efficienza<\/strong> che consente di regolare la portata d&#8217;aria da 0 a 100%. <\/p>\n\n\n\n<hr class=\"wp-block-separator has-css-opacity is-style-dots\"\/>\n\n\n\n<div class=\"wp-block-columns is-layout-flex wp-container-core-columns-is-layout-28f84493 wp-block-columns-is-layout-flex\">\n<div class=\"wp-block-column is-layout-flow wp-block-column-is-layout-flow\" style=\"flex-basis:33.33%\">\n<div class=\"wp-block-buttons is-layout-flex wp-block-buttons-is-layout-flex\">\n<div class=\"wp-block-button\"><a class=\"wp-block-button__link wp-element-button\" href=\"https:\/\/obera.fr\/wp-content\/uploads\/2025\/04\/en-brochure-epur-10-bca.pdf\">SCARICA LA BROCHURE<\/a><\/div>\n<\/div>\n<\/div>\n\n\n\n<div class=\"wp-block-column is-layout-flow wp-block-column-is-layout-flow\" style=\"flex-basis:33.34%\">\n<div class=\"wp-block-buttons is-horizontal is-content-justification-center is-layout-flex wp-container-core-buttons-is-layout-03627597 wp-block-buttons-is-layout-flex\">\n<div class=\"wp-block-button has-custom-width wp-block-button__width-100\"><a class=\"wp-block-button__link wp-element-button\" href=\"https:\/\/obera.fr\/it\/contattaci\/\">Saperne di pi\u00f9<\/a><\/div>\n<\/div>\n<\/div>\n\n\n\n<div class=\"wp-block-column is-layout-flow wp-block-column-is-layout-flow\" style=\"flex-basis:33.34%\">\n<div class=\"wp-block-buttons is-content-justification-center is-layout-flex wp-container-core-buttons-is-layout-a89b3969 wp-block-buttons-is-layout-flex\">\n<div class=\"wp-block-button btn-devis-source\"><a class=\"wp-block-button__link wp-element-button\" href=\"https:\/\/obera.fr\/it\/devis\/\">Richiedi un preventivo<\/a><\/div>\n<\/div>\n\n\n<script>\r\ndocument.addEventListener('DOMContentLoaded', function() {\r\n    \/\/ 1. On cherche le titre H1 de la page\r\n    var h1 = document.querySelector('h1');\r\n    var productTitle = h1 ? h1.innerText.trim() : \"\";\r\n\r\n    \/\/ 2. On cherche les boutons via la classe CSS .btn-devis-source\r\n    var buttons = document.querySelectorAll('.btn-devis-source a');\r\n\r\n    \/\/ 3. Si on a le titre et les boutons, on ajoute le param\u00e8tre\r\n    if (buttons.length > 0 && productTitle !== \"\") {\r\n        var encodedTitle = encodeURIComponent(productTitle);\r\n\r\n        buttons.forEach(function(btn) {\r\n            var currentHref = btn.getAttribute('href');\r\n            \r\n            \/\/ S\u00e9curit\u00e9 pour ne pas ajouter le param\u00e8tre 2 fois\r\n            if (currentHref.indexOf('sujet=') === -1) {\r\n                var separator = currentHref.indexOf('?') !== -1 ? '&' : '?';\r\n                var newLink = currentHref + separator + 'sujet=' + encodedTitle;\r\n                \r\n                btn.setAttribute('href', newLink);\r\n            }\r\n        });\r\n    }\r\n});\r\n<\/script><\/div>\n<\/div>\n<\/div>\n<\/div>\n\n\n\n<h2 class=\"wp-block-heading\" id=\"quels-polluants-traiter-avec-notre-filtre-industriel-anti-poussiere-odeurs-et-cov\">Quali inquinanti possono essere trattati con i nostri filtri industriali per polveri, odori e VOC?<\/h2>\n\n\n\n<p>L&#8217;ePUR010 B CA \u00e8 stato progettato specificamente per il <strong>trattamento combinato di polveri, odori, fumi, VOC e altri inquinanti gassosi<\/strong>.<\/p>\n\n\n\n<blockquote class=\"wp-block-quote is-layout-flow wp-block-quote-is-layout-flow\">\n<p>Leggi anche: <a href=\"https:\/\/obera.fr\/it\/il-nostro-consiglio\/traitement-odeurs-industrielles\/\" data-type=\"post\" data-id=\"8636\">Come si possono trattare gli odori e i COV industriali?<\/a><\/p>\n<\/blockquote>\n\n\n\n<h2 class=\"wp-block-heading\" id=\"pour-quelles-utilisations-est-prevu-notre-appareil-de-filtration-anti-poussiere-odeurs-et-cov\">Per cosa sono progettate le nostre unit\u00e0 di filtrazione per polveri, odori e VOC?<\/h2>\n\n\n\n<p>Si adatta perfettamente a <strong>tutti i tipi di industrie<\/strong> e ha gi\u00e0 dimostrato la sua validit\u00e0 nell&#8217;industria <strong>elettronica<\/strong>, nell&#8217;industria <strong>della pelle<\/strong>, nell&#8217;industria <strong>dei beni di lusso<\/strong> e dell&#8217;abbigliamento, nell&#8217;industria <strong>cosmetica<\/strong> e <strong>dei gioielli<\/strong>, nei <strong>laboratori<\/strong>, nel settore <strong>dell&#8217;istruzione<\/strong>, nei <strong>musei<\/strong> e nei <strong>laboratori di restauro delle opere d&#8217;arte<\/strong> e nelle industrie per processi come :<\/p>\n\n\n\n<ul class=\"wp-block-list\">\n<li>Fumi del laser<\/li>\n\n\n\n<li>Incollaggio<\/li>\n\n\n\n<li>Apertura<\/li>\n\n\n\n<li>Pulizia con solvente<\/li>\n\n\n\n<li>Spogliazione<\/li>\n\n\n\n<li>Lucidatura<\/li>\n\n\n\n<li>Sbavatura, ecc.<\/li>\n<\/ul>\n\n\n\n<div class=\"wp-block-columns is-layout-flex wp-container-core-columns-is-layout-28f84493 wp-block-columns-is-layout-flex\">\n<div class=\"wp-block-column is-layout-flow wp-block-column-is-layout-flow\">\n<h3 class=\"wp-block-heading has-text-align-center\" id=\"polluants\">Inquinanti<\/h3>\n\n\n\n<hr class=\"wp-block-separator has-css-opacity is-style-wide\"\/>\n\n\n\n<div class=\"wp-block-columns is-layout-flex wp-container-core-columns-is-layout-28f84493 wp-block-columns-is-layout-flex\">\n<div class=\"wp-block-column is-layout-flow wp-block-column-is-layout-flow\">\n<figure class=\"wp-block-image aligncenter size-large\"><img decoding=\"async\" width=\"70\" height=\"70\" src=\"https:\/\/obera.fr\/wp-content\/uploads\/2020\/08\/polluants-poussieres.jpg\" alt=\"Inquinanti Polvere\" class=\"wp-image-675\"\/><figcaption class=\"wp-element-caption\">Polvere chimica<\/figcaption><\/figure>\n\n\n\n<figure class=\"wp-block-image aligncenter size-large\"><img decoding=\"async\" width=\"70\" height=\"70\" src=\"https:\/\/obera.fr\/wp-content\/uploads\/2020\/08\/industrie-fumees.jpg\" alt=\"Industria del fumo\" class=\"wp-image-722\"\/><figcaption class=\"wp-element-caption\">Fumi<\/figcaption><\/figure>\n<\/div>\n\n\n\n<div class=\"wp-block-column is-layout-flow wp-block-column-is-layout-flow\">\n<figure class=\"wp-block-image aligncenter size-large\"><img decoding=\"async\" width=\"70\" height=\"70\" src=\"https:\/\/obera.fr\/wp-content\/uploads\/2020\/10\/industrie-aerosols.jpg\" alt=\"Aerosol industriali\" class=\"wp-image-1201\"\/><figcaption class=\"wp-element-caption\">VOCS<\/figcaption><\/figure>\n\n\n\n<figure class=\"wp-block-image aligncenter size-large\"><img decoding=\"async\" width=\"70\" height=\"70\" src=\"https:\/\/obera.fr\/wp-content\/uploads\/2020\/08\/industrie-odeur.jpg\" alt=\"Odore dell'industria\" class=\"wp-image-723\"\/><figcaption class=\"wp-element-caption\">Odori<\/figcaption><\/figure>\n<\/div>\n<\/div>\n<\/div>\n\n\n\n<div class=\"wp-block-column is-layout-flow wp-block-column-is-layout-flow\">\n<h3 class=\"wp-block-heading has-text-align-center\" id=\"industries\">Industrie<\/h3>\n\n\n\n<hr class=\"wp-block-separator has-css-opacity is-style-wide\"\/>\n\n\n\n<div class=\"wp-block-columns is-layout-flex wp-container-core-columns-is-layout-28f84493 wp-block-columns-is-layout-flex\">\n<div class=\"wp-block-column is-layout-flow wp-block-column-is-layout-flow\">\n<figure class=\"wp-block-image aligncenter size-large\"><img decoding=\"async\" width=\"70\" height=\"70\" src=\"https:\/\/obera.fr\/wp-content\/uploads\/2020\/08\/industrie-metallurgie.jpg\" alt=\"Industria metallurgica\" class=\"wp-image-673\"\/><figcaption class=\"wp-element-caption\">Metallurgia<\/figcaption><\/figure>\n\n\n\n<figure class=\"wp-block-image aligncenter size-large\"><img decoding=\"async\" width=\"70\" height=\"70\" src=\"https:\/\/obera.fr\/wp-content\/uploads\/2020\/08\/industrie-bois.jpg\" alt=\"Industria del legno\" class=\"wp-image-672\"\/><figcaption class=\"wp-element-caption\">Lavorazione del legno<\/figcaption><\/figure>\n<\/div>\n\n\n\n<div class=\"wp-block-column is-layout-flow wp-block-column-is-layout-flow\">\n<figure class=\"wp-block-image aligncenter size-large\"><img decoding=\"async\" width=\"70\" height=\"70\" src=\"https:\/\/obera.fr\/wp-content\/uploads\/2020\/08\/industrie-chimie.jpg\" alt=\"Industria chimica\" class=\"wp-image-725\"\/><figcaption class=\"wp-element-caption\">Prodotti chimici\/petrolchimici<\/figcaption><\/figure>\n<\/div>\n<\/div>\n<\/div>\n<\/div>\n\n\n\n<h2 class=\"wp-block-heading\" id=\"quelles-sont-les-caracteristiques-de-notre-filtre-anti-poussiere-odeurs-et-cov-industriel\">Quali sono le caratteristiche del nostro filtro industriale per polveri, odori e VOC?<\/h2>\n\n\n\n<p>Il nostro <strong>filtro industriale per polveri, odori e VOC<\/strong> \u00e8 progettato per fornire un&#8217;elevata potenza di aspirazione, che gli consente di gestire fino a 1000 m3\/h senza braccio e 150 m3\/h con braccio. Il suo livello di rumore operativo \u00e8 particolarmente basso (63 dB). <\/p>\n\n\n\n<p>\u00c8 composto da uno stadio di pre-filtrazione e da due stadi di filtrazione (1 filtro principale per le polveri + 1 filtro principale a carboni attivi). I filtri antiparticolato sono filtri a saturazione, quindi devono essere sostituiti quando sono saturi. Se la quantit\u00e0 di polvere \u00e8 eccessiva, questo tipo di filtro potrebbe rivelarsi inadatto, quindi \u00e8 consigliabile scegliere un modello di depolveratore con sistema di pulizia e filtro rigenerabile.  <\/p>\n\n\n\n<p>Le possibili configurazioni dei filtri di questo apparecchio sono le seguenti:<\/p>\n\n\n\n<div class=\"wp-block-columns is-layout-flex wp-container-core-columns-is-layout-28f84493 wp-block-columns-is-layout-flex\">\n<div class=\"wp-block-column is-layout-flow wp-block-column-is-layout-flow\">\n<h3 class=\"wp-block-heading\" id=\"prefiltration\">Prefiltrazione<\/h3>\n\n\n\n<ul class=\"wp-block-list\">\n<li><strong>Filtro aria ISO Coarse 50%<\/strong> (efficienza ex classe di filtrazione G3) a maglia metallica lavabile in alluminio o acciaio, particolarmente adatto per oli, grassi e polveri appiccicose o per separare le scintille.<\/li>\n\n\n\n<li><strong>Filtro aria ISO Coarse 90% a ISO PM10 85%<\/strong> (efficienza ex classe G4, M5 e F7) filtro e telaio in fibra di poliestere. Questi filtri dell&#8217;aria separano le polveri e le particelle fini e grossolane per proteggere i filtri degli stadi successivi. <\/li>\n<\/ul>\n<\/div>\n\n\n\n<div class=\"wp-block-column is-layout-flow wp-block-column-is-layout-flow\">\n<h3 class=\"wp-block-heading\" id=\"filtre-principal-1\">Filtro principale 1<\/h3>\n\n\n\n<ul class=\"wp-block-list\">\n<li><strong>Filtro aria da ISO PM1 65% a ISO PM1 85%<\/strong> (efficienza ex classe di filtrazione F8 e F9) Filtro in poliestere al 100%, completamente riciclabile, per un filtraggio efficiente senza rilascio di fibre di vetro.<\/li>\n\n\n\n<li><strong>Filtro dell&#8217;aria ad alta efficienza<\/strong> (efficienza assoluta del filtro HEPA da E11 a H14) per filtrare efficacemente le particelle ultrafini ed eventualmente la polvere CMR. I filtri E11 hanno una caduta di pressione molto bassa e sono realizzati al 100% in poliestere per garantire un&#8217;aria sana senza rilascio di particelle in fibra di vetro. Al di sopra di E11, i filtri assoluti sono realizzati in fibra di vetro.  <\/li>\n<\/ul>\n\n\n\n<h3 class=\"wp-block-heading\" id=\"filtre-principal-2\">Filtro principale 2<\/h3>\n\n\n\n<ul class=\"wp-block-list\">\n<li>\u00c8 disponibile un&#8217;<strong>ampia gamma di adsorbenti ad alta efficienza<\/strong> per trattare una vasta gamma di VOC, odori e altri inquinanti gassosi. I carichi di carbone attivo vanno da 6,5 kg a 15 kg. Le cartucce sono riutilizzabili e riciclabili.  <\/li>\n<\/ul>\n<\/div>\n<\/div>\n\n\n\n<p>Lo stadio di pre-filtrazione separa le particelle pi\u00f9 grossolane, proteggendo il filtro principale a carboni attivi. \u00c8 possibile selezionare il tipo di carbone attivo in base agli inquinanti da trattare, per un&#8217;efficienza ottimale. L&#8217;unit\u00e0 \u00e8 montata su rotelle e pesa solo 20 kg, il che la rende facile da manovrare.  <\/p>\n\n\n\n<p>Il filtro per polveri, odori e VOC ePUR 10 B CA \u00e8 un <strong>sistema industriale leggero<\/strong> (interamente in alluminio) e mobile (su ruote) che pu\u00f2 essere facilmente posizionato il pi\u00f9 vicino possibile ai mezzi di produzione, in modo da catturare gli inquinanti presenti alla fonte e pulire cos\u00ec l&#8217;aria il pi\u00f9 vicino possibile all&#8217;operatore.<\/p>\n\n\n\n<figure class=\"wp-block-table\"><table class=\"has-fixed-layout\"><thead><tr><th>Dispositivo<\/th><th><\/th><th>ePUR010B CA<br>Con braccio<\/th><th>ePUR010B CA<br>Senza braccio<\/th><\/tr><\/thead><tbody><tr><td>Flusso<\/td><td>m3\/h<\/td><td>150<\/td><td>1 000<\/td><\/tr><tr><td>Intensit\u00e0<\/td><td>A<\/td><td>0.7<\/td><td>0.7<\/td><\/tr><tr><td>Tensione di alimentazione<\/td><td>V<\/td><td>230<\/td><td>230<\/td><\/tr><tr><td>Potenza<\/td><td>kW<\/td><td>0.08<\/td><td>0.08<\/td><\/tr><tr><td>Dimensioni<\/td><td>l\/L\/h (mm)<\/td><td>660 x 370 x 780 mm<\/td><td>660 x 370 x 780 mm<\/td><\/tr><tr><td>Carica di carbone attivo<\/td><td>kg<\/td><td>7.5<\/td><td>7.5<\/td><\/tr><tr><td>Livello di rumore<\/td><td>dB(A)<\/td><td>63<\/td><td>63<\/td><\/tr><\/tbody><\/table><\/figure>\n\n\n\n<div class=\"wp-block-buttons is-horizontal is-content-justification-center is-layout-flex wp-container-core-buttons-is-layout-03627597 wp-block-buttons-is-layout-flex\">\n<div class=\"wp-block-button\"><a class=\"wp-block-button__link wp-element-button\" href=\"https:\/\/obera.fr\/wp-content\/uploads\/2024\/02\/brochure-epur-10-bca.pdf\">scarica la scheda tecnica del prodotto<\/a><\/div>\n<\/div>\n\n\n\n<h2 class=\"wp-block-heading\" id=\"quels-sont-les-avantages-de-notre-filtre-anti-poussiere-odeurs-et-cov-industriel\">Quali sono i vantaggi dei nostri filtri industriali per polveri, odori e VOC?<\/h2>\n\n\n\n<p>Questi sistemi di filtrazione migliorano notevolmente la qualit\u00e0 dell&#8217;aria nelle postazioni di lavoro, riducendo il rischio di esposizione per i dipendenti. Un altro vantaggio \u00e8 la <strong>protezione dei macchinari di produzione<\/strong>, che si traduce in un <strong>minor numero di guasti<\/strong> e in una maggiore durata delle macchine.   <\/p>\n\n\n\n<blockquote class=\"wp-block-quote is-layout-flow wp-block-quote-is-layout-flow\">\n<p>Questi sistemi di trattamento dell&#8217;aria sono <strong>particolarmente silenziosi<\/strong> e possono essere installati direttamente nell&#8217;area di lavoro.  <\/p>\n<\/blockquote>\n\n\n\n<p>Il pre-filtro protegge il filtro principale a carboni attivi dalle particelle pi\u00f9 grosse, garantendone la longevit\u00e0. I filtri possono essere sostituiti in modo semplice e veloce grazie a un&#8217;unica chiave esagonale. Le rotelle e il peso di 20 kg la rendono facile da manovrare. Come richiesto dalle normative, le nostre apparecchiature ti permettono di rispettare i valori limite di esposizione professionale<a href=\"https:\/\/obera.fr\/conseils\/reglementation-vlep-evaluation-risque-chimique-lieu-de-travail\/\" data-type=\"post\" data-id=\"6575\">(OELV<\/a>), <a href=\"https:\/\/obera.fr\/conseils\/qualite-l-air-interieur-critere-essentiel-industrie\/\" data-type=\"post\" data-id=\"5884\">migliorando cos\u00ec la qualit\u00e0 dell&#8217;aria<\/a>.   <\/p>\n\n\n\n<div class=\"wp-block-columns is-layout-flex wp-container-core-columns-is-layout-28f84493 wp-block-columns-is-layout-flex\">\n<div class=\"wp-block-column is-layout-flow wp-block-column-is-layout-flow\">\n<h3 class=\"wp-block-heading has-text-align-center\" id=\"avantages\">Vantaggi<\/h3>\n\n\n\n<ul class=\"wp-block-list\">\n<li>Plug &amp; Play: basta collegarlo alla rete elettrica ed \u00e8 pronto all&#8217;uso<\/li>\n\n\n\n<li>Potente e silenzioso<\/li>\n\n\n\n<li>Nessuna installazione o condotti di aspirazione<\/li>\n\n\n\n<li>Progettato per essere facile da spostare grazie alle sue rotelle<\/li>\n\n\n\n<li>Consumi molto ridotti (consumano meno di un aspirapolvere domestico)<\/li>\n<\/ul>\n<\/div>\n\n\n\n<div class=\"wp-block-column is-layout-flow wp-block-column-is-layout-flow\">\n<h3 class=\"wp-block-heading has-text-align-center\" id=\"particularites\">Caratteristiche speciali<\/h3>\n\n\n\n<ul class=\"wp-block-list\">\n<li>Cartucce caricate con carbone attivo selezionate in base agli inquinanti da trattare.<\/li>\n\n\n\n<li>Cartucce riutilizzabili e riciclabili<\/li>\n\n\n\n<li>Cambia i materiali filtranti da solo in soli 5 minuti, utilizzando una sola chiave a brugola.<\/li>\n\n\n\n<li>Si collega a una presa standard da 220V<\/li>\n<\/ul>\n<\/div>\n\n\n\n<div class=\"wp-block-column is-layout-flow wp-block-column-is-layout-flow\">\n<h3 class=\"wp-block-heading has-text-align-center\" id=\"caracteristiques\">Caratteristiche<\/h3>\n\n\n\n<ul class=\"wp-block-list\">\n<li>Migliora sensibilmente la qualit\u00e0 dell&#8217;aria nei laboratori di produzione, integrando i sistemi esistenti<\/li>\n\n\n\n<li>Cattura gli inquinanti alla fonte<\/li>\n\n\n\n<li>Pu\u00f2 essere dotato di diverse cappe o cappe modulari<\/li>\n<\/ul>\n<\/div>\n<\/div>\n\n\n\n<div class=\"wp-block-buttons is-horizontal is-content-justification-center is-layout-flex wp-container-core-buttons-is-layout-03627597 wp-block-buttons-is-layout-flex\">\n<div class=\"wp-block-button has-custom-width wp-block-button__width-100\"><a class=\"wp-block-button__link wp-element-button\" href=\"https:\/\/obera.fr\/it\/contattaci\/\">Saperne di pi\u00f9<\/a><\/div>\n<\/div>\n\n\n\n<h2 class=\"wp-block-heading\" id=\"les-autres-produits-de-traitement-des-polluants-gazeux-obera\">Altri prodotti per il trattamento degli inquinanti gassosi oberA<\/h2>\n\n\n\n<div class=\"wp-block-columns is-layout-flex wp-container-core-columns-is-layout-28f84493 wp-block-columns-is-layout-flex\">\n<div class=\"wp-block-column is-layout-flow wp-block-column-is-layout-flow\">\n<figure class=\"wp-block-image aligncenter size-medium is-resized\"><a href=\"https:\/\/obera.fr\/produits\/traitement-cov\/aspiration-mobile-odeurs-epur-box\/\"><img decoding=\"async\" width=\"300\" height=\"300\" src=\"https:\/\/obera.fr\/wp-content\/uploads\/2020\/09\/ePUR-BOX-SF-300x300.png\" alt=\"Epur Box Sf\" class=\"wp-image-1036\" srcset=\"https:\/\/obera.fr\/wp-content\/uploads\/2020\/09\/ePUR-BOX-SF-300x300.png 300w, https:\/\/obera.fr\/wp-content\/uploads\/2020\/09\/ePUR-BOX-SF-150x150.png 150w, https:\/\/obera.fr\/wp-content\/uploads\/2020\/09\/ePUR-BOX-SF.png 600w\" sizes=\"(max-width: 300px) 100vw, 300px\" \/><\/a><figcaption class=\"wp-element-caption\">ePUR BOX<\/figcaption><\/figure>\n\n\n\n<figure class=\"wp-block-image aligncenter size-full is-resized\"><a href=\"https:\/\/obera.fr\/produits\/purificateurs-air\/professionnel-epur-ca\/\"><img decoding=\"async\" width=\"500\" height=\"500\" src=\"https:\/\/obera.fr\/wp-content\/uploads\/2022\/02\/EPUR30-CA.png\" alt=\"epur30 ca\" class=\"wp-image-8923\" srcset=\"https:\/\/obera.fr\/wp-content\/uploads\/2022\/02\/EPUR30-CA.png 500w, https:\/\/obera.fr\/wp-content\/uploads\/2022\/02\/EPUR30-CA-300x300.png 300w, https:\/\/obera.fr\/wp-content\/uploads\/2022\/02\/EPUR30-CA-150x150.png 150w\" sizes=\"(max-width: 500px) 100vw, 500px\" \/><\/a><figcaption class=\"wp-element-caption\">ePUR CA<\/figcaption><\/figure>\n<\/div>\n\n\n\n<div class=\"wp-block-column is-layout-flow wp-block-column-is-layout-flow\">\n<figure class=\"wp-block-image aligncenter size-full is-resized\"><a href=\"https:\/\/obera.fr\/produits\/depoussiereurs-industriels\/petits\/aspiration-fumees-soudage-laser-epur-b-ex\/\"><img decoding=\"async\" width=\"600\" height=\"600\" src=\"https:\/\/obera.fr\/wp-content\/uploads\/2023\/10\/epurb-ex-1000-3000-5000.png\" alt=\"oberA epur b ex 1000 3000 5000\" class=\"wp-image-25016\" srcset=\"https:\/\/obera.fr\/wp-content\/uploads\/2023\/10\/epurb-ex-1000-3000-5000.png 600w, https:\/\/obera.fr\/wp-content\/uploads\/2023\/10\/epurb-ex-1000-3000-5000-300x300.png 300w, https:\/\/obera.fr\/wp-content\/uploads\/2023\/10\/epurb-ex-1000-3000-5000-150x150.png 150w\" sizes=\"(max-width: 600px) 100vw, 600px\" \/><\/a><figcaption class=\"wp-element-caption\">ePUR B EX<\/figcaption><\/figure>\n<\/div>\n\n\n\n<div class=\"wp-block-column is-layout-flow wp-block-column-is-layout-flow\">\n<figure class=\"wp-block-image aligncenter size-full is-resized\"><a href=\"https:\/\/obera.fr\/produits\/traitement-cov\/filtre-atex-mobile-mobfan-4500\/\"><img decoding=\"async\" width=\"500\" height=\"500\" src=\"https:\/\/obera.fr\/wp-content\/uploads\/2022\/03\/Filtre-mobile-ATEX-MOBFAN4500.png\" alt=\"filtro mobile atex mobfan4500\" class=\"wp-image-9464\" srcset=\"https:\/\/obera.fr\/wp-content\/uploads\/2022\/03\/Filtre-mobile-ATEX-MOBFAN4500.png 500w, https:\/\/obera.fr\/wp-content\/uploads\/2022\/03\/Filtre-mobile-ATEX-MOBFAN4500-300x300.png 300w, https:\/\/obera.fr\/wp-content\/uploads\/2022\/03\/Filtre-mobile-ATEX-MOBFAN4500-150x150.png 150w\" sizes=\"(max-width: 500px) 100vw, 500px\" \/><\/a><figcaption class=\"wp-element-caption\">MOBFAN 4500<\/figcaption><\/figure>\n<\/div>\n<\/div>\n\n\n\n<p><\/p>\n","protected":false},"excerpt":{"rendered":"<p>Il nostro filtro industriale per polveri e VOC ePUR010 B CA \u00e8 un&#8217;unit\u00e0 di aspirazione mobile a carboni attivi in grado di trattare un flusso d&#8217;aria contenente polveri, particelle fini e inquinanti gassosi. Come funziona il nostro dispositivo? Il funzionamento di questo filtro industriale \u00e8 semplice: l&#8217;aria inquinata viene raccolta alla fonte tramite un tubo flessibile, un condotto, un braccio di aspirazione o una cappa di aspirazione. Il sistema ha 2 o 3 stadi di filtrazione. Le particelle e le polveri vengono trattenute dai primi 2 stadi di filtrazione configurabili (pre-filtro configurabile da G3 a F7) e da un filtro &#8230; <\/p>\n<p class=\"read-more-container\"><a title=\"ePUR010 B CA filtro per polveri industriali, odori e VOC\" class=\"read-more button\" href=\"https:\/\/obera.fr\/it\/produits\/traitement-cov\/filtre-anti-poussiere-epur010-b-ca\/#more-61390\" aria-label=\"Per saperne di pi\u00f9 su ePUR010 B CA filtro per polveri industriali, odori e VOC\">Lire la suite<\/a><\/p>\n","protected":false},"author":4,"featured_media":83742,"parent":44569,"menu_order":0,"comment_status":"closed","ping_status":"closed","template":"","meta":{"_acf_changed":false,"_seopress_robots_primary_cat":"","_seopress_titles_title":"ePUR010 B CA filtro per polveri industriali, odori e VOC","_seopress_titles_desc":"Il filtro industriale ePUR010 B CA \u00e8 un'unit\u00e0 mobile di aspirazione a carbone attivo che tratta l'aria contenente polvere, particelle fini e inquinanti gassosi.","_seopress_robots_index":"","footnotes":""},"class_list":{"0":"post-61390","1":"page","2":"type-page","3":"status-publish","4":"has-post-thumbnail","6":"no-featured-image-padding","7":"resize-featured-image"},"acf":[],"_links":{"self":[{"href":"https:\/\/obera.fr\/it\/wp-json\/wp\/v2\/pages\/61390","targetHints":{"allow":["GET"]}}],"collection":[{"href":"https:\/\/obera.fr\/it\/wp-json\/wp\/v2\/pages"}],"about":[{"href":"https:\/\/obera.fr\/it\/wp-json\/wp\/v2\/types\/page"}],"author":[{"embeddable":true,"href":"https:\/\/obera.fr\/it\/wp-json\/wp\/v2\/users\/4"}],"replies":[{"embeddable":true,"href":"https:\/\/obera.fr\/it\/wp-json\/wp\/v2\/comments?post=61390"}],"version-history":[{"count":8,"href":"https:\/\/obera.fr\/it\/wp-json\/wp\/v2\/pages\/61390\/revisions"}],"predecessor-version":[{"id":87895,"href":"https:\/\/obera.fr\/it\/wp-json\/wp\/v2\/pages\/61390\/revisions\/87895"}],"up":[{"embeddable":true,"href":"https:\/\/obera.fr\/it\/wp-json\/wp\/v2\/pages\/44569"}],"wp:featuredmedia":[{"embeddable":true,"href":"https:\/\/obera.fr\/it\/wp-json\/wp\/v2\/media\/83742"}],"wp:attachment":[{"href":"https:\/\/obera.fr\/it\/wp-json\/wp\/v2\/media?parent=61390"}],"curies":[{"name":"wp","href":"https:\/\/api.w.org\/{rel}","templated":true}]}}