{"id":62053,"date":"2021-07-23T14:22:11","date_gmt":"2021-07-23T12:22:11","guid":{"rendered":"https:\/\/obera.fr\/achat-merci\/"},"modified":"2025-02-17T11:37:28","modified_gmt":"2025-02-17T09:37:28","slug":"achat-merci","status":"publish","type":"page","link":"https:\/\/obera.fr\/it\/achat-merci\/","title":{"rendered":"Grazie per aver ordinato su obera.fr"},"content":{"rendered":"\n<p>Mentre aspetti di ricevere il tuo ordine, puoi leggere gli ultimi post del blog<\/p>\n<ul class=\"wp-block-latest-posts__list is-grid columns-2 wp-block-latest-posts\"><li><a class=\"wp-block-latest-posts__post-title\" href=\"https:\/\/obera.fr\/it\/stampa\/i-francesi-respirano-aria-sana-sul-posto-di-lavoro-in-inverno\/\">I francesi respirano aria sana sul posto di lavoro in inverno?<\/a><div class=\"wp-block-latest-posts__post-excerpt\">OberA svela i risultati di una nuova indagine* condotta su 4.102 persone che mette in luce un persistente divario tra comfort termico e qualit\u00e0 dell\u2019aria sul lavoro: temperature ideali molto dibattute, aerazione invernale rara, assenza di dispositivi di purificazione dell\u2019aria, umidit\u00e0 poco controllata ed esitazioni sui comportamenti corretti di fronte ai &#8230; <p class=\"read-more-container\"><a title=\"I francesi respirano aria sana sul posto di lavoro in inverno?\" class=\"read-more button\" href=\"https:\/\/obera.fr\/it\/stampa\/i-francesi-respirano-aria-sana-sul-posto-di-lavoro-in-inverno\/#more-145744\" aria-label=\"Per saperne di pi\u00f9 su I francesi respirano aria sana sul posto di lavoro in inverno?\">Lire la suite<\/a><\/p><\/div><\/li>\n<li><a class=\"wp-block-latest-posts__post-title\" href=\"https:\/\/obera.fr\/it\/presse\/l89-dei-francesi-sottovaluta-linquinamento-dellaria-sul-posto-di-lavoro\/\">L\u201989% dei francesi sottovaluta l\u2019inquinamento dell\u2019aria sul posto di lavoro<\/a><div class=\"wp-block-latest-posts__post-excerpt\">Un inquinamento che pu\u00f2 essere da 5 a 10 volte pi\u00f9 elevato che all\u2019esterno Solo il 22% dei dipendenti sa che mantenere un\u2019aria interna salubre \u00e8 un obbligo normativo per il datore di lavoro Cosa pensi della qualit\u00e0 dell\u2019aria sul tuo luogo di lavoro? \u00c8 la domanda che l\u2019azienda OberA ha &#8230; <p class=\"read-more-container\"><a title=\"L\u201989% dei francesi sottovaluta l\u2019inquinamento dell\u2019aria sul posto di lavoro\" class=\"read-more button\" href=\"https:\/\/obera.fr\/it\/presse\/l89-dei-francesi-sottovaluta-linquinamento-dellaria-sul-posto-di-lavoro\/#more-145716\" aria-label=\"Per saperne di pi\u00f9 su L\u201989% dei francesi sottovaluta l\u2019inquinamento dell\u2019aria sul posto di lavoro\">Lire la suite<\/a><\/p><\/div><\/li>\n<li><div class=\"wp-block-latest-posts__featured-image aligncenter\"><a href=\"https:\/\/obera.fr\/it\/il-nostro-consiglio\/misurazione-della-qualita-dellaria-interna-interesse-e-principio\/\" aria-label=\"Misurazione della qualit\u00e0 dell&#8217;aria interna: interesse e principio\"><img decoding=\"async\" width=\"1024\" height=\"181\" src=\"https:\/\/obera.fr\/wp-content\/uploads\/2022\/10\/banniere-obera-1024x181.png\" class=\"attachment-large size-large wp-post-image\" alt=\"banni\u00e8re obera protection pr\u00e9-s\u00e9parateur\" style=\"max-width:500px;\" srcset=\"https:\/\/obera.fr\/wp-content\/uploads\/2022\/10\/banniere-obera-1024x181.png 1024w, https:\/\/obera.fr\/wp-content\/uploads\/2022\/10\/banniere-obera-300x53.png 300w, https:\/\/obera.fr\/wp-content\/uploads\/2022\/10\/banniere-obera-768x136.png 768w, https:\/\/obera.fr\/wp-content\/uploads\/2022\/10\/banniere-obera-1536x272.png 1536w, https:\/\/obera.fr\/wp-content\/uploads\/2022\/10\/banniere-obera.png 1980w\" sizes=\"(max-width: 1024px) 100vw, 1024px\" \/><\/a><\/div><a class=\"wp-block-latest-posts__post-title\" href=\"https:\/\/obera.fr\/it\/il-nostro-consiglio\/misurazione-della-qualita-dellaria-interna-interesse-e-principio\/\">Misurazione della qualit\u00e0 dell&#8217;aria interna: interesse e principio<\/a><div class=\"wp-block-latest-posts__post-excerpt\">Secondo i dati dell&#8217;OMS, la Francia registrerebbe quasi 50.000 decessi all&#8217;anno legati all&#8217;inquinamento atmosferico, ovvero 10 volte di pi\u00f9 rispetto agli incidenti stradali! Inoltre, si stima che l&#8217;aria interna di un&#8217;abitazione o di un locale professionale sia da 5 a 10 volte pi\u00f9 inquinata rispetto a quella dell&#8217;ambiente esterno.<\/div><\/li>\n<li><div class=\"wp-block-latest-posts__featured-image aligncenter\"><a href=\"https:\/\/obera.fr\/it\/industria-farmaceutica\/industria-farmaceutica-controllare-la-polverosita-e-lesposizione-durante-la-pesatura-e-il-trasferimento-di-hpapi\/\" aria-label=\"Industria farmaceutica: Controllare la polverosit\u00e0 e l&#8217;esposizione durante la pesatura e il trasferimento di HPAPI\"><img decoding=\"async\" width=\"1024\" height=\"181\" src=\"https:\/\/obera.fr\/wp-content\/uploads\/2025\/04\/banniere-obera-6-1-1024x181.png\" class=\"attachment-large size-large wp-post-image\" alt=\"banner obera (6)\" style=\"max-width:500px;\" srcset=\"https:\/\/obera.fr\/wp-content\/uploads\/2025\/04\/banniere-obera-6-1-1024x181.png 1024w, https:\/\/obera.fr\/wp-content\/uploads\/2025\/04\/banniere-obera-6-1-300x53.png 300w, https:\/\/obera.fr\/wp-content\/uploads\/2025\/04\/banniere-obera-6-1-768x136.png 768w, https:\/\/obera.fr\/wp-content\/uploads\/2025\/04\/banniere-obera-6-1-1536x272.png 1536w, https:\/\/obera.fr\/wp-content\/uploads\/2025\/04\/banniere-obera-6-1.png 1980w\" sizes=\"(max-width: 1024px) 100vw, 1024px\" \/><\/a><\/div><a class=\"wp-block-latest-posts__post-title\" href=\"https:\/\/obera.fr\/it\/industria-farmaceutica\/industria-farmaceutica-controllare-la-polverosita-e-lesposizione-durante-la-pesatura-e-il-trasferimento-di-hpapi\/\">Industria farmaceutica: Controllare la polverosit\u00e0 e l&#8217;esposizione durante la pesatura e il trasferimento di HPAPI<\/a><div class=\"wp-block-latest-posts__post-excerpt\">La crescente importanza degli HPAPI (Highly Potent Active Pharmaceutical Ingredients \u2013 principi attivi altamente potenti) sta profondamente trasformando le pratiche di produzione farmaceutica.<\/div><\/li>\n<li><div class=\"wp-block-latest-posts__featured-image aligncenter\"><a href=\"https:\/\/obera.fr\/it\/sport\/raffrescamento-mobile-per-gli-eventi-sportivi-la-soluzione-ic-di-obera-performante-e-immediata\/\" aria-label=\"Raffrescamento mobile per gli eventi sportivi: la soluzione IC di OberA, performante e immediata\"><img decoding=\"async\" width=\"1024\" height=\"181\" src=\"https:\/\/obera.fr\/wp-content\/uploads\/2025\/04\/banniere-obera-6-1-1024x181.png\" class=\"attachment-large size-large wp-post-image\" alt=\"banner obera (6)\" style=\"max-width:500px;\" srcset=\"https:\/\/obera.fr\/wp-content\/uploads\/2025\/04\/banniere-obera-6-1-1024x181.png 1024w, https:\/\/obera.fr\/wp-content\/uploads\/2025\/04\/banniere-obera-6-1-300x53.png 300w, https:\/\/obera.fr\/wp-content\/uploads\/2025\/04\/banniere-obera-6-1-768x136.png 768w, https:\/\/obera.fr\/wp-content\/uploads\/2025\/04\/banniere-obera-6-1-1536x272.png 1536w, https:\/\/obera.fr\/wp-content\/uploads\/2025\/04\/banniere-obera-6-1.png 1980w\" sizes=\"(max-width: 1024px) 100vw, 1024px\" \/><\/a><\/div><a class=\"wp-block-latest-posts__post-title\" href=\"https:\/\/obera.fr\/it\/sport\/raffrescamento-mobile-per-gli-eventi-sportivi-la-soluzione-ic-di-obera-performante-e-immediata\/\">Raffrescamento mobile per gli eventi sportivi: la soluzione IC di OberA, performante e immediata<\/a><div class=\"wp-block-latest-posts__post-excerpt\">Che si tratti di competizioni all&#8217;aperto, di tornei indoor, di strutture temporanee o di manifestazioni di grande portata, gli eventi sportivi sono fortemente esposti alle variazioni climatiche.<\/div><\/li>\n<li><div class=\"wp-block-latest-posts__featured-image aligncenter\"><a href=\"https:\/\/obera.fr\/it\/il-nostro-consiglio\/silicose-menace-invisible\/\" aria-label=\"Silicosi: una minaccia invisibile per gli scalpellini e la loro aspettativa di vita\"><img decoding=\"async\" width=\"1024\" height=\"181\" src=\"https:\/\/obera.fr\/wp-content\/uploads\/2025\/07\/taille-de-pierre-1-1-1024x181.png\" class=\"attachment-large size-large wp-post-image\" alt=\"\" style=\"max-width:500px;\" srcset=\"https:\/\/obera.fr\/wp-content\/uploads\/2025\/07\/taille-de-pierre-1-1-1024x181.png 1024w, https:\/\/obera.fr\/wp-content\/uploads\/2025\/07\/taille-de-pierre-1-1-300x53.png 300w, https:\/\/obera.fr\/wp-content\/uploads\/2025\/07\/taille-de-pierre-1-1-768x136.png 768w, https:\/\/obera.fr\/wp-content\/uploads\/2025\/07\/taille-de-pierre-1-1-1536x272.png 1536w, https:\/\/obera.fr\/wp-content\/uploads\/2025\/07\/taille-de-pierre-1-1.png 1980w\" sizes=\"(max-width: 1024px) 100vw, 1024px\" \/><\/a><\/div><a class=\"wp-block-latest-posts__post-title\" href=\"https:\/\/obera.fr\/it\/il-nostro-consiglio\/silicose-menace-invisible\/\">Silicosi: una minaccia invisibile per gli scalpellini e la loro aspettativa di vita<\/a><div class=\"wp-block-latest-posts__post-excerpt\">Il taglio della pietra \u00e8 una professione nobile, ricca di storia e di esperienza. Ma dietro la bellezza di questo mestiere si nasconde un rischio per la salute spesso sottovalutato: la silicosi, una malattia polmonare irreversibile causata dall&#8217;inalazione di polvere di silice. <\/div><\/li>\n<li><div class=\"wp-block-latest-posts__featured-image aligncenter\"><a href=\"https:\/\/obera.fr\/it\/il-nostro-consiglio\/vie-artisan-tailleur\/\" aria-label=\"Vivere la mia vita da sarto nel 2025: tra passione e cautela\"><img decoding=\"async\" width=\"1024\" height=\"181\" src=\"https:\/\/obera.fr\/wp-content\/uploads\/2025\/07\/taille-de-pierre-1-1024x181.png\" class=\"attachment-large size-large wp-post-image\" alt=\"\" style=\"max-width:500px;\" srcset=\"https:\/\/obera.fr\/wp-content\/uploads\/2025\/07\/taille-de-pierre-1-1024x181.png 1024w, https:\/\/obera.fr\/wp-content\/uploads\/2025\/07\/taille-de-pierre-1-300x53.png 300w, https:\/\/obera.fr\/wp-content\/uploads\/2025\/07\/taille-de-pierre-1-768x136.png 768w, https:\/\/obera.fr\/wp-content\/uploads\/2025\/07\/taille-de-pierre-1-1536x272.png 1536w, https:\/\/obera.fr\/wp-content\/uploads\/2025\/07\/taille-de-pierre-1.png 1980w\" sizes=\"(max-width: 1024px) 100vw, 1024px\" \/><\/a><\/div><a class=\"wp-block-latest-posts__post-title\" href=\"https:\/\/obera.fr\/it\/il-nostro-consiglio\/vie-artisan-tailleur\/\">Vivere la mia vita da sarto nel 2025: tra passione e cautela<\/a><div class=\"wp-block-latest-posts__post-excerpt\">Questo \u00e8 ci\u00f2 che mi disse il mio allenatore il primo giorno. Dieci anni dopo, \u00e8 diventato il mio mantra. Essere un marmista nel 2025 \u00e8 ancora una questione di passione. Ma oggi si tratta anche di prendere delle precauzioni.     <\/div><\/li>\n<li><div class=\"wp-block-latest-posts__featured-image aligncenter\"><a href=\"https:\/\/obera.fr\/it\/il-nostro-consiglio\/silice-cristalline-loi-obligations\/\" aria-label=\"Silice cristallina: cosa dice la legge? Obblighi legali per i laboratori di taglio della pietra\"><img decoding=\"async\" width=\"1024\" height=\"181\" src=\"https:\/\/obera.fr\/wp-content\/uploads\/2025\/07\/taille-de-pierre-1024x181.png\" class=\"attachment-large size-large wp-post-image\" alt=\"\" style=\"max-width:500px;\" srcset=\"https:\/\/obera.fr\/wp-content\/uploads\/2025\/07\/taille-de-pierre-1024x181.png 1024w, https:\/\/obera.fr\/wp-content\/uploads\/2025\/07\/taille-de-pierre-300x53.png 300w, https:\/\/obera.fr\/wp-content\/uploads\/2025\/07\/taille-de-pierre-768x136.png 768w, https:\/\/obera.fr\/wp-content\/uploads\/2025\/07\/taille-de-pierre-1536x272.png 1536w, https:\/\/obera.fr\/wp-content\/uploads\/2025\/07\/taille-de-pierre.png 1980w\" sizes=\"(max-width: 1024px) 100vw, 1024px\" \/><\/a><\/div><a class=\"wp-block-latest-posts__post-title\" href=\"https:\/\/obera.fr\/it\/il-nostro-consiglio\/silice-cristalline-loi-obligations\/\">Silice cristallina: cosa dice la legge? Obblighi legali per i laboratori di taglio della pietra<\/a><div class=\"wp-block-latest-posts__post-excerpt\">Da diversi anni le autorit\u00e0 pubbliche hanno inasprito le norme che regolano l&#8217;esposizione alla polvere di silice cristallina, in particolare nei settori dell&#8217;edilizia e della muratura.<\/div><\/li>\n<\/ul>","protected":false},"excerpt":{"rendered":"<p>Mentre aspetti di ricevere il tuo ordine, puoi leggere gli ultimi post del blog<\/p>\n","protected":false},"author":4,"featured_media":0,"parent":0,"menu_order":0,"comment_status":"closed","ping_status":"closed","template":"","meta":{"_acf_changed":false,"_seopress_robots_primary_cat":"","_seopress_titles_title":"","_seopress_titles_desc":"","_seopress_robots_index":"S\u00ec","footnotes":""},"class_list":{"0":"post-62053","1":"page","2":"type-page","3":"status-publish","5":"no-featured-image-padding"},"acf":[],"_links":{"self":[{"href":"https:\/\/obera.fr\/it\/wp-json\/wp\/v2\/pages\/62053","targetHints":{"allow":["GET"]}}],"collection":[{"href":"https:\/\/obera.fr\/it\/wp-json\/wp\/v2\/pages"}],"about":[{"href":"https:\/\/obera.fr\/it\/wp-json\/wp\/v2\/types\/page"}],"author":[{"embeddable":true,"href":"https:\/\/obera.fr\/it\/wp-json\/wp\/v2\/users\/4"}],"replies":[{"embeddable":true,"href":"https:\/\/obera.fr\/it\/wp-json\/wp\/v2\/comments?post=62053"}],"version-history":[{"count":1,"href":"https:\/\/obera.fr\/it\/wp-json\/wp\/v2\/pages\/62053\/revisions"}],"predecessor-version":[{"id":62055,"href":"https:\/\/obera.fr\/it\/wp-json\/wp\/v2\/pages\/62053\/revisions\/62055"}],"wp:attachment":[{"href":"https:\/\/obera.fr\/it\/wp-json\/wp\/v2\/media?parent=62053"}],"curies":[{"name":"wp","href":"https:\/\/api.w.org\/{rel}","templated":true}]}}