{"id":67296,"date":"2025-01-17T11:13:01","date_gmt":"2025-01-17T09:13:01","guid":{"rendered":"https:\/\/obera.fr\/produits\/depoussiereurs-industriels\/luce-della-polvere\/"},"modified":"2025-07-11T11:18:48","modified_gmt":"2025-07-11T09:18:48","slug":"luce-della-polvere","status":"publish","type":"page","link":"https:\/\/obera.fr\/it\/produits\/depoussiereurs-industriels\/luce-della-polvere\/","title":{"rendered":"Controlla il tuo ambiente di lavoro con Dustlight"},"content":{"rendered":"\n<div class=\"wp-block-columns is-layout-flex wp-container-core-columns-is-layout-28f84493 wp-block-columns-is-layout-flex\">\n<div class=\"wp-block-column is-layout-flow wp-block-column-is-layout-flow\">\n<div class=\"wp-block-media-text has-media-on-the-right is-stacked-on-mobile\" style=\"grid-template-columns:auto 33%\"><div class=\"wp-block-media-text__content\">\n<p>OberA \u00e8 orgogliosa di presentare <strong>Dustlight<\/strong>, un innovativo analizzatore portatile progettato per rilevare e analizzare con precisione le polveri sottili.  <\/p>\n\n\n\n<p>Compatto, affidabile e facile da usare, questo dispositivo \u00e8 lo strumento ideale per i professionisti e gli industriali che desiderano monitorare la qualit\u00e0 dell&#8217;aria e identificare le particelle in sospensione.<\/p>\n<\/div><figure class=\"wp-block-media-text__media\"><img decoding=\"async\" src=\"https:\/\/lh7-rt.googleusercontent.com\/docsz\/AD_4nXePsRD5Y4gAIBhHibguQOn0U6fgzh-p6iUVppCy2PUUWG4S_QIvoTfNJeagK6httptlC4XtT9kmxghV9258tIgq2J0QFwvU7BowEB_Xe_4_rgzVdEW0mM97dpA7WZj9dGkQUsTtMadi1obMqCXsxII?key=QO8r7RmlolM9MhCfcv5-73XE\" alt=\"Prevenzione dei rischi legati alla polvere | Travail-emploi.gouv.fr | Minist\u00e8re du Travail, de la Sant\u00e9, des Solidarit\u00e9s et des Familles\"\/><\/figure><\/div>\n\n\n\n<div style=\"height:41px\" aria-hidden=\"true\" class=\"wp-block-spacer\"><\/div>\n\n\n\n<div class=\"wp-block-buttons is-content-justification-center is-layout-flex wp-container-core-buttons-is-layout-a89b3969 wp-block-buttons-is-layout-flex\">\n<div class=\"wp-block-button\"><a class=\"wp-block-button__link has-text-align-center wp-element-button\" href=\"https:\/\/obera.fr\/formulaire-dustlight\/\">TEST GRATUITO DI 20 GIORNI<\/a><\/div>\n<\/div>\n<\/div>\n<\/div>\n\n<p><\/p>\n\n<p><\/p>\n\n<h2 class=\"wp-block-heading\">Proteggiti dal pericolo invisibile della polvere respirabile sul posto di lavoro<\/h2>\n\n<figure class=\"wp-block-image aligncenter is-resized\"><img decoding=\"async\" src=\"https:\/\/lh7-rt.googleusercontent.com\/docsz\/AD_4nXcOS0Hfg67TC29tD0YKTlwhEbY82uCB9DoKqHN4byLMiiWnWb6_cUR2kTh4CxjF9WQI7qzrJx1chS1E8L9qU3zGeBgcCaStWF9a7mYnCr73_ylzp9tDc1LItbkRpO8_Eg6aBoXNFQRLSfcDQnw1RmM?key=QO8r7RmlolM9MhCfcv5-73XE\" alt=\"Un'immagine contenente testo, Dispositivi elettronici, Dispositivi elettronici, Screenshot&#10;&#10;Descrizione generata automaticamente\" style=\"width:617px;height:auto\"\/><figcaption class=\"wp-element-caption\"><strong>Analizzatore portatile di polveri sottili<\/strong><\/figcaption><\/figure>\n\n<p>Usa il dispositivo di misurazione Dustlight per misurare con precisione le concentrazioni di polvere.  <\/p>\n\n<p>in ambienti industriali e proteggere la tua salute e quella dei tuoi dipendenti.<\/p>\n\n<p><\/p>\n\n<p>Le polveri sottili respirabili possono causare gravi problemi di salute come malattie respiratorie, problemi cardiovascolari e cancro.<\/p>\n\n<p><\/p>\n\n<p>Con <strong>Dustlight<\/strong> puoi ridurre al minimo questi rischi misurando l&#8217;esposizione alla polvere e adottando le misure di protezione adeguate.<\/p>\n\n<p><\/p>\n\n<p><strong>Dustlight<\/strong> misura l&#8217;esposizione alla polvere ogni secondo.  <\/p>\n\n<p>I valori possono essere visualizzati sul nostro smartphone e sull&#8217;applicazione web e scaricati come report.  <\/p>\n\n<p><\/p>\n\n<h2 class=\"wp-block-heading\">Crea un ambiente di lavoro sicuro e investi nella salute dei tuoi dipendenti con il rilevatore di polveri Dustlight.<\/h2>\n\n<p><\/p>\n\n<p><strong>Basta accenderlo e lavorare in tutta sicurezza!<\/strong><\/p>\n\n<p><\/p>\n\n<ul class=\"wp-block-list\">\n<li><strong>Mappare e monitorare le concentrazioni di polvere in tempo reale<\/strong>: <strong>PM10, PM2.5 e PM1 <\/strong> <\/li>\n\n\n\n<li><strong>Avvisare rapidamente le persone della necessit\u00e0 di indossare una protezione respiratoria.<\/strong><\/li>\n\n\n\n<li><strong>Rendere visibile il rischio di esposizione a polveri pericolose (CMR)<\/strong><\/li>\n\n\n\n<li><strong>Identificare le fonti di inquinamento e renderle visibili in modo da poterle affrontare in modo pi\u00f9 efficace<\/strong><\/li>\n\n\n\n<li><strong>Proteggere gli operatori nelle fabbriche e nei cantieri edili<\/strong><\/li>\n\n\n\n<li><strong>Identificare la polvere respirabile<\/strong><\/li>\n\n\n\n<li><strong>Anticipare i provvedimenti normativi<\/strong><\/li>\n\n\n\n<li><strong>Convalidare una soluzione implementata<\/strong><\/li>\n<\/ul>\n\n<div class=\"wp-block-media-text has-media-on-the-right is-stacked-on-mobile\" style=\"grid-template-columns:auto 20%\"><div class=\"wp-block-media-text__content\">\n<p class=\"has-text-align-center\"><strong>Una soluzione innovativa  <\/strong><\/p>\n\n\n\n<p class=\"has-text-align-center\"><strong>Aiuta a identificare le situazioni critiche in tempo reale,<\/strong> <strong>aiutando a proteggere<\/strong> <strong>salute dei lavoratori: PREVENZIONE <\/strong> <\/p>\n<\/div><figure class=\"wp-block-media-text__media\"><img decoding=\"async\" src=\"https:\/\/lh7-rt.googleusercontent.com\/docsz\/AD_4nXeMFP13jbj-PgQg3zsXKleNzM21nevJo4ZMdadvv0-GNt5HN84xZQB6mAnWebn-wFPR-rT_1JpVNez2htbLY9d4Ve75JkuKUHIqs0fLQs9OeMiTljWOFxzfyO-fptezwx-JAYi4g5NCkfxQYE6Rrw?key=QO8r7RmlolM9MhCfcv5-73XE\" alt=\"Click Fast - Fascia toracica\"\/><\/figure><\/div>\n\n<h3 class=\"wp-block-heading\">Semplice, affidabile e robusto<\/h3>\n\n<p>Rilevamento immediato: una misurazione altamente efficace e precisa.<\/p>\n\n<p>Valutazione rapida del carico di polvere con display colorato e avviso acustico.<\/p>\n\n<p>Un sistema semaforico che ti d\u00e0 un&#8217;indicazione rapida e chiara quando i valori limite vengono superati, in modo che tu possa intervenire immediatamente.<\/p>\n\n<h3 class=\"wp-block-heading\">Campi di applicazione<\/h3>\n\n<ul class=\"wp-block-list\">\n<li>Industria del legno: algoritmo speciale per la misurazione della polvere di legno duro e tenero<\/li>\n\n\n\n<li>Saldatura: monitoraggio dei fumi di saldatura e delle polveri metalliche.<\/li>\n\n\n\n<li>Misurazione adatta a sostanze come la silice e le polveri<\/li>\n\n\n\n<li>Industria alimentare<\/li>\n\n\n\n<li>Configurabile per applicazioni specifiche<\/li>\n<\/ul>\n\n<h3 class=\"wp-block-heading\">Tecnologia e innovazione<\/h3>\n\n<ul class=\"wp-block-list\">\n<li>Sensore fotometrico laser<\/li>\n\n\n\n<li>Rilevamento veloce e preciso delle particelle<\/li>\n\n\n\n<li>Protezione del sensore<\/li>\n\n\n\n<li>Flusso d&#8217;aria filtrato e sistema di pulizia automatica per una maggiore durata.<\/li>\n<\/ul>\n\n<h3 class=\"wp-block-heading\">Testato e approvato<\/h3>\n\n<p>Convalidato dall&#8217;Istituto per la Ricerca sulle Sostanze Pericolose (IGF)  <\/p>\n\n<p><\/p>\n\n<figure class=\"wp-block-image aligncenter is-resized\"><img decoding=\"async\" src=\"https:\/\/lh7-rt.googleusercontent.com\/docsz\/AD_4nXdpqfRaq3oGk9dAXgZ7x3rjs5SzASfAHYKydUkBgvmnTjZ5JgpSdlKbZKnVxPfWPOjTUifc5SLMAcyDv4ciV6yYT5AQcLkpX61KeDgoaoVP7TC-bwCWL_w0JA6woMYYZDAlgg7ewWyzWQmlIVx4LA?key=QO8r7RmlolM9MhCfcv5-73XE\" alt=\"Dustlight Misuratore di polveri respirabili per il monitoraggio della qualit&#xE0; dell'aria sul posto di lavoro, robusto e portatile per uso industriale. Il LED verde indica un'esposizione alla polvere inferiore al valore di soglia.\" style=\"width:458px;height:auto\"\/><\/figure>\n\n<h2 class=\"wp-block-heading\">Caratteristiche principali<\/h2>\n\n<h3 class=\"wp-block-heading\">Misure precise<\/h3>\n\n<p>Monitoraggio delle polveri PM10, PM2.5 e PM1 con una risoluzione di 1 \u00b5g\/m\u00b3.<\/p>\n\n<h3 class=\"wp-block-heading\">Sistema di allarme visivo  <\/h3>\n\n<ul class=\"wp-block-list\">\n<li>Display a LED e segnale luminoso (verde, giallo, rosso) in base ai valori limite<\/li>\n\n\n\n<li>TRGS 900 (equivalente al VLEP in Germania)<\/li>\n\n\n\n<li>Visualizzazione del carico attuale di polvere respirabile<\/li>\n\n\n\n<li>Durata della batteria fino a 40 ore (modalit\u00e0 Eco) + stato di carica<\/li>\n<\/ul>\n\n<h3 class=\"wp-block-heading\">Robustezza<\/h3>\n\n<ul class=\"wp-block-list\">\n<li>Attrezzature avanzate per la protezione dalla polvere  <\/li>\n\n\n\n<li>per la massima durata (pre-filtri, aria filtrata, autopulizia)<\/li>\n\n\n\n<li>Sistema di protezione brevettato per sensori permanentemente puliti<\/li>\n\n\n\n<li>Presa di ricarica a prova di polvere<\/li>\n<\/ul>\n\n<h3 class=\"wp-block-heading\">Montaggio modulare<\/h3>\n\n<ul class=\"wp-block-list\">\n<li>Sistema di adattamento brevettato Klick-Fast (clip, striscia di velcro, patch)<\/li>\n<\/ul>\n\n<h3 class=\"wp-block-heading\">Dati tecnici<\/h3>\n\n<ul class=\"wp-block-list\">\n<li>Dimensioni: 69 x 69 x 32,5 mm (senza clip)<\/li>\n\n\n\n<li>Peso: 149 g<\/li>\n\n\n\n<li>Batteria: agli ioni di litio, a<\/li>\n\n\n\n<li>Grado di protezione: IP4X<\/li>\n\n\n\n<li>Temperatura di esercizio : Da -10 a +50 \u00b0C<\/li>\n\n\n\n<li>Intervallo di misurazione: 0 &#8211; 10.000 \u00b5g\/m\u00b3.<\/li>\n\n\n\n<li>Servizi associati<\/li>\n\n\n\n<li>Configurazioni specifiche: adattamento ad ambienti specifici  <\/li>\n\n\n\n<li>(ad esempio, legno, saldatura).<\/li>\n\n\n\n<li>Manutenzione: servizio annuale che include pulizia, ricalibrazione e aggiornamenti software.<\/li>\n<\/ul>\n\n<h2 class=\"wp-block-heading\">Dustlight \u00e8 ora disponibile tramite la nuova applicazione web e l&#8217;app per smartphone.  <\/h2>\n\n<ul class=\"wp-block-list\">\n<li>Una tecnologia di misurazione all&#8217;avanguardia che registra i livelli di polvere al secondo.  <\/li>\n\n\n\n<li>Un sistema di allarme integrato che aiuta a rispettare gli standard di qualit\u00e0 dell&#8217;aria<\/li>\n\n\n\n<li>Regolazione individuale dei valori limite nell&#8217;applicazione e nell&#8217;applicazione web<\/li>\n\n\n\n<li>Avvisi sonori e colorati non appena vengono superati i valori limite da te impostati, in modo da poter prendere decisioni tempestive<\/li>\n\n\n\n<li>Reporting avanzato e analisi dei dati &#8211; scarica direttamente i report di valutazione del rischio &#8211; importante supporto per il reporting ESG.\n<ul class=\"wp-block-list\">\n<li>Formato CSV o PDF<\/li>\n<\/ul>\n<\/li>\n<\/ul>\n\n<figure class=\"wp-block-image aligncenter is-resized\"><img decoding=\"async\" src=\"https:\/\/lh7-rt.googleusercontent.com\/docsz\/AD_4nXfpUeAu-RQ97rEMo0ogKOvI3id8fXZbwSMJwAgs-GtmaJ_Q5nyjpb40R12sTCs5kSWbL5tB4dLEl37jMKzpdX0-E-_fW3yQnN7Lb1c_7lYFSPlGmw0UjR5Ubi1ZHw8JTmPjIJIIkzYCGP9bS9qSE6Y?key=QO8r7RmlolM9MhCfcv5-73XE\" alt=\"Un'immagine contenente testo, multimedia, dispositivi elettronici, software&#10;&#10;Descrizione generata automaticamente\" style=\"width:800px;height:auto\"\/><\/figure>\n\n<p class=\"has-text-align-center\"><strong>Ordina il tuo Dustlight oggi stesso  <\/strong><\/p>\n\n<p class=\"has-text-align-center\"><strong>e garantire un ambiente di lavoro pi\u00f9 sicuro!<\/strong><\/p>\n\n<div class=\"wp-block-buttons is-content-justification-center is-layout-flex wp-container-core-buttons-is-layout-a89b3969 wp-block-buttons-is-layout-flex\">\n<div class=\"wp-block-button\"><a class=\"wp-block-button__link has-text-align-center wp-element-button\" href=\"https:\/\/obera.fr\/formulaire-dustlight\/\">TEST GRATUITO DI 20 GIORNI<\/a><\/div>\n<\/div>\n","protected":false},"excerpt":{"rendered":"<p>OberA \u00e8 orgogliosa di presentare Dustlight, un innovativo analizzatore portatile progettato per rilevare e analizzare con precisione le polveri sottili. Compatto, affidabile e facile da usare, questo dispositivo \u00e8 lo strumento ideale per i professionisti e gli industriali che desiderano monitorare la qualit\u00e0 dell&#8217;aria e identificare le particelle in sospensione. Proteggiti dal pericolo invisibile della polvere respirabile sul posto di lavoro Usa il dispositivo di misurazione Dustlight per misurare con precisione le concentrazioni di polvere. in ambienti industriali e proteggere la tua salute e quella dei tuoi dipendenti. Le polveri sottili respirabili possono causare gravi problemi di salute come malattie &#8230; <\/p>\n<p class=\"read-more-container\"><a title=\"Controlla il tuo ambiente di lavoro con Dustlight\" class=\"read-more button\" href=\"https:\/\/obera.fr\/it\/produits\/depoussiereurs-industriels\/luce-della-polvere\/#more-67296\" aria-label=\"Per saperne di pi\u00f9 su Controlla il tuo ambiente di lavoro con Dustlight\">Lire la suite<\/a><\/p>\n","protected":false},"author":4,"featured_media":103621,"parent":45630,"menu_order":0,"comment_status":"closed","ping_status":"closed","template":"","meta":{"_acf_changed":false,"_seopress_robots_primary_cat":"","_seopress_titles_title":"Controlla il tuo ambiente di lavoro con Dustlight","_seopress_titles_desc":"Scopri Dustlight di OberA, un analizzatore portatile preciso e compatto per la rilevazione delle polveri sottili. Ideale per monitorare la qualit\u00e0 dell'aria.","_seopress_robots_index":"","footnotes":""},"class_list":{"0":"post-67296","1":"page","2":"type-page","3":"status-publish","4":"has-post-thumbnail","6":"no-featured-image-padding","7":"resize-featured-image"},"acf":[],"_links":{"self":[{"href":"https:\/\/obera.fr\/it\/wp-json\/wp\/v2\/pages\/67296","targetHints":{"allow":["GET"]}}],"collection":[{"href":"https:\/\/obera.fr\/it\/wp-json\/wp\/v2\/pages"}],"about":[{"href":"https:\/\/obera.fr\/it\/wp-json\/wp\/v2\/types\/page"}],"author":[{"embeddable":true,"href":"https:\/\/obera.fr\/it\/wp-json\/wp\/v2\/users\/4"}],"replies":[{"embeddable":true,"href":"https:\/\/obera.fr\/it\/wp-json\/wp\/v2\/comments?post=67296"}],"version-history":[{"count":4,"href":"https:\/\/obera.fr\/it\/wp-json\/wp\/v2\/pages\/67296\/revisions"}],"predecessor-version":[{"id":121582,"href":"https:\/\/obera.fr\/it\/wp-json\/wp\/v2\/pages\/67296\/revisions\/121582"}],"up":[{"embeddable":true,"href":"https:\/\/obera.fr\/it\/wp-json\/wp\/v2\/pages\/45630"}],"wp:featuredmedia":[{"embeddable":true,"href":"https:\/\/obera.fr\/it\/wp-json\/wp\/v2\/media\/103621"}],"wp:attachment":[{"href":"https:\/\/obera.fr\/it\/wp-json\/wp\/v2\/media?parent=67296"}],"curies":[{"name":"wp","href":"https:\/\/api.w.org\/{rel}","templated":true}]}}