{"id":84254,"date":"2024-04-05T22:42:52","date_gmt":"2024-04-05T20:42:52","guid":{"rendered":"https:\/\/obera.fr\/produits\/aspirateurs-industriels\/w2-haute-filtration-polyvalence\/"},"modified":"2025-06-03T10:30:15","modified_gmt":"2025-06-03T08:30:15","slug":"w2-haute-filtration-polyvalence","status":"publish","type":"page","link":"https:\/\/obera.fr\/it\/produits\/aspirateurs-industriels\/w2-haute-filtration-polyvalence\/","title":{"rendered":"Hoover industriale W2"},"content":{"rendered":"\n<p>Compatto e mobile, l&#8217;<a href=\"https:\/\/obera.fr\/it\/produits\/aspirateurs-industriels\/\" data-type=\"page\" data-id=\"41\">aspirapolvere industriale<\/a> W2 \u00e8 una delle attrezzature pi\u00f9 efficienti del mercato, rinomata per la sua robustezza, l&#8217;elevata capacit\u00e0 di filtraggio e le sue prestazioni.<\/p>\n\n\n\n<h2 class=\"wp-block-heading\">W2 aspirapolvere industriali a umido e a secco: come funzionano e dove si usano?<\/h2>\n\n\n\n<div class=\"wp-block-columns is-layout-flex wp-container-core-columns-is-layout-28f84493 wp-block-columns-is-layout-flex\">\n<div class=\"wp-block-column is-layout-flow wp-block-column-is-layout-flow\" style=\"flex-basis:33.33%\">\n<figure class=\"wp-block-image size-full is-resized\"><img decoding=\"async\" width=\"711\" height=\"622\" src=\"https:\/\/obera.fr\/wp-content\/uploads\/2024\/10\/w2.png\" alt=\"Aspiratori industriali\" class=\"wp-image-35424\" style=\"object-fit:cover;width:300px;height:300px\" srcset=\"https:\/\/obera.fr\/wp-content\/uploads\/2024\/10\/w2.png 711w, https:\/\/obera.fr\/wp-content\/uploads\/2024\/10\/w2-300x262.png 300w\" sizes=\"(max-width: 711px) 100vw, 711px\" \/><\/figure>\n<\/div>\n\n\n\n<div class=\"wp-block-column is-layout-flow wp-block-column-is-layout-flow\" style=\"flex-basis:66.66%\">\n<p>Il vantaggio principale dell&#8217;<strong>aspirapolvere industriale W2<\/strong> \u00e8 la sua versatilit\u00e0. Grazie alla sua potenza di aspirazione, pu\u00f2 sollevare e aspirare contemporaneamente materiali solidi e liquidi. \u00c8 dotato di due motori monofase by-pass protetti da una robusta testata in acciaio e insonorizzati all&#8217;interno. L&#8217;aspirapolvere \u00e8 dotato di un sistema di separazione acqua\/polvere per filtrare i liquidi dalle particelle secche. Le particelle di polvere aspirate vengono conservate in un contenitore in acciaio, mentre i liquidi vengono raccolti in un serbatoio.    <\/p>\n\n\n\n<p>L&#8217;aspirapolvere industriale W2 \u00e8 ideale per <strong>pulire<\/strong> e <strong>gestire<\/strong> <strong>piccole e medie quantit\u00e0 di polvere<\/strong>. \u00c8 anche efficace nell&#8217;aspirare materiali solidi e liquidi. La sua versatilit\u00e0 lo rende perfetto per tutti i tipi di industria. \u00c8 particolarmente efficace nell&#8217;industria chimica, farmaceutica, alimentare e molitoria, oltre che nelle panetterie e nella pulizia dei forni.   <\/p>\n\n\n\n<div class=\"wp-block-columns is-layout-flex wp-container-core-columns-is-layout-28f84493 wp-block-columns-is-layout-flex\">\n<div class=\"wp-block-column is-layout-flow wp-block-column-is-layout-flow\">\n<div class=\"wp-block-buttons is-layout-flex wp-block-buttons-is-layout-flex\">\n<div class=\"wp-block-button\"><a class=\"wp-block-button__link wp-element-button\" href=\"https:\/\/obera.fr\/wp-content\/uploads\/2025\/06\/brochure-w2-en.pdf\">SCARICA LA BROCHURE<\/a><\/div>\n<\/div>\n<\/div>\n\n\n\n<div class=\"wp-block-column is-layout-flow wp-block-column-is-layout-flow\">\n<div class=\"wp-block-buttons is-horizontal is-content-justification-center is-layout-flex wp-container-core-buttons-is-layout-03627597 wp-block-buttons-is-layout-flex\">\n<div class=\"wp-block-button has-custom-width wp-block-button__width-100\"><a class=\"wp-block-button__link wp-element-button\" href=\"https:\/\/obera.fr\/it\/contattaci\/\">Saperne di pi\u00f9<\/a><\/div>\n<\/div>\n<\/div>\n\n\n\n<div class=\"wp-block-column is-layout-flow wp-block-column-is-layout-flow\">\n<div class=\"wp-block-buttons is-content-justification-center is-layout-flex wp-container-core-buttons-is-layout-a89b3969 wp-block-buttons-is-layout-flex\">\n<div class=\"wp-block-button btn-devis-source\"><a class=\"wp-block-button__link wp-element-button\" href=\"https:\/\/obera.fr\/it\/devis\/\">Richiedi un preventivo<\/a><\/div>\n<\/div>\n\n\n<script>\r\ndocument.addEventListener('DOMContentLoaded', function() {\r\n    \/\/ 1. On cherche le titre H1 de la page\r\n    var h1 = document.querySelector('h1');\r\n    var productTitle = h1 ? h1.innerText.trim() : \"\";\r\n\r\n    \/\/ 2. On cherche les boutons via la classe CSS .btn-devis-source\r\n    var buttons = document.querySelectorAll('.btn-devis-source a');\r\n\r\n    \/\/ 3. Si on a le titre et les boutons, on ajoute le param\u00e8tre\r\n    if (buttons.length > 0 && productTitle !== \"\") {\r\n        var encodedTitle = encodeURIComponent(productTitle);\r\n\r\n        buttons.forEach(function(btn) {\r\n            var currentHref = btn.getAttribute('href');\r\n            \r\n            \/\/ S\u00e9curit\u00e9 pour ne pas ajouter le param\u00e8tre 2 fois\r\n            if (currentHref.indexOf('sujet=') === -1) {\r\n                var separator = currentHref.indexOf('?') !== -1 ? '&' : '?';\r\n                var newLink = currentHref + separator + 'sujet=' + encodedTitle;\r\n                \r\n                btn.setAttribute('href', newLink);\r\n            }\r\n        });\r\n    }\r\n});\r\n<\/script><\/div>\n<\/div>\n<\/div>\n<\/div>\n\n\n\n<h2 class=\"wp-block-heading\">Aspirapolvere industriale W2: alta filtrazione, alta mobilit\u00e0&#8230; tutte le sue caratteristiche tecniche<\/h2>\n\n\n\n<p>L&#8217;aspirapolvere industriale W2 non ha nulla da invidiare ai modelli pi\u00f9 grandi:<strong> la sua potenza di aspirazione e la superficie filtrante di 20.000 cm2<\/strong> conferiscono a questo apparecchio un&#8217;elevata filtrazione e un&#8217;alta mobilit\u00e0. Con una portata d&#8217;aria di 360 m3\/h, l&#8217;aspirapolvere garantisce una filtrazione avanzata per migliorare la qualit\u00e0 dell&#8217;aria intorno a te e rimuovere pi\u00f9 rapidamente lo sporco.   <\/p>\n\n\n\n<p>Con un filtro a sacco in poliestere da 420 mm e un design industriale in acciaio (motore, camera di filtraggio, contenitore e telaio), l&#8217;apparecchiatura offre la massima durata. I suoi due motori monofase sono progettati per un funzionamento continuo, 24 ore su 24, 7 giorni su 7. Un altro vantaggio \u00e8 che l \u201caspirapolvere \u00e8 dotato di un sistema anti-intasamento per rimuovere i materiali depositati ed evitare che l\u201d apparecchio si intasi.<\/p>\n\n\n\n<p>Un&#8217;altra caratteristica tecnica essenziale: l&#8217;efficienza di filtrazione fino a 3 micron e il filtro a tasche, che assicura un&#8217;elevata ritenzione della polvere, garantiscono al W2 hoover la purezza dell&#8217;aria che espelle.<\/p>\n\n\n\n<p>L&#8217;aspirapolvere a umido e a secco W2 \u00e8 dotato di <strong>accessori progettati per i professionisti della pulizia<\/strong> (tubo di aspirazione flessibile, spazzole, ugelli, adattatori).<\/p>\n\n\n\n<blockquote class=\"wp-block-quote is-layout-flow wp-block-quote-is-layout-flow\">\n<p>Opzioni: l&#8217;aspirapolvere industriale W2 \u00e8 disponibile in versione <strong>ATEX 22<\/strong> per una pulizia sicura in ambienti che generano polveri esplosive. Inoltre, pu\u00f2 essere dotato di filtri in nomex (resistenti al calore fino a 250\u00b0), Hepa H14, PTFE di classe M, Teflon idrooleofobico di classe L, M o M. A seconda del tuo settore, i nostri team ti consiglieranno il filtro pi\u00f9 adatto alle tue unit\u00e0 produttive.  <\/p>\n<\/blockquote>\n\n\n\n<h3 class=\"wp-block-heading has-text-align-center\">INDUSTRIE<\/h3>\n\n\n\n<div class=\"wp-block-columns is-layout-flex wp-container-core-columns-is-layout-28f84493 wp-block-columns-is-layout-flex\">\n<div class=\"wp-block-column is-layout-flow wp-block-column-is-layout-flow\">\n<hr class=\"wp-block-separator has-alpha-channel-opacity\"\/>\n\n\n\n<div class=\"wp-block-columns is-layout-flex wp-container-core-columns-is-layout-28f84493 wp-block-columns-is-layout-flex\">\n<div class=\"wp-block-column is-layout-flow wp-block-column-is-layout-flow\">\n<figure class=\"wp-block-image aligncenter size-thumbnail is-resized\"><img decoding=\"async\" width=\"150\" height=\"150\" src=\"https:\/\/obera.fr\/wp-content\/uploads\/2022\/02\/Textile-150x150.png\" alt=\"tessile\" class=\"wp-image-8855\"\/><figcaption class=\"wp-element-caption\">Tessili<\/figcaption><\/figure>\n\n\n\n<figure class=\"wp-block-image aligncenter size-thumbnail is-resized\"><img decoding=\"async\" width=\"150\" height=\"150\" src=\"https:\/\/obera.fr\/wp-content\/uploads\/2022\/02\/Plastique-150x150.png\" alt=\"plastica\" class=\"wp-image-8854\"\/><figcaption class=\"wp-element-caption\">In plastica<\/figcaption><\/figure>\n<\/div>\n\n\n\n<div class=\"wp-block-column is-layout-flow wp-block-column-is-layout-flow\">\n<figure class=\"wp-block-image aligncenter size-thumbnail is-resized\"><img decoding=\"async\" width=\"150\" height=\"150\" src=\"https:\/\/obera.fr\/wp-content\/uploads\/2022\/02\/MINERAIS-150x150.png\" alt=\"minerali\" class=\"wp-image-8847\"\/><figcaption class=\"wp-element-caption\">Minerali<\/figcaption><\/figure>\n\n\n\n<figure class=\"wp-block-image aligncenter size-thumbnail is-resized\"><img decoding=\"async\" width=\"150\" height=\"150\" src=\"https:\/\/obera.fr\/wp-content\/uploads\/2022\/02\/Metalurgie-150x150.png\" alt=\"metallurgia\" class=\"wp-image-8857\"\/><figcaption class=\"wp-element-caption\">Metallurgia<\/figcaption><\/figure>\n\n\n\n<figure class=\"wp-block-image aligncenter size-thumbnail is-resized\"><img decoding=\"async\" width=\"150\" height=\"150\" src=\"https:\/\/obera.fr\/wp-content\/uploads\/2023\/02\/sans-titre-2023-02-14t102211.641-150x150.png\" alt=\"Agricoltura\" class=\"wp-image-18828\"\/><figcaption class=\"wp-element-caption\">Agricoltura<\/figcaption><\/figure>\n<\/div>\n<\/div>\n<\/div>\n\n\n\n<div class=\"wp-block-column is-layout-flow wp-block-column-is-layout-flow\">\n<hr class=\"wp-block-separator has-alpha-channel-opacity\"\/>\n\n\n\n<div class=\"wp-block-columns is-layout-flex wp-container-core-columns-is-layout-28f84493 wp-block-columns-is-layout-flex\">\n<div class=\"wp-block-column is-layout-flow wp-block-column-is-layout-flow\">\n<figure class=\"wp-block-image aligncenter size-thumbnail is-resized\"><img decoding=\"async\" width=\"150\" height=\"150\" src=\"https:\/\/obera.fr\/wp-content\/uploads\/2022\/02\/Chimie-150x150.png\" alt=\"chimica\" class=\"wp-image-8846\"\/><figcaption class=\"wp-element-caption\">Chimica<\/figcaption><\/figure>\n\n\n\n<figure class=\"wp-block-image aligncenter size-thumbnail is-resized\"><img decoding=\"async\" width=\"150\" height=\"150\" src=\"https:\/\/obera.fr\/wp-content\/uploads\/2022\/02\/Travail-du-bois-150x150.png\" alt=\"lavorazione del legno\" class=\"wp-image-8856\"\/><figcaption class=\"wp-element-caption\">Lavorazione del legno<\/figcaption><\/figure>\n\n\n\n<figure class=\"wp-block-image aligncenter size-thumbnail is-resized\"><img decoding=\"async\" width=\"150\" height=\"150\" src=\"https:\/\/obera.fr\/wp-content\/uploads\/2023\/02\/sans-titre-2023-02-14t101920.185-150x150.png\" alt=\"Aviazione\" class=\"wp-image-18831\"\/><figcaption class=\"wp-element-caption\">Aviazione<\/figcaption><\/figure>\n<\/div>\n\n\n\n<div class=\"wp-block-column is-layout-flow wp-block-column-is-layout-flow\">\n<figure class=\"wp-block-image aligncenter size-thumbnail is-resized\"><img decoding=\"async\" width=\"150\" height=\"150\" src=\"https:\/\/obera.fr\/wp-content\/uploads\/2022\/02\/AGROALIMENTAIRE-150x150.png\" alt=\"agroalimentare\" class=\"wp-image-8844\"\/><figcaption class=\"wp-element-caption\">Industria alimentare<\/figcaption><\/figure>\n\n\n\n<figure class=\"wp-block-image aligncenter size-thumbnail is-resized\"><img decoding=\"async\" width=\"150\" height=\"150\" src=\"https:\/\/obera.fr\/wp-content\/uploads\/2022\/02\/Papier-carton-150x150.png\" alt=\"carta e cartone\" class=\"wp-image-8853\"\/><figcaption class=\"wp-element-caption\">Carta\/cartone<\/figcaption><\/figure>\n\n\n\n<figure class=\"wp-block-image aligncenter size-thumbnail is-resized\"><img decoding=\"async\" width=\"150\" height=\"150\" src=\"https:\/\/obera.fr\/wp-content\/uploads\/2023\/02\/sans-titre-2023-02-14t101712.416-150x150.png\" alt=\"Automotive\" class=\"wp-image-18834\"\/><figcaption class=\"wp-element-caption\">Automotive<\/figcaption><\/figure>\n<\/div>\n<\/div>\n<\/div>\n<\/div>\n\n\n\n<figure class=\"wp-block-table\"><table class=\"has-fixed-layout\"><tbody><tr><td>Tensione<\/td><td>V-HZ<\/td><td>230-50<\/td><\/tr><tr><td>Potenza<\/td><td>kW<\/td><td>2&#215;1.1<\/td><\/tr><tr><td>Depressione massima<\/td><td>Pa<\/td><td>2.400 Pa<\/td><\/tr><tr><td>Flusso d&#8217;aria massimo<\/td><td>m3\/h<\/td><td>360<\/td><\/tr><tr><td>Diametro del bocchino<\/td><td>mm<\/td><td>50<\/td><\/tr><tr><td>Tipo di filtro<\/td><td><\/td><td>Con tasche a stella<\/td><\/tr><tr><td>Superficie<\/td><td>cm2<\/td><td>20.000<\/td><\/tr><tr><td>Sistema di pulizia<\/td><td><\/td><td>Manuel<\/td><\/tr><tr><td>Bidone per la raccolta<\/td><td><\/td><td>Acciaio<\/td><\/tr><tr><td>Sistema di drenaggio<\/td><td><\/td><td>Cestino rimovibile<\/td><\/tr><tr><td>Capacit\u00e0<\/td><td>litro<\/td><td>40<\/td><\/tr><tr><td>Dimensioni<\/td><td>cm<\/td><td>55x63x115<\/td><\/tr><\/tbody><\/table><\/figure>\n\n\n\n<div class=\"wp-block-buttons is-content-justification-center is-layout-flex wp-container-core-buttons-is-layout-a89b3969 wp-block-buttons-is-layout-flex\">\n<div class=\"wp-block-button\"><a class=\"wp-block-button__link wp-element-button\" href=\"https:\/\/obera.fr\/wp-content\/uploads\/2024\/04\/obera_brochure-w2-fr.pdf\">SCARICA LA SCHEDA TECNICA DEL PRODOTTO<\/a><\/div>\n<\/div>\n\n\n\n<h2 class=\"wp-block-heading\">Potente e versatile: tutti i vantaggi dell&#8217;aspirapolvere W2<\/h2>\n\n\n\n<p>Il W2 combina la facilit\u00e0 d&#8217;uso di una macchina compatta con la potenza di un aspirapolvere industriale. Oltre all \u201celevata mobilit\u00e0 e alle prestazioni di aspirazione, il rivestimento fonoassorbente riduce al minimo il rumore durante l\u201d uso, per non disturbare l \u201coperatore o gli altri dipendenti dell\u201d officina. Inoltre, per facilitare l&#8217;utilizzo, l&#8217;uscita rivolta verso il basso evita che la polvere si depositi sulla superficie e intralci l&#8217;operatore.<\/p>\n\n\n\n<p>L&#8217;aspirapolvere non richiede manutenzione ed \u00e8 dotato di uno scuotifiltro verticale per evitare la saturazione e, soprattutto, per facilitare la pulizia manuale.<\/p>\n\n\n\n<p>Infine, ma non meno importante, la sua versatilit\u00e0 \u00e8 il suo principale vantaggio, poich\u00e9 l&#8217;aspirazione di materiali solidi e liquidi significa che pu\u00f2 essere utilizzato per una moltitudine di scopi: pulizia di pavimenti, pareti, cantieri, officine, macchinari, attrezzature per la ristorazione, ecc.<\/p>\n\n\n\n<div class=\"wp-block-columns is-layout-flex wp-container-core-columns-is-layout-28f84493 wp-block-columns-is-layout-flex\">\n<div class=\"wp-block-column is-layout-flow wp-block-column-is-layout-flow\" style=\"flex-basis:33.34%\">\n<h3 class=\"wp-block-heading\">Vantaggi :<\/h3>\n\n\n\n<ul class=\"wp-block-list\">\n<li>Sistema di filtraggio elevato per estrarre contemporaneamente polvere solida e liquida;<\/li>\n\n\n\n<li>Ultra-compatto e mobile;<\/li>\n\n\n\n<li>Molto silenzioso durante l&#8217;uso.  <\/li>\n<\/ul>\n<\/div>\n\n\n\n<div class=\"wp-block-column is-layout-flow wp-block-column-is-layout-flow\" style=\"flex-basis:33.34%\">\n<h3 class=\"wp-block-heading\">Caratteristiche speciali:<\/h3>\n\n\n\n<ul class=\"wp-block-list\">\n<li>Due motori monofase con interruttori indipendenti;<\/li>\n\n\n\n<li>Opzionale: filtro Hepa H14, classe M, L, M teflon idrooleofobico, M PTFE, filtro nomex;<\/li>\n\n\n\n<li>\u00c8 disponibile la versione ATEX Zona 22.<\/li>\n<\/ul>\n<\/div>\n\n\n\n<div class=\"wp-block-column is-layout-flow wp-block-column-is-layout-flow\" style=\"flex-basis:33.33%\">\n<h3 class=\"wp-block-heading\">Caratteristiche :<\/h3>\n\n\n\n<ul class=\"wp-block-list\">\n<li>Spia del filtro intasato ;<\/li>\n\n\n\n<li>Protezione dell&#8217;unit\u00e0 di aspirazione con il suo filtro a stella (poliestere).<\/li>\n<\/ul>\n<\/div>\n<\/div>\n\n\n\n<h2 class=\"wp-block-heading\">Vuoi testare l&#8217;aspirapolvere industriale W2 nel tuo sito produttivo?<\/h2>\n\n\n\n<p>Prova la soluzione nei tuoi laboratori! Per tutte le nostre soluzioni, offriamo una fase di prova con opzione di acquisto per un periodo medio di 1 mese. Alla fine del test, la adotterai o ti suggeriremo una soluzione pi\u00f9 adatta alle tue esigenze.<\/p>\n\n\n\n<div class=\"wp-block-buttons is-content-justification-center is-layout-flex wp-container-core-buttons-is-layout-a89b3969 wp-block-buttons-is-layout-flex\">\n<div class=\"wp-block-button\"><a class=\"wp-block-button__link wp-element-button\" href=\"https:\/\/obera.fr\/it\/contact\/\">PROVA L&#8217;ASPIRAPOLVERE W2<\/a><\/div>\n<\/div>\n\n\n\n<h2 class=\"wp-block-heading\">Altri aspirapolvere industriali della gamma<\/h2>\n\n\n\n<div class=\"wp-block-columns is-layout-flex wp-container-core-columns-is-layout-28f84493 wp-block-columns-is-layout-flex\">\n<div class=\"wp-block-column is-layout-flow wp-block-column-is-layout-flow\">\n<figure class=\"wp-block-image aligncenter size-full is-resized\"><a href=\"https:\/\/obera.fr\/produits\/aspirateurs-industriels\/w2-xr-atex-22\/\"><img decoding=\"async\" width=\"566\" height=\"671\" src=\"https:\/\/obera.fr\/wp-content\/uploads\/2024\/10\/w2-xr-2.png\" alt=\"Aspiratori industriali\" class=\"wp-image-35431\" style=\"object-fit:cover;width:300px;height:300px\" srcset=\"https:\/\/obera.fr\/wp-content\/uploads\/2024\/10\/w2-xr-2.png 566w, https:\/\/obera.fr\/wp-content\/uploads\/2024\/10\/w2-xr-2-253x300.png 253w\" sizes=\"(max-width: 566px) 100vw, 566px\" \/><\/a><figcaption class=\"wp-element-caption\">W2 XR<\/figcaption><\/figure>\n<\/div>\n\n\n\n<div class=\"wp-block-column is-layout-flow wp-block-column-is-layout-flow\">\n<figure class=\"wp-block-image aligncenter size-full\"><a href=\"https:\/\/obera.fr\/produits\/aspirateurs-industriels\/ventilateurs-aspiration-gamme-eurosog-rg-100-800\/\"><img decoding=\"async\" width=\"600\" height=\"600\" src=\"https:\/\/obera.fr\/wp-content\/uploads\/2024\/04\/obera-ventilateur-aspiration-rg-300-400.jpg\" alt=\"aspiratore obera rg 300 400\" class=\"wp-image-29437\" srcset=\"https:\/\/obera.fr\/wp-content\/uploads\/2024\/04\/obera-ventilateur-aspiration-rg-300-400.jpg 600w, https:\/\/obera.fr\/wp-content\/uploads\/2024\/04\/obera-ventilateur-aspiration-rg-300-400-300x300.jpg 300w, https:\/\/obera.fr\/wp-content\/uploads\/2024\/04\/obera-ventilateur-aspiration-rg-300-400-150x150.jpg 150w\" sizes=\"(max-width: 600px) 100vw, 600px\" \/><\/a><figcaption class=\"wp-element-caption\">RG 300\/400<\/figcaption><\/figure>\n<\/div>\n\n\n\n<div class=\"wp-block-column is-layout-flow wp-block-column-is-layout-flow\">\n<figure class=\"wp-block-image aligncenter size-full is-resized\"><a href=\"https:\/\/obera.fr\/produits\/aspirateurs-industriels\/w3-pour-nettoyage-general\/\"><img decoding=\"async\" width=\"658\" height=\"652\" src=\"https:\/\/obera.fr\/wp-content\/uploads\/2024\/10\/w3.png\" alt=\"w3\" class=\"wp-image-35427\" style=\"object-fit:cover;width:300px;height:300px\" srcset=\"https:\/\/obera.fr\/wp-content\/uploads\/2024\/10\/w3.png 658w, https:\/\/obera.fr\/wp-content\/uploads\/2024\/10\/w3-300x297.png 300w, https:\/\/obera.fr\/wp-content\/uploads\/2024\/10\/w3-150x150.png 150w, https:\/\/obera.fr\/wp-content\/uploads\/2024\/10\/w3-24x24.png 24w, https:\/\/obera.fr\/wp-content\/uploads\/2024\/10\/w3-48x48.png 48w, https:\/\/obera.fr\/wp-content\/uploads\/2024\/10\/w3-96x96.png 96w\" sizes=\"(max-width: 658px) 100vw, 658px\" \/><\/a><figcaption class=\"wp-element-caption\">W3<\/figcaption><\/figure>\n<\/div>\n<\/div>\n","protected":false},"excerpt":{"rendered":"<p>Compatto e mobile, l&#8217;aspirapolvere industriale W2 \u00e8 una delle attrezzature pi\u00f9 efficienti del mercato, rinomata per la sua robustezza, l&#8217;elevata capacit\u00e0 di filtraggio e le sue prestazioni. W2 aspirapolvere industriali a umido e a secco: come funzionano e dove si usano? Il vantaggio principale dell&#8217;aspirapolvere industriale W2 \u00e8 la sua versatilit\u00e0. Grazie alla sua potenza di aspirazione, pu\u00f2 sollevare e aspirare contemporaneamente materiali solidi e liquidi. \u00c8 dotato di due motori monofase by-pass protetti da una robusta testata in acciaio e insonorizzati all&#8217;interno. L&#8217;aspirapolvere \u00e8 dotato di un sistema di separazione acqua\/polvere per filtrare i liquidi dalle particelle secche. Le &#8230; <\/p>\n<p class=\"read-more-container\"><a title=\"Hoover industriale W2\" class=\"read-more button\" href=\"https:\/\/obera.fr\/it\/produits\/aspirateurs-industriels\/w2-haute-filtration-polyvalence\/#more-84254\" aria-label=\"Per saperne di pi\u00f9 su Hoover industriale W2\">Lire la suite<\/a><\/p>\n","protected":false},"author":4,"featured_media":83742,"parent":48459,"menu_order":0,"comment_status":"closed","ping_status":"closed","template":"","meta":{"_acf_changed":false,"_seopress_robots_primary_cat":"","_seopress_titles_title":"Aspiratore industriale W2: alta filtrazione e versatilit\u00e0","_seopress_titles_desc":"Scegli la Serie W2 con il suo sistema ad alta filtrazione per l'estrazione simultanea di polveri solide e liquide.","_seopress_robots_index":"","footnotes":""},"class_list":{"0":"post-84254","1":"page","2":"type-page","3":"status-publish","4":"has-post-thumbnail","6":"no-featured-image-padding","7":"resize-featured-image"},"acf":[],"_links":{"self":[{"href":"https:\/\/obera.fr\/it\/wp-json\/wp\/v2\/pages\/84254","targetHints":{"allow":["GET"]}}],"collection":[{"href":"https:\/\/obera.fr\/it\/wp-json\/wp\/v2\/pages"}],"about":[{"href":"https:\/\/obera.fr\/it\/wp-json\/wp\/v2\/types\/page"}],"author":[{"embeddable":true,"href":"https:\/\/obera.fr\/it\/wp-json\/wp\/v2\/users\/4"}],"replies":[{"embeddable":true,"href":"https:\/\/obera.fr\/it\/wp-json\/wp\/v2\/comments?post=84254"}],"version-history":[{"count":4,"href":"https:\/\/obera.fr\/it\/wp-json\/wp\/v2\/pages\/84254\/revisions"}],"predecessor-version":[{"id":107372,"href":"https:\/\/obera.fr\/it\/wp-json\/wp\/v2\/pages\/84254\/revisions\/107372"}],"up":[{"embeddable":true,"href":"https:\/\/obera.fr\/it\/wp-json\/wp\/v2\/pages\/48459"}],"wp:featuredmedia":[{"embeddable":true,"href":"https:\/\/obera.fr\/it\/wp-json\/wp\/v2\/media\/83742"}],"wp:attachment":[{"href":"https:\/\/obera.fr\/it\/wp-json\/wp\/v2\/media?parent=84254"}],"curies":[{"name":"wp","href":"https:\/\/api.w.org\/{rel}","templated":true}]}}