{"id":115350,"date":"2025-06-26T12:05:10","date_gmt":"2025-06-26T10:05:10","guid":{"rendered":"https:\/\/obera.fr\/clearbox\/"},"modified":"2025-06-26T12:09:02","modified_gmt":"2025-06-26T10:09:02","slug":"clearbox","status":"publish","type":"page","link":"https:\/\/obera.fr\/lt\/clearbox\/","title":{"rendered":"&#8222;Clearbox&#8221;"},"content":{"rendered":"\n<div class=\"wp-block-columns is-layout-flex wp-container-core-columns-is-layout-28f84493 wp-block-columns-is-layout-flex\">\n<div class=\"wp-block-column is-layout-flow wp-block-column-is-layout-flow\" style=\"flex-basis:33.33%\">\n<figure class=\"wp-block-image aligncenter size-medium\"><img decoding=\"async\" width=\"300\" height=\"267\" src=\"https:\/\/obera.fr\/wp-content\/uploads\/2025\/06\/clearbox-300x267.png\" alt=\"Clearbox\" class=\"wp-image-109012\" srcset=\"https:\/\/obera.fr\/wp-content\/uploads\/2025\/06\/clearbox-300x267.png 300w, https:\/\/obera.fr\/wp-content\/uploads\/2025\/06\/clearbox.png 534w\" sizes=\"(max-width: 300px) 100vw, 300px\" \/><figcaption class=\"wp-element-caption\">&#8222;Clearbox&#8221;<\/figcaption><\/figure>\n<\/div>\n\n\n\n<div class=\"wp-block-column is-layout-flow wp-block-column-is-layout-flow\" style=\"flex-basis:66.66%\">\n<p class=\"has-drop-cap\"><\/p>\n\n\n\n<hr class=\"wp-block-separator has-text-color has-black-color has-css-opacity has-black-background-color has-background is-style-dots\"\/>\n\n\n\n<div class=\"wp-block-columns is-layout-flex wp-container-core-columns-is-layout-28f84493 wp-block-columns-is-layout-flex\">\n<div class=\"wp-block-column is-layout-flow wp-block-column-is-layout-flow\" style=\"flex-basis:33.33%\">\n<div class=\"wp-block-buttons is-layout-flex wp-block-buttons-is-layout-flex\">\n<div class=\"wp-block-button\"><a class=\"wp-block-button__link wp-element-button\" href=\"https:\/\/obera.fr\/wp-content\/uploads\/2025\/06\/fr-caisson-mobile-daspiration-clearbox-1.pdf\">ATSISI\u0172STI BRO\u0160I\u016aR\u0104<\/a><\/div>\n<\/div>\n<\/div>\n\n\n\n<div class=\"wp-block-column is-layout-flow wp-block-column-is-layout-flow\" style=\"flex-basis:33.34%\">\n<div class=\"wp-block-buttons is-horizontal is-content-justification-center is-layout-flex wp-container-core-buttons-is-layout-03627597 wp-block-buttons-is-layout-flex\">\n<div class=\"wp-block-button has-custom-width wp-block-button__width-100\"><a class=\"wp-block-button__link wp-element-button\" href=\"https:\/\/obera.fr\/lt\/susisiekite-su-mumis\/\">Su\u017einokite daugiau<\/a><\/div>\n<\/div>\n<\/div>\n\n\n\n<div class=\"wp-block-column is-layout-flow wp-block-column-is-layout-flow\" style=\"flex-basis:33.34%\">\n<div class=\"wp-block-buttons is-content-justification-center is-layout-flex wp-container-core-buttons-is-layout-a89b3969 wp-block-buttons-is-layout-flex\">\n<div class=\"wp-block-button btn-devis-source\"><a class=\"wp-block-button__link wp-element-button\" href=\"https:\/\/obera.fr\/lt\/devis\/\">Pra\u0161yti citatos<\/a><\/div>\n<\/div>\n\n\n<script>\r\ndocument.addEventListener('DOMContentLoaded', function() {\r\n    \/\/ 1. On cherche le titre H1 de la page\r\n    var h1 = document.querySelector('h1');\r\n    var productTitle = h1 ? h1.innerText.trim() : \"\";\r\n\r\n    \/\/ 2. On cherche les boutons via la classe CSS .btn-devis-source\r\n    var buttons = document.querySelectorAll('.btn-devis-source a');\r\n\r\n    \/\/ 3. Si on a le titre et les boutons, on ajoute le param\u00e8tre\r\n    if (buttons.length > 0 && productTitle !== \"\") {\r\n        var encodedTitle = encodeURIComponent(productTitle);\r\n\r\n        buttons.forEach(function(btn) {\r\n            var currentHref = btn.getAttribute('href');\r\n            \r\n            \/\/ S\u00e9curit\u00e9 pour ne pas ajouter le param\u00e8tre 2 fois\r\n            if (currentHref.indexOf('sujet=') === -1) {\r\n                var separator = currentHref.indexOf('?') !== -1 ? '&' : '?';\r\n                var newLink = currentHref + separator + 'sujet=' + encodedTitle;\r\n                \r\n                btn.setAttribute('href', newLink);\r\n            }\r\n        });\r\n    }\r\n});\r\n<\/script><\/div>\n<\/div>\n\n\n\n<p><\/p>\n<\/div>\n<\/div>\n\n<p>&#8222;Clearbox&#8221; yra Pranc\u016bzijoje pagamintas <strong>mobilusis i\u0161traukimo \u012frenginys<\/strong>, kuriam suteikiama 5 met\u0173 garantija ir kuris pasi\u017eymi dideliu srauto na\u0161umu. Jis specialiai sukurtas laki\u0173j\u0173 organini\u0173 jungini\u0173 (LOJ), duj\u0173, kvap\u0173, tirpikli\u0173, dulki\u0173 ir d\u016bm\u0173 valymui.   <\/p>\n\n<p><\/p>\n\n<p>\u0160is \u012frenginys si\u016blo skirtingus filtravimo lygius &#8211; nuo 2 iki 3 pakop\u0173 &#8211; ir gali b\u016bti sukonfig\u016bruotas pagal j\u016bs\u0173 konkre\u010dius poreikius, u\u017etikrinant optimal\u0173<strong>ter\u0161al\u0173 \u0161alinimo<\/strong> efektyvum\u0105. Jame \u012frengtas G4 i\u0161ankstinis filtras, F9-H14 prisotinimo filtrai dulk\u0117ms ir d\u016bmams valyti, o <strong>dujoms ir lakiosioms organin\u0117ms med\u017eiagoms valyti<\/strong> gali b\u016bti \u012fmontuota aktyvinta anglis.   <\/p>\n\n<p><\/p>\n\n<p>Be to, jis gali b\u016bti trij\u0173 versij\u0173: su siurbimo rankena, su vamzdiniu \u012fvadu arba su <strong>siurbimo stalu<\/strong>. Taip pat galima \u012fsigyti ATEX dulki\u0173 versij\u0105. <\/p>\n\n<div class=\"wp-block-columns is-layout-flex wp-container-core-columns-is-layout-28f84493 wp-block-columns-is-layout-flex\">\n<div class=\"wp-block-column is-layout-flow wp-block-column-is-layout-flow\">\n<h2 class=\"wp-block-heading has-text-align-center\"><strong>Privalumai<\/strong><\/h2>\n\n\n\n<ul class=\"wp-block-list\">\n<li>Labai didelis ventiliatorius<\/li>\n\n\n\n<li>na\u0161umas<\/li>\n\n\n\n<li>Duslintuvas<\/li>\n\n\n\n<li>Mobilus, lengvas ir lengvai valdomas<br\/><\/li>\n\n\n\n<li>Ma\u017eas p\u0117dsakas<br\/><\/li>\n\n\n\n<li>Lengva prie\u017ei\u016bra<br\/>filtr\u0173<\/li>\n\n\n\n<li>Srauto greitis reguliuojamas nuo 0 iki<br\/>100 %.<\/li>\n\n\n\n<li>Maitinimo \u0161altinis su<br\/>standartiniu 230 V lizdu<\/li>\n<\/ul>\n<\/div>\n\n\n\n<div class=\"wp-block-column is-layout-flow wp-block-column-is-layout-flow\">\n<h2 class=\"wp-block-heading has-text-align-center\"><strong>Specialiosios funkcijos<\/strong><\/h2>\n\n\n\n<ul class=\"wp-block-list\">\n<li>Keitimas<\/li>\n\n\n\n<li>didelio na\u0161umo filtravimo terp\u0117<\/li>\n\n\n\n<li>lengva<\/li>\n\n\n\n<li>Atnaujinamas ir konfig\u016bruojamas<br\/><\/li>\n\n\n\n<li>Didelis adsorbcijos paj\u0117gumas<br\/><\/li>\n\n\n\n<li>Valand\u0173 skaitiklis<\/li>\n\n\n\n<li>Matavimas<br\/>purvo ant<br\/>filtr\u0173<\/li>\n\n\n\n<li>Srauto grei\u010dio nustatymas<br\/>nuo 0 iki 100 %.<\/li>\n\n\n\n<li>Plug &amp; Play sistema<\/li>\n\n\n\n<li>ATEX parinktis<br\/>dulk\u0117s<\/li>\n<\/ul>\n<\/div>\n\n\n\n<div class=\"wp-block-column is-layout-flow wp-block-column-is-layout-flow\">\n<h2 class=\"wp-block-heading has-text-align-center\"><strong>Funkcijos<\/strong><\/h2>\n\n\n\n<ul class=\"wp-block-list\">\n<li>Maksimalus srautas :<\/li>\n\n\n\n<li>2000m3\/h<\/li>\n\n\n\n<li>\u012ediegtoji galia:<br\/>750W<\/li>\n\n\n\n<li>Maitinimo \u0161altinis: 230 V<\/li>\n\n\n\n<li>Matmenys: 710 x<br\/>710 x 2050<\/li>\n\n\n\n<li>Svoris: 70 kg<\/li>\n\n\n\n<li>Triuk\u0161mo lygis:<br\/>72Db<\/li>\n<\/ul>\n<\/div>\n<\/div>\n\n<h2 class=\"wp-block-heading\">Kam jie naudojami?<\/h2>\n\n<p>&#8221; <strong>Clearbox&#8221; yra patogus <\/strong>, kompakti\u0161kas <strong>prietaisas, <\/strong>skirtas dujiniams ter\u0161alams, kvapams, dulk\u0117ms ir d\u016bmams veiksmingai surinkti ir apdoroti. \u012erengtas su ratukais, tod\u0117l j\u012f <strong>lengva pritvirtinti bet kurioje darbo vietoje<\/strong> ir juo galima apdoroti tiek stacionarias, tiek mobilias darbo vietas. <\/p>\n\n<p><br\/>&#8222;Clearbox&#8221; \u012frengtas <strong>G4 i\u0161ankstinis filtras, F9-H14 prisotinimo filtrai <\/strong>ir, jei reikia, aktyvuota anglis. Taip pat galima \u012fsigyti ATEX dulki\u0173 versij\u0105. Norint, kad \u012frenginys tinkamai veikt\u0173, b\u016btina reguliariai pri\u017ei\u016br\u0117ti filtrus.  <\/p>\n\n<div class=\"wp-block-columns is-layout-flex wp-container-core-columns-is-layout-28f84493 wp-block-columns-is-layout-flex\">\n<div class=\"wp-block-column is-layout-flow wp-block-column-is-layout-flow\">\n<h3 class=\"wp-block-heading has-text-align-center\">Ter\u0161alai<\/h3>\n\n\n\n<hr class=\"wp-block-separator has-css-opacity is-style-wide\"\/>\n\n\n\n<div class=\"wp-block-columns is-layout-flex wp-container-core-columns-is-layout-28f84493 wp-block-columns-is-layout-flex\">\n<div class=\"wp-block-column is-layout-flow wp-block-column-is-layout-flow\">\n<figure class=\"wp-block-image aligncenter size-large\"><img decoding=\"async\" width=\"70\" height=\"70\" src=\"https:\/\/obera.fr\/wp-content\/uploads\/2020\/08\/industrie-fumees.jpg\" alt=\"Pramon&#x117;s d&#x16B;mai\" class=\"wp-image-722\"\/><figcaption class=\"wp-element-caption\">D\u016bmai<\/figcaption><\/figure>\n<\/div>\n\n\n\n<div class=\"wp-block-column is-layout-flow wp-block-column-is-layout-flow\">\n<figure class=\"wp-block-image aligncenter size-large\"><img decoding=\"async\" width=\"70\" height=\"70\" src=\"https:\/\/obera.fr\/wp-content\/uploads\/2020\/08\/polluants-poussieres.jpg\" alt=\"Ter&#x161;alai Dulk&#x117;s\" class=\"wp-image-675\"\/><figcaption class=\"wp-element-caption\">Dulk\u0117s<\/figcaption><\/figure>\n<\/div>\n<\/div>\n\n\n\n<div class=\"wp-block-columns is-layout-flex wp-container-core-columns-is-layout-28f84493 wp-block-columns-is-layout-flex\">\n<div class=\"wp-block-column is-layout-flow wp-block-column-is-layout-flow\">\n<figure class=\"wp-block-image aligncenter size-large\"><img decoding=\"async\" width=\"70\" height=\"70\" src=\"https:\/\/obera.fr\/wp-content\/uploads\/2020\/08\/industrie-odeur.jpg\" alt=\"Pramon&#x117;s kvapas\" class=\"wp-image-723\"\/><figcaption class=\"wp-element-caption\">Kvapai<\/figcaption><\/figure>\n<\/div>\n\n\n\n<div class=\"wp-block-column is-layout-flow wp-block-column-is-layout-flow\">\n<figure class=\"wp-block-image aligncenter size-large is-resized\"><img decoding=\"async\" width=\"70\" height=\"70\" src=\"https:\/\/obera.fr\/wp-content\/uploads\/2020\/10\/industrie-aerosols.jpg\" alt=\"Pramon&#x117;s aerozoliai\" class=\"wp-image-1201\" style=\"width:70px;height:auto\"\/><figcaption class=\"wp-element-caption\">VOCS<\/figcaption><\/figure>\n<\/div>\n<\/div>\n<\/div>\n\n\n\n<div class=\"wp-block-column is-layout-flow wp-block-column-is-layout-flow\">\n<h3 class=\"wp-block-heading has-text-align-center\">Pramon\u0117s \u0161akos<\/h3>\n\n\n\n<hr class=\"wp-block-separator has-css-opacity is-style-wide\"\/>\n\n\n\n<div class=\"wp-block-columns is-layout-flex wp-container-core-columns-is-layout-28f84493 wp-block-columns-is-layout-flex\">\n<div class=\"wp-block-column is-layout-flow wp-block-column-is-layout-flow\" style=\"flex-basis:100%\">\n<div style=\"height:47px\" aria-hidden=\"true\" class=\"wp-block-spacer\"><\/div>\n\n\n\n<p class=\"has-text-align-center\">Tinka vis\u0173 tip\u0173 pramonei<\/p>\n<\/div>\n\n\n\n<div class=\"wp-block-column is-layout-flow wp-block-column-is-layout-flow\"><\/div>\n<\/div>\n<\/div>\n<\/div>\n\n<div class=\"wp-block-buttons is-horizontal is-content-justification-center is-layout-flex wp-container-core-buttons-is-layout-03627597 wp-block-buttons-is-layout-flex\">\n<div class=\"wp-block-button has-custom-width wp-block-button__width-100\"><a class=\"wp-block-button__link wp-element-button\" href=\"https:\/\/obera.fr\/lt\/susisiekite-su-mumis\/\">Su\u017einokite daugiau<\/a><\/div>\n<\/div>\n\n<h2 class=\"wp-block-heading\">Kokios yra &#8222;Clearbox&#8221; funkcijos?<\/h2>\n\n<p>&#8222;Clearbox&#8221; yra Pranc\u016bzijoje pagamintas <strong>mobilus siurbimo \u012frenginys<\/strong>, kuriam suteikiama 5 met\u0173 garantija ir kuris pasi\u017eymi dideliu 2000 m\u00b3\/h srautu. Jame yra 3 didelio na\u0161umo filtravimo lygiai, kuriuos galima sukonfig\u016bruoti pagal j\u016bs\u0173 poreikius. J\u012f galima rinktis i\u0161 2 <strong>filtravimo <\/strong>lygi\u0173 <strong>su G4 pirminiu filtru <\/strong>ir F9-H14 prisotinimo filtru arba i\u0161 3 lygi\u0173 su aktyvuota anglimi.    <\/p>\n\n<p><\/p>\n\n<p>Be to, yra trys jo versijos: su siurbimo rankena, su vamzdiniu \u012fvadu arba su <strong>siurbimo stalu<\/strong>, be to, jis gali b\u016bti pritaikytas ATEX dulki\u0173 versijai. D\u0117l didelio adsorbcijos paj\u0117gumo jis pa\u0161alina maksimal\u0173 ter\u0161al\u0173 kiek\u012f.   <\/p>\n\n<p><\/p>\n\n<p>Norint, kad prietaisas veikt\u0173 skland\u017eiai, b\u016btina reguliariai keisti filtrus. \u012emontuota <strong>filtro u\u017esikim\u0161imo matavimo sistema<\/strong> rodo, kada laikas keisti filtrus, o filtro med\u017eiag\u0105 pakeisti paprasta. <\/p>\n\n<p><\/p>\n\n<p>\u0160\u012f \u012frengin\u012f lengva \u012fdiegti, nes jis yra &#8222;Plug and Play&#8221; tipo. \u012erengtas su ratukais ir <strong>itin kompakti\u0161ko dizaino<\/strong>, tod\u0117l juo lengva manevruoti ir jis prisitaiko prie bet kokios darbo aplinkos. <\/p>\n\n<p><\/p>\n\n<figure class=\"wp-block-table\"><table class=\"has-fixed-layout\"><tbody><tr><td><strong>\u012erenginys  <\/strong><\/td><td><\/td><td><strong>Su ranka  <\/strong><\/td><td><strong>Vamzdinis \u012f\u0117jimas  <\/strong><\/td><td><strong>Lentel\u0117<\/strong><\/td><\/tr><tr><td>Did\u017eiausias srautas  <\/td><td>m3\/h  <\/td><td>2000  <\/td><td>2500  <\/td><td>5000<\/td><\/tr><tr><td>Srauto reguliavimas<\/td><td>%\u00a0<\/td><td>0-100  <\/td><td>0-100  <\/td><td>0-100<\/td><\/tr><tr><td>\u012erengtas paj\u0117gumas<\/td><td>W  <\/td><td>750  <\/td><td>750  <\/td><td>750<\/td><\/tr><tr><td>Maitinimo \u0161altinis  <\/td><td>V  <\/td><td>230  <\/td><td>230  <\/td><td>230<\/td><\/tr><tr><td>Bendrieji matmenys (WxLxH)<\/td><td>mm  <\/td><td>710x710x2050  <\/td><td>710x710x2050  <\/td><td>710x710x2050<\/td><\/tr><tr><td>Svoris  <\/td><td>kg  <\/td><td>70  <\/td><td>75  <\/td><td>75<\/td><\/tr><tr><td>Triuk\u0161mo lygis  <\/td><td>dB  <\/td><td>72  <\/td><td>72  <\/td><td>72<\/td><\/tr><\/tbody><\/table><\/figure>\n","protected":false},"excerpt":{"rendered":"<p>&#8222;Clearbox&#8221; yra Pranc\u016bzijoje pagamintas mobilusis i\u0161traukimo \u012frenginys, kuriam suteikiama 5 met\u0173 garantija ir kuris pasi\u017eymi dideliu srauto na\u0161umu. Jis specialiai sukurtas laki\u0173j\u0173 organini\u0173 jungini\u0173 (LOJ), duj\u0173, kvap\u0173, tirpikli\u0173, dulki\u0173 ir d\u016bm\u0173 valymui. \u0160is \u012frenginys si\u016blo skirtingus filtravimo lygius &#8211; nuo 2 iki 3 pakop\u0173 &#8211; ir gali b\u016bti sukonfig\u016bruotas pagal j\u016bs\u0173 konkre\u010dius poreikius, u\u017etikrinant optimal\u0173ter\u0161al\u0173 \u0161alinimo efektyvum\u0105. Jame \u012frengtas G4 i\u0161ankstinis filtras, F9-H14 prisotinimo filtrai dulk\u0117ms ir d\u016bmams valyti, o dujoms ir lakiosioms organin\u0117ms med\u017eiagoms valyti gali b\u016bti \u012fmontuota aktyvinta anglis. Be to, jis gali b\u016bti trij\u0173 versij\u0173: su siurbimo rankena, su vamzdiniu \u012fvadu arba su siurbimo stalu. Taip pat &#8230; <\/p>\n<p class=\"read-more-container\"><a title=\"&#8222;Clearbox&#8221;\" class=\"read-more button\" href=\"https:\/\/obera.fr\/lt\/clearbox\/#more-115350\" aria-label=\"Read more about &#8222;Clearbox&#8221;\">Lire la suite<\/a><\/p>\n","protected":false},"author":4,"featured_media":0,"parent":0,"menu_order":0,"comment_status":"closed","ping_status":"closed","template":"","meta":{"_acf_changed":false,"_seopress_robots_primary_cat":"","_seopress_titles_title":"\"Clearbox\": didelio na\u0161umo mobilusis siurbimo \u012frenginys","_seopress_titles_desc":"Atraskite \"Clearbox\" - didelio na\u0161umo mobil\u0173j\u012f laki\u0173j\u0173 organini\u0173 jungini\u0173, duj\u0173, d\u016bm\u0173 ir dulki\u0173 i\u0161traukimo \u012frengin\u012f. Pagamintas Pranc\u016bzijoje, jam suteikiama 5 met\u0173 garantija, jis yra konfig\u016bruojamas ir kompakti\u0161kas. ","_seopress_robots_index":"","footnotes":""},"class_list":{"0":"post-115350","1":"page","2":"type-page","3":"status-publish","5":"no-featured-image-padding"},"acf":[],"_links":{"self":[{"href":"https:\/\/obera.fr\/lt\/wp-json\/wp\/v2\/pages\/115350","targetHints":{"allow":["GET"]}}],"collection":[{"href":"https:\/\/obera.fr\/lt\/wp-json\/wp\/v2\/pages"}],"about":[{"href":"https:\/\/obera.fr\/lt\/wp-json\/wp\/v2\/types\/page"}],"author":[{"embeddable":true,"href":"https:\/\/obera.fr\/lt\/wp-json\/wp\/v2\/users\/4"}],"replies":[{"embeddable":true,"href":"https:\/\/obera.fr\/lt\/wp-json\/wp\/v2\/comments?post=115350"}],"version-history":[{"count":1,"href":"https:\/\/obera.fr\/lt\/wp-json\/wp\/v2\/pages\/115350\/revisions"}],"predecessor-version":[{"id":115352,"href":"https:\/\/obera.fr\/lt\/wp-json\/wp\/v2\/pages\/115350\/revisions\/115352"}],"wp:attachment":[{"href":"https:\/\/obera.fr\/lt\/wp-json\/wp\/v2\/media?parent=115350"}],"curies":[{"name":"wp","href":"https:\/\/api.w.org\/{rel}","templated":true}]}}