{"id":37372,"date":"2024-04-01T13:32:19","date_gmt":"2024-04-01T11:32:19","guid":{"rendered":"https:\/\/obera.fr\/ic22-garu-filtro-oro-ausintuvas\/"},"modified":"2025-04-24T12:21:32","modified_gmt":"2025-04-24T10:21:32","slug":"ic22-filtrant-par-evaporation","status":"publish","type":"page","link":"https:\/\/obera.fr\/lt\/produits\/rafraichisseurs-air\/rafraichisseurs-par-evaporation-ic\/ic22-filtrant-par-evaporation\/","title":{"rendered":"IC22 gar\u0173 filtro oro au\u0161intuvas"},"content":{"rendered":"\n<p>Ekologi\u0161kas ir ekonomi\u0161kas <strong>oro gaiviklis su garinimo filtru<\/strong> idealiai tinka j\u016bs\u0173 darbo patalpoms v\u0117sinti ma\u017edaug 10-20 \u00b0C oro temperat\u016br\u0105.<\/p>\n\n\n\n<h2 class=\"wp-block-heading\">&#8222;OberA&#8221; garinimo filtro oro au\u0161intuvas: kaip jis veikia?<\/h2>\n\n\n\n<div class=\"wp-block-columns is-layout-flex wp-container-core-columns-is-layout-28f84493 wp-block-columns-is-layout-flex\">\n<div class=\"wp-block-column is-vertically-aligned-top is-layout-flow wp-block-column-is-layout-flow\" style=\"flex-basis:50%\">\n<figure class=\"wp-block-image aligncenter size-full is-resized\"><img decoding=\"async\" width=\"600\" height=\"600\" src=\"https:\/\/obera.fr\/wp-content\/uploads\/2024\/02\/ic22-carre.jpg\" alt=\"IC22 gar\u0173 filtro oro au\u0161intuvas\" class=\"wp-image-28148\" style=\"width:370px;height:auto\" srcset=\"https:\/\/obera.fr\/wp-content\/uploads\/2024\/02\/ic22-carre.jpg 600w, https:\/\/obera.fr\/wp-content\/uploads\/2024\/02\/ic22-carre-300x300.jpg 300w, https:\/\/obera.fr\/wp-content\/uploads\/2024\/02\/ic22-carre-150x150.jpg 150w\" sizes=\"(max-width: 600px) 100vw, 600px\" \/><figcaption class=\"wp-element-caption\">IC 22<\/figcaption><\/figure>\n<\/div>\n\n\n\n<div class=\"wp-block-column is-vertically-aligned-center is-layout-flow wp-block-column-is-layout-flow\" style=\"flex-basis:66.66%\">\n<p>IC22 garinam\u0173j\u0173 oro au\u0161intuv\u0173 asortimente yra korin\u0117s plok\u0161t\u0117s, kurios nuolat mirkomos vandenyje. \u012erenginio gale esantis a\u0161inis spiralinis ventiliatorius \u012fsiurbia kar\u0161t\u0105 or\u0105 ir praleid\u017eia j\u012f pro au\u0161inimo plok\u0161tes. Kar\u0161tas oras i\u0161garuoja ir atv\u0117sta susiliet\u0119s su vandeniu. \u0160is rei\u0161kinys vadinamas <strong>&#8222;au\u0161inimo efektu&#8221;<\/strong> ir suma\u017eina \u012fsiurbiamo oro temperat\u016br\u0105 iki 20 \u00b0C. V\u0117liau v\u0117sesnis, filtruotas oras stumiamas per \u012frengin\u012f ir cirkuliuoja darbo vietoje. Vis d\u0117lto labai svarbu, kad patalpa b\u016bt\u0173 v\u0117dinama, kad oras gal\u0117t\u0173 tinkamai cirkuliuoti, i\u0161garinti dr\u0117gm\u0119 ir tiekti nauj\u0105 \u0161ilt\u0105 or\u0105, kur\u012f filtruos <strong>mobilusis au\u0161intuvas<\/strong>. Trumpai tariant, kuo \u0161iltesnis oras, tuo geresnis v\u0117sinimas.      <\/p>\n\n\n\n<p><a href=\"https:\/\/obera.fr\/lt\/produits\/rafraichisseurs-air\/rafraichisseurs-par-evaporation-ic\/\" data-type=\"page\" data-id=\"18698\">IC adiabatinis oro au\u0161intuvas skirtas<\/a> naudoti <strong>visuose<\/strong> pramon\u0117s <strong>sektoriuose<\/strong>, logistikos sand\u0117liuose ir \u017eem\u0117s \u016bkyje. J\u012f galima naudoti darbuotoj\u0173 darbo vietoms ar patalpoms v\u0117sinti. Jis ypa\u010d populiarus gamyklose, gara\u017euose, sand\u0117liavimo sal\u0117se, dirbtuv\u0117se, \u0161iltnamiuose ir sand\u0117liuose.  <\/p>\n\n\n\n<div class=\"wp-block-columns is-layout-flex wp-container-core-columns-is-layout-28f84493 wp-block-columns-is-layout-flex\">\n<div class=\"wp-block-column is-layout-flow wp-block-column-is-layout-flow\" style=\"flex-basis:33.33%\">\n<div class=\"wp-block-buttons is-layout-flex wp-block-buttons-is-layout-flex\">\n<div class=\"wp-block-button\"><a class=\"wp-block-button__link wp-element-button\" href=\"https:\/\/obera.fr\/wp-content\/uploads\/2025\/04\/brochure-ic-22-en.pdf\">ATSISI\u0172STI BRO\u0160I\u016aR\u0104<\/a><\/div>\n<\/div>\n<\/div>\n\n\n\n<div class=\"wp-block-column is-layout-flow wp-block-column-is-layout-flow\" style=\"flex-basis:33.34%\">\n<div class=\"wp-block-buttons is-horizontal is-content-justification-center is-layout-flex wp-container-core-buttons-is-layout-03627597 wp-block-buttons-is-layout-flex\">\n<div class=\"wp-block-button has-custom-width wp-block-button__width-100\"><a class=\"wp-block-button__link wp-element-button\" href=\"https:\/\/obera.fr\/lt\/susisiekite-su-mumis\/\">Su\u017einokite daugiau<\/a><\/div>\n<\/div>\n\n\n\n<p><\/p>\n<\/div>\n\n\n\n<div class=\"wp-block-column is-layout-flow wp-block-column-is-layout-flow\" style=\"flex-basis:33.34%\">\n<div class=\"wp-block-buttons is-content-justification-center is-layout-flex wp-container-core-buttons-is-layout-a89b3969 wp-block-buttons-is-layout-flex\">\n<div class=\"wp-block-button btn-devis-source\"><a class=\"wp-block-button__link wp-element-button\" href=\"https:\/\/obera.fr\/lt\/devis\/\">Pra\u0161yti citatos<\/a><\/div>\n<\/div>\n\n\n<script>\r\ndocument.addEventListener('DOMContentLoaded', function() {\r\n    \/\/ 1. On cherche le titre H1 de la page\r\n    var h1 = document.querySelector('h1');\r\n    var productTitle = h1 ? h1.innerText.trim() : \"\";\r\n\r\n    \/\/ 2. On cherche les boutons via la classe CSS .btn-devis-source\r\n    var buttons = document.querySelectorAll('.btn-devis-source a');\r\n\r\n    \/\/ 3. Si on a le titre et les boutons, on ajoute le param\u00e8tre\r\n    if (buttons.length > 0 && productTitle !== \"\") {\r\n        var encodedTitle = encodeURIComponent(productTitle);\r\n\r\n        buttons.forEach(function(btn) {\r\n            var currentHref = btn.getAttribute('href');\r\n            \r\n            \/\/ S\u00e9curit\u00e9 pour ne pas ajouter le param\u00e8tre 2 fois\r\n            if (currentHref.indexOf('sujet=') === -1) {\r\n                var separator = currentHref.indexOf('?') !== -1 ? '&' : '?';\r\n                var newLink = currentHref + separator + 'sujet=' + encodedTitle;\r\n                \r\n                btn.setAttribute('href', newLink);\r\n            }\r\n        });\r\n    }\r\n});\r\n<\/script><\/div>\n<\/div>\n<\/div>\n<\/div>\n\n\n\n<div class=\"wp-block-columns is-layout-flex wp-container-core-columns-is-layout-28f84493 wp-block-columns-is-layout-flex\">\n<div class=\"wp-block-column is-layout-flow wp-block-column-is-layout-flow\" style=\"flex-basis:25%\"><\/div>\n\n\n\n<div class=\"wp-block-column is-layout-flow wp-block-column-is-layout-flow\" style=\"flex-basis:50%\">\n<figure class=\"wp-block-embed is-type-video is-provider-youtube wp-block-embed-youtube wp-embed-aspect-16-9 wp-has-aspect-ratio\"><div class=\"wp-block-embed__wrapper\">\n<iframe title=\"Rafraichisseur d&#039;air - Gamme IC - OberA\" width=\"1200\" height=\"675\" src=\"https:\/\/www.youtube.com\/embed\/NG-Ssy2oM70?feature=oembed\" frameborder=\"0\" allow=\"accelerometer; autoplay; clipboard-write; encrypted-media; gyroscope; picture-in-picture; web-share\" referrerpolicy=\"strict-origin-when-cross-origin\" allowfullscreen><\/iframe>\n<\/div><\/figure>\n\n\n\n<p><\/p>\n<\/div>\n\n\n\n<div class=\"wp-block-column is-layout-flow wp-block-column-is-layout-flow\" style=\"flex-basis:25%\"><\/div>\n<\/div>\n\n\n\n<h2 class=\"wp-block-heading\">Kokios yra IC22 oro au\u0161intuvo savyb\u0117s?<\/h2>\n\n\n\n<p>IC22 mobilusis garuojantis oro gaivinimo \u012frenginys turi 3 grei\u010dius, kad b\u016bt\u0173 galima kontroliuoti gali\u0105 ir prisitaikyti prie komand\u0173 poreiki\u0173. Valdymo skydelyje galima konfig\u016bruoti \u012frenginio oro srauto krypt\u012f, vandens apdorojim\u0105 jonizatoriumi ir vandens srauto per filtravimo terp\u0119 \u012fjungim\u0105. <\/p>\n\n\n\n<p>\u0160io galingo \u012frenginio srauto greitis yra 22 000 m3\/h, kurio pakanka atv\u0117sinti iki 250 m2 plot\u0105. Vandens talpykloje telpa iki 130 l vandens, tod\u0117l u\u017etikrinamas nepertraukiamas darbas dideliame plote. <\/p>\n\n\n\n<p>Dar vienas techninis privalumas ir ne ma\u017eiau svarbus &#8211; <strong>oro au\u0161intuvui reikia labai nedaug vandens ir elektros energijos<\/strong>. Vandens sunaudojama nuo 10 iki 15 litr\u0173 per valand\u0105. Tai kur kas efektyviau nei oro dr\u0117kintuvas ar v\u0117dinimo sistema, skirta didel\u0117ms patalpoms v\u0117sinti.  <\/p>\n\n\n\n<p>Galiausiai IC22 oro au\u0161intuvas yra mobilus ir stabilus. Jis sveria <strong>50 kg<\/strong> ir turi mink\u0161tus ratukus, tod\u0117l galite j\u012f perkelti, kaip tik panor\u0117j\u0119. Pridedamas nuotolinio valdymo pultelis, kad b\u016bt\u0173 lengva valdyti nuotoliniu b\u016bdu.  <\/p>\n\n\n\n<blockquote class=\"wp-block-quote is-layout-flow wp-block-quote-is-layout-flow\">\n<figure class=\"wp-block-image aligncenter size-full\"><img decoding=\"async\" width=\"290\" height=\"98\" src=\"https:\/\/obera.fr\/wp-content\/uploads\/2025\/02\/green-modern-marketing-logo.png\" alt=\"\u017ealias modernus rinkodaros logotipas\" class=\"wp-image-61494\"\/><\/figure>\n\n\n\n<p>G4 filtras: IC22 garuojan\u010diame oro au\u0161intuve \u012frengtas G4 oro filtras, kuris pagerina oro kokyb\u0119. Tai neabejotinas privalumas darbuotoj\u0173 sveikatai ir ma\u0161inos na\u0161umui u\u017etikrinti. Be to, jis prailgina au\u0161intuvo tarnavimo laik\u0105, nes ma\u017eiau u\u017esikem\u0161a ne\u0161varumais ir dulk\u0117mis.  <\/p>\n<\/blockquote>\n\n\n\n<div class=\"wp-block-columns is-layout-flex wp-container-core-columns-is-layout-28f84493 wp-block-columns-is-layout-flex\">\n<div class=\"wp-block-column is-layout-flow wp-block-column-is-layout-flow\"><\/div>\n\n\n\n<div class=\"wp-block-column is-layout-flow wp-block-column-is-layout-flow\"><\/div>\n\n\n\n<div class=\"wp-block-column is-layout-flow wp-block-column-is-layout-flow\"><\/div>\n<\/div>\n\n\n\n<h3 class=\"wp-block-heading has-text-align-center\">PRAMON\u0116S \u0160AKOS<\/h3>\n\n\n\n<div class=\"wp-block-columns is-layout-flex wp-container-core-columns-is-layout-28f84493 wp-block-columns-is-layout-flex\">\n<div class=\"wp-block-column is-layout-flow wp-block-column-is-layout-flow\">\n<hr class=\"wp-block-separator has-alpha-channel-opacity\"\/>\n\n\n\n<div class=\"wp-block-columns is-layout-flex wp-container-core-columns-is-layout-28f84493 wp-block-columns-is-layout-flex\">\n<div class=\"wp-block-column is-layout-flow wp-block-column-is-layout-flow\">\n<figure class=\"wp-block-image aligncenter size-thumbnail is-resized\"><img decoding=\"async\" width=\"150\" height=\"150\" src=\"https:\/\/obera.fr\/wp-content\/uploads\/2022\/02\/Textile-150x150.png\" alt=\"tekstil\u0117\" class=\"wp-image-8855\"\/><figcaption class=\"wp-element-caption\">Tekstil\u0117<\/figcaption><\/figure>\n\n\n\n<figure class=\"wp-block-image aligncenter size-thumbnail is-resized\"><img decoding=\"async\" width=\"150\" height=\"150\" src=\"https:\/\/obera.fr\/wp-content\/uploads\/2022\/02\/Plastique-150x150.png\" alt=\"plastikinis\" class=\"wp-image-8854\"\/><figcaption class=\"wp-element-caption\">Plastikinis<\/figcaption><\/figure>\n\n\n\n<figure class=\"wp-block-image aligncenter size-thumbnail is-resized\"><img decoding=\"async\" width=\"150\" height=\"150\" src=\"https:\/\/obera.fr\/wp-content\/uploads\/2023\/02\/sans-titre-2023-02-14t104609.147-150x150.png\" alt=\"Logistika\" class=\"wp-image-18825\"\/><figcaption class=\"wp-element-caption\">Logistika<\/figcaption><\/figure>\n<\/div>\n\n\n\n<div class=\"wp-block-column is-layout-flow wp-block-column-is-layout-flow\">\n<figure class=\"wp-block-image aligncenter size-thumbnail is-resized\"><img decoding=\"async\" width=\"150\" height=\"150\" src=\"https:\/\/obera.fr\/wp-content\/uploads\/2022\/02\/MINERAIS-150x150.png\" alt=\"r\u016bdos\" class=\"wp-image-8847\"\/><figcaption class=\"wp-element-caption\">Mineralai<\/figcaption><\/figure>\n\n\n\n<figure class=\"wp-block-image aligncenter size-thumbnail is-resized\"><img decoding=\"async\" width=\"150\" height=\"150\" src=\"https:\/\/obera.fr\/wp-content\/uploads\/2022\/02\/Metalurgie-150x150.png\" alt=\"metalurgija\" class=\"wp-image-8857\"\/><figcaption class=\"wp-element-caption\">Metalurgija<\/figcaption><\/figure>\n\n\n\n<figure class=\"wp-block-image aligncenter size-thumbnail is-resized\"><img decoding=\"async\" width=\"150\" height=\"150\" src=\"https:\/\/obera.fr\/wp-content\/uploads\/2023\/02\/sans-titre-2023-02-14t102211.641-150x150.png\" alt=\"\u017dem\u0117s \u016bkis\" class=\"wp-image-18828\"\/><figcaption class=\"wp-element-caption\">\u017dem\u0117s \u016bkis<\/figcaption><\/figure>\n<\/div>\n<\/div>\n<\/div>\n\n\n\n<div class=\"wp-block-column is-layout-flow wp-block-column-is-layout-flow\">\n<hr class=\"wp-block-separator has-alpha-channel-opacity\"\/>\n\n\n\n<div class=\"wp-block-columns is-layout-flex wp-container-core-columns-is-layout-28f84493 wp-block-columns-is-layout-flex\">\n<div class=\"wp-block-column is-layout-flow wp-block-column-is-layout-flow\">\n<figure class=\"wp-block-image aligncenter size-thumbnail is-resized\"><img decoding=\"async\" width=\"150\" height=\"150\" src=\"https:\/\/obera.fr\/wp-content\/uploads\/2022\/02\/Chimie-150x150.png\" alt=\"chemija\" class=\"wp-image-8846\"\/><figcaption class=\"wp-element-caption\">Chemija<\/figcaption><\/figure>\n\n\n\n<figure class=\"wp-block-image aligncenter size-thumbnail is-resized\"><img decoding=\"async\" width=\"150\" height=\"150\" src=\"https:\/\/obera.fr\/wp-content\/uploads\/2022\/02\/Travail-du-bois-150x150.png\" alt=\"med\u017eio apdirbimas\" class=\"wp-image-8856\"\/><figcaption class=\"wp-element-caption\">Medienos apdirbimas<\/figcaption><\/figure>\n\n\n\n<figure class=\"wp-block-image aligncenter size-thumbnail is-resized\"><img decoding=\"async\" width=\"150\" height=\"150\" src=\"https:\/\/obera.fr\/wp-content\/uploads\/2023\/02\/sans-titre-2023-02-14t101920.185-150x150.png\" alt=\"Aviacija\" class=\"wp-image-18831\"\/><figcaption class=\"wp-element-caption\">Aviacija<\/figcaption><\/figure>\n<\/div>\n\n\n\n<div class=\"wp-block-column is-layout-flow wp-block-column-is-layout-flow\">\n<figure class=\"wp-block-image aligncenter size-thumbnail is-resized\"><img decoding=\"async\" width=\"150\" height=\"150\" src=\"https:\/\/obera.fr\/wp-content\/uploads\/2022\/02\/AGROALIMENTAIRE-150x150.png\" alt=\"\u017eem\u0117s \u016bkio ir maisto produkt\u0173\" class=\"wp-image-8844\"\/><figcaption class=\"wp-element-caption\">Maisto pramon\u0117<\/figcaption><\/figure>\n\n\n\n<figure class=\"wp-block-image aligncenter size-thumbnail is-resized\"><img decoding=\"async\" width=\"150\" height=\"150\" src=\"https:\/\/obera.fr\/wp-content\/uploads\/2022\/02\/Papier-carton-150x150.png\" alt=\"popierius ir kartonas\" class=\"wp-image-8853\"\/><figcaption class=\"wp-element-caption\">Popierius \/ kartonas<\/figcaption><\/figure>\n\n\n\n<figure class=\"wp-block-image aligncenter size-thumbnail is-resized\"><img decoding=\"async\" width=\"150\" height=\"150\" src=\"https:\/\/obera.fr\/wp-content\/uploads\/2023\/02\/sans-titre-2023-02-14t101712.416-150x150.png\" alt=\"Automobiliai\" class=\"wp-image-18834\"\/><figcaption class=\"wp-element-caption\">Automobiliai<\/figcaption><\/figure>\n<\/div>\n<\/div>\n<\/div>\n<\/div>\n\n\n\n<figure class=\"wp-block-table\"><table class=\"has-fixed-layout\"><tbody><tr><td>Srautas<\/td><td>m3\/h<\/td><td>22 000<\/td><\/tr><tr><td>Grei\u010di\u0173 skai\u010dius<\/td><td><\/td><td>3<\/td><\/tr><tr><td>\u012etampa<\/td><td>V<\/td><td>230<\/td><\/tr><tr><td>Nominali srov\u0117<\/td><td>A<\/td><td>2.8<\/td><\/tr><tr><td>Maitinimas<\/td><td>W<\/td><td>640<\/td><\/tr><tr><td>Matmenys<\/td><td>l\/L\/h (mm)<\/td><td>1120 x 640 x 1600<\/td><\/tr><tr><td>Svoris<\/td><td>kg<\/td><td>50<\/td><\/tr><tr><td>Triuk\u0161mo lygis<\/td><td>dB(A)<\/td><td>58\/64\/68<\/td><\/tr><tr><td>Apdorotas pavir\u0161ius<\/td><td>m\u00b2<\/td><td>150 \u00e0 250<\/td><\/tr><tr><td>Talpyklos talpa<\/td><td>L<\/td><td>130<\/td><\/tr><tr><td>Vandens suvartojimas<\/td><td>L\/h<\/td><td>10 \u00e0 15<\/td><\/tr><\/tbody><\/table><\/figure>\n\n\n\n<div class=\"wp-block-columns is-layout-flex wp-container-core-columns-is-layout-28f84493 wp-block-columns-is-layout-flex\">\n<div class=\"wp-block-column is-layout-flow wp-block-column-is-layout-flow\">\n<div class=\"wp-block-buttons is-content-justification-center is-layout-flex wp-container-core-buttons-is-layout-a89b3969 wp-block-buttons-is-layout-flex\">\n<div class=\"wp-block-button\"><a class=\"wp-block-button__link wp-element-button\" href=\"https:\/\/obera.fr\/wp-content\/uploads\/2025\/04\/brochure-ic-22-en.pdf\">ATSISI\u0172STI BRO\u0160I\u016aR\u0104<\/a><\/div>\n<\/div>\n<\/div>\n\n\n\n<div class=\"wp-block-column is-layout-flow wp-block-column-is-layout-flow\">\n<div class=\"wp-block-buttons is-horizontal is-content-justification-center is-layout-flex wp-container-core-buttons-is-layout-03627597 wp-block-buttons-is-layout-flex\">\n<div class=\"wp-block-button has-custom-width wp-block-button__width-100\"><a class=\"wp-block-button__link wp-element-button\" href=\"https:\/\/obera.fr\/lt\/susisiekite-su-mumis\/\">Su\u017einokite daugiau<\/a><\/div>\n<\/div>\n<\/div>\n<\/div>\n\n\n\n<blockquote class=\"wp-block-quote is-layout-flow wp-block-quote-is-layout-flow\">\n<p>Verta \u017einoti: <strong>&#8222;OberA&#8221; parduoda ir naujus, ir naudotus prietaisus<\/strong>. Naudoti gaminiai yra suremontuoti, kapitali\u0161kai suremontuoti ir atnaujinti, jiems suteikiama vieneri\u0173 met\u0173 garantija. Kiekvienas naudotas gaminys yra klasifikuojamas: A klas\u0117 (beveik naujas), B klas\u0117 (vidutin\u0117s b\u016bkl\u0117s su nedideliais nusid\u0117v\u0117jimo po\u017eymiais) ir C klas\u0117 (pablog\u0117jusios b\u016bkl\u0117s, bet tik kosmeti\u0161kai). M\u016bs\u0173 internetin\u0117je parduotuv\u0117je u\u017etikrinamas saugus mok\u0117jimas ir greitas gamini\u0173 pristatymas.   <\/p>\n<\/blockquote>\n\n\n\n<h2 class=\"wp-block-heading\">Garinimo au\u0161intuvai: IC22 modelio privalumai<\/h2>\n\n\n\n<p>IC22 oro gaiviklio dizainas yra itin <strong>patogus j\u016bs\u0173 darbuotojams<\/strong>. Jis labai prisideda prie j\u0173 geros savijautos, skleisdamas gaiv\u0173 or\u0105 be jokio \u0161al\u010dio poveikio. Prietaisas skleid\u017eia 66 dB(A) gars\u0105, tod\u0117l veikia tyliai, o jo veikimas nenuken\u010dia. O kadangi j\u012f labai lengva valdyti, j\u016bs\u0173 darbuotojai gali perkelti j\u012f kur tik panor\u0117j\u0119 ir m\u0117gautis maloniu oru.   <\/p>\n\n\n\n<p>Oro dr\u0117gm\u0117s lygis (5-10 %) taip pat padeda apsaugoti j\u016bs\u0173 \u012frang\u0105. \u0160i funkcija ypa\u010d <strong>tinka \u0161iltnamiams ar \u017eem\u0117s \u016bkio patalpoms, kuriose<\/strong> yra \u012frangos ir produkt\u0173, jautri\u0173 kar\u0161\u010diui ir sausam orui. <\/p>\n\n\n\n<p>Kalbant apie investicijas, \u0161is <a href=\"https:\/\/obera.fr\/lt\/produits\/rafraichisseurs-air\/\" data-type=\"page\" data-id=\"368\">adiabatinis oro au\u0161intuvas<\/a> sunaudoja iki 80 % ma\u017eiau energijos nei \u012fprastas oro kondicionierius. Be elektros energijos s\u0105naud\u0173, <strong>au\u0161intuve aplinkos orui v\u0117sinti naudojamas kompresorius ir \u0161altne\u0161is<\/strong>, kuris taip pat yra ma\u017eiau ekologi\u0161kas komponentas. <\/p>\n\n\n\n<div class=\"wp-block-columns is-layout-flex wp-container-core-columns-is-layout-28f84493 wp-block-columns-is-layout-flex\">\n<div class=\"wp-block-column is-layout-flow wp-block-column-is-layout-flow\">\n<h3 class=\"wp-block-heading\">Privalumai :<\/h3>\n\n\n\n<ul class=\"wp-block-list\">\n<li>Tausoja aplink\u0105;<\/li>\n\n\n\n<li>Lengvai valdoma mobilioji \u012franga;<\/li>\n\n\n\n<li>Srauto greitis, kuriuo galima v\u0117sinti 250 m2 ploto patalpas;<\/li>\n\n\n\n<li>Prijunkite ir naudokite.<\/li>\n<\/ul>\n<\/div>\n\n\n\n<div class=\"wp-block-column is-layout-flow wp-block-column-is-layout-flow\">\n<h3 class=\"wp-block-heading\">Specialiosios funkcijos:<\/h3>\n\n\n\n<ul class=\"wp-block-list\">\n<li>Energij\u0105 taupantis (vanduo ir elektra) ;<\/li>\n\n\n\n<li>Dulki\u0173 filtravimas (G4 filtras) ;<\/li>\n\n\n\n<li>Automatinio paleidimo ir sustabdymo laikma\u010dio funkcija<\/li>\n\n\n\n<li>Ne\u012frengiami vamzdynai ar i\u0161traukimo kanalai;<\/li>\n\n\n\n<li>Joki\u0173 montavimo i\u0161laid\u0173.<\/li>\n<\/ul>\n<\/div>\n\n\n\n<div class=\"wp-block-column is-layout-flow wp-block-column-is-layout-flow\">\n<h3 class=\"wp-block-heading\">Savyb\u0117s :<\/h3>\n\n\n\n<ul class=\"wp-block-list\">\n<li>Jokio \u0161al\u010dio poveikio;<\/li>\n\n\n\n<li>Oro srauto svyravimo re\u017eimas ;<\/li>\n\n\n\n<li>Palaiko optimal\u0173 dr\u0117gm\u0117s lyg\u012f.<\/li>\n<\/ul>\n<\/div>\n<\/div>\n\n\n\n<h2 class=\"wp-block-heading\">I\u0161bandykite m\u016bs\u0173 IC22 oro au\u0161intuv\u0105<\/h2>\n\n\n\n<p>Si\u016blome<strong> galimyb\u0119 i\u0161sinuomoti ir i\u0161bandyti \u0161i\u0105 \u012frang\u0105 vidutini\u0161kai vienam m\u0117nesiui<\/strong> ir greitai pristatyti, kad gal\u0117tum\u0117te beveik i\u0161 karto i\u0161bandyti savo dirbtuv\u0117se. Jei nuspr\u0119site patvirtinti sprendim\u0105, nemok\u0117site jokio skirtumo! Jei ne, \u012fvertinsime \u012frangos veikim\u0105 ir pasi\u016blysime au\u0161intuv\u0105, geriau atitinkant\u012f j\u016bs\u0173 poreikius ir specifikacijas.  <\/p>\n\n\n\n<div class=\"wp-block-buttons is-content-justification-center is-layout-flex wp-container-core-buttons-is-layout-a89b3969 wp-block-buttons-is-layout-flex\">\n<div class=\"wp-block-button\"><a class=\"wp-block-button__link wp-element-button\" href=\"https:\/\/obera.fr\/lt\/contact\/\">KONTAKTUOKITE MUS<\/a><\/div>\n<\/div>\n","protected":false},"excerpt":{"rendered":"<p>Ekologi\u0161kas ir ekonomi\u0161kas oro gaiviklis su garinimo filtru idealiai tinka j\u016bs\u0173 darbo patalpoms v\u0117sinti ma\u017edaug 10-20 \u00b0C oro temperat\u016br\u0105. &#8222;OberA&#8221; garinimo filtro oro au\u0161intuvas: kaip jis veikia? IC22 garinam\u0173j\u0173 oro au\u0161intuv\u0173 asortimente yra korin\u0117s plok\u0161t\u0117s, kurios nuolat mirkomos vandenyje. \u012erenginio gale esantis a\u0161inis spiralinis ventiliatorius \u012fsiurbia kar\u0161t\u0105 or\u0105 ir praleid\u017eia j\u012f pro au\u0161inimo plok\u0161tes. Kar\u0161tas oras i\u0161garuoja ir atv\u0117sta susiliet\u0119s su vandeniu. \u0160is rei\u0161kinys vadinamas &#8222;au\u0161inimo efektu&#8221; ir suma\u017eina \u012fsiurbiamo oro temperat\u016br\u0105 iki 20 \u00b0C. V\u0117liau v\u0117sesnis, filtruotas oras stumiamas per \u012frengin\u012f ir cirkuliuoja darbo vietoje. Vis d\u0117lto labai svarbu, kad patalpa b\u016bt\u0173 v\u0117dinama, kad oras gal\u0117t\u0173 tinkamai cirkuliuoti, i\u0161garinti &#8230; <\/p>\n<p class=\"read-more-container\"><a title=\"IC22 gar\u0173 filtro oro au\u0161intuvas\" class=\"read-more button\" href=\"https:\/\/obera.fr\/lt\/produits\/rafraichisseurs-air\/rafraichisseurs-par-evaporation-ic\/ic22-filtrant-par-evaporation\/#more-37372\" aria-label=\"Read more about IC22 gar\u0173 filtro oro au\u0161intuvas\">Lire la suite<\/a><\/p>\n","protected":false},"author":4,"featured_media":83744,"parent":37556,"menu_order":0,"comment_status":"closed","ping_status":"closed","template":"","meta":{"_acf_changed":false,"_seopress_robots_primary_cat":"","_seopress_titles_title":"IC22, pramoninis gar\u0173 au\u0161intuvas","_seopress_titles_desc":"Ekologi\u0161kas ir ekonomi\u0161kas IC22 garinimo filtro oro gaiviklis idealiai tinka darbo patalpoms v\u0117sinti ma\u017edaug 10-20 \u00b0C oro temperat\u016br\u0105.","_seopress_robots_index":"","footnotes":""},"class_list":{"0":"post-37372","1":"page","2":"type-page","3":"status-publish","4":"has-post-thumbnail","6":"no-featured-image-padding","7":"resize-featured-image"},"acf":[],"_links":{"self":[{"href":"https:\/\/obera.fr\/lt\/wp-json\/wp\/v2\/pages\/37372","targetHints":{"allow":["GET"]}}],"collection":[{"href":"https:\/\/obera.fr\/lt\/wp-json\/wp\/v2\/pages"}],"about":[{"href":"https:\/\/obera.fr\/lt\/wp-json\/wp\/v2\/types\/page"}],"author":[{"embeddable":true,"href":"https:\/\/obera.fr\/lt\/wp-json\/wp\/v2\/users\/4"}],"replies":[{"embeddable":true,"href":"https:\/\/obera.fr\/lt\/wp-json\/wp\/v2\/comments?post=37372"}],"version-history":[{"count":9,"href":"https:\/\/obera.fr\/lt\/wp-json\/wp\/v2\/pages\/37372\/revisions"}],"predecessor-version":[{"id":88703,"href":"https:\/\/obera.fr\/lt\/wp-json\/wp\/v2\/pages\/37372\/revisions\/88703"}],"up":[{"embeddable":true,"href":"https:\/\/obera.fr\/lt\/wp-json\/wp\/v2\/pages\/37556"}],"wp:featuredmedia":[{"embeddable":true,"href":"https:\/\/obera.fr\/lt\/wp-json\/wp\/v2\/media\/83744"}],"wp:attachment":[{"href":"https:\/\/obera.fr\/lt\/wp-json\/wp\/v2\/media?parent=37372"}],"curies":[{"name":"wp","href":"https:\/\/api.w.org\/{rel}","templated":true}]}}