{"id":38437,"date":"2022-10-15T01:42:46","date_gmt":"2022-10-14T23:42:46","guid":{"rendered":"https:\/\/obera.fr\/musu-produktai\/rankenos-ir-paemimo-itaisai\/"},"modified":"2025-04-22T09:37:42","modified_gmt":"2025-04-22T07:37:42","slug":"bras-dispositifs-captation","status":"publish","type":"page","link":"https:\/\/obera.fr\/lt\/produits\/bras-dispositifs-captation\/","title":{"rendered":"Rankenos ir pa\u0117mimo \u012ftaisai"},"content":{"rendered":"\n<p>M\u016bs\u0173 <strong>pramonin\u0117 siurbimo ir surinkimo \u012franga<\/strong> apima siurbimo ir surinkimo rankenas, siurbimo stalus, siurbimo atlo\u0161us ir \u012fvairius oro surinkimo ir i\u0161traukimo gaubtus. \u0160ios pramonin\u0117s oro surinkimo sistemos leid\u017eia efektyviai ir tiksliai i\u0161traukti ir surinkti ter\u0161alus tiesiai j\u0173 susidarymo vietoje. <\/p>\n\n\n<h2 class=\"wp-block-heading\">M\u016bs\u0173 pramonin\u0117s siurbimo ir surinkimo \u012frangos asortimente<\/h2>\n\n<div class=\"wp-block-columns is-layout-flex wp-container-core-columns-is-layout-28f84493 wp-block-columns-is-layout-flex\">\n<div class=\"wp-block-column is-layout-flow wp-block-column-is-layout-flow\">\n<h3 class=\"wp-block-heading has-text-align-center\"><br\/>Laboratorijos rankos pramoninis<\/h3>\n\n\n\n<figure class=\"wp-block-image aligncenter size-medium is-resized\"><a href=\"https:\/\/obera.fr\/produits\/bras-dispositifs-captation\/bras-de-laboratoire\/\"><img decoding=\"async\" width=\"300\" height=\"300\" src=\"https:\/\/obera.fr\/wp-content\/uploads\/2022\/12\/bras-laboratoire-fumees-gar-odeur-600x600-1-300x300.png\" alt=\"D&#x16B;m&#x173; ir kvap&#x173; laboratorijos rankena 600x600 1\" class=\"wp-image-16559\" srcset=\"https:\/\/obera.fr\/wp-content\/uploads\/2022\/12\/bras-laboratoire-fumees-gar-odeur-600x600-1-300x300.png 300w, https:\/\/obera.fr\/wp-content\/uploads\/2022\/12\/bras-laboratoire-fumees-gar-odeur-600x600-1-150x150.png 150w, https:\/\/obera.fr\/wp-content\/uploads\/2022\/12\/bras-laboratoire-fumees-gar-odeur-600x600-1.png 600w\" sizes=\"(max-width: 300px) 100vw, 300px\" \/><\/a><figcaption class=\"wp-element-caption\">Laboratoriniai ginklai<\/figcaption><\/figure>\n\n\n\n<p>M\u016bs\u0173 si\u016blomi <a href=\"https:\/\/obera.fr\/lt\/produits\/bras-dispositifs-captation\/bras-de-laboratoire\/\" data-type=\"page\" data-id=\"497\">laboratoriniai antgaliai<\/a> yra idealus sprendimas garams ir garams i\u0161 stacionari\u0173 darbo viet\u0173 (darbo stal\u0173, laboratorij\u0173) i\u0161traukti ir surinkti. Juos lengva valdyti ir galima pastatyti kuo ar\u010diau tar\u0161os \u0161altinio. M\u016bs\u0173 laboratorini\u0173 rank\u0173 asortimentas gali b\u016bti komplektuojamas su \u012fvairiais priedais, \u012fskaitant sienin\u012f laikikl\u012f ir apval\u0173 arba sta\u010diakamp\u012f gaubt\u0105.  <\/p>\n\n\n\n<p>M\u016bs\u0173 laboratoriniai ginklai yra :<\/p>\n\n\n\n<ul class=\"wp-block-list\">\n<li>Aliuminis, skirtas daugumai program\u0173.<\/li>\n\n\n\n<li>Antistatinis (ATEX), skirtas jautriai ir sprogiai aplinkai.<\/li>\n\n\n\n<li>Antikorozinis, skirtas naudoti korozin\u0117je aplinkoje.<\/li>\n<\/ul>\n\n\n\n<p>Pramonin\u0117s siurbimo ir surinkimo rankos taip pat gali b\u016bti pritaikytos pagal <a href=\"https:\/\/obera.fr\/lt\/produits\/atex\/\">ATEX standartus<\/a> (pasirinktinai), kad jas b\u016bt\u0173 galima naudoti potencialiai sprogioje aplinkoje arba sprogiems mi\u0161iniams siurbti.<\/p>\n<\/div>\n\n\n\n<div class=\"wp-block-column is-layout-flow wp-block-column-is-layout-flow\">\n<h3 class=\"wp-block-heading has-text-align-center\"><br\/>Ovaliems ir sta\u010diakampiams gaubtams skirtos i\u0161traukimo rankenos<\/h3>\n\n\n\n<figure class=\"wp-block-image aligncenter size-medium is-resized\"><a href=\"https:\/\/obera.fr\/produits\/bras-dispositifs-captation\/bras-hotte-ovale-rectangulaire\/\"><img decoding=\"async\" width=\"300\" height=\"300\" src=\"https:\/\/obera.fr\/wp-content\/uploads\/2022\/12\/bras-laboratoire-industriel-fumees-poussieres-600x600-2-300x300.png\" alt=\"Pramonin&#x117; d&#x16B;m&#x173; ir dulki&#x173; laboratorijos rankena 600x600 2\" class=\"wp-image-16562\" srcset=\"https:\/\/obera.fr\/wp-content\/uploads\/2022\/12\/bras-laboratoire-industriel-fumees-poussieres-600x600-2-300x300.png 300w, https:\/\/obera.fr\/wp-content\/uploads\/2022\/12\/bras-laboratoire-industriel-fumees-poussieres-600x600-2-150x150.png 150w, https:\/\/obera.fr\/wp-content\/uploads\/2022\/12\/bras-laboratoire-industriel-fumees-poussieres-600x600-2.png 600w\" sizes=\"(max-width: 300px) 100vw, 300px\" \/><\/a><figcaption class=\"wp-element-caption\">Pa\u0117mimo svirtis<\/figcaption><\/figure>\n\n\n\n<p>M\u016bs\u0173 <strong>pramonin\u0117s siurbimo ir surinkimo rankos<\/strong> su <a href=\"https:\/\/obera.fr\/lt\/produits\/bras-dispositifs-captation\/bras-hotte-ovale-rectangulaire\/\" data-type=\"URL\" data-id=\"https:\/\/obera.fr\/produits\/bras-dispositifs-captation\/bras-hotte-ovale-rectangulaire\/\">ovaliais arba sta\u010diakampiais gaubtais<\/a>. \u0160ie pramoniniai siurbimo ir surinkimo antgaliai idealiai tinka dulk\u0117ms ir dro\u017el\u0117ms, suvirinimo garams, garams, dujoms, kvapams ir alyvos r\u016bkui surinkti. <\/p>\n\n\n\n<p>Juos lengva prijungti prie surinkimo tinklo, <a href=\"https:\/\/obera.fr\/lt\/produits\/depoussiereurs-industriels\/mobiles\/aspiration-poussiere-dustomat-10\/\">mobiliojo dulki\u0173 siurblio<\/a>, <a href=\"https:\/\/obera.fr\/lt\/produits\/depoussiereurs-industriels\/\">pramoninio dulki\u0173 siurblio<\/a> arba centralizuotos i\u0161traukimo sistemos.<\/p>\n\n\n\n<p>Pneumatin\u0117mis spyruokl\u0117mis apr\u016bpintus \u012ftaisus lengva tvarkyti ir jie i\u0161d\u0117styti kuo ar\u010diau i\u0161metam\u0173 ter\u0161al\u0173. Siekiant u\u017etikrinti optimal\u0173 patogum\u0105 ir efektyvum\u0105, pramonin\u0117s siurbimo ir surinkimo rankenos yra \u012fvairi\u0173 ilgi\u0173 ir skersmen\u0173. <\/p>\n\n\n\n<p>I\u0161orin\u0117 pantografo konstrukcija neriboja srauto vamzdyje, yra itin tvirta ir lengvai valdoma. Pramonin\u0117 surinkimo ir \u012fsiurbimo svir\u010di\u0173 versija gali b\u016bti nuo 50 iki 200 skersmen\u0173, o darbinis spindulys &#8211; nuo 1,50 iki 8 metr\u0173. <\/p>\n\n\n\n<div style=\"height:45px\" aria-hidden=\"true\" class=\"wp-block-spacer\"><\/div>\n<\/div>\n<\/div>\n\n<div class=\"wp-block-columns is-layout-flex wp-container-core-columns-is-layout-28f84493 wp-block-columns-is-layout-flex\">\n<div class=\"wp-block-column is-layout-flow wp-block-column-is-layout-flow\">\n<h3 class=\"wp-block-heading has-text-align-center\">Pramoniniai siurbimo purk\u0161tukai<\/h3>\n\n\n\n<figure class=\"wp-block-image aligncenter size-medium is-resized\"><a href=\"https:\/\/obera.fr\/produits\/bras-dispositifs-captation\/dosserets-aspirants\/\"><img decoding=\"async\" width=\"300\" height=\"300\" src=\"https:\/\/obera.fr\/wp-content\/uploads\/2022\/12\/dosserets-apirants-600x600-1-300x300.png\" alt=\"orui laid&#x17E;ios grindjuost&#x117;s 600x600 1\" class=\"wp-image-16565\" style=\"object-fit:cover;width:150px;height:150px\" srcset=\"https:\/\/obera.fr\/wp-content\/uploads\/2022\/12\/dosserets-apirants-600x600-1-300x300.png 300w, https:\/\/obera.fr\/wp-content\/uploads\/2022\/12\/dosserets-apirants-600x600-1-150x150.png 150w, https:\/\/obera.fr\/wp-content\/uploads\/2022\/12\/dosserets-apirants-600x600-1.png 600w\" sizes=\"(max-width: 300px) 100vw, 300px\" \/><\/a><figcaption class=\"wp-element-caption\">Backsplashes  <\/figcaption><\/figure>\n\n\n\n<p>M\u016bs\u0173 <a href=\"https:\/\/obera.fr\/lt\/produits\/bras-dispositifs-captation\/dosserets-aspirants\/\" data-type=\"URL\" data-id=\"https:\/\/obera.fr\/produits\/bras-dispositifs-captation\/dosserets-aspirants\/\">pramonini\u0173 \u012fsiurbimo purk\u0161tuv\u0173<\/a> asortimentas,<strong> <\/strong>\u0160ios nugar\u0117l\u0117s labai veiksmingai valo garus, dujas, dulkes ar garus. <\/p>\n\n\n\n<p>\u0160\u012f \u012frengin\u012f taip pat galima papildyti dviem \u0161oniniais ekranais, taip pat horizontaliu skydeliu, kad operatorius b\u016bt\u0173 apribotas savo darbo erdv\u0117je, o siurbimas ir surinkimas b\u016bt\u0173 efektyvesnis.<\/p>\n\n\n\n<p>Siekiama, kad <strong>oras b\u016bt\u0173 \u012fsiurbiamas i\u0161 u\u017e operatoriaus nugaros ir prie\u0161ais j\u012f<\/strong>, kad jo kv\u0117pavimo takai netur\u0117t\u0173 s\u0105ly\u010dio su dulk\u0117mis ar ter\u0161alais, kuriuos bandome surinkti.<\/p>\n\n\n\n<p>M\u016bs\u0173 \u012fsiurbiamieji purk\u0161tuvai paprastai jungiami prie esamos i\u0161traukimo sistemos, stacionaraus ar mobiliojo pramoninio dulki\u0173 surink\u0117jo, pramoninio i\u0161traukimo ventiliatoriaus arba pramoninio dulki\u0173 siurblio. Pramoninius siurbimo purk\u0161tukus valyti greitai ir lengvai. Juos galima pagaminti i\u0161 da\u017eyto plieno arba i\u0161 \u012fvairi\u0173 pramonini\u0173 ar maistini\u0173 ner\u016bdijan\u010di\u0173j\u0173 plien\u0173.  <\/p>\n\n\n\n<div style=\"height:69px\" aria-hidden=\"true\" class=\"wp-block-spacer\"><\/div>\n<\/div>\n\n\n\n<div class=\"wp-block-column is-layout-flow wp-block-column-is-layout-flow\">\n<h3 class=\"wp-block-heading has-text-align-center\">Pramoniniai vakuuminiai stalai<\/h3>\n\n\n\n<figure class=\"wp-block-image aligncenter size-medium is-resized\"><a href=\"https:\/\/obera.fr\/produits\/tables-aspirantes\/table-aspirante-a-at\/\"><img decoding=\"async\" width=\"300\" height=\"300\" src=\"https:\/\/obera.fr\/wp-content\/uploads\/2022\/12\/tables-aspirantes-aat-300x300.jpg\" alt=\"a&amp;amp;at siurbimo stalai\" class=\"wp-image-16617\" style=\"object-fit:cover;width:150px;height:150px\" srcset=\"https:\/\/obera.fr\/wp-content\/uploads\/2022\/12\/tables-aspirantes-aat-300x300.jpg 300w, https:\/\/obera.fr\/wp-content\/uploads\/2022\/12\/tables-aspirantes-aat-150x150.jpg 150w, https:\/\/obera.fr\/wp-content\/uploads\/2022\/12\/tables-aspirantes-aat.jpg 600w\" sizes=\"(max-width: 300px) 100vw, 300px\" \/><\/a><figcaption class=\"wp-element-caption\">Siurbimo stalai<\/figcaption><\/figure>\n\n\n\n<p>M\u016bs\u0173 <a href=\"https:\/\/obera.fr\/lt\/produits\/siurbimo-stalai\/\" data-type=\"URL\" data-id=\"https:\/\/obera.fr\/produits\/bras-dispositifs-captation\/tables-aspirantes\/\">pramonini\u0173 vakuumini\u0173 stal\u0173<\/a> asortimentas yra specialiai sukurtas efektyviai \u0161alinti \u0161lifavimo, \u0161lifavimo dulkes, suvirinimo d\u016bmus, taip pat garus, tirpiklius ir lakiuosius organinius junginius i\u0161 klijavimo ar lakavimo operacij\u0173. Tai idealus sprendimas, u\u017etikrinantis saugi\u0105 ir sveik\u0105 darbo viet\u0105 operatoriui.   <\/p>\n\n\n\n<p>M\u016bs\u0173 <strong>pramoninius vakuuminius stalus<\/strong> galima prijungti prie ventiliatoriaus, dulki\u0173 surinktuvo, mobiliojo dulki\u0173 siurblio arba prie centralizuotos pramoninio vakuumo sistemos. M\u016bs\u0173 pramoninius stalus galima pasirinkti su siurbimo atlo\u0161u ir i\u0161traukiamais \u0161oniniais skydais. D\u0117l tvirtos pramonin\u0117s konstrukcijos jie yra labai atspar\u016bs sm\u016bgiams, be to, prie j\u0173 galima pritvirtinti pramonin\u012f spaustuv\u0105 arba pasukam\u0105j\u012f stal\u0105. Stalvir\u0161\u012f galima rinktis i\u0161 pramonini\u0173 groteli\u0173, medini\u0173 lenteli\u0173 arba sintetinio pluo\u0161to. Staluose yra stal\u010dius stambioms pramonin\u0117ms dulk\u0117ms surinkti, kad j\u0173 ne\u012fsiurbt\u0173 vakuumin\u0117 sistema.    <\/p>\n\n\n\n<div style=\"height:45px\" aria-hidden=\"true\" class=\"wp-block-spacer\"><\/div>\n<\/div>\n<\/div>\n\n<div class=\"wp-block-columns is-layout-flex wp-container-core-columns-is-layout-28f84493 wp-block-columns-is-layout-flex\">\n<div class=\"wp-block-column is-layout-flow wp-block-column-is-layout-flow\">\n<h3 class=\"wp-block-heading has-text-align-center\">Pramoniniai sta\u010diakampiai gar\u0173 surinktuvai<\/h3>\n\n\n\n<figure class=\"wp-block-image aligncenter size-full is-resized\"><a href=\"https:\/\/obera.fr\/produits\/bras-dispositifs-captation\/hotte-rectangulaire\/\"><img decoding=\"async\" width=\"1280\" height=\"1280\" src=\"https:\/\/obera.fr\/wp-content\/uploads\/2024\/06\/hotte-de-captation-rectangulaire-industrielle-600x600-1.png\" alt=\"Pramoninis sta&#x10D;iakampis gaubtas 600x600 1\" class=\"wp-image-31483\" style=\"object-fit:cover;width:182px;height:auto\" srcset=\"https:\/\/obera.fr\/wp-content\/uploads\/2024\/06\/hotte-de-captation-rectangulaire-industrielle-600x600-1.png 1280w, https:\/\/obera.fr\/wp-content\/uploads\/2024\/06\/hotte-de-captation-rectangulaire-industrielle-600x600-1-300x300.png 300w, https:\/\/obera.fr\/wp-content\/uploads\/2024\/06\/hotte-de-captation-rectangulaire-industrielle-600x600-1-1024x1024.png 1024w, https:\/\/obera.fr\/wp-content\/uploads\/2024\/06\/hotte-de-captation-rectangulaire-industrielle-600x600-1-150x150.png 150w, https:\/\/obera.fr\/wp-content\/uploads\/2024\/06\/hotte-de-captation-rectangulaire-industrielle-600x600-1-768x768.png 768w\" sizes=\"(max-width: 1280px) 100vw, 1280px\" \/><\/a><figcaption class=\"wp-element-caption\">Sta\u010diakampis i\u0161traukimo gaubtas  <\/figcaption><\/figure>\n\n\n\n<p>M\u016bs\u0173 si\u016blomi <a href=\"https:\/\/obera.fr\/lt\/produits\/bras-dispositifs-captation\/hotte-rectangulaire\/\" data-type=\"URL\" data-id=\"https:\/\/obera.fr\/produits\/bras-dispositifs-captation\/hotte-rectangulaire\/\">pramoniniai sta\u010diakampiai gaubtai<\/a> idealiai tinka d\u016bmams, dulk\u0117ms ir kitiems dujiniams ter\u0161alams surinkti tiesiai prie \u0161altinio.  <\/p>\n\n\n\n<p>\u0160ie <strong>pramoniniai gaubtai<\/strong> yra dviej\u0173 dyd\u017ei\u0173 (500&#215;500 ir 600&#215;600).  <\/p>\n\n\n\n<p>Jie puikiai dera su m\u016bs\u0173 pramonin\u0117mis siurbimo ir surinkimo rankenomis arba gali b\u016bti montuojami atskirai prie darbo vietos.<\/p>\n<\/div>\n\n\n\n<div class=\"wp-block-column is-layout-flow wp-block-column-is-layout-flow\">\n<h3 class=\"wp-block-heading has-text-align-center\"><br\/>Moduliniai pramoniniai gar\u0173 surinktuvai<\/h3>\n\n\n\n<figure class=\"wp-block-image aligncenter size-full is-resized\"><a href=\"https:\/\/obera.fr\/de\/produits\/bras-dispositifs-captation\/hotte-modulaire\/\"><img decoding=\"async\" width=\"1200\" height=\"1200\" src=\"https:\/\/obera.fr\/wp-content\/uploads\/2024\/12\/1.jpg\" alt=\"Modulinis gaubtas\" class=\"wp-image-56959\" style=\"object-fit:cover;width:150px;height:150px\" srcset=\"https:\/\/obera.fr\/wp-content\/uploads\/2024\/12\/1.jpg 1200w, https:\/\/obera.fr\/wp-content\/uploads\/2024\/12\/1-300x300.jpg 300w, https:\/\/obera.fr\/wp-content\/uploads\/2024\/12\/1-1024x1024.jpg 1024w, https:\/\/obera.fr\/wp-content\/uploads\/2024\/12\/1-150x150.jpg 150w, https:\/\/obera.fr\/wp-content\/uploads\/2024\/12\/1-768x768.jpg 768w, https:\/\/obera.fr\/wp-content\/uploads\/2024\/12\/1-400x400.jpg 400w, https:\/\/obera.fr\/wp-content\/uploads\/2024\/12\/1-600x600.jpg 600w\" sizes=\"(max-width: 1200px) 100vw, 1200px\" \/><\/a><figcaption class=\"wp-element-caption\">Modulinis surinkimo gaubtas<\/figcaption><\/figure>\n\n\n\n<p>M\u016bs\u0173 modulini\u0173 pramonini\u0173 <a href=\"https:\/\/obera.fr\/lt\/produits\/bras-dispositifs-captation\/hotte-modulaire\/\" data-type=\"URL\" data-id=\"https:\/\/obera.fr\/produits\/bras-dispositifs-captation\/hotte-modulaire\/\">i\u0161traukimo gaubt\u0173<\/a> asortimentas yra \u012fvairi\u0173 dyd\u017ei\u0173 (nuo 950 mm x 950 mm iki 3 950 mm x 1 950 mm), o siurbimo srautas &#8211; nuo 1 000 m3\/h iki 20 000 m3\/h. Toks platus galim\u0173 dyd\u017ei\u0173 pasirinkimas leid\u017eia lengvai apriboti, u\u017edengti ar u\u017edengti ma\u0161in\u0105, darbo viet\u0105 ar pramonin\u012f suvirinimo robot\u0105.   <\/p>\n\n\n\n<p>\u0160iuos <strong>modulinius pramoninius gar\u0173 surinktuvus<\/strong> galima pritaikyti daugumai konfig\u016bracij\u0173, kad b\u016bt\u0173 galima optimaliai i\u0161traukti ir surinkti d\u016bmus bei dulkes. M\u016bs\u0173 gaubtai yra idealus sprendimas vis\u0173 r\u016b\u0161i\u0173 dujiniams ter\u0161alams, dulk\u0117ms ir pramoniniams garams surinkti ir i\u0161traukti. Juos galima lengvai pastatyti kuo ar\u010diau i\u0161metam\u0173 ter\u0161al\u0173. Juose taip pat galima \u012frengti atramines kojeles ir purvo sklendes (pasirinktinai), kad b\u016bt\u0173 suma\u017eintas atviras pavir\u0161ius ir \u012fsiurbimo greitis b\u016bt\u0173 nukreiptas \u012f norimas vietas.     <\/p>\n\n\n\n<p>Metalurgijos sektoriui skirtuose m\u016bs\u0173 moduliniuose gar\u0173 gaubtuose galima \u012frengti kaitrin\u012f daleli\u0173 pirmin\u012f separatori\u0173.<\/p>\n\n\n\n<div style=\"height:45px\" aria-hidden=\"true\" class=\"wp-block-spacer\"><\/div>\n<\/div>\n<\/div>\n\n<div class=\"wp-block-columns is-layout-flex wp-container-core-columns-is-layout-28f84493 wp-block-columns-is-layout-flex\">\n<div class=\"wp-block-column is-layout-flow wp-block-column-is-layout-flow\">\n<h3 class=\"wp-block-heading has-text-align-center\"><br\/>PRAMONINIAI SIURBIMO GAUBTAI IR SURINKIMO GAUBTAI<\/h3>\n\n\n\n<figure class=\"wp-block-image aligncenter size-medium is-resized\"><a href=\"https:\/\/obera.fr\/produits\/bras-dispositifs-captation\/capot-industriel\/\"><img decoding=\"async\" width=\"300\" height=\"300\" src=\"https:\/\/obera.fr\/wp-content\/uploads\/2022\/12\/capot-daspiration-et-de-captation-600x600-1-300x300.png\" alt=\"&#x12E;siurbimo ir surinkimo gaubtas 600x600 1\" class=\"wp-image-16550\" style=\"width:150px\" srcset=\"https:\/\/obera.fr\/wp-content\/uploads\/2022\/12\/capot-daspiration-et-de-captation-600x600-1-300x300.png 300w, https:\/\/obera.fr\/wp-content\/uploads\/2022\/12\/capot-daspiration-et-de-captation-600x600-1-150x150.png 150w, https:\/\/obera.fr\/wp-content\/uploads\/2022\/12\/capot-daspiration-et-de-captation-600x600-1.png 600w\" sizes=\"(max-width: 300px) 100vw, 300px\" \/><\/a><figcaption class=\"wp-element-caption\">Siurbimo ir surinkimo dangtis<\/figcaption><\/figure>\n\n\n\n<p>M\u016bs\u0173 si\u016blomi <a href=\"https:\/\/obera.fr\/lt\/produits\/bras-dispositifs-captation\/capot-industriel\/\" data-type=\"URL\" data-id=\"https:\/\/obera.fr\/produits\/bras-dispositifs-captation\/capot-industriel\/\">pramoniniai siurbimo ir surinkimo gaubtai<\/a> yra idealus sprendimas, kaip apr\u016bpinti darbo vietas ar pramonines ma\u0161inas efektyviu ir tiksliu siurbimu.<\/p>\n\n\n\n<p>M\u016bs\u0173 <strong>pramoniniai siurbimo ir surinkimo gaubtai<\/strong> yra \u012fvairi\u0173 dyd\u017ei\u0173 ir form\u0173, tod\u0117l jie puikiai tiks j\u016bs\u0173 problemoms, susijusioms su d\u016bmais, dulk\u0117mis, dro\u017el\u0117mis ir kitais dujiniais ter\u0161alais, spr\u0119sti.<\/p>\n\n\n\n<p>M\u016bs\u0173 pramonini\u0173 gaudymo \u017eied\u0173 asortiment\u0105 galima pritaikyti \u012fvairioms gaudymo konfig\u016bracijoms.<\/p>\n<\/div>\n\n\n\n<div class=\"wp-block-column is-layout-flow wp-block-column-is-layout-flow\">\n<h3 class=\"wp-block-heading has-text-align-center\"><br\/>\u017eiedo fiksavimo \u017eiedai<\/h3>\n\n\n\n<p><\/p>\n\n\n\n<figure class=\"wp-block-image aligncenter size-medium is-resized\"><a href=\"https:\/\/obera.fr\/produits\/bras-dispositifs-captation\/anneaux-de-pouyes\/\"><img decoding=\"async\" width=\"300\" height=\"300\" src=\"https:\/\/obera.fr\/wp-content\/uploads\/2022\/12\/anneaux-de-pouyes-600x600-1-300x300.png\" alt=\"bunkerio &#x17E;iedai 600x600 1\" class=\"wp-image-16553\" style=\"width:124px;height:auto\" srcset=\"https:\/\/obera.fr\/wp-content\/uploads\/2022\/12\/anneaux-de-pouyes-600x600-1-300x300.png 300w, https:\/\/obera.fr\/wp-content\/uploads\/2022\/12\/anneaux-de-pouyes-600x600-1-150x150.png 150w, https:\/\/obera.fr\/wp-content\/uploads\/2022\/12\/anneaux-de-pouyes-600x600-1.png 600w\" sizes=\"(max-width: 300px) 100vw, 300px\" \/><\/a><figcaption class=\"wp-element-caption\">\u017diedinis fiksavimas Ply \u017eiedai<\/figcaption><\/figure>\n\n\n\n<p><a href=\"https:\/\/obera.fr\/lt\/produits\/bras-dispositifs-captation\/anneaux-de-pouyes\/\" data-type=\"page\" data-id=\"14477\">&#8222;OberA&#8221; bunkerio \u017eiedai<\/a> skirti ter\u0161alams, susijusiems su milteli\u0173 ar smulki\u0173 dulki\u0173 pakrovimu ir i\u0161krovimu, surinkti tiesiai j\u0173 susidarymo vietoje. D\u0117l j\u0173 konstrukcijos juos lengva valyti. <\/p>\n<\/div>\n<\/div>\n\n<p><\/p>\n\n<h2 class=\"wp-block-heading\">Kuriuose pramon\u0117s sektoriuose naudojama m\u016bs\u0173 \u012franga?<\/h2>\n\n<p>M\u016bs\u0173 pramonin\u0117 siurbimo ir surinkimo \u012franga gali b\u016bti naudojama <strong>\u012fvairiose pramon\u0117s \u0161akose,<\/strong> \u012fskaitant :<\/p>\n\n<div class=\"wp-block-columns is-layout-flex wp-container-core-columns-is-layout-28f84493 wp-block-columns-is-layout-flex\">\n<div class=\"wp-block-column is-layout-flow wp-block-column-is-layout-flow\">\n<ul class=\"wp-block-list\">\n<li>Chemijos pramon\u0117<\/li>\n\n\n\n<li>Maisto pramon\u0117<\/li>\n\n\n\n<li>Farmacijos pramon\u0117<\/li>\n<\/ul>\n<\/div>\n\n\n\n<div class=\"wp-block-column is-layout-flow wp-block-column-is-layout-flow\">\n<ul class=\"wp-block-list\">\n<li>Metalo apdirbimo pramon\u0117<\/li>\n\n\n\n<li>Plastiko pramon\u0117<\/li>\n\n\n\n<li>Medienos pramon\u0117<\/li>\n<\/ul>\n<\/div>\n\n\n\n<div class=\"wp-block-column is-layout-flow wp-block-column-is-layout-flow\">\n<ul class=\"wp-block-list\">\n<li>Elektronikos pramon\u0117<\/li>\n\n\n\n<li>Ir t. t.<\/li>\n<\/ul>\n<\/div>\n<\/div>\n\n<p><\/p>\n\n<h2 class=\"wp-block-heading\">Kod\u0117l verta rinktis i\u0161traukimo ir surinkimo sistem\u0105 prie \u0161altinio, o ne valymo ar oro valymo patalpoje sistem\u0105?<\/h2>\n\n<p><br\/>Pageidautina, kai \u012fmanoma, naudoti i\u0161traukim\u0105 ir surinkim\u0105 \u0161altinio vietoje. Tai neleid\u017eia ter\u0161alams pasklisti po vis\u0105 darbo erdv\u0119 ir taip maksimaliai apsaugo darbuotojus. Kai ter\u0161al\u0173 ar dulki\u0173 ne\u012fmanoma surinkti prie \u0161altinio arba kai d\u0117l daugyb\u0117s dulki\u0173 \u0161altini\u0173 surinkimas prie \u0161altinio ne\u012fmanomas, patartina rinktis aplinkos oro valymo sprendim\u0105.    <\/p>\n\n<p>Be to, kai kuriais atvejais aplinkos oro valymas veiksmingai papildo esamas \u0161altini\u0173 surinkimo ir i\u0161traukimo sistemas, kad gerokai suma\u017eint\u0173 ter\u0161al\u0173 koncentracij\u0105 darbo vietoje, ypa\u010d jei tai yra dulk\u0117s arba dujiniai ter\u0161alai, priskiriami CMR kategorijai.<\/p>\n\n<h2 class=\"wp-block-heading\">Kaip pasirinkti tinkam\u0105 pramonin\u0119 siurbimo ir surinkimo sistem\u0105?<\/h2>\n\n<p>Labai svarbu <strong>atid\u017eiai pasirinkti pramonin\u0119 i\u0161traukimo ir surinkimo sistem\u0105,<\/strong> nes d\u0117l to gali suma\u017e\u0117ti oro valymo efektyvumas. Jei tyrim\u0105 atliekate patys, b\u016btinai i\u0161siai\u0161kinkite \u012fvairius su tuo susijusius aspektus: <\/p>\n\n<ul class=\"wp-block-list\">\n<li>Sulaikymo grei\u010diai, kuri\u0173 reikia, kad b\u016bt\u0173 veiksmingai surenkamos dulk\u0117s ir ter\u0161alai,<\/li>\n\n\n\n<li>Atstumas nuo ter\u0161al\u0173 \u0161altinio iki pasirinkto surinkimo \u012frenginio,<\/li>\n\n\n\n<li><a href=\"https:\/\/obera.fr\/lt\/conseils\/comment-calculer-debit-air-systeme-aspiration\/\">Reikalingas siurbimo srautas<\/a>,<\/li>\n\n\n\n<li>Surinkimo \u012frenginio galvut\u0117s nuostoliai,<\/li>\n\n\n\n<li>Dulki\u0173 surinktuvo arba esamos i\u0161traukimo sistemos sl\u0117gis ir oro srautas.<\/li>\n<\/ul>\n\n<p>Kreipkit\u0117s \u012f m\u016bs\u0173 specialistus, jie pad\u0117s i\u0161spr\u0119sti j\u016bs\u0173 problemas ir pasi\u016blys tinkam\u0105 gamin\u012f.<\/p>\n\n<div class=\"wp-block-buttons is-horizontal is-content-justification-center is-layout-flex wp-container-core-buttons-is-layout-03627597 wp-block-buttons-is-layout-flex\">\n<div class=\"wp-block-button has-custom-width wp-block-button__width-100\"><a class=\"wp-block-button__link wp-element-button\" href=\"https:\/\/obera.fr\/lt\/susisiekite-su-mumis\/\">Su\u017einokite daugiau<\/a><\/div>\n<\/div>\n","protected":false},"excerpt":{"rendered":"<p>M\u016bs\u0173 pramonin\u0117 siurbimo ir surinkimo \u012franga apima siurbimo ir surinkimo rankenas, siurbimo stalus, siurbimo atlo\u0161us ir \u012fvairius oro surinkimo ir i\u0161traukimo gaubtus. \u0160ios pramonin\u0117s oro surinkimo sistemos leid\u017eia efektyviai ir tiksliai i\u0161traukti ir surinkti ter\u0161alus tiesiai j\u0173 susidarymo vietoje. M\u016bs\u0173 pramonin\u0117s siurbimo ir surinkimo \u012frangos asortimente Laboratorijos rankos pramoninis M\u016bs\u0173 si\u016blomi laboratoriniai antgaliai yra idealus sprendimas garams ir garams i\u0161 stacionari\u0173 darbo viet\u0173 (darbo stal\u0173, laboratorij\u0173) i\u0161traukti ir surinkti. Juos lengva valdyti ir galima pastatyti kuo ar\u010diau tar\u0161os \u0161altinio. M\u016bs\u0173 laboratorini\u0173 rank\u0173 asortimentas gali b\u016bti komplektuojamas su \u012fvairiais priedais, \u012fskaitant sienin\u012f laikikl\u012f ir apval\u0173 arba sta\u010diakamp\u012f gaubt\u0105. M\u016bs\u0173 laboratoriniai ginklai &#8230; <\/p>\n<p class=\"read-more-container\"><a title=\"Rankenos ir pa\u0117mimo \u012ftaisai\" class=\"read-more button\" href=\"https:\/\/obera.fr\/lt\/produits\/bras-dispositifs-captation\/#more-38437\" aria-label=\"Read more about Rankenos ir pa\u0117mimo \u012ftaisai\">Lire la suite<\/a><\/p>\n","protected":false},"author":4,"featured_media":83744,"parent":38140,"menu_order":0,"comment_status":"closed","ping_status":"closed","template":"","meta":{"_acf_changed":false,"_seopress_robots_primary_cat":"","_seopress_titles_title":"Bras et dispositifs de captation: tables, dosserets, hottes aspirantes","_seopress_titles_desc":"Notre gamme est compos\u00e9e de bras d\u2019aspiration et captation, de tables aspirantes, de dosserets aspirants et d'hottes de captation et d\u2019extraction d\u2019air.","_seopress_robots_index":"","footnotes":""},"class_list":{"0":"post-38437","1":"page","2":"type-page","3":"status-publish","4":"has-post-thumbnail","6":"no-featured-image-padding","7":"resize-featured-image"},"acf":[],"_links":{"self":[{"href":"https:\/\/obera.fr\/lt\/wp-json\/wp\/v2\/pages\/38437","targetHints":{"allow":["GET"]}}],"collection":[{"href":"https:\/\/obera.fr\/lt\/wp-json\/wp\/v2\/pages"}],"about":[{"href":"https:\/\/obera.fr\/lt\/wp-json\/wp\/v2\/types\/page"}],"author":[{"embeddable":true,"href":"https:\/\/obera.fr\/lt\/wp-json\/wp\/v2\/users\/4"}],"replies":[{"embeddable":true,"href":"https:\/\/obera.fr\/lt\/wp-json\/wp\/v2\/comments?post=38437"}],"version-history":[{"count":3,"href":"https:\/\/obera.fr\/lt\/wp-json\/wp\/v2\/pages\/38437\/revisions"}],"predecessor-version":[{"id":70920,"href":"https:\/\/obera.fr\/lt\/wp-json\/wp\/v2\/pages\/38437\/revisions\/70920"}],"up":[{"embeddable":true,"href":"https:\/\/obera.fr\/lt\/wp-json\/wp\/v2\/pages\/38140"}],"wp:featuredmedia":[{"embeddable":true,"href":"https:\/\/obera.fr\/lt\/wp-json\/wp\/v2\/media\/83744"}],"wp:attachment":[{"href":"https:\/\/obera.fr\/lt\/wp-json\/wp\/v2\/media?parent=38437"}],"curies":[{"name":"wp","href":"https:\/\/api.w.org\/{rel}","templated":true}]}}