{"id":38648,"date":"2022-09-13T10:52:39","date_gmt":"2022-09-13T08:52:39","guid":{"rendered":"https:\/\/obera.fr\/musu-produktai\/rankenos-ir-paemimo-itaisai\/pouyes-ziedai\/"},"modified":"2024-11-18T14:55:41","modified_gmt":"2024-11-18T12:55:41","slug":"pouyes-ziedai-2","status":"publish","type":"page","link":"https:\/\/obera.fr\/lt\/produits\/bras-dispositifs-captation\/pouyes-ziedai-2\/","title":{"rendered":"Pouy\u00e8s \u017eiedai"},"content":{"rendered":"\n<h2 class=\"wp-block-heading\">\u012esiurbimo ir \u017eiedo jutikliai<\/h2>\n\n<p>Siekiant i\u0161laikyti \u0161vari\u0105 ir sveik\u0105 darbo aplink\u0105 ir taip apsaugoti operatori\u0173 sveikat\u0105, ter\u0161alai turi b\u016bti surenkami i\u0161kart, kai tik jie susidaro, kuo ar\u010diau tar\u0161os \u0161altinio ir kuo efektyviau. Tai turi b\u016bti daroma atsi\u017evelgiant \u012f paties ter\u0161alo pob\u016bd\u012f, savybes ir koncentracij\u0105. Atsi\u017evelgdama \u012f kliento reikalavimus, &#8222;OberA&#8221; pagal plan\u0105 projektuoja \u012fvairius &#8222;Pouyes&#8221; \u017eiedus ir \u012fsiurbimo jutiklius.  <\/p>\n\n<p><\/p>\n\n<div class=\"wp-block-columns is-layout-flex wp-container-core-columns-is-layout-28f84493 wp-block-columns-is-layout-flex\">\n<div class=\"wp-block-column is-vertically-aligned-top is-layout-flow wp-block-column-is-layout-flow\" style=\"flex-basis:33.33%\">\n<figure class=\"wp-block-image aligncenter size-full is-resized\"><img decoding=\"async\" width=\"500\" height=\"500\" src=\"https:\/\/obera.fr\/wp-content\/uploads\/2022\/09\/Anneau-de-pouyes-1.jpg\" alt=\"anneau de pouyes 1\" class=\"wp-image-14479\" style=\"object-fit:cover;width:200px;height:200px\" srcset=\"https:\/\/obera.fr\/wp-content\/uploads\/2022\/09\/Anneau-de-pouyes-1.jpg 500w, https:\/\/obera.fr\/wp-content\/uploads\/2022\/09\/Anneau-de-pouyes-1-300x300.jpg 300w, https:\/\/obera.fr\/wp-content\/uploads\/2022\/09\/Anneau-de-pouyes-1-150x150.jpg 150w\" sizes=\"(max-width: 500px) 100vw, 500px\" \/><\/figure>\n\n\n\n<p><\/p>\n\n\n\n<figure class=\"wp-block-image aligncenter size-full is-resized\"><img decoding=\"async\" width=\"500\" height=\"500\" src=\"https:\/\/obera.fr\/wp-content\/uploads\/2022\/09\/Anneau-de-pouyes-2.jpg\" alt=\"anneau de pouyes 2\" class=\"wp-image-14482\" style=\"object-fit:cover;width:200px;height:200px\" srcset=\"https:\/\/obera.fr\/wp-content\/uploads\/2022\/09\/Anneau-de-pouyes-2.jpg 500w, https:\/\/obera.fr\/wp-content\/uploads\/2022\/09\/Anneau-de-pouyes-2-300x300.jpg 300w, https:\/\/obera.fr\/wp-content\/uploads\/2022\/09\/Anneau-de-pouyes-2-150x150.jpg 150w\" sizes=\"(max-width: 500px) 100vw, 500px\" \/><\/figure>\n<\/div>\n\n\n\n<div class=\"wp-block-column is-vertically-aligned-center is-layout-flow wp-block-column-is-layout-flow\" style=\"flex-basis:66.66%\">\n<h3 class=\"wp-block-heading\">\u017dIEDINIAI JUTIKLIAI<\/h3>\n\n\n\n<p>Pouy\u00e8s \u017eiedai arba \u017eiediniai kolektoriai yra labai veiksmingos oro surinkimo \u0161altinio vietoje priemon\u0117s. Jie suprojektuoti taip, kad u\u017etikrint\u0173 optimal\u0173 siurbimo greit\u012f ir vienalyt\u012f oro sraut\u0105, kartu i\u0161valydami erdv\u0119 vir\u0161 darbo zonos. <\/p>\n\n\n\n<h3 class=\"wp-block-heading\">kaip veikia Pouy\u00e8s \u017eiedas<\/h3>\n\n\n\n<p>D\u0117l ventiliatoriaus sukuriamo neigiamo sl\u0117gio lakieji ter\u0161alai surenkami kuo ar\u010diau i\u0161metam\u0173j\u0173 ter\u0161al\u0173 \u0161altinio, i\u0161 kur jie per siurbimo angas patenka \u012f kolektori\u0173, prijungt\u0105 prie filtravimo sistemos.<\/p>\n\n\n\n<h3 class=\"wp-block-heading\">I\u0160MOKOS<\/h3>\n\n\n\n<p class=\"has-contrast-color has-text-color\">&#8222;Pouy\u00e8s&#8221; \u017eiedai ne tik saugo operatori\u0173 sveikat\u0105 ir j\u0173 darbo aplink\u0105, bet ir<span class=\"JsGRdQ\" style=\"color: rgb(33, 45, 87); font-weight: 400; font-style: normal; text-decoration: none;\"> optimizuoja siurbimo greit\u012f bei taupo energij\u0105<\/span>. Ergonominiu po\u017ei\u016briu &#8222;Pouy\u00e8s&#8221; \u017eiedai operatoriui nekelia jokio diskomforto. Naudojant &#8222;Pouy\u00e8s&#8221; \u017eied\u0105 su mai\u0161o atrama, kasdienis darbas naudotojui tampa lengvesnis ir patogesnis. J\u0173 konstrukcija taip pat leid\u017eia greitai ir lengvai atlikti technin\u0119 prie\u017ei\u016br\u0105.   <\/p>\n\n\n\n<div class=\"wp-block-columns is-layout-flex wp-container-core-columns-is-layout-28f84493 wp-block-columns-is-layout-flex\">\n<div class=\"wp-block-column is-vertically-aligned-top is-layout-flow wp-block-column-is-layout-flow\">\n<div class=\"wp-block-buttons is-content-justification-center is-layout-flex wp-container-core-buttons-is-layout-a89b3969 wp-block-buttons-is-layout-flex\">\n<div class=\"wp-block-button is-style-fill\"><a class=\"wp-block-button__link wp-element-button\" href=\"https:\/\/obera.fr\/wp-content\/uploads\/2024\/02\/brochure-anneaux-de-pouyes-1.pdf\">Atsisi\u0173sti bro\u0161i\u016br\u0105<\/a><\/div>\n<\/div>\n<\/div>\n\n\n\n<div class=\"wp-block-column is-vertically-aligned-top is-layout-flow wp-block-column-is-layout-flow\">\n<div class=\"wp-block-buttons is-horizontal is-content-justification-center is-layout-flex wp-container-core-buttons-is-layout-03627597 wp-block-buttons-is-layout-flex\">\n<div class=\"wp-block-button has-custom-width wp-block-button__width-100\"><a class=\"wp-block-button__link wp-element-button\" href=\"https:\/\/obera.fr\/lt\/susisiekite-su-mumis\/\">Su\u017einokite daugiau<\/a><\/div>\n<\/div>\n<\/div>\n\n\n\n<div class=\"wp-block-column is-layout-flow wp-block-column-is-layout-flow\">\n<div class=\"wp-block-buttons is-content-justification-center is-layout-flex wp-container-core-buttons-is-layout-a89b3969 wp-block-buttons-is-layout-flex\">\n<div class=\"wp-block-button btn-devis-source\"><a class=\"wp-block-button__link wp-element-button\" href=\"https:\/\/obera.fr\/lt\/devis\/\">Pra\u0161yti citatos<\/a><\/div>\n<\/div>\n\n\n<script>\r\ndocument.addEventListener('DOMContentLoaded', function() {\r\n    \/\/ 1. On cherche le titre H1 de la page\r\n    var h1 = document.querySelector('h1');\r\n    var productTitle = h1 ? h1.innerText.trim() : \"\";\r\n\r\n    \/\/ 2. On cherche les boutons via la classe CSS .btn-devis-source\r\n    var buttons = document.querySelectorAll('.btn-devis-source a');\r\n\r\n    \/\/ 3. Si on a le titre et les boutons, on ajoute le param\u00e8tre\r\n    if (buttons.length > 0 && productTitle !== \"\") {\r\n        var encodedTitle = encodeURIComponent(productTitle);\r\n\r\n        buttons.forEach(function(btn) {\r\n            var currentHref = btn.getAttribute('href');\r\n            \r\n            \/\/ S\u00e9curit\u00e9 pour ne pas ajouter le param\u00e8tre 2 fois\r\n            if (currentHref.indexOf('sujet=') === -1) {\r\n                var separator = currentHref.indexOf('?') !== -1 ? '&' : '?';\r\n                var newLink = currentHref + separator + 'sujet=' + encodedTitle;\r\n                \r\n                btn.setAttribute('href', newLink);\r\n            }\r\n        });\r\n    }\r\n});\r\n<\/script><\/div>\n<\/div>\n<\/div>\n<\/div>\n\n<h2 class=\"wp-block-heading\">Kokius ter\u0161alus galima apdoroti &#8222;Pouy\u00e8s&#8221; \u017eiedais?<\/h2>\n\n<p>Rutuliniai jutikliai gali b\u016bti naudojami \u012fvairiuose pramon\u0117s sektoriuose, ypa\u010d rekomenduojami mai\u0161ymo ir m\u0117gini\u0173 \u0117mimo, mai\u0161ymo \u012f mai\u0161us, u\u017epildymo, pakavimo, i\u0161tu\u0161tinimo, malimo ir sijojimo, reaktoriaus pakrovimo ir sv\u0117rimo operacijose.<\/p>\n\n<h3 class=\"wp-block-heading\">Veiklos sektoriai<\/h3>\n\n<div class=\"wp-block-columns is-layout-flex wp-container-core-columns-is-layout-28f84493 wp-block-columns-is-layout-flex\">\n<div class=\"wp-block-column is-layout-flow wp-block-column-is-layout-flow\">\n<figure class=\"wp-block-image aligncenter size-full\"><img decoding=\"async\" width=\"150\" height=\"150\" src=\"https:\/\/obera.fr\/wp-content\/uploads\/2022\/02\/Chimie.png\" alt=\"chemija\" class=\"wp-image-8846\"\/><figcaption class=\"wp-element-caption\">Chemija<\/figcaption><\/figure>\n<\/div>\n\n\n\n<div class=\"wp-block-column is-layout-flow wp-block-column-is-layout-flow\">\n<figure class=\"wp-block-image aligncenter size-full\"><img decoding=\"async\" width=\"150\" height=\"150\" src=\"https:\/\/obera.fr\/wp-content\/uploads\/2022\/09\/Sans-titre-2022-09-13T095047.797.jpg\" alt=\"Kosmetika\" class=\"wp-image-14491\"\/><figcaption class=\"wp-element-caption\">Kosmetika<\/figcaption><\/figure>\n<\/div>\n\n\n\n<div class=\"wp-block-column is-layout-flow wp-block-column-is-layout-flow\">\n<figure class=\"wp-block-image aligncenter size-full\"><img decoding=\"async\" width=\"150\" height=\"150\" src=\"https:\/\/obera.fr\/wp-content\/uploads\/2022\/02\/AGROALIMENTAIRE.png\" alt=\"&#x17E;em&#x117;s &#x16B;kio ir maisto produkt&#x173;\" class=\"wp-image-8844\"\/><figcaption class=\"wp-element-caption\">Maisto pramon\u0117<\/figcaption><\/figure>\n<\/div>\n\n\n\n<div class=\"wp-block-column is-layout-flow wp-block-column-is-layout-flow\">\n<figure class=\"wp-block-image aligncenter size-full\"><img decoding=\"async\" width=\"150\" height=\"150\" src=\"https:\/\/obera.fr\/wp-content\/uploads\/2022\/09\/Sans-titre-2022-09-13T095545.356.jpg\" alt=\"Farmacijos produktai\" class=\"wp-image-14497\"\/><figcaption class=\"wp-element-caption\">Farmacijos produktai<\/figcaption><\/figure>\n<\/div>\n\n\n\n<div class=\"wp-block-column is-layout-flow wp-block-column-is-layout-flow\">\n<figure class=\"wp-block-image aligncenter size-full\"><img decoding=\"async\" width=\"150\" height=\"150\" src=\"https:\/\/obera.fr\/wp-content\/uploads\/2022\/09\/Sans-titre-2022-09-13T095819.046.jpg\" alt=\"Mechanikos in&#x17E;inerija\" class=\"wp-image-14500\"\/><figcaption class=\"wp-element-caption\">Mechanikos in\u017einerija<\/figcaption><\/figure>\n<\/div>\n<\/div>\n\n<h2 class=\"wp-block-heading\">Kokios yra savyb\u0117s?<\/h2>\n\n<p>\u017diediniai jutikliai gali b\u016bti pagaminti i\u0161 cinkuoto plieno, da\u017eyto plieno, 304L ner\u016bdijan\u010dio plieno ir 316L ner\u016bdijan\u010dio plieno. Priklausomai nuo taikymo srities ir konkre\u010di\u0173 reikalavim\u0173, jie gali b\u016bti pramonin\u0117s arba farmacin\u0117s apdailos, vientisi arba nuimami. <\/p>\n\n<figure class=\"wp-block-image aligncenter size-large is-resized\"><img decoding=\"async\" width=\"1024\" height=\"342\" src=\"https:\/\/obera.fr\/wp-content\/uploads\/2022\/09\/Sans-titre-2022-09-13T102420.496-1024x342.jpg\" alt=\"&#x17D;ied&#x173; &quot;Pouy&#xE8;s OberA&quot; savyb&#x117;s\" class=\"wp-image-14505\" style=\"width:768px;height:257px\" srcset=\"https:\/\/obera.fr\/wp-content\/uploads\/2022\/09\/Sans-titre-2022-09-13T102420.496-1024x342.jpg 1024w, https:\/\/obera.fr\/wp-content\/uploads\/2022\/09\/Sans-titre-2022-09-13T102420.496-300x100.jpg 300w, https:\/\/obera.fr\/wp-content\/uploads\/2022\/09\/Sans-titre-2022-09-13T102420.496-768x256.jpg 768w, https:\/\/obera.fr\/wp-content\/uploads\/2022\/09\/Sans-titre-2022-09-13T102420.496-1536x512.jpg 1536w, https:\/\/obera.fr\/wp-content\/uploads\/2022\/09\/Sans-titre-2022-09-13T102420.496.jpg 2000w\" sizes=\"(max-width: 1024px) 100vw, 1024px\" \/><\/figure>\n\n<h2 class=\"wp-block-heading\">Kita &#8222;OberA&#8221; siurbimo ir surinkimo \u012franga<\/h2>\n\n<div class=\"wp-block-columns is-layout-flex wp-container-core-columns-is-layout-28f84493 wp-block-columns-is-layout-flex\">\n<div class=\"wp-block-column is-layout-flow wp-block-column-is-layout-flow\">\n<figure class=\"wp-block-image aligncenter size-full is-resized\"><a href=\"https:\/\/obera.fr\/?page_id=489\"><img decoding=\"async\" width=\"433\" height=\"433\" src=\"https:\/\/obera.fr\/wp-content\/uploads\/2020\/10\/table-SF.png\" alt=\"Suvirinimas - d&#x16B;mai\" class=\"wp-image-1179\" style=\"object-fit:cover;width:120px;height:120px\" srcset=\"https:\/\/obera.fr\/wp-content\/uploads\/2020\/10\/table-SF.png 433w, https:\/\/obera.fr\/wp-content\/uploads\/2020\/10\/table-SF-300x300.png 300w, https:\/\/obera.fr\/wp-content\/uploads\/2020\/10\/table-SF-150x150.png 150w\" sizes=\"(max-width: 433px) 100vw, 433px\" \/><\/a><figcaption class=\"wp-element-caption\">Siurbimo stalas<\/figcaption><\/figure>\n<\/div>\n\n\n\n<div class=\"wp-block-column is-layout-flow wp-block-column-is-layout-flow\">\n<figure class=\"wp-block-image aligncenter size-large is-resized\"><a href=\"https:\/\/obera.fr\/produits\/bras-dispositifs-captation\/bras-de-laboratoire\/\"><img decoding=\"async\" width=\"1024\" height=\"1024\" src=\"https:\/\/obera.fr\/wp-content\/uploads\/2020\/11\/22-bras-de-labo-1024x1024.jpg\" alt=\"&quot;Fumex&quot; - Laboratorija\" class=\"wp-image-1662\" style=\"object-fit:cover;width:120px;height:120px\" srcset=\"https:\/\/obera.fr\/wp-content\/uploads\/2020\/11\/22-bras-de-labo-1024x1024.jpg 1024w, https:\/\/obera.fr\/wp-content\/uploads\/2020\/11\/22-bras-de-labo-300x300.jpg 300w, https:\/\/obera.fr\/wp-content\/uploads\/2020\/11\/22-bras-de-labo-150x150.jpg 150w, https:\/\/obera.fr\/wp-content\/uploads\/2020\/11\/22-bras-de-labo-768x768.jpg 768w, https:\/\/obera.fr\/wp-content\/uploads\/2020\/11\/22-bras-de-labo.jpg 1500w\" sizes=\"(max-width: 1024px) 100vw, 1024px\" \/><\/a><figcaption class=\"wp-element-caption\">Laboratoriniai ginklai<\/figcaption><\/figure>\n<\/div>\n\n\n\n<div class=\"wp-block-column is-layout-flow wp-block-column-is-layout-flow\">\n<figure class=\"wp-block-image aligncenter size-thumbnail is-resized\"><a href=\"https:\/\/obera.fr\/produits\/bras-dispositifs-captation\/dosserets-aspirants\/\"><img decoding=\"async\" width=\"150\" height=\"150\" src=\"https:\/\/obera.fr\/wp-content\/uploads\/2020\/10\/Dosserets-oberA-150x150.png\" alt=\"Produktas - Produkto dizainas\" class=\"wp-image-1174\" style=\"object-fit:cover;width:120px;height:120px\"\/><\/a><figcaption class=\"wp-element-caption\">\u012esiurbiamieji backsplashes<\/figcaption><\/figure>\n<\/div>\n<\/div>\n\n<div class=\"wp-block-columns is-layout-flex wp-container-core-columns-is-layout-28f84493 wp-block-columns-is-layout-flex\">\n<div class=\"wp-block-column is-layout-flow wp-block-column-is-layout-flow\">\n<figure class=\"wp-block-image aligncenter size-thumbnail is-resized\"><img decoding=\"async\" width=\"150\" height=\"150\" src=\"https:\/\/obera.fr\/wp-content\/uploads\/2024\/06\/hotte-de-captation-rectangulaire-industrielle-600x600-1-1-150x150.png\" alt=\"Pramoninis sta&#x10D;iakampio formos gaubtas 600x600 1 1\" class=\"wp-image-31520\" style=\"object-fit:cover;width:120px;height:120px\" srcset=\"https:\/\/obera.fr\/wp-content\/uploads\/2024\/06\/hotte-de-captation-rectangulaire-industrielle-600x600-1-1-150x150.png 150w, https:\/\/obera.fr\/wp-content\/uploads\/2024\/06\/hotte-de-captation-rectangulaire-industrielle-600x600-1-1-300x300.png 300w, https:\/\/obera.fr\/wp-content\/uploads\/2024\/06\/hotte-de-captation-rectangulaire-industrielle-600x600-1-1-1024x1024.png 1024w, https:\/\/obera.fr\/wp-content\/uploads\/2024\/06\/hotte-de-captation-rectangulaire-industrielle-600x600-1-1-768x768.png 768w, https:\/\/obera.fr\/wp-content\/uploads\/2024\/06\/hotte-de-captation-rectangulaire-industrielle-600x600-1-1.png 1280w\" sizes=\"(max-width: 150px) 100vw, 150px\" \/><figcaption class=\"wp-element-caption\">Pramoninis sta\u010diakampis i\u0161traukimo gaubtas<\/figcaption><\/figure>\n<\/div>\n\n\n\n<div class=\"wp-block-column is-layout-flow wp-block-column-is-layout-flow\">\n<figure class=\"wp-block-image aligncenter size-thumbnail is-resized\"><img decoding=\"async\" width=\"150\" height=\"150\" src=\"https:\/\/obera.fr\/wp-content\/uploads\/2024\/06\/hotte-de-captation-modulaire-600x600-1-150x150.png\" alt=\"Modulinis gaubtas 600x600 1\" class=\"wp-image-31479\" style=\"object-fit:cover;width:120px;height:120px\" srcset=\"https:\/\/obera.fr\/wp-content\/uploads\/2024\/06\/hotte-de-captation-modulaire-600x600-1-150x150.png 150w, https:\/\/obera.fr\/wp-content\/uploads\/2024\/06\/hotte-de-captation-modulaire-600x600-1-300x300.png 300w, https:\/\/obera.fr\/wp-content\/uploads\/2024\/06\/hotte-de-captation-modulaire-600x600-1-1024x1024.png 1024w, https:\/\/obera.fr\/wp-content\/uploads\/2024\/06\/hotte-de-captation-modulaire-600x600-1-768x768.png 768w, https:\/\/obera.fr\/wp-content\/uploads\/2024\/06\/hotte-de-captation-modulaire-600x600-1.png 1280w\" sizes=\"(max-width: 150px) 100vw, 150px\" \/><figcaption class=\"wp-element-caption\">Moduliniai gaubtai<\/figcaption><\/figure>\n<\/div>\n\n\n\n<div class=\"wp-block-column is-layout-flow wp-block-column-is-layout-flow\">\n<figure class=\"wp-block-image aligncenter size-full is-resized\"><a href=\"https:\/\/obera.fr\/produits\/bras-dispositifs-captation\/capot-industriel\/\"><img decoding=\"async\" width=\"150\" height=\"150\" src=\"https:\/\/obera.fr\/wp-content\/uploads\/2020\/10\/capots.png\" alt=\"RAL spalv&#x173; standartas - lakas\" class=\"wp-image-1173\" style=\"object-fit:cover;width:120px;height:120px\"\/><\/a><figcaption class=\"wp-element-caption\">Siurbimo ir surinkimo dangtis<\/figcaption><\/figure>\n<\/div>\n<\/div>\n","protected":false},"excerpt":{"rendered":"<p>\u012esiurbimo ir \u017eiedo jutikliai Siekiant i\u0161laikyti \u0161vari\u0105 ir sveik\u0105 darbo aplink\u0105 ir taip apsaugoti operatori\u0173 sveikat\u0105, ter\u0161alai turi b\u016bti surenkami i\u0161kart, kai tik jie susidaro, kuo ar\u010diau tar\u0161os \u0161altinio ir kuo efektyviau. Tai turi b\u016bti daroma atsi\u017evelgiant \u012f paties ter\u0161alo pob\u016bd\u012f, savybes ir koncentracij\u0105. Atsi\u017evelgdama \u012f kliento reikalavimus, &#8222;OberA&#8221; pagal plan\u0105 projektuoja \u012fvairius &#8222;Pouyes&#8221; \u017eiedus ir \u012fsiurbimo jutiklius. \u017dIEDINIAI JUTIKLIAI Pouy\u00e8s \u017eiedai arba \u017eiediniai kolektoriai yra labai veiksmingos oro surinkimo \u0161altinio vietoje priemon\u0117s. Jie suprojektuoti taip, kad u\u017etikrint\u0173 optimal\u0173 siurbimo greit\u012f ir vienalyt\u012f oro sraut\u0105, kartu i\u0161valydami erdv\u0119 vir\u0161 darbo zonos. kaip veikia Pouy\u00e8s \u017eiedas D\u0117l ventiliatoriaus sukuriamo neigiamo sl\u0117gio &#8230; <\/p>\n<p class=\"read-more-container\"><a title=\"Pouy\u00e8s \u017eiedai\" class=\"read-more button\" href=\"https:\/\/obera.fr\/lt\/produits\/bras-dispositifs-captation\/pouyes-ziedai-2\/#more-38648\" aria-label=\"Read more about Pouy\u00e8s \u017eiedai\">Lire la suite<\/a><\/p>\n","protected":false},"author":4,"featured_media":37374,"parent":38437,"menu_order":0,"comment_status":"closed","ping_status":"closed","template":"","meta":{"_acf_changed":false,"_seopress_robots_primary_cat":"","_seopress_titles_title":"Atraskite i\u0161skirtin\u0119 \"Pouy\u00e8s\" \u017eied\u0173 naud\u0105","_seopress_titles_desc":"Su\u017einokite, kod\u0117l \"Pouy\u00e8s\" \u017eiedai yra esminis raktas \u012f efektyviausius oro valytuvus, u\u017etikrinan\u010dius geresn\u0119 patalp\u0173 oro kokyb\u0119.","_seopress_robots_index":"","footnotes":""},"class_list":{"0":"post-38648","1":"page","2":"type-page","3":"status-publish","4":"has-post-thumbnail","6":"no-featured-image-padding","7":"resize-featured-image"},"acf":[],"_links":{"self":[{"href":"https:\/\/obera.fr\/lt\/wp-json\/wp\/v2\/pages\/38648","targetHints":{"allow":["GET"]}}],"collection":[{"href":"https:\/\/obera.fr\/lt\/wp-json\/wp\/v2\/pages"}],"about":[{"href":"https:\/\/obera.fr\/lt\/wp-json\/wp\/v2\/types\/page"}],"author":[{"embeddable":true,"href":"https:\/\/obera.fr\/lt\/wp-json\/wp\/v2\/users\/4"}],"replies":[{"embeddable":true,"href":"https:\/\/obera.fr\/lt\/wp-json\/wp\/v2\/comments?post=38648"}],"version-history":[{"count":2,"href":"https:\/\/obera.fr\/lt\/wp-json\/wp\/v2\/pages\/38648\/revisions"}],"predecessor-version":[{"id":54278,"href":"https:\/\/obera.fr\/lt\/wp-json\/wp\/v2\/pages\/38648\/revisions\/54278"}],"up":[{"embeddable":true,"href":"https:\/\/obera.fr\/lt\/wp-json\/wp\/v2\/pages\/38437"}],"wp:featuredmedia":[{"embeddable":true,"href":"https:\/\/obera.fr\/lt\/wp-json\/wp\/v2\/media\/37374"}],"wp:attachment":[{"href":"https:\/\/obera.fr\/lt\/wp-json\/wp\/v2\/media?parent=38648"}],"curies":[{"name":"wp","href":"https:\/\/api.w.org\/{rel}","templated":true}]}}