{"id":38958,"date":"2020-08-26T12:56:16","date_gmt":"2020-08-26T10:56:16","guid":{"rendered":"https:\/\/obera.fr\/musu-produktai\/rankenos-ir-paemimo-itaisai\/isiurbiamieji-backsplashes\/"},"modified":"2025-06-17T14:03:07","modified_gmt":"2025-06-17T12:03:07","slug":"dosserets-aspirants","status":"publish","type":"page","link":"https:\/\/obera.fr\/lt\/produits\/bras-dispositifs-captation\/dosserets-aspirants\/","title":{"rendered":"\u012esiurbiamieji backsplashes"},"content":{"rendered":"\n<h2 class=\"wp-block-heading\">M\u016bs\u0173 OBDOS \u012fsiurbiam\u0173j\u0173 purk\u0161tuk\u0173 asortimentas<\/h2>\n\n<div class=\"wp-block-columns is-layout-flex wp-container-core-columns-is-layout-28f84493 wp-block-columns-is-layout-flex\">\n<div class=\"wp-block-column is-layout-flow wp-block-column-is-layout-flow\" style=\"flex-basis:33.33%\">\n<figure class=\"wp-block-image aligncenter size-full is-resized\"><img decoding=\"async\" width=\"577\" height=\"433\" src=\"https:\/\/obera.fr\/wp-content\/uploads\/2024\/02\/dosserets-obera.png\" alt=\"&quot;obera splashbacks\" class=\"wp-image-28190\" srcset=\"https:\/\/obera.fr\/wp-content\/uploads\/2024\/02\/dosserets-obera.png 577w, https:\/\/obera.fr\/wp-content\/uploads\/2024\/02\/dosserets-obera-300x225.png 300w\" sizes=\"(max-width: 577px) 100vw, 577px\" \/><figcaption class=\"wp-element-caption\">\u012esiurbimo backsplash<\/figcaption><\/figure>\n<\/div>\n\n\n\n<div class=\"wp-block-column is-layout-flow wp-block-column-is-layout-flow\" style=\"flex-basis:66.66%\">\n<p><strong>\u012esiurbiamosios nugar\u0117l\u0117s<\/strong> &#8211; tai \u201esienos\u201c su ply\u0161iais, kurie <a href=\"https:\/\/obera.fr\/lt\/produits\/bras-dispositifs-captation\/\" data-type=\"page\" data-id=\"364\">\u012fsiurbia tiesiai prie\u0161ais operatori\u0173 esan\u010dius ter\u0161alus<\/a> &#8211; garus, dujas, dulkes ar garus. Taigi operatorius yra visi\u0161kai saugus ir gali dirbti nekv\u0117puodamas \u012fvairiais darbo metu i\u0161siskirian\u010diais ter\u0161alais. <\/p>\n\n\n\n<p>\u0160\u012f \u012frengin\u012f taip pat galima papildyti dviem \u0161oniniais ekranais ir horizontaliu skydeliu, kad b\u016bt\u0173 apribota operatoriaus ir jo darbo erdv\u0117, o siurbimas b\u016bt\u0173 veiksmingesnis.<\/p>\n\n\n\n<hr class=\"wp-block-separator has-text-color has-black-color has-css-opacity has-black-background-color has-background is-style-dots\"\/>\n\n\n\n<div class=\"wp-block-columns is-layout-flex wp-container-core-columns-is-layout-28f84493 wp-block-columns-is-layout-flex\">\n<div class=\"wp-block-column is-layout-flow wp-block-column-is-layout-flow\" style=\"flex-basis:33.33%\">\n<div class=\"wp-block-buttons is-layout-flex wp-block-buttons-is-layout-flex\">\n<div class=\"wp-block-button\"><a class=\"wp-block-button__link wp-element-button\" href=\"https:\/\/obera.fr\/wp-content\/uploads\/2025\/06\/brochure-dosseret-aspirant-industriel.pdf\">ATSISI\u0172STI BRO\u0160I\u016aR\u0104<\/a><\/div>\n<\/div>\n<\/div>\n\n\n\n<div class=\"wp-block-column is-layout-flow wp-block-column-is-layout-flow\" style=\"flex-basis:33.34%\">\n<div class=\"wp-block-buttons is-horizontal is-content-justification-center is-layout-flex wp-container-core-buttons-is-layout-03627597 wp-block-buttons-is-layout-flex\">\n<div class=\"wp-block-button has-custom-width wp-block-button__width-100\"><a class=\"wp-block-button__link wp-element-button\" href=\"https:\/\/obera.fr\/lt\/susisiekite-su-mumis\/\">Su\u017einokite daugiau<\/a><\/div>\n<\/div>\n<\/div>\n\n\n\n<div class=\"wp-block-column is-layout-flow wp-block-column-is-layout-flow\" style=\"flex-basis:33.34%\">\n<div class=\"wp-block-buttons is-content-justification-center is-layout-flex wp-container-core-buttons-is-layout-a89b3969 wp-block-buttons-is-layout-flex\">\n<div class=\"wp-block-button btn-devis-source\"><a class=\"wp-block-button__link wp-element-button\" href=\"https:\/\/obera.fr\/lt\/devis\/\">Pra\u0161yti citatos<\/a><\/div>\n<\/div>\n\n\n<script>\r\ndocument.addEventListener('DOMContentLoaded', function() {\r\n    \/\/ 1. On cherche le titre H1 de la page\r\n    var h1 = document.querySelector('h1');\r\n    var productTitle = h1 ? h1.innerText.trim() : \"\";\r\n\r\n    \/\/ 2. On cherche les boutons via la classe CSS .btn-devis-source\r\n    var buttons = document.querySelectorAll('.btn-devis-source a');\r\n\r\n    \/\/ 3. Si on a le titre et les boutons, on ajoute le param\u00e8tre\r\n    if (buttons.length > 0 && productTitle !== \"\") {\r\n        var encodedTitle = encodeURIComponent(productTitle);\r\n\r\n        buttons.forEach(function(btn) {\r\n            var currentHref = btn.getAttribute('href');\r\n            \r\n            \/\/ S\u00e9curit\u00e9 pour ne pas ajouter le param\u00e8tre 2 fois\r\n            if (currentHref.indexOf('sujet=') === -1) {\r\n                var separator = currentHref.indexOf('?') !== -1 ? '&' : '?';\r\n                var newLink = currentHref + separator + 'sujet=' + encodedTitle;\r\n                \r\n                btn.setAttribute('href', newLink);\r\n            }\r\n        });\r\n    }\r\n});\r\n<\/script><\/div>\n<\/div>\n\n\n\n<p><\/p>\n<\/div>\n<\/div>\n\n<h2 class=\"wp-block-heading\">\u012esiurbiamojo purk\u0161tuko privalumai<\/h2>\n\n<div class=\"wp-block-columns is-layout-flex wp-container-core-columns-is-layout-28f84493 wp-block-columns-is-layout-flex\">\n<div class=\"wp-block-column is-layout-flow wp-block-column-is-layout-flow\">\n<h3 class=\"wp-block-heading has-text-align-center\"><strong>Privalumai<\/strong><\/h3>\n\n\n\n<ul class=\"wp-block-list\">\n<li>Prijungimas prie ventiliatoriaus arba stacionaraus ar kilnojamojo dulki\u0173 surinktuvo<\/li>\n\n\n\n<li>Skirtas \u0161lifuoti, \u0161lifuoti ar \u0161lifuoti ruo\u0161inius arba suvirinimo darbus.<\/li>\n\n\n\n<li>Taip pat tinka klijuoti, lakuoti ir pan.<\/li>\n\n\n\n<li>Apsaugotas operatorius<\/li>\n<\/ul>\n<\/div>\n\n\n\n<div class=\"wp-block-column is-layout-flow wp-block-column-is-layout-flow\">\n<h3 class=\"wp-block-heading has-text-align-center\"><strong>Specialiosios funkcijos<\/strong><\/h3>\n\n\n\n<ul class=\"wp-block-list\">\n<li>Lengva \u012fdiegti<\/li>\n\n\n\n<li>Erdv\u0117, skirta naudoti kaip darbo vieta<\/li>\n\n\n\n<li>Papildomi priedai pagal pageidavim\u0105: ner\u016bdijantis plienas, ap\u0161vietimas, atramin\u0117 konstrukcija<\/li>\n\n\n\n<li>Individualiai pritaikytas<\/li>\n<\/ul>\n<\/div>\n\n\n\n<div class=\"wp-block-column is-layout-flow wp-block-column-is-layout-flow\">\n<h3 class=\"wp-block-heading has-text-align-center\"><strong>Funkcijos<\/strong><\/h3>\n\n\n\n<ul class=\"wp-block-list\">\n<li><a href=\"https:\/\/obera.fr\/lt\/produits\/bras-dispositifs-captation\/capot-industriel\/\">Siurbimas darbo vietoje<\/a><\/li>\n\n\n\n<li>Kompakti\u0161kas sprendimas<\/li>\n\n\n\n<li>Tvirta konstrukcija<\/li>\n<\/ul>\n<\/div>\n<\/div>\n\n<h2 class=\"wp-block-heading\">Parai\u0161kos<\/h2>\n\n<div class=\"wp-block-columns is-layout-flex wp-container-core-columns-is-layout-28f84493 wp-block-columns-is-layout-flex\">\n<div class=\"wp-block-column is-layout-flow wp-block-column-is-layout-flow\">\n<h3 class=\"wp-block-heading has-text-align-center\">Ter\u0161alai<\/h3>\n\n\n\n<hr class=\"wp-block-separator has-css-opacity is-style-wide\"\/>\n\n\n\n<div class=\"wp-block-columns is-layout-flex wp-container-core-columns-is-layout-28f84493 wp-block-columns-is-layout-flex\">\n<div class=\"wp-block-column is-layout-flow wp-block-column-is-layout-flow\">\n<figure class=\"wp-block-image aligncenter size-large\"><img decoding=\"async\" width=\"70\" height=\"70\" src=\"https:\/\/obera.fr\/wp-content\/uploads\/2020\/08\/polluants-poussieres.jpg\" alt=\"Ter&#x161;alai Dulk&#x117;s\" class=\"wp-image-675\"\/><figcaption class=\"wp-element-caption\">D\u016bmai<\/figcaption><\/figure>\n\n\n\n<figure class=\"wp-block-image aligncenter size-large\"><img decoding=\"async\" width=\"70\" height=\"70\" src=\"https:\/\/obera.fr\/wp-content\/uploads\/2020\/08\/industrie-odeur.jpg\" alt=\"Pramon&#x117;s kvapas\" class=\"wp-image-723\"\/><figcaption class=\"wp-element-caption\">Kvapai<\/figcaption><\/figure>\n<\/div>\n\n\n\n<div class=\"wp-block-column is-layout-flow wp-block-column-is-layout-flow\">\n<figure class=\"wp-block-image aligncenter size-large\"><img decoding=\"async\" width=\"70\" height=\"70\" src=\"https:\/\/obera.fr\/wp-content\/uploads\/2020\/08\/industrie-fumees.jpg\" alt=\"Pramon&#x117;s d&#x16B;mai\" class=\"wp-image-722\"\/><figcaption class=\"wp-element-caption\">D\u016bmai<\/figcaption><\/figure>\n\n\n\n<figure class=\"wp-block-image aligncenter size-large\"><img decoding=\"async\" width=\"70\" height=\"70\" src=\"https:\/\/obera.fr\/wp-content\/uploads\/2020\/09\/cov.png\" alt=\"Cov\" class=\"wp-image-959\"\/><figcaption class=\"wp-element-caption\">VOCS<\/figcaption><\/figure>\n<\/div>\n<\/div>\n\n\n\n<p><\/p>\n<\/div>\n\n\n\n<div class=\"wp-block-column is-layout-flow wp-block-column-is-layout-flow\">\n<h3 class=\"wp-block-heading has-text-align-center\">Pramon\u0117s \u0161akos<\/h3>\n\n\n\n<hr class=\"wp-block-separator has-css-opacity is-style-wide\"\/>\n\n\n\n<div class=\"wp-block-columns is-layout-flex wp-container-core-columns-is-layout-28f84493 wp-block-columns-is-layout-flex\">\n<div class=\"wp-block-column is-layout-flow wp-block-column-is-layout-flow\">\n<figure class=\"wp-block-image aligncenter size-large\"><img decoding=\"async\" width=\"70\" height=\"70\" src=\"https:\/\/obera.fr\/wp-content\/uploads\/2020\/08\/industrie-metallurgie.jpg\" alt=\"Metalurgijos pramon&#x117;\" class=\"wp-image-673\"\/><figcaption class=\"wp-element-caption\">Metalurgija<\/figcaption><\/figure>\n\n\n\n<figure class=\"wp-block-image aligncenter size-large\"><img decoding=\"async\" width=\"70\" height=\"70\" src=\"https:\/\/obera.fr\/wp-content\/uploads\/2020\/08\/industrie-chimie.jpg\" alt=\"Chemijos pramon&#x117;\" class=\"wp-image-725\"\/><figcaption class=\"wp-element-caption\">Chemin\u0117s med\u017eiagos ir (arba) petrochemikalai<\/figcaption><\/figure>\n<\/div>\n\n\n\n<div class=\"wp-block-column is-layout-flow wp-block-column-is-layout-flow\">\n<figure class=\"wp-block-image aligncenter size-large\"><img decoding=\"async\" width=\"70\" height=\"70\" src=\"https:\/\/obera.fr\/wp-content\/uploads\/2020\/08\/industrie-plastique.jpg\" alt=\"Plastiko pramon&#x117;\" class=\"wp-image-669\"\/><figcaption class=\"wp-element-caption\">Plastmas\u0117s<\/figcaption><\/figure>\n\n\n\n<figure class=\"wp-block-image aligncenter size-large\"><img decoding=\"async\" width=\"70\" height=\"70\" src=\"https:\/\/obera.fr\/wp-content\/uploads\/2020\/08\/industrie-bois.jpg\" alt=\"Medienos pramon&#x117;\" class=\"wp-image-672\"\/><figcaption class=\"wp-element-caption\">Medienos apdirbimas<\/figcaption><\/figure>\n<\/div>\n<\/div>\n<\/div>\n<\/div>\n\n<h2 class=\"wp-block-heading\">Technin\u0117s specifikacijos<\/h2>\n\n<p>&#8222;OberA&#8221; si\u016blo nuo 40 cm iki 3,60 m plo\u010dio \u012fsiurbimo purk\u0161tukus (derinant iki 3 purk\u0161tuk\u0173 \u0161alia vienas kito su 3 i\u0161leidimo angomis). Galimi 60 cm, 80 cm ir 1 m auk\u0161\u010diai. Jungtis gali b\u016bti atliekama per vamzd\u012f su nuleistu kra\u0161tu arba lygia briauna. &#8222;OberA&#8221; \u012fsiurbimo purk\u0161tukai gali b\u016bti pagaminti i\u0161 cinkuoto plieno arba 304L ner\u016bdijan\u010diojo plieno.   <\/p>\n\n<div class=\"wp-block-buttons is-content-justification-center is-layout-flex wp-container-core-buttons-is-layout-a89b3969 wp-block-buttons-is-layout-flex\">\n<div class=\"wp-block-button\"><a class=\"wp-block-button__link wp-element-button\" href=\"https:\/\/obera.fr\/wp-content\/uploads\/2024\/02\/brochure-dosseret-aspirant-industriel.pdf\">\u017dR. TECHNINIUS DUOMENIS<\/a><\/div>\n<\/div>\n\n<h2 class=\"wp-block-heading\">Parinktys<\/h2>\n\n<div class=\"wp-block-columns is-layout-flex wp-container-core-columns-is-layout-28f84493 wp-block-columns-is-layout-flex\">\n<div class=\"wp-block-column is-layout-flow wp-block-column-is-layout-flow\">\n<figure class=\"wp-block-image aligncenter size-large\"><img decoding=\"async\" width=\"100\" height=\"100\" src=\"https:\/\/obera.fr\/wp-content\/uploads\/2020\/11\/picto-sur-mesure.jpg\" alt=\"Pasirinktinis &quot;Picto\" class=\"wp-image-2062\"\/><figcaption class=\"wp-element-caption\">Galimi pasirinktiniai dyd\u017eiai<\/figcaption><\/figure>\n<\/div>\n\n\n\n<div class=\"wp-block-column is-layout-flow wp-block-column-is-layout-flow\"><\/div>\n\n\n\n<div class=\"wp-block-column is-layout-flow wp-block-column-is-layout-flow\"><\/div>\n<\/div>\n\n<div class=\"wp-block-buttons is-horizontal is-content-justification-center is-layout-flex wp-container-core-buttons-is-layout-03627597 wp-block-buttons-is-layout-flex\">\n<div class=\"wp-block-button has-custom-width wp-block-button__width-100\"><a class=\"wp-block-button__link wp-element-button\" href=\"https:\/\/obera.fr\/lt\/susisiekite-su-mumis\/\">Su\u017einokite daugiau<\/a><\/div>\n<\/div>\n\n<hr class=\"wp-block-separator has-css-opacity is-style-dots\"\/>\n\n<h2 class=\"wp-block-heading\">Kiti &#8222;OberA&#8221; ginklai ir fiksavimo \u012ftaisai<\/h2>\n\n<div class=\"wp-block-columns is-layout-flex wp-container-core-columns-is-layout-28f84493 wp-block-columns-is-layout-flex\">\n<div class=\"wp-block-column is-layout-flow wp-block-column-is-layout-flow\">\n<figure class=\"wp-block-image aligncenter size-thumbnail\"><a href=\"https:\/\/obera.fr\/produits\/bras-dispositifs-captation\/bras-hotte-ovale-rectangulaire\/\"><img decoding=\"async\" width=\"150\" height=\"150\" src=\"https:\/\/obera.fr\/wp-content\/uploads\/2020\/09\/Bras-SF-150x150.jpg\" alt=\"Siurbimo rankena\" class=\"wp-image-969\" srcset=\"https:\/\/obera.fr\/wp-content\/uploads\/2020\/09\/Bras-SF-150x150.jpg 150w, https:\/\/obera.fr\/wp-content\/uploads\/2020\/09\/Bras-SF-300x300.jpg 300w, https:\/\/obera.fr\/wp-content\/uploads\/2020\/09\/Bras-SF.jpg 433w\" sizes=\"(max-width: 150px) 100vw, 150px\" \/><\/a><figcaption class=\"wp-element-caption\">Siurbimo rankena<\/figcaption><\/figure>\n<\/div>\n\n\n\n<div class=\"wp-block-column is-layout-flow wp-block-column-is-layout-flow\">\n<figure class=\"wp-block-image aligncenter size-thumbnail\"><a href=\"https:\/\/obera.fr\/produits\/bras-dispositifs-captation\/bras-de-laboratoire\/\"><img decoding=\"async\" width=\"150\" height=\"150\" src=\"https:\/\/obera.fr\/wp-content\/uploads\/2020\/11\/22-bras-de-labo-150x150.jpg\" alt=\"Laboratoriniai ginklai\" class=\"wp-image-1662\" srcset=\"https:\/\/obera.fr\/wp-content\/uploads\/2020\/11\/22-bras-de-labo-150x150.jpg 150w, https:\/\/obera.fr\/wp-content\/uploads\/2020\/11\/22-bras-de-labo-300x300.jpg 300w, https:\/\/obera.fr\/wp-content\/uploads\/2020\/11\/22-bras-de-labo-1024x1024.jpg 1024w, https:\/\/obera.fr\/wp-content\/uploads\/2020\/11\/22-bras-de-labo-768x768.jpg 768w, https:\/\/obera.fr\/wp-content\/uploads\/2020\/11\/22-bras-de-labo.jpg 1500w\" sizes=\"(max-width: 150px) 100vw, 150px\" \/><\/a><figcaption class=\"wp-element-caption\">Laboratoriniai ginklai<\/figcaption><\/figure>\n<\/div>\n\n\n\n<div class=\"wp-block-column is-layout-flow wp-block-column-is-layout-flow\">\n<figure class=\"wp-block-image aligncenter size-thumbnail\"><a href=\"https:\/\/obera.fr\/produits\/bras-dispositifs-captation\/anneaux-de-pouyes\/\"><img decoding=\"async\" width=\"150\" height=\"150\" src=\"https:\/\/obera.fr\/wp-content\/uploads\/2022\/09\/Anneau-de-pouyes-2-150x150.jpg\" alt=\"Vi&#x161;tienos &#x17E;iedai\" class=\"wp-image-14482\" srcset=\"https:\/\/obera.fr\/wp-content\/uploads\/2022\/09\/Anneau-de-pouyes-2-150x150.jpg 150w, https:\/\/obera.fr\/wp-content\/uploads\/2022\/09\/Anneau-de-pouyes-2-300x300.jpg 300w, https:\/\/obera.fr\/wp-content\/uploads\/2022\/09\/Anneau-de-pouyes-2.jpg 500w\" sizes=\"(max-width: 150px) 100vw, 150px\" \/><\/a><figcaption class=\"wp-element-caption\">Vi\u0161tienos \u017eiedai<\/figcaption><\/figure>\n<\/div>\n\n\n\n<div class=\"wp-block-column is-layout-flow wp-block-column-is-layout-flow\">\n<figure class=\"wp-block-image aligncenter size-thumbnail\"><a href=\"https:\/\/obera.fr\/?page_id=489\"><img decoding=\"async\" width=\"150\" height=\"150\" src=\"https:\/\/obera.fr\/wp-content\/uploads\/2020\/10\/table-SF-150x150.png\" alt=\"Siurbimo stalai\" class=\"wp-image-1179\" srcset=\"https:\/\/obera.fr\/wp-content\/uploads\/2020\/10\/table-SF-150x150.png 150w, https:\/\/obera.fr\/wp-content\/uploads\/2020\/10\/table-SF-300x300.png 300w, https:\/\/obera.fr\/wp-content\/uploads\/2020\/10\/table-SF.png 433w\" sizes=\"(max-width: 150px) 100vw, 150px\" \/><\/a><figcaption class=\"wp-element-caption\">Siurbimo stalai<\/figcaption><\/figure>\n<\/div>\n<\/div>\n\n<div class=\"wp-block-columns is-layout-flex wp-container-core-columns-is-layout-28f84493 wp-block-columns-is-layout-flex\">\n<div class=\"wp-block-column is-layout-flow wp-block-column-is-layout-flow\">\n<figure class=\"wp-block-image aligncenter size-thumbnail\"><a href=\"https:\/\/obera.fr\/produits\/bras-dispositifs-captation\/hotte-rectangulaire\/\"><img decoding=\"async\" width=\"150\" height=\"150\" src=\"https:\/\/obera.fr\/wp-content\/uploads\/2020\/10\/hotte-rectangulaire-150x150.png\" alt=\"Sta&#x10D;iakampiai gaubtai\" class=\"wp-image-1178\" srcset=\"https:\/\/obera.fr\/wp-content\/uploads\/2020\/10\/hotte-rectangulaire-150x150.png 150w, https:\/\/obera.fr\/wp-content\/uploads\/2020\/10\/hotte-rectangulaire.png 158w\" sizes=\"(max-width: 150px) 100vw, 150px\" \/><\/a><figcaption class=\"wp-element-caption\">Pramoniniai sta\u010diakampiai gar\u0173 surinktuvai<\/figcaption><\/figure>\n<\/div>\n\n\n\n<div class=\"wp-block-column is-layout-flow wp-block-column-is-layout-flow\">\n<figure class=\"wp-block-image aligncenter size-thumbnail\"><a href=\"https:\/\/obera.fr\/produits\/bras-dispositifs-captation\/hotte-modulaire\/\"><img decoding=\"async\" width=\"150\" height=\"150\" src=\"https:\/\/obera.fr\/wp-content\/uploads\/2020\/10\/hotte-modulaire-A-logo-SF-150x150.png\" alt=\"Modulinis gaubtas\" class=\"wp-image-1177\"\/><\/a><figcaption class=\"wp-element-caption\">Moduliniai gaubtai<\/figcaption><\/figure>\n<\/div>\n\n\n\n<div class=\"wp-block-column is-layout-flow wp-block-column-is-layout-flow\">\n<figure class=\"wp-block-image aligncenter size-full\"><a href=\"https:\/\/obera.fr\/produits\/bras-dispositifs-captation\/capot-industriel\/\"><img decoding=\"async\" width=\"150\" height=\"150\" src=\"https:\/\/obera.fr\/wp-content\/uploads\/2020\/10\/capots.png\" alt=\"Siurbimo gaubtai\" class=\"wp-image-1173\"\/><\/a><figcaption class=\"wp-element-caption\">Siurbimo ir surinkimo dangtis<\/figcaption><\/figure>\n<\/div>\n\n\n\n<div class=\"wp-block-column is-layout-flow wp-block-column-is-layout-flow\"><\/div>\n<\/div>\n","protected":false},"excerpt":{"rendered":"<p>M\u016bs\u0173 OBDOS \u012fsiurbiam\u0173j\u0173 purk\u0161tuk\u0173 asortimentas \u012esiurbiamosios nugar\u0117l\u0117s &#8211; tai \u201esienos\u201c su ply\u0161iais, kurie \u012fsiurbia tiesiai prie\u0161ais operatori\u0173 esan\u010dius ter\u0161alus &#8211; garus, dujas, dulkes ar garus. Taigi operatorius yra visi\u0161kai saugus ir gali dirbti nekv\u0117puodamas \u012fvairiais darbo metu i\u0161siskirian\u010diais ter\u0161alais. \u0160\u012f \u012frengin\u012f taip pat galima papildyti dviem \u0161oniniais ekranais ir horizontaliu skydeliu, kad b\u016bt\u0173 apribota operatoriaus ir jo darbo erdv\u0117, o siurbimas b\u016bt\u0173 veiksmingesnis. \u012esiurbiamojo purk\u0161tuko privalumai Privalumai Specialiosios funkcijos Funkcijos Parai\u0161kos Ter\u0161alai Pramon\u0117s \u0161akos Technin\u0117s specifikacijos &#8222;OberA&#8221; si\u016blo nuo 40 cm iki 3,60 m plo\u010dio \u012fsiurbimo purk\u0161tukus (derinant iki 3 purk\u0161tuk\u0173 \u0161alia vienas kito su 3 i\u0161leidimo angomis). Galimi 60 &#8230; <\/p>\n<p class=\"read-more-container\"><a title=\"\u012esiurbiamieji backsplashes\" class=\"read-more button\" href=\"https:\/\/obera.fr\/lt\/produits\/bras-dispositifs-captation\/dosserets-aspirants\/#more-38958\" aria-label=\"Read more about \u012esiurbiamieji backsplashes\">Lire la suite<\/a><\/p>\n","protected":false},"author":4,"featured_media":83744,"parent":38437,"menu_order":0,"comment_status":"closed","ping_status":"closed","template":"","meta":{"_acf_changed":false,"_seopress_robots_primary_cat":"","_seopress_titles_title":"Dosserets aspirants pour capter les polluants - oberA","_seopress_titles_desc":"Les dosserets aspirants aspirent les polluants g\u00e9n\u00e9r\u00e9s par l\u2019op\u00e9rateur face \u00e0 lui, qu\u2019il s\u2019agisse de vapeurs, de gaz, de poussi\u00e8res ou de fum\u00e9es.","_seopress_robots_index":"","_seopress_analysis_target_kw":"","footnotes":""},"class_list":{"0":"post-38958","1":"page","2":"type-page","3":"status-publish","4":"has-post-thumbnail","6":"no-featured-image-padding","7":"resize-featured-image"},"acf":[],"_links":{"self":[{"href":"https:\/\/obera.fr\/lt\/wp-json\/wp\/v2\/pages\/38958","targetHints":{"allow":["GET"]}}],"collection":[{"href":"https:\/\/obera.fr\/lt\/wp-json\/wp\/v2\/pages"}],"about":[{"href":"https:\/\/obera.fr\/lt\/wp-json\/wp\/v2\/types\/page"}],"author":[{"embeddable":true,"href":"https:\/\/obera.fr\/lt\/wp-json\/wp\/v2\/users\/4"}],"replies":[{"embeddable":true,"href":"https:\/\/obera.fr\/lt\/wp-json\/wp\/v2\/comments?post=38958"}],"version-history":[{"count":9,"href":"https:\/\/obera.fr\/lt\/wp-json\/wp\/v2\/pages\/38958\/revisions"}],"predecessor-version":[{"id":112845,"href":"https:\/\/obera.fr\/lt\/wp-json\/wp\/v2\/pages\/38958\/revisions\/112845"}],"up":[{"embeddable":true,"href":"https:\/\/obera.fr\/lt\/wp-json\/wp\/v2\/pages\/38437"}],"wp:featuredmedia":[{"embeddable":true,"href":"https:\/\/obera.fr\/lt\/wp-json\/wp\/v2\/media\/83744"}],"wp:attachment":[{"href":"https:\/\/obera.fr\/lt\/wp-json\/wp\/v2\/media?parent=38958"}],"curies":[{"name":"wp","href":"https:\/\/api.w.org\/{rel}","templated":true}]}}