{"id":39599,"date":"2020-10-19T23:22:37","date_gmt":"2020-10-19T21:22:37","guid":{"rendered":"https:\/\/obera.fr\/musu-produktai\/rankenos-ir-paemimo-itaisai\/pramoninis-staciakampis-istraukimo-gaubtas\/"},"modified":"2025-04-22T10:12:30","modified_gmt":"2025-04-22T08:12:30","slug":"hotte-rectangulaire","status":"publish","type":"page","link":"https:\/\/obera.fr\/lt\/produits\/bras-dispositifs-captation\/hotte-rectangulaire\/","title":{"rendered":"Pramoninis sta\u010diakampis i\u0161traukimo gaubtas"},"content":{"rendered":"\n<h2 class=\"wp-block-heading\">M\u016bs\u0173 sta\u010diakampi\u0173 garintuv\u0173 asortimentas<\/h2>\n\n<div class=\"wp-block-columns is-layout-flex wp-container-core-columns-is-layout-28f84493 wp-block-columns-is-layout-flex\">\n<div class=\"wp-block-column is-layout-flow wp-block-column-is-layout-flow\" style=\"flex-basis:33.33%\">\n<figure class=\"wp-block-image aligncenter size-full\"><img decoding=\"async\" width=\"1200\" height=\"1200\" src=\"https:\/\/obera.fr\/wp-content\/uploads\/2024\/06\/image-hotte-captation.jpg\" alt=\"vaizdo fiksavimo gaubtas\" class=\"wp-image-31878\" srcset=\"https:\/\/obera.fr\/wp-content\/uploads\/2024\/06\/image-hotte-captation.jpg 1200w, https:\/\/obera.fr\/wp-content\/uploads\/2024\/06\/image-hotte-captation-300x300.jpg 300w, https:\/\/obera.fr\/wp-content\/uploads\/2024\/06\/image-hotte-captation-1024x1024.jpg 1024w, https:\/\/obera.fr\/wp-content\/uploads\/2024\/06\/image-hotte-captation-150x150.jpg 150w, https:\/\/obera.fr\/wp-content\/uploads\/2024\/06\/image-hotte-captation-768x768.jpg 768w\" sizes=\"(max-width: 1200px) 100vw, 1200px\" \/><figcaption class=\"wp-element-caption\">Pramoninis sta\u010diakampis i\u0161traukimo gaubtas<\/figcaption><\/figure>\n<\/div>\n\n\n\n<div class=\"wp-block-column is-layout-flow wp-block-column-is-layout-flow\" style=\"flex-basis:66.66%\">\n<p><strong>&#8222;OBERA&#8221; sta\u010diakampiai gaubtai<\/strong> idealiai tinka dulk\u0117ms, d\u016bmams ir dujiniams ter\u0161alams surinkti pa\u010diame \u0161altinyje. \u0160ioms reikm\u0117ms taip pat galima \u012fsigyti <a href=\"https:\/\/obera.fr\/lt\/produits\/rankenos-ir-paemimo-itaisai\/hotte-modulaire\/\">modulinius i\u0161traukimo gaubtus<\/a>.   <\/p>\n\n\n\n<p>&#8222;OBERA&#8221; pramoniniai i\u0161traukiamieji gaubtai jungiami prie surinkimo tinklo arba dulki\u0173 surink\u0117jo. Jie gali b\u016bti dviej\u0173 skirting\u0173 dyd\u017ei\u0173, tod\u0117l gali b\u016bti pritaikyti daugumai surinkimo konfig\u016bracij\u0173. <\/p>\n\n\n\n<p>Naudojant \u0161arnyrines<a href=\"https:\/\/obera.fr\/lt\/produits\/rankenos-ir-paemimo-itaisai\/\"> surinkimo rankenas<\/a> padidinamas lankstumas ir ter\u0161al\u0173 surinkimo efektyvumas, net ir sunkiai pasiekiamose vietose. <a href=\"https:\/\/obera.fr\/lt\/produits\/rankenos-ir-paemimo-itaisai\/capot-industriel\/\">Pramoninis gaubtas,<\/a> suprojektuotas taip, kad atlaikyt\u0173 sud\u0117tingiausias aplinkos s\u0105lygas, u\u017etikrina didesn\u0119 \u012frangos apsaug\u0105 ir ilgaam\u017ei\u0161kum\u0105. D\u0117l \u0161i\u0173 savybi\u0173 OBERA garintuvai yra i\u0161samus ir patikimas sprendimas, skirtas oro kokyb\u0117s valdymui pramonin\u0117je aplinkoje.  <\/p>\n\n\n\n<hr class=\"wp-block-separator has-text-color has-black-color has-css-opacity has-black-background-color has-background is-style-dots\"\/>\n\n\n\n<div class=\"wp-block-columns is-layout-flex wp-container-core-columns-is-layout-28f84493 wp-block-columns-is-layout-flex\">\n<div class=\"wp-block-column is-layout-flow wp-block-column-is-layout-flow\" style=\"flex-basis:50%\">\n<div class=\"wp-block-buttons is-horizontal is-content-justification-center is-layout-flex wp-container-core-buttons-is-layout-03627597 wp-block-buttons-is-layout-flex\">\n<div class=\"wp-block-button has-custom-width wp-block-button__width-100\"><a class=\"wp-block-button__link wp-element-button\" href=\"https:\/\/obera.fr\/lt\/susisiekite-su-mumis\/\">Su\u017einokite daugiau<\/a><\/div>\n<\/div>\n<\/div>\n\n\n\n<div class=\"wp-block-column is-layout-flow wp-block-column-is-layout-flow\" style=\"flex-basis:50%\">\n<div class=\"wp-block-buttons is-content-justification-center is-layout-flex wp-container-core-buttons-is-layout-a89b3969 wp-block-buttons-is-layout-flex\">\n<div class=\"wp-block-button btn-devis-source\"><a class=\"wp-block-button__link wp-element-button\" href=\"https:\/\/obera.fr\/lt\/devis\/\">Pra\u0161yti citatos<\/a><\/div>\n<\/div>\n\n\n<script>\r\ndocument.addEventListener('DOMContentLoaded', function() {\r\n    \/\/ 1. On cherche le titre H1 de la page\r\n    var h1 = document.querySelector('h1');\r\n    var productTitle = h1 ? h1.innerText.trim() : \"\";\r\n\r\n    \/\/ 2. On cherche les boutons via la classe CSS .btn-devis-source\r\n    var buttons = document.querySelectorAll('.btn-devis-source a');\r\n\r\n    \/\/ 3. Si on a le titre et les boutons, on ajoute le param\u00e8tre\r\n    if (buttons.length > 0 && productTitle !== \"\") {\r\n        var encodedTitle = encodeURIComponent(productTitle);\r\n\r\n        buttons.forEach(function(btn) {\r\n            var currentHref = btn.getAttribute('href');\r\n            \r\n            \/\/ S\u00e9curit\u00e9 pour ne pas ajouter le param\u00e8tre 2 fois\r\n            if (currentHref.indexOf('sujet=') === -1) {\r\n                var separator = currentHref.indexOf('?') !== -1 ? '&' : '?';\r\n                var newLink = currentHref + separator + 'sujet=' + encodedTitle;\r\n                \r\n                btn.setAttribute('href', newLink);\r\n            }\r\n        });\r\n    }\r\n});\r\n<\/script><\/div>\n<\/div>\n<\/div>\n<\/div>\n\n<h2 class=\"wp-block-heading\">Privalumai<\/h2>\n\n<div class=\"wp-block-columns is-layout-flex wp-container-core-columns-is-layout-28f84493 wp-block-columns-is-layout-flex\">\n<div class=\"wp-block-column is-layout-flow wp-block-column-is-layout-flow\">\n<h3 class=\"wp-block-heading has-text-align-center\"><strong>Privalumai<\/strong><\/h3>\n\n\n\n<ul class=\"wp-block-list\">\n<li>Puikiai surenka d\u016bmus, tirpiklius ir dulkes j\u0173 susidarymo vietoje<\/li>\n\n\n\n<li>Vienos ar daugiau darbo viet\u0173 siurbimas<\/li>\n\n\n\n<li>Prijungti prie surinkimo tinklo arba dulki\u0173 surinktuvo<\/li>\n<\/ul>\n<\/div>\n\n\n\n<div class=\"wp-block-column is-layout-flow wp-block-column-is-layout-flow\">\n<h3 class=\"wp-block-heading has-text-align-center\"><strong>Specialiosios funkcijos<\/strong><\/h3>\n\n\n\n<ul class=\"wp-block-list\">\n<li>Lengva kurti<\/li>\n\n\n\n<li>Lengva \u012fdiegti<\/li>\n<\/ul>\n<\/div>\n\n\n\n<div class=\"wp-block-column is-layout-flow wp-block-column-is-layout-flow\">\n<h3 class=\"wp-block-heading has-text-align-center\"><strong>Funkcijos<\/strong><\/h3>\n\n\n\n<ul class=\"wp-block-list\">\n<li>Du dyd\u017ei\u0173 variantai<\/li>\n\n\n\n<li>Lengva naudoti ir perkelti<\/li>\n\n\n\n<li>Siurbimas kuo ar\u010diau \u0161altinio<\/li>\n<\/ul>\n<\/div>\n<\/div>\n\n<h2 class=\"wp-block-heading\">Parai\u0161kos<\/h2>\n\n<div class=\"wp-block-columns is-layout-flex wp-container-core-columns-is-layout-28f84493 wp-block-columns-is-layout-flex\">\n<div class=\"wp-block-column is-layout-flow wp-block-column-is-layout-flow\">\n<h3 class=\"wp-block-heading has-text-align-center\">Ter\u0161alai<\/h3>\n\n\n\n<hr class=\"wp-block-separator has-css-opacity is-style-wide\"\/>\n\n\n\n<div class=\"wp-block-columns is-layout-flex wp-container-core-columns-is-layout-28f84493 wp-block-columns-is-layout-flex\">\n<div class=\"wp-block-column is-layout-flow wp-block-column-is-layout-flow\">\n<figure class=\"wp-block-image aligncenter size-large\"><img decoding=\"async\" width=\"70\" height=\"70\" src=\"https:\/\/obera.fr\/wp-content\/uploads\/2020\/08\/polluants-poussieres.jpg\" alt=\"Ter&#x161;alai Dulk&#x117;s\" class=\"wp-image-675\"\/><figcaption class=\"wp-element-caption\">D\u016bmai<\/figcaption><\/figure>\n\n\n\n<figure class=\"wp-block-image aligncenter size-large\"><img decoding=\"async\" width=\"70\" height=\"70\" src=\"https:\/\/obera.fr\/wp-content\/uploads\/2020\/08\/industrie-odeur.jpg\" alt=\"Pramon&#x117;s kvapas\" class=\"wp-image-723\"\/><figcaption class=\"wp-element-caption\">Kvapai<\/figcaption><\/figure>\n\n\n\n<figure class=\"wp-block-image aligncenter size-large\"><img decoding=\"async\" width=\"70\" height=\"70\" src=\"https:\/\/obera.fr\/wp-content\/uploads\/2020\/08\/industrie-brouillard-huile.jpg\" alt=\"Pramon&#x117;s r&#x16B;ko alyva\" class=\"wp-image-721\"\/><figcaption class=\"wp-element-caption\">Alyvos r\u016bkas<\/figcaption><\/figure>\n<\/div>\n\n\n\n<div class=\"wp-block-column is-layout-flow wp-block-column-is-layout-flow\">\n<figure class=\"wp-block-image aligncenter size-large\"><img decoding=\"async\" width=\"70\" height=\"70\" src=\"https:\/\/obera.fr\/wp-content\/uploads\/2020\/08\/industrie-fumees.jpg\" alt=\"Pramon&#x117;s d&#x16B;mai\" class=\"wp-image-722\"\/><figcaption class=\"wp-element-caption\">D\u016bmai<\/figcaption><\/figure>\n\n\n\n<figure class=\"wp-block-image aligncenter size-large\"><img decoding=\"async\" width=\"70\" height=\"70\" src=\"https:\/\/obera.fr\/wp-content\/uploads\/2020\/09\/cov.png\" alt=\"Cov\" class=\"wp-image-959\"\/><figcaption class=\"wp-element-caption\">VOCS<\/figcaption><\/figure>\n<\/div>\n<\/div>\n\n\n\n<p><\/p>\n<\/div>\n\n\n\n<div class=\"wp-block-column is-layout-flow wp-block-column-is-layout-flow\">\n<h3 class=\"wp-block-heading has-text-align-center\">Pramon\u0117s \u0161akos<\/h3>\n\n\n\n<hr class=\"wp-block-separator has-css-opacity is-style-wide\"\/>\n\n\n\n<div class=\"wp-block-columns is-layout-flex wp-container-core-columns-is-layout-28f84493 wp-block-columns-is-layout-flex\">\n<div class=\"wp-block-column is-layout-flow wp-block-column-is-layout-flow\">\n<figure class=\"wp-block-image aligncenter size-large\"><img decoding=\"async\" width=\"70\" height=\"70\" src=\"https:\/\/obera.fr\/wp-content\/uploads\/2020\/08\/industrie-metallurgie.jpg\" alt=\"Metalurgijos pramon&#x117;\" class=\"wp-image-673\"\/><figcaption class=\"wp-element-caption\">Metalurgija<\/figcaption><\/figure>\n\n\n\n<figure class=\"wp-block-image aligncenter size-large\"><img decoding=\"async\" width=\"70\" height=\"70\" src=\"https:\/\/obera.fr\/wp-content\/uploads\/2020\/08\/industrie-chimie.jpg\" alt=\"Chemijos pramon&#x117;\" class=\"wp-image-725\"\/><figcaption class=\"wp-element-caption\">Chemin\u0117s med\u017eiagos ir (arba) petrochemikalai<\/figcaption><\/figure>\n\n\n\n<figure class=\"wp-block-image aligncenter size-large\"><img decoding=\"async\" width=\"70\" height=\"70\" src=\"https:\/\/obera.fr\/wp-content\/uploads\/2020\/08\/industrie-textile.jpg\" alt=\"Tekstil&#x117;s pramon&#x117;\" class=\"wp-image-671\"\/><figcaption class=\"wp-element-caption\">Tekstil\u0117<\/figcaption><\/figure>\n\n\n\n<figure class=\"wp-block-image aligncenter size-large\"><img decoding=\"async\" width=\"70\" height=\"70\" src=\"https:\/\/obera.fr\/wp-content\/uploads\/2020\/08\/industrie-minerai.jpg\" alt=\"R&#x16B;dos pramon&#x117;\" class=\"wp-image-724\"\/><figcaption class=\"wp-element-caption\">Mineralai<\/figcaption><\/figure>\n<\/div>\n\n\n\n<div class=\"wp-block-column is-layout-flow wp-block-column-is-layout-flow\">\n<figure class=\"wp-block-image aligncenter size-large\"><img decoding=\"async\" width=\"70\" height=\"70\" src=\"https:\/\/obera.fr\/wp-content\/uploads\/2020\/08\/industrie-plastique.jpg\" alt=\"Plastiko pramon&#x117;\" class=\"wp-image-669\"\/><figcaption class=\"wp-element-caption\">Plastmas\u0117s<\/figcaption><\/figure>\n\n\n\n<figure class=\"wp-block-image aligncenter size-large\"><img decoding=\"async\" width=\"70\" height=\"70\" src=\"https:\/\/obera.fr\/wp-content\/uploads\/2020\/08\/industrie-bois.jpg\" alt=\"Medienos pramon&#x117;\" class=\"wp-image-672\"\/><figcaption class=\"wp-element-caption\">Medienos apdirbimas<\/figcaption><\/figure>\n\n\n\n<figure class=\"wp-block-image aligncenter size-large\"><img decoding=\"async\" width=\"70\" height=\"70\" src=\"https:\/\/obera.fr\/wp-content\/uploads\/2020\/08\/industrie-papier-carton.jpg\" alt=\"Popieriaus ir kartono pramon&#x117;\" class=\"wp-image-670\"\/><figcaption class=\"wp-element-caption\">Popierius ir kartonas<\/figcaption><\/figure>\n\n\n\n<figure class=\"wp-block-image aligncenter size-large\"><img decoding=\"async\" width=\"70\" height=\"70\" src=\"https:\/\/obera.fr\/wp-content\/uploads\/2020\/08\/industrie-dechets.jpg\" alt=\"Pramon&#x117;s atliekos\" class=\"wp-image-726\"\/><figcaption class=\"wp-element-caption\">Atliek\u0173 surinkimas ir r\u016b\u0161iavimas<\/figcaption><\/figure>\n<\/div>\n<\/div>\n<\/div>\n<\/div>\n\n<h2 class=\"wp-block-heading\">Technin\u0117s specifikacijos<\/h2>\n\n<figure class=\"wp-block-table\"><table class=\"has-fixed-layout\"><tbody><tr><td>Sta\u010diakampiai gaubtai<\/td><td>500&#215;500<\/td><td>600&#215;600<\/td><\/tr><tr><td>Med\u017eiaga<\/td><td>Aliuminis<\/td><td>Aliuminis<\/td><\/tr><tr><td>Svoris (kg)<\/td><td>2,7<\/td><td>3<\/td><\/tr><tr><td>Jungtis (mm)<\/td><td>\u00f8 100-150<\/td><td>\u00f8 140-180<\/td><\/tr><\/tbody><\/table><\/figure>\n\n<div class=\"wp-block-buttons is-horizontal is-content-justification-center is-layout-flex wp-container-core-buttons-is-layout-03627597 wp-block-buttons-is-layout-flex\">\n<div class=\"wp-block-button has-custom-width wp-block-button__width-100\"><a class=\"wp-block-button__link wp-element-button\" href=\"https:\/\/obera.fr\/lt\/susisiekite-su-mumis\/\">Su\u017einokite daugiau<\/a><\/div>\n<\/div>\n\n<hr class=\"wp-block-separator has-css-opacity is-style-dots\"\/>\n\n<h2 class=\"wp-block-heading\">Kiti &#8222;OberA&#8221; siurbimo ir surinkimo produktai<\/h2>\n\n<div class=\"wp-block-columns is-layout-flex wp-container-core-columns-is-layout-28f84493 wp-block-columns-is-layout-flex\">\n<div class=\"wp-block-column is-layout-flow wp-block-column-is-layout-flow\">\n<figure class=\"wp-block-image aligncenter size-thumbnail is-resized\"><a href=\"https:\/\/obera.fr\/produits\/bras-dispositifs-captation\/bras-hotte-ovale-rectangulaire\/\"><img decoding=\"async\" width=\"150\" height=\"150\" src=\"https:\/\/obera.fr\/wp-content\/uploads\/2020\/09\/Bras-SF-150x150.jpg\" alt=\"Siurbimo rankena\" class=\"wp-image-969\" style=\"object-fit:cover;width:120px;height:120px\" srcset=\"https:\/\/obera.fr\/wp-content\/uploads\/2020\/09\/Bras-SF-150x150.jpg 150w, https:\/\/obera.fr\/wp-content\/uploads\/2020\/09\/Bras-SF-300x300.jpg 300w, https:\/\/obera.fr\/wp-content\/uploads\/2020\/09\/Bras-SF.jpg 433w\" sizes=\"(max-width: 150px) 100vw, 150px\" \/><\/a><figcaption class=\"wp-element-caption\">Siurbimo rankena<\/figcaption><\/figure>\n<\/div>\n\n\n\n<div class=\"wp-block-column is-layout-flow wp-block-column-is-layout-flow\">\n<figure class=\"wp-block-image aligncenter size-thumbnail is-resized\"><a href=\"https:\/\/obera.fr\/produits\/bras-dispositifs-captation\/bras-de-laboratoire\/\"><img decoding=\"async\" width=\"150\" height=\"150\" src=\"https:\/\/obera.fr\/wp-content\/uploads\/2020\/11\/22-bras-de-labo-150x150.jpg\" alt=\"Laboratoriniai ginklai\" class=\"wp-image-1662\" style=\"object-fit:cover;width:120px;height:120px\" srcset=\"https:\/\/obera.fr\/wp-content\/uploads\/2020\/11\/22-bras-de-labo-150x150.jpg 150w, https:\/\/obera.fr\/wp-content\/uploads\/2020\/11\/22-bras-de-labo-300x300.jpg 300w, https:\/\/obera.fr\/wp-content\/uploads\/2020\/11\/22-bras-de-labo-1024x1024.jpg 1024w, https:\/\/obera.fr\/wp-content\/uploads\/2020\/11\/22-bras-de-labo-768x768.jpg 768w, https:\/\/obera.fr\/wp-content\/uploads\/2020\/11\/22-bras-de-labo.jpg 1500w\" sizes=\"(max-width: 150px) 100vw, 150px\" \/><\/a><figcaption class=\"wp-element-caption\">Laboratoriniai ginklai<\/figcaption><\/figure>\n<\/div>\n\n\n\n<div class=\"wp-block-column is-layout-flow wp-block-column-is-layout-flow\">\n<figure class=\"wp-block-image aligncenter size-thumbnail is-resized\"><a href=\"https:\/\/obera.fr\/produits\/bras-dispositifs-captation\/dosserets-aspirants\/\"><img decoding=\"async\" width=\"150\" height=\"150\" src=\"https:\/\/obera.fr\/wp-content\/uploads\/2020\/10\/Dosserets-oberA-150x150.png\" alt=\"&quot;Obera&quot; grindjuost&#x117;s\" class=\"wp-image-1174\" style=\"object-fit:cover;width:120px;height:120px\"\/><\/a><figcaption class=\"wp-element-caption\">\u012esiurbiamieji backsplashes<\/figcaption><\/figure>\n<\/div>\n\n\n\n<div class=\"wp-block-column is-layout-flow wp-block-column-is-layout-flow\">\n<figure class=\"wp-block-image aligncenter size-thumbnail is-resized\"><a href=\"https:\/\/obera.fr\/produits\/bras-dispositifs-captation\/anneaux-de-pouyes\/\"><img decoding=\"async\" width=\"150\" height=\"150\" src=\"https:\/\/obera.fr\/wp-content\/uploads\/2022\/09\/Anneau-de-pouyes-2-150x150.jpg\" alt=\"Vi&#x161;tienos &#x17E;iedai\" class=\"wp-image-14482\" style=\"object-fit:cover;width:120px;height:120px\" srcset=\"https:\/\/obera.fr\/wp-content\/uploads\/2022\/09\/Anneau-de-pouyes-2-150x150.jpg 150w, https:\/\/obera.fr\/wp-content\/uploads\/2022\/09\/Anneau-de-pouyes-2-300x300.jpg 300w, https:\/\/obera.fr\/wp-content\/uploads\/2022\/09\/Anneau-de-pouyes-2.jpg 500w\" sizes=\"(max-width: 150px) 100vw, 150px\" \/><\/a><figcaption class=\"wp-element-caption\">Vi\u0161tienos \u017eiedai<\/figcaption><\/figure>\n<\/div>\n<\/div>\n\n<div class=\"wp-block-columns is-layout-flex wp-container-core-columns-is-layout-28f84493 wp-block-columns-is-layout-flex\">\n<div class=\"wp-block-column is-layout-flow wp-block-column-is-layout-flow\">\n<figure class=\"wp-block-image aligncenter size-thumbnail is-resized\"><a href=\"https:\/\/obera.fr\/?page_id=489\"><img decoding=\"async\" width=\"150\" height=\"150\" src=\"https:\/\/obera.fr\/wp-content\/uploads\/2020\/10\/table-SF-150x150.png\" alt=\"Siurbimo stalai\" class=\"wp-image-1179\" style=\"object-fit:cover;width:120px;height:120px\" srcset=\"https:\/\/obera.fr\/wp-content\/uploads\/2020\/10\/table-SF-150x150.png 150w, https:\/\/obera.fr\/wp-content\/uploads\/2020\/10\/table-SF-300x300.png 300w, https:\/\/obera.fr\/wp-content\/uploads\/2020\/10\/table-SF.png 433w\" sizes=\"(max-width: 150px) 100vw, 150px\" \/><\/a><figcaption class=\"wp-element-caption\">Siurbimo stalai<\/figcaption><\/figure>\n<\/div>\n\n\n\n<div class=\"wp-block-column is-layout-flow wp-block-column-is-layout-flow\">\n<figure class=\"wp-block-image aligncenter size-thumbnail is-resized\"><img decoding=\"async\" width=\"150\" height=\"150\" src=\"https:\/\/obera.fr\/wp-content\/uploads\/2024\/06\/hotte-de-captation-modulaire-600x600-1-150x150.png\" alt=\"Modulinis gaubtas 600x600 1\" class=\"wp-image-31479\" style=\"object-fit:cover;width:120px;height:120px\" srcset=\"https:\/\/obera.fr\/wp-content\/uploads\/2024\/06\/hotte-de-captation-modulaire-600x600-1-150x150.png 150w, https:\/\/obera.fr\/wp-content\/uploads\/2024\/06\/hotte-de-captation-modulaire-600x600-1-300x300.png 300w, https:\/\/obera.fr\/wp-content\/uploads\/2024\/06\/hotte-de-captation-modulaire-600x600-1-1024x1024.png 1024w, https:\/\/obera.fr\/wp-content\/uploads\/2024\/06\/hotte-de-captation-modulaire-600x600-1-768x768.png 768w, https:\/\/obera.fr\/wp-content\/uploads\/2024\/06\/hotte-de-captation-modulaire-600x600-1.png 1280w\" sizes=\"(max-width: 150px) 100vw, 150px\" \/><figcaption class=\"wp-element-caption\">Moduliniai gaubtai<\/figcaption><\/figure>\n<\/div>\n\n\n\n<div class=\"wp-block-column is-layout-flow wp-block-column-is-layout-flow\">\n<figure class=\"wp-block-image aligncenter size-full is-resized\"><a href=\"https:\/\/obera.fr\/produits\/bras-dispositifs-captation\/capot-industriel\/\"><img decoding=\"async\" width=\"150\" height=\"150\" src=\"https:\/\/obera.fr\/wp-content\/uploads\/2020\/10\/capots.png\" alt=\"Siurbimo gaubtai\" class=\"wp-image-1173\" style=\"object-fit:cover;width:120px;height:120px\"\/><\/a><figcaption class=\"wp-element-caption\">Siurbimo ir surinkimo dangtis<\/figcaption><\/figure>\n<\/div>\n\n\n\n<div class=\"wp-block-column is-layout-flow wp-block-column-is-layout-flow\"><\/div>\n<\/div>\n","protected":false},"excerpt":{"rendered":"<p>M\u016bs\u0173 sta\u010diakampi\u0173 garintuv\u0173 asortimentas &#8222;OBERA&#8221; sta\u010diakampiai gaubtai idealiai tinka dulk\u0117ms, d\u016bmams ir dujiniams ter\u0161alams surinkti pa\u010diame \u0161altinyje. \u0160ioms reikm\u0117ms taip pat galima \u012fsigyti modulinius i\u0161traukimo gaubtus. &#8222;OBERA&#8221; pramoniniai i\u0161traukiamieji gaubtai jungiami prie surinkimo tinklo arba dulki\u0173 surink\u0117jo. Jie gali b\u016bti dviej\u0173 skirting\u0173 dyd\u017ei\u0173, tod\u0117l gali b\u016bti pritaikyti daugumai surinkimo konfig\u016bracij\u0173. Naudojant \u0161arnyrines surinkimo rankenas padidinamas lankstumas ir ter\u0161al\u0173 surinkimo efektyvumas, net ir sunkiai pasiekiamose vietose. Pramoninis gaubtas, suprojektuotas taip, kad atlaikyt\u0173 sud\u0117tingiausias aplinkos s\u0105lygas, u\u017etikrina didesn\u0119 \u012frangos apsaug\u0105 ir ilgaam\u017ei\u0161kum\u0105. D\u0117l \u0161i\u0173 savybi\u0173 OBERA garintuvai yra i\u0161samus ir patikimas sprendimas, skirtas oro kokyb\u0117s valdymui pramonin\u0117je aplinkoje. Privalumai Privalumai Specialiosios funkcijos &#8230; <\/p>\n<p class=\"read-more-container\"><a title=\"Pramoninis sta\u010diakampis i\u0161traukimo gaubtas\" class=\"read-more button\" href=\"https:\/\/obera.fr\/lt\/produits\/bras-dispositifs-captation\/hotte-rectangulaire\/#more-39599\" aria-label=\"Read more about Pramoninis sta\u010diakampis i\u0161traukimo gaubtas\">Lire la suite<\/a><\/p>\n","protected":false},"author":4,"featured_media":83744,"parent":38437,"menu_order":0,"comment_status":"closed","ping_status":"closed","template":"","meta":{"_acf_changed":false,"_seopress_robots_primary_cat":"","_seopress_titles_title":"Hotte de captation rectangulaire industrielle oberA","_seopress_titles_desc":"Les hottes de captation rectangulaires oberA sont parfaites pour capter les poussi\u00e8res, les fum\u00e9es et les polluants gazeux \u00e0 la source","_seopress_robots_index":"","footnotes":""},"class_list":{"0":"post-39599","1":"page","2":"type-page","3":"status-publish","4":"has-post-thumbnail","6":"no-featured-image-padding","7":"resize-featured-image"},"acf":[],"_links":{"self":[{"href":"https:\/\/obera.fr\/lt\/wp-json\/wp\/v2\/pages\/39599","targetHints":{"allow":["GET"]}}],"collection":[{"href":"https:\/\/obera.fr\/lt\/wp-json\/wp\/v2\/pages"}],"about":[{"href":"https:\/\/obera.fr\/lt\/wp-json\/wp\/v2\/types\/page"}],"author":[{"embeddable":true,"href":"https:\/\/obera.fr\/lt\/wp-json\/wp\/v2\/users\/4"}],"replies":[{"embeddable":true,"href":"https:\/\/obera.fr\/lt\/wp-json\/wp\/v2\/comments?post=39599"}],"version-history":[{"count":3,"href":"https:\/\/obera.fr\/lt\/wp-json\/wp\/v2\/pages\/39599\/revisions"}],"predecessor-version":[{"id":65683,"href":"https:\/\/obera.fr\/lt\/wp-json\/wp\/v2\/pages\/39599\/revisions\/65683"}],"up":[{"embeddable":true,"href":"https:\/\/obera.fr\/lt\/wp-json\/wp\/v2\/pages\/38437"}],"wp:featuredmedia":[{"embeddable":true,"href":"https:\/\/obera.fr\/lt\/wp-json\/wp\/v2\/media\/83744"}],"wp:attachment":[{"href":"https:\/\/obera.fr\/lt\/wp-json\/wp\/v2\/media?parent=39599"}],"curies":[{"name":"wp","href":"https:\/\/api.w.org\/{rel}","templated":true}]}}