{"id":41952,"date":"2024-05-07T09:40:24","date_gmt":"2024-05-07T07:40:24","guid":{"rendered":"https:\/\/obera.fr\/musu-produktai\/mobilus-siurbimo-irenginiai\/epurbox-brs-mobilioji-siurbimo-deze\/"},"modified":"2025-06-30T14:00:01","modified_gmt":"2025-06-30T12:00:01","slug":"epurbox-brs","status":"publish","type":"page","link":"https:\/\/obera.fr\/lt\/produits\/caissons-mobiles-aspiration\/epurbox-brs\/","title":{"rendered":"&#8222;ePURbox BRS&#8221; mobilioji siurbimo d\u0117\u017e\u0117"},"content":{"rendered":"\n<div class=\"wp-block-columns is-layout-flex wp-container-core-columns-is-layout-28f84493 wp-block-columns-is-layout-flex\">\n<div class=\"wp-block-column is-layout-flow wp-block-column-is-layout-flow\" style=\"flex-basis:33.33%\">\n<figure class=\"wp-block-image aligncenter size-medium\"><img decoding=\"async\" width=\"300\" height=\"300\" src=\"https:\/\/obera.fr\/wp-content\/uploads\/2024\/05\/epurbox-brs-300x300.png\" alt=\"epurbox brs\" class=\"wp-image-30328\" srcset=\"https:\/\/obera.fr\/wp-content\/uploads\/2024\/05\/epurbox-brs-300x300.png 300w, https:\/\/obera.fr\/wp-content\/uploads\/2024\/05\/epurbox-brs-1024x1024.png 1024w, https:\/\/obera.fr\/wp-content\/uploads\/2024\/05\/epurbox-brs-150x150.png 150w, https:\/\/obera.fr\/wp-content\/uploads\/2024\/05\/epurbox-brs-768x768.png 768w, https:\/\/obera.fr\/wp-content\/uploads\/2024\/05\/epurbox-brs.png 1200w\" sizes=\"(max-width: 300px) 100vw, 300px\" \/><figcaption class=\"wp-element-caption\">&#8222;ePURbox BRS<\/figcaption><\/figure>\n<\/div>\n\n\n\n<div class=\"wp-block-column is-layout-flow wp-block-column-is-layout-flow\" style=\"flex-basis:66.66%\">\n<p class=\"has-drop-cap\"><\/p>\n\n\n\n<hr class=\"wp-block-separator has-text-color has-black-color has-css-opacity has-black-background-color has-background is-style-dots\"\/>\n\n\n\n<div class=\"wp-block-columns is-layout-flex wp-container-core-columns-is-layout-28f84493 wp-block-columns-is-layout-flex\">\n<div class=\"wp-block-column is-layout-flow wp-block-column-is-layout-flow\" style=\"flex-basis:33.33%\">\n<div class=\"wp-block-buttons is-layout-flex wp-block-buttons-is-layout-flex\">\n<div class=\"wp-block-button\"><a class=\"wp-block-button__link wp-element-button\" href=\"https:\/\/obera.fr\/wp-content\/uploads\/2025\/04\/brochure-epurbox-atex-brs-fr.pdf\">ATSISI\u0172STI BRO\u0160I\u016aR\u0104<\/a><\/div>\n<\/div>\n<\/div>\n\n\n\n<div class=\"wp-block-column is-layout-flow wp-block-column-is-layout-flow\" style=\"flex-basis:33.34%\">\n<div class=\"wp-block-buttons is-horizontal is-content-justification-center is-layout-flex wp-container-core-buttons-is-layout-03627597 wp-block-buttons-is-layout-flex\">\n<div class=\"wp-block-button has-custom-width wp-block-button__width-100\"><a class=\"wp-block-button__link wp-element-button\" href=\"https:\/\/obera.fr\/lt\/susisiekite-su-mumis\/\">Su\u017einokite daugiau<\/a><\/div>\n<\/div>\n<\/div>\n\n\n\n<div class=\"wp-block-column is-layout-flow wp-block-column-is-layout-flow\" style=\"flex-basis:33.34%\">\n<div class=\"wp-block-buttons is-content-justification-center is-layout-flex wp-container-core-buttons-is-layout-a89b3969 wp-block-buttons-is-layout-flex\">\n<div class=\"wp-block-button btn-devis-source\"><a class=\"wp-block-button__link wp-element-button\" href=\"https:\/\/obera.fr\/lt\/devis\/\">Pra\u0161yti citatos<\/a><\/div>\n<\/div>\n\n\n<script>\r\ndocument.addEventListener('DOMContentLoaded', function() {\r\n    \/\/ 1. On cherche le titre H1 de la page\r\n    var h1 = document.querySelector('h1');\r\n    var productTitle = h1 ? h1.innerText.trim() : \"\";\r\n\r\n    \/\/ 2. On cherche les boutons via la classe CSS .btn-devis-source\r\n    var buttons = document.querySelectorAll('.btn-devis-source a');\r\n\r\n    \/\/ 3. Si on a le titre et les boutons, on ajoute le param\u00e8tre\r\n    if (buttons.length > 0 && productTitle !== \"\") {\r\n        var encodedTitle = encodeURIComponent(productTitle);\r\n\r\n        buttons.forEach(function(btn) {\r\n            var currentHref = btn.getAttribute('href');\r\n            \r\n            \/\/ S\u00e9curit\u00e9 pour ne pas ajouter le param\u00e8tre 2 fois\r\n            if (currentHref.indexOf('sujet=') === -1) {\r\n                var separator = currentHref.indexOf('?') !== -1 ? '&' : '?';\r\n                var newLink = currentHref + separator + 'sujet=' + encodedTitle;\r\n                \r\n                btn.setAttribute('href', newLink);\r\n            }\r\n        });\r\n    }\r\n});\r\n<\/script><\/div>\n<\/div>\n\n\n\n<p><\/p>\n<\/div>\n<\/div>\n\n<div class=\"wp-block-columns is-layout-flex wp-container-core-columns-is-layout-28f84493 wp-block-columns-is-layout-flex\">\n<div class=\"wp-block-column is-layout-flow wp-block-column-is-layout-flow\">\n<h2 class=\"wp-block-heading has-text-align-center\"><strong>Privalumai<\/strong><\/h2>\n\n\n\n<ul class=\"wp-block-list\">\n<li>Labai didelio efektyvumo ventiliatorius<\/li>\n\n\n\n<li>Duslintuvas<\/li>\n\n\n\n<li>Mobilus, lengvas, lengvai valdomas<\/li>\n\n\n\n<li>Ma\u017eas p\u0117dsakas<\/li>\n\n\n\n<li>Lengva filtro prie\u017ei\u016bra<\/li>\n\n\n\n<li>Srauto greitis reguliuojamas nuo 0 iki 100 %.<\/li>\n\n\n\n<li>Plug &amp; Play sistema<\/li>\n<\/ul>\n\n\n\n<p><\/p>\n<\/div>\n\n\n\n<div class=\"wp-block-column is-layout-flow wp-block-column-is-layout-flow\">\n<h2 class=\"wp-block-heading has-text-align-center\"><strong>Specialiosios funkcijos<\/strong><\/h2>\n\n\n\n<ul class=\"wp-block-list\">\n<li>Lengvas filtravimo med\u017eiagos keitimas<\/li>\n\n\n\n<li>Atnaujinamas ir konfig\u016bruojamas<\/li>\n\n\n\n<li>&#8222;Atex 2&#8221; dujos \/ &#8222;Atex 22&#8221; dulk\u0117s<\/li>\n\n\n\n<li>Didelis adsorbcijos paj\u0117gumas<\/li>\n\n\n\n<li>Valand\u0173 skaitiklis<\/li>\n\n\n\n<li>Ne\u0161varaus filtro indikatorius<\/li>\n\n\n\n<li>220V<\/li>\n<\/ul>\n\n\n\n<p><\/p>\n<\/div>\n\n\n\n<div class=\"wp-block-column is-layout-flow wp-block-column-is-layout-flow\">\n<h2 class=\"wp-block-heading has-text-align-center\"><strong>Funkcijos<\/strong><\/h2>\n\n\n\n<ul class=\"wp-block-list\">\n<li>Did\u017eiausias srautas 1200 m3\/h<\/li>\n\n\n\n<li>140 mm skersmens \u012fleidimo angos skersmuo<\/li>\n\n\n\n<li>Did\u017eiausias vakuumas 1350 Pa<\/li>\n\n\n\n<li>Vardin\u0117 galia 0,75 kW<\/li>\n\n\n\n<li>15 kg aktyviosios anglies filtras<\/li>\n\n\n\n<li>Matmenys: 700 x 710 x 1060 mm<\/li>\n\n\n\n<li>Svoris 90 kg<\/li>\n\n\n\n<li>Triuk\u0161mo lygis 68 db<\/li>\n<\/ul>\n\n\n\n<figure class=\"wp-block-image aligncenter size-large is-resized\"><img decoding=\"async\" width=\"1024\" height=\"549\" src=\"https:\/\/obera.fr\/wp-content\/uploads\/2025\/03\/charbon-actif-mix-1024x549.jpg\" alt=\"aktyvintosios anglies mi&#x161;inys\" class=\"wp-image-76515\" style=\"width:207px;height:auto\" srcset=\"https:\/\/obera.fr\/wp-content\/uploads\/2025\/03\/charbon-actif-mix-1024x549.jpg 1024w, https:\/\/obera.fr\/wp-content\/uploads\/2025\/03\/charbon-actif-mix-300x161.jpg 300w, https:\/\/obera.fr\/wp-content\/uploads\/2025\/03\/charbon-actif-mix-768x412.jpg 768w, https:\/\/obera.fr\/wp-content\/uploads\/2025\/03\/charbon-actif-mix.jpg 1200w\" sizes=\"(max-width: 1024px) 100vw, 1024px\" \/><\/figure>\n<\/div>\n<\/div>\n\n<div class=\"wp-block-columns is-layout-flex wp-container-core-columns-is-layout-28f84493 wp-block-columns-is-layout-flex\">\n<div class=\"wp-block-column is-layout-flow wp-block-column-is-layout-flow\" style=\"flex-basis:25%\"><\/div>\n\n\n\n<div class=\"wp-block-column is-layout-flow wp-block-column-is-layout-flow\" style=\"flex-basis:50%\">\n<figure class=\"wp-block-embed is-type-video is-provider-youtube wp-block-embed-youtube wp-embed-aspect-16-9 wp-has-aspect-ratio\"><div class=\"wp-block-embed__wrapper\">\n<iframe title=\"Caisson mobile d&#039;aspiration - ePURbox Atex - OberA\" width=\"1200\" height=\"675\" src=\"https:\/\/www.youtube.com\/embed\/vpDttbOwJGQ?feature=oembed\" frameborder=\"0\" allow=\"accelerometer; autoplay; clipboard-write; encrypted-media; gyroscope; picture-in-picture; web-share\" referrerpolicy=\"strict-origin-when-cross-origin\" allowfullscreen><\/iframe>\n<\/div><\/figure>\n\n\n\n<p><\/p>\n<\/div>\n<\/div>\n\n<h2 class=\"wp-block-heading\">Kuriuose pramon\u0117s sektoriuose jis naudojamas?<\/h2>\n\n<div class=\"wp-block-columns is-layout-flex wp-container-core-columns-is-layout-28f84493 wp-block-columns-is-layout-flex\">\n<div class=\"wp-block-column is-layout-flow wp-block-column-is-layout-flow\">\n<h3 class=\"wp-block-heading has-text-align-center\">Ter\u0161alai<\/h3>\n\n\n\n<hr class=\"wp-block-separator has-css-opacity is-style-wide\"\/>\n\n\n\n<div class=\"wp-block-columns is-layout-flex wp-container-core-columns-is-layout-28f84493 wp-block-columns-is-layout-flex\">\n<div class=\"wp-block-column is-layout-flow wp-block-column-is-layout-flow\">\n<figure class=\"wp-block-image aligncenter size-large\"><img decoding=\"async\" width=\"70\" height=\"70\" src=\"https:\/\/obera.fr\/wp-content\/uploads\/2020\/08\/industrie-fumees.jpg\" alt=\"Pramon&#x117;s d&#x16B;mai\" class=\"wp-image-722\"\/><figcaption class=\"wp-element-caption\">D\u016bmai<\/figcaption><\/figure>\n<\/div>\n\n\n\n<div class=\"wp-block-column is-layout-flow wp-block-column-is-layout-flow\"><\/div>\n<\/div>\n\n\n\n<p><\/p>\n<\/div>\n\n\n\n<div class=\"wp-block-column is-layout-flow wp-block-column-is-layout-flow\">\n<h3 class=\"wp-block-heading has-text-align-center\">Pramon\u0117s \u0161akos<\/h3>\n\n\n\n<hr class=\"wp-block-separator has-css-opacity is-style-wide\"\/>\n\n\n\n<div class=\"wp-block-columns is-layout-flex wp-container-core-columns-is-layout-28f84493 wp-block-columns-is-layout-flex\">\n<div class=\"wp-block-column is-layout-flow wp-block-column-is-layout-flow\">\n<figure class=\"wp-block-image aligncenter size-large\"><img decoding=\"async\" width=\"70\" height=\"70\" src=\"https:\/\/obera.fr\/wp-content\/uploads\/2020\/08\/industrie-metallurgie.jpg\" alt=\"Metalurgijos pramon&#x117;\" class=\"wp-image-673\"\/><figcaption class=\"wp-element-caption\">Metalurgija<\/figcaption><\/figure>\n<\/div>\n\n\n\n<div class=\"wp-block-column is-layout-flow wp-block-column-is-layout-flow\"><\/div>\n<\/div>\n<\/div>\n<\/div>\n\n<div class=\"wp-block-buttons is-horizontal is-content-justification-center is-layout-flex wp-container-core-buttons-is-layout-03627597 wp-block-buttons-is-layout-flex\">\n<div class=\"wp-block-button has-custom-width wp-block-button__width-100\"><a class=\"wp-block-button__link wp-element-button\" href=\"https:\/\/obera.fr\/lt\/susisiekite-su-mumis\/\">Su\u017einokite daugiau<\/a><\/div>\n<\/div>\n\n<h2 class=\"wp-block-heading\">Technin\u0117s specifikacijos<\/h2>\n\n<figure class=\"wp-block-table\"><table class=\"has-fixed-layout\"><thead><tr><th>\u012erenginys<\/th><th><\/th><th>ePURBOX<\/th><\/tr><\/thead><tbody><tr><td>Srautas<\/td><td>m3\/h<\/td><td>1 200<\/td><\/tr><tr><td>\u012eleidimo skersmuo<\/td><td>mm<\/td><td>140<\/td><\/tr><tr><td>Maksimalus vakuumas<\/td><td>Pa<\/td><td>1 350<\/td><\/tr><tr><td>Maitinimo \u012ftampa<\/td><td>V<\/td><td>230<\/td><\/tr><tr><td>Maitinimas<\/td><td>kW<\/td><td>0.75<\/td><\/tr><tr><td>Matmenys<\/td><td>l\/L\/h (mm)<\/td><td>700 x 710 x 1060 mm<\/td><\/tr><tr><td>Svoris<\/td><td>kg<\/td><td>90<\/td><\/tr><tr><td>Triuk\u0161mo lygis<\/td><td>dB(A)<\/td><td>68<\/td><\/tr><\/tbody><\/table><\/figure>\n\n<div class=\"wp-block-buttons is-content-justification-center is-layout-flex wp-container-core-buttons-is-layout-a89b3969 wp-block-buttons-is-layout-flex\">\n<div class=\"wp-block-button is-style-fill\"><a class=\"wp-block-button__link wp-element-button\" href=\"https:\/\/obera.fr\/wp-content\/uploads\/2025\/04\/brochure-epurbox-atex-brs-fr.pdf\">Atsisi\u0173skite gaminio lap\u0105<\/a><\/div>\n<\/div>\n\n<hr class=\"wp-block-separator has-css-opacity is-style-dots\"\/>\n","protected":false},"excerpt":{"rendered":"<p>Privalumai Specialiosios funkcijos Funkcijos Kuriuose pramon\u0117s sektoriuose jis naudojamas? Ter\u0161alai Pramon\u0117s \u0161akos Technin\u0117s specifikacijos \u012erenginys ePURBOX Srautas m3\/h 1 200 \u012eleidimo skersmuo mm 140 Maksimalus vakuumas Pa 1 350 Maitinimo \u012ftampa V 230 Maitinimas kW 0.75 Matmenys l\/L\/h (mm) 700 x 710 x 1060 mm Svoris kg 90 Triuk\u0161mo lygis dB(A) 68<\/p>\n","protected":false},"author":4,"featured_media":83744,"parent":39628,"menu_order":0,"comment_status":"closed","ping_status":"closed","template":"","meta":{"_acf_changed":false,"_seopress_robots_primary_cat":"","_seopress_titles_title":"Caisson mobile d'aspiration ePURBOX BRS - oberA","_seopress_titles_desc":"Un caisson mobile d\u2019aspiration, aussi appel\u00e9 caisson mobile de filtration ou unit\u00e9 mobile d\u2019aspiration ou encore unit\u00e9 mobile de filtration, est g\u00e9n\u00e9ralement un petit appareil mobile permettant d\u2019aspirer les polluants \u00e0 la source et de les filtrer.","_seopress_robots_index":"","footnotes":""},"class_list":{"0":"post-41952","1":"page","2":"type-page","3":"status-publish","4":"has-post-thumbnail","6":"no-featured-image-padding","7":"resize-featured-image"},"acf":[],"_links":{"self":[{"href":"https:\/\/obera.fr\/lt\/wp-json\/wp\/v2\/pages\/41952","targetHints":{"allow":["GET"]}}],"collection":[{"href":"https:\/\/obera.fr\/lt\/wp-json\/wp\/v2\/pages"}],"about":[{"href":"https:\/\/obera.fr\/lt\/wp-json\/wp\/v2\/types\/page"}],"author":[{"embeddable":true,"href":"https:\/\/obera.fr\/lt\/wp-json\/wp\/v2\/users\/4"}],"replies":[{"embeddable":true,"href":"https:\/\/obera.fr\/lt\/wp-json\/wp\/v2\/comments?post=41952"}],"version-history":[{"count":19,"href":"https:\/\/obera.fr\/lt\/wp-json\/wp\/v2\/pages\/41952\/revisions"}],"predecessor-version":[{"id":116620,"href":"https:\/\/obera.fr\/lt\/wp-json\/wp\/v2\/pages\/41952\/revisions\/116620"}],"up":[{"embeddable":true,"href":"https:\/\/obera.fr\/lt\/wp-json\/wp\/v2\/pages\/39628"}],"wp:featuredmedia":[{"embeddable":true,"href":"https:\/\/obera.fr\/lt\/wp-json\/wp\/v2\/media\/83744"}],"wp:attachment":[{"href":"https:\/\/obera.fr\/lt\/wp-json\/wp\/v2\/media?parent=41952"}],"curies":[{"name":"wp","href":"https:\/\/api.w.org\/{rel}","templated":true}]}}