{"id":42491,"date":"2020-08-26T16:20:46","date_gmt":"2020-08-26T14:20:46","guid":{"rendered":"https:\/\/obera.fr\/obera-istorija\/"},"modified":"2025-05-15T10:19:10","modified_gmt":"2025-05-15T08:19:10","slug":"histoire","status":"publish","type":"page","link":"https:\/\/obera.fr\/lt\/decouvrir\/histoire\/","title":{"rendered":"&#8222;OberA&#8221; istorija"},"content":{"rendered":"\n<h2 class=\"wp-block-heading\">J\u016bs\u0173 partneris siekiant u\u017etikrinti sveik\u0105 or\u0105 darbo vietoje!<\/h2>\n\n<p><\/p>\n\n<figure class=\"wp-block-image alignright size-medium is-resized\"><img decoding=\"async\" width=\"300\" height=\"85\" src=\"https:\/\/obera.fr\/wp-content\/uploads\/2025\/05\/obera-logo-fr-rvb-v2-300x85.png\" alt=\"obera logotipas en rvb v2\" class=\"wp-image-100991\" srcset=\"https:\/\/obera.fr\/wp-content\/uploads\/2025\/05\/obera-logo-fr-rvb-v2-300x85.png 300w, https:\/\/obera.fr\/wp-content\/uploads\/2025\/05\/obera-logo-fr-rvb-v2-1024x291.png 1024w, https:\/\/obera.fr\/wp-content\/uploads\/2025\/05\/obera-logo-fr-rvb-v2-768x218.png 768w, https:\/\/obera.fr\/wp-content\/uploads\/2025\/05\/obera-logo-fr-rvb-v2-1536x437.png 1536w, https:\/\/obera.fr\/wp-content\/uploads\/2025\/05\/obera-logo-fr-rvb-v2.png 1995w\" sizes=\"(max-width: 300px) 100vw, 300px\" \/><\/figure>\n\n<p>Pranc\u016bzijoje d\u0117l oro tar\u0161os kasmet mir\u0161ta beveik 50 000 \u017emoni\u0173. Nors oro kokyb\u0117s problemos miestuose yra gerai \u017einomos, jos vis dar nepakankamai \u012fvertintos darbo vietose. Ta\u010diau \u012fmoni\u0173 patalp\u0173 oras gali b\u016bti <strong>nuo 10 iki 50 kart\u0173 labiau u\u017eter\u0161tas<\/strong> nei lauko oras.  <\/p>\n\n<p><\/p>\n\n<p>Yra daug tar\u0161os \u0161altini\u0173:<\/p>\n\n<ul class=\"wp-block-list\">\n<li><strong>Su pramoniniais procesais susij\u0119 i\u0161metamieji ter\u0161alai<\/strong> (garai, d\u016bmai, naftos r\u016bkas),<\/li>\n\n\n\n<li>\u017daliav\u0173 <strong>tvarkymas ir transportavimas<\/strong>,<\/li>\n\n\n\n<li><strong>gamyboje naudojami produktai<\/strong> (LOJ, kvapai, dulk\u0117s, virusai ir kt.).<\/li>\n<\/ul>\n\n<p><\/p>\n\n<p>\u0160ie dujiniai ar kiet\u0173j\u0173 daleli\u0173 ter\u0161alai daro tiesiogin\u012f poveik\u012f darbuotoj\u0173 sveikatai, taip pat pramon\u0117s veiklos rezultatams: did\u0117ja broko kiekis, daug\u0117ja klient\u0173 skund\u0173, ma\u017e\u0117ja na\u0161umas ir did\u0117ja technin\u0117s prie\u017ei\u016bros s\u0105naudos.<\/p>\n\n<p><\/p>\n\n<h3 class=\"wp-block-heading\">Novatori\u0161kas atsakas \u012f kontrastingas ribas<\/h3>\n\n<p>D\u0117l ter\u0161al\u0173 poveikio kyla <strong>sveikatos problem\u0173,<\/strong> o j\u0173 veikiami darbuotojai gali susirgti. Be to, prasta oro kokyb\u0117 turi \u012ftakos <strong>broko kiekiui<\/strong>, <strong>klient\u0173 skundams<\/strong>, <strong>na\u0161umui<\/strong> ir gamybos \u012frangos <strong>technin\u0117s prie\u017ei\u016bros<\/strong> da\u017enumui. <\/p>\n\n<p>\u0160iems ter\u0161alams valyti da\u017eniausiai pasitelkiame surinkimo, dulki\u0173 \u0161alinimo ir filtravimo sprendimus, ir tai yra teisinga. Ta\u010diau \u0161i\u0173 sprendim\u0173 retai kada pakanka, kad b\u016bt\u0173 visi\u0161kai i\u0161spr\u0119stos oro kokyb\u0117s problemos, ypa\u010d kai tar\u0161a yra i\u0161sklaidyta. Be to, dulki\u0173 \u0161alinimo ir filtravimo \u012frangos gamintojai retai \u012fsipareigoja u\u017etikrinti likutin\u012f aplinkos tar\u0161os lyg\u012f arba <strong>atitikt\u012f VLEP taisykl\u0117ms<\/strong>.  <\/p>\n\n<p><a href=\"https:\/\/obera.fr\/lt\/decouvrir\/\" data-type=\"page\" data-id=\"731\">&#8222;OberA&#8221;<\/a> si\u016blo <strong>naujovi\u0161k\u0105 ir unikal\u0173 po\u017ei\u016br\u012f, kaip <\/strong><strong> u\u017etikrinti sveik\u0105 or\u0105 <\/strong>. \u0160is po\u017ei\u016bris &#8211; tai daugiau nei 20 met\u0173 patirties dulki\u0173 \u0161alinimo, filtravimo ir oro valymo srityje vaisius.  <\/p>\n\n<p><\/p>\n\n<div class=\"wp-block-buttons is-content-justification-center is-layout-flex wp-container-core-buttons-is-layout-a89b3969 wp-block-buttons-is-layout-flex\">\n<div class=\"wp-block-button\"><a class=\"wp-block-button__link wp-element-button\" href=\"https:\/\/obera.fr\/lt\/produits\/\">Atraskite m\u016bs\u0173 sprendim\u0173 asortiment\u0105 oro kokybei u\u017etikrinti<\/a><\/div>\n<\/div>\n\n<p><\/p>\n\n<h3 class=\"wp-block-heading\">&#8222;OberA&#8221; &#8211; nauja oro valymo vizija<\/h3>\n\n<p>Daugiau kaip 20 met\u0173 sukaupusi patirties dulki\u0173 \u0161alinimo, filtravimo ir oro valymo srityje, <strong>&#8222;OberA&#8221; si\u016blo visuotin\u012f, novatori\u0161k\u0105 ir \u012f rezultatus orientuot\u0105 po\u017ei\u016br\u012f,<\/strong> pagr\u012fst\u0105 keturiais pagrindiniais etapais:<\/p>\n\n<ol class=\"wp-block-list\">\n<li><strong>Tiksli diagnostika<\/strong>: tar\u0161os \u0161altini\u0173 nustatymas ir daleli\u0173 koncentracijos bei dyd\u017eio matavimas.<\/li>\n\n\n\n<li><strong>Neprivalomas bandym\u0173 etapas<\/strong>: bandomosios arba nuomojamos \u012frangos \u012frengimas, siekiant patvirtinti technines charakteristikas ir garantuoti rezultatus.<\/li>\n\n\n\n<li><strong>Tinkamo sprendimo diegimas<\/strong>: surinkimas prie \u0161altinio, aplinkos oro valymas (gryninimas), smulkusis filtravimas.<\/li>\n\n\n\n<li><strong>Steb\u0117sena realiuoju laiku<\/strong>: nuolatin\u0117 oro kokyb\u0117s steb\u0117sena ir prijungta technin\u0117 prie\u017ei\u016bra (Pramon\u0117 4.0).<\/li>\n<\/ol>\n\n<blockquote class=\"wp-block-quote is-layout-flow wp-block-quote-is-layout-flow\">\n<p><strong>Leid\u017eiama prekyba vertybiniais popieriais naudojantis vie\u0161ai neatskleista informacija!<\/strong><\/p>\n<\/blockquote>\n\n<p>Tokiu b\u016bdu <a href=\"https:\/\/obera.fr\/lt\/decouvrir\/musu-klientai\/\" data-type=\"page\" data-id=\"743\">&#8222;OberA&#8221; klientai<\/a> investuoja \u012f \u012frang\u0105, kuri garantuoja geresn\u0119 oro kokyb\u0119, ir tuo pat metu turi visas \u017einias apie rezultatus, investicij\u0173 ir eksploatacijos s\u0105naudas.<\/p>\n\n<p><\/p>\n\n<div class=\"wp-block-buttons is-horizontal is-content-justification-center is-layout-flex wp-container-core-buttons-is-layout-03627597 wp-block-buttons-is-layout-flex\">\n<div class=\"wp-block-button\"><a class=\"wp-block-button__link wp-element-button\" href=\"https:\/\/obera.fr\/lt\/produits\/\">Atraskite vis\u0105 m\u016bs\u0173 asortiment\u0105<\/a><\/div>\n<\/div>\n\n<div style=\"height:35px\" aria-hidden=\"true\" class=\"wp-block-spacer\"><\/div>\n\n<div class=\"wp-block-columns is-layout-flex wp-container-core-columns-is-layout-28f84493 wp-block-columns-is-layout-flex\">\n<div class=\"wp-block-column is-layout-flow wp-block-column-is-layout-flow\"><\/div>\n\n\n\n<div class=\"wp-block-column is-layout-flow wp-block-column-is-layout-flow\">\n<figure class=\"wp-block-video\"><video height=\"1080\" style=\"aspect-ratio: 1920 \/ 1080;\" width=\"1920\" autoplay=\"\" controls=\"\" loop=\"\" muted=\"\" poster=\"https:\/\/obera.fr\/wp-content\/uploads\/2025\/05\/capture-decran-2025-05-14-100342.png\" src=\"https:\/\/obera.fr\/wp-content\/uploads\/2025\/05\/made_in_france_obera_fr.mp4\"><\/video><\/figure>\n<\/div>\n\n\n\n<div class=\"wp-block-column is-layout-flow wp-block-column-is-layout-flow\"><\/div>\n<\/div>\n\n<p><\/p>\n\n<h3 class=\"wp-block-heading\">Tikras investavimas<\/h3>\n\n<p>Naudodamiesi &#8222;OberA&#8221; galite naudotis patikrintais sprendimais, kurie garantuoja i\u0161matuojam\u0105 oro kokyb\u0117s pager\u0117jim\u0105 ir <strong>u\u017etikrina visi\u0161k\u0105 rezultat\u0173, investicij\u0173 ir eksploatacini\u0173 i\u0161laid\u0173 skaidrum\u0105<\/strong>.<\/p>\n\n<blockquote class=\"wp-block-quote is-layout-flow wp-block-quote-is-layout-flow\">\n<p>Nes sveikas oras &#8211; tai ne galimyb\u0117, o reikalavimas.<\/p>\n\n\n\n<p><\/p>\n<\/blockquote>\n","protected":false},"excerpt":{"rendered":"<p>J\u016bs\u0173 partneris siekiant u\u017etikrinti sveik\u0105 or\u0105 darbo vietoje! Pranc\u016bzijoje d\u0117l oro tar\u0161os kasmet mir\u0161ta beveik 50 000 \u017emoni\u0173. Nors oro kokyb\u0117s problemos miestuose yra gerai \u017einomos, jos vis dar nepakankamai \u012fvertintos darbo vietose. Ta\u010diau \u012fmoni\u0173 patalp\u0173 oras gali b\u016bti nuo 10 iki 50 kart\u0173 labiau u\u017eter\u0161tas nei lauko oras. Yra daug tar\u0161os \u0161altini\u0173: \u0160ie dujiniai ar kiet\u0173j\u0173 daleli\u0173 ter\u0161alai daro tiesiogin\u012f poveik\u012f darbuotoj\u0173 sveikatai, taip pat pramon\u0117s veiklos rezultatams: did\u0117ja broko kiekis, daug\u0117ja klient\u0173 skund\u0173, ma\u017e\u0117ja na\u0161umas ir did\u0117ja technin\u0117s prie\u017ei\u016bros s\u0105naudos. Novatori\u0161kas atsakas \u012f kontrastingas ribas D\u0117l ter\u0161al\u0173 poveikio kyla sveikatos problem\u0173, o j\u0173 veikiami darbuotojai gali susirgti. Be &#8230; <\/p>\n<p class=\"read-more-container\"><a title=\"&#8222;OberA&#8221; istorija\" class=\"read-more button\" href=\"https:\/\/obera.fr\/lt\/decouvrir\/histoire\/#more-42491\" aria-label=\"Read more about &#8222;OberA&#8221; istorija\">Lire la suite<\/a><\/p>\n","protected":false},"author":4,"featured_media":84817,"parent":42545,"menu_order":0,"comment_status":"closed","ping_status":"closed","template":"","meta":{"_acf_changed":false,"_seopress_robots_primary_cat":"","_seopress_titles_title":"Atraskite daugiau nei 20 met\u0173 trunkan\u010di\u0105 \"oberA\" istorij\u0105","_seopress_titles_desc":"Daugiau nei 20 met\u0173 patirtis dulki\u0173 \u0161alinimo, filtravimo ir oro valymo srityje. OBERA si\u016blo naujovi\u0161k\u0105 ir unikal\u0173 po\u017ei\u016br\u012f.","_seopress_robots_index":"","footnotes":""},"class_list":{"0":"post-42491","1":"page","2":"type-page","3":"status-publish","4":"has-post-thumbnail","6":"no-featured-image-padding","7":"resize-featured-image"},"acf":[],"_links":{"self":[{"href":"https:\/\/obera.fr\/lt\/wp-json\/wp\/v2\/pages\/42491","targetHints":{"allow":["GET"]}}],"collection":[{"href":"https:\/\/obera.fr\/lt\/wp-json\/wp\/v2\/pages"}],"about":[{"href":"https:\/\/obera.fr\/lt\/wp-json\/wp\/v2\/types\/page"}],"author":[{"embeddable":true,"href":"https:\/\/obera.fr\/lt\/wp-json\/wp\/v2\/users\/4"}],"replies":[{"embeddable":true,"href":"https:\/\/obera.fr\/lt\/wp-json\/wp\/v2\/comments?post=42491"}],"version-history":[{"count":4,"href":"https:\/\/obera.fr\/lt\/wp-json\/wp\/v2\/pages\/42491\/revisions"}],"predecessor-version":[{"id":101290,"href":"https:\/\/obera.fr\/lt\/wp-json\/wp\/v2\/pages\/42491\/revisions\/101290"}],"up":[{"embeddable":true,"href":"https:\/\/obera.fr\/lt\/wp-json\/wp\/v2\/pages\/42545"}],"wp:featuredmedia":[{"embeddable":true,"href":"https:\/\/obera.fr\/lt\/wp-json\/wp\/v2\/media\/84817"}],"wp:attachment":[{"href":"https:\/\/obera.fr\/lt\/wp-json\/wp\/v2\/media?parent=42491"}],"curies":[{"name":"wp","href":"https:\/\/api.w.org\/{rel}","templated":true}]}}