{"id":42545,"date":"2020-08-26T16:20:18","date_gmt":"2020-08-26T14:20:18","guid":{"rendered":"https:\/\/obera.fr\/atraskite-obera\/"},"modified":"2025-07-21T15:04:18","modified_gmt":"2025-07-21T13:04:18","slug":"decouvrir","status":"publish","type":"page","link":"https:\/\/obera.fr\/lt\/decouvrir\/","title":{"rendered":"Atraskite &#8222;OberA"},"content":{"rendered":"\n<h2 class=\"wp-block-heading\">M\u016bs\u0173 \u0161\u016bkis: &#8222;OberA, garantuojanti <mark style=\"background-color:rgba(0, 0, 0, 0)\" class=\"has-inline-color has-global-color-8-color\">j\u016bs\u0173 \u012fmon\u0117s <\/mark> oro kokyb\u0119!&#8221;<\/h2>\n\n<p><\/p>\n\n<p>Elzase \u012fsik\u016brusi &#8222;OberA&#8221; yra pramoninio oro valymo ekspert\u0117. M\u016bs\u0173 veikla apima vis\u0105 Pranc\u016bzij\u0105 ir Europ\u0105 &#8211; nuo projektavimo iki gamybos ir platinimo. Naudodami m\u016bs\u0173 ekologi\u0161kus ir ekonomi\u0161kus sprendimus, pritaikytus j\u016bs\u0173 poreikiams, gal\u0117site d\u017eiaugtis sveika darbo aplinka, kuri pagerins darbo s\u0105lygas ir padidins j\u016bs\u0173 \u012fmon\u0117s na\u0161um\u0105.  <\/p>\n\n<div class=\"wp-block-columns is-layout-flex wp-container-core-columns-is-layout-28f84493 wp-block-columns-is-layout-flex\">\n<div class=\"wp-block-column is-layout-flow wp-block-column-is-layout-flow\" style=\"flex-basis:25%\"><\/div>\n\n\n\n<div class=\"wp-block-column is-layout-flow wp-block-column-is-layout-flow\" style=\"flex-basis:50%\">\n<p><\/p>\n\n\n\n<figure class=\"wp-block-video\"><video height=\"1080\" style=\"aspect-ratio: 1920 \/ 1080;\" width=\"1920\" autoplay=\"\" controls=\"\" loop=\"\" muted=\"\" poster=\"https:\/\/obera.fr\/wp-content\/uploads\/2025\/05\/capture-decran-2025-05-14-100342.png\" src=\"https:\/\/obera.fr\/wp-content\/uploads\/2025\/05\/made_in_france_obera_fr.mp4\"><\/video><\/figure>\n<\/div>\n\n\n\n<div class=\"wp-block-column is-layout-flow wp-block-column-is-layout-flow\" style=\"flex-basis:25%\"><\/div>\n<\/div>\n\n<p><\/p>\n\n<div class=\"wp-block-buttons is-content-justification-center is-layout-flex wp-container-core-buttons-is-layout-a89b3969 wp-block-buttons-is-layout-flex\">\n<div class=\"wp-block-button\"><a class=\"wp-block-button__link wp-element-button\" href=\"https:\/\/obera.fr\/lt\/ils-parlent-de-nous-presse-media\/\">Jie kalba apie mus<\/a><\/div>\n\n\n\n<div class=\"wp-block-button\"><a class=\"wp-block-button__link wp-element-button\" href=\"https:\/\/obera.fr\/lt\/decouvrir\/salons\/\">B\u016bsimos prekybos mug\u0117s<\/a><\/div>\n<\/div>\n\n<h2 class=\"wp-block-heading\">M\u016bs\u0173 misija<\/h2>\n\n<div class=\"wp-block-columns is-layout-flex wp-container-core-columns-is-layout-28f84493 wp-block-columns-is-layout-flex\">\n<div class=\"wp-block-column is-layout-flow wp-block-column-is-layout-flow\" style=\"flex-basis:66.66%\">\n<p>&#8222;OberA&#8221;, pramoninio oro valymo specialist\u0117, garantuoja jums sveik\u0105 darbo aplink\u0105, u\u017etikrina optimalias darbo s\u0105lygas ir padeda didinti j\u016bs\u0173 \u012fmon\u0117s na\u0161um\u0105.<\/p>\n\n\n\n<blockquote class=\"wp-block-quote is-layout-flow wp-block-quote-is-layout-flow\">\n<p>J\u016bs\u0173 oro kokyb\u0117s garantas  <\/p>\n<\/blockquote>\n<\/div>\n\n\n\n<div class=\"wp-block-column is-layout-flow wp-block-column-is-layout-flow\" style=\"flex-basis:33.33%\">\n<figure class=\"wp-block-image aligncenter size-large is-resized\"><img decoding=\"async\" width=\"1024\" height=\"1024\" src=\"https:\/\/obera.fr\/wp-content\/uploads\/2025\/05\/ic-30-entrepot-travail-1024x1024.png\" alt=\"ic 30 darbas sand&#x117;lyje\" class=\"wp-image-93435\" style=\"width:259px;height:auto\" srcset=\"https:\/\/obera.fr\/wp-content\/uploads\/2025\/05\/ic-30-entrepot-travail-1024x1024.png 1024w, https:\/\/obera.fr\/wp-content\/uploads\/2025\/05\/ic-30-entrepot-travail-300x300.png 300w, https:\/\/obera.fr\/wp-content\/uploads\/2025\/05\/ic-30-entrepot-travail-150x150.png 150w, https:\/\/obera.fr\/wp-content\/uploads\/2025\/05\/ic-30-entrepot-travail-768x768.png 768w, https:\/\/obera.fr\/wp-content\/uploads\/2025\/05\/ic-30-entrepot-travail.png 1200w\" sizes=\"(max-width: 1024px) 100vw, 1024px\" \/><\/figure>\n<\/div>\n<\/div>\n\n<h3 class=\"wp-block-heading\">Geresn\u0117 oro kokyb\u0117 &#8211; geresn\u0117 sveikata ir produktyvumas<\/h3>\n\n<p>&#8222;OberA&#8221; \u017eino, kaip svarbu dirbti sveikoje aplinkoje. Tod\u0117l suk\u016br\u0117me veiksmingus ir novatori\u0161kus sprendimus, u\u017etikrinan\u010dius \u0161var\u0173 or\u0105, gerinan\u010dius darbo s\u0105lygas ir didinan\u010dius produktyvum\u0105. M\u016bs\u0173 individual\u016bs sprendimai, pritaikyti prie konkre\u010di\u0173 j\u016bs\u0173 poreiki\u0173, puikiai dera prie j\u016bs\u0173 aplinkos. Ekologi\u0161kos ir ekonomi\u0161kos, m\u016bs\u0173 inovacijos garantuoja i\u0161skirtinius rezultatus.   <\/p>\n\n<h3 class=\"wp-block-heading\">Individual\u016bs sprendimai kiekvienai situacijai<\/h3>\n\n<p>Esame pasiry\u017e\u0119 teikti individualiai pritaikytus sprendimus unikaliems i\u0161\u0161\u016bkiams, su kuriais susiduriate. Nesvarbu, ar jums reikia mobiliojo, ar stacionaraus sprendimo, mes glaud\u017eiai bendradarbiaujame su jumis, kad i\u0161analizuotume j\u016bs\u0173 darbo aplink\u0105, suprastume j\u016bs\u0173 konkre\u010dius poreikius ir sukurtume oro kokyb\u0117s gerinimo sistemas, puikiai atitinkan\u010dias j\u016bs\u0173 l\u016bkes\u010dius. <\/p>\n\n<h2 class=\"wp-block-heading\">&#8222;OberA&#8221; verslo linijos<\/h2>\n\n<p>Did\u017eiuojam\u0117s gal\u0117dami pasi\u016blyti pa\u017eangiausius gaminius ir paslaugas, padedan\u010dias klientams spr\u0119sti su <strong>dulk\u0117mis, kvapais, lakiosiomis organin\u0117mis med\u017eiagomis ir kar\u0161\u010diu<\/strong> susijusias problemas, kartu sukuriant sveikesn\u0119 ir produktyvesn\u0119 darbo aplink\u0105.<\/p>\n\n<p><\/p>\n\n<div class=\"wp-block-columns is-layout-flex wp-container-core-columns-is-layout-28f84493 wp-block-columns-is-layout-flex\">\n<div class=\"wp-block-column is-layout-flow wp-block-column-is-layout-flow\" style=\"flex-basis:25%\"><\/div>\n\n\n\n<div class=\"wp-block-column is-layout-flow wp-block-column-is-layout-flow\" style=\"flex-basis:50%\">\n<figure class=\"wp-block-video\"><video height=\"1080\" style=\"aspect-ratio: 1920 \/ 1080;\" width=\"1920\" autoplay=\"\" controls=\"\" loop=\"\" poster=\"https:\/\/obera.fr\/wp-content\/uploads\/2025\/05\/capture-decran-2025-05-13-093745.png\" src=\"https:\/\/obera.fr\/wp-content\/uploads\/2025\/05\/le-depoussierage-des-espaces-de-travail-1.mp4\"><\/video><\/figure>\n<\/div>\n\n\n\n<div class=\"wp-block-column is-layout-flow wp-block-column-is-layout-flow\" style=\"flex-basis:25%\"><\/div>\n<\/div>\n\n<p><\/p>\n\n<h2 class=\"wp-block-heading\">Grie\u017eta metodika patikimiems rezultatams gauti<\/h2>\n\n<p>&#8222;OberA&#8221; laikosi grie\u017etos metodikos, kad savo klientams u\u017etikrint\u0173 optimalius rezultatus. Prie\u0161 montuodami savo \u012frang\u0105 si\u016blome atlikti <strong>dulki\u0173<\/strong> <strong>diagnostik\u0105<\/strong>. Taikant \u0161\u012f metod\u0105 galime nustatyti j\u016bs\u0173 darbo vietoje esan\u010di\u0173 dulki\u0173 lyg\u012f ir tip\u0105. Atlik\u0119 \u0161i\u0105 analiz\u0119, <strong>rekomenduojame<\/strong> situacijai <strong>pritaikyt\u0105 sprendim\u0105<\/strong> ir <strong>laukiam\u0105 rezultat\u0105<\/strong>. Su jumis suderin\u0119 \u0161\u012f sprendim\u0105, pereiname prie jo \u012fgyvendinimo. Norint patikrinti \u012fgyvendinto sprendimo veiksmingum\u0105, v\u0117liau atliekamas <strong>antras matavimas<\/strong>. Jei rezultatai atitinka laukiamus, nieko nekei\u010diame. Jei sprendimas n\u0117ra pakankamai veiksmingas, <strong>j\u012f koreguojame i\u0161 naujo<\/strong>.      <\/p>\n\n<div class=\"wp-block-columns is-layout-flex wp-container-core-columns-is-layout-28f84493 wp-block-columns-is-layout-flex\">\n<div class=\"wp-block-column is-layout-flow wp-block-column-is-layout-flow\" style=\"flex-basis:25%\"><\/div>\n\n\n\n<div class=\"wp-block-column is-layout-flow wp-block-column-is-layout-flow\" style=\"flex-basis:50%\">\n<figure class=\"wp-block-video\"><video height=\"1080\" style=\"aspect-ratio: 1920 \/ 1080;\" width=\"1920\" autoplay=\"\" controls=\"\" loop=\"\" poster=\"https:\/\/obera.fr\/wp-content\/uploads\/2025\/05\/capture-decran-2025-05-13-161820.png\" src=\"https:\/\/obera.fr\/wp-content\/uploads\/2025\/05\/mesurer-disgnostiquer.mp4\"><\/video><\/figure>\n<\/div>\n\n\n\n<div class=\"wp-block-column is-layout-flow wp-block-column-is-layout-flow\" style=\"flex-basis:25%\"><\/div>\n<\/div>\n\n<p><\/p>\n\n<p>&#8222;OberA&#8221; yra vienintel\u0117 bendrov\u0117, kuri si\u016blo jums \u0161i\u0105 paslaug\u0105. Siekiant u\u017etikrinti saugi\u0105 ir veiksming\u0105 investicij\u0105, <strong>m\u016bs\u0173 \u012frang\u0105 galima i\u0161bandyti nuo 1 iki 3 m\u0117nesi\u0173, i\u0161skai\u010diuojant i\u0161 pirkimo kainos<\/strong>. Nor\u0117dami naudoti tam tikr\u0105 laikotarp\u012f arba tenkindami trumpalaikius poreikius, galite <strong>i\u0161sinuomoti m\u016bs\u0173<\/strong> <strong>\u012frang\u0105 nuo 12 iki 63 m\u0117nesi\u0173 laikotarpiui su galimybe j\u0105 \u012fsigyti<\/strong>. <\/p>\n\n<p><\/p>\n\n<div class=\"wp-block-columns is-layout-flex wp-container-core-columns-is-layout-28f84493 wp-block-columns-is-layout-flex\">\n<div class=\"wp-block-column is-layout-flow wp-block-column-is-layout-flow\" style=\"flex-basis:25%\"><\/div>\n\n\n\n<div class=\"wp-block-column is-layout-flow wp-block-column-is-layout-flow\" style=\"flex-basis:50%\">\n<figure class=\"wp-block-video\"><video height=\"1080\" style=\"aspect-ratio: 1920 \/ 1080;\" width=\"1920\" autoplay=\"\" controls=\"\" loop=\"\" poster=\"https:\/\/obera.fr\/wp-content\/uploads\/2025\/05\/capture-decran-2025-05-13-093822.png\" src=\"https:\/\/obera.fr\/wp-content\/uploads\/2025\/05\/testez-de-1-a-3-mois-deductibles-du-prix-dacquisition.mp4\"><\/video><\/figure>\n<\/div>\n\n\n\n<div class=\"wp-block-column is-layout-flow wp-block-column-is-layout-flow\" style=\"flex-basis:25%\"><\/div>\n<\/div>\n\n<p><\/p>\n\n<h2 class=\"wp-block-heading\">M\u016bs\u0173 \u012fsipareigojimas u\u017etikrinti klient\u0173 pasitenkinim\u0105<\/h2>\n\n<p>Klient\u0173 pasitenkinimas yra m\u016bs\u0173 svarbiausias prioritetas. Esame \u012fsipareigoj\u0119 teikti i\u0161skirtin\u012f klient\u0173 aptarnavim\u0105 kiekviename \u017eingsnyje. M\u016bs\u0173 auk\u0161tos kvalifikacijos technikos \/ SAV komanda yra pasirengusi atsakyti \u012f visus jums r\u016bpimus klausimus, pad\u0117ti pasirinkti geriausiai j\u016bs\u0173 poreikius atitinkant\u012f sprendim\u0105 ir teikti nuolatin\u0119 pagalb\u0105, kad m\u016bs\u0173 gaminiai veikt\u0173 tinkamai.  <\/p>\n\n<p>Nesvarbu, ar esate pramon\u0117s \u012fmon\u0117, besir\u016bpinanti savo darbuotoj\u0173 sveikata, ar logistikos \u012fmon\u0117, siekianti optimizuoti darbo aplink\u0105, &#8222;OberA&#8221; jums pad\u0117s. Susipa\u017einkite su m\u016bs\u0173 patirtimi, pa\u017eangiausiais sprendimais ir m\u016bs\u0173 \u012fsipareigojimu gerinti oro kokyb\u0119. Kartu galime sukurti sveikesn\u0119 ir produktyvesn\u0119 darbo aplink\u0105.  <\/p>\n\n<p>Susisiekite su mumis \u0161iandien, kad aptartum\u0117te savo konkre\u010dius reikalavimus ir su\u017einotum\u0117te, kaip &#8222;OberA&#8221; gali pagerinti oro kokyb\u0119 j\u016bs\u0173 \u012fmon\u0117je.<\/p>\n\n<div class=\"wp-block-buttons is-horizontal is-content-justification-center is-layout-flex wp-container-core-buttons-is-layout-03627597 wp-block-buttons-is-layout-flex\">\n<div class=\"wp-block-button has-custom-width wp-block-button__width-100\"><a class=\"wp-block-button__link wp-element-button\" href=\"https:\/\/obera.fr\/lt\/susisiekite-su-mumis\/\">Su\u017einokite daugiau<\/a><\/div>\n<\/div>\n\n<div style=\"height:30px\" aria-hidden=\"true\" class=\"wp-block-spacer\"><\/div>\n\n<p>Atraskite m\u016bs\u0173 lojalius <a href=\"https:\/\/obera.fr\/lt\/decouvrir\/musu-klientai\/\" data-type=\"page\" data-id=\"743\">klientus<\/a>.<\/p>\n\n<p><\/p>\n","protected":false},"excerpt":{"rendered":"<p>M\u016bs\u0173 \u0161\u016bkis: &#8222;OberA, garantuojanti j\u016bs\u0173 \u012fmon\u0117s oro kokyb\u0119!&#8221; Elzase \u012fsik\u016brusi &#8222;OberA&#8221; yra pramoninio oro valymo ekspert\u0117. M\u016bs\u0173 veikla apima vis\u0105 Pranc\u016bzij\u0105 ir Europ\u0105 &#8211; nuo projektavimo iki gamybos ir platinimo. Naudodami m\u016bs\u0173 ekologi\u0161kus ir ekonomi\u0161kus sprendimus, pritaikytus j\u016bs\u0173 poreikiams, gal\u0117site d\u017eiaugtis sveika darbo aplinka, kuri pagerins darbo s\u0105lygas ir padidins j\u016bs\u0173 \u012fmon\u0117s na\u0161um\u0105. M\u016bs\u0173 misija &#8222;OberA&#8221;, pramoninio oro valymo specialist\u0117, garantuoja jums sveik\u0105 darbo aplink\u0105, u\u017etikrina optimalias darbo s\u0105lygas ir padeda didinti j\u016bs\u0173 \u012fmon\u0117s na\u0161um\u0105. J\u016bs\u0173 oro kokyb\u0117s garantas Geresn\u0117 oro kokyb\u0117 &#8211; geresn\u0117 sveikata ir produktyvumas &#8222;OberA&#8221; \u017eino, kaip svarbu dirbti sveikoje aplinkoje. Tod\u0117l suk\u016br\u0117me veiksmingus ir novatori\u0161kus sprendimus, &#8230; <\/p>\n<p class=\"read-more-container\"><a title=\"Atraskite &#8222;OberA\" class=\"read-more button\" href=\"https:\/\/obera.fr\/lt\/decouvrir\/#more-42545\" aria-label=\"Read more about Atraskite &#8222;OberA\">Lire la suite<\/a><\/p>\n","protected":false},"author":4,"featured_media":84817,"parent":0,"menu_order":0,"comment_status":"closed","ping_status":"closed","template":"","meta":{"_acf_changed":false,"_seopress_robots_primary_cat":"","_seopress_titles_title":"D\u00e9couvrir oberA : La solution compl\u00e8te pour votre entreprise.","_seopress_titles_desc":"En savoir plus sur oberA, notre mission, nos m\u00e9tiers, notre m\u00e9thodologie et nos implantations g\u00e9ographiques.","_seopress_robots_index":"","footnotes":""},"class_list":{"0":"post-42545","1":"page","2":"type-page","3":"status-publish","4":"has-post-thumbnail","6":"no-featured-image-padding","7":"resize-featured-image"},"acf":[],"_links":{"self":[{"href":"https:\/\/obera.fr\/lt\/wp-json\/wp\/v2\/pages\/42545","targetHints":{"allow":["GET"]}}],"collection":[{"href":"https:\/\/obera.fr\/lt\/wp-json\/wp\/v2\/pages"}],"about":[{"href":"https:\/\/obera.fr\/lt\/wp-json\/wp\/v2\/types\/page"}],"author":[{"embeddable":true,"href":"https:\/\/obera.fr\/lt\/wp-json\/wp\/v2\/users\/4"}],"replies":[{"embeddable":true,"href":"https:\/\/obera.fr\/lt\/wp-json\/wp\/v2\/comments?post=42545"}],"version-history":[{"count":9,"href":"https:\/\/obera.fr\/lt\/wp-json\/wp\/v2\/pages\/42545\/revisions"}],"predecessor-version":[{"id":124554,"href":"https:\/\/obera.fr\/lt\/wp-json\/wp\/v2\/pages\/42545\/revisions\/124554"}],"wp:featuredmedia":[{"embeddable":true,"href":"https:\/\/obera.fr\/lt\/wp-json\/wp\/v2\/media\/84817"}],"wp:attachment":[{"href":"https:\/\/obera.fr\/lt\/wp-json\/wp\/v2\/media?parent=42545"}],"curies":[{"name":"wp","href":"https:\/\/api.w.org\/{rel}","templated":true}]}}