{"id":42953,"date":"2024-05-07T09:40:58","date_gmt":"2024-05-07T07:40:58","guid":{"rendered":"https:\/\/obera.fr\/musu-produktai\/mobilus-siurbimo-irenginiai\/epurbox-tsp-mobilusis-stalas\/"},"modified":"2025-06-30T14:00:03","modified_gmt":"2025-06-30T12:00:03","slug":"epurbox-tsp","status":"publish","type":"page","link":"https:\/\/obera.fr\/lt\/produits\/caissons-mobiles-aspiration\/epurbox-tsp\/","title":{"rendered":"&#8222;EpurBox TSP"},"content":{"rendered":"\n<div class=\"wp-block-columns is-layout-flex wp-container-core-columns-is-layout-28f84493 wp-block-columns-is-layout-flex\">\n<div class=\"wp-block-column is-vertically-aligned-top is-layout-flow wp-block-column-is-layout-flow\" style=\"flex-basis:33.33%\">\n<figure class=\"wp-block-image aligncenter size-full is-resized\"><img decoding=\"async\" width=\"1200\" height=\"1200\" src=\"https:\/\/obera.fr\/wp-content\/uploads\/2024\/05\/epurbox-tsp.png\" alt=\"&quot;epurbox tsp&quot; siurbimo stalas\" class=\"wp-image-30348\" style=\"width:296px;height:346px\" srcset=\"https:\/\/obera.fr\/wp-content\/uploads\/2024\/05\/epurbox-tsp.png 1200w, https:\/\/obera.fr\/wp-content\/uploads\/2024\/05\/epurbox-tsp-300x300.png 300w, https:\/\/obera.fr\/wp-content\/uploads\/2024\/05\/epurbox-tsp-1024x1024.png 1024w, https:\/\/obera.fr\/wp-content\/uploads\/2024\/05\/epurbox-tsp-150x150.png 150w, https:\/\/obera.fr\/wp-content\/uploads\/2024\/05\/epurbox-tsp-768x768.png 768w\" sizes=\"(max-width: 1200px) 100vw, 1200px\" \/><figcaption class=\"wp-element-caption\">&#8222;ePURbox TSP<\/figcaption><\/figure>\n<\/div>\n\n\n\n<div class=\"wp-block-column is-layout-flow wp-block-column-is-layout-flow\" style=\"flex-basis:66.66%\">\n<p><strong>&#8222;ePURBOX&#8221; siurbimo stalas<\/strong> tiesiogiai integruotas \u012f &#8222;ePURBOX&#8221; prietais\u0105. Jis turi savo filtravimo sistem\u0105 ir nuosav\u0105 ventiliatori\u0173, skirt\u0105 kvapams ir laki\u0173j\u0173 organini\u0173 jungini\u0173 valymui. Galin\u0117s sienel\u0117s apdaila u\u017etikrina itin efektyv\u0173 siurbim\u0105 ir ter\u0161al\u0173 surinkim\u0105 per vis\u0105 siurbimo stalo pavir\u0161i\u0173.  <\/p>\n\n\n\n<p>Stambios dalel\u0117s filtruojamos prie\u0161 filtr\u0105 integruotu i\u0161ankstiniu filtru (G4), kad b\u016bt\u0173 prailgintas aktyvintosios anglies kase\u010di\u0173 tarnavimo laikas.<\/p>\n\n\n\n<p>D\u0117l \u0161onini\u0173 sieneli\u0173 apdailos u\u017etikrinamas labai auk\u0161tas kvap\u0173 sulaikymo ant stalo pavir\u0161iaus lygis. Galiausiai proceso oras filtruojamas aktyvuota anglimi (A tipo) ir gali b\u016bti v\u0117l tiekiamas \u012f darbo viet\u0105. <\/p>\n\n\n\n<hr class=\"wp-block-separator has-css-opacity is-style-dots\"\/>\n\n\n\n<div class=\"wp-block-columns is-layout-flex wp-container-core-columns-is-layout-28f84493 wp-block-columns-is-layout-flex\">\n<div class=\"wp-block-column is-layout-flow wp-block-column-is-layout-flow\" style=\"flex-basis:33.33%\">\n<div class=\"wp-block-buttons is-layout-flex wp-block-buttons-is-layout-flex\">\n<div class=\"wp-block-button\"><a class=\"wp-block-button__link wp-element-button\" href=\"https:\/\/obera.fr\/wp-content\/uploads\/2025\/04\/brochure-epurbox-tsp-atex-fr.pdf\">ATSISI\u0172STI BRO\u0160I\u016aR\u0104<\/a><\/div>\n<\/div>\n<\/div>\n\n\n\n<div class=\"wp-block-column is-layout-flow wp-block-column-is-layout-flow\" style=\"flex-basis:33.34%\">\n<div class=\"wp-block-buttons is-horizontal is-content-justification-center is-layout-flex wp-container-core-buttons-is-layout-03627597 wp-block-buttons-is-layout-flex\">\n<div class=\"wp-block-button has-custom-width wp-block-button__width-100\"><a class=\"wp-block-button__link wp-element-button\" href=\"https:\/\/obera.fr\/lt\/susisiekite-su-mumis\/\">Su\u017einokite daugiau<\/a><\/div>\n<\/div>\n<\/div>\n\n\n\n<div class=\"wp-block-column is-layout-flow wp-block-column-is-layout-flow\" style=\"flex-basis:33.34%\">\n<div class=\"wp-block-buttons is-content-justification-center is-layout-flex wp-container-core-buttons-is-layout-a89b3969 wp-block-buttons-is-layout-flex\">\n<div class=\"wp-block-button btn-devis-source\"><a class=\"wp-block-button__link wp-element-button\" href=\"https:\/\/obera.fr\/lt\/devis\/\">Pra\u0161yti citatos<\/a><\/div>\n<\/div>\n\n\n<script>\r\ndocument.addEventListener('DOMContentLoaded', function() {\r\n    \/\/ 1. On cherche le titre H1 de la page\r\n    var h1 = document.querySelector('h1');\r\n    var productTitle = h1 ? h1.innerText.trim() : \"\";\r\n\r\n    \/\/ 2. On cherche les boutons via la classe CSS .btn-devis-source\r\n    var buttons = document.querySelectorAll('.btn-devis-source a');\r\n\r\n    \/\/ 3. Si on a le titre et les boutons, on ajoute le param\u00e8tre\r\n    if (buttons.length > 0 && productTitle !== \"\") {\r\n        var encodedTitle = encodeURIComponent(productTitle);\r\n\r\n        buttons.forEach(function(btn) {\r\n            var currentHref = btn.getAttribute('href');\r\n            \r\n            \/\/ S\u00e9curit\u00e9 pour ne pas ajouter le param\u00e8tre 2 fois\r\n            if (currentHref.indexOf('sujet=') === -1) {\r\n                var separator = currentHref.indexOf('?') !== -1 ? '&' : '?';\r\n                var newLink = currentHref + separator + 'sujet=' + encodedTitle;\r\n                \r\n                btn.setAttribute('href', newLink);\r\n            }\r\n        });\r\n    }\r\n});\r\n<\/script><\/div>\n<\/div>\n\n\n\n<div style=\"height:45px\" aria-hidden=\"true\" class=\"wp-block-spacer\"><\/div>\n<\/div>\n<\/div>\n\n<div class=\"wp-block-columns is-layout-flex wp-container-core-columns-is-layout-28f84493 wp-block-columns-is-layout-flex\">\n<div class=\"wp-block-column is-layout-flow wp-block-column-is-layout-flow\" style=\"flex-basis:33.34%\">\n<h3 class=\"wp-block-heading\">Privalumai<\/h3>\n\n\n\n<ul class=\"wp-block-list\">\n<li>Labai didelio efektyvumo ventiliatorius<\/li>\n\n\n\n<li>Duslintuvas<\/li>\n\n\n\n<li>Mobilus, lengvas, lengvai valdomas<\/li>\n\n\n\n<li>Ma\u017eas p\u0117dsakas<\/li>\n\n\n\n<li>Lengva filtro prie\u017ei\u016bra<\/li>\n\n\n\n<li>Srauto greitis reguliuojamas nuo 0 iki 100 %.<\/li>\n\n\n\n<li>Plug &amp; Play sistema<\/li>\n<\/ul>\n<\/div>\n\n\n\n<div class=\"wp-block-column is-layout-flow wp-block-column-is-layout-flow\" style=\"flex-basis:33.34%\">\n<h3 class=\"wp-block-heading\">Specialiosios funkcijos<\/h3>\n\n\n\n<ul class=\"wp-block-list\">\n<li>Lengvas filtravimo med\u017eiagos keitimas<\/li>\n\n\n\n<li>Atnaujinamas ir konfig\u016bruojamas<\/li>\n\n\n\n<li>&#8222;Atex 2&#8221; dujos \/ &#8222;Atex 22&#8221; dulk\u0117s<\/li>\n\n\n\n<li>Didelis adsorbcijos paj\u0117gumas<\/li>\n\n\n\n<li>Valand\u0173 skaitiklis<\/li>\n\n\n\n<li>Ne\u0161varaus filtro indikatorius<\/li>\n\n\n\n<li>220V<\/li>\n<\/ul>\n<\/div>\n\n\n\n<div class=\"wp-block-column is-layout-flow wp-block-column-is-layout-flow\" style=\"flex-basis:33.33%\">\n<h3 class=\"wp-block-heading\">Funkcijos<\/h3>\n\n\n\n<ul class=\"wp-block-list\">\n<li>Did\u017eiausias srautas 1200 m3\/h<\/li>\n\n\n\n<li>140 mm skersmens \u012fleidimo angos skersmuo<\/li>\n\n\n\n<li>Did\u017eiausias vakuumas 1350 Pa<\/li>\n\n\n\n<li>Vardin\u0117 galia 0,75 kW<\/li>\n\n\n\n<li>15 kg aktyviosios anglies filtras<\/li>\n\n\n\n<li>Matmenys: 700 x 710 x 1060 mm<\/li>\n\n\n\n<li>Svoris 90 kg<\/li>\n\n\n\n<li>Triuk\u0161mo lygis 68 db<\/li>\n<\/ul>\n<\/div>\n<\/div>\n\n<h3 class=\"wp-block-heading\">Privalumai<\/h3>\n\n<p>&#8222;ePURBOX&#8221; i\u0161traukimo stalas buvo sukurtas <strong>mobiliam naudojimui ir tinka nuolatiniam darbui<\/strong>. D\u0117l tvirtos konstrukcijos i\u0161traukimo stalas yra kompakti\u0161kas ir lengvai valdomas. Po grotel\u0117mis yra stal\u010dius, \u012f kur\u012f galima paprastai ir \u0161variai i\u0161mesti proceso metu surinktas atliekas. EC technologija u\u017etikrina<strong> tyl\u0173 <\/strong>ir ekonomi\u0161k\u0105<strong> veikim\u0105 <\/strong>.   <\/p>\n\n<h3 class=\"wp-block-heading\">Specialiosios funkcijos<\/h3>\n\n<p>&#8222;ePURBOX&#8221; siurbimo stalas turi nuolatinio oro srauto reguliavimo ranken\u0117l\u0119. <strong>Sukam\u0105ja ranken\u0117le galite rankiniu b\u016bdu reguliuoti oro sraut\u0105 <\/strong>pagal poreik\u012f. Taip pat yra darbo valand\u0173 skaitiklis, kad \u017einotum\u0117te, kiek laiko, pavyzd\u017eiui, filtrai buvo viduje, kad \u017einotum\u0117te, kada juos pakeisti.  <\/p>\n\n<h3 class=\"wp-block-heading\">Funkcijos<\/h3>\n\n<p><strong> &#8222;ePURBOX&#8221; siurbiamojo stalo<\/strong> konstrukcijoje naudojamos med\u017eiagos u\u017etikrina jo tvirtum\u0105 ir patogum\u0105. D\u0117l savo mobilumo ir matmen\u0173 \u0161is stalas yra efektyvi darbo vieta. <\/p>\n\n<h3 class=\"wp-block-heading\">Kokius ter\u0161alus galima apdoroti naudojant ePURBOX lentel\u0119?<\/h3>\n\n<p>&#8222;ePURBOX TSP&#8221; siurbimo stalas efektyviai apsaugo nuo .<\/p>\n\n<ul class=\"wp-block-list\">\n<li>\u0160lifavimo ir \u0161lifavimo metu susidariusios dalel\u0117s.<\/li>\n\n\n\n<li>Smulkios ir itin smulkios dulk\u0117s ;<\/li>\n\n\n\n<li>Metalo d\u016bmai ;<\/li>\n\n\n\n<li>Kenksmingos dujos ir garai ;<\/li>\n<\/ul>\n\n<p><\/p>\n\n<div class=\"wp-block-columns is-layout-flex wp-container-core-columns-is-layout-28f84493 wp-block-columns-is-layout-flex\">\n<div class=\"wp-block-column is-layout-flow wp-block-column-is-layout-flow\" style=\"flex-basis:25%\"><\/div>\n\n\n\n<div class=\"wp-block-column is-layout-flow wp-block-column-is-layout-flow\" style=\"flex-basis:50%\">\n<figure class=\"wp-block-embed is-type-video is-provider-youtube wp-block-embed-youtube wp-embed-aspect-16-9 wp-has-aspect-ratio\"><div class=\"wp-block-embed__wrapper\">\n<iframe title=\"Caisson mobile d&#039;aspiration - ePURbox Atex - OberA\" width=\"1200\" height=\"675\" src=\"https:\/\/www.youtube.com\/embed\/vpDttbOwJGQ?start=1&#038;feature=oembed\" frameborder=\"0\" allow=\"accelerometer; autoplay; clipboard-write; encrypted-media; gyroscope; picture-in-picture; web-share\" referrerpolicy=\"strict-origin-when-cross-origin\" allowfullscreen><\/iframe>\n<\/div><\/figure>\n\n\n\n<p><\/p>\n<\/div>\n\n\n\n<div class=\"wp-block-column is-layout-flow wp-block-column-is-layout-flow\" style=\"flex-basis:25%\"><\/div>\n<\/div>\n\n<h2 class=\"wp-block-heading\">ATEX siurbimo stal\u0173 pramoninis pritaikymas<\/h2>\n\n<div class=\"wp-block-columns is-layout-flex wp-container-core-columns-is-layout-28f84493 wp-block-columns-is-layout-flex\">\n<div class=\"wp-block-column is-layout-flow wp-block-column-is-layout-flow\">\n<h3 class=\"wp-block-heading has-text-align-center\">Ter\u0161alai<\/h3>\n\n\n\n<div class=\"wp-block-columns is-layout-flex wp-container-core-columns-is-layout-28f84493 wp-block-columns-is-layout-flex\">\n<div class=\"wp-block-column is-layout-flow wp-block-column-is-layout-flow\">\n<figure class=\"wp-block-image aligncenter size-large\"><img decoding=\"async\" width=\"70\" height=\"70\" src=\"https:\/\/obera.fr\/wp-content\/uploads\/2021\/03\/industrie-fumees.jpg\" alt=\"pramon&#x117;s d&#x16B;mai\" class=\"wp-image-4971\"\/><figcaption class=\"wp-element-caption\">D\u016bmai<\/figcaption><\/figure>\n\n\n\n<figure class=\"wp-block-image aligncenter size-large\"><img decoding=\"async\" width=\"70\" height=\"70\" src=\"https:\/\/obera.fr\/wp-content\/uploads\/2021\/03\/industrie-odeur-2.jpg\" alt=\"kvap&#x173; pramon&#x117; 2\" class=\"wp-image-4972\"\/><figcaption class=\"wp-element-caption\">Kvapai<\/figcaption><\/figure>\n<\/div>\n\n\n\n<div class=\"wp-block-column is-layout-flow wp-block-column-is-layout-flow\">\n<figure class=\"wp-block-image aligncenter size-large\"><img decoding=\"async\" width=\"70\" height=\"70\" src=\"https:\/\/obera.fr\/wp-content\/uploads\/2021\/03\/polluants-poussieres-1.jpg\" alt=\"dulki&#x173; ter&#x161;alai 1\" class=\"wp-image-4969\"\/><figcaption class=\"wp-element-caption\">Dulk\u0117s<\/figcaption><\/figure>\n<\/div>\n<\/div>\n\n\n\n<p><\/p>\n<\/div>\n\n\n\n<div class=\"wp-block-column is-layout-flow wp-block-column-is-layout-flow\">\n<h3 class=\"wp-block-heading has-text-align-center\">pramon\u0117s \u0161akos<\/h3>\n\n\n\n<div class=\"wp-block-columns is-layout-flex wp-container-core-columns-is-layout-28f84493 wp-block-columns-is-layout-flex\">\n<div class=\"wp-block-column is-layout-flow wp-block-column-is-layout-flow\">\n<figure class=\"wp-block-image aligncenter size-large\"><img decoding=\"async\" width=\"70\" height=\"70\" src=\"https:\/\/obera.fr\/wp-content\/uploads\/2021\/03\/industrie-metallurgie-1.jpg\" alt=\"metalurgijos pramon&#x117; 1\" class=\"wp-image-4975\"\/><figcaption class=\"wp-element-caption\">Metalurgija<\/figcaption><\/figure>\n\n\n\n<figure class=\"wp-block-image aligncenter size-large\"><img decoding=\"async\" width=\"70\" height=\"70\" src=\"https:\/\/obera.fr\/wp-content\/uploads\/2021\/03\/industrie-textile.jpg\" alt=\"tekstil&#x117;s pramon&#x117;\" class=\"wp-image-4980\"\/><figcaption class=\"wp-element-caption\">Tekstil\u0117<\/figcaption><\/figure>\n\n\n\n<figure class=\"wp-block-image aligncenter size-large\"><img decoding=\"async\" width=\"70\" height=\"70\" src=\"https:\/\/obera.fr\/wp-content\/uploads\/2021\/03\/industrie-chimie-1.jpg\" alt=\"chemijos pramon&#x117; 1\" class=\"wp-image-4981\"\/><figcaption class=\"wp-element-caption\">Chemija<\/figcaption><\/figure>\n\n\n\n<figure class=\"wp-block-image aligncenter size-large\"><img decoding=\"async\" width=\"70\" height=\"70\" src=\"https:\/\/obera.fr\/wp-content\/uploads\/2021\/03\/industrie-minerai.jpg\" alt=\"mineral&#x173; pramon&#x117;\" class=\"wp-image-4977\"\/><figcaption class=\"wp-element-caption\">Mineralai<\/figcaption><\/figure>\n<\/div>\n\n\n\n<div class=\"wp-block-column is-layout-flow wp-block-column-is-layout-flow\">\n<figure class=\"wp-block-image aligncenter size-large\"><img decoding=\"async\" width=\"70\" height=\"70\" src=\"https:\/\/obera.fr\/wp-content\/uploads\/2020\/08\/industrie-bois.jpg\" alt=\"PARAMEDICINOS MOKSLO IR VADYBOS INSTITUTAS - Vadyba\" class=\"wp-image-672\"\/><figcaption class=\"wp-element-caption\">Medienos apdirbimas<\/figcaption><\/figure>\n\n\n\n<figure class=\"wp-block-image aligncenter size-large\"><img decoding=\"async\" width=\"70\" height=\"70\" src=\"https:\/\/obera.fr\/wp-content\/uploads\/2021\/03\/industrie-plastique.jpg\" alt=\"plastik&#x173; pramon&#x117;\" class=\"wp-image-4976\"\/><figcaption class=\"wp-element-caption\">Plastmas\u0117s<\/figcaption><\/figure>\n\n\n\n<figure class=\"wp-block-image aligncenter size-large\"><img decoding=\"async\" width=\"70\" height=\"70\" src=\"https:\/\/obera.fr\/wp-content\/uploads\/2021\/03\/industrie-papier-carton.jpg\" alt=\"popieriaus ir kartono pramon&#x117;\" class=\"wp-image-4982\"\/><figcaption class=\"wp-element-caption\">Popierius ir kartonas<\/figcaption><\/figure>\n\n\n\n<figure class=\"wp-block-image aligncenter size-large\"><img decoding=\"async\" width=\"70\" height=\"70\" src=\"https:\/\/obera.fr\/wp-content\/uploads\/2020\/08\/industrie-dechets.jpg\" alt=\"Prek&#x117; - Prek&#x117;s &#x17E;enklas\" class=\"wp-image-726\"\/><figcaption class=\"wp-element-caption\">Atliek\u0173 surinkimas ir r\u016b\u0161iavimas<\/figcaption><\/figure>\n<\/div>\n<\/div>\n<\/div>\n<\/div>\n\n<p>Aviacijos ir kosmoso pramon\u0117je &#8221; <strong>ePURbox TSP&#8221; mobilusis dulki\u0173 i\u0161traukimo \u012frenginys<\/strong> naudojamas \u0161lifuojant aliuminio detales, kuriose susidaro smulkios dulk\u0117s. \u0160ie aliuminio milteliai kelia pavoj\u0173 operatori\u0173 sveikatai, taip pat <strong>ATEX pavoj\u0173<\/strong>. Pasirink\u0119s &#8222;ePURbox ATEX TSP&#8221; model\u012f, gamintojas gerokai suma\u017eino su degiomis dulk\u0117mis susijusi\u0105 rizik\u0105 ir patenkino lankstumo poreik\u012f pasirinkdamas mobili\u0105j\u0105 \u012frang\u0105.  <\/p>\n\n<div class=\"wp-block-buttons is-horizontal is-content-justification-center is-layout-flex wp-container-core-buttons-is-layout-03627597 wp-block-buttons-is-layout-flex\">\n<div class=\"wp-block-button has-custom-width wp-block-button__width-100\"><a class=\"wp-block-button__link wp-element-button\" href=\"https:\/\/obera.fr\/lt\/susisiekite-su-mumis\/\">Su\u017einokite daugiau<\/a><\/div>\n<\/div>\n\n<figure class=\"wp-block-table\"><table class=\"has-fixed-layout\"><thead><tr><th>Produktas<\/th><th><\/th><th>&#8222;ePURbox&#8221;<\/th><\/tr><\/thead><tbody><tr><td>Maksimalus oro srautas<\/td><td>m3\/h<\/td><td>1200<\/td><\/tr><tr><td>Maitinimo \u012ftampa<\/td><td>V<\/td><td>220<\/td><\/tr><tr><td>Maitinimas<\/td><td>kW<\/td><td>0.75<\/td><\/tr><tr><td>\u012esiurbimo pavir\u0161ius<\/td><td>mm<\/td><td>570 x 460<\/td><\/tr><tr><td>Aktyvuotos anglies filtras<\/td><td>kg<\/td><td>15<\/td><\/tr><tr><td>Matmenys<\/td><td>mm (D x \u0160 x V)<\/td><td>700 x 710 x 1060 mm<\/td><\/tr><tr><td>Svoris<\/td><td>kg<\/td><td>90<\/td><\/tr><tr><td>Triuk\u0161mo lygis<\/td><td>dB(A)<\/td><td>68<\/td><\/tr><\/tbody><\/table><\/figure>\n","protected":false},"excerpt":{"rendered":"<p>&#8222;ePURBOX&#8221; siurbimo stalas tiesiogiai integruotas \u012f &#8222;ePURBOX&#8221; prietais\u0105. Jis turi savo filtravimo sistem\u0105 ir nuosav\u0105 ventiliatori\u0173, skirt\u0105 kvapams ir laki\u0173j\u0173 organini\u0173 jungini\u0173 valymui. Galin\u0117s sienel\u0117s apdaila u\u017etikrina itin efektyv\u0173 siurbim\u0105 ir ter\u0161al\u0173 surinkim\u0105 per vis\u0105 siurbimo stalo pavir\u0161i\u0173. Stambios dalel\u0117s filtruojamos prie\u0161 filtr\u0105 integruotu i\u0161ankstiniu filtru (G4), kad b\u016bt\u0173 prailgintas aktyvintosios anglies kase\u010di\u0173 tarnavimo laikas. D\u0117l \u0161onini\u0173 sieneli\u0173 apdailos u\u017etikrinamas labai auk\u0161tas kvap\u0173 sulaikymo ant stalo pavir\u0161iaus lygis. Galiausiai proceso oras filtruojamas aktyvuota anglimi (A tipo) ir gali b\u016bti v\u0117l tiekiamas \u012f darbo viet\u0105. Privalumai Specialiosios funkcijos Funkcijos Privalumai &#8222;ePURBOX&#8221; i\u0161traukimo stalas buvo sukurtas mobiliam naudojimui ir tinka nuolatiniam darbui. &#8230; <\/p>\n<p class=\"read-more-container\"><a title=\"&#8222;EpurBox TSP\" class=\"read-more button\" href=\"https:\/\/obera.fr\/lt\/produits\/caissons-mobiles-aspiration\/epurbox-tsp\/#more-42953\" aria-label=\"Read more about &#8222;EpurBox TSP\">Lire la suite<\/a><\/p>\n","protected":false},"author":4,"featured_media":83744,"parent":39628,"menu_order":0,"comment_status":"closed","ping_status":"closed","template":"","meta":{"_acf_changed":false,"_seopress_robots_primary_cat":"","_seopress_titles_title":"Table mobile ePURBOX TSP - oberA","_seopress_titles_desc":"","_seopress_robots_index":"","footnotes":""},"class_list":{"0":"post-42953","1":"page","2":"type-page","3":"status-publish","4":"has-post-thumbnail","6":"no-featured-image-padding","7":"resize-featured-image"},"acf":[],"_links":{"self":[{"href":"https:\/\/obera.fr\/lt\/wp-json\/wp\/v2\/pages\/42953","targetHints":{"allow":["GET"]}}],"collection":[{"href":"https:\/\/obera.fr\/lt\/wp-json\/wp\/v2\/pages"}],"about":[{"href":"https:\/\/obera.fr\/lt\/wp-json\/wp\/v2\/types\/page"}],"author":[{"embeddable":true,"href":"https:\/\/obera.fr\/lt\/wp-json\/wp\/v2\/users\/4"}],"replies":[{"embeddable":true,"href":"https:\/\/obera.fr\/lt\/wp-json\/wp\/v2\/comments?post=42953"}],"version-history":[{"count":24,"href":"https:\/\/obera.fr\/lt\/wp-json\/wp\/v2\/pages\/42953\/revisions"}],"predecessor-version":[{"id":116261,"href":"https:\/\/obera.fr\/lt\/wp-json\/wp\/v2\/pages\/42953\/revisions\/116261"}],"up":[{"embeddable":true,"href":"https:\/\/obera.fr\/lt\/wp-json\/wp\/v2\/pages\/39628"}],"wp:featuredmedia":[{"embeddable":true,"href":"https:\/\/obera.fr\/lt\/wp-json\/wp\/v2\/media\/83744"}],"wp:attachment":[{"href":"https:\/\/obera.fr\/lt\/wp-json\/wp\/v2\/media?parent=42953"}],"curies":[{"name":"wp","href":"https:\/\/api.w.org\/{rel}","templated":true}]}}