{"id":44149,"date":"2020-08-26T12:41:56","date_gmt":"2020-08-26T10:41:56","guid":{"rendered":"https:\/\/obera.fr\/musu-produktai\/pramoniniai-oro-valytuvai\/epur-b01-ecoprime-dulkiu-oro-valytuvas\/"},"modified":"2025-03-07T16:40:17","modified_gmt":"2025-03-07T14:40:17","slug":"epur-b01-ecoprime-dulkiu-oro-valytuvas","status":"publish","type":"page","link":"https:\/\/obera.fr\/lt\/produits\/purificateurs-air\/epur-b01-ecoprime-dulkiu-oro-valytuvas\/","title":{"rendered":"ePUR B01 &#8222;Ecoprime&#8221; dulki\u0173 oro valytuvas"},"content":{"rendered":"\n<p><strong>ePUR B01 &#8222;Ecoprime&#8221;<\/strong> &#8211; tai <a href=\"https:\/\/obera.fr\/lt\/produits\/purificateurs-air\/\" data-type=\"page\" data-id=\"26\">profesionalus oro valytuvas<\/a>, skirtas nedideliems kiekiams.<\/p>\n\n\n\n\n\n\n<h2 class=\"wp-block-heading\" id=\"comment-fonctionne-notre-purificateur-d-air\">Kaip veikia m\u016bs\u0173 oro valytuvas?<\/h2>\n\n\n\n<div class=\"wp-block-columns is-layout-flex wp-container-core-columns-is-layout-28f84493 wp-block-columns-is-layout-flex\">\n<div class=\"wp-block-column is-layout-flow wp-block-column-is-layout-flow\" style=\"flex-basis:33.33%\">\n<figure class=\"wp-block-image aligncenter size-medium\"><img decoding=\"async\" width=\"300\" height=\"300\" src=\"https:\/\/obera.fr\/wp-content\/uploads\/2020\/09\/epur-b01-ecoprime-300x300.jpg\" alt=\"Epur B01 Ecoprime\" class=\"wp-image-1008\" srcset=\"https:\/\/obera.fr\/wp-content\/uploads\/2020\/09\/epur-b01-ecoprime-300x300.jpg 300w, https:\/\/obera.fr\/wp-content\/uploads\/2020\/09\/epur-b01-ecoprime-150x150.jpg 150w, https:\/\/obera.fr\/wp-content\/uploads\/2020\/09\/epur-b01-ecoprime.jpg 433w\" sizes=\"(max-width: 300px) 100vw, 300px\" \/><\/figure>\n<\/div>\n\n\n\n<div class=\"wp-block-column is-layout-flow wp-block-column-is-layout-flow\" style=\"flex-basis:66.66%\">\n<p>Jo veikimo principas paprastas: u\u017eter\u0161tas oras \u012fsiurbiamas \u012frenginio vir\u0161uje, tada pereina per kelis filtravimo sluoksnius \u012frenginio viduje ir i\u0161leid\u017eiamas apa\u010dioje tiesiai \u012f j\u016bs\u0173 darbo viet\u0105.<\/p>\n\n\n\n<h3 class=\"wp-block-heading\" id=\"a-quelles-utilisations-convient-il\">Kokios yra jo naudojimo sritys?<\/h3>\n\n\n\n<p>\u0160is <strong>oro valymo<\/strong> \u012frenginys tinka beveik vis\u0173 tip\u0173 verslui. Jis bus veiksmingas ma\u017eose ir vidutinio dyd\u017eio patalpose, pavyzd\u017eiui, biuruose, pos\u0117d\u017ei\u0173 sal\u0117se, kirpyklose, nag\u0173 salonuose, vie\u0161bu\u010diuose, chemin\u0117se valyklose, sporto sal\u0117se, gydytoj\u0173 kabinetuose, odontolog\u0173 kabinetuose, slaugos namuose, prekybos \u012fmon\u0117se, mokyklose ir t. t. <\/p>\n\n\n\n<div class=\"wp-block-columns is-layout-flex wp-container-core-columns-is-layout-28f84493 wp-block-columns-is-layout-flex\">\n<div class=\"wp-block-column is-layout-flow wp-block-column-is-layout-flow\" style=\"flex-basis:33.34%\">\n<div class=\"wp-block-buttons is-content-justification-center is-layout-flex wp-container-core-buttons-is-layout-a89b3969 wp-block-buttons-is-layout-flex\">\n<div class=\"wp-block-button\"><a class=\"wp-block-button__link wp-element-button\" href=\"https:\/\/obera.fr\/wp-content\/uploads\/2025\/03\/ecoprime-en.pdf\">Atsisi\u0173sti bro\u0161i\u016br\u0105<\/a><\/div>\n<\/div>\n<\/div>\n\n\n\n<div class=\"wp-block-column is-layout-flow wp-block-column-is-layout-flow\" style=\"flex-basis:33.34%\">\n<div class=\"wp-block-buttons is-horizontal is-content-justification-center is-layout-flex wp-container-core-buttons-is-layout-03627597 wp-block-buttons-is-layout-flex\">\n<div class=\"wp-block-button\"><a class=\"wp-block-button__link\" href=\"https:\/\/boutique.obera.fr\/22-acheter-purificateur-air-epur-b01-ecoprime-poussieres.html\" target=\"_blank\" rel=\"noreferrer noopener\">Acheter Epur B01 Ecoprime \u00e0 880,80\u20ac TTC<\/a><\/div>\n<\/div>\n<\/div>\n\n\n\n<div class=\"wp-block-column is-layout-flow wp-block-column-is-layout-flow\" style=\"flex-basis:33.33%\">\n<div class=\"wp-block-buttons is-content-justification-center is-layout-flex wp-container-core-buttons-is-layout-a89b3969 wp-block-buttons-is-layout-flex\">\n<div class=\"wp-block-button btn-devis-source\"><a class=\"wp-block-button__link wp-element-button\" href=\"https:\/\/obera.fr\/lt\/devis\/\">Pra\u0161yti citatos<\/a><\/div>\n<\/div>\n\n\n<script>\r\ndocument.addEventListener('DOMContentLoaded', function() {\r\n    \/\/ 1. On cherche le titre H1 de la page\r\n    var h1 = document.querySelector('h1');\r\n    var productTitle = h1 ? h1.innerText.trim() : \"\";\r\n\r\n    \/\/ 2. On cherche les boutons via la classe CSS .btn-devis-source\r\n    var buttons = document.querySelectorAll('.btn-devis-source a');\r\n\r\n    \/\/ 3. Si on a le titre et les boutons, on ajoute le param\u00e8tre\r\n    if (buttons.length > 0 && productTitle !== \"\") {\r\n        var encodedTitle = encodeURIComponent(productTitle);\r\n\r\n        buttons.forEach(function(btn) {\r\n            var currentHref = btn.getAttribute('href');\r\n            \r\n            \/\/ S\u00e9curit\u00e9 pour ne pas ajouter le param\u00e8tre 2 fois\r\n            if (currentHref.indexOf('sujet=') === -1) {\r\n                var separator = currentHref.indexOf('?') !== -1 ? '&' : '?';\r\n                var newLink = currentHref + separator + 'sujet=' + encodedTitle;\r\n                \r\n                btn.setAttribute('href', newLink);\r\n            }\r\n        });\r\n    }\r\n});\r\n<\/script><\/div>\n<\/div>\n<\/div>\n<\/div>\n\n\n\n<h2 class=\"wp-block-heading\" id=\"quels-polluants-puis-je-traiter-avec-le-purificateur-d-air-epur-b01-ecoprime\">Kokius ter\u0161alus galima i\u0161valyti naudojant &#8222;ePUR B01 Ecoprime&#8221; oro valytuv\u0105?<\/h2>\n\n\n\n<p>&#8222;ePUR B01 Ecoprime&#8221; oro valytuve &#8222;Ecoprime&#8221; galima \u012frengti \u012fvairias filtravimo konfig\u016bracijas. Standarti\u0161kai jame yra aktyvuotos anglies molekulinio filtravimo pakopa, skirta <strong>dujiniams ter\u0161alams<\/strong> (LOJ, kvapams, formaldehidams ir kt.), ir <strong>kiet\u0173j\u0173 daleli\u0173 filtravimo<\/strong> pakopa (nuo F klas\u0117s iki HEPA prisotinimo filtro), skirta smulkioms dulk\u0117ms, dujiniams ter\u0161alams, kvapams, LOJ ir ore esantiems virusams bei bakterijoms valyti. <\/p>\n\n\n\n<div class=\"wp-block-buttons is-horizontal is-content-justification-center is-layout-flex wp-container-core-buttons-is-layout-03627597 wp-block-buttons-is-layout-flex\">\n<div class=\"wp-block-button has-custom-width wp-block-button__width-100\"><a class=\"wp-block-button__link wp-element-button\" href=\"https:\/\/obera.fr\/lt\/susisiekite-su-mumis\/\">Su\u017einokite daugiau<\/a><\/div>\n<\/div>\n\n\n\n<div style=\"height:20px\" aria-hidden=\"true\" class=\"wp-block-spacer\"><\/div>\n\n\n\n<div class=\"wp-block-columns is-layout-flex wp-container-core-columns-is-layout-28f84493 wp-block-columns-is-layout-flex\">\n<div class=\"wp-block-column is-layout-flow wp-block-column-is-layout-flow\">\n<h3 class=\"wp-block-heading has-text-align-center\" id=\"polluants\">Ter\u0161alai<\/h3>\n\n\n\n<hr class=\"wp-block-separator has-css-opacity is-style-wide\"\/>\n\n\n\n<div class=\"wp-block-columns is-layout-flex wp-container-core-columns-is-layout-28f84493 wp-block-columns-is-layout-flex\">\n<div class=\"wp-block-column is-layout-flow wp-block-column-is-layout-flow\">\n<figure class=\"wp-block-image aligncenter size-large\"><img decoding=\"async\" width=\"70\" height=\"70\" src=\"https:\/\/obera.fr\/wp-content\/uploads\/2020\/08\/polluants-poussieres.jpg\" alt=\"Ter\u0161alai Dulk\u0117s\" class=\"wp-image-675\"\/><figcaption class=\"wp-element-caption\">Dulk\u0117s<\/figcaption><\/figure>\n<\/div>\n\n\n\n<div class=\"wp-block-column is-layout-flow wp-block-column-is-layout-flow\">\n<figure class=\"wp-block-image aligncenter size-large\"><img decoding=\"async\" width=\"70\" height=\"70\" src=\"https:\/\/obera.fr\/wp-content\/uploads\/2020\/10\/industrie-aerosols.jpg\" alt=\"Pramon\u0117s aerozoliai\" class=\"wp-image-1201\"\/><figcaption class=\"wp-element-caption\">Aerozoliai<\/figcaption><\/figure>\n<\/div>\n<\/div>\n\n\n\n<p><\/p>\n<\/div>\n\n\n\n<div class=\"wp-block-column is-layout-flow wp-block-column-is-layout-flow\">\n<h3 class=\"wp-block-heading has-text-align-center\" id=\"industries\">Pramon\u0117s \u0161akos<\/h3>\n\n\n\n<hr class=\"wp-block-separator has-css-opacity is-style-wide\"\/>\n\n\n\n<p>Tinka vis\u0173 tip\u0173 \u012fmon\u0117ms, jis bus nepakei\u010diamas :<\/p>\n\n\n\n<ul class=\"wp-block-list\">\n<li>Biurai ir pos\u0117d\u017ei\u0173 sal\u0117s<\/li>\n\n\n\n<li>Atviros erdv\u0117s<\/li>\n\n\n\n<li>Amatininkai<\/li>\n\n\n\n<li>Kirpyklos<\/li>\n\n\n\n<li>Nag\u0173 prie\u017ei\u016bra<\/li>\n\n\n\n<li>Prekyba elektronin\u0117mis cigaret\u0117mis ir elektronini\u0173 cigare\u010di\u0173 skys\u010diais<\/li>\n\n\n\n<li>Medicinos praktika<\/li>\n\n\n\n<li>Odontologai<\/li>\n\n\n\n<li>Dant\u0173 technikai<\/li>\n\n\n\n<li>EPHAD<\/li>\n\n\n\n<li>Optikai<\/li>\n\n\n\n<li>Vie\u0161bu\u010diai<\/li>\n\n\n\n<li>Restoranai<\/li>\n\n\n\n<li>Drabu\u017ei\u0173 parduotuv\u0117s<\/li>\n\n\n\n<li>Spaudimas<\/li>\n\n\n\n<li>Sporto ir sveikatingumo centrai<\/li>\n\n\n\n<li>Primeurs<\/li>\n\n\n\n<li>Vaik\u0173 dar\u017eeliai ir mokyklos<\/li>\n<\/ul>\n<\/div>\n<\/div>\n\n\n\n<h2 class=\"wp-block-heading\" id=\"quelles-sont-les-caracteristiques-du-purificateur-d-air-epur-b01-ecoprime\">Kokios yra &#8222;ePUR B01 Ecoprime&#8221; oro valytuvo funkcijos?<\/h2>\n\n\n\n<figure class=\"wp-block-image alignright size-medium\"><img decoding=\"async\" width=\"300\" height=\"206\" src=\"https:\/\/obera.fr\/wp-content\/uploads\/2020\/10\/epur-ecoprime-300x206.jpg\" alt=\"Epur Ecoprime\" class=\"wp-image-1240\" srcset=\"https:\/\/obera.fr\/wp-content\/uploads\/2020\/10\/epur-ecoprime-300x206.jpg 300w, https:\/\/obera.fr\/wp-content\/uploads\/2020\/10\/epur-ecoprime-768x528.jpg 768w, https:\/\/obera.fr\/wp-content\/uploads\/2020\/10\/epur-ecoprime.jpg 900w\" sizes=\"(max-width: 300px) 100vw, 300px\" \/><figcaption class=\"wp-element-caption\">&#8222;EcoPrime&#8221;<\/figcaption><\/figure>\n\n\n\n<p>\u0160is \u012frenginys turi <strong>didelio efektyvumo kiet\u0173j\u0173 daleli\u0173 filtr\u0105, impregnuot\u0105 anglimi<\/strong>, tod\u0117l sulaiko daugiau kaip 99,9 % dulki\u0173 ir dujini\u0173 ter\u0161al\u0173. Jo galingumas yra visi\u0161kai reguliuojamas, tod\u0117l srauto greit\u012f galite pritaikyti pagal savo poreikius. Kompakti\u0161ki 25x25x33 cm matmenys rei\u0161kia, kad jis patogiai tilps net ma\u017eiausioje darbo aplinkoje.    <\/p>\n\n\n\n<p>Juo galima veiksmingai i\u0161valyti iki 60 m\u00b2 ploto ter\u0161alus. Jis taupiai naudoja energij\u0105, nes jo A+ klas\u0117 &#8211; tik 14 W. &#8222;ePUR B01 Ecoprime&#8221; oro valytuvas yra <strong>tylus,<\/strong> jo triuk\u0161mo lygis yra \u017eemas &#8211; 48 dB, kai jis veikia visu paj\u0117gumu, tod\u0117l j\u012f galite pastatyti kuo ar\u010diau sav\u0119s, kad jis netrukdyt\u0173.  <\/p>\n\n\n\n<h2 class=\"wp-block-heading\" id=\"quels-sont-ses-avantages\"><strong>Kokie jo privalumai?<\/strong><\/h2>\n\n\n\n<p>Pirma, oro valytuvas apsaugo darbuotojus nuo smulki\u0173j\u0173 daleli\u0173 ir kit\u0173 dujini\u0173 ter\u0161al\u0173, tod\u0117l padeda i\u0161vengti vis\u0173 r\u016b\u0161i\u0173 plau\u010di\u0173 ir \u0161irdies lig\u0173. <strong>HEPA filtravimas<\/strong> taip pat pa\u0161alina virusus, bakterijas ir sporas, kad b\u016bt\u0173 apribotos epidemijos, kurias sukelia patogenai, oru plintantys suk\u0117l\u0117jai ir alergenai. <\/p>\n\n\n\n<p>Be to, valymo s\u0105naudos taip pat yra naudingos. Prietaisas valo dulkes ir kitus ter\u0161alus, kurie kitu atveju nus\u0117st\u0173 j\u016bs\u0173 darbo vietoje. Be to, jam beveik nereikia jokios prie\u017ei\u016bros. Priklausomai nuo to, kaip jis naudojamas ir koks ter\u0161al\u0173 kiekis patalpoje, jo filtrus reikia keisti tik kart\u0105 per metus. \u0160is kompakti\u0161kas oro valytuvas, pasi\u017eymintis eleganti\u0161ku, moderniu dizainu, puikiai atrodys bet kuriame kambaryje.    <\/p>\n\n\n\n<p>Kai kuriais atvejais m\u016bs\u0173 profesionalus oro valytuvas naudojamas siekiant laikytis profesin\u0117s ekspozicijos ribin\u0117s vert\u0117s (OEL).<\/p>\n\n\n\n<div class=\"wp-block-columns is-layout-flex wp-container-core-columns-is-layout-28f84493 wp-block-columns-is-layout-flex\">\n<div class=\"wp-block-column is-layout-flow wp-block-column-is-layout-flow\">\n<h3 class=\"wp-block-heading has-text-align-center\" id=\"avantages\">Privalumai<\/h3>\n\n\n\n<ul class=\"wp-block-list\">\n<li>Sintetinis HEPA filtras impregnuotas didelio efektyvumo aktyvint\u0105ja anglimi.<\/li>\n\n\n\n<li>Energijos taupymas: ne daugiau kaip 14 W <\/li>\n\n\n\n<li>Did\u017eiausias efektyvumas iki 60 m\u00b2.<\/li>\n<\/ul>\n<\/div>\n\n\n\n<div class=\"wp-block-column is-layout-flow wp-block-column-is-layout-flow\">\n<h3 class=\"wp-block-heading has-text-align-center\" id=\"particularites\">Specialiosios funkcijos<\/h3>\n\n\n\n<ul class=\"wp-block-list\">\n<li>Galia reguliuojama nuo 0 iki 100 %.<\/li>\n\n\n\n<li>Modernus, neperkrautas dizainas<\/li>\n\n\n\n<li>Kompakti\u0161kas 25 cm x 25 cm x 33 cm<\/li>\n\n\n\n<li>Tyliai: ne daugiau kaip 48 dB, kai veikia visa galia <\/li>\n<\/ul>\n<\/div>\n\n\n\n<div class=\"wp-block-column is-layout-flow wp-block-column-is-layout-flow\">\n<h3 class=\"wp-block-heading has-text-align-center\" id=\"caracteristiques\">Funkcijos<\/h3>\n\n\n\n<ul class=\"wp-block-list\">\n<li>Daugiau kaip 99,9 % smulki\u0173j\u0173 daleli\u0173 ir laki\u0173j\u0173 organini\u0173 jungini\u0173 (LOJ) filtravimas<\/li>\n\n\n\n<li>Filtruoja virusus, bakterijas ir sporas: padeda apriboti per or\u0105 plintan\u010di\u0173 lig\u0173 suk\u0117l\u0117j\u0173 sukeliamas epidemijas.<\/li>\n<\/ul>\n<\/div>\n<\/div>\n\n\n\n<div class=\"wp-block-buttons is-horizontal is-content-justification-center is-layout-flex wp-container-core-buttons-is-layout-03627597 wp-block-buttons-is-layout-flex\">\n<div class=\"wp-block-button has-custom-width wp-block-button__width-100\"><a class=\"wp-block-button__link wp-element-button\" href=\"https:\/\/obera.fr\/lt\/susisiekite-su-mumis\/\">Su\u017einokite daugiau<\/a><\/div>\n<\/div>\n\n\n\n<h2 class=\"wp-block-heading\" id=\"exemples-de-domaine-d-application-pour-le-epur-b01-ecoprime\">&#8222;ePUR B01 Ecoprime&#8221; taikymo pavyzd\u017eiai :<\/h2>\n\n\n\n<h3 class=\"wp-block-heading\" id=\"secteur-medical-hopitaux-ehpad-veterinaires-pedicures-podologues-dentistes-et-prothesistes-dentaires-cabinets-medicaux-espaces-funeraires\">Medicinos sektorius (ligonin\u0117s, slaugos namai, veterinarai, pediki\u016brininkai, odontologai ir dant\u0173 technikai, gydytoj\u0173 kabinetai, laidojimo namai)<\/h3>\n\n\n\n<p>Poreikiai yra \u012fvair\u016bs:<\/p>\n\n\n\n<ul class=\"wp-block-list\">\n<li>Oro kokyb\u0117s gerinimas, siekiant <strong>suma\u017einti oro u\u017eter\u0161tum\u0105<\/strong>(virusais, bakterijomis).<\/li>\n\n\n\n<li>Dezinfekuoti ir <strong>u\u017ekirsti keli\u0105 virus\u0173<\/strong>, bakterij\u0173 ir kt. <strong>plitimui<\/strong>.<\/li>\n\n\n\n<li>Pa\u0161alinti erzinan\u010dius kvapus ir <strong>neutralizuoti \u012fvairi\u0173 r\u016b\u0161i\u0173 kvap\u0173 tar\u0161\u0105<\/strong><\/li>\n\n\n\n<li><strong>Dulk\u0117tumo ma\u017einimas d\u0117l dulki\u0173<\/strong> kelian\u010dios veiklos<\/li>\n<\/ul>\n\n\n\n<h2 class=\"wp-block-heading\" id=\"les-autres-purificateur-d-air-de-la-marque-obera\">Kiti &#8222;oberA&#8221; prek\u0117s \u017eenklo oro valytuvai<\/h2>\n\n\n\n<div class=\"wp-block-columns is-layout-flex wp-container-core-columns-is-layout-28f84493 wp-block-columns-is-layout-flex\">\n<div class=\"wp-block-column is-layout-flow wp-block-column-is-layout-flow\">\n<figure class=\"wp-block-image aligncenter size-medium is-resized\"><a href=\"https:\/\/obera.fr\/lt\/produits\/purificateurs-air\/filtower\/\"><img decoding=\"async\" width=\"300\" height=\"300\" src=\"https:\/\/obera.fr\/wp-content\/uploads\/2020\/09\/FILTOWER-SF-300x300.png\" alt=\"Filtravimo bok\u0161tas Sf\" class=\"wp-image-1017\" style=\"width:150px;height:150px\" srcset=\"https:\/\/obera.fr\/wp-content\/uploads\/2020\/09\/FILTOWER-SF-300x300.png 300w, https:\/\/obera.fr\/wp-content\/uploads\/2020\/09\/FILTOWER-SF-150x150.png 150w, https:\/\/obera.fr\/wp-content\/uploads\/2020\/09\/FILTOWER-SF.png 600w\" sizes=\"(max-width: 300px) 100vw, 300px\" \/><\/a><figcaption class=\"wp-element-caption\">Filtravimo bok\u0161tas<\/figcaption><\/figure>\n<\/div>\n\n\n\n<div class=\"wp-block-column is-layout-flow wp-block-column-is-layout-flow\">\n<figure class=\"wp-block-image aligncenter size-medium is-resized\"><a href=\"https:\/\/obera.fr\/lt\/produits\/purificateurs-air\/professionnel-epur-ca\/\"><img decoding=\"async\" width=\"300\" height=\"300\" src=\"https:\/\/obera.fr\/wp-content\/uploads\/2020\/09\/gamme-epur-ca-300x300.jpg\" alt=\"Epur Ca diapazonas\" class=\"wp-image-1015\" style=\"width:150px;height:150px\" srcset=\"https:\/\/obera.fr\/wp-content\/uploads\/2020\/09\/gamme-epur-ca-300x300.jpg 300w, https:\/\/obera.fr\/wp-content\/uploads\/2020\/09\/gamme-epur-ca-150x150.jpg 150w, https:\/\/obera.fr\/wp-content\/uploads\/2020\/09\/gamme-epur-ca.jpg 433w\" sizes=\"(max-width: 300px) 100vw, 300px\" \/><\/a><figcaption class=\"wp-element-caption\">ePUR CA<\/figcaption><\/figure>\n<\/div>\n\n\n\n<div class=\"wp-block-column is-layout-flow wp-block-column-is-layout-flow\">\n<figure class=\"wp-block-image aligncenter size-full\"><a href=\"https:\/\/obera.fr\/lt\/produits\/purificateurs-air\/industriel-epur\/\"><img decoding=\"async\" width=\"150\" height=\"150\" src=\"https:\/\/obera.fr\/wp-content\/uploads\/2023\/05\/gamme-epur.png\" alt=\"epur diapazonas\" class=\"wp-image-22632\"\/><\/a><figcaption class=\"wp-element-caption\">ePUR<\/figcaption><\/figure>\n<\/div>\n\n\n\n<div class=\"wp-block-column is-layout-flow wp-block-column-is-layout-flow\">\n<figure class=\"wp-block-image aligncenter size-full\"><a href=\"https:\/\/obera.fr\/lt\/produits\/purificateurs-air\/purificateur-rafraichisseur-epur150-fresh\/\"><img decoding=\"async\" width=\"150\" height=\"150\" src=\"https:\/\/obera.fr\/wp-content\/uploads\/2023\/04\/epur150-fresh-4.png\" alt=\"epur150 \u0161vie\u017eias (4)\" class=\"wp-image-22427\"\/><\/a><figcaption class=\"wp-element-caption\">ePUR150 FRESH<\/figcaption><\/figure>\n<\/div>\n<\/div>\n","protected":false},"excerpt":{"rendered":"<p>ePUR B01 &#8222;Ecoprime&#8221; &#8211; tai profesionalus oro valytuvas, skirtas nedideliems kiekiams. Kaip veikia m\u016bs\u0173 oro valytuvas? Jo veikimo principas paprastas: u\u017eter\u0161tas oras \u012fsiurbiamas \u012frenginio vir\u0161uje, tada pereina per kelis filtravimo sluoksnius \u012frenginio viduje ir i\u0161leid\u017eiamas apa\u010dioje tiesiai \u012f j\u016bs\u0173 darbo viet\u0105. Kokios yra jo naudojimo sritys? \u0160is oro valymo \u012frenginys tinka beveik vis\u0173 tip\u0173 verslui. Jis bus veiksmingas ma\u017eose ir vidutinio dyd\u017eio patalpose, pavyzd\u017eiui, biuruose, pos\u0117d\u017ei\u0173 sal\u0117se, kirpyklose, nag\u0173 salonuose, vie\u0161bu\u010diuose, chemin\u0117se valyklose, sporto sal\u0117se, gydytoj\u0173 kabinetuose, odontolog\u0173 kabinetuose, slaugos namuose, prekybos \u012fmon\u0117se, mokyklose ir t. t. Kokius ter\u0161alus galima i\u0161valyti naudojant &#8222;ePUR B01 Ecoprime&#8221; oro valytuv\u0105? &#8222;ePUR B01 Ecoprime&#8221; &#8230; <\/p>\n<p class=\"read-more-container\"><a title=\"ePUR B01 &#8222;Ecoprime&#8221; dulki\u0173 oro valytuvas\" class=\"read-more button\" href=\"https:\/\/obera.fr\/lt\/produits\/purificateurs-air\/epur-b01-ecoprime-dulkiu-oro-valytuvas\/#more-44149\" aria-label=\"Read more about ePUR B01 &#8222;Ecoprime&#8221; dulki\u0173 oro valytuvas\">Lire la suite<\/a><\/p>\n","protected":false},"author":4,"featured_media":83744,"parent":37719,"menu_order":0,"comment_status":"closed","ping_status":"closed","template":"","meta":{"_acf_changed":false,"_seopress_robots_primary_cat":"","_seopress_titles_title":"ePUR B01 \"Ecoprime\" dulki\u0173 oro valytuvas - oberA","_seopress_titles_desc":"\"Ecoprime ePUR B01\" oro valytuve yra skirtingos filtravimo konfig\u016bracijos. \u0160is oro valymo \u012frenginys tinka visoms \u012fmon\u0117ms","_seopress_robots_index":"","footnotes":""},"class_list":{"0":"post-44149","1":"page","2":"type-page","3":"status-publish","4":"has-post-thumbnail","6":"no-featured-image-padding","7":"resize-featured-image"},"acf":[],"_links":{"self":[{"href":"https:\/\/obera.fr\/lt\/wp-json\/wp\/v2\/pages\/44149","targetHints":{"allow":["GET"]}}],"collection":[{"href":"https:\/\/obera.fr\/lt\/wp-json\/wp\/v2\/pages"}],"about":[{"href":"https:\/\/obera.fr\/lt\/wp-json\/wp\/v2\/types\/page"}],"author":[{"embeddable":true,"href":"https:\/\/obera.fr\/lt\/wp-json\/wp\/v2\/users\/4"}],"replies":[{"embeddable":true,"href":"https:\/\/obera.fr\/lt\/wp-json\/wp\/v2\/comments?post=44149"}],"version-history":[{"count":2,"href":"https:\/\/obera.fr\/lt\/wp-json\/wp\/v2\/pages\/44149\/revisions"}],"predecessor-version":[{"id":71716,"href":"https:\/\/obera.fr\/lt\/wp-json\/wp\/v2\/pages\/44149\/revisions\/71716"}],"up":[{"embeddable":true,"href":"https:\/\/obera.fr\/lt\/wp-json\/wp\/v2\/pages\/37719"}],"wp:featuredmedia":[{"embeddable":true,"href":"https:\/\/obera.fr\/lt\/wp-json\/wp\/v2\/media\/83744"}],"wp:attachment":[{"href":"https:\/\/obera.fr\/lt\/wp-json\/wp\/v2\/media?parent=44149"}],"curies":[{"name":"wp","href":"https:\/\/api.w.org\/{rel}","templated":true}]}}