{"id":44208,"date":"2024-04-06T01:24:32","date_gmt":"2024-04-05T23:24:32","guid":{"rendered":"https:\/\/obera.fr\/na-2-2-mobilusis-dregnasis-dulkiu-surinktuvas\/"},"modified":"2025-06-27T15:40:47","modified_gmt":"2025-06-27T13:40:47","slug":"na-2-2-depoussiereur-a-voie-humide","status":"publish","type":"page","link":"https:\/\/obera.fr\/lt\/produits\/depoussiereurs-industriels\/mobiles\/na-2-2-depoussiereur-a-voie-humide\/","title":{"rendered":"NA 2.2: mobilusis dr\u0117gnasis dulki\u0173 surinktuvas"},"content":{"rendered":"\n<p>Atraskite NA 2.2 dr\u0117gnojo dulki\u0173 siurblio NA 2.2, skirto siurbti j\u016bs\u0173 dirbtuv\u0117se susidaran\u010dioms lipnioms med\u017eiagoms ir dulk\u0117ms, turin\u010dioms pjautuvo efekt\u0105.<\/p>\n\n<h2 class=\"wp-block-heading\">NA 2.2 \u0161lapi\u0173 dulki\u0173 surink\u0117jas: veikimas ir naudojimas<\/h2>\n\n<div class=\"wp-block-columns is-layout-flex wp-container-core-columns-is-layout-28f84493 wp-block-columns-is-layout-flex\">\n<div class=\"wp-block-column is-layout-flow wp-block-column-is-layout-flow\" style=\"flex-basis:33.33%\">\n<figure class=\"wp-block-image aligncenter size-full\"><img decoding=\"async\" width=\"600\" height=\"600\" src=\"https:\/\/obera.fr\/wp-content\/uploads\/2024\/04\/obera-na-2-2-depoussiereur-a-voie-humide-mobile.jpg\" alt=\"NA 2.2: mobilusis dr&#x117;gnasis dulki&#x173; surinktuvas\" class=\"wp-image-29475\" srcset=\"https:\/\/obera.fr\/wp-content\/uploads\/2024\/04\/obera-na-2-2-depoussiereur-a-voie-humide-mobile.jpg 600w, https:\/\/obera.fr\/wp-content\/uploads\/2024\/04\/obera-na-2-2-depoussiereur-a-voie-humide-mobile-300x300.jpg 300w, https:\/\/obera.fr\/wp-content\/uploads\/2024\/04\/obera-na-2-2-depoussiereur-a-voie-humide-mobile-150x150.jpg 150w\" sizes=\"(max-width: 600px) 100vw, 600px\" \/><\/figure>\n<\/div>\n\n\n\n<div class=\"wp-block-column is-layout-flow wp-block-column-is-layout-flow\" style=\"flex-basis:66.66%\">\n<p>Dr\u0117gnuosiuose dulki\u0173 surinktuvuose naudojama filtravimo sistema pagr\u012fsta i\u0161centrin\u0117s j\u0117gos principu, o filtravimo terp\u0117 &#8211; vanduo. Prakti\u0161kai oras su smulkiomis dalel\u0117mis ir dulk\u0117mis yra surenkamas \u012f dulki\u0173 surinktuv\u0105 \u012fmontuotu ventiliatoriumi. Tada oras per purk\u0161tukus prisotinamas vandeniu, kuris aglomeruoja dulkes ir leid\u017eia jas lengviau surinkti. Norint atskirti daleles, oras ir vanduo sukasi dideliu grei\u010diu, kad jos atsitrenkt\u0173 \u012f dulki\u0173 surinktuvo sienel\u0119 (s\u016bkurio principas). \u0160varus oras i\u0161traukiamas ir i\u0161leid\u017eiamas \u012f atmosfer\u0105 i\u0161centriniu i\u0161traukimo ventiliatoriumi.<\/p>\n\n\n\n<p>Idealiai tinka pjaustyti, pjauti ir pjaustyti grie\u017ein\u0117liais, taip pat \u0161lifuoti, poliruoti, \u0161alinti dro\u017eles, frezuoti, dekantuoti, pilstyti ir mai\u0161yti. Galima pasirinkti ATEX versij\u0105.<\/p>\n\n\n\n<p>Kokioms reikm\u0117ms? NA 2.2 \u0161lapi\u0173 dulki\u0173 siurblys ypa\u010d gerai veikia siurbiant lipnias med\u017eiagas ir atliekant darbus, kuri\u0173 metu kyla stiprios kibirk\u0161tys. Jis idealiai tinka metalo dulk\u0117ms, lipnioms dulk\u0117ms ir degioms dulk\u0117ms i\u0161traukti. D\u0117l to jis idealiai tinka naudoti maisto perdirbimo ir metalo apdirbimo pramon\u0117je.<\/p>\n\n\n\n<div class=\"wp-block-columns is-layout-flex wp-container-core-columns-is-layout-28f84493 wp-block-columns-is-layout-flex\">\n<div class=\"wp-block-column is-layout-flow wp-block-column-is-layout-flow\">\n<div class=\"wp-block-buttons is-layout-flex wp-block-buttons-is-layout-flex\">\n<div class=\"wp-block-button\"><a class=\"wp-block-button__link wp-element-button\" href=\"https:\/\/obera.fr\/wp-content\/uploads\/2025\/04\/brochure-na-2.2-fr.pdf\">Atsisi\u0173sti bro\u0161i\u016br\u0105<\/a><\/div>\n<\/div>\n<\/div>\n\n\n\n<div class=\"wp-block-column is-layout-flow wp-block-column-is-layout-flow\">\n<div class=\"wp-block-buttons is-layout-flex wp-block-buttons-is-layout-flex\">\n<div class=\"wp-block-button\"><a class=\"wp-block-button__link wp-element-button\" href=\"https:\/\/obera.fr\/contact\/\">Ar jums reikia asmeninio patarimo?<\/a><\/div>\n<\/div>\n<\/div>\n\n\n\n<div class=\"wp-block-column is-layout-flow wp-block-column-is-layout-flow\">\n<div class=\"wp-block-buttons is-content-justification-center is-layout-flex wp-container-core-buttons-is-layout-a89b3969 wp-block-buttons-is-layout-flex\">\n<div class=\"wp-block-button btn-devis-source\"><a class=\"wp-block-button__link wp-element-button\" href=\"https:\/\/obera.fr\/lt\/devis\/\">Pra\u0161yti citatos<\/a><\/div>\n<\/div>\n\n\n<script>\r\ndocument.addEventListener('DOMContentLoaded', function() {\r\n    \/\/ 1. On cherche le titre H1 de la page\r\n    var h1 = document.querySelector('h1');\r\n    var productTitle = h1 ? h1.innerText.trim() : \"\";\r\n\r\n    \/\/ 2. On cherche les boutons via la classe CSS .btn-devis-source\r\n    var buttons = document.querySelectorAll('.btn-devis-source a');\r\n\r\n    \/\/ 3. Si on a le titre et les boutons, on ajoute le param\u00e8tre\r\n    if (buttons.length > 0 && productTitle !== \"\") {\r\n        var encodedTitle = encodeURIComponent(productTitle);\r\n\r\n        buttons.forEach(function(btn) {\r\n            var currentHref = btn.getAttribute('href');\r\n            \r\n            \/\/ S\u00e9curit\u00e9 pour ne pas ajouter le param\u00e8tre 2 fois\r\n            if (currentHref.indexOf('sujet=') === -1) {\r\n                var separator = currentHref.indexOf('?') !== -1 ? '&' : '?';\r\n                var newLink = currentHref + separator + 'sujet=' + encodedTitle;\r\n                \r\n                btn.setAttribute('href', newLink);\r\n            }\r\n        });\r\n    }\r\n});\r\n<\/script><\/div>\n<\/div>\n<\/div>\n<\/div>\n\n<h2 class=\"wp-block-heading\">NA 2.2 dr\u0117gnojo dulki\u0173 surinktuvo charakteristikos<\/h2>\n\n<p>Be to, kad jis labai mobilus, jo dizainas taip pat pasi\u017eymi tuo, ko dar nebuvo NA prietaisuose: kompakti\u0161kas, vietos taupantis dizainas. Iki \u0161iol vandens skirtuvai gal\u0117jo b\u016bti tik stacionar\u016bs, turintys didesn\u012f plot\u0105 (daug didesnius matmenis), kad b\u016bt\u0173 galima juos naudoti \u012fvairiose srityse. Dabar NA dulki\u0173 surinktuvuose pavyko suderinti na\u0161um\u0105 ir paprast\u0105 naudojim\u0105 su lanks\u010diais, kompakti\u0161kais mobiliaisiais \u012frenginiais. Be to, NA \u012franga visada turi atlenkiam\u0105 vir\u0161utin\u0119 dal\u012f, kad b\u016bt\u0173 galima lengvai patekti \u012f prietaiso vid\u0173.<\/p>\n\n<p>NA serija taip pat skleid\u017eia labai ma\u017eai triuk\u0161mo: 68 dB(A). Tai rei\u0161kia, kad j\u012f galima naudoti tiesiogiai \u012fvairiose darbo vietose, netrukdant operatoriams.<\/p>\n\n<blockquote class=\"wp-block-quote is-layout-flow wp-block-quote-is-layout-flow\">\n<p>Galimyb\u0117s: NA 2.2 dr\u0117gnojo dulki\u0173 surinkimo \u012frengin\u012f taip pat galima \u012fsigyti kaip valymo siurbl\u012f su 50 mm skersmens \u017earna. Galima \u012fsigyti ner\u016bdijan\u010dio plieno versij\u0105, atitinkan\u010di\u0105 maisto pramon\u0117s, kurioje susidaro smulkios ir organin\u0117s dulk\u0117s ir kuriai taikomos grie\u017etos higienos ir maisto saugos taisykl\u0117s, reikalavimus. Dar viena svarbi galimyb\u0117 pramon\u0117s \u012fmon\u0117ms, dirban\u010dioms potencialiai sprogioje zonoje (22 zona): ATEX versija, skirta saugiam saus\u0173, degi\u0173, nelaid\u017ei\u0173 dulki\u0173 i\u0161traukimui.<\/p>\n<\/blockquote>\n\n<h3 class=\"wp-block-heading has-text-align-center\">PRAMON\u0116S \u0160AKOS<\/h3>\n\n<div class=\"wp-block-columns is-layout-flex wp-container-core-columns-is-layout-28f84493 wp-block-columns-is-layout-flex\">\n<div class=\"wp-block-column is-layout-flow wp-block-column-is-layout-flow\">\n<hr class=\"wp-block-separator has-alpha-channel-opacity\"\/>\n\n\n\n<div class=\"wp-block-columns is-layout-flex wp-container-core-columns-is-layout-28f84493 wp-block-columns-is-layout-flex\">\n<div class=\"wp-block-column is-layout-flow wp-block-column-is-layout-flow\">\n<figure class=\"wp-block-image aligncenter size-thumbnail is-resized\"><img decoding=\"async\" width=\"150\" height=\"150\" src=\"https:\/\/obera.fr\/wp-content\/uploads\/2022\/02\/Metalurgie-150x150.png\" alt=\"metalurgija\" class=\"wp-image-8857\"\/><figcaption class=\"wp-element-caption\">Metalurgija<\/figcaption><\/figure>\n<\/div>\n\n\n\n<div class=\"wp-block-column is-layout-flow wp-block-column-is-layout-flow\">\n<figure class=\"wp-block-image aligncenter size-thumbnail is-resized\"><img decoding=\"async\" width=\"150\" height=\"150\" src=\"https:\/\/obera.fr\/wp-content\/uploads\/2022\/02\/AGROALIMENTAIRE-150x150.png\" alt=\"&#x17E;em&#x117;s &#x16B;kio ir maisto produkt&#x173;\" class=\"wp-image-8844\"\/><figcaption class=\"wp-element-caption\">Maisto pramon\u0117<\/figcaption><\/figure>\n<\/div>\n<\/div>\n<\/div>\n\n\n\n<div class=\"wp-block-column is-layout-flow wp-block-column-is-layout-flow\">\n<hr class=\"wp-block-separator has-alpha-channel-opacity\"\/>\n\n\n\n<div class=\"wp-block-columns is-layout-flex wp-container-core-columns-is-layout-28f84493 wp-block-columns-is-layout-flex\">\n<div class=\"wp-block-column is-layout-flow wp-block-column-is-layout-flow\"><\/div>\n\n\n\n<div class=\"wp-block-column is-layout-flow wp-block-column-is-layout-flow\"><\/div>\n<\/div>\n<\/div>\n<\/div>\n\n<table id=\"tablepress-201\" class=\"tablepress tablepress-id-201\">\n<tbody class=\"row-striping row-hover\">\n<tr class=\"row-1\">\n\t<td class=\"column-1\">Volume d\u2019air max. D\u00e9bit d\u2019air<\/td><td class=\"column-2\">M3\/h<\/td><td class=\"column-3\">300<\/td>\n<\/tr>\n<tr class=\"row-2\">\n\t<td class=\"column-1\">Diam\u00e8tre d\u2019entr\u00e9e\/de sortie<\/td><td class=\"column-2\">mm<\/td><td class=\"column-3\">50\/-<\/td>\n<\/tr>\n<tr class=\"row-3\">\n\t<td class=\"column-1\">Pression d\u2019air max. D\u00e9pression<\/td><td class=\"column-2\">Pa<\/td><td class=\"column-3\">21.000<\/td>\n<\/tr>\n<tr class=\"row-4\">\n\t<td class=\"column-1\">Puissance d\u2019entra\u00eenement<\/td><td class=\"column-2\">kW<\/td><td class=\"column-3\">2.2<\/td>\n<\/tr>\n<tr class=\"row-5\">\n\t<td class=\"column-1\">Contenu en eau<\/td><td class=\"column-2\">L<\/td><td class=\"column-3\">40<\/td>\n<\/tr>\n<tr class=\"row-6\">\n\t<td class=\"column-1\">R\u00e9servoir de collecte de volume<\/td><td class=\"column-2\">L<\/td><td class=\"column-3\">100<\/td>\n<\/tr>\n<tr class=\"row-7\">\n\t<td class=\"column-1\">Dimensions (L\/l\/h)<\/td><td class=\"column-2\">mm<\/td><td class=\"column-3\">1.260x630x1.560<\/td>\n<\/tr>\n<tr class=\"row-8\">\n\t<td class=\"column-1\">Poids (sans eau)<\/td><td class=\"column-2\">kg<\/td><td class=\"column-3\">130<\/td>\n<\/tr>\n<tr class=\"row-9\">\n\t<td class=\"column-1\">\u00c9missions sonores<\/td><td class=\"column-2\">dB(A)<\/td><td class=\"column-3\">68<\/td>\n<\/tr>\n<\/tbody>\n<\/table>\n<!-- #tablepress-201 from cache -->\n\n<div class=\"wp-block-buttons is-content-justification-center is-layout-flex wp-container-core-buttons-is-layout-a89b3969 wp-block-buttons-is-layout-flex\">\n<div class=\"wp-block-button\"><a class=\"wp-block-button__link wp-element-button\" href=\"https:\/\/obera.fr\/wp-content\/uploads\/2025\/04\/brochure-na-2.2-de.pdf\">ATSISI\u0172STI GAMINIO DUOMEN\u0172 LAP\u0104<\/a><\/div>\n<\/div>\n\n<figure class=\"wp-block-table\"><table class=\"has-fixed-layout\"><tbody><tr><td>Maksimalus oro t\u016bris Oro srauto greitis<\/td><td>M3\/h<\/td><td>300<\/td><\/tr><tr><td>\u012eleidimo ir i\u0161leidimo skersmuo<\/td><td>mm<\/td><td>50\/-<\/td><\/tr><tr><td>Maksimalus oro sl\u0117gis Vakuumas <\/td><td>Pa<\/td><td>21.000<\/td><\/tr><tr><td>Pavaros galia<\/td><td>kW<\/td><td>2.2<\/td><\/tr><tr><td>Vandens kiekis<\/td><td>L<\/td><td>40<\/td><\/tr><tr><td>T\u016brio surinkimo bakas<\/td><td>L<\/td><td>100<\/td><\/tr><tr><td>Matmenys (L\/W\/H)<\/td><td>mm<\/td><td>1 260x630x1 560 cm<\/td><\/tr><tr><td>Svoris (be vandens)<\/td><td>kg<\/td><td>130<\/td><\/tr><tr><td>Triuk\u0161mo i\u0161metimas<\/td><td>dB(A)<\/td><td>68<\/td><\/tr><\/tbody><\/table><\/figure>\n\n<div style=\"height:34px\" aria-hidden=\"true\" class=\"wp-block-spacer\"><\/div>\n\n<h2 class=\"wp-block-heading\">Kokie yra NA 2.2 dr\u0117gnojo dulki\u0173 siurblio privalumai?<\/h2>\n\n<p>\u0160lapias dulki\u0173 surink\u0117jas naudoja filtravimo technologij\u0105, kad u\u017etikrint\u0173 optimali\u0105 oro kokyb\u0119 gamybos \u012fmon\u0117se. Taip pat saugote savo darbuotoj\u0173 sveikat\u0105, ma\u017einate gedim\u0173 ir ma\u0161in\u0173 bei \u012frangos sugadinimo rizik\u0105.<\/p>\n\n<p>Mobilus ir lankstus NA 2.2 dr\u0117gn\u0173 dulki\u0173 surinktuvas yra lengvai manevringas d\u0117l skland\u017eiai judan\u010di\u0173 ratuk\u0173. Jis idealiai tinka da\u017enai keisti buvimo viet\u0105, kad naudotojui b\u016bt\u0173 kuo patogiau. Be to, jis yra kompakti\u0161kas, u\u017eima nedaug vietos.<\/p>\n\n<p>NA 2.2 \u0161lapi\u0173 dulki\u0173 surinktuv\u0105 galima derinti su kita \u012franga, kad naudotojui b\u016bt\u0173 kuo patogiau, pavyzd\u017eiui, automatine vandens lygio kontrole arba elektromagnetiniu vo\u017etuvu, automati\u0161kai tiekian\u010diu vanden\u012f \u012f \u012frengin\u012f.<\/p>\n\n<div class=\"wp-block-columns is-layout-flex wp-container-core-columns-is-layout-28f84493 wp-block-columns-is-layout-flex\">\n<div class=\"wp-block-column is-layout-flow wp-block-column-is-layout-flow\" style=\"flex-basis:33.34%\">\n<h3 class=\"wp-block-heading\">Privalumai :<\/h3>\n\n\n\n<ul class=\"wp-block-list\">\n<li>Tylus ir kompakti\u0161kas;<\/li>\n\n\n\n<li>Lanks\u010dios taikymo galimyb\u0117s.<\/li>\n<\/ul>\n<\/div>\n\n\n\n<div class=\"wp-block-column is-layout-flow wp-block-column-is-layout-flow\" style=\"flex-basis:33.34%\">\n<h3 class=\"wp-block-heading\">Specialiosios funkcijos:<\/h3>\n\n\n\n<ul class=\"wp-block-list\">\n<li>Lipni\u0173 dulki\u0173 i\u0161traukimas, tinkamas kibirk\u0161\u010diavimo procesams;<\/li>\n\n\n\n<li>Galima \u012fsigyti kaip valymo dulki\u0173 siurbl\u012f.<\/li>\n<\/ul>\n\n\n\n<div style=\"height:26px\" aria-hidden=\"true\" class=\"wp-block-spacer\"><\/div>\n<\/div>\n\n\n\n<div class=\"wp-block-column is-layout-flow wp-block-column-is-layout-flow\" style=\"flex-basis:33.33%\">\n<h3 class=\"wp-block-heading\">Savyb\u0117s :<\/h3>\n\n\n\n<ul class=\"wp-block-list\">\n<li>Pasirenkama <a href=\"https:\/\/obera.fr\/lt\/produits\/atex\/\" data-type=\"page\" data-id=\"372\">ATEX<\/a> versija ;<\/li>\n\n\n\n<li>Galima \u012fsigyti i\u0161 ner\u016bdijan\u010dio plieno.<\/li>\n<\/ul>\n<\/div>\n<\/div>\n\n<div class=\"wp-block-buttons is-content-justification-center is-layout-flex wp-container-core-buttons-is-layout-a89b3969 wp-block-buttons-is-layout-flex\">\n<div class=\"wp-block-button\"><a class=\"wp-block-button__link wp-element-button\" href=\"https:\/\/obera.fr\/lt\/contact\/\">I\u0160BANDYTI NA 2.2 DULKI\u0172 SURINKTUV\u0104<\/a><\/div>\n<\/div>\n\n<div style=\"height:25px\" aria-hidden=\"true\" class=\"wp-block-spacer\"><\/div>\n\n<h2 class=\"wp-block-heading\">Kiti &#8222;OberA&#8221; prek\u0117s \u017eenklo mobilieji dulki\u0173 siurbliai<\/h2>\n\n<div class=\"wp-block-columns is-layout-flex wp-container-core-columns-is-layout-28f84493 wp-block-columns-is-layout-flex\">\n<div class=\"wp-block-column is-layout-flow wp-block-column-is-layout-flow\">\n<figure class=\"wp-block-image aligncenter size-medium\"><a href=\"https:\/\/obera.fr\/produits\/depoussiereurs-industriels\/mobiles\/srf-k\/\"><img decoding=\"async\" width=\"300\" height=\"300\" src=\"https:\/\/obera.fr\/wp-content\/uploads\/2020\/10\/SRF-K-SF-300x300.png\" alt=\"Srf K Sf\" class=\"wp-image-1309\" srcset=\"https:\/\/obera.fr\/wp-content\/uploads\/2020\/10\/SRF-K-SF-300x300.png 300w, https:\/\/obera.fr\/wp-content\/uploads\/2020\/10\/SRF-K-SF-150x150.png 150w, https:\/\/obera.fr\/wp-content\/uploads\/2020\/10\/SRF-K-SF.png 600w\" sizes=\"(max-width: 300px) 100vw, 300px\" \/><\/a><figcaption class=\"wp-element-caption\">SRF-K<\/figcaption><\/figure>\n<\/div>\n\n\n\n<div class=\"wp-block-column is-layout-flow wp-block-column-is-layout-flow\">\n<figure class=\"wp-block-image aligncenter size-medium\"><a href=\"https:\/\/obera.fr\/produits\/depoussiereurs-industriels\/mobiles\/aspiration-poussiere-dustomat-10\/\"><img decoding=\"async\" width=\"300\" height=\"300\" src=\"https:\/\/obera.fr\/wp-content\/uploads\/2020\/10\/extracteur-poussiere-mobile-DUSTOMAT-10-300x300.png\" alt=\"&quot;Dustomat 10&quot; mobilusis dulki&#x173; siurblys\" class=\"wp-image-1306\" srcset=\"https:\/\/obera.fr\/wp-content\/uploads\/2020\/10\/extracteur-poussiere-mobile-DUSTOMAT-10-300x300.png 300w, https:\/\/obera.fr\/wp-content\/uploads\/2020\/10\/extracteur-poussiere-mobile-DUSTOMAT-10-150x150.png 150w, https:\/\/obera.fr\/wp-content\/uploads\/2020\/10\/extracteur-poussiere-mobile-DUSTOMAT-10.png 600w\" sizes=\"(max-width: 300px) 100vw, 300px\" \/><\/a><figcaption class=\"wp-element-caption\">DUSTOMAT 10<\/figcaption><\/figure>\n<\/div>\n\n\n\n<div class=\"wp-block-column is-layout-flow wp-block-column-is-layout-flow\">\n<figure class=\"wp-block-image aligncenter size-medium\"><a href=\"https:\/\/obera.fr\/produits\/depoussiereurs-industriels\/mobiles\/extracteur-poussiere-pulverulente-dustomat-16m\/\"><img decoding=\"async\" width=\"300\" height=\"300\" src=\"https:\/\/obera.fr\/wp-content\/uploads\/2020\/10\/extracteur-poussiere-pulverulente-DUSTOMAT-16-300x300.png\" alt=\"Pulverulentinis dulki&#x173; siurblys Dustomat 16\" class=\"wp-image-1307\" srcset=\"https:\/\/obera.fr\/wp-content\/uploads\/2020\/10\/extracteur-poussiere-pulverulente-DUSTOMAT-16-300x300.png 300w, https:\/\/obera.fr\/wp-content\/uploads\/2020\/10\/extracteur-poussiere-pulverulente-DUSTOMAT-16-150x150.png 150w, https:\/\/obera.fr\/wp-content\/uploads\/2020\/10\/extracteur-poussiere-pulverulente-DUSTOMAT-16.png 600w\" sizes=\"(max-width: 300px) 100vw, 300px\" \/><\/a><figcaption class=\"wp-element-caption\">DUSTOMAT 16<\/figcaption><\/figure>\n<\/div>\n\n\n\n<div class=\"wp-block-column is-layout-flow wp-block-column-is-layout-flow\">\n<figure class=\"wp-block-image aligncenter size-medium\"><a href=\"https:\/\/obera.fr\/produits\/depoussiereurs-industriels\/mobiles\/extracteur-poussiere-dustomat-4\/\"><img decoding=\"async\" width=\"300\" height=\"300\" src=\"https:\/\/obera.fr\/wp-content\/uploads\/2023\/02\/dustomat-4-300x300.png\" alt=\"&quot;Dustomat 4&quot; dulki&#x173; siurblys\" class=\"wp-image-19008\" srcset=\"https:\/\/obera.fr\/wp-content\/uploads\/2023\/02\/dustomat-4-300x300.png 300w, https:\/\/obera.fr\/wp-content\/uploads\/2023\/02\/dustomat-4-150x150.png 150w, https:\/\/obera.fr\/wp-content\/uploads\/2023\/02\/dustomat-4.png 500w\" sizes=\"(max-width: 300px) 100vw, 300px\" \/><\/a><figcaption class=\"wp-element-caption\">Dustomat 4<\/figcaption><\/figure>\n<\/div>\n<\/div>\n\n<div class=\"wp-block-columns is-layout-flex wp-container-core-columns-is-layout-28f84493 wp-block-columns-is-layout-flex\">\n<div class=\"wp-block-column is-layout-flow wp-block-column-is-layout-flow\">\n<figure class=\"wp-block-image aligncenter size-medium is-resized\"><a href=\"https:\/\/obera.fr\/produits\/depoussiereurs-industriels\/mobiles\/extracteur-de-poussiere-dustomat-dry\/#more-24274\"><img decoding=\"async\" width=\"300\" height=\"300\" src=\"https:\/\/obera.fr\/wp-content\/uploads\/2023\/09\/dustomat-dry-300x300.png\" alt=\"dustomat sausas\" class=\"wp-image-24355\" style=\"width:auto;height:250px\" srcset=\"https:\/\/obera.fr\/wp-content\/uploads\/2023\/09\/dustomat-dry-300x300.png 300w, https:\/\/obera.fr\/wp-content\/uploads\/2023\/09\/dustomat-dry-150x150.png 150w, https:\/\/obera.fr\/wp-content\/uploads\/2023\/09\/dustomat-dry.png 320w\" sizes=\"(max-width: 300px) 100vw, 300px\" \/><\/a><figcaption class=\"wp-element-caption\">DUSTOMAT DRY<\/figcaption><\/figure>\n<\/div>\n\n\n\n<div class=\"wp-block-column is-layout-flow wp-block-column-is-layout-flow\"><\/div>\n<\/div>\n","protected":false},"excerpt":{"rendered":"<p>Atraskite NA 2.2 dr\u0117gnojo dulki\u0173 siurblio NA 2.2, skirto siurbti j\u016bs\u0173 dirbtuv\u0117se susidaran\u010dioms lipnioms med\u017eiagoms ir dulk\u0117ms, turin\u010dioms pjautuvo efekt\u0105. NA 2.2 \u0161lapi\u0173 dulki\u0173 surink\u0117jas: veikimas ir naudojimas Dr\u0117gnuosiuose dulki\u0173 surinktuvuose naudojama filtravimo sistema pagr\u012fsta i\u0161centrin\u0117s j\u0117gos principu, o filtravimo terp\u0117 &#8211; vanduo. Prakti\u0161kai oras su smulkiomis dalel\u0117mis ir dulk\u0117mis yra surenkamas \u012f dulki\u0173 surinktuv\u0105 \u012fmontuotu ventiliatoriumi. Tada oras per purk\u0161tukus prisotinamas vandeniu, kuris aglomeruoja dulkes ir leid\u017eia jas lengviau surinkti. Norint atskirti daleles, oras ir vanduo sukasi dideliu grei\u010diu, kad jos atsitrenkt\u0173 \u012f dulki\u0173 surinktuvo sienel\u0119 (s\u016bkurio principas). \u0160varus oras i\u0161traukiamas ir i\u0161leid\u017eiamas \u012f atmosfer\u0105 i\u0161centriniu i\u0161traukimo ventiliatoriumi. Idealiai &#8230; <\/p>\n<p class=\"read-more-container\"><a title=\"NA 2.2: mobilusis dr\u0117gnasis dulki\u0173 surinktuvas\" class=\"read-more button\" href=\"https:\/\/obera.fr\/lt\/produits\/depoussiereurs-industriels\/mobiles\/na-2-2-depoussiereur-a-voie-humide\/#more-44208\" aria-label=\"Read more about NA 2.2: mobilusis dr\u0117gnasis dulki\u0173 surinktuvas\">Lire la suite<\/a><\/p>\n","protected":false},"author":4,"featured_media":83744,"parent":46873,"menu_order":0,"comment_status":"closed","ping_status":"closed","template":"","meta":{"_acf_changed":false,"_seopress_robots_primary_cat":"","_seopress_titles_title":"","_seopress_titles_desc":"","_seopress_robots_index":"","footnotes":""},"class_list":{"0":"post-44208","1":"page","2":"type-page","3":"status-publish","4":"has-post-thumbnail","6":"no-featured-image-padding","7":"resize-featured-image"},"acf":[],"_links":{"self":[{"href":"https:\/\/obera.fr\/lt\/wp-json\/wp\/v2\/pages\/44208","targetHints":{"allow":["GET"]}}],"collection":[{"href":"https:\/\/obera.fr\/lt\/wp-json\/wp\/v2\/pages"}],"about":[{"href":"https:\/\/obera.fr\/lt\/wp-json\/wp\/v2\/types\/page"}],"author":[{"embeddable":true,"href":"https:\/\/obera.fr\/lt\/wp-json\/wp\/v2\/users\/4"}],"replies":[{"embeddable":true,"href":"https:\/\/obera.fr\/lt\/wp-json\/wp\/v2\/comments?post=44208"}],"version-history":[{"count":7,"href":"https:\/\/obera.fr\/lt\/wp-json\/wp\/v2\/pages\/44208\/revisions"}],"predecessor-version":[{"id":117274,"href":"https:\/\/obera.fr\/lt\/wp-json\/wp\/v2\/pages\/44208\/revisions\/117274"}],"up":[{"embeddable":true,"href":"https:\/\/obera.fr\/lt\/wp-json\/wp\/v2\/pages\/46873"}],"wp:featuredmedia":[{"embeddable":true,"href":"https:\/\/obera.fr\/lt\/wp-json\/wp\/v2\/media\/83744"}],"wp:attachment":[{"href":"https:\/\/obera.fr\/lt\/wp-json\/wp\/v2\/media?parent=44208"}],"curies":[{"name":"wp","href":"https:\/\/api.w.org\/{rel}","templated":true}]}}