{"id":44999,"date":"2024-04-05T22:55:29","date_gmt":"2024-04-05T20:55:29","guid":{"rendered":"https:\/\/obera.fr\/w2-xr-pramoninis-dulkiu-siurblys\/"},"modified":"2025-06-03T10:13:49","modified_gmt":"2025-06-03T08:13:49","slug":"w2-xr-atex-22","status":"publish","type":"page","link":"https:\/\/obera.fr\/lt\/produits\/aspirateurs-industriels\/w2-xr-atex-22\/","title":{"rendered":"W2 XR pramoninis dulki\u0173 siurblys"},"content":{"rendered":"\n<p>Atraskite pramonin\u012f dulki\u0173 siurbl\u012f W2 XR, skirt\u0105 sprogimui atspariam kiet\u0173j\u0173 med\u017eiag\u0173 ir skys\u010di\u0173 siurbimui. Kompakti\u0161ka, mobili, didelio na\u0161umo \u012franga, ma\u017einanti u\u017esiliepsnojimo ir sprogimo rizik\u0105 j\u016bs\u0173 gamybos \u012frenginiuose.<\/p>\n\n\n\n<h2 class=\"wp-block-heading\">W2 XR pramoninis dulki\u0173 siurblys su ATEX 22 zonos sertifikatu: principas ir taikymas<\/h2>\n\n\n\n<div class=\"wp-block-columns is-layout-flex wp-container-core-columns-is-layout-28f84493 wp-block-columns-is-layout-flex\">\n<div class=\"wp-block-column is-layout-flow wp-block-column-is-layout-flow\" style=\"flex-basis:33.33%\">\n<figure class=\"wp-block-image size-full is-resized\"><img decoding=\"async\" width=\"566\" height=\"671\" src=\"https:\/\/obera.fr\/wp-content\/uploads\/2024\/10\/w2-xr-2.png\" alt=\"Pramoniniai dulki\u0173 siurbliai\" class=\"wp-image-35431\" style=\"object-fit:cover;width:300px;height:300px\" srcset=\"https:\/\/obera.fr\/wp-content\/uploads\/2024\/10\/w2-xr-2.png 566w, https:\/\/obera.fr\/wp-content\/uploads\/2024\/10\/w2-xr-2-253x300.png 253w\" sizes=\"(max-width: 566px) 100vw, 566px\" \/><\/figure>\n<\/div>\n\n\n\n<div class=\"wp-block-column is-layout-flow wp-block-column-is-layout-flow\" style=\"flex-basis:66.66%\">\n<p><strong>\u0160lapias ir sausas pramoninis dulki\u0173 siurblys W2 XR<\/strong> skirtas siurbti sprogimui atsparias kiet\u0105sias med\u017eiagas ir skys\u010dius. Jo konstrukcija suprojektuota taip, kad d\u0117l antistatinio poliesterio mai\u0161elio filtro (filtro bloko apsauga) nesikaupt\u0173 statin\u0117 elektra. Kad \u012frenginys neperkaist\u0173, jame sumontuotas vienfazis be\u0161epet\u0117linis variklis, kuris generuoja ma\u017eiau \u0161ilumos ir trinties nei \u0161epe\u010di\u0173 variklis. \u0160i konstrukcija visi\u0161kai atitinka 22 klas\u0117s zonoms taikomas ATEX taisykles.   <\/p>\n\n\n\n<p>Kokioms reikm\u0117ms? W2 XR serija kalibruota siekiant suma\u017einti rizik\u0105 sprogioje aplinkoje: chemijos gamybos \u012fmon\u0117se, maisto perdirbimo \u012fmon\u0117se, medienos gamybos \u012fmon\u0117se, metalo gamybos \u012fmon\u0117se, energijos gamybos \u012fmon\u0117se ir t. t. Pramoninis dulki\u0173 siurblys W2 XR atitinka vis\u0173 tip\u0173 pramon\u0117s \u0161ak\u0173, kuriose susidaro degi\u0173 dulki\u0173, taip pat kenksming\u0173 operatori\u0173 sveikatai, reikalavimus. <\/p>\n\n\n\n<div class=\"wp-block-columns is-layout-flex wp-container-core-columns-is-layout-28f84493 wp-block-columns-is-layout-flex\">\n<div class=\"wp-block-column is-layout-flow wp-block-column-is-layout-flow\">\n<div class=\"wp-block-buttons is-layout-flex wp-block-buttons-is-layout-flex\">\n<div class=\"wp-block-button\"><a class=\"wp-block-button__link wp-element-button\" href=\"https:\/\/obera.fr\/wp-content\/uploads\/2025\/06\/brochure-w2-xr-en.pdf\">ATSISI\u0172STI BRO\u0160I\u016aR\u0104<\/a><\/div>\n<\/div>\n<\/div>\n\n\n\n<div class=\"wp-block-column is-layout-flow wp-block-column-is-layout-flow\">\n<div class=\"wp-block-buttons is-layout-flex wp-block-buttons-is-layout-flex\">\n<div class=\"wp-block-button\"><a class=\"wp-block-button__link wp-element-button\" href=\"https:\/\/obera.fr\/contact\/\">REIKIA ASMENINIO PATARIMO?<\/a><\/div>\n<\/div>\n<\/div>\n\n\n\n<div class=\"wp-block-column is-layout-flow wp-block-column-is-layout-flow\">\n<div class=\"wp-block-buttons is-content-justification-center is-layout-flex wp-container-core-buttons-is-layout-a89b3969 wp-block-buttons-is-layout-flex\">\n<div class=\"wp-block-button btn-devis-source\"><a class=\"wp-block-button__link wp-element-button\" href=\"https:\/\/obera.fr\/lt\/devis\/\">Pra\u0161yti citatos<\/a><\/div>\n<\/div>\n\n\n<script>\r\ndocument.addEventListener('DOMContentLoaded', function() {\r\n    \/\/ 1. On cherche le titre H1 de la page\r\n    var h1 = document.querySelector('h1');\r\n    var productTitle = h1 ? h1.innerText.trim() : \"\";\r\n\r\n    \/\/ 2. On cherche les boutons via la classe CSS .btn-devis-source\r\n    var buttons = document.querySelectorAll('.btn-devis-source a');\r\n\r\n    \/\/ 3. Si on a le titre et les boutons, on ajoute le param\u00e8tre\r\n    if (buttons.length > 0 && productTitle !== \"\") {\r\n        var encodedTitle = encodeURIComponent(productTitle);\r\n\r\n        buttons.forEach(function(btn) {\r\n            var currentHref = btn.getAttribute('href');\r\n            \r\n            \/\/ S\u00e9curit\u00e9 pour ne pas ajouter le param\u00e8tre 2 fois\r\n            if (currentHref.indexOf('sujet=') === -1) {\r\n                var separator = currentHref.indexOf('?') !== -1 ? '&' : '?';\r\n                var newLink = currentHref + separator + 'sujet=' + encodedTitle;\r\n                \r\n                btn.setAttribute('href', newLink);\r\n            }\r\n        });\r\n    }\r\n});\r\n<\/script><\/div>\n<\/div>\n<\/div>\n<\/div>\n\n\n\n<h2 class=\"wp-block-heading\">Kokios yra pramoninio dulki\u0173 siurblio W2 XR technin\u0117s specifikacijos?<\/h2>\n\n\n\n<p>Pramoninis dulki\u0173 siurblys W2 XR sukuria iki 215 m3\/h oro sraut\u0105, o jo galia siekia 1,1 kW, tod\u0117l jis pasi\u017eymi dideliu siurbimo paj\u0117gumu. Jame sumontuota vertikalaus poslinkio valymo sistema, u\u017etikrinanti lengv\u0105 valym\u0105 ir maksimal\u0173 tarnavimo laik\u0105. <a href=\"https:\/\/obera.fr\/lt\/produits\/aspirateurs-industriels\/\" data-type=\"page\" data-id=\"41\">Siurblys<\/a> turi 40 l talpykl\u0105 ir nuimam\u0105 i\u0161tu\u0161tinimo sistem\u0105, skirt\u0105 \u0161iuk\u0161liad\u0117\u017eei perkelti \u012f atliek\u0173 \u0161alinimo viet\u0105. Kad atitikt\u0173 vis\u0173 pramon\u0117s \u0161ak\u0173 reikalavimus, siurbimo, filtravimo ir surinkimo \u012frenginiai pagaminti i\u0161 ner\u016bdijan\u010dio plieno.  <\/p>\n\n\n\n<p>\u012esiurbimo \u012frenginio viduje yra garso izoliacija, o filtro blokas apsaugotas antistatiniu poliesterio mai\u0161elio filtru. Siurbimo sistema turi 50 skersmens \u012fsiurbimo ang\u0105, esan\u010di\u0105 po filtru, tod\u0117l vienu metu gali siurbti dulkes, kiet\u0105sias daleles ir skys\u010dius.<\/p>\n\n\n\n<p>Priedas valymo profesionalams: dulki\u0173 siurblys komplektuojamas su tokiais priedais kaip lanksti siurbimo \u017earna, teleskopin\u0117 lazdel\u0117, \u0161epe\u010diai ir siaurinimo \u012frankis.<\/p>\n\n\n\n<blockquote class=\"wp-block-quote is-layout-flow wp-block-quote-is-layout-flow\">\n<p>Kokios yra galimyb\u0117s? W2 XR dulki\u0173 siurblio ATEX versija turi daugyb\u0119 galimybi\u0173, atitinkan\u010di\u0173 j\u016bs\u0173 poreikius: Nomex filtras (atsparus kar\u0161\u010diui iki 250\u00b0), \u201eHepa H14\u201c absoliutus filtras, pried\u0173 krep\u0161elis, M klas\u0117s filtras, M PTFE filtras, M vanden\u012f izoliuojantis teflonas, L ir M antistatin\u0117 klas\u0117, ner\u016bdijan\u010dio plieno konteineris ir filtro kamera, \u012f\u017eeminimas. Kreipkit\u0117s \u012f m\u016bs\u0173 komand\u0105 ir papra\u0161ykite patarimo d\u0117l tinkamiausi\u0173 j\u016bs\u0173 pramon\u0117s \u0161akos galimybi\u0173.<\/p>\n<\/blockquote>\n\n\n\n<h3 class=\"wp-block-heading has-text-align-center\">PRAMON\u0116S \u0160AKOS<\/h3>\n\n\n\n<div class=\"wp-block-columns is-layout-flex wp-container-core-columns-is-layout-28f84493 wp-block-columns-is-layout-flex\">\n<div class=\"wp-block-column is-layout-flow wp-block-column-is-layout-flow\">\n<hr class=\"wp-block-separator has-alpha-channel-opacity\"\/>\n\n\n\n<div class=\"wp-block-columns is-layout-flex wp-container-core-columns-is-layout-28f84493 wp-block-columns-is-layout-flex\">\n<div class=\"wp-block-column is-layout-flow wp-block-column-is-layout-flow\">\n<figure class=\"wp-block-image aligncenter size-thumbnail is-resized\"><img decoding=\"async\" width=\"150\" height=\"150\" src=\"https:\/\/obera.fr\/wp-content\/uploads\/2022\/02\/Textile-150x150.png\" alt=\"tekstil\u0117\" class=\"wp-image-8855\"\/><figcaption class=\"wp-element-caption\">Tekstil\u0117<\/figcaption><\/figure>\n\n\n\n<figure class=\"wp-block-image aligncenter size-thumbnail is-resized\"><img decoding=\"async\" width=\"150\" height=\"150\" src=\"https:\/\/obera.fr\/wp-content\/uploads\/2022\/02\/Plastique-150x150.png\" alt=\"plastikinis\" class=\"wp-image-8854\"\/><figcaption class=\"wp-element-caption\">Plastikinis<\/figcaption><\/figure>\n<\/div>\n\n\n\n<div class=\"wp-block-column is-layout-flow wp-block-column-is-layout-flow\">\n<figure class=\"wp-block-image aligncenter size-thumbnail is-resized\"><img decoding=\"async\" width=\"150\" height=\"150\" src=\"https:\/\/obera.fr\/wp-content\/uploads\/2022\/02\/MINERAIS-150x150.png\" alt=\"r\u016bdos\" class=\"wp-image-8847\"\/><figcaption class=\"wp-element-caption\">Mineralai<\/figcaption><\/figure>\n\n\n\n<figure class=\"wp-block-image aligncenter size-thumbnail is-resized\"><img decoding=\"async\" width=\"150\" height=\"150\" src=\"https:\/\/obera.fr\/wp-content\/uploads\/2022\/02\/Metalurgie-150x150.png\" alt=\"metalurgija\" class=\"wp-image-8857\"\/><figcaption class=\"wp-element-caption\">Metalurgija<\/figcaption><\/figure>\n\n\n\n<figure class=\"wp-block-image aligncenter size-thumbnail is-resized\"><img decoding=\"async\" width=\"150\" height=\"150\" src=\"https:\/\/obera.fr\/wp-content\/uploads\/2023\/02\/sans-titre-2023-02-14t102211.641-150x150.png\" alt=\"\u017dem\u0117s \u016bkis\" class=\"wp-image-18828\"\/><figcaption class=\"wp-element-caption\">\u017dem\u0117s \u016bkis<\/figcaption><\/figure>\n<\/div>\n<\/div>\n<\/div>\n\n\n\n<div class=\"wp-block-column is-layout-flow wp-block-column-is-layout-flow\">\n<hr class=\"wp-block-separator has-alpha-channel-opacity\"\/>\n\n\n\n<div class=\"wp-block-columns is-layout-flex wp-container-core-columns-is-layout-28f84493 wp-block-columns-is-layout-flex\">\n<div class=\"wp-block-column is-layout-flow wp-block-column-is-layout-flow\">\n<figure class=\"wp-block-image aligncenter size-thumbnail is-resized\"><img decoding=\"async\" width=\"150\" height=\"150\" src=\"https:\/\/obera.fr\/wp-content\/uploads\/2022\/02\/Chimie-150x150.png\" alt=\"chemija\" class=\"wp-image-8846\"\/><figcaption class=\"wp-element-caption\">Chemija<\/figcaption><\/figure>\n\n\n\n<figure class=\"wp-block-image aligncenter size-thumbnail is-resized\"><img decoding=\"async\" width=\"150\" height=\"150\" src=\"https:\/\/obera.fr\/wp-content\/uploads\/2022\/02\/Travail-du-bois-150x150.png\" alt=\"med\u017eio apdirbimas\" class=\"wp-image-8856\"\/><figcaption class=\"wp-element-caption\">Medienos apdirbimas<\/figcaption><\/figure>\n\n\n\n<figure class=\"wp-block-image aligncenter size-thumbnail is-resized\"><img decoding=\"async\" width=\"150\" height=\"150\" src=\"https:\/\/obera.fr\/wp-content\/uploads\/2023\/02\/sans-titre-2023-02-14t101920.185-150x150.png\" alt=\"Aviacija\" class=\"wp-image-18831\"\/><figcaption class=\"wp-element-caption\">Aviacija<\/figcaption><\/figure>\n<\/div>\n\n\n\n<div class=\"wp-block-column is-layout-flow wp-block-column-is-layout-flow\">\n<figure class=\"wp-block-image aligncenter size-thumbnail is-resized\"><img decoding=\"async\" width=\"150\" height=\"150\" src=\"https:\/\/obera.fr\/wp-content\/uploads\/2022\/02\/AGROALIMENTAIRE-150x150.png\" alt=\"\u017eem\u0117s \u016bkio ir maisto produkt\u0173\" class=\"wp-image-8844\"\/><figcaption class=\"wp-element-caption\">Maisto pramon\u0117<\/figcaption><\/figure>\n\n\n\n<figure class=\"wp-block-image aligncenter size-thumbnail is-resized\"><img decoding=\"async\" width=\"150\" height=\"150\" src=\"https:\/\/obera.fr\/wp-content\/uploads\/2022\/02\/Papier-carton-150x150.png\" alt=\"popierius ir kartonas\" class=\"wp-image-8853\"\/><figcaption class=\"wp-element-caption\">Popierius \/ kartonas<\/figcaption><\/figure>\n\n\n\n<figure class=\"wp-block-image aligncenter size-thumbnail is-resized\"><img decoding=\"async\" width=\"150\" height=\"150\" src=\"https:\/\/obera.fr\/wp-content\/uploads\/2023\/02\/sans-titre-2023-02-14t101712.416-150x150.png\" alt=\"Automobiliai\" class=\"wp-image-18834\"\/><figcaption class=\"wp-element-caption\">Automobiliai<\/figcaption><\/figure>\n<\/div>\n<\/div>\n<\/div>\n<\/div>\n\n\n\n<table id=\"tablepress-198\" class=\"tablepress tablepress-id-198\">\n<tbody class=\"row-striping row-hover\">\n<tr class=\"row-1\">\n\t<td class=\"column-1\">Zones ATEX<\/td><td class=\"column-2\"><\/td><td class=\"column-3\">22<\/td>\n<\/tr>\n<tr class=\"row-2\">\n\t<td class=\"column-1\">Marquage<\/td><td class=\"column-2\"><\/td><td class=\"column-3\">EX II 3D Ex tc IIIB T135\u00b0C X Dc<\/td>\n<\/tr>\n<tr class=\"row-3\">\n\t<td class=\"column-1\">Tension<\/td><td class=\"column-2\">V-HZ<\/td><td class=\"column-3\">230<\/td>\n<\/tr>\n<tr class=\"row-4\">\n\t<td class=\"column-1\">Puissance<\/td><td class=\"column-2\">kW<\/td><td class=\"column-3\">1.1<\/td>\n<\/tr>\n<tr class=\"row-5\">\n\t<td class=\"column-1\">Protection \u00e9lectrique<\/td><td class=\"column-2\">IP<\/td><td class=\"column-3\">55<\/td>\n<\/tr>\n<tr class=\"row-6\">\n\t<td class=\"column-1\">D\u00e9pression maximum<\/td><td class=\"column-2\">Pa<\/td><td class=\"column-3\">2.250 Pa<\/td>\n<\/tr>\n<tr class=\"row-7\">\n\t<td class=\"column-1\">D\u00e9bit d\u2019air max<\/td><td class=\"column-2\">m3\/h<\/td><td class=\"column-3\">215<\/td>\n<\/tr>\n<tr class=\"row-8\">\n\t<td class=\"column-1\">Diam\u00e8tre embouchure<\/td><td class=\"column-2\">mm<\/td><td class=\"column-3\">50<\/td>\n<\/tr>\n<tr class=\"row-9\">\n\t<td class=\"column-1\">Type de filtre<\/td><td class=\"column-2\"><\/td><td class=\"column-3\">\u00c0 poches en \u00e9toile<\/td>\n<\/tr>\n<tr class=\"row-10\">\n\t<td class=\"column-1\">Surface<\/td><td class=\"column-2\">cm2<\/td><td class=\"column-3\">20.000<\/td>\n<\/tr>\n<tr class=\"row-11\">\n\t<td class=\"column-1\">Syst\u00e8me de nettoyage<\/td><td class=\"column-2\"><\/td><td class=\"column-3\">Manuel<\/td>\n<\/tr>\n<tr class=\"row-12\">\n\t<td class=\"column-1\">Bac de r\u00e9colte<\/td><td class=\"column-2\"><\/td><td class=\"column-3\">Acier<\/td>\n<\/tr>\n<tr class=\"row-13\">\n\t<td class=\"column-1\">Syst\u00e8me de vidange<\/td><td class=\"column-2\"><\/td><td class=\"column-3\">Bac d\u00e9crochable<\/td>\n<\/tr>\n<tr class=\"row-14\">\n\t<td class=\"column-1\">Capacit\u00e9<\/td><td class=\"column-2\">litre<\/td><td class=\"column-3\">40<\/td>\n<\/tr>\n<tr class=\"row-15\">\n\t<td class=\"column-1\">Dimensions<\/td><td class=\"column-2\">cm<\/td><td class=\"column-3\">55x63x124<\/td>\n<\/tr>\n<\/tbody>\n<\/table>\n\n\n\n\n<div class=\"wp-block-buttons is-content-justification-center is-layout-flex wp-container-core-buttons-is-layout-a89b3969 wp-block-buttons-is-layout-flex\">\n<div class=\"wp-block-button\"><a class=\"wp-block-button__link wp-element-button\" href=\"https:\/\/obera.fr\/wp-content\/uploads\/2024\/04\/obera_brochure-w2-xr-fr.pdf\">ATSISI\u0172STI GAMINIO DUOMEN\u0172 LAP\u0104<\/a><\/div>\n<\/div>\n\n\n\n<h2 class=\"wp-block-heading\">W2 XR dulki\u0173 siurblys: kompakti\u0161ko, didelio filtravimo dulki\u0173 siurblio privalumai<\/h2>\n\n\n\n<p>W2 XR pramoninis siurblys pasi\u017eymi visais W2 serijos privalumais, t. y. dideliu mobilumu, kad operatoriams b\u016bt\u0173 lengva ir patogu juo naudotis. Aplink varikl\u012f \u012frengta gars\u0105 sugerianti danga, kad b\u016bt\u0173 kuo labiau suma\u017eintas triuk\u0161mas ir netrukdyt\u0173 \u012fgulos nariams.  <\/p>\n\n\n\n<p>Akivaizdu, kad pramonininkams svarbiausias kriterijus yra jo universalumas, nes dr\u0117gno ir sauso valymo technologija ir atitiktis ATEX reikalavimams rei\u0161kia, kad jis gali apdoroti dulkes, kiet\u0105sias med\u017eiagas ir sprogimui atsparius skys\u010dius. Be to, j\u012f lengva pri\u017ei\u016br\u0117ti d\u0117l \u012fmontuoto filtro kratytuvo, kuris palengvina valym\u0105. Operatoriui tereikia \u012fjungti kratytuvo svirt\u012f, kad akimirksniu b\u016bt\u0173 atliktas rankinis valymas.<\/p>\n\n\n\n<p>Galiausiai, pagrindinis W2 XR serijos privalumas &#8211; ATEX 22 zonos sertifikatas. Naudodami \u0161\u012f pramonin\u012f dulki\u0173 siurbl\u012f \u012fvykdysite atitikties reikalavimus. Naudoti ATEX 22 zonos sertifikuot\u0105 dulki\u0173 siurbl\u012f b\u016btina, kad u\u017etikrintum\u0117te savo darbuotoj\u0173 ir savo turto saugum\u0105.  <\/p>\n\n\n\n<div class=\"wp-block-columns is-layout-flex wp-container-core-columns-is-layout-28f84493 wp-block-columns-is-layout-flex\">\n<div class=\"wp-block-column is-layout-flow wp-block-column-is-layout-flow\" style=\"flex-basis:33.34%\">\n<h3 class=\"wp-block-heading\">Privalumai :<\/h3>\n\n\n\n<ul class=\"wp-block-list\">\n<li>Kompakti\u0161kas ir mobilus dulki\u0173 siurblys;<\/li>\n\n\n\n<li>ma\u017eesn\u0117 alergij\u0173 ir kv\u0117pavimo tak\u0173 lig\u0173 rizika;<\/li>\n\n\n\n<li>Atitinka ATEX taisykli\u0173 reikalavimus.<\/li>\n<\/ul>\n<\/div>\n\n\n\n<div class=\"wp-block-column is-layout-flow wp-block-column-is-layout-flow\" style=\"flex-basis:33.34%\">\n<h3 class=\"wp-block-heading\">Specialiosios funkcijos:<\/h3>\n\n\n\n<ul class=\"wp-block-list\">\n<li>ATEX 22 zonos reikalavimus atitinkantis, sprogimui atsparus daleli\u0173, kiet\u0173j\u0173 daleli\u0173 ir skys\u010di\u0173 siurbimas.<\/li>\n<\/ul>\n<\/div>\n\n\n\n<div class=\"wp-block-column is-layout-flow wp-block-column-is-layout-flow\" style=\"flex-basis:33.33%\">\n<h3 class=\"wp-block-heading\">Savyb\u0117s :<\/h3>\n\n\n\n<ul class=\"wp-block-list\">\n<li>Antistatinis poliesterio mai\u0161elio filtras;<\/li>\n\n\n\n<li>Vienfazis be\u0161epet\u0117linis variklis ;<\/li>\n\n\n\n<li>U\u017esikim\u0161imo sistema su indikatoriumi.<\/li>\n<\/ul>\n<\/div>\n<\/div>\n\n\n\n<h2 class=\"wp-block-heading\">Vis dar abejojate d\u0117l W2 XR dulki\u0173 siurblio efektyvumo j\u016bs\u0173 pramon\u0117je?<\/h2>\n\n\n\n<p>&#8222;OberA&#8221; \u017eino, kad sprogimo pavojaus lygis 22 zonoje priklauso nuo daugelio veiksni\u0173: dulki\u0173 r\u016b\u0161ies, kiekio, u\u017esiliepsnojimo \u0161altini\u0173 ir t. t. Nor\u0117dami priimti tinkam\u0105 i\u0161traukimo sprendim\u0105, atliekame diagnostik\u0105 j\u016bs\u0173 dirbtuv\u0117se ir si\u016blome i\u0161bandyti \u012frang\u0105 su galimybe j\u0105 \u012fsigyti.<\/p>\n\n\n\n<div class=\"wp-block-buttons is-content-justification-center is-layout-flex wp-container-core-buttons-is-layout-a89b3969 wp-block-buttons-is-layout-flex\">\n<div class=\"wp-block-button\"><a class=\"wp-block-button__link wp-element-button\" href=\"https:\/\/obera.fr\/lt\/contact\/\">I\u0160BANDYTI DULKI\u0172 SIURBL\u012e W2 XR<\/a><\/div>\n<\/div>\n\n\n\n<h2 class=\"wp-block-heading\">Kiti pramoniniai dulki\u0173 siurbliai<\/h2>\n\n\n\n<div class=\"wp-block-columns is-layout-flex wp-container-core-columns-is-layout-28f84493 wp-block-columns-is-layout-flex\">\n<div class=\"wp-block-column is-layout-flow wp-block-column-is-layout-flow\">\n<figure class=\"wp-block-image aligncenter size-full is-resized\"><a href=\"https:\/\/obera.fr\/produits\/aspirateurs-industriels\/ventilateurs-aspiration-gamme-eurosog-rg-100-800\/\"><img decoding=\"async\" width=\"600\" height=\"600\" src=\"https:\/\/obera.fr\/wp-content\/uploads\/2024\/04\/obera-ventilateur-aspiration-rg-300-400.jpg\" alt=\"&quot;obera&quot; siurbimo ventiliatorius rg 300 400\" class=\"wp-image-29437\" style=\"width:349px;height:auto\" srcset=\"https:\/\/obera.fr\/wp-content\/uploads\/2024\/04\/obera-ventilateur-aspiration-rg-300-400.jpg 600w, https:\/\/obera.fr\/wp-content\/uploads\/2024\/04\/obera-ventilateur-aspiration-rg-300-400-300x300.jpg 300w, https:\/\/obera.fr\/wp-content\/uploads\/2024\/04\/obera-ventilateur-aspiration-rg-300-400-150x150.jpg 150w\" sizes=\"(max-width: 600px) 100vw, 600px\" \/><\/a><figcaption class=\"wp-element-caption\">RG 300\/400<\/figcaption><\/figure>\n<\/div>\n\n\n\n<div class=\"wp-block-column is-layout-flow wp-block-column-is-layout-flow\">\n<figure class=\"wp-block-image aligncenter size-full is-resized\"><a href=\"https:\/\/obera.fr\/produits\/aspirateurs-industriels\/w2-haute-filtration-polyvalence\/\"><img decoding=\"async\" width=\"711\" height=\"622\" src=\"https:\/\/obera.fr\/wp-content\/uploads\/2024\/10\/w2.png\" alt=\"Pramoniniai dulki\u0173 siurbliai\" class=\"wp-image-35424\" style=\"object-fit:cover;width:300px;height:300px\" srcset=\"https:\/\/obera.fr\/wp-content\/uploads\/2024\/10\/w2.png 711w, https:\/\/obera.fr\/wp-content\/uploads\/2024\/10\/w2-300x262.png 300w\" sizes=\"(max-width: 711px) 100vw, 711px\" \/><\/a><figcaption class=\"wp-element-caption\">W2<\/figcaption><\/figure>\n<\/div>\n\n\n\n<div class=\"wp-block-column is-layout-flow wp-block-column-is-layout-flow\">\n<figure class=\"wp-block-image aligncenter size-full is-resized\"><a href=\"https:\/\/obera.fr\/produits\/aspirateurs-industriels\/w3-pour-nettoyage-general\/\"><img decoding=\"async\" width=\"658\" height=\"652\" src=\"https:\/\/obera.fr\/wp-content\/uploads\/2024\/10\/w3.png\" alt=\"w3\" class=\"wp-image-35427\" style=\"object-fit:cover;width:300px;height:300px\" srcset=\"https:\/\/obera.fr\/wp-content\/uploads\/2024\/10\/w3.png 658w, https:\/\/obera.fr\/wp-content\/uploads\/2024\/10\/w3-300x297.png 300w, https:\/\/obera.fr\/wp-content\/uploads\/2024\/10\/w3-150x150.png 150w, https:\/\/obera.fr\/wp-content\/uploads\/2024\/10\/w3-24x24.png 24w, https:\/\/obera.fr\/wp-content\/uploads\/2024\/10\/w3-48x48.png 48w, https:\/\/obera.fr\/wp-content\/uploads\/2024\/10\/w3-96x96.png 96w\" sizes=\"(max-width: 658px) 100vw, 658px\" \/><\/a><figcaption class=\"wp-element-caption\">W3<\/figcaption><\/figure>\n<\/div>\n<\/div>\n","protected":false},"excerpt":{"rendered":"<p>Atraskite pramonin\u012f dulki\u0173 siurbl\u012f W2 XR, skirt\u0105 sprogimui atspariam kiet\u0173j\u0173 med\u017eiag\u0173 ir skys\u010di\u0173 siurbimui. Kompakti\u0161ka, mobili, didelio na\u0161umo \u012franga, ma\u017einanti u\u017esiliepsnojimo ir sprogimo rizik\u0105 j\u016bs\u0173 gamybos \u012frenginiuose. W2 XR pramoninis dulki\u0173 siurblys su ATEX 22 zonos sertifikatu: principas ir taikymas \u0160lapias ir sausas pramoninis dulki\u0173 siurblys W2 XR skirtas siurbti sprogimui atsparias kiet\u0105sias med\u017eiagas ir skys\u010dius. Jo konstrukcija suprojektuota taip, kad d\u0117l antistatinio poliesterio mai\u0161elio filtro (filtro bloko apsauga) nesikaupt\u0173 statin\u0117 elektra. Kad \u012frenginys neperkaist\u0173, jame sumontuotas vienfazis be\u0161epet\u0117linis variklis, kuris generuoja ma\u017eiau \u0161ilumos ir trinties nei \u0161epe\u010di\u0173 variklis. \u0160i konstrukcija visi\u0161kai atitinka 22 klas\u0117s zonoms taikomas ATEX taisykles. Kokioms &#8230; <\/p>\n<p class=\"read-more-container\"><a title=\"W2 XR pramoninis dulki\u0173 siurblys\" class=\"read-more button\" href=\"https:\/\/obera.fr\/lt\/produits\/aspirateurs-industriels\/w2-xr-atex-22\/#more-44999\" aria-label=\"Read more about W2 XR pramoninis dulki\u0173 siurblys\">Lire la suite<\/a><\/p>\n","protected":false},"author":4,"featured_media":83744,"parent":48504,"menu_order":0,"comment_status":"closed","ping_status":"closed","template":"","meta":{"_acf_changed":false,"_seopress_robots_primary_cat":"","_seopress_titles_title":"Pramoninis dulki\u0173 siurblys W2 XR ATEX 22 oberA","_seopress_titles_desc":"Kompakti\u0161kas ir na\u0161us W2 XR serijos siurblys, skirtas kietoms med\u017eiagoms ir sprogimui atspariems skys\u010diams siurbti. \u012eranga, kuri\u0105 galite i\u0161bandyti su galimybe \u012fsigyti \u201eOberA\u201c d\u0117ka.","_seopress_robots_index":"","footnotes":""},"class_list":{"0":"post-44999","1":"page","2":"type-page","3":"status-publish","4":"has-post-thumbnail","6":"no-featured-image-padding","7":"resize-featured-image"},"acf":[],"_links":{"self":[{"href":"https:\/\/obera.fr\/lt\/wp-json\/wp\/v2\/pages\/44999","targetHints":{"allow":["GET"]}}],"collection":[{"href":"https:\/\/obera.fr\/lt\/wp-json\/wp\/v2\/pages"}],"about":[{"href":"https:\/\/obera.fr\/lt\/wp-json\/wp\/v2\/types\/page"}],"author":[{"embeddable":true,"href":"https:\/\/obera.fr\/lt\/wp-json\/wp\/v2\/users\/4"}],"replies":[{"embeddable":true,"href":"https:\/\/obera.fr\/lt\/wp-json\/wp\/v2\/comments?post=44999"}],"version-history":[{"count":9,"href":"https:\/\/obera.fr\/lt\/wp-json\/wp\/v2\/pages\/44999\/revisions"}],"predecessor-version":[{"id":107181,"href":"https:\/\/obera.fr\/lt\/wp-json\/wp\/v2\/pages\/44999\/revisions\/107181"}],"up":[{"embeddable":true,"href":"https:\/\/obera.fr\/lt\/wp-json\/wp\/v2\/pages\/48504"}],"wp:featuredmedia":[{"embeddable":true,"href":"https:\/\/obera.fr\/lt\/wp-json\/wp\/v2\/media\/83744"}],"wp:attachment":[{"href":"https:\/\/obera.fr\/lt\/wp-json\/wp\/v2\/media?parent=44999"}],"curies":[{"name":"wp","href":"https:\/\/api.w.org\/{rel}","templated":true}]}}