{"id":45160,"date":"2024-04-05T23:01:46","date_gmt":"2024-04-05T21:01:46","guid":{"rendered":"https:\/\/obera.fr\/w3-pramoninis-dulkiu-siurblys\/"},"modified":"2025-06-03T11:12:01","modified_gmt":"2025-06-03T09:12:01","slug":"w3-pour-nettoyage-general","status":"publish","type":"page","link":"https:\/\/obera.fr\/lt\/produits\/aspirateurs-industriels\/w3-pour-nettoyage-general\/","title":{"rendered":"W3 pramoninis dulki\u0173 siurblys"},"content":{"rendered":"\n<p>W3 pramoninis <a href=\"https:\/\/obera.fr\/lt\/produits\/aspirateurs-industriels\/\" data-type=\"page\" data-id=\"41\">dulki\u0173 siurblys yra labai na\u0161us, lengvai naudojamas sprendimas,<\/a> skirtas bendram valymui, kur\u012f galima pritaikyti kiekvienam poreikiui.<\/p>\n\n\n\n<h2 class=\"wp-block-heading\">W3 pramoninio dulki\u0173 siurblio principas ir naudojimas<\/h2>\n\n\n\n<div class=\"wp-block-columns is-layout-flex wp-container-core-columns-is-layout-28f84493 wp-block-columns-is-layout-flex\">\n<div class=\"wp-block-column is-layout-flow wp-block-column-is-layout-flow\" style=\"flex-basis:33.33%\">\n<figure class=\"wp-block-image aligncenter size-full is-resized\"><img decoding=\"async\" width=\"658\" height=\"652\" src=\"https:\/\/obera.fr\/wp-content\/uploads\/2024\/10\/w3.png\" alt=\"Pramoniniai dulki\u0173 siurbliai\" class=\"wp-image-35427\" style=\"object-fit:cover;width:300px;height:300px\" srcset=\"https:\/\/obera.fr\/wp-content\/uploads\/2024\/10\/w3.png 658w, https:\/\/obera.fr\/wp-content\/uploads\/2024\/10\/w3-300x297.png 300w, https:\/\/obera.fr\/wp-content\/uploads\/2024\/10\/w3-150x150.png 150w, https:\/\/obera.fr\/wp-content\/uploads\/2024\/10\/w3-24x24.png 24w, https:\/\/obera.fr\/wp-content\/uploads\/2024\/10\/w3-48x48.png 48w, https:\/\/obera.fr\/wp-content\/uploads\/2024\/10\/w3-96x96.png 96w\" sizes=\"(max-width: 658px) 100vw, 658px\" \/><\/figure>\n<\/div>\n\n\n\n<div class=\"wp-block-column is-layout-flow wp-block-column-is-layout-flow\" style=\"flex-basis:66.66%\">\n<p><strong>W3 pramoninis dulki\u0173 siurblys<\/strong> gars\u0117ja savo universalumu ir tyliu veikimu. Jame yra trys galingi apeinamieji varikliai, kurie \u012fsiurbia or\u0105 ir padalina j\u012f \u012f du srautus: vienas srautas naudojamas varikliui au\u0161inti, o kitas &#8211; dulk\u0117ms ir kietosioms dalel\u0117ms i\u0161siurbti. Tokia siurbimo sistema ne tik apsaugo varikl\u012f nuo u\u017esikim\u0161imo, bet ir sulaiko smulkias daleles, nes oro srautas praleid\u017eiamas per dulki\u0173 filtr\u0105. W3 serijos ap\u0117jimo varikliai pasi\u017eymi didele siurbimo galia, ma\u017eesne technine prie\u017ei\u016bra ir ilgesniu \u012frangos tarnavimo laiku (ma\u017eesn\u0117 perkaitimo ir u\u017esikim\u0161imo rizika).   <\/p>\n\n\n\n<p>Kam jis skirtas? Universalus, judrus ir prakti\u0161kas vienfazis dulki\u0173 siurblys W3 idealiai tinka bendram valymui: grindims, sienoms, statybviet\u0117ms, dirbtuv\u0117ms, gamybos ma\u0161inoms ir t. t. Jis taip pat yra puikus pasirinkimas smulkioms dulk\u0117ms ir alergij\u0105 sukelian\u010dioms dalel\u0117ms siurbti. D\u0117l jo konstrukcijos ir pla\u010di\u0173 pritaikymo galimybi\u0173 j\u012f lengva pritaikyti visuose pramon\u0117s sektoriuose. Jis ypa\u010d efektyviai i\u0161siurbia dulkes ir kiet\u0105sias daleles mechanin\u0117se dirbtuv\u0117se, maisto perdirbimo \u012fmon\u0117se, stali\u0173 dirbtuv\u0117se, amatinink\u0173 dirbtuv\u0117se, sm\u0117liavimo, cemento gamyklose ir pavir\u0161i\u0173 apdorojimo \u012fmon\u0117se.   <\/p>\n\n\n\n<div class=\"wp-block-columns is-layout-flex wp-container-core-columns-is-layout-28f84493 wp-block-columns-is-layout-flex\">\n<div class=\"wp-block-column is-layout-flow wp-block-column-is-layout-flow\">\n<div class=\"wp-block-buttons is-layout-flex wp-block-buttons-is-layout-flex\">\n<div class=\"wp-block-button\"><a class=\"wp-block-button__link wp-element-button\" href=\"https:\/\/obera.fr\/wp-content\/uploads\/2025\/06\/brochure-w3-en.pdf\">ATSISI\u0172STI BRO\u0160I\u016aR\u0104<\/a><\/div>\n<\/div>\n<\/div>\n\n\n\n<div class=\"wp-block-column is-layout-flow wp-block-column-is-layout-flow\">\n<div class=\"wp-block-buttons is-layout-flex wp-block-buttons-is-layout-flex\">\n<div class=\"wp-block-button\"><a class=\"wp-block-button__link wp-element-button\" href=\"https:\/\/obera.fr\/contact\/\">REIKIA ASMENINIO PATARIMO?<\/a><\/div>\n<\/div>\n<\/div>\n\n\n\n<div class=\"wp-block-column is-layout-flow wp-block-column-is-layout-flow\">\n<div class=\"wp-block-buttons is-content-justification-center is-layout-flex wp-container-core-buttons-is-layout-a89b3969 wp-block-buttons-is-layout-flex\">\n<div class=\"wp-block-button btn-devis-source\"><a class=\"wp-block-button__link wp-element-button\" href=\"https:\/\/obera.fr\/lt\/devis\/\">Pra\u0161yti citatos<\/a><\/div>\n<\/div>\n\n\n<script>\r\ndocument.addEventListener('DOMContentLoaded', function() {\r\n    \/\/ 1. On cherche le titre H1 de la page\r\n    var h1 = document.querySelector('h1');\r\n    var productTitle = h1 ? h1.innerText.trim() : \"\";\r\n\r\n    \/\/ 2. On cherche les boutons via la classe CSS .btn-devis-source\r\n    var buttons = document.querySelectorAll('.btn-devis-source a');\r\n\r\n    \/\/ 3. Si on a le titre et les boutons, on ajoute le param\u00e8tre\r\n    if (buttons.length > 0 && productTitle !== \"\") {\r\n        var encodedTitle = encodeURIComponent(productTitle);\r\n\r\n        buttons.forEach(function(btn) {\r\n            var currentHref = btn.getAttribute('href');\r\n            \r\n            \/\/ S\u00e9curit\u00e9 pour ne pas ajouter le param\u00e8tre 2 fois\r\n            if (currentHref.indexOf('sujet=') === -1) {\r\n                var separator = currentHref.indexOf('?') !== -1 ? '&' : '?';\r\n                var newLink = currentHref + separator + 'sujet=' + encodedTitle;\r\n                \r\n                btn.setAttribute('href', newLink);\r\n            }\r\n        });\r\n    }\r\n});\r\n<\/script><\/div>\n<\/div>\n<\/div>\n<\/div>\n\n\n\n<h2 class=\"wp-block-heading\">Bendras valymas: W3 dulki\u0173 siurblio savyb\u0117s<\/h2>\n\n\n\n<p>W3 pramonin\u012f dulki\u0173 siurbl\u012f galima \u012fsigyti dviej\u0173 versij\u0173. 65 litr\u0173 versijoje \u012frengti 3 vienfaziai 1,1 kW, o 100 litr\u0173 versijoje &#8211; 1,3 kW varikliai. D\u0117l \u0161ios specifin\u0117s technin\u0117s ypatyb\u0117s ma\u0161ina ypa\u010d veiksmingai siurbia didelio savitojo svorio med\u017eiagas (\u017evyr\u0105, sm\u0117l\u012f, vinis, var\u017etus, stiklo du\u017eenas). Priklausomai nuo pasirinktos versijos, dulki\u0173 siurblio did\u017eiausias vakuumas yra nuo 2400 iki 3600 Pa, o did\u017eiausias srautas &#8211; nuo 540 m3\/h iki 450 m3\/h.<\/p>\n\n\n\n<p>Nepaisant to, kad pramoninis dulki\u0173 siurblys W3 turi 3 apeinamuosius variklius, jis veikia tyliai. \u012esiurbimo \u012frenginys turi garso izoliacij\u0105, kad triuk\u0161mas b\u016bt\u0173 kuo ma\u017eesnis.<\/p>\n\n\n\n<p>Tvirtas siurbimo \u012ftaisas turi tvirt\u0105 plienin\u0119 galvut\u0119. Filtravimo \u012frenginys taip pat pagamintas i\u0161 ner\u016bdijan\u010diojo plieno (filtro kamera), taip pat jo rat\u0173 d\u0117klas ir va\u017eiuokl\u0117.  <\/p>\n\n\n\n<p>Galiausiai filtro bloke sumontuotas poliesterio mai\u0161elinis filtras, kuris apsaugo ir sulaiko daug dulki\u0173. Didelis 2 m2 pavir\u0161iaus plotas ir didelis filtravimo efektyvumas (3 mikronai) taip pat u\u017etikrina i\u0161einan\u010dio oro grynum\u0105.<\/p>\n\n\n\n<p>W3 dulki\u0173 siurblyje yra valymo profesionalams skirt\u0173 pried\u0173: lanksti siurbimo \u017earna, \u0161epe\u010diai, siaurintuvo \u012frankis ir kt.<\/p>\n\n\n\n<blockquote class=\"wp-block-quote is-layout-flow wp-block-quote-is-layout-flow\">\n<p>Galimos versijos: W3 pramonin\u012f dulki\u0173 siurbl\u012f galima \u012fsigyti dviej\u0173 versij\u0173! Vienos talpa 65 litrai, kitos &#8211; 100 litr\u0173. Jis taip pat gali b\u016bti su 3 vienfaziais 3 pakop\u0173 varikliais, kad b\u016bt\u0173 galima siurbti didelio savitojo svorio med\u017eiagas.<\/p>\n<\/blockquote>\n\n\n\n<h3 class=\"wp-block-heading has-text-align-center\">Pasirinktinai<\/h3>\n\n\n\n<div class=\"wp-block-columns is-layout-flex wp-container-core-columns-is-layout-28f84493 wp-block-columns-is-layout-flex\">\n<div class=\"wp-block-column is-layout-flow wp-block-column-is-layout-flow\" style=\"flex-basis:50%\">\n<ul class=\"wp-block-list\">\n<li>Nomekso filtras &#8211; atsparus kar\u0161\u010diui iki 250\u00b0;<\/li>\n\n\n\n<li>&#8222;Hepa H14&#8221; absoliutus filtras ;<\/li>\n\n\n\n<li>M klas\u0117s PTFE filtras ;<\/li>\n\n\n\n<li>M klas\u0117s vandens oleofobinis teflono filtras;  <\/li>\n\n\n\n<li>M klas\u0117s antistatinis filtras ;<\/li>\n<\/ul>\n<\/div>\n\n\n\n<div class=\"wp-block-column is-layout-flow wp-block-column-is-layout-flow\" style=\"flex-basis:50%\">\n<ul class=\"wp-block-list\">\n<li>Ner\u016bdijan\u010dio plieno talpykla ir filtro kamera;<\/li>\n\n\n\n<li>\u012e\u017eeminimas ;<\/li>\n\n\n\n<li>Grotel\u0117s krep\u0161ys su i\u0161leidimo vo\u017etuvu ir lygio indikatoriumi ;<\/li>\n\n\n\n<li>Mai\u0161ymo konteineris ilgas kilim\u0117lis 20mt;<\/li>\n\n\n\n<li>Filtr\u0173 apsaugai skirtas ciklonas.<\/li>\n<\/ul>\n<\/div>\n<\/div>\n\n\n\n<h3 class=\"wp-block-heading has-text-align-center\">PRAMON\u0116S \u0160AKOS<\/h3>\n\n\n\n<div class=\"wp-block-columns is-layout-flex wp-container-core-columns-is-layout-28f84493 wp-block-columns-is-layout-flex\">\n<div class=\"wp-block-column is-layout-flow wp-block-column-is-layout-flow\">\n<hr class=\"wp-block-separator has-alpha-channel-opacity\"\/>\n\n\n\n<div class=\"wp-block-columns is-layout-flex wp-container-core-columns-is-layout-28f84493 wp-block-columns-is-layout-flex\">\n<div class=\"wp-block-column is-layout-flow wp-block-column-is-layout-flow\">\n<figure class=\"wp-block-image aligncenter size-thumbnail is-resized\"><img decoding=\"async\" width=\"150\" height=\"150\" src=\"https:\/\/obera.fr\/wp-content\/uploads\/2022\/02\/Textile-150x150.png\" alt=\"tekstil\u0117\" class=\"wp-image-8855\"\/><figcaption class=\"wp-element-caption\">Tekstil\u0117<\/figcaption><\/figure>\n\n\n\n<figure class=\"wp-block-image aligncenter size-thumbnail is-resized\"><img decoding=\"async\" width=\"150\" height=\"150\" src=\"https:\/\/obera.fr\/wp-content\/uploads\/2022\/02\/Plastique-150x150.png\" alt=\"plastikinis\" class=\"wp-image-8854\"\/><figcaption class=\"wp-element-caption\">Plastikinis<\/figcaption><\/figure>\n<\/div>\n\n\n\n<div class=\"wp-block-column is-layout-flow wp-block-column-is-layout-flow\">\n<figure class=\"wp-block-image aligncenter size-thumbnail is-resized\"><img decoding=\"async\" width=\"150\" height=\"150\" src=\"https:\/\/obera.fr\/wp-content\/uploads\/2022\/02\/MINERAIS-150x150.png\" alt=\"r\u016bdos\" class=\"wp-image-8847\"\/><figcaption class=\"wp-element-caption\">Mineralai<\/figcaption><\/figure>\n\n\n\n<figure class=\"wp-block-image aligncenter size-thumbnail is-resized\"><img decoding=\"async\" width=\"150\" height=\"150\" src=\"https:\/\/obera.fr\/wp-content\/uploads\/2022\/02\/Metalurgie-150x150.png\" alt=\"metalurgija\" class=\"wp-image-8857\"\/><figcaption class=\"wp-element-caption\">Metalurgija<\/figcaption><\/figure>\n\n\n\n<figure class=\"wp-block-image aligncenter size-thumbnail is-resized\"><img decoding=\"async\" width=\"150\" height=\"150\" src=\"https:\/\/obera.fr\/wp-content\/uploads\/2023\/02\/sans-titre-2023-02-14t102211.641-150x150.png\" alt=\"\u017dem\u0117s \u016bkis\" class=\"wp-image-18828\"\/><figcaption class=\"wp-element-caption\">\u017dem\u0117s \u016bkis<\/figcaption><\/figure>\n<\/div>\n<\/div>\n<\/div>\n\n\n\n<div class=\"wp-block-column is-layout-flow wp-block-column-is-layout-flow\">\n<hr class=\"wp-block-separator has-alpha-channel-opacity\"\/>\n\n\n\n<div class=\"wp-block-columns is-layout-flex wp-container-core-columns-is-layout-28f84493 wp-block-columns-is-layout-flex\">\n<div class=\"wp-block-column is-layout-flow wp-block-column-is-layout-flow\">\n<figure class=\"wp-block-image aligncenter size-thumbnail is-resized\"><img decoding=\"async\" width=\"150\" height=\"150\" src=\"https:\/\/obera.fr\/wp-content\/uploads\/2022\/02\/Chimie-150x150.png\" alt=\"chemija\" class=\"wp-image-8846\"\/><figcaption class=\"wp-element-caption\">Chemija<\/figcaption><\/figure>\n\n\n\n<figure class=\"wp-block-image aligncenter size-thumbnail is-resized\"><img decoding=\"async\" width=\"150\" height=\"150\" src=\"https:\/\/obera.fr\/wp-content\/uploads\/2022\/02\/Travail-du-bois-150x150.png\" alt=\"med\u017eio apdirbimas\" class=\"wp-image-8856\"\/><figcaption class=\"wp-element-caption\">Medienos apdirbimas<\/figcaption><\/figure>\n\n\n\n<figure class=\"wp-block-image aligncenter size-thumbnail is-resized\"><img decoding=\"async\" width=\"150\" height=\"150\" src=\"https:\/\/obera.fr\/wp-content\/uploads\/2023\/02\/sans-titre-2023-02-14t101920.185-150x150.png\" alt=\"Aviacija\" class=\"wp-image-18831\"\/><figcaption class=\"wp-element-caption\">Aviacija<\/figcaption><\/figure>\n<\/div>\n\n\n\n<div class=\"wp-block-column is-layout-flow wp-block-column-is-layout-flow\">\n<figure class=\"wp-block-image aligncenter size-thumbnail is-resized\"><img decoding=\"async\" width=\"150\" height=\"150\" src=\"https:\/\/obera.fr\/wp-content\/uploads\/2022\/02\/AGROALIMENTAIRE-150x150.png\" alt=\"\u017eem\u0117s \u016bkio ir maisto produkt\u0173\" class=\"wp-image-8844\"\/><figcaption class=\"wp-element-caption\">Maisto pramon\u0117<\/figcaption><\/figure>\n\n\n\n<figure class=\"wp-block-image aligncenter size-thumbnail is-resized\"><img decoding=\"async\" width=\"150\" height=\"150\" src=\"https:\/\/obera.fr\/wp-content\/uploads\/2022\/02\/Papier-carton-150x150.png\" alt=\"popierius ir kartonas\" class=\"wp-image-8853\"\/><figcaption class=\"wp-element-caption\">Popierius \/ kartonas<\/figcaption><\/figure>\n\n\n\n<figure class=\"wp-block-image aligncenter size-thumbnail is-resized\"><img decoding=\"async\" width=\"150\" height=\"150\" src=\"https:\/\/obera.fr\/wp-content\/uploads\/2023\/02\/sans-titre-2023-02-14t101712.416-150x150.png\" alt=\"Automobiliai\" class=\"wp-image-18834\"\/><figcaption class=\"wp-element-caption\">Automobiliai<\/figcaption><\/figure>\n<\/div>\n<\/div>\n<\/div>\n<\/div>\n\n\n\n<figure class=\"wp-block-table\"><table class=\"has-fixed-layout\"><tbody><tr><td>\u012etampa<\/td><td>V-HZ<\/td><td>230<\/td><td>230-50<\/td><\/tr><tr><td>Maitinimas<\/td><td>kW<\/td><td>3&#215;1.1<\/td><td>3&#215;1.3<\/td><\/tr><tr><td>Did\u017eiausia depresija<\/td><td>Pa<\/td><td>2 400 Pa<\/td><td>3 600 Pa<\/td><\/tr><tr><td>Did\u017eiausias oro srautas<\/td><td>m3\/h<\/td><td>540<\/td><td>450<\/td><\/tr><tr><td>Kandiklio skersmuo<\/td><td>mm<\/td><td>80<\/td><td>80<\/td><\/tr><tr><td>Filtro tipas<\/td><td><\/td><td>Su ki\u0161en\u0117mis su \u017evaig\u017edut\u0117mis<\/td><td>Su ki\u0161en\u0117mis su \u017evaig\u017edut\u0117mis<\/td><\/tr><tr><td>Pavir\u0161ius<\/td><td>cm2<\/td><td>20.000<\/td><td>20.000<\/td><\/tr><tr><td>Valymo sistema<\/td><td><\/td><td>Manuel<\/td><td>Manuel<\/td><\/tr><tr><td>Derliaus d\u0117\u017e\u0117<\/td><td><\/td><td>Plieno<\/td><td>Plieno<\/td><\/tr><tr><td>Drena\u017eo sistema<\/td><td><\/td><td>I\u0161imamas \u0161iuk\u0161li\u0173 konteineris<\/td><td>I\u0161imamas \u0161iuk\u0161li\u0173 konteineris<\/td><\/tr><tr><td>Talpa<\/td><td>litras<\/td><td>65\/100<\/td><td>65\/100<\/td><\/tr><tr><td>Matmenys<\/td><td>cm<\/td><td>58x60x135 cm<\/td><td>58x60x145cm<\/td><\/tr><tr><td>Filtravimo \u012franga &#8211; klas\u0117<\/td><td><\/td><td><\/td><td>Poliesteris-L<\/td><\/tr><\/tbody><\/table><\/figure>\n\n\n\n<div class=\"wp-block-buttons is-content-justification-center is-layout-flex wp-container-core-buttons-is-layout-a89b3969 wp-block-buttons-is-layout-flex\">\n<div class=\"wp-block-button\"><a class=\"wp-block-button__link wp-element-button\" href=\"https:\/\/obera.fr\/wp-content\/uploads\/2024\/04\/obera_brochure-w3-fr.pdf\">ATSISI\u0172STI GAMINIO DUOMEN\u0172 LAP\u0104<\/a><\/div>\n<\/div>\n\n\n\n<h2 class=\"wp-block-heading\">W3 dulki\u0173 siurblio privalumai<\/h2>\n\n\n\n<p>W3 serija ypa\u010d populiari d\u0117l to, kad j\u0105 lengva naudoti. Viskas sukurta taip, kad operatoriui b\u016bt\u0173 kuo papras\u010diau teikti generalinio valymo paslaugas. Jame yra vakuumo matuoklis su indikatoriumi, kuriuo galima nustatyti filtro prisotinim\u0105. Ant variklio galvut\u0117s yra dvi rankenos, kad kei\u010diant filtr\u0105 b\u016bt\u0173 lengva pakelti. Vienfazis dulki\u0173 siurblys taip pat turi rankinio valymo sistem\u0105, kuri\u0105 galima \u012fjungti vienu jungiklio spustel\u0117jimu, kad pavir\u0161iaus technikai gal\u0117t\u0173 m\u0117gautis maksimaliu dulki\u0173 siurbimo na\u0161umu.<\/p>\n\n\n\n<div class=\"wp-block-columns is-layout-flex wp-container-core-columns-is-layout-28f84493 wp-block-columns-is-layout-flex\">\n<div class=\"wp-block-column is-layout-flow wp-block-column-is-layout-flow\" style=\"flex-basis:33.34%\">\n<h3 class=\"wp-block-heading\">Privalumai :<\/h3>\n\n\n\n<ul class=\"wp-block-list\">\n<li>Vakuumo matuoklis su indikatoriumi, kad b\u016bt\u0173 galima numatyti filtro prisotinim\u0105;<\/li>\n\n\n\n<li>Oro i\u0161leidimas \u017eemyn ;<\/li>\n\n\n\n<li>Kompakti\u0161kas, mobilus ir lengvai valdomas;<\/li>\n\n\n\n<li>Universalus ir tylus.<\/li>\n<\/ul>\n<\/div>\n\n\n\n<div class=\"wp-block-column is-layout-flow wp-block-column-is-layout-flow\" style=\"flex-basis:33.34%\">\n<h3 class=\"wp-block-heading\">Specialiosios funkcijos:<\/h3>\n\n\n\n<ul class=\"wp-block-list\">\n<li>Trys vienfaziai \u0161untiniai varikliai su nepriklausomais jungikliais;<\/li>\n\n\n\n<li>Poliesterio \u017evaig\u017ed\u017ei\u0173 filtras ;<\/li>\n\n\n\n<li>Galima rinktis i\u0161 plataus filtr\u0173 asortimento.<\/li>\n<\/ul>\n<\/div>\n\n\n\n<div class=\"wp-block-column is-layout-flow wp-block-column-is-layout-flow\" style=\"flex-basis:33.33%\">\n<h3 class=\"wp-block-heading\">Savyb\u0117s :<\/h3>\n\n\n\n<ul class=\"wp-block-list\">\n<li>Galima \u012fsigyti 65 arba 100 litr\u0173 talpos versijas;<\/li>\n\n\n\n<li>Galima 3 pakop\u0173 versija;<\/li>\n\n\n\n<li>\u012esiurbimo bloko apsauga su \u017evaig\u017ediniu filtru (poliesteris).<\/li>\n<\/ul>\n<\/div>\n<\/div>\n\n\n\n<h2 class=\"wp-block-heading\">Vienfazio pramoninio dulki\u0173 siurblio bandymas bendram valymui<\/h2>\n\n\n\n<p>J\u016bs\u0173 dirbtuv\u0117se si\u016blome piln\u0105 bandym\u0105 su galimybe pirkti vidutini\u0161kai per 1 m\u0117nes\u012f.<\/p>\n\n\n\n<div class=\"wp-block-buttons is-content-justification-center is-layout-flex wp-container-core-buttons-is-layout-a89b3969 wp-block-buttons-is-layout-flex\">\n<div class=\"wp-block-button\"><a class=\"wp-block-button__link wp-element-button\" href=\"https:\/\/obera.fr\/lt\/contact\/\">I\u0160BANDYTI W2 DULKI\u0172 SIURBL\u012e<\/a><\/div>\n<\/div>\n\n\n\n<h2 class=\"wp-block-heading\">Kiti pramoniniai dulki\u0173 siurbliai<\/h2>\n\n\n\n<div class=\"wp-block-columns is-layout-flex wp-container-core-columns-is-layout-28f84493 wp-block-columns-is-layout-flex\">\n<div class=\"wp-block-column is-layout-flow wp-block-column-is-layout-flow\">\n<figure class=\"wp-block-image aligncenter size-full is-resized\"><a href=\"https:\/\/obera.fr\/produits\/aspirateurs-industriels\/w2-xr-atex-22\/\"><img decoding=\"async\" width=\"566\" height=\"671\" src=\"https:\/\/obera.fr\/wp-content\/uploads\/2024\/10\/w2-xr-2.png\" alt=\"Pramoniniai dulki\u0173 siurbliai\" class=\"wp-image-35431\" style=\"object-fit:cover;width:300px;height:300px\" srcset=\"https:\/\/obera.fr\/wp-content\/uploads\/2024\/10\/w2-xr-2.png 566w, https:\/\/obera.fr\/wp-content\/uploads\/2024\/10\/w2-xr-2-253x300.png 253w\" sizes=\"(max-width: 566px) 100vw, 566px\" \/><\/a><figcaption class=\"wp-element-caption\">W2 XR<\/figcaption><\/figure>\n<\/div>\n\n\n\n<div class=\"wp-block-column is-layout-flow wp-block-column-is-layout-flow\">\n<figure class=\"wp-block-image aligncenter size-full is-resized\"><a href=\"https:\/\/obera.fr\/produits\/aspirateurs-industriels\/w2-haute-filtration-polyvalence\/\"><img decoding=\"async\" width=\"711\" height=\"622\" src=\"https:\/\/obera.fr\/wp-content\/uploads\/2024\/10\/w2.png\" alt=\"Pramoniniai dulki\u0173 siurbliai\" class=\"wp-image-35424\" style=\"width:343px;height:auto\" srcset=\"https:\/\/obera.fr\/wp-content\/uploads\/2024\/10\/w2.png 711w, https:\/\/obera.fr\/wp-content\/uploads\/2024\/10\/w2-300x262.png 300w\" sizes=\"(max-width: 711px) 100vw, 711px\" \/><\/a><figcaption class=\"wp-element-caption\">W2<\/figcaption><\/figure>\n<\/div>\n\n\n\n<div class=\"wp-block-column is-layout-flow wp-block-column-is-layout-flow\">\n<figure class=\"wp-block-image aligncenter size-full is-resized\"><a href=\"https:\/\/obera.fr\/produits\/aspirateurs-industriels\/ventilateurs-aspiration-gamme-eurosog-rg-100-800\/\"><img decoding=\"async\" width=\"600\" height=\"600\" src=\"https:\/\/obera.fr\/wp-content\/uploads\/2024\/04\/obera-ventilateur-aspiration-rg-300-400.jpg\" alt=\"&quot;obera&quot; siurbimo ventiliatorius rg 300 400\" class=\"wp-image-29437\" style=\"object-fit:cover;width:300px;height:300px\" srcset=\"https:\/\/obera.fr\/wp-content\/uploads\/2024\/04\/obera-ventilateur-aspiration-rg-300-400.jpg 600w, https:\/\/obera.fr\/wp-content\/uploads\/2024\/04\/obera-ventilateur-aspiration-rg-300-400-300x300.jpg 300w, https:\/\/obera.fr\/wp-content\/uploads\/2024\/04\/obera-ventilateur-aspiration-rg-300-400-150x150.jpg 150w\" sizes=\"(max-width: 600px) 100vw, 600px\" \/><\/a><figcaption class=\"wp-element-caption\">RG 300\/400<\/figcaption><\/figure>\n<\/div>\n<\/div>\n","protected":false},"excerpt":{"rendered":"<p>W3 pramoninis dulki\u0173 siurblys yra labai na\u0161us, lengvai naudojamas sprendimas, skirtas bendram valymui, kur\u012f galima pritaikyti kiekvienam poreikiui. W3 pramoninio dulki\u0173 siurblio principas ir naudojimas W3 pramoninis dulki\u0173 siurblys gars\u0117ja savo universalumu ir tyliu veikimu. Jame yra trys galingi apeinamieji varikliai, kurie \u012fsiurbia or\u0105 ir padalina j\u012f \u012f du srautus: vienas srautas naudojamas varikliui au\u0161inti, o kitas &#8211; dulk\u0117ms ir kietosioms dalel\u0117ms i\u0161siurbti. Tokia siurbimo sistema ne tik apsaugo varikl\u012f nuo u\u017esikim\u0161imo, bet ir sulaiko smulkias daleles, nes oro srautas praleid\u017eiamas per dulki\u0173 filtr\u0105. W3 serijos ap\u0117jimo varikliai pasi\u017eymi didele siurbimo galia, ma\u017eesne technine prie\u017ei\u016bra ir ilgesniu \u012frangos tarnavimo laiku &#8230; <\/p>\n<p class=\"read-more-container\"><a title=\"W3 pramoninis dulki\u0173 siurblys\" class=\"read-more button\" href=\"https:\/\/obera.fr\/lt\/produits\/aspirateurs-industriels\/w3-pour-nettoyage-general\/#more-45160\" aria-label=\"Read more about W3 pramoninis dulki\u0173 siurblys\">Lire la suite<\/a><\/p>\n","protected":false},"author":4,"featured_media":83744,"parent":48504,"menu_order":0,"comment_status":"closed","ping_status":"closed","template":"","meta":{"_acf_changed":false,"_seopress_robots_primary_cat":"","_seopress_titles_title":"W3 pramoninis dulki\u0173 siurblys generaliniam valymui \"OberA","_seopress_titles_desc":"W3 serijoje yra 3 vienfaziai varikliai, kurie yra b\u016btini bendram valymui, kad b\u016bt\u0173 suderintas na\u0161umas ir paprastas naudojimas.","_seopress_robots_index":"","footnotes":""},"class_list":{"0":"post-45160","1":"page","2":"type-page","3":"status-publish","4":"has-post-thumbnail","6":"no-featured-image-padding","7":"resize-featured-image"},"acf":[],"_links":{"self":[{"href":"https:\/\/obera.fr\/lt\/wp-json\/wp\/v2\/pages\/45160","targetHints":{"allow":["GET"]}}],"collection":[{"href":"https:\/\/obera.fr\/lt\/wp-json\/wp\/v2\/pages"}],"about":[{"href":"https:\/\/obera.fr\/lt\/wp-json\/wp\/v2\/types\/page"}],"author":[{"embeddable":true,"href":"https:\/\/obera.fr\/lt\/wp-json\/wp\/v2\/users\/4"}],"replies":[{"embeddable":true,"href":"https:\/\/obera.fr\/lt\/wp-json\/wp\/v2\/comments?post=45160"}],"version-history":[{"count":11,"href":"https:\/\/obera.fr\/lt\/wp-json\/wp\/v2\/pages\/45160\/revisions"}],"predecessor-version":[{"id":107528,"href":"https:\/\/obera.fr\/lt\/wp-json\/wp\/v2\/pages\/45160\/revisions\/107528"}],"up":[{"embeddable":true,"href":"https:\/\/obera.fr\/lt\/wp-json\/wp\/v2\/pages\/48504"}],"wp:featuredmedia":[{"embeddable":true,"href":"https:\/\/obera.fr\/lt\/wp-json\/wp\/v2\/media\/83744"}],"wp:attachment":[{"href":"https:\/\/obera.fr\/lt\/wp-json\/wp\/v2\/media?parent=45160"}],"curies":[{"name":"wp","href":"https:\/\/api.w.org\/{rel}","templated":true}]}}