{"id":45328,"date":"2024-04-05T23:11:29","date_gmt":"2024-04-05T21:11:29","guid":{"rendered":"https:\/\/obera.fr\/istraukiamieji-ventiliatoriai-eurosog-rg-100-800-asortimentas\/"},"modified":"2025-06-03T11:31:30","modified_gmt":"2025-06-03T09:31:30","slug":"ventilateurs-aspiration-gamme-eurosog-rg-100-800","status":"publish","type":"page","link":"https:\/\/obera.fr\/lt\/produits\/aspirateurs-industriels\/ventilateurs-aspiration-gamme-eurosog-rg-100-800\/","title":{"rendered":"I\u0161traukiamieji ventiliatoriai: EUROSOG RG 100-800 asortimentas"},"content":{"rendered":"\n<p>M\u016bs\u0173 kompakti\u0161k\u0173 ventiliatori\u0173 nuo RG 100 iki RG 800 asortimentas u\u017etikrina sveikesn\u0119 aplink\u0105, nes i\u0161traukia ir i\u0161stumia u\u017eter\u0161t\u0105 or\u0105 i\u0161 j\u016bs\u0173 darbo viet\u0173.<\/p>\n\n\n\n<h2 class=\"wp-block-heading\">RG serija: i\u0161traukiam\u0173j\u0173 ventiliatori\u0173 veikimas ir naudojimas<\/h2>\n\n\n\n<div class=\"wp-block-columns is-layout-flex wp-container-core-columns-is-layout-28f84493 wp-block-columns-is-layout-flex\">\n<div class=\"wp-block-column is-layout-flow wp-block-column-is-layout-flow\" style=\"flex-basis:33.33%\">\n<figure class=\"wp-block-image size-full\"><img decoding=\"async\" width=\"600\" height=\"600\" src=\"https:\/\/obera.fr\/wp-content\/uploads\/2024\/04\/obera-ventilateur-aspiration-rg-300-400.jpg\" alt=\"&quot;obera&quot; siurbimo ventiliatorius rg 300 400\" class=\"wp-image-29437\" srcset=\"https:\/\/obera.fr\/wp-content\/uploads\/2024\/04\/obera-ventilateur-aspiration-rg-300-400.jpg 600w, https:\/\/obera.fr\/wp-content\/uploads\/2024\/04\/obera-ventilateur-aspiration-rg-300-400-300x300.jpg 300w, https:\/\/obera.fr\/wp-content\/uploads\/2024\/04\/obera-ventilateur-aspiration-rg-300-400-150x150.jpg 150w\" sizes=\"(max-width: 600px) 100vw, 600px\" \/><\/figure>\n<\/div>\n\n\n\n<div class=\"wp-block-column is-layout-flow wp-block-column-is-layout-flow\" style=\"flex-basis:66.66%\">\n<p>RG serijos ventiliatoriai (100, 200, 300, 400, 500, 600, 700, 800) &#8211; tai sprendimai, skirti dulk\u0117ms, pramoniniams d\u016bmams ir kitiems j\u016bs\u0173 gamybos \u012frenginiuose susidarantiems ter\u0161alams i\u0161traukti. Jais cirkuliuoja i\u0161valytas oras ir suma\u017e\u0117ja sl\u0117gis. Universali ir kompakti\u0161ka sistema \u012fsiurbia or\u0105 sukurdama vakuum\u0105 ventiliatoriaus \u012f\u0117jime (sukasi sparnuot\u0117) ir naudodama korpuso viduje esant\u012f elektros varikl\u012f. D\u0117\u017e\u0117 nukreipia ir i\u0161stumia \u012fsiurbt\u0105 or\u0105 \u012f i\u0161\u0117jimo ang\u0105 (i\u0161or\u0119), kad jis b\u016bt\u0173 pa\u0161alintas i\u0161 darbo vietos. RG serija vienu metu gali siurbti vien\u0105 ar daugiau darbo viet\u0173 ir (arba) ma\u0161in\u0173.  <\/p>\n\n\n\n<p>Kokiu tikslu? \u0160i \u012franga idealiai tinka vis\u0173 r\u016b\u0161i\u0173 pramonei, ja galima i\u0161traukti dulkes, dujas, kvapus ir d\u016bmus. Juose galima \u012frengti filtrus smulkioms dalel\u0117ms surinkti.<\/p>\n\n\n\n<div class=\"wp-block-columns is-layout-flex wp-container-core-columns-is-layout-28f84493 wp-block-columns-is-layout-flex\">\n<div class=\"wp-block-column is-layout-flow wp-block-column-is-layout-flow\" style=\"flex-basis:30%\">\n<div class=\"wp-block-buttons is-layout-flex wp-block-buttons-is-layout-flex\">\n<div class=\"wp-block-button\"><a class=\"wp-block-button__link wp-element-button\" href=\"https:\/\/obera.fr\/wp-content\/uploads\/2025\/06\/brochure-rg-100-800-en.pdf\">ATSISI\u0172STI BRO\u0160I\u016aR\u0104<\/a><\/div>\n<\/div>\n<\/div>\n\n\n\n<div class=\"wp-block-column is-layout-flow wp-block-column-is-layout-flow\" style=\"flex-basis:30%\">\n<div class=\"wp-block-buttons is-layout-flex wp-block-buttons-is-layout-flex\">\n<div class=\"wp-block-button\"><a class=\"wp-block-button__link wp-element-button\" href=\"https:\/\/obera.fr\/contact\/\">REIKIA ASMENINIO PATARIMO?<\/a><\/div>\n<\/div>\n<\/div>\n\n\n\n<div class=\"wp-block-column is-layout-flow wp-block-column-is-layout-flow\" style=\"flex-basis:30%\">\n<div class=\"wp-block-buttons is-content-justification-center is-layout-flex wp-container-core-buttons-is-layout-a89b3969 wp-block-buttons-is-layout-flex\">\n<div class=\"wp-block-button btn-devis-source\"><a class=\"wp-block-button__link wp-element-button\" href=\"https:\/\/obera.fr\/lt\/devis\/\">Pra\u0161yti citatos<\/a><\/div>\n<\/div>\n\n\n<script>\r\ndocument.addEventListener('DOMContentLoaded', function() {\r\n    \/\/ 1. On cherche le titre H1 de la page\r\n    var h1 = document.querySelector('h1');\r\n    var productTitle = h1 ? h1.innerText.trim() : \"\";\r\n\r\n    \/\/ 2. On cherche les boutons via la classe CSS .btn-devis-source\r\n    var buttons = document.querySelectorAll('.btn-devis-source a');\r\n\r\n    \/\/ 3. Si on a le titre et les boutons, on ajoute le param\u00e8tre\r\n    if (buttons.length > 0 && productTitle !== \"\") {\r\n        var encodedTitle = encodeURIComponent(productTitle);\r\n\r\n        buttons.forEach(function(btn) {\r\n            var currentHref = btn.getAttribute('href');\r\n            \r\n            \/\/ S\u00e9curit\u00e9 pour ne pas ajouter le param\u00e8tre 2 fois\r\n            if (currentHref.indexOf('sujet=') === -1) {\r\n                var separator = currentHref.indexOf('?') !== -1 ? '&' : '?';\r\n                var newLink = currentHref + separator + 'sujet=' + encodedTitle;\r\n                \r\n                btn.setAttribute('href', newLink);\r\n            }\r\n        });\r\n    }\r\n});\r\n<\/script><\/div>\n<\/div>\n<\/div>\n<\/div>\n\n\n\n<h2 class=\"wp-block-heading\">Kokios yra &#8222;OberA&#8221; siurbimo ventiliatori\u0173 technin\u0117s charakteristikos?<\/h2>\n\n\n\n<p>RG asortimente galima rinktis nuo 0,55 kW iki 7,5 kW galios variklius. Tai leid\u017eia rasti i\u0161traukimo ventiliatoriaus model\u012f, geriausiai atitinkant\u012f j\u016bs\u0173 pavir\u0161iaus plot\u0105.  <\/p>\n\n\n\n<p>Kad ventiliatoriai b\u016bt\u0173 atspar\u016bs korozijai ir dulki\u0173 sukeliamam gedimui, jie gaminami i\u0161 tvirt\u0173 med\u017eiag\u0173 ir gali b\u016bti pagaminti i\u0161 ner\u016bdijan\u010diojo plieno, skirto maisto pramonei (pasirinktinai). Kita galimyb\u0117 &#8211; kibirk\u0161\u010diavimui atspari versija, skirta veiklai, kurios metu susidaro degi\u0173 dulki\u0173.<\/p>\n\n\n\n<blockquote class=\"wp-block-quote is-layout-flow wp-block-quote-is-layout-flow\">\n<p>Verta \u017einoti: m\u016bs\u0173 i\u0161traukimo sprendimai gali b\u016bti derinami su m\u016bs\u0173 surinkimo evakuacijos sistemomis. Atsi\u017evelgdami \u012f j\u016bs\u0173 poreikius (ter\u0161al\u0173 r\u016b\u0161is, pavir\u0161iaus plotas, veiklos sektorius), galime patarti, kok\u012f derin\u012f pasirinkti, kad b\u016bt\u0173 u\u017etikrintas geriausias \u012fmanomas oro i\u0161traukimas ir atnaujinimas.<\/p>\n<\/blockquote>\n\n\n\n<p>Nuo RG 100 iki RG 800 ventiliatori\u0173 matmenys yra nedideli: nuo L535 x W450 x H480 (kompakti\u0161kiausia versija) iki L820 x W1 000 x H1 198 (did\u017eiausias modelis) &#8211; vis tiek tai \u012franga, kuriai reikia labai ma\u017eai vietos. Darbuotoj\u0173 patogumui jie taip pat pasi\u017eymi ma\u017eu 83-84 dB(A) triuk\u0161mo lygiu.<\/p>\n\n\n\n<h3 class=\"wp-block-heading has-text-align-center\">PRAMON\u0116S \u0160AKOS<\/h3>\n\n\n\n<div class=\"wp-block-columns is-layout-flex wp-container-core-columns-is-layout-28f84493 wp-block-columns-is-layout-flex\">\n<div class=\"wp-block-column is-layout-flow wp-block-column-is-layout-flow\">\n<hr class=\"wp-block-separator has-alpha-channel-opacity\"\/>\n\n\n\n<div class=\"wp-block-columns is-layout-flex wp-container-core-columns-is-layout-28f84493 wp-block-columns-is-layout-flex\">\n<div class=\"wp-block-column is-layout-flow wp-block-column-is-layout-flow\">\n<figure class=\"wp-block-image aligncenter size-thumbnail is-resized\"><img decoding=\"async\" width=\"150\" height=\"150\" src=\"https:\/\/obera.fr\/wp-content\/uploads\/2022\/02\/Textile-150x150.png\" alt=\"tekstil\u0117\" class=\"wp-image-8855\"\/><figcaption class=\"wp-element-caption\">Tekstil\u0117<\/figcaption><\/figure>\n\n\n\n<figure class=\"wp-block-image aligncenter size-thumbnail is-resized\"><img decoding=\"async\" width=\"150\" height=\"150\" src=\"https:\/\/obera.fr\/wp-content\/uploads\/2022\/02\/Plastique-150x150.png\" alt=\"plastikinis\" class=\"wp-image-8854\"\/><figcaption class=\"wp-element-caption\">Plastikinis<\/figcaption><\/figure>\n<\/div>\n\n\n\n<div class=\"wp-block-column is-layout-flow wp-block-column-is-layout-flow\">\n<figure class=\"wp-block-image aligncenter size-thumbnail is-resized\"><img decoding=\"async\" width=\"150\" height=\"150\" src=\"https:\/\/obera.fr\/wp-content\/uploads\/2022\/02\/MINERAIS-150x150.png\" alt=\"r\u016bdos\" class=\"wp-image-8847\"\/><figcaption class=\"wp-element-caption\">Mineralai<\/figcaption><\/figure>\n\n\n\n<figure class=\"wp-block-image aligncenter size-thumbnail is-resized\"><img decoding=\"async\" width=\"150\" height=\"150\" src=\"https:\/\/obera.fr\/wp-content\/uploads\/2022\/02\/Metalurgie-150x150.png\" alt=\"metalurgija\" class=\"wp-image-8857\"\/><figcaption class=\"wp-element-caption\">Metalurgija<\/figcaption><\/figure>\n\n\n\n<figure class=\"wp-block-image aligncenter size-thumbnail is-resized\"><img decoding=\"async\" width=\"150\" height=\"150\" src=\"https:\/\/obera.fr\/wp-content\/uploads\/2023\/02\/sans-titre-2023-02-14t102211.641-150x150.png\" alt=\"\u017dem\u0117s \u016bkis\" class=\"wp-image-18828\"\/><figcaption class=\"wp-element-caption\">\u017dem\u0117s \u016bkis<\/figcaption><\/figure>\n<\/div>\n<\/div>\n<\/div>\n\n\n\n<div class=\"wp-block-column is-layout-flow wp-block-column-is-layout-flow\">\n<hr class=\"wp-block-separator has-alpha-channel-opacity\"\/>\n\n\n\n<div class=\"wp-block-columns is-layout-flex wp-container-core-columns-is-layout-28f84493 wp-block-columns-is-layout-flex\">\n<div class=\"wp-block-column is-layout-flow wp-block-column-is-layout-flow\">\n<figure class=\"wp-block-image aligncenter size-thumbnail is-resized\"><img decoding=\"async\" width=\"150\" height=\"150\" src=\"https:\/\/obera.fr\/wp-content\/uploads\/2022\/02\/Chimie-150x150.png\" alt=\"chemija\" class=\"wp-image-8846\"\/><figcaption class=\"wp-element-caption\">Chemija<\/figcaption><\/figure>\n\n\n\n<figure class=\"wp-block-image aligncenter size-thumbnail is-resized\"><img decoding=\"async\" width=\"150\" height=\"150\" src=\"https:\/\/obera.fr\/wp-content\/uploads\/2022\/02\/Travail-du-bois-150x150.png\" alt=\"med\u017eio apdirbimas\" class=\"wp-image-8856\"\/><figcaption class=\"wp-element-caption\">Medienos apdirbimas<\/figcaption><\/figure>\n\n\n\n<figure class=\"wp-block-image aligncenter size-thumbnail is-resized\"><img decoding=\"async\" width=\"150\" height=\"150\" src=\"https:\/\/obera.fr\/wp-content\/uploads\/2023\/02\/sans-titre-2023-02-14t101920.185-150x150.png\" alt=\"Aviacija\" class=\"wp-image-18831\"\/><figcaption class=\"wp-element-caption\">Aviacija<\/figcaption><\/figure>\n<\/div>\n\n\n\n<div class=\"wp-block-column is-layout-flow wp-block-column-is-layout-flow\">\n<figure class=\"wp-block-image aligncenter size-thumbnail is-resized\"><img decoding=\"async\" width=\"150\" height=\"150\" src=\"https:\/\/obera.fr\/wp-content\/uploads\/2022\/02\/AGROALIMENTAIRE-150x150.png\" alt=\"\u017eem\u0117s \u016bkio ir maisto produkt\u0173\" class=\"wp-image-8844\"\/><figcaption class=\"wp-element-caption\">Maisto pramon\u0117<\/figcaption><\/figure>\n\n\n\n<figure class=\"wp-block-image aligncenter size-thumbnail is-resized\"><img decoding=\"async\" width=\"150\" height=\"150\" src=\"https:\/\/obera.fr\/wp-content\/uploads\/2022\/02\/Papier-carton-150x150.png\" alt=\"popierius ir kartonas\" class=\"wp-image-8853\"\/><figcaption class=\"wp-element-caption\">Popierius \/ kartonas<\/figcaption><\/figure>\n\n\n\n<figure class=\"wp-block-image aligncenter size-thumbnail is-resized\"><img decoding=\"async\" width=\"150\" height=\"150\" src=\"https:\/\/obera.fr\/wp-content\/uploads\/2023\/02\/sans-titre-2023-02-14t101712.416-150x150.png\" alt=\"Automobiliai\" class=\"wp-image-18834\"\/><figcaption class=\"wp-element-caption\">Automobiliai<\/figcaption><\/figure>\n<\/div>\n<\/div>\n<\/div>\n<\/div>\n\n\n\n<figure class=\"wp-block-table\"><table class=\"has-fixed-layout\"><thead><tr><th><br>100<\/th><th>200<\/th><th>300<\/th><th>400<\/th><th>500<\/th><th>600<\/th><th>700<\/th><th>800<\/th><\/tr><\/thead><tbody><tr><td>Did\u017eiausias srautas m3\/h<\/td><td>1.000<\/td><td>2.000<\/td><td>3.000<\/td><td>3.200<\/td><td>4.000<\/td><td>5.5000<\/td><td>7.000<\/td><td>8.000<\/td><\/tr><tr><td>Prijungimo \/ i\u0161leidimo angos skersmuo mm<\/td><td>100<\/td><td>150<\/td><td>180<\/td><td>250\/315<\/td><td>250\/315<\/td><td>315\/355<\/td><td>315\/400<\/td><td>355\/400<\/td><\/tr><tr><td>Did\u017eiausias vakuumas Pa<\/td><td>1.400<\/td><td>1.600<\/td><td>2.300<\/td><td>3.150<\/td><td>3.400<\/td><td>3.400<\/td><td>3.400<\/td><td>3.950<\/td><\/tr><tr><td>Maitinimo \u012ftampa V<\/td><td>400<\/td><td>400<\/td><td>400<\/td><td>400<\/td><td>400<\/td><td>400<\/td><td>400<\/td><td>400<\/td><\/tr><tr><td>Galia kW<\/td><td>0.5<\/td><td>1.1<\/td><td>2.2<\/td><td>3.0<\/td><td>4.0<\/td><td>5.5<\/td><td>5.5<\/td><td>7.5<\/td><\/tr><tr><td>Matmenys (L\/W\/H)<\/td><td>535x450x480<\/td><td>595x520x555<\/td><td>640x535x610<\/td><td>711x700x1,012<\/td><td>711x700x1,012<\/td><td>737x700x1,062<\/td><td>762x700x1,062<\/td><td>820&#215;1,000&#215;1,198<\/td><\/tr><tr><td>Triuk\u0161mo lygis dB(A)<\/td><td>80<\/td><td>82<\/td><td>84<\/td><td>84<\/td><td>84<\/td><td>84<\/td><td>83<\/td><td>84<\/td><\/tr><\/tbody><\/table><\/figure>\n\n\n\n<div class=\"wp-block-buttons is-content-justification-center is-layout-flex wp-container-core-buttons-is-layout-a89b3969 wp-block-buttons-is-layout-flex\">\n<div class=\"wp-block-button\"><a class=\"wp-block-button__link wp-element-button\" href=\"https:\/\/obera.fr\/wp-content\/uploads\/2024\/04\/obera_brochure-rg-100-800-fr.pdf\">ATSISI\u0172STI GAMINIO DUOMEN\u0172 LAP\u0104<\/a><\/div>\n<\/div>\n\n\n\n<h2 class=\"wp-block-heading\">Daugiausia d\u0117mesio skirkite RG 100-RG 800 ventiliatori\u0173 privalumams<\/h2>\n\n\n\n<p>Naud\u0105 pirmiausia gauna \u017emon\u0117s, nes tai sprendimas, kuris gerokai pagerina oro kokyb\u0119 ir j\u016bs\u0173 komand\u0173 saugum\u0105. V\u0117lgi, kad darbuotojams b\u016bt\u0173 patogu, triuk\u0161mo lygis i\u0161lieka \u017eemas ir taip u\u017etikrinamas darbuotoj\u0173 produktyvumas.  <\/p>\n\n\n\n<p>Geras dulki\u0173 ir d\u016bm\u0173 i\u0161traukimas taip pat suma\u017eina gaisro ir sprogimo rizik\u0105, kuri gali kilti dulk\u0117ms susid\u016brus su kibirk\u0161timis arba u\u017esikim\u0161us gamybos ma\u0161inoms.<\/p>\n\n\n\n<p>Galiausiai, nepaisant kompakti\u0161ko dizaino, visi RG serijos i\u0161traukimo ventiliatoriai yra didelio na\u0161umo ir yra nedidel\u0117 investicija \u012f \u0161var\u0173 or\u0105 j\u016bs\u0173 dirbtuv\u0117se.<\/p>\n\n\n\n<div class=\"wp-block-columns is-layout-flex wp-container-core-columns-is-layout-28f84493 wp-block-columns-is-layout-flex\">\n<div class=\"wp-block-column is-layout-flow wp-block-column-is-layout-flow\" style=\"flex-basis:33.34%\">\n<h3 class=\"wp-block-heading\">Privalumai :<\/h3>\n\n\n\n<ul class=\"wp-block-list\">\n<li>Ma\u017eos eksploatavimo s\u0105naudos ;<\/li>\n\n\n\n<li>Tvirta konstrukcija.<\/li>\n<\/ul>\n<\/div>\n\n\n\n<div class=\"wp-block-column is-layout-flow wp-block-column-is-layout-flow\" style=\"flex-basis:33.34%\">\n<h3 class=\"wp-block-heading\">Specialiosios funkcijos:<\/h3>\n\n\n\n<ul class=\"wp-block-list\">\n<li>Kompakti\u0161kas dizainas;<\/li>\n\n\n\n<li>Vienos ar daugiau darbo viet\u0173 arba ma\u0161in\u0173 siurbimas;<\/li>\n\n\n\n<li>Gali b\u016bti derinamas su dulki\u0173 surinkimo arba surinkimo evakuacijos sistema.<\/li>\n<\/ul>\n<\/div>\n\n\n\n<div class=\"wp-block-column is-layout-flow wp-block-column-is-layout-flow\" style=\"flex-basis:33.33%\">\n<h3 class=\"wp-block-heading\">Savyb\u0117s :<\/h3>\n\n\n\n<ul class=\"wp-block-list\">\n<li>Platus varikli\u0173 charakteristik\u0173 asortimentas, atitinkantis pramon\u0117s klient\u0173 poreikius;<\/li>\n\n\n\n<li>Papildomi priedai: ner\u016bdijantis maistinis plienas, kintamoji srov\u0117 (RG 100 ir RG 200), kairysis variklis, kintamas i\u0161leidimo skersmuo, garso izoliacija ir sandarus korpusas, skirtas montuoti lauke.<\/li>\n<\/ul>\n<\/div>\n<\/div>\n\n\n\n<div class=\"wp-block-buttons is-horizontal is-content-justification-center is-layout-flex wp-container-core-buttons-is-layout-03627597 wp-block-buttons-is-layout-flex\">\n<div class=\"wp-block-button has-custom-width wp-block-button__width-100\"><a class=\"wp-block-button__link wp-element-button\" href=\"https:\/\/obera.fr\/lt\/susisiekite-su-mumis\/\">Su\u017einokite daugiau<\/a><\/div>\n<\/div>\n\n\n\n<h2 class=\"wp-block-heading\">Kiti pramoniniai dulki\u0173 siurbliai<\/h2>\n\n\n\n<div class=\"wp-block-columns is-layout-flex wp-container-core-columns-is-layout-28f84493 wp-block-columns-is-layout-flex\">\n<div class=\"wp-block-column is-layout-flow wp-block-column-is-layout-flow\">\n<figure class=\"wp-block-image aligncenter size-full is-resized\"><img decoding=\"async\" width=\"566\" height=\"671\" src=\"https:\/\/obera.fr\/wp-content\/uploads\/2024\/10\/w2-xr-2.png\" alt=\"Pramoniniai dulki\u0173 siurbliai\" class=\"wp-image-35431\" style=\"aspect-ratio:1;object-fit:cover;width:282px;height:auto\" srcset=\"https:\/\/obera.fr\/wp-content\/uploads\/2024\/10\/w2-xr-2.png 566w, https:\/\/obera.fr\/wp-content\/uploads\/2024\/10\/w2-xr-2-253x300.png 253w\" sizes=\"(max-width: 566px) 100vw, 566px\" \/><figcaption class=\"wp-element-caption\">W2 XR<\/figcaption><\/figure>\n<\/div>\n\n\n\n<div class=\"wp-block-column is-layout-flow wp-block-column-is-layout-flow\">\n<figure class=\"wp-block-image aligncenter size-full is-resized\"><img decoding=\"async\" width=\"711\" height=\"622\" src=\"https:\/\/obera.fr\/wp-content\/uploads\/2024\/10\/w2.png\" alt=\"Pramoniniai dulki\u0173 siurbliai\" class=\"wp-image-35424\" style=\"object-fit:cover;width:300px;height:300px\" srcset=\"https:\/\/obera.fr\/wp-content\/uploads\/2024\/10\/w2.png 711w, https:\/\/obera.fr\/wp-content\/uploads\/2024\/10\/w2-300x262.png 300w\" sizes=\"(max-width: 711px) 100vw, 711px\" \/><figcaption class=\"wp-element-caption\">W2<\/figcaption><\/figure>\n<\/div>\n\n\n\n<div class=\"wp-block-column is-layout-flow wp-block-column-is-layout-flow\">\n<figure class=\"wp-block-image aligncenter size-full is-resized\"><img decoding=\"async\" width=\"658\" height=\"652\" src=\"https:\/\/obera.fr\/wp-content\/uploads\/2024\/10\/w3.png\" alt=\"w3\" class=\"wp-image-35427\" style=\"object-fit:cover;width:300px;height:300px\" srcset=\"https:\/\/obera.fr\/wp-content\/uploads\/2024\/10\/w3.png 658w, https:\/\/obera.fr\/wp-content\/uploads\/2024\/10\/w3-300x297.png 300w, https:\/\/obera.fr\/wp-content\/uploads\/2024\/10\/w3-150x150.png 150w, https:\/\/obera.fr\/wp-content\/uploads\/2024\/10\/w3-24x24.png 24w, https:\/\/obera.fr\/wp-content\/uploads\/2024\/10\/w3-48x48.png 48w, https:\/\/obera.fr\/wp-content\/uploads\/2024\/10\/w3-96x96.png 96w\" sizes=\"(max-width: 658px) 100vw, 658px\" \/><figcaption class=\"wp-element-caption\">W3<\/figcaption><\/figure>\n<\/div>\n<\/div>\n\n\n\n<p><\/p>\n","protected":false},"excerpt":{"rendered":"<p>M\u016bs\u0173 kompakti\u0161k\u0173 ventiliatori\u0173 nuo RG 100 iki RG 800 asortimentas u\u017etikrina sveikesn\u0119 aplink\u0105, nes i\u0161traukia ir i\u0161stumia u\u017eter\u0161t\u0105 or\u0105 i\u0161 j\u016bs\u0173 darbo viet\u0173. RG serija: i\u0161traukiam\u0173j\u0173 ventiliatori\u0173 veikimas ir naudojimas RG serijos ventiliatoriai (100, 200, 300, 400, 500, 600, 700, 800) &#8211; tai sprendimai, skirti dulk\u0117ms, pramoniniams d\u016bmams ir kitiems j\u016bs\u0173 gamybos \u012frenginiuose susidarantiems ter\u0161alams i\u0161traukti. Jais cirkuliuoja i\u0161valytas oras ir suma\u017e\u0117ja sl\u0117gis. Universali ir kompakti\u0161ka sistema \u012fsiurbia or\u0105 sukurdama vakuum\u0105 ventiliatoriaus \u012f\u0117jime (sukasi sparnuot\u0117) ir naudodama korpuso viduje esant\u012f elektros varikl\u012f. D\u0117\u017e\u0117 nukreipia ir i\u0161stumia \u012fsiurbt\u0105 or\u0105 \u012f i\u0161\u0117jimo ang\u0105 (i\u0161or\u0119), kad jis b\u016bt\u0173 pa\u0161alintas i\u0161 darbo vietos. RG &#8230; <\/p>\n<p class=\"read-more-container\"><a title=\"I\u0161traukiamieji ventiliatoriai: EUROSOG RG 100-800 asortimentas\" class=\"read-more button\" href=\"https:\/\/obera.fr\/lt\/produits\/aspirateurs-industriels\/ventilateurs-aspiration-gamme-eurosog-rg-100-800\/#more-45328\" aria-label=\"Read more about I\u0161traukiamieji ventiliatoriai: EUROSOG RG 100-800 asortimentas\">Lire la suite<\/a><\/p>\n","protected":false},"author":4,"featured_media":83744,"parent":48504,"menu_order":0,"comment_status":"closed","ping_status":"closed","template":"","meta":{"_acf_changed":false,"_seopress_robots_primary_cat":"","_seopress_titles_title":"\"EUROSOG RG\" siurbimo ventiliatoriai - OberA","_seopress_titles_desc":"Atraskite nuo RG 100 iki RG 800 siurbimo \u012frenginius. Jie skirti oro kokybei pagerinti, nes i\u0161traukia dulkes, kvapus, d\u016bmus ir dujas.","_seopress_robots_index":"","footnotes":""},"class_list":{"0":"post-45328","1":"page","2":"type-page","3":"status-publish","4":"has-post-thumbnail","6":"no-featured-image-padding","7":"resize-featured-image"},"acf":[],"_links":{"self":[{"href":"https:\/\/obera.fr\/lt\/wp-json\/wp\/v2\/pages\/45328","targetHints":{"allow":["GET"]}}],"collection":[{"href":"https:\/\/obera.fr\/lt\/wp-json\/wp\/v2\/pages"}],"about":[{"href":"https:\/\/obera.fr\/lt\/wp-json\/wp\/v2\/types\/page"}],"author":[{"embeddable":true,"href":"https:\/\/obera.fr\/lt\/wp-json\/wp\/v2\/users\/4"}],"replies":[{"embeddable":true,"href":"https:\/\/obera.fr\/lt\/wp-json\/wp\/v2\/comments?post=45328"}],"version-history":[{"count":7,"href":"https:\/\/obera.fr\/lt\/wp-json\/wp\/v2\/pages\/45328\/revisions"}],"predecessor-version":[{"id":107657,"href":"https:\/\/obera.fr\/lt\/wp-json\/wp\/v2\/pages\/45328\/revisions\/107657"}],"up":[{"embeddable":true,"href":"https:\/\/obera.fr\/lt\/wp-json\/wp\/v2\/pages\/48504"}],"wp:featuredmedia":[{"embeddable":true,"href":"https:\/\/obera.fr\/lt\/wp-json\/wp\/v2\/media\/83744"}],"wp:attachment":[{"href":"https:\/\/obera.fr\/lt\/wp-json\/wp\/v2\/media?parent=45328"}],"curies":[{"name":"wp","href":"https:\/\/api.w.org\/{rel}","templated":true}]}}