{"id":46037,"date":"2022-11-23T11:48:48","date_gmt":"2022-11-23T09:48:48","guid":{"rendered":"https:\/\/obera.fr\/dustomat-hydro-stacionarus-dregnas-dulkiu-siurblys\/"},"modified":"2025-04-25T14:43:46","modified_gmt":"2025-04-25T12:43:46","slug":"depoussiereur-a-voie-humide-dustomat-hydro","status":"publish","type":"page","link":"https:\/\/obera.fr\/lt\/produits\/depoussiereurs-industriels\/fixes\/depoussiereur-a-voie-humide-dustomat-hydro\/","title":{"rendered":"DUSTOMAT HYDRO: stacionarus dr\u0117gnas dulki\u0173 siurblys"},"content":{"rendered":"\n<p>Susipa\u017einkite su m\u016bs\u0173 <strong>DUSTOMAT HYDRO dr\u0117gn\u0173 dulki\u0173 surinktuv\u0173<\/strong> asortimentu, kuriame suderintas na\u0161umas ir efektyvumas, skirtas labai degi\u0173 med\u017eiag\u0173 i\u0161traukimui.<\/p>\n\n\n\n<h2 class=\"wp-block-heading\">DUSTOMAT HYDRO pramoninis dulki\u0173 siurblys : kaip jis veikia ir kaip j\u012f naudoti?<\/h2>\n\n\n\n<div class=\"wp-block-columns is-layout-flex wp-container-core-columns-is-layout-28f84493 wp-block-columns-is-layout-flex\">\n<div class=\"wp-block-column is-layout-flow wp-block-column-is-layout-flow\" style=\"flex-basis:33.33%\">\n<figure class=\"wp-block-image aligncenter size-full is-resized\"><img decoding=\"async\" width=\"600\" height=\"600\" src=\"https:\/\/obera.fr\/wp-content\/uploads\/2022\/11\/dustomat-hydro-1.png\" alt=\"dustomat hydro 1\" class=\"wp-image-15989\" style=\"width:300px;height:300px\" srcset=\"https:\/\/obera.fr\/wp-content\/uploads\/2022\/11\/dustomat-hydro-1.png 600w, https:\/\/obera.fr\/wp-content\/uploads\/2022\/11\/dustomat-hydro-1-300x300.png 300w, https:\/\/obera.fr\/wp-content\/uploads\/2022\/11\/dustomat-hydro-1-150x150.png 150w\" sizes=\"(max-width: 600px) 100vw, 600px\" \/><\/figure>\n<\/div>\n\n\n\n<div class=\"wp-block-column is-vertically-aligned-center is-layout-flow wp-block-column-is-layout-flow\" style=\"flex-basis:66.66%\">\n<p>Pagrindinis DUSTOMAT HYDRO serijos privalumas &#8211; <strong>naujovi\u0161ka daugiapakop\u0117 atskyrimo technologija, skirta dulk\u0117ms ir kibirk\u0161tims surinkti<\/strong>. U\u017eter\u0161t\u0105 or\u0105 \u012fsiurbia \u012f dulki\u0173 surinktuv\u0105 \u012fmontuotas ventiliatorius. Oro greitis suma\u017einamas, tod\u0117l sunkios dalel\u0117s patenka \u012f regeneravimo talpykl\u0105: tai pirmasis pirminio daleli\u0173 atskyrimo etapas. Tada oras patenka pro <strong>hidrociklon\u0105<\/strong>, kuris, naudodamas i\u0161centrin\u0119 j\u0117g\u0105, atskiria smulkias daleles nuo vandens. \u0160ios dalel\u0117s sulaikomos vandenyje, o kibirk\u0161tys at\u0161aldomos, kad tapt\u0173 nekenksmingos. Paskutiniame filtravimo etape sulaikomos paskutin\u0117s smulkios dalel\u0117s, tod\u0117l oras lieka \u0161varus. \u0160i filtravimo technologija u\u017etikrina didel\u012f atskyrimo efektyvum\u0105 &#8211; iki 99,995 %.      <\/p>\n\n\n\n<p>Kam jie naudojami? DUSTOMAT HYDRO serijos <strong>dr\u0117gnieji separatoriai<\/strong> yra skirti labai degi\u0173 med\u017eiag\u0173 i\u0161traukimui arba darbo procesuose, kuriuose kyla kibirk\u0161tys. Jie tinka vienos ar keli\u0173 sto\u010di\u0173 metalo dulki\u0173 i\u0161traukimo sistemoms, pavyzd\u017eiui, <strong>\u0161lifuojant<\/strong>, <strong>\u0161epetuojant<\/strong> ir <strong>poliruojant<\/strong>. DUSTOMAT HYDRO taip pat atitinka ATEX standart\u0105, skirt\u0105 saugiam ir efektyviam naudojimui sprogioje aplinkoje. I\u0161 tikr\u0173j\u0173 \u0161ie <a href=\"https:\/\/obera.fr\/lt\/produits\/depoussiereurs-industriels\/fixes\/\" data-type=\"page\" data-id=\"389\">stacionar\u016bs dr\u0117gnojo dulki\u0173 surinkimo \u012frenginiai<\/a> yra labai populiar\u016bs<strong>metalo<\/strong>, <strong>chemijos<\/strong> ir <strong>maisto<\/strong><strong>pramon\u0117je<\/strong>, taip pat <strong>medienos ir amat\u0173 pramon\u0117je<\/strong>.    <\/p>\n\n\n\n<div class=\"wp-block-columns is-layout-flex wp-container-core-columns-is-layout-28f84493 wp-block-columns-is-layout-flex\">\n<div class=\"wp-block-column is-layout-flow wp-block-column-is-layout-flow\" style=\"flex-basis:33.33%\">\n<div class=\"wp-block-buttons is-layout-flex wp-block-buttons-is-layout-flex\">\n<div class=\"wp-block-button\"><a class=\"wp-block-button__link wp-element-button\" href=\"https:\/\/obera.fr\/wp-content\/uploads\/2025\/04\/brochure-dustomat-hydro-en.pdf\">ATSISI\u0172STI BRO\u0160I\u016aR\u0104<\/a><\/div>\n<\/div>\n<\/div>\n\n\n\n<div class=\"wp-block-column is-layout-flow wp-block-column-is-layout-flow\" style=\"flex-basis:33.34%\">\n<div class=\"wp-block-buttons is-horizontal is-content-justification-center is-layout-flex wp-container-core-buttons-is-layout-03627597 wp-block-buttons-is-layout-flex\">\n<div class=\"wp-block-button has-custom-width wp-block-button__width-100\"><a class=\"wp-block-button__link wp-element-button\" href=\"https:\/\/obera.fr\/lt\/susisiekite-su-mumis\/\">Su\u017einokite daugiau<\/a><\/div>\n<\/div>\n<\/div>\n\n\n\n<div class=\"wp-block-column is-layout-flow wp-block-column-is-layout-flow\" style=\"flex-basis:33.34%\">\n<div class=\"wp-block-buttons is-content-justification-center is-layout-flex wp-container-core-buttons-is-layout-a89b3969 wp-block-buttons-is-layout-flex\">\n<div class=\"wp-block-button btn-devis-source\"><a class=\"wp-block-button__link wp-element-button\" href=\"https:\/\/obera.fr\/lt\/devis\/\">Pra\u0161yti citatos<\/a><\/div>\n<\/div>\n\n\n<script>\r\ndocument.addEventListener('DOMContentLoaded', function() {\r\n    \/\/ 1. On cherche le titre H1 de la page\r\n    var h1 = document.querySelector('h1');\r\n    var productTitle = h1 ? h1.innerText.trim() : \"\";\r\n\r\n    \/\/ 2. On cherche les boutons via la classe CSS .btn-devis-source\r\n    var buttons = document.querySelectorAll('.btn-devis-source a');\r\n\r\n    \/\/ 3. Si on a le titre et les boutons, on ajoute le param\u00e8tre\r\n    if (buttons.length > 0 && productTitle !== \"\") {\r\n        var encodedTitle = encodeURIComponent(productTitle);\r\n\r\n        buttons.forEach(function(btn) {\r\n            var currentHref = btn.getAttribute('href');\r\n            \r\n            \/\/ S\u00e9curit\u00e9 pour ne pas ajouter le param\u00e8tre 2 fois\r\n            if (currentHref.indexOf('sujet=') === -1) {\r\n                var separator = currentHref.indexOf('?') !== -1 ? '&' : '?';\r\n                var newLink = currentHref + separator + 'sujet=' + encodedTitle;\r\n                \r\n                btn.setAttribute('href', newLink);\r\n            }\r\n        });\r\n    }\r\n});\r\n<\/script><\/div>\n<\/div>\n<\/div>\n<\/div>\n\n\n\n<div style=\"height:30px\" aria-hidden=\"true\" class=\"wp-block-spacer\"><\/div>\n\n\n\n<h2 class=\"wp-block-heading\">DUSTOMAT HYDRO dr\u0117gn\u0173 dulki\u0173 surink\u0117j\u0173 charakteristikos<\/h2>\n\n\n\n<p>DUSTOMAT HYDRO serij\u0105 sudaro <strong>4<\/strong> dr\u0117gn\u0173 <strong>dulki\u0173 siurbli\u0173 modeliai<\/strong>, kuri\u0173 na\u0161umas svyruoja nuo <strong>2 300 iki 10 000 m3\/h<\/strong>. Visi jie gali b\u016bti pla\u010diai naudojami metalo dro\u017el\u0117ms, suvirinimo d\u016bmams, aliuminio, plieno ir titano dulk\u0117ms, taip pat sprogi\u0173j\u0173 med\u017eiag\u0173 (pasirinktinai <a href=\"https:\/\/obera.fr\/conseils\/zone-atex-norme-atex-bases-protection-contre-risque-explosion\/\" data-type=\"post\" data-id=\"17925\">atitinkan\u010di\u0173 ATEX reikalavimus)<\/a> ir kibirk\u0161\u010diuojan\u010di\u0173 metalo dulki\u0173 i\u0161traukimui. D\u0117l \u0161io asortimento universalumo jis ypa\u010d efektyviai i\u0161traukia daleles, susidaran\u010dias \u0161lifuojant, poliruojant, pjaustant, frezuojant ir suvirinant.  <\/p>\n\n\n\n<p>Be to, &#8222;DUSTOMAT HYDRO&#8221; yra dulki\u0173 siurblys, kur\u012f galima i\u0161 tikr\u0173j\u0173 pritaikyti pramon\u0117s poreikiams. Be to, kad jis atitinka ATEX reikalavimus, galima pasirinkti special\u0173 da\u017eym\u0105 ir kintam\u0105 <strong>siurbimo antgalio<\/strong> pad\u0117t\u012f. Taip pat galite rinktis filtravimo med\u017eiag\u0105 (pavyzd\u017eiui, HEPA H 14 filtr\u0105, skirt\u0105 kancerogenin\u0117ms dalel\u0117ms). Be to <strong><a href=\"https:\/\/obera.fr\/lt\/produits\/depoussiereurs-industriels\/\" data-type=\"page\" data-id=\"31\">pramoniniai dulki\u0173 surinktuvai<\/a><\/strong> serijos dulki\u0173 siurbliai turi du galios lygius, konfig\u016bruojam\u0105 filtravimo sistem\u0105 (iki 4 filtravimo lygi\u0173) ir jutiklius, kurie automati\u0161kai reguliuoja vandens pripildym\u0105.   <\/p>\n\n\n\n<p>Kita DUSTOMAT HYDRO serijos ypatyb\u0117 &#8211; <strong>ma\u017eos technin\u0117s prie\u017ei\u016bros i\u0161laidos,<\/strong> nes smulki\u0173j\u0173 daleli\u0173 filtravimo sistema yra pasroviui.<\/p>\n\n\n\n<blockquote class=\"wp-block-quote is-layout-flow wp-block-quote-is-layout-flow\">\n<p>Naujovi\u0161ka DUSTOMAT HYDRO technologija: hidrociklono pagrindu veikianti atskyrimo sistema nuo pat pirmojo filtravimo lygio beveik visi\u0161kai pa\u0161alina kibirk\u0161tis ir degias dulkes (98,7 % atskyrimo lygis). Vandens turbulencijos kameroje saugiai sulaikomos net ma\u017eiausios \u2265 15 \u00b5m daleli\u0173 frakcijos, tod\u0117l &#8222;OberA&#8221; gali pakelti i\u0161ankstinio atskyrimo kokyb\u0119 \u012f nauj\u0105 lyg\u012f. Naudotojai gauna reik\u0161ming\u0105 naud\u0105: sutaupoma tolesn\u0117s sausojo atskyrimo sistemos filtravimo terp\u0117, tod\u0117l pailg\u0117ja tarnavimo laikas ir suma\u017e\u0117ja v\u0117lesn\u0117s i\u0161laidos.  <\/p>\n<\/blockquote>\n\n\n\n<div class=\"wp-block-columns is-layout-flex wp-container-core-columns-is-layout-28f84493 wp-block-columns-is-layout-flex\">\n<div class=\"wp-block-column is-layout-flow wp-block-column-is-layout-flow\">\n<h3 class=\"wp-block-heading has-text-align-center\" id=\"industries\">Pramon\u0117s \u0161akos<\/h3>\n\n\n\n<hr class=\"wp-block-separator has-css-opacity is-style-wide\"\/>\n\n\n\n<div class=\"wp-block-columns is-layout-flex wp-container-core-columns-is-layout-28f84493 wp-block-columns-is-layout-flex\">\n<div class=\"wp-block-column is-layout-flow wp-block-column-is-layout-flow\">\n<figure class=\"wp-block-image aligncenter size-full\"><img decoding=\"async\" width=\"150\" height=\"150\" src=\"https:\/\/obera.fr\/wp-content\/uploads\/2022\/02\/Metalurgie.png\" alt=\"metalo apdirbimo\" class=\"wp-image-8857\"\/><figcaption class=\"wp-element-caption\">Metalo apdirbimas<\/figcaption><\/figure>\n\n\n\n<figure class=\"wp-block-image aligncenter size-full\"><img decoding=\"async\" width=\"150\" height=\"150\" src=\"https:\/\/obera.fr\/wp-content\/uploads\/2022\/02\/Textile.png\" alt=\"tekstil\u0117\" class=\"wp-image-8855\"\/><figcaption class=\"wp-element-caption\">Tekstil\u0117<\/figcaption><\/figure>\n<\/div>\n\n\n\n<div class=\"wp-block-column is-layout-flow wp-block-column-is-layout-flow\">\n<figure class=\"wp-block-image aligncenter size-full\"><img decoding=\"async\" width=\"150\" height=\"150\" src=\"https:\/\/obera.fr\/wp-content\/uploads\/2022\/02\/Chimie.png\" alt=\"chemija\" class=\"wp-image-8846\"\/><figcaption class=\"wp-element-caption\">Chemija<\/figcaption><\/figure>\n\n\n\n<figure class=\"wp-block-image aligncenter size-full\"><img decoding=\"async\" width=\"150\" height=\"150\" src=\"https:\/\/obera.fr\/wp-content\/uploads\/2022\/02\/Plastique.png\" alt=\"plastikinis\" class=\"wp-image-8854\"\/><figcaption class=\"wp-element-caption\">Plastikinis<\/figcaption><\/figure>\n<\/div>\n\n\n\n<div class=\"wp-block-column is-layout-flow wp-block-column-is-layout-flow\">\n<figure class=\"wp-block-image aligncenter size-full\"><img decoding=\"async\" width=\"150\" height=\"150\" src=\"https:\/\/obera.fr\/wp-content\/uploads\/2022\/02\/MINERAIS.png\" alt=\"r\u016bdos\" class=\"wp-image-8847\"\/><figcaption class=\"wp-element-caption\">Mineralai<\/figcaption><\/figure>\n\n\n\n<figure class=\"wp-block-image aligncenter size-full\"><img decoding=\"async\" width=\"150\" height=\"150\" src=\"https:\/\/obera.fr\/wp-content\/uploads\/2022\/02\/Papier-carton.png\" alt=\"popierius ir kartonas\" class=\"wp-image-8853\"\/><figcaption class=\"wp-element-caption\">Popierius ir kartonas<\/figcaption><\/figure>\n<\/div>\n\n\n\n<div class=\"wp-block-column is-layout-flow wp-block-column-is-layout-flow\">\n<figure class=\"wp-block-image aligncenter size-full\"><img decoding=\"async\" width=\"150\" height=\"150\" src=\"https:\/\/obera.fr\/wp-content\/uploads\/2022\/02\/AGROALIMENTAIRE.png\" alt=\"\u017eem\u0117s \u016bkio ir maisto produkt\u0173\" class=\"wp-image-8844\"\/><figcaption class=\"wp-element-caption\">Maisto pramon\u0117<\/figcaption><\/figure>\n<\/div>\n<\/div>\n<\/div>\n<\/div>\n\n\n\n<figure class=\"wp-block-table\"><table class=\"has-fixed-layout\"><tbody><tr><td><\/td><td><\/td><td><strong>DUSTOMAT HYDRO 2300<\/strong><\/td><td><strong>DUSTOMAT HYDRO 3500<\/strong><\/td><td><strong>DUSTOMAT HYDRO 6000<\/strong><\/td><td><strong>DUSTOMAT HYDRO 10000<\/strong><\/td><\/tr><tr><td>Srautas<\/td><td>m3\/h<\/td><td>2 300<\/td><td>3 500<\/td><td>6 000<\/td><td>10 000<\/td><\/tr><tr><td>Maksimalus vakuumas<\/td><td>Pa<\/td><td>2 500<\/td><td>3 400<\/td><td>3 950<\/td><td>4 800<\/td><\/tr><tr><td>Maitinimas<\/td><td>kW<\/td><td>3<\/td><td>5,5<\/td><td>7.5<\/td><td>15<\/td><\/tr><tr><td>\u012eleidimo skersmuo<\/td><td>mm<\/td><td>180<\/td><td>224<\/td><td>280<\/td><td>400<\/td><\/tr><tr><td>Vandens jungtis<\/td><td>Coliai<\/td><td>3\/4<\/td><td>3\/4<\/td><td>3\/4<\/td><td>3\/4<\/td><\/tr><tr><td>Matmenys<\/td><td>l\/L\/h (mm)<\/td><td>850x850x2600<\/td><td>850x850x2600<\/td><td>1350 x 1550 x 3400<\/td><td>1350 x 1550 x 3400<\/td><\/tr><tr><td>Triuk\u0161mo lygis<\/td><td>dB(A)<\/td><td>70*<\/td><td>72*<\/td><td>73.4<\/td><td>76.1<\/td><\/tr><tr><td>Svoris<\/td><td>kg<\/td><td>340<\/td><td>380<\/td><td>750<\/td><td>870<\/td><\/tr><\/tbody><\/table><\/figure>\n\n\n\n<p>* be garso izoliacijos paketo: 75 db(A)<\/p>\n\n\n\n<div class=\"wp-block-columns is-layout-flex wp-container-core-columns-is-layout-28f84493 wp-block-columns-is-layout-flex\">\n<div class=\"wp-block-column is-layout-flow wp-block-column-is-layout-flow\"><\/div>\n\n\n\n<div class=\"wp-block-column is-layout-flow wp-block-column-is-layout-flow\">\n<div class=\"wp-block-buttons is-content-justification-center is-layout-flex wp-container-core-buttons-is-layout-a89b3969 wp-block-buttons-is-layout-flex\">\n<div class=\"wp-block-button btn-devis-source\"><a class=\"wp-block-button__link wp-element-button\" href=\"https:\/\/obera.fr\/lt\/devis\/\">Pra\u0161yti citatos<\/a><\/div>\n<\/div>\n\n\n<script>\r\ndocument.addEventListener('DOMContentLoaded', function() {\r\n    \/\/ 1. On cherche le titre H1 de la page\r\n    var h1 = document.querySelector('h1');\r\n    var productTitle = h1 ? h1.innerText.trim() : \"\";\r\n\r\n    \/\/ 2. On cherche les boutons via la classe CSS .btn-devis-source\r\n    var buttons = document.querySelectorAll('.btn-devis-source a');\r\n\r\n    \/\/ 3. Si on a le titre et les boutons, on ajoute le param\u00e8tre\r\n    if (buttons.length > 0 && productTitle !== \"\") {\r\n        var encodedTitle = encodeURIComponent(productTitle);\r\n\r\n        buttons.forEach(function(btn) {\r\n            var currentHref = btn.getAttribute('href');\r\n            \r\n            \/\/ S\u00e9curit\u00e9 pour ne pas ajouter le param\u00e8tre 2 fois\r\n            if (currentHref.indexOf('sujet=') === -1) {\r\n                var separator = currentHref.indexOf('?') !== -1 ? '&' : '?';\r\n                var newLink = currentHref + separator + 'sujet=' + encodedTitle;\r\n                \r\n                btn.setAttribute('href', newLink);\r\n            }\r\n        });\r\n    }\r\n});\r\n<\/script><\/div>\n\n\n\n<div class=\"wp-block-column is-layout-flow wp-block-column-is-layout-flow\">\n<div class=\"wp-block-buttons is-content-justification-center is-layout-flex wp-container-core-buttons-is-layout-a89b3969 wp-block-buttons-is-layout-flex\">\n<div class=\"wp-block-button\"><a class=\"wp-block-button__link wp-element-button\" href=\"https:\/\/obera.fr\/wp-content\/uploads\/2025\/04\/brochure-dustomat-hydro-en.pdf\">Atsisi\u0173sti bro\u0161i\u016br\u0105<\/a><\/div>\n<\/div>\n<\/div>\n\n\n\n<div class=\"wp-block-column is-layout-flow wp-block-column-is-layout-flow\"><\/div>\n<\/div>\n\n\n\n<h2 class=\"wp-block-heading\">DUSTOMAT HYDRO: kokie jo privalumai?  <\/h2>\n\n\n\n<p>&#8222;DUSTOMAT HYDRO&#8221; dulki\u0173 surink\u0117j\u0173 serija sprend\u017eia <strong>pagrindin\u0119 oro kokyb\u0117s problem\u0105 pramon\u0117je<\/strong>, gerindama gamybos grupi\u0173 sveikat\u0105 ir saug\u0105. <strong>Suma\u017einamas smulki\u0173 dulki\u0173<\/strong> ir ter\u0161al\u0173 <strong>poveikis<\/strong>, pagerinama cecho oro kokyb\u0117&#8230; Pasirinkti dr\u0117gn\u0105 dulki\u0173 surinktuv\u0105 rei\u0161kia sukurti sveikesn\u0119, malonesn\u0119 darbo aplink\u0105 ir laikytis galiojan\u010di\u0173 aplinkosaugos standart\u0173. Siekiant padidinti naudotojo komfort\u0105, \u0161ios serijos modeliai yra kompakti\u0161ki ir tyl\u016bs. Jei problema yra erdv\u0117, \u012frengin\u012f galima montuoti patalpoje arba lauke.  <\/p>\n\n\n\n<p>Saugumo po\u017ei\u016briu naujovi\u0161ka hidrociklono technologija <strong>u\u017etikrina, kad darbo vietos b\u016bt\u0173 kuo saugesn\u0117s<\/strong> dviem b\u016bdais: suma\u017eina dulki\u0173 sukeliamo gaisro pavoj\u0173 ir neleid\u017eia dulk\u0117ms kauptis ant \u012frangos bei sugadinti ma\u0161in\u0173.<\/p>\n\n\n\n<p>Kalbant apie gamintoj\u0173 reikalaujamas investicijas, <strong>sistema suprojektuota taip, kad sunaudot\u0173 nedaug vandens energijos,<\/strong> o tai rei\u0161kia, kad sutaupysite energijos s\u0105skaita.<\/p>\n\n\n\n<div class=\"wp-block-columns is-layout-flex wp-container-core-columns-is-layout-28f84493 wp-block-columns-is-layout-flex\">\n<div class=\"wp-block-column is-layout-flow wp-block-column-is-layout-flow\">\n<h3 class=\"wp-block-heading\">Privalumai :<\/h3>\n\n\n\n<ul class=\"wp-block-list\">\n<li>Didesnis saugumas net ir sprogioje aplinkoje;<\/li>\n\n\n\n<li>Ma\u017eos energijos ir vandens s\u0105naudos d\u0117l vandens reguliavimo;<\/li>\n\n\n\n<li>Lengva naudotis jutikliniu ekranu;<\/li>\n\n\n\n<li><strong> <\/strong>Lengva naudoti ir pri\u017ei\u016br\u0117ti, ma\u017eos eksploatavimo i\u0161laidos.<\/li>\n<\/ul>\n<\/div>\n\n\n\n<div class=\"wp-block-column is-layout-flow wp-block-column-is-layout-flow\">\n<h3 class=\"wp-block-heading\">Specialiosios funkcijos:<\/h3>\n\n\n\n<ul class=\"wp-block-list\">\n<li>Labai veiksminga daugiapakop\u0117 smulki\u0173 dulki\u0173, degi\u0173 dulki\u0173 ir kibirk\u0161\u010di\u0173 atskyrimo sistema;<\/li>\n\n\n\n<li>Atskyrimo efektyvumas iki 99,995 % ;<\/li>\n\n\n\n<li>Vienos arba keli\u0173 sto\u010di\u0173 i\u0161traukimas.<\/li>\n<\/ul>\n<\/div>\n\n\n\n<div class=\"wp-block-column is-layout-flow wp-block-column-is-layout-flow\">\n<h3 class=\"wp-block-heading\">Savyb\u0117s :<\/h3>\n\n\n\n<ul class=\"wp-block-list\">\n<li>Atitinka ATEX standart\u0105;<\/li>\n\n\n\n<li>Tylus veikimas;<\/li>\n\n\n\n<li>Pasirinktinai: recirkuliacija (suma\u017eina \u0161ildymo i\u0161laidas).<\/li>\n<\/ul>\n<\/div>\n<\/div>\n\n\n\n<div class=\"wp-block-columns is-layout-flex wp-container-core-columns-is-layout-28f84493 wp-block-columns-is-layout-flex\">\n<div class=\"wp-block-column is-layout-flow wp-block-column-is-layout-flow\">\n<figure class=\"wp-block-image size-full is-resized\"><img decoding=\"async\" width=\"600\" height=\"600\" src=\"https:\/\/obera.fr\/wp-content\/uploads\/2022\/11\/norme-atex.jpg\" alt=\"&quot;atex&quot; standartas\" class=\"wp-image-15992\" style=\"width:300px;height:300px\" srcset=\"https:\/\/obera.fr\/wp-content\/uploads\/2022\/11\/norme-atex.jpg 600w, https:\/\/obera.fr\/wp-content\/uploads\/2022\/11\/norme-atex-300x300.jpg 300w, https:\/\/obera.fr\/wp-content\/uploads\/2022\/11\/norme-atex-150x150.jpg 150w\" sizes=\"(max-width: 600px) 100vw, 600px\" \/><\/figure>\n<\/div>\n\n\n\n<div class=\"wp-block-column is-layout-flow wp-block-column-is-layout-flow\">\n<figure class=\"wp-block-image size-full is-resized\"><img decoding=\"async\" width=\"600\" height=\"600\" src=\"https:\/\/obera.fr\/wp-content\/uploads\/2022\/11\/dustomat-hydro-2.jpg\" alt=\"dustomat hydro 2\" class=\"wp-image-15995\" style=\"width:300px;height:300px\" srcset=\"https:\/\/obera.fr\/wp-content\/uploads\/2022\/11\/dustomat-hydro-2.jpg 600w, https:\/\/obera.fr\/wp-content\/uploads\/2022\/11\/dustomat-hydro-2-300x300.jpg 300w, https:\/\/obera.fr\/wp-content\/uploads\/2022\/11\/dustomat-hydro-2-150x150.jpg 150w\" sizes=\"(max-width: 600px) 100vw, 600px\" \/><\/figure>\n<\/div>\n\n\n\n<div class=\"wp-block-column is-layout-flow wp-block-column-is-layout-flow\">\n<figure class=\"wp-block-image size-full is-resized\"><img decoding=\"async\" width=\"600\" height=\"600\" src=\"https:\/\/obera.fr\/wp-content\/uploads\/2022\/11\/vanne-de-vidange.jpg\" alt=\"i\u0161leidimo vo\u017etuvas\" class=\"wp-image-15998\" style=\"width:300px;height:300px\" srcset=\"https:\/\/obera.fr\/wp-content\/uploads\/2022\/11\/vanne-de-vidange.jpg 600w, https:\/\/obera.fr\/wp-content\/uploads\/2022\/11\/vanne-de-vidange-300x300.jpg 300w, https:\/\/obera.fr\/wp-content\/uploads\/2022\/11\/vanne-de-vidange-150x150.jpg 150w\" sizes=\"(max-width: 600px) 100vw, 600px\" \/><\/figure>\n<\/div>\n<\/div>\n\n\n\n<div class=\"wp-block-buttons is-content-justification-center is-layout-flex wp-container-core-buttons-is-layout-a89b3969 wp-block-buttons-is-layout-flex\">\n<div class=\"wp-block-button\"><a class=\"wp-block-button__link wp-element-button\" href=\"https:\/\/obera.fr\/lt\/contact\/\">DUSTOMAT HYDRO bandymas<\/a><\/div>\n<\/div>\n","protected":false},"excerpt":{"rendered":"<p>Susipa\u017einkite su m\u016bs\u0173 DUSTOMAT HYDRO dr\u0117gn\u0173 dulki\u0173 surinktuv\u0173 asortimentu, kuriame suderintas na\u0161umas ir efektyvumas, skirtas labai degi\u0173 med\u017eiag\u0173 i\u0161traukimui. DUSTOMAT HYDRO pramoninis dulki\u0173 siurblys : kaip jis veikia ir kaip j\u012f naudoti? Pagrindinis DUSTOMAT HYDRO serijos privalumas &#8211; naujovi\u0161ka daugiapakop\u0117 atskyrimo technologija, skirta dulk\u0117ms ir kibirk\u0161tims surinkti. U\u017eter\u0161t\u0105 or\u0105 \u012fsiurbia \u012f dulki\u0173 surinktuv\u0105 \u012fmontuotas ventiliatorius. Oro greitis suma\u017einamas, tod\u0117l sunkios dalel\u0117s patenka \u012f regeneravimo talpykl\u0105: tai pirmasis pirminio daleli\u0173 atskyrimo etapas. Tada oras patenka pro hidrociklon\u0105, kuris, naudodamas i\u0161centrin\u0119 j\u0117g\u0105, atskiria smulkias daleles nuo vandens. \u0160ios dalel\u0117s sulaikomos vandenyje, o kibirk\u0161tys at\u0161aldomos, kad tapt\u0173 nekenksmingos. Paskutiniame filtravimo etape sulaikomos paskutin\u0117s &#8230; <\/p>\n<p class=\"read-more-container\"><a title=\"DUSTOMAT HYDRO: stacionarus dr\u0117gnas dulki\u0173 siurblys\" class=\"read-more button\" href=\"https:\/\/obera.fr\/lt\/produits\/depoussiereurs-industriels\/fixes\/depoussiereur-a-voie-humide-dustomat-hydro\/#more-46037\" aria-label=\"Read more about DUSTOMAT HYDRO: stacionarus dr\u0117gnas dulki\u0173 siurblys\">Lire la suite<\/a><\/p>\n","protected":false},"author":4,"featured_media":83744,"parent":47226,"menu_order":0,"comment_status":"closed","ping_status":"closed","template":"","meta":{"_acf_changed":false,"_seopress_robots_primary_cat":"","_seopress_titles_title":"D\u00e9poussi\u00e9reur \u00e0 voie humide DUSTOMAT HYDRO par oberA","_seopress_titles_desc":"D\u00e9couvrez notre gamme de d\u00e9poussi\u00e9reurs \u00e0 voie humide DUSTOMAT HYDRO alliant performance et efficacit\u00e9 pour l\u2019extraction de substances hautement inflammables.","_seopress_robots_index":"","footnotes":""},"class_list":{"0":"post-46037","1":"page","2":"type-page","3":"status-publish","4":"has-post-thumbnail","6":"no-featured-image-padding","7":"resize-featured-image"},"acf":[],"_links":{"self":[{"href":"https:\/\/obera.fr\/lt\/wp-json\/wp\/v2\/pages\/46037","targetHints":{"allow":["GET"]}}],"collection":[{"href":"https:\/\/obera.fr\/lt\/wp-json\/wp\/v2\/pages"}],"about":[{"href":"https:\/\/obera.fr\/lt\/wp-json\/wp\/v2\/types\/page"}],"author":[{"embeddable":true,"href":"https:\/\/obera.fr\/lt\/wp-json\/wp\/v2\/users\/4"}],"replies":[{"embeddable":true,"href":"https:\/\/obera.fr\/lt\/wp-json\/wp\/v2\/comments?post=46037"}],"version-history":[{"count":11,"href":"https:\/\/obera.fr\/lt\/wp-json\/wp\/v2\/pages\/46037\/revisions"}],"predecessor-version":[{"id":91980,"href":"https:\/\/obera.fr\/lt\/wp-json\/wp\/v2\/pages\/46037\/revisions\/91980"}],"up":[{"embeddable":true,"href":"https:\/\/obera.fr\/lt\/wp-json\/wp\/v2\/pages\/47226"}],"wp:featuredmedia":[{"embeddable":true,"href":"https:\/\/obera.fr\/lt\/wp-json\/wp\/v2\/media\/83744"}],"wp:attachment":[{"href":"https:\/\/obera.fr\/lt\/wp-json\/wp\/v2\/media?parent=46037"}],"curies":[{"name":"wp","href":"https:\/\/api.w.org\/{rel}","templated":true}]}}