{"id":46416,"date":"2020-08-26T12:42:28","date_gmt":"2020-08-26T10:42:28","guid":{"rendered":"https:\/\/obera.fr\/epur-box\/"},"modified":"2025-04-24T13:13:25","modified_gmt":"2025-04-24T11:13:25","slug":"aspiration-mobile-odeurs-epur-box","status":"publish","type":"page","link":"https:\/\/obera.fr\/lt\/produits\/traitement-cov\/aspiration-mobile-odeurs-epur-box\/","title":{"rendered":"&#8222;ePUR-BOX&#8221;"},"content":{"rendered":"\n\n\n\n<h2 class=\"wp-block-heading\">Mobilusis kvap\u0173 ir laki\u0173j\u0173 organini\u0173 jungini\u0173 i\u0161traukimo \u012frenginys<\/h2>\n\n\n\n<div class=\"wp-block-columns is-layout-flex wp-container-core-columns-is-layout-28f84493 wp-block-columns-is-layout-flex\">\n<div class=\"wp-block-column is-layout-flow wp-block-column-is-layout-flow\" style=\"flex-basis:33.33%\">\n<figure class=\"wp-block-image aligncenter size-full\"><img decoding=\"async\" width=\"1200\" height=\"1200\" src=\"https:\/\/obera.fr\/wp-content\/uploads\/2024\/05\/epurbox-brs.png\" alt=\"epurbox brs\" class=\"wp-image-30328\" srcset=\"https:\/\/obera.fr\/wp-content\/uploads\/2024\/05\/epurbox-brs.png 1200w, https:\/\/obera.fr\/wp-content\/uploads\/2024\/05\/epurbox-brs-300x300.png 300w, https:\/\/obera.fr\/wp-content\/uploads\/2024\/05\/epurbox-brs-1024x1024.png 1024w, https:\/\/obera.fr\/wp-content\/uploads\/2024\/05\/epurbox-brs-150x150.png 150w, https:\/\/obera.fr\/wp-content\/uploads\/2024\/05\/epurbox-brs-768x768.png 768w\" sizes=\"(max-width: 1200px) 100vw, 1200px\" \/><figcaption class=\"wp-element-caption\">ePURBOX  <\/figcaption><\/figure>\n<\/div>\n\n\n\n<div class=\"wp-block-column is-layout-flow wp-block-column-is-layout-flow\" style=\"flex-basis:66.66%\">\n<p><strong>&#8222;ePUR-BOX&#8221; &#8211;<\/strong> tai patogus, kompakti\u0161kas prietaisas su aktyvintosios anglies filtravimo sistema, skirta <a href=\"https:\/\/obera.fr\/lt\/produits\/traitement-cov\/\" data-type=\"URL\" data-id=\"https:\/\/obera.fr\/produits\/traitement-cov\/\">dujiniams ter\u0161alams, lakiosioms organin\u0117ms med\u017eiagoms ir kvapams valyti<\/a>.<\/p>\n\n\n\n<p>Prietaisas turi i\u0161ankstin\u012f dulki\u0173 ir d\u016bm\u0173 filtr\u0105. Pagrindin\u0117je filtravimo sistemoje naudojamos didelio efektyvumo aktyvintosios anglies kaset\u0117s, kurias galima pritaikyti prie valom\u0173 ter\u0161al\u0173. I\u0161filtruotas oras \u012fsiurbiamas per didelio efektyvumo EC ventiliatori\u0173 (naujausios technologijos elektronin\u0117 komutacija).  <\/p>\n\n\n\n<p>\u0160varus oras i\u0161leid\u017eiamas \u012frenginio apa\u010dioje i\u0161 3 pusi\u0173. EPURBOX turi 2 m ilgio besisukan\u010di\u0105 ranken\u0105, kad b\u016bt\u0173 galima veiksmingai surinkti ter\u0161alus j\u0173 susidarymo vietoje, kuo ar\u010diau i\u0161metam\u0173 ter\u0161al\u0173. <\/p>\n\n\n\n<div class=\"wp-block-columns is-layout-flex wp-container-core-columns-is-layout-28f84493 wp-block-columns-is-layout-flex\">\n<div class=\"wp-block-column is-layout-flow wp-block-column-is-layout-flow\" style=\"flex-basis:33.34%\">\n<div class=\"wp-block-buttons is-content-justification-center is-layout-flex wp-container-core-buttons-is-layout-a89b3969 wp-block-buttons-is-layout-flex\">\n<div class=\"wp-block-button\"><a class=\"wp-block-button__link wp-element-button\" href=\"https:\/\/obera.fr\/wp-content\/uploads\/2025\/04\/brochure-epurbox-atex-brs-en.pdf\">Atsisi\u0173sti bro\u0161i\u016br\u0105<\/a><\/div>\n<\/div>\n<\/div>\n\n\n\n<div class=\"wp-block-column is-layout-flow wp-block-column-is-layout-flow\" style=\"flex-basis:33.34%\">\n<div class=\"wp-block-buttons is-horizontal is-content-justification-center is-layout-flex wp-container-core-buttons-is-layout-03627597 wp-block-buttons-is-layout-flex\">\n<div class=\"wp-block-button has-custom-width wp-block-button__width-100\"><a class=\"wp-block-button__link wp-element-button\" href=\"https:\/\/obera.fr\/lt\/susisiekite-su-mumis\/\">Su\u017einokite daugiau<\/a><\/div>\n<\/div>\n<\/div>\n\n\n\n<div class=\"wp-block-column is-layout-flow wp-block-column-is-layout-flow\" style=\"flex-basis:33.33%\">\n<div class=\"wp-block-buttons is-content-justification-center is-layout-flex wp-container-core-buttons-is-layout-a89b3969 wp-block-buttons-is-layout-flex\">\n<div class=\"wp-block-button btn-devis-source\"><a class=\"wp-block-button__link wp-element-button\" href=\"https:\/\/obera.fr\/lt\/devis\/\">Pra\u0161yti citatos<\/a><\/div>\n<\/div>\n\n\n<script>\r\ndocument.addEventListener('DOMContentLoaded', function() {\r\n    \/\/ 1. On cherche le titre H1 de la page\r\n    var h1 = document.querySelector('h1');\r\n    var productTitle = h1 ? h1.innerText.trim() : \"\";\r\n\r\n    \/\/ 2. On cherche les boutons via la classe CSS .btn-devis-source\r\n    var buttons = document.querySelectorAll('.btn-devis-source a');\r\n\r\n    \/\/ 3. Si on a le titre et les boutons, on ajoute le param\u00e8tre\r\n    if (buttons.length > 0 && productTitle !== \"\") {\r\n        var encodedTitle = encodeURIComponent(productTitle);\r\n\r\n        buttons.forEach(function(btn) {\r\n            var currentHref = btn.getAttribute('href');\r\n            \r\n            \/\/ S\u00e9curit\u00e9 pour ne pas ajouter le param\u00e8tre 2 fois\r\n            if (currentHref.indexOf('sujet=') === -1) {\r\n                var separator = currentHref.indexOf('?') !== -1 ? '&' : '?';\r\n                var newLink = currentHref + separator + 'sujet=' + encodedTitle;\r\n                \r\n                btn.setAttribute('href', newLink);\r\n            }\r\n        });\r\n    }\r\n});\r\n<\/script><\/div>\n<\/div>\n<\/div>\n<\/div>\n\n\n\n<div class=\"wp-block-columns is-layout-flex wp-container-core-columns-is-layout-28f84493 wp-block-columns-is-layout-flex\">\n<div class=\"wp-block-column is-layout-flow wp-block-column-is-layout-flow\">\n<h3 class=\"wp-block-heading has-text-align-center\">Privalumai<\/h3>\n\n\n\n<ul class=\"wp-block-list\">\n<li>Efektyvus ir tikslus fiksavimas prie \u0161altinio<\/li>\n\n\n\n<li>Labai didelio efektyvumo EC ventiliatorius<\/li>\n\n\n\n<li>Duslintuvas<\/li>\n\n\n\n<li>Mobilus, lengvas ir lengvai valdomas<\/li>\n\n\n\n<li>Ma\u017eas p\u0117dsakas<\/li>\n\n\n\n<li>Lengva filtro prie\u017ei\u016bra<\/li>\n<\/ul>\n<\/div>\n\n\n\n<div class=\"wp-block-column is-layout-flow wp-block-column-is-layout-flow\">\n<h3 class=\"wp-block-heading has-text-align-center\">Specialiosios funkcijos<\/h3>\n\n\n\n<ul class=\"wp-block-list\">\n<li>Didelio efektyvumo aktyvuota anglis<\/li>\n\n\n\n<li>Pirminis dulki\u0173 ir d\u016bm\u0173 filtravimas<\/li>\n\n\n\n<li>Savaime i\u0161silaikanti siurbimo rankena su konstrukcija u\u017e srauto rib\u0173<\/li>\n<\/ul>\n<\/div>\n\n\n\n<div class=\"wp-block-column is-layout-flow wp-block-column-is-layout-flow\">\n<h3 class=\"wp-block-heading has-text-align-center\">Funkcijos<\/h3>\n\n\n\n<ul class=\"wp-block-list\">\n<li>Didelis surinkimo efektyvumas<\/li>\n\n\n\n<li>Pasirinktinai: specialus filtras litavimui ir papildomas apdorojimas aktyvuota anglimi.<\/li>\n<\/ul>\n<\/div>\n<\/div>\n\n\n\n<h2 class=\"wp-block-heading\">Parai\u0161kos<\/h2>\n\n\n\n<div class=\"wp-block-columns is-layout-flex wp-container-core-columns-is-layout-28f84493 wp-block-columns-is-layout-flex\">\n<div class=\"wp-block-column is-layout-flow wp-block-column-is-layout-flow\">\n<h3 class=\"wp-block-heading has-text-align-center\">Ter\u0161alai<\/h3>\n\n\n\n<hr class=\"wp-block-separator has-css-opacity is-style-wide\"\/>\n\n\n\n<div class=\"wp-block-columns is-layout-flex wp-container-core-columns-is-layout-28f84493 wp-block-columns-is-layout-flex\">\n<div class=\"wp-block-column is-layout-flow wp-block-column-is-layout-flow\">\n<figure class=\"wp-block-image aligncenter size-large is-resized\"><img decoding=\"async\" width=\"70\" height=\"70\" src=\"https:\/\/obera.fr\/wp-content\/uploads\/2020\/08\/polluants-poussieres.jpg\" alt=\"Ter\u0161alai Dulk\u0117s\" class=\"wp-image-675\" style=\"width:83px;height:undefinedpx\"\/><figcaption class=\"wp-element-caption\">Dulk\u0117s<\/figcaption><\/figure>\n\n\n\n<figure class=\"wp-block-image aligncenter size-large is-resized\"><img decoding=\"async\" width=\"70\" height=\"70\" src=\"https:\/\/obera.fr\/wp-content\/uploads\/2020\/09\/cov.png\" alt=\"Cov\" class=\"wp-image-959\" style=\"width:83px;height:undefinedpx\"\/><figcaption class=\"wp-element-caption\">VOCS<\/figcaption><\/figure>\n<\/div>\n\n\n\n<div class=\"wp-block-column is-layout-flow wp-block-column-is-layout-flow\">\n<figure class=\"wp-block-image aligncenter size-large is-resized\"><img decoding=\"async\" width=\"70\" height=\"70\" src=\"https:\/\/obera.fr\/wp-content\/uploads\/2020\/08\/industrie-odeur.jpg\" alt=\"Pramon\u0117s kvapas\" class=\"wp-image-723\" style=\"width:83px;height:undefinedpx\"\/><figcaption class=\"wp-element-caption\">Kvapai<\/figcaption><\/figure>\n\n\n\n<figure class=\"wp-block-image aligncenter size-large is-resized\"><img decoding=\"async\" width=\"70\" height=\"70\" src=\"https:\/\/obera.fr\/wp-content\/uploads\/2020\/08\/polluants-copeaux-bois.jpg\" alt=\"Ter\u0161alai Med\u017eio dro\u017el\u0117s\" class=\"wp-image-674\" style=\"width:83px;height:undefinedpx\"\/><figcaption class=\"wp-element-caption\">Chipsai<\/figcaption><\/figure>\n<\/div>\n<\/div>\n<\/div>\n\n\n\n<div class=\"wp-block-column is-layout-flow wp-block-column-is-layout-flow\">\n<h3 class=\"wp-block-heading has-text-align-center\">Pramon\u0117s \u0161akos<\/h3>\n\n\n\n<hr class=\"wp-block-separator has-css-opacity is-style-wide\"\/>\n\n\n\n<div class=\"wp-block-columns is-layout-flex wp-container-core-columns-is-layout-28f84493 wp-block-columns-is-layout-flex\">\n<div class=\"wp-block-column is-layout-flow wp-block-column-is-layout-flow\">\n<figure class=\"wp-block-image aligncenter size-large is-resized\"><img decoding=\"async\" width=\"70\" height=\"70\" src=\"https:\/\/obera.fr\/wp-content\/uploads\/2020\/08\/industrie-metallurgie.jpg\" alt=\"Metalurgijos pramon\u0117\" class=\"wp-image-673\" style=\"width:83px;height:undefinedpx\"\/><figcaption class=\"wp-element-caption\">Metalurgija<\/figcaption><\/figure>\n\n\n\n<figure class=\"wp-block-image aligncenter size-large is-resized\"><img decoding=\"async\" width=\"70\" height=\"70\" src=\"https:\/\/obera.fr\/wp-content\/uploads\/2020\/08\/industrie-plastique.jpg\" alt=\"Plastiko pramon\u0117\" class=\"wp-image-669\" style=\"width:83px;height:undefinedpx\"\/><figcaption class=\"wp-element-caption\">Plastmas\u0117s<\/figcaption><\/figure>\n<\/div>\n\n\n\n<div class=\"wp-block-column is-layout-flow wp-block-column-is-layout-flow\">\n<figure class=\"wp-block-image aligncenter size-large is-resized\"><img decoding=\"async\" width=\"70\" height=\"70\" src=\"https:\/\/obera.fr\/wp-content\/uploads\/2020\/10\/industrie-electronique.jpg\" alt=\"Elektronikos pramon\u0117\" class=\"wp-image-1283\" style=\"width:83px;height:undefinedpx\"\/><figcaption class=\"wp-element-caption\">Elektronika<\/figcaption><\/figure>\n<\/div>\n<\/div>\n<\/div>\n<\/div>\n\n\n\n<div class=\"wp-block-buttons is-horizontal is-content-justification-center is-layout-flex wp-container-core-buttons-is-layout-03627597 wp-block-buttons-is-layout-flex\">\n<div class=\"wp-block-button has-custom-width wp-block-button__width-100\"><a class=\"wp-block-button__link wp-element-button\" href=\"https:\/\/obera.fr\/lt\/susisiekite-su-mumis\/\">Su\u017einokite daugiau<\/a><\/div>\n<\/div>\n\n\n\n<h2 class=\"wp-block-heading\">Technin\u0117s specifikacijos<\/h2>\n\n\n\n<figure class=\"wp-block-table\"><table class=\"has-fixed-layout\"><thead><tr><th>\u012erenginys<\/th><th><\/th><th>&#8222;ePUR-BOX&#8221;<\/th><\/tr><\/thead><tbody><tr><td>Srautas<\/td><td>m3\/h<\/td><td>1 000<\/td><\/tr><tr><td>\u012eleidimo skersmuo<\/td><td>mm<\/td><td>140<\/td><\/tr><tr><td>maksimalus neigiamas sl\u0117gis<\/td><td>Pa<\/td><td>1 350<\/td><\/tr><tr><td>Maitinimo \u012ftampa<\/td><td>V<\/td><td>230<\/td><\/tr><tr><td>Maitinimas<\/td><td>kW<\/td><td>0.5<\/td><\/tr><tr><td>Aktyviosios anglies kiekis<\/td><td>kg<\/td><td>13<\/td><\/tr><tr><td>Matmenys<\/td><td>l\/L\/h (mm)<\/td><td>794 x 690 x 1 130<\/td><\/tr><tr><td>Svoris (su rankomis)<\/td><td>kg<\/td><td>100<\/td><\/tr><tr><td>Triuk\u0161mo lygis<\/td><td>dB(A)<\/td><td>74<\/td><\/tr><\/tbody><\/table><\/figure>\n\n\n\n<hr class=\"wp-block-separator has-css-opacity is-style-dots\"\/>\n\n\n\n<h2 class=\"wp-block-heading\">Kitos pramonin\u0117s LOJ ir kvap\u0173 naikinimo priemon\u0117s<\/h2>\n\n\n\n<div class=\"wp-block-columns is-layout-flex wp-container-core-columns-is-layout-28f84493 wp-block-columns-is-layout-flex\">\n<div class=\"wp-block-column is-layout-flow wp-block-column-is-layout-flow\">\n<figure class=\"wp-block-image aligncenter size-medium is-resized\"><a href=\"https:\/\/obera.fr\/produits\/purificateurs-air\/professionnel-epur-ca\/\"><img decoding=\"async\" width=\"300\" height=\"300\" src=\"https:\/\/obera.fr\/wp-content\/uploads\/2022\/02\/EPUR30-CA-300x300.png\" alt=\"epur30 ca\" class=\"wp-image-8923\" style=\"width:225px;height:225px\" srcset=\"https:\/\/obera.fr\/wp-content\/uploads\/2022\/02\/EPUR30-CA-300x300.png 300w, https:\/\/obera.fr\/wp-content\/uploads\/2022\/02\/EPUR30-CA-150x150.png 150w, https:\/\/obera.fr\/wp-content\/uploads\/2022\/02\/EPUR30-CA.png 500w\" sizes=\"(max-width: 300px) 100vw, 300px\" \/><\/a><figcaption class=\"wp-element-caption\">ePUR CA<\/figcaption><\/figure>\n<\/div>\n\n\n\n<div class=\"wp-block-column is-layout-flow wp-block-column-is-layout-flow\">\n<figure class=\"wp-block-image aligncenter size-medium is-resized\"><a href=\"https:\/\/obera.fr\/produits\/traitement-cov\/filtre-anti-poussiere-epur010-b-ca\/\"><img decoding=\"async\" width=\"300\" height=\"300\" src=\"https:\/\/obera.fr\/wp-content\/uploads\/2020\/09\/ePUR010B-CA-300x300.png\" alt=\"ePUR010 B CA\" class=\"wp-image-1038\" style=\"width:225px;height:225px\" srcset=\"https:\/\/obera.fr\/wp-content\/uploads\/2020\/09\/ePUR010B-CA-300x300.png 300w, https:\/\/obera.fr\/wp-content\/uploads\/2020\/09\/ePUR010B-CA-150x150.png 150w, https:\/\/obera.fr\/wp-content\/uploads\/2020\/09\/ePUR010B-CA.png 433w\" sizes=\"(max-width: 300px) 100vw, 300px\" \/><\/a><figcaption class=\"wp-element-caption\">ePUR010 B CA<\/figcaption><\/figure>\n\n\n\n<figure class=\"wp-block-image aligncenter size-medium is-resized\"><a href=\"https:\/\/obera.fr\/produits\/traitement-cov\/filtre-atex-mobile-mobfan-4500\/\"><img decoding=\"async\" width=\"300\" height=\"300\" src=\"https:\/\/obera.fr\/wp-content\/uploads\/2022\/03\/Filtre-mobile-ATEX-MOBFAN4500-300x300.png\" alt=\"&quot;atex&quot; mobilusis filtras mobfan4500\" class=\"wp-image-9464\" style=\"width:225px;height:225px\" srcset=\"https:\/\/obera.fr\/wp-content\/uploads\/2022\/03\/Filtre-mobile-ATEX-MOBFAN4500-300x300.png 300w, https:\/\/obera.fr\/wp-content\/uploads\/2022\/03\/Filtre-mobile-ATEX-MOBFAN4500-150x150.png 150w, https:\/\/obera.fr\/wp-content\/uploads\/2022\/03\/Filtre-mobile-ATEX-MOBFAN4500.png 500w\" sizes=\"(max-width: 300px) 100vw, 300px\" \/><\/a><figcaption class=\"wp-element-caption\">MOBFAN 4500<\/figcaption><\/figure>\n<\/div>\n\n\n\n<div class=\"wp-block-column is-layout-flow wp-block-column-is-layout-flow\">\n<figure class=\"wp-block-image aligncenter size-medium is-resized\"><a href=\"https:\/\/obera.fr\/produits\/depoussiereurs-industriels\/petits\/aspiration-fumees-soudage-laser-epur-b-ex\/\"><img decoding=\"async\" width=\"300\" height=\"300\" src=\"https:\/\/obera.fr\/wp-content\/uploads\/2023\/10\/epurb-ex-1000-3000-5000-300x300.png\" alt=\"oberA epur b ex 1000 3000 5000\" class=\"wp-image-25016\" style=\"width:225px;height:225px\" srcset=\"https:\/\/obera.fr\/wp-content\/uploads\/2023\/10\/epurb-ex-1000-3000-5000-300x300.png 300w, https:\/\/obera.fr\/wp-content\/uploads\/2023\/10\/epurb-ex-1000-3000-5000-150x150.png 150w, https:\/\/obera.fr\/wp-content\/uploads\/2023\/10\/epurb-ex-1000-3000-5000.png 600w\" sizes=\"(max-width: 300px) 100vw, 300px\" \/><\/a><figcaption class=\"wp-element-caption\">Epur B Ex<\/figcaption><\/figure>\n<\/div>\n<\/div>\n","protected":false},"excerpt":{"rendered":"<p>Mobilusis kvap\u0173 ir laki\u0173j\u0173 organini\u0173 jungini\u0173 i\u0161traukimo \u012frenginys &#8222;ePUR-BOX&#8221; &#8211; tai patogus, kompakti\u0161kas prietaisas su aktyvintosios anglies filtravimo sistema, skirta dujiniams ter\u0161alams, lakiosioms organin\u0117ms med\u017eiagoms ir kvapams valyti. Prietaisas turi i\u0161ankstin\u012f dulki\u0173 ir d\u016bm\u0173 filtr\u0105. Pagrindin\u0117je filtravimo sistemoje naudojamos didelio efektyvumo aktyvintosios anglies kaset\u0117s, kurias galima pritaikyti prie valom\u0173 ter\u0161al\u0173. I\u0161filtruotas oras \u012fsiurbiamas per didelio efektyvumo EC ventiliatori\u0173 (naujausios technologijos elektronin\u0117 komutacija). \u0160varus oras i\u0161leid\u017eiamas \u012frenginio apa\u010dioje i\u0161 3 pusi\u0173. EPURBOX turi 2 m ilgio besisukan\u010di\u0105 ranken\u0105, kad b\u016bt\u0173 galima veiksmingai surinkti ter\u0161alus j\u0173 susidarymo vietoje, kuo ar\u010diau i\u0161metam\u0173 ter\u0161al\u0173. Privalumai Specialiosios funkcijos Funkcijos Parai\u0161kos Ter\u0161alai Pramon\u0117s \u0161akos Technin\u0117s specifikacijos &#8230; <\/p>\n<p class=\"read-more-container\"><a title=\"&#8222;ePUR-BOX&#8221;\" class=\"read-more button\" href=\"https:\/\/obera.fr\/lt\/produits\/traitement-cov\/aspiration-mobile-odeurs-epur-box\/#more-46416\" aria-label=\"Read more about &#8222;ePUR-BOX&#8221;\">Lire la suite<\/a><\/p>\n","protected":false},"author":4,"featured_media":37374,"parent":46497,"menu_order":0,"comment_status":"closed","ping_status":"closed","template":"","meta":{"_acf_changed":false,"_seopress_robots_primary_cat":"","_seopress_titles_title":"\"ePUR-BOX\": mobilusis kvap\u0173 ir laki\u0173j\u0173 organini\u0173 jungini\u0173 i\u0161traukimo \u012frenginys","_seopress_titles_desc":"\"ePUR-BOX\" - tai patogus, kompakti\u0161kas \u012frenginys su prisotinimo filtru, skirtas retkar\u010diais atliekamiems suvirinimo darbams.","_seopress_robots_index":"","footnotes":""},"class_list":{"0":"post-46416","1":"page","2":"type-page","3":"status-publish","4":"has-post-thumbnail","6":"no-featured-image-padding","7":"resize-featured-image"},"acf":[],"_links":{"self":[{"href":"https:\/\/obera.fr\/lt\/wp-json\/wp\/v2\/pages\/46416","targetHints":{"allow":["GET"]}}],"collection":[{"href":"https:\/\/obera.fr\/lt\/wp-json\/wp\/v2\/pages"}],"about":[{"href":"https:\/\/obera.fr\/lt\/wp-json\/wp\/v2\/types\/page"}],"author":[{"embeddable":true,"href":"https:\/\/obera.fr\/lt\/wp-json\/wp\/v2\/users\/4"}],"replies":[{"embeddable":true,"href":"https:\/\/obera.fr\/lt\/wp-json\/wp\/v2\/comments?post=46416"}],"version-history":[{"count":14,"href":"https:\/\/obera.fr\/lt\/wp-json\/wp\/v2\/pages\/46416\/revisions"}],"predecessor-version":[{"id":88779,"href":"https:\/\/obera.fr\/lt\/wp-json\/wp\/v2\/pages\/46416\/revisions\/88779"}],"up":[{"embeddable":true,"href":"https:\/\/obera.fr\/lt\/wp-json\/wp\/v2\/pages\/46497"}],"wp:featuredmedia":[{"embeddable":true,"href":"https:\/\/obera.fr\/lt\/wp-json\/wp\/v2\/media\/37374"}],"wp:attachment":[{"href":"https:\/\/obera.fr\/lt\/wp-json\/wp\/v2\/media?parent=46416"}],"curies":[{"name":"wp","href":"https:\/\/api.w.org\/{rel}","templated":true}]}}