{"id":46497,"date":"2020-05-01T17:18:19","date_gmt":"2020-05-01T15:18:19","guid":{"rendered":"https:\/\/obera.fr\/musu-produktai\/loj-ir-kvapu-valymas\/"},"modified":"2025-04-22T09:35:15","modified_gmt":"2025-04-22T07:35:15","slug":"traitement-cov","status":"publish","type":"page","link":"https:\/\/obera.fr\/lt\/produits\/traitement-cov\/","title":{"rendered":"LOJ ir kvap\u0173 valymas"},"content":{"rendered":"\n<p>M\u016bs\u0173 <strong>pramoniniai laki\u0173j\u0173 organini\u0173 jungini\u0173 ir kvap\u0173 naikintuvai<\/strong> &#8211; tai \u012franga, specialiai sukurta <strong>dujiniams ter\u0161alams,<\/strong> tokiems kaip lak\u016bs organiniai junginiai (LOJ), kvapai, d\u016bmai ir \u012fvair\u016bs cheminiai junginiai, <strong>valyti<\/strong>. M\u016bs\u0173 \u012franga tinka vis\u0173 tip\u0173 pramonei. D\u0117l molekulinio filtravimo naudojant aktyvuot\u0105j\u0105 angl\u012f ter\u0161alai filtruojami ir sulaikomi adsorbcijos b\u016bdu.  <\/p>\n\n<p>Pramon\u0117s procesai ir darbo vietoje naudojami produktai i\u0161skiria dujinius ter\u0161alus, paprastai vadinamus LOJ. \u0160ie ter\u0161alai paprastai yra angliavandenili\u0173, tirpikli\u0173, sieros jungini\u0173 ir kt. junginiai. <\/p>\n\n<p>Jei \u012fmanoma, lakius organinius junginius (LOJ) reik\u0117t\u0173 <strong>i\u0161traukti<\/strong>, <strong>apdoroti<\/strong> ir <strong>i\u0161leisti \u012f i\u0161or\u0119<\/strong>.<\/p>\n\n<p>Daugeliu atvej\u0173 to padaryti ne\u012fmanoma, tod\u0117l netoli darbo vietos \u012frengus mobili\u0105 \u0161altinio surinkimo arba aplinkos apdorojimo sistem\u0105 galima gerokai suma\u017einti poveik\u012f operatoriui.<\/p>\n\n\n<h2 class=\"wp-block-heading\">M\u016bs\u0173 pramonini\u0173 kvap\u0173 ir laki\u0173j\u0173 organini\u0173 jungini\u0173 \u0161alinimo priemoni\u0173 asortimentas<\/h2>\n\n<div class=\"wp-block-columns is-layout-flex wp-container-core-columns-is-layout-28f84493 wp-block-columns-is-layout-flex\">\n<div class=\"wp-block-column is-layout-flow wp-block-column-is-layout-flow\">\n<h3 class=\"wp-block-heading has-text-align-center\"><a href=\"https:\/\/obera.fr\/lt\/produits\/purificateurs-air\/professionnel-epur-ca\/\">EPUR CA: Aplinkos tvarkymas<\/a><\/h3>\n\n\n\n<figure class=\"wp-block-image aligncenter size-medium\"><a href=\"https:\/\/obera.fr\/produits\/purificateurs-air\/professionnel-epur-ca\/\"><img decoding=\"async\" width=\"300\" height=\"300\" src=\"https:\/\/obera.fr\/wp-content\/uploads\/2020\/09\/gamme-epur-ca-300x300.jpg\" alt=\"Epur Ca diapazonas\" class=\"wp-image-1015\" srcset=\"https:\/\/obera.fr\/wp-content\/uploads\/2020\/09\/gamme-epur-ca-300x300.jpg 300w, https:\/\/obera.fr\/wp-content\/uploads\/2020\/09\/gamme-epur-ca-150x150.jpg 150w, https:\/\/obera.fr\/wp-content\/uploads\/2020\/09\/gamme-epur-ca.jpg 433w\" sizes=\"(max-width: 300px) 100vw, 300px\" \/><\/a><figcaption class=\"wp-element-caption\">ePUR CA<\/figcaption><\/figure>\n\n\n\n<p><a href=\"https:\/\/obera.fr\/lt\/produits\/purificateurs-air\/professionnel-epur-ca\/\" data-type=\"page\" data-id=\"409\">EPUR CA<\/a>&#8211; profesionali mobili oro valymo sistema, kuriai nereikia vamzdyn\u0173 ar surinkimo. Sukurta aplinkos ter\u0161al\u0173 surinkimui, ji da\u017enai naudojama kartu su \u0161altini\u0173 surinkimu, kad adsorbcijos b\u016bdu b\u016bt\u0173 i\u0161gaunami ir filtruojami LOJ ir kiti dujiniai ter\u0161alai. Aktyviosios anglies tip\u0105 galima pasirinkti i\u0161 plataus asortimento, priklausomai nuo konkre\u010diai valomo ter\u0161alo, kad b\u016bt\u0173 u\u017etikrintas optimalus veiksmingumas.    <\/p>\n\n\n\n<p><a href=\"https:\/\/obera.fr\/lt\/produits\/purificateurs-air\/\" data-type=\"page\" data-id=\"26\">&#8222;ePUR CA&#8221; oro valytuvai<\/a> i\u0161valo ir gerokai suma\u017eina nemalonius kvapus namuose. Kvapai veiksmingai sulaikomi. <\/p>\n\n\n\n<p><\/p>\n<\/div>\n<\/div>\n\n<div class=\"wp-block-columns is-layout-flex wp-container-core-columns-is-layout-28f84493 wp-block-columns-is-layout-flex\">\n<div class=\"wp-block-column is-layout-flow wp-block-column-is-layout-flow\">\n<h3 class=\"wp-block-heading has-text-align-center\"><a href=\"https:\/\/obera.fr\/lt\/produits\/traitement-cov\/filtre-anti-poussiere-epur010-b-ca\/\">EPUR 10 B CA<\/a><\/h3>\n\n\n\n<figure class=\"wp-block-image aligncenter size-medium\"><a href=\"https:\/\/obera.fr\/produits\/traitement-cov\/filtre-anti-poussiere-epur010-b-ca\/\"><img decoding=\"async\" width=\"300\" height=\"300\" src=\"https:\/\/obera.fr\/wp-content\/uploads\/2020\/09\/ePUR010B-CA-300x300.png\" alt=\"Epur 010 b Ca\" class=\"wp-image-1038\" srcset=\"https:\/\/obera.fr\/wp-content\/uploads\/2020\/09\/ePUR010B-CA-300x300.png 300w, https:\/\/obera.fr\/wp-content\/uploads\/2020\/09\/ePUR010B-CA-150x150.png 150w, https:\/\/obera.fr\/wp-content\/uploads\/2020\/09\/ePUR010B-CA.png 433w\" sizes=\"(max-width: 300px) 100vw, 300px\" \/><\/a><figcaption class=\"wp-element-caption\">ePUR 10 B CA<\/figcaption><\/figure>\n\n\n\n<p><a href=\"https:\/\/obera.fr\/lt\/produits\/traitement-cov\/filtre-anti-poussiere-epur010-b-ca\/\" data-type=\"page\" data-id=\"426\">EPUR 10 B CA<\/a> yra <strong>profesionali mobili sistema, skirta<\/strong> <strong>dujiniams ter\u0161alams, tokiems kaip garai,<\/strong> <strong>laki\u0173j\u0173 organini\u0173 jungini\u0173 (LOJ)<\/strong> ir <strong>kvap\u0173<\/strong>, <strong>surinkti i\u0161 \u0161altinio<\/strong> ir <strong>i\u0161valyti<\/strong> <strong>naudojant aktyvintosios anglies filtr\u0105<\/strong>&#8230;  <\/p>\n\n\n\n<p>\u0160is prietaisas ne tik pagerina oro kokyb\u0119 j\u016bs\u0173 darbo vietoje, bet ir u\u017etikrina, kad b\u016bt\u0173 laikomasi profesin\u0117s ekspozicijos ribini\u0173 ver\u010di\u0173<a href=\"https:\/\/obera.fr\/conseils\/reglementation-vlep-evaluation-risque-chimique-lieu-de-travail\/\" data-type=\"post\" data-id=\"6575\">.<\/a> J\u012f galima naudoti kaip \u0161altinio surinkimo \u012ftais\u0105, kai jis yra su rankena. Gaubt\u0105 ir ranken\u0105 galima lengvai nuimti, ir prietaisas tampa aplinkos oro valytuvu. \u0160iame \u012frenginyje galima \u012frengti 1 arba 2 molekulinio filtravimo pakopas (aktyvintosios anglies ar kit\u0173 adsorbent\u0173) ir (arba) 1 arba 2 pirmines kiet\u0173j\u0173 daleli\u0173 filtravimo pakopas.   <\/p>\n<\/div>\n\n\n\n<div class=\"wp-block-column is-layout-flow wp-block-column-is-layout-flow\">\n<h3 class=\"wp-block-heading has-text-align-center\"><a href=\"https:\/\/obera.fr\/lt\/produits\/traitement-cov\/aspiration-mobile-odeurs-epur-box\/\">EPUR-BOX<\/a><\/h3>\n\n\n\n<figure class=\"wp-block-image aligncenter size-medium is-resized\"><a href=\"https:\/\/obera.fr\/produits\/traitement-cov\/aspiration-mobile-odeurs-epur-box\/\"><img decoding=\"async\" width=\"300\" height=\"300\" src=\"https:\/\/obera.fr\/wp-content\/uploads\/2024\/05\/epurbox-brs-300x300.png\" alt=\"epurbox brs\" class=\"wp-image-30328\" style=\"object-fit:cover\" srcset=\"https:\/\/obera.fr\/wp-content\/uploads\/2024\/05\/epurbox-brs-300x300.png 300w, https:\/\/obera.fr\/wp-content\/uploads\/2024\/05\/epurbox-brs-1024x1024.png 1024w, https:\/\/obera.fr\/wp-content\/uploads\/2024\/05\/epurbox-brs-150x150.png 150w, https:\/\/obera.fr\/wp-content\/uploads\/2024\/05\/epurbox-brs-768x768.png 768w, https:\/\/obera.fr\/wp-content\/uploads\/2024\/05\/epurbox-brs.png 1200w\" sizes=\"(max-width: 300px) 100vw, 300px\" \/><\/a><figcaption class=\"wp-element-caption\">ePURBOX  <\/figcaption><\/figure>\n\n\n\n<p><a href=\"https:\/\/obera.fr\/lt\/produits\/traitement-cov\/aspiration-mobile-odeurs-epur-box\/\" data-type=\"page\" data-id=\"417\">&#8222;EPUR-BOX&#8221;<\/a> yra <strong>kompakti\u0161kas<\/strong> <strong>mobilus kvap\u0173 \u0161alintuvas<\/strong> su prisotinimo filtravimu, skirtas retkar\u010diais atliekamiems suvirinimo darbams. Dulk\u0117ms ir d\u016bmams skirtas i\u0161ankstinis filtras ir didelio efektyvumo aktyvintosios anglies pagrindinis filtras, pritaikomas prie valom\u0173 ter\u0161al\u0173, leid\u017eia filtruot\u0105 or\u0105 per tris apatin\u0117s \u012frenginio dalies puses v\u0117l \u012fleisti \u012f darbo viet\u0105.   <\/p>\n\n\n\n<p>EPUR-BOX turi dviej\u0173 metr\u0173 ilgio <strong>besisukan\u010di\u0105 rank\u0105<\/strong>, kad b\u016bt\u0173 galima efektyviai surinkti \u0161altin\u012f. Paprastai naudojamas metalo, plastiko ir elektronikos pramon\u0117je. <\/p>\n<\/div>\n<\/div>\n\n<div style=\"height:25px\" aria-hidden=\"true\" class=\"wp-block-spacer\"><\/div>\n\n<div class=\"wp-block-columns is-layout-flex wp-container-core-columns-is-layout-28f84493 wp-block-columns-is-layout-flex\">\n<div class=\"wp-block-column is-layout-flow wp-block-column-is-layout-flow\">\n<h3 class=\"wp-block-heading has-text-align-center\"><a href=\"https:\/\/obera.fr\/lt\/produits\/depoussiereurs-industriels\/petits\/aspiration-fumees-soudage-laser-epur-b-ex\/\" data-type=\"page\" data-id=\"480\">EPUR B EX 1000<\/a><\/h3>\n\n\n\n<figure class=\"wp-block-image aligncenter size-medium is-resized\"><a href=\"https:\/\/obera.fr\/produits\/depoussiereurs-industriels\/petits\/aspiration-fumees-soudage-laser-epur-b-ex\/\"><img decoding=\"async\" width=\"300\" height=\"300\" src=\"https:\/\/obera.fr\/wp-content\/uploads\/2022\/02\/ePURBEX-1000-300x300.png\" alt=\"epurbex 1000\" class=\"wp-image-8921\" srcset=\"https:\/\/obera.fr\/wp-content\/uploads\/2022\/02\/ePURBEX-1000-300x300.png 300w, https:\/\/obera.fr\/wp-content\/uploads\/2022\/02\/ePURBEX-1000-150x150.png 150w, https:\/\/obera.fr\/wp-content\/uploads\/2022\/02\/ePURBEX-1000.png 500w\" sizes=\"(max-width: 300px) 100vw, 300px\" \/><\/a><\/figure>\n\n\n\n<p><a href=\"https:\/\/obera.fr\/lt\/produits\/depoussiereurs-industriels\/petits\/aspiration-fumees-soudage-laser-epur-b-ex\/\" data-type=\"page\" data-id=\"480\">EPUR B Ex dulki\u0173 siurblys<\/a> yra <strong>mobilus kvapus ir LOJ naikinantis siurbimo \u012frenginys su aktyviosios anglies filtrais<\/strong>.<\/p>\n\n\n\n<p>Jis ypa\u010d tinka<strong>kvapiems d\u016bmams<\/strong> <strong>ir laki\u0173j\u0173 organini\u0173 jungini\u0173<\/strong><strong>d\u016bmams i\u0161traukti i\u0161<\/strong> proces\u0173, kuriuose skaidomos organin\u0117s med\u017eiagos arba garinami metalai (3D spausdinimas, adityvioji gamyba, graviravimas lazeriu, litavimas, klijavimas, valymas tirpikliais ir t. t.).<\/p>\n\n\n\n<p>\u0160iame \u012frenginyje yra didelis vakuumas, o oras i\u0161 \u0161altinio surenkamas viena arba dviem siurbimo \u017earnomis ir (arba) ant vir\u0161utinio \u012frenginio dangtelio esan\u010dia ranka.<\/p>\n\n\n\n<p>Jame gali b\u016bti 1 arba 2 molekulinio filtravimo pakopos (aktyvinta anglis) ir (arba) 1 arba 2 pirmin\u0117s kiet\u0173j\u0173 daleli\u0173 filtravimo pakopos. Tylus ir galingas, juo galima i\u0161siurbti iki trij\u0173 nedideli\u0173 darbo viet\u0173 arba nedideli\u0173 gamybos ma\u0161in\u0173. \u0160ie dulki\u0173 siurbliai tinkami naudoti <a href=\"https:\/\/obera.fr\/lt\/produits\/atex\/\" data-type=\"page\" data-id=\"372\">ATEX 22 zonoje<\/a>.  <\/p>\n<\/div>\n\n\n\n<div class=\"wp-block-column is-layout-flow wp-block-column-is-layout-flow\">\n<h3 class=\"wp-block-heading has-text-align-center\"><a href=\"https:\/\/obera.fr\/lt\/produits\/traitement-cov\/filtre-atex-mobile-mobfan-4500\/\" data-type=\"page\" data-id=\"9461\">MOBFAN 4500<\/a><\/h3>\n\n\n\n<figure class=\"wp-block-image aligncenter size-medium is-resized\"><a href=\"https:\/\/obera.fr\/produits\/traitement-cov\/filtre-atex-mobile-mobfan-4500\/\"><img decoding=\"async\" width=\"300\" height=\"300\" src=\"https:\/\/obera.fr\/wp-content\/uploads\/2022\/03\/Filtre-mobile-ATEX-MOBFAN4500-300x300.png\" alt=\"&quot;atex&quot; mobilusis filtras mobfan4500\" class=\"wp-image-9464\" srcset=\"https:\/\/obera.fr\/wp-content\/uploads\/2022\/03\/Filtre-mobile-ATEX-MOBFAN4500-300x300.png 300w, https:\/\/obera.fr\/wp-content\/uploads\/2022\/03\/Filtre-mobile-ATEX-MOBFAN4500-150x150.png 150w, https:\/\/obera.fr\/wp-content\/uploads\/2022\/03\/Filtre-mobile-ATEX-MOBFAN4500.png 500w\" sizes=\"(max-width: 300px) 100vw, 300px\" \/><\/a><\/figure>\n\n\n\n<p>Naujovi\u0161kas <a href=\"https:\/\/obera.fr\/lt\/produits\/traitement-cov\/filtre-atex-mobile-mobfan-4500\/\" data-type=\"page\" data-id=\"9461\">&#8222;MOBFAN 4500 ATEX&#8221; aktyvintosios anglies filtras <\/a>yra specialiai sukurtas kvapams, tirpikliams, LOJ ir kitiems dujiniams ter\u0161alams valyti.  <\/p>\n\n\n\n<p>Prietaisas puikiai prisitaiko prie j\u016bs\u0173 poreiki\u0173, nes j\u012f galima prijungti prie bet kokios siurbimo sistemos: siurbimo stalo, siurbimo atlo\u0161o, vamzdyn\u0173, ortaki\u0173, siurbimo ranken\u0173 ir kt.  <\/p>\n\n\n\n<p>Oras \u012fsiurbiamas 4500 m3\/val. ventiliatoriumi ir pu\u010diamas tiesiai per 36 kg kaset\u0119 su aktyvuota anglimi (18,5 kg).  <\/p>\n\n\n\n<p><strong>&#8222;MOBFAN 4500&#8221; yra sertifikuotas ATEX dulki\u0173 zonoje 22 ir ATEX duj\u0173 zonoje 2.<\/strong><\/p>\n<\/div>\n<\/div>\n\n<p>M\u016bs\u0173 filtrai gaminami i\u0161 <strong>granuliuotos aktyviosios anglies<\/strong>, tod\u0117l jie ilgiau tarnauja ir yra lengvesni. Tai taip pat padidina j\u0173 efektyvum\u0105, kitaip nei aktyvuotos anglies pluo\u0161tas. <\/p>\n\n<h2 class=\"wp-block-heading\">Kaip pasirinkti tinkam\u0105 kvap\u0173 ir laki\u0173j\u0173 organini\u0173 jungini\u0173 \u0161alinimo sistem\u0105?<\/h2>\n\n<p>Labai svarbu pasirinkti tinkam\u0105 filtravimo sistem\u0105, nes prie\u0161ingu atveju prietaisas gali b\u016bti netinkamas ir gali tekti per da\u017enai keisti eksploatacines med\u017eiagas arba jis gali labai greitai susid\u0117v\u0117ti ir nustoti veikti.<\/p>\n\n<p>\u0160tai pagrindiniai sp\u0105stai, kuri\u0173 reikia vengti:<\/p>\n\n<ul class=\"wp-block-list\">\n<li>Didelio <strong>dulki\u0173 kiekio dujini\u0173 ter\u0161al\u0173 siurbimas<\/strong>: \u0161iuo atveju labai greitai u\u017esikem\u0161a sodr\u016bs pirminiai filtrai, tod\u0117l juos reikia reguliariai pri\u017ei\u016br\u0117ti. Tod\u0117l geriau rinktis kiet\u0173j\u0173 daleli\u0173 filtravim\u0105 naudojant valymo dulki\u0173 surinkimo \u012frengin\u012f (pavyzd\u017eiui,<a href=\"https:\/\/obera.fr\/lt\/produits\/depoussiereurs-industriels\/mobiles\/extracteur-poussiere-pulverulente-dustomat-16m\/\" data-type=\"page\" data-id=\"449\">DUSTOMAT 16<\/a> arba <a href=\"https:\/\/obera.fr\/lt\/produits\/depoussiereurs-industriels\/mobiles\/extracteur-poussiere-dustomat-4\/\" data-type=\"page\" data-id=\"440\">DUSTOMAT 4<\/a> ) kartu su papildoma aktyvintosios anglies filtravimo pakopa. <\/li>\n\n\n\n<li><strong>Ter\u0161alai, kuri\u0173 ne\u012fmanoma arba sunku apdoroti aktyvintomis anglimis<\/strong>: ne visi ter\u0161alai gali b\u016bti adsorbuojami aktyvintomis anglimis. \u017dr. pagrindini\u0173 ter\u0161al\u0173 ir j\u0173 adsorbcijos galimybi\u0173 s\u0105ra\u0161\u0105) nuoroda \u012f fail\u0105 &#8222;Ter\u0161al\u0173 adsorbcijos potencialas&#8221;. <\/li>\n<\/ul>\n\n<p>Jei ie\u0161kote patys, b\u016btinai i\u0161siai\u0161kinkite apie <strong>\u012frenginio filtravimo<\/strong> paj\u0117gum\u0105. Tai priklausys nuo ter\u0161alo, jo b\u016bsenos (kietas ar dujinis) ir kiekio. Taip gal\u0117site pasirinkti, kokio tipo filtr\u0105 tur\u0117t\u0173 tur\u0117ti dulki\u0173 siurblys. Antra, turite su\u017einoti apie \u012frenginio gali\u0105, kitaip tariant, jo srauto greit\u012f. V\u0117lgi, <strong>\u012frenginio srauto greitis<\/strong> priklausys ne tik nuo j\u016bs\u0173 ter\u0161al\u0173 kiekio, bet ir nuo valomos patalpos pavir\u0161iaus ploto. Kuo didesn\u0117 erdv\u0117, tuo didesnis reikiamas srauto greitis.    <\/p>\n\n<p>Kitas \u017eingsnis &#8211; nuspr\u0119sti, kok\u012f <strong>pried\u0117l\u012f<\/strong> montuoti prie ma\u0161inos: ortak\u012f prijungti prie gamybos ma\u0161inos arba siurbimo ranken\u0105, skirt\u0105 darbo vietai.<\/p>\n\n<div class=\"wp-block-buttons is-horizontal is-content-justification-center is-layout-flex wp-container-core-buttons-is-layout-03627597 wp-block-buttons-is-layout-flex\">\n<div class=\"wp-block-button has-custom-width wp-block-button__width-100\"><a class=\"wp-block-button__link wp-element-button\" href=\"https:\/\/obera.fr\/lt\/susisiekite-su-mumis\/\">Su\u017einokite daugiau<\/a><\/div>\n<\/div>\n\n<p><\/p>\n\n<h2 class=\"wp-block-heading\">Koki\u0105 angl\u012f pasirinkti?<\/h2>\n\n<p>&#8222;OBERA&#8221; turi plat\u0173 aktyvint\u0173j\u0173 angli\u0173 ir adsorbent\u0173, pritaikyt\u0173 apdorotiems ter\u0161alams, asortiment\u0105.<\/p>\n\n<div class=\"wp-block-buttons is-content-justification-center is-layout-flex wp-container-core-buttons-is-layout-a89b3969 wp-block-buttons-is-layout-flex\">\n<div class=\"wp-block-button\"><a class=\"wp-block-button__link wp-element-button\" href=\"https:\/\/obera.fr\/wp-content\/uploads\/2020\/11\/52-odeurs.jpg\">Per\u017ei\u016br\u0117kite m\u016bs\u0173 aktyvint\u0105j\u0105 angl\u012f<\/a><\/div>\n<\/div>\n\n<p><\/p>\n\n<h3 class=\"wp-block-heading\">Kaip apskai\u010diuoti maksimal\u0173 aktyvintosios anglies tarnavimo laik\u0105?<\/h3>\n\n<p>Labai sunku prognozuoti aktyvintosios anglies \u012fkrovos tarnavimo laik\u0105.<\/p>\n\n<p>Ta\u010diau tai galima suprasti, jei \u017einoma vidutin\u0117 valomo ter\u0161alo koncentracija. Geriausiu atveju akmens angli\u0173 ter\u0161al\u0173 sulaikymo geba sudaro 50 % j\u0173 savitosios mas\u0117s. <\/p>\n\n<p>Anglies L ilgaam\u017ei\u0161kum\u0105 darbo valandomis galima apytiksliai apskai\u010diuoti pagal \u0161i\u0105 formul\u0119: L = (1000 x P x p \/ (Q x c)<\/p>\n\n<p>P &#8211; anglies \u012fkrovos mas\u0117 (kg), p &#8211; adsorbcijos potencialas %, Q &#8211; srautas m3\/h, c &#8211; ter\u0161alo koncentracija g\/m3.<\/p>\n\n<p>Paprastai keitimo da\u017enumas nustatomas atsi\u017evelgiant \u012f gr\u012f\u017etam\u0105j\u012f ry\u0161\u012f. Naudodamiesi valand\u0173 skaitikliu galite fiksuoti krovinio tarnavimo laik\u0105 ir reguliariai organizuoti periodin\u0119 profilaktin\u0119 prie\u017ei\u016br\u0105. <\/p>\n\n<h3 class=\"wp-block-heading\">Adsorbcijos principas<\/h3>\n\n<p>Adsorbcija (nepainioti su absorbcija) &#8211; tai kietojo k\u016bno (adsorbento) geb\u0117jimas savo pavir\u0161iuje suri\u0161ti tam tikras dujas, vadinamas adsorbentais. \u0160i adsorbento ir adsorbato trauka paprastai yra elektrostatin\u0117. <\/p>\n\n<p>Tod\u0117l adsorbentas yra med\u017eiaga (pvz., aktyvinta anglis), kuri d\u0117l savo chemini\u0173 savybi\u0173 gali pritraukti tam tikras dujas prie savo pavir\u0161iaus.<\/p>\n\n<p><\/p>\n\n<div class=\"wp-block-columns is-layout-flex wp-container-core-columns-is-layout-28f84493 wp-block-columns-is-layout-flex\">\n<div class=\"wp-block-column is-layout-flow wp-block-column-is-layout-flow\" style=\"flex-basis:25%\"><\/div>\n\n\n\n<div class=\"wp-block-column is-layout-flow wp-block-column-is-layout-flow\" style=\"flex-basis:50%\">\n<figure class=\"wp-block-embed is-type-video is-provider-youtube wp-block-embed-youtube wp-embed-aspect-16-9 wp-has-aspect-ratio\"><div class=\"wp-block-embed__wrapper\">\n<iframe title=\"Fonctionnement charbon actif - OberA\" width=\"1200\" height=\"675\" src=\"https:\/\/www.youtube.com\/embed\/eto9V0iSJOc?feature=oembed\" frameborder=\"0\" allow=\"accelerometer; autoplay; clipboard-write; encrypted-media; gyroscope; picture-in-picture; web-share\" referrerpolicy=\"strict-origin-when-cross-origin\" allowfullscreen><\/iframe>\n<\/div><\/figure>\n<\/div>\n\n\n\n<div class=\"wp-block-column is-layout-flow wp-block-column-is-layout-flow\" style=\"flex-basis:25%\"><\/div>\n<\/div>\n\n<p><\/p>\n\n<h2 class=\"wp-block-heading\">Kokias molekules ir kvapus naikina &#8222;OberA&#8221; laki\u0173j\u0173 organini\u0173 jungini\u0173 ir pramonini\u0173 kvap\u0173 naikintuvai?<\/h2>\n\n<p>Kvapus skleid\u017eiantys ter\u0161alai priskiriami skirtingoms kategorijoms:<\/p>\n\n<ul class=\"wp-block-list\">\n<li><strong>Sieros junginiai<\/strong> (H2S, CS2, COS, SO2, dimetilo disulfidas, merkaptanai, biodujos ir kt.)<\/li>\n\n\n\n<li><strong>Azoto junginiai<\/strong> (NH3, aminai ir kt.)<\/li>\n\n\n\n<li><strong>LOJ<\/strong> (lakiosios riebal\u0173 r\u016bg\u0161tys, fenoliai, policikliniai aromatiniai junginiai, aldehidai, tirpikliai, metiletilketonas MEK, formolai, ftalatai, acetonai, toluenai, ksilenai, stirenai, tioliai, formaldehidai ir kt.).<\/li>\n<\/ul>\n\n<p>Pramon\u0117s ir profesin\u0117s paskirties pastat\u0173 oro kvapai da\u017enai priklauso nuo temperat\u016bros. Paprastai kuo auk\u0161tesn\u0117 oro temperat\u016bra, tuo intensyvesni kvapai. <\/p>\n\n<h2 class=\"wp-block-heading\">Kokiose pramon\u0117s \u0161akose aptinkama kvapi\u0173j\u0173 molekuli\u0173 ir laki\u0173j\u0173 organini\u0173 jungini\u0173?<\/h2>\n\n<ul class=\"wp-block-list\">\n<li><strong>Plieno gamyklos ir liejyklos: <\/strong>blogi \u0161lako, LOJ ir fenolini\u0173 derv\u0173, \u0161erdies kvapai ir t. t. Kvap\u0173 naikintuv\u0105 lengva \u012frengti \u0161erdies cechuose, liejimo zonose ar net plieno gamykl\u0173 kontrol\u0117s ir prie\u017ei\u016bros patalpose. \u0160is laki\u0173j\u0173 organini\u0173 jungini\u0173 ir kvap\u0173 naikinimo sprendimas u\u017etikrina paprast\u0105 \u0161ios srities operatori\u0173 apsaug\u0105. <\/li>\n\n\n\n<li><strong>Plastmas\u0117s: <\/strong>blogas i\u0161lydyto ar sudeginto plastiko kvapas, liejimo ir \u012fpur\u0161kimo kvapai, LOJ, dervos ir stiklo pluo\u0161to kvapai ir garai, stireno garai, ekstruzijos kvapai, kvapai, i\u0161siskiriantys lydant termoplastinius ir termoreaktyvius polimerus.<\/li>\n\n\n\n<li><strong>Maisto pramon\u0117: <\/strong>blogi maisto gaminimo<strong>, <\/strong>kepimo ir d\u017eiovinimo, kepto maisto, malimo, mai\u0161ymo ir prieskoni\u0173 kvapai, kavos, aromatini\u0173 med\u017eiag\u0173 ir da\u017eikli\u0173 gamybos kvapai, blogi \u017euvies kvapai, r\u016bkymo kvapai, blogi fermentacijos ir mieli\u0173 kvapai.<\/li>\n\n\n\n<li><strong>Da\u017eymo ir apdailos dirbtuv\u0117s:<\/strong> da\u017e\u0173, lako, laki\u0173j\u0173 organini\u0173 jungini\u0173, laki\u0173j\u0173 organini\u0173 jungini\u0173 ir tirpikli\u0173 kvapai ir kt.<\/li>\n\n\n\n<li><strong>Spaustuv\u0117s:<\/strong> da\u017e\u0173, laki\u0173j\u0173 organini\u0173 jungini\u0173 ir tirpikli\u0173 kvapai ir t. t.<\/li>\n\n\n\n<li><strong>Meno k\u016brini\u0173 restauravimo ir konservavimo dirbtuv\u0117s: <\/strong>da\u017e\u0173, tirpikli\u0173 ir permetrino LOJ ir kvapai.<\/li>\n\n\n\n<li><strong>Atliekos:<\/strong> blogi kvapai i\u0161 atliek\u0173 sand\u0117liavimo, blogi kvapai i\u0161 \u0161iuk\u0161liad\u0117\u017ei\u0173 remonto dirbtuvi\u0173, r\u016b\u0161iavimo ir perdirbimo centr\u0173, kompostavimo, metanizacijos.<\/li>\n\n\n\n<li><strong>Cheminis valymas ir skalbimas:<\/strong> perchloretileno kvapai ir kt.<\/li>\n\n\n\n<li><strong>Mechaninis apdirbimas:<\/strong> laki\u0173j\u0173 organini\u0173 jungini\u0173 ir tirpikli\u0173 kvapai, pjovimo skys\u010di\u0173 kvapai, alyvos gar\u0173 kvapai ir kt.<\/li>\n\n\n\n<li><strong>Mediena: <\/strong>laki\u0173j\u0173 organini\u0173 jungini\u0173 ir kvap\u0173, atsirandan\u010di\u0173 d\u0117l klijavimo, briaun\u0173 klij\u0173 kvap\u0173, lakavimo kvap\u0173 ir kt.<\/li>\n\n\n\n<li><strong>Kosmetika:<\/strong> intensyv\u016bs eterini\u0173 aliej\u0173 kvapai gamyboje, sud\u0117ties darbo vietose, laki\u0173j\u0173 organini\u0173 jungini\u0173 ir tirpikli\u0173, alkoholi\u0173, pried\u0173 ir kt. kvapai.<\/li>\n\n\n\n<li><strong>Higienos produktai:<\/strong> koncentruoti kvepal\u0173 kvapai, eterini\u0173 aliej\u0173 kvapai ir t. t.<\/li>\n\n\n\n<li><strong>Biurai, atviro tipo patalpos, laukiamieji, valgyklos, slaugos namai: <\/strong>nemalon\u016bs kvapai, susij\u0119 su ventiliacija, tabako kvapai, maisto gaminimo kvapai, prakaito kvapai ir t. t.<\/li>\n<\/ul>\n\n<div class=\"wp-block-buttons is-horizontal is-content-justification-center is-layout-flex wp-container-core-buttons-is-layout-03627597 wp-block-buttons-is-layout-flex\">\n<div class=\"wp-block-button has-custom-width wp-block-button__width-100\"><a class=\"wp-block-button__link wp-element-button\" href=\"https:\/\/obera.fr\/lt\/susisiekite-su-mumis\/\">Su\u017einokite daugiau<\/a><\/div>\n<\/div>\n","protected":false},"excerpt":{"rendered":"<p>M\u016bs\u0173 pramoniniai laki\u0173j\u0173 organini\u0173 jungini\u0173 ir kvap\u0173 naikintuvai &#8211; tai \u012franga, specialiai sukurta dujiniams ter\u0161alams, tokiems kaip lak\u016bs organiniai junginiai (LOJ), kvapai, d\u016bmai ir \u012fvair\u016bs cheminiai junginiai, valyti. M\u016bs\u0173 \u012franga tinka vis\u0173 tip\u0173 pramonei. D\u0117l molekulinio filtravimo naudojant aktyvuot\u0105j\u0105 angl\u012f ter\u0161alai filtruojami ir sulaikomi adsorbcijos b\u016bdu. Pramon\u0117s procesai ir darbo vietoje naudojami produktai i\u0161skiria dujinius ter\u0161alus, paprastai vadinamus LOJ. \u0160ie ter\u0161alai paprastai yra angliavandenili\u0173, tirpikli\u0173, sieros jungini\u0173 ir kt. junginiai. Jei \u012fmanoma, lakius organinius junginius (LOJ) reik\u0117t\u0173 i\u0161traukti, apdoroti ir i\u0161leisti \u012f i\u0161or\u0119. Daugeliu atvej\u0173 to padaryti ne\u012fmanoma, tod\u0117l netoli darbo vietos \u012frengus mobili\u0105 \u0161altinio surinkimo arba aplinkos apdorojimo sistem\u0105 &#8230; <\/p>\n<p class=\"read-more-container\"><a title=\"LOJ ir kvap\u0173 valymas\" class=\"read-more button\" href=\"https:\/\/obera.fr\/lt\/produits\/traitement-cov\/#more-46497\" aria-label=\"Read more about LOJ ir kvap\u0173 valymas\">Lire la suite<\/a><\/p>\n","protected":false},"author":4,"featured_media":83744,"parent":38140,"menu_order":2,"comment_status":"closed","ping_status":"closed","template":"","meta":{"_acf_changed":false,"_seopress_robots_primary_cat":"","_seopress_titles_title":"Top destructeurs d\u2019odeur industriel et traitement des COV","_seopress_titles_desc":"Les destructeurs d\u2019odeurs d'oberA sont sp\u00e9cialement d\u00e9di\u00e9s aux traitements des polluants sous forme gazeuse comme les compos\u00e9s organiques volatils (COV).","_seopress_robots_index":"","footnotes":""},"class_list":{"0":"post-46497","1":"page","2":"type-page","3":"status-publish","4":"has-post-thumbnail","6":"no-featured-image-padding","7":"resize-featured-image"},"acf":[],"_links":{"self":[{"href":"https:\/\/obera.fr\/lt\/wp-json\/wp\/v2\/pages\/46497","targetHints":{"allow":["GET"]}}],"collection":[{"href":"https:\/\/obera.fr\/lt\/wp-json\/wp\/v2\/pages"}],"about":[{"href":"https:\/\/obera.fr\/lt\/wp-json\/wp\/v2\/types\/page"}],"author":[{"embeddable":true,"href":"https:\/\/obera.fr\/lt\/wp-json\/wp\/v2\/users\/4"}],"replies":[{"embeddable":true,"href":"https:\/\/obera.fr\/lt\/wp-json\/wp\/v2\/comments?post=46497"}],"version-history":[{"count":7,"href":"https:\/\/obera.fr\/lt\/wp-json\/wp\/v2\/pages\/46497\/revisions"}],"predecessor-version":[{"id":75749,"href":"https:\/\/obera.fr\/lt\/wp-json\/wp\/v2\/pages\/46497\/revisions\/75749"}],"up":[{"embeddable":true,"href":"https:\/\/obera.fr\/lt\/wp-json\/wp\/v2\/pages\/38140"}],"wp:featuredmedia":[{"embeddable":true,"href":"https:\/\/obera.fr\/lt\/wp-json\/wp\/v2\/media\/83744"}],"wp:attachment":[{"href":"https:\/\/obera.fr\/lt\/wp-json\/wp\/v2\/media?parent=46497"}],"curies":[{"name":"wp","href":"https:\/\/api.w.org\/{rel}","templated":true}]}}