{"id":46778,"date":"2020-08-26T13:07:28","date_gmt":"2020-08-26T11:07:28","guid":{"rendered":"https:\/\/obera.fr\/zemo-vidutinio-ir-auksto-slegio-vamzdynai\/"},"modified":"2025-06-03T14:43:22","modified_gmt":"2025-06-03T12:43:22","slug":"basse-moyenne-haute-pression","status":"publish","type":"page","link":"https:\/\/obera.fr\/lt\/produits\/tuyauteries-industrielles\/basse-moyenne-haute-pression\/","title":{"rendered":"\u017demo, vidutinio ir auk\u0161to sl\u0117gio vamzdynai"},"content":{"rendered":"\n<div class=\"wp-block-columns is-layout-flex wp-container-core-columns-is-layout-28f84493 wp-block-columns-is-layout-flex\">\n<div class=\"wp-block-column is-layout-flow wp-block-column-is-layout-flow\" style=\"flex-basis:33.33%\">\n<figure class=\"wp-block-image aligncenter size-large is-resized\"><img decoding=\"async\" src=\"https:\/\/obera.fr\/wp-content\/uploads\/2020\/11\/Tuyauterie-basse-moyenne-haute-pression-220x300.jpg\" alt=\"\" style=\"width:188px;height:auto\"\/><\/figure>\n<\/div>\n\n\n\n<div class=\"wp-block-column is-layout-flow wp-block-column-is-layout-flow\" style=\"flex-basis:66.66%\">\n<p>\u012evair\u016bs <strong>vamzd\u017eiai<\/strong> dulk\u0117ms ir ter\u0161alams perne\u0161ti.<\/p>\n\n\n\n<p>Vamzdyn\u0173 sistemos <strong>surenka dulkes ir d\u016bmus j\u0173 susidarymo vietoje<\/strong> ir perduoda juos \u012f dulki\u0173 \u0161alinimo ir filtravimo sistemas pagal pagrindinius aeraulikos principus.<\/p>\n\n\n\n<p>&#8222;OberA&#8221; turi plat\u0173 patikim\u0173, auk\u0161tos kokyb\u0117s <a href=\"https:\/\/obera.fr\/lt\/produits\/tuyauteries-industrielles\/\" data-type=\"page\" data-id=\"380\">pramonini\u0173 vamzdyn\u0173<\/a> asortiment\u0105, kad tiksliai ir lanks\u010diai prisitaikyt\u0173 prie konkre\u010di\u0173 siurbimo reikalavim\u0173.<\/p>\n\n\n\n<p>Norint pasiekti did\u017eiausi\u0105 siurbimo gali\u0105 ir optimizuoti energijos s\u0105naudas, labai svarbu tiksliai nustatyti vamzd\u017ei\u0173 tinklo dyd\u012f.<\/p>\n<\/div>\n<\/div>\n\n\n\n<div class=\"wp-block-columns are-vertically-aligned-center is-layout-flex wp-container-core-columns-is-layout-28f84493 wp-block-columns-is-layout-flex\">\n<div class=\"wp-block-column is-vertically-aligned-center is-layout-flow wp-block-column-is-layout-flow\" style=\"flex-basis:33.34%\">\n<div class=\"wp-block-buttons is-horizontal is-content-justification-center is-layout-flex wp-container-core-buttons-is-layout-03627597 wp-block-buttons-is-layout-flex\">\n<div class=\"wp-block-button has-custom-width wp-block-button__width-100\"><a class=\"wp-block-button__link wp-element-button\" href=\"https:\/\/obera.fr\/lt\/susisiekite-su-mumis\/\">Su\u017einokite daugiau<\/a><\/div>\n<\/div>\n<\/div>\n\n\n\n<div class=\"wp-block-column is-vertically-aligned-center is-layout-flow wp-block-column-is-layout-flow\" style=\"flex-basis:33.34%\">\n<div class=\"wp-block-buttons is-content-justification-center is-layout-flex wp-container-core-buttons-is-layout-a89b3969 wp-block-buttons-is-layout-flex\">\n<div class=\"wp-block-button btn-devis-source\"><a class=\"wp-block-button__link wp-element-button\" href=\"https:\/\/obera.fr\/lt\/devis\/\">Pra\u0161yti citatos<\/a><\/div>\n<\/div>\n\n\n<script>\r\ndocument.addEventListener('DOMContentLoaded', function() {\r\n    \/\/ 1. On cherche le titre H1 de la page\r\n    var h1 = document.querySelector('h1');\r\n    var productTitle = h1 ? h1.innerText.trim() : \"\";\r\n\r\n    \/\/ 2. On cherche les boutons via la classe CSS .btn-devis-source\r\n    var buttons = document.querySelectorAll('.btn-devis-source a');\r\n\r\n    \/\/ 3. Si on a le titre et les boutons, on ajoute le param\u00e8tre\r\n    if (buttons.length > 0 && productTitle !== \"\") {\r\n        var encodedTitle = encodeURIComponent(productTitle);\r\n\r\n        buttons.forEach(function(btn) {\r\n            var currentHref = btn.getAttribute('href');\r\n            \r\n            \/\/ S\u00e9curit\u00e9 pour ne pas ajouter le param\u00e8tre 2 fois\r\n            if (currentHref.indexOf('sujet=') === -1) {\r\n                var separator = currentHref.indexOf('?') !== -1 ? '&' : '?';\r\n                var newLink = currentHref + separator + 'sujet=' + encodedTitle;\r\n                \r\n                btn.setAttribute('href', newLink);\r\n            }\r\n        });\r\n    }\r\n});\r\n<\/script><\/div>\n\n\n\n<div class=\"wp-block-column is-vertically-aligned-center is-layout-flow wp-block-column-is-layout-flow\" style=\"flex-basis:33.33%\">\n<div class=\"wp-block-buttons is-content-justification-center is-layout-flex wp-container-core-buttons-is-layout-a89b3969 wp-block-buttons-is-layout-flex\">\n<div class=\"wp-block-button\"><a class=\"wp-block-button__link wp-element-button\" href=\"https:\/\/obera.fr\/wp-content\/uploads\/2025\/06\/brochure-tuyauterie-en.pdf\">ATSISI\u0172STI GAMINIO LAP\u0104<\/a><\/div>\n<\/div>\n<\/div>\n<\/div>\n\n\n\n<h2 class=\"wp-block-heading\">Vamzdyn\u0173 privalumai<\/h2>\n\n\n\n<div class=\"wp-block-columns is-layout-flex wp-container-core-columns-is-layout-28f84493 wp-block-columns-is-layout-flex\">\n<div class=\"wp-block-column is-layout-flow wp-block-column-is-layout-flow\">\n<h3 class=\"wp-block-heading has-text-align-center\"><strong>Privalumai<\/strong><\/h3>\n\n\n\n<ul class=\"wp-block-list\">\n<li>Platus asortimentas<\/li>\n\n\n\n<li>Optimalus srautas<\/li>\n\n\n\n<li>Tvirtas<\/li>\n\n\n\n<li>Lengva surinkti<\/li>\n\n\n\n<li>Didel\u0117s atsargos (prieinamumas)<\/li>\n<\/ul>\n<\/div>\n\n\n\n<div class=\"wp-block-column is-layout-flow wp-block-column-is-layout-flow\">\n<h3 class=\"wp-block-heading has-text-align-center\"><strong>Specialiosios funkcijos<\/strong><\/h3>\n\n\n\n<ul class=\"wp-block-list\">\n<li>\u017demas, vidutinis ir auk\u0161tas sl\u0117gis<\/li>\n\n\n\n<li>Auk\u0161to sl\u0117gio siurbimas<\/li>\n\n\n\n<li>Sl\u0117gis arba vakuumas<\/li>\n<\/ul>\n<\/div>\n\n\n\n<div class=\"wp-block-column is-layout-flow wp-block-column-is-layout-flow\">\n<h3 class=\"wp-block-heading has-text-align-center\"><strong>Funkcijos<\/strong><\/h3>\n\n\n\n<ul class=\"wp-block-list\">\n<li>Sl\u0117gis arba vakuumas<\/li>\n\n\n\n<li>Ilgis iki 6,0 m<\/li>\n\n\n\n<li>Nuo \u00d850 iki \u00d8159 skersmens yra sand\u0117lyje<\/li>\n\n\n\n<li>Patentuota jungiamoji mova ir gnybtai, u\u017etikrinantys elektros srov\u0117s vientisum\u0105<\/li>\n<\/ul>\n<\/div>\n<\/div>\n\n\n\n<div class=\"wp-block-buttons is-horizontal is-content-justification-center is-layout-flex wp-container-core-buttons-is-layout-03627597 wp-block-buttons-is-layout-flex\">\n<div class=\"wp-block-button\"><a class=\"wp-block-button__link wp-element-button\" href=\"https:\/\/obera.fr\/lt\/contact\/\">U\u017esisakykite kainora\u0161t\u012f<\/a><\/div>\n<\/div>\n\n\n\n<h2 class=\"wp-block-heading\">Parai\u0161kos<\/h2>\n\n\n\n<div class=\"wp-block-columns is-layout-flex wp-container-core-columns-is-layout-28f84493 wp-block-columns-is-layout-flex\">\n<div class=\"wp-block-column is-layout-flow wp-block-column-is-layout-flow\">\n<h3 class=\"wp-block-heading has-text-align-center\">Ter\u0161alai<\/h3>\n\n\n\n<hr class=\"wp-block-separator has-css-opacity is-style-wide\"\/>\n\n\n\n<div class=\"wp-block-columns is-layout-flex wp-container-core-columns-is-layout-28f84493 wp-block-columns-is-layout-flex\">\n<div class=\"wp-block-column is-layout-flow wp-block-column-is-layout-flow\">\n<figure class=\"wp-block-image aligncenter size-large\"><img decoding=\"async\" width=\"70\" height=\"70\" src=\"https:\/\/obera.fr\/wp-content\/uploads\/2020\/08\/polluants-poussieres.jpg\" alt=\"Ter\u0161alai Dulk\u0117s\" class=\"wp-image-675\"\/><figcaption class=\"wp-element-caption\">D\u016bmai<\/figcaption><\/figure>\n\n\n\n<figure class=\"wp-block-image aligncenter size-large\"><img decoding=\"async\" width=\"70\" height=\"70\" src=\"https:\/\/obera.fr\/wp-content\/uploads\/2020\/08\/industrie-odeur.jpg\" alt=\"Pramon\u0117s kvapas\" class=\"wp-image-723\"\/><figcaption class=\"wp-element-caption\">Kvapai<\/figcaption><\/figure>\n\n\n\n<figure class=\"wp-block-image aligncenter size-large\"><img decoding=\"async\" width=\"70\" height=\"70\" src=\"https:\/\/obera.fr\/wp-content\/uploads\/2020\/08\/industrie-brouillard-huile.jpg\" alt=\"Pramon\u0117s r\u016bko alyva\" class=\"wp-image-721\"\/><figcaption class=\"wp-element-caption\">Alyvos r\u016bkas<\/figcaption><\/figure>\n<\/div>\n\n\n\n<div class=\"wp-block-column is-layout-flow wp-block-column-is-layout-flow\">\n<figure class=\"wp-block-image aligncenter size-large\"><img decoding=\"async\" width=\"70\" height=\"70\" src=\"https:\/\/obera.fr\/wp-content\/uploads\/2020\/08\/industrie-fumees.jpg\" alt=\"Pramon\u0117s d\u016bmai\" class=\"wp-image-722\"\/><figcaption class=\"wp-element-caption\">D\u016bmai<\/figcaption><\/figure>\n\n\n\n<figure class=\"wp-block-image aligncenter size-large\"><img decoding=\"async\" width=\"70\" height=\"70\" src=\"https:\/\/obera.fr\/wp-content\/uploads\/2020\/09\/cov.png\" alt=\"Cov\" class=\"wp-image-959\"\/><figcaption class=\"wp-element-caption\">VOCS<\/figcaption><\/figure>\n\n\n\n<figure class=\"wp-block-image aligncenter size-large\"><img decoding=\"async\" width=\"70\" height=\"70\" src=\"https:\/\/obera.fr\/wp-content\/uploads\/2020\/08\/polluants-copeaux-bois.jpg\" alt=\"Ter\u0161alai Med\u017eio dro\u017el\u0117s\" class=\"wp-image-674\"\/><figcaption class=\"wp-element-caption\">Chipsai<\/figcaption><\/figure>\n<\/div>\n<\/div>\n<\/div>\n\n\n\n<div class=\"wp-block-column is-layout-flow wp-block-column-is-layout-flow\">\n<h3 class=\"wp-block-heading has-text-align-center\">Pramon\u0117s \u0161akos<\/h3>\n\n\n\n<hr class=\"wp-block-separator has-css-opacity is-style-wide\"\/>\n\n\n\n<div class=\"wp-block-columns is-layout-flex wp-container-core-columns-is-layout-28f84493 wp-block-columns-is-layout-flex\">\n<div class=\"wp-block-column is-layout-flow wp-block-column-is-layout-flow\">\n<figure class=\"wp-block-image aligncenter size-large\"><img decoding=\"async\" width=\"70\" height=\"70\" src=\"https:\/\/obera.fr\/wp-content\/uploads\/2020\/08\/industrie-metallurgie.jpg\" alt=\"Metalurgijos pramon\u0117\" class=\"wp-image-673\"\/><figcaption class=\"wp-element-caption\">Metalurgija<\/figcaption><\/figure>\n\n\n\n<figure class=\"wp-block-image aligncenter size-large\"><img decoding=\"async\" width=\"70\" height=\"70\" src=\"https:\/\/obera.fr\/wp-content\/uploads\/2020\/08\/industrie-chimie.jpg\" alt=\"Chemijos pramon\u0117\" class=\"wp-image-725\"\/><figcaption class=\"wp-element-caption\">Chemin\u0117s med\u017eiagos ir (arba) petrochemikalai<\/figcaption><\/figure>\n\n\n\n<figure class=\"wp-block-image aligncenter size-large\"><img decoding=\"async\" width=\"70\" height=\"70\" src=\"https:\/\/obera.fr\/wp-content\/uploads\/2020\/08\/industrie-minerai.jpg\" alt=\"R\u016bdos pramon\u0117\" class=\"wp-image-724\"\/><figcaption class=\"wp-element-caption\">Mineralai<\/figcaption><\/figure>\n\n\n\n<figure class=\"wp-block-image aligncenter size-large\"><img decoding=\"async\" width=\"70\" height=\"70\" src=\"https:\/\/obera.fr\/wp-content\/uploads\/2020\/08\/industrie-papier-carton.jpg\" alt=\"Popieriaus ir kartono pramon\u0117\" class=\"wp-image-670\"\/><figcaption class=\"wp-element-caption\">Popierius ir kartonas<\/figcaption><\/figure>\n<\/div>\n\n\n\n<div class=\"wp-block-column is-layout-flow wp-block-column-is-layout-flow\">\n<figure class=\"wp-block-image aligncenter size-large\"><img decoding=\"async\" width=\"70\" height=\"70\" src=\"https:\/\/obera.fr\/wp-content\/uploads\/2020\/08\/industrie-plastique.jpg\" alt=\"Plastiko pramon\u0117\" class=\"wp-image-669\"\/><figcaption class=\"wp-element-caption\">Plastmas\u0117s<\/figcaption><\/figure>\n\n\n\n<figure class=\"wp-block-image aligncenter size-large\"><img decoding=\"async\" width=\"70\" height=\"70\" src=\"https:\/\/obera.fr\/wp-content\/uploads\/2020\/08\/industrie-bois.jpg\" alt=\"Medienos pramon\u0117\" class=\"wp-image-672\"\/><figcaption class=\"wp-element-caption\">Medienos apdirbimas<\/figcaption><\/figure>\n\n\n\n<figure class=\"wp-block-image aligncenter size-large\"><img decoding=\"async\" width=\"70\" height=\"70\" src=\"https:\/\/obera.fr\/wp-content\/uploads\/2020\/08\/industrie-textile.jpg\" alt=\"Tekstil\u0117s pramon\u0117\" class=\"wp-image-671\"\/><figcaption class=\"wp-element-caption\">Tekstil\u0117<\/figcaption><\/figure>\n\n\n\n<figure class=\"wp-block-image aligncenter size-large\"><img decoding=\"async\" width=\"70\" height=\"70\" src=\"https:\/\/obera.fr\/wp-content\/uploads\/2020\/08\/industrie-dechets.jpg\" alt=\"Pramon\u0117s atliekos\" class=\"wp-image-726\"\/><figcaption class=\"wp-element-caption\">Atliek\u0173 surinkimas ir r\u016b\u0161iavimas<\/figcaption><\/figure>\n<\/div>\n<\/div>\n<\/div>\n<\/div>\n\n\n\n<div class=\"wp-block-buttons is-horizontal is-content-justification-center is-layout-flex wp-container-core-buttons-is-layout-03627597 wp-block-buttons-is-layout-flex\">\n<div class=\"wp-block-button has-custom-width wp-block-button__width-100\"><a class=\"wp-block-button__link wp-element-button\" href=\"https:\/\/obera.fr\/lt\/susisiekite-su-mumis\/\">Su\u017einokite daugiau<\/a><\/div>\n<\/div>\n\n\n\n<hr class=\"wp-block-separator has-css-opacity is-style-dots\"\/>\n\n\n\n<h2 class=\"wp-block-heading\">Kiti pramonini\u0173 vamzdyn\u0173 asortimento produktai :<\/h2>\n\n\n\n<div class=\"wp-block-columns is-layout-flex wp-container-core-columns-is-layout-28f84493 wp-block-columns-is-layout-flex\">\n<div class=\"wp-block-column is-layout-flow wp-block-column-is-layout-flow\">\n<figure class=\"wp-block-image aligncenter size-thumbnail\"><a href=\"https:\/\/obera.fr\/produits\/tuyauteries-industrielles\/gaines-lisses-acier\/\"><img decoding=\"async\" width=\"150\" height=\"150\" src=\"https:\/\/obera.fr\/wp-content\/uploads\/2020\/11\/Gaines-lisses-150x150.jpg\" alt=\"Lyg\u016bs apvalkalai\" class=\"wp-image-1735\" srcset=\"https:\/\/obera.fr\/wp-content\/uploads\/2020\/11\/Gaines-lisses-150x150.jpg 150w, https:\/\/obera.fr\/wp-content\/uploads\/2020\/11\/Gaines-lisses-300x300.jpg 300w, https:\/\/obera.fr\/wp-content\/uploads\/2020\/11\/Gaines-lisses.jpg 433w\" sizes=\"(max-width: 150px) 100vw, 150px\" \/><\/a><figcaption class=\"wp-element-caption\">Lyg\u016bs apvalkalai<\/figcaption><\/figure>\n<\/div>\n\n\n\n<div class=\"wp-block-column is-layout-flow wp-block-column-is-layout-flow\">\n<figure class=\"wp-block-image aligncenter size-thumbnail\"><a href=\"https:\/\/obera.fr\/produits\/tuyauteries-industrielles\/gaines-spiralees\/\"><img decoding=\"async\" width=\"150\" height=\"150\" src=\"https:\/\/obera.fr\/wp-content\/uploads\/2020\/11\/Gaines-spiralees-150x150.jpg\" alt=\"Spiraliniai apvalkalai\" class=\"wp-image-1736\" srcset=\"https:\/\/obera.fr\/wp-content\/uploads\/2020\/11\/Gaines-spiralees-150x150.jpg 150w, https:\/\/obera.fr\/wp-content\/uploads\/2020\/11\/Gaines-spiralees-300x300.jpg 300w, https:\/\/obera.fr\/wp-content\/uploads\/2020\/11\/Gaines-spiralees.jpg 433w\" sizes=\"(max-width: 150px) 100vw, 150px\" \/><\/a><figcaption class=\"wp-element-caption\">Spiraliniai ortakiai<\/figcaption><\/figure>\n<\/div>\n<\/div>\n\n\n\n<p><\/p>\n","protected":false},"excerpt":{"rendered":"<p>\u012evair\u016bs vamzd\u017eiai dulk\u0117ms ir ter\u0161alams perne\u0161ti. Vamzdyn\u0173 sistemos surenka dulkes ir d\u016bmus j\u0173 susidarymo vietoje ir perduoda juos \u012f dulki\u0173 \u0161alinimo ir filtravimo sistemas pagal pagrindinius aeraulikos principus. &#8222;OberA&#8221; turi plat\u0173 patikim\u0173, auk\u0161tos kokyb\u0117s pramonini\u0173 vamzdyn\u0173 asortiment\u0105, kad tiksliai ir lanks\u010diai prisitaikyt\u0173 prie konkre\u010di\u0173 siurbimo reikalavim\u0173. Norint pasiekti did\u017eiausi\u0105 siurbimo gali\u0105 ir optimizuoti energijos s\u0105naudas, labai svarbu tiksliai nustatyti vamzd\u017ei\u0173 tinklo dyd\u012f. Vamzdyn\u0173 privalumai Privalumai Specialiosios funkcijos Funkcijos Parai\u0161kos Ter\u0161alai Pramon\u0117s \u0161akos Kiti pramonini\u0173 vamzdyn\u0173 asortimento produktai :<\/p>\n","protected":false},"author":4,"featured_media":83744,"parent":48739,"menu_order":0,"comment_status":"closed","ping_status":"closed","template":"","meta":{"_acf_changed":false,"_seopress_robots_primary_cat":"","_seopress_titles_title":"\u017demo, vidutinio ir auk\u0161to sl\u0117gio pramoniniai vamzdynai","_seopress_titles_desc":"Vamzdyn\u0173 sistemos surenka dulkes ir d\u016bmus j\u0173 susidarymo vietoje ir perduoda juos \u012f dulki\u0173 i\u0161traukimo sistemas.","_seopress_robots_index":"","footnotes":""},"class_list":{"0":"post-46778","1":"page","2":"type-page","3":"status-publish","4":"has-post-thumbnail","6":"no-featured-image-padding","7":"resize-featured-image"},"acf":[],"_links":{"self":[{"href":"https:\/\/obera.fr\/lt\/wp-json\/wp\/v2\/pages\/46778","targetHints":{"allow":["GET"]}}],"collection":[{"href":"https:\/\/obera.fr\/lt\/wp-json\/wp\/v2\/pages"}],"about":[{"href":"https:\/\/obera.fr\/lt\/wp-json\/wp\/v2\/types\/page"}],"author":[{"embeddable":true,"href":"https:\/\/obera.fr\/lt\/wp-json\/wp\/v2\/users\/4"}],"replies":[{"embeddable":true,"href":"https:\/\/obera.fr\/lt\/wp-json\/wp\/v2\/comments?post=46778"}],"version-history":[{"count":6,"href":"https:\/\/obera.fr\/lt\/wp-json\/wp\/v2\/pages\/46778\/revisions"}],"predecessor-version":[{"id":108307,"href":"https:\/\/obera.fr\/lt\/wp-json\/wp\/v2\/pages\/46778\/revisions\/108307"}],"up":[{"embeddable":true,"href":"https:\/\/obera.fr\/lt\/wp-json\/wp\/v2\/pages\/48739"}],"wp:featuredmedia":[{"embeddable":true,"href":"https:\/\/obera.fr\/lt\/wp-json\/wp\/v2\/media\/83744"}],"wp:attachment":[{"href":"https:\/\/obera.fr\/lt\/wp-json\/wp\/v2\/media?parent=46778"}],"curies":[{"name":"wp","href":"https:\/\/api.w.org\/{rel}","templated":true}]}}