{"id":46873,"date":"2020-08-26T12:34:20","date_gmt":"2020-08-26T10:34:20","guid":{"rendered":"https:\/\/obera.fr\/musu-produktai\/pramoniniai-dulkiu-surinktuvai\/mobilieji-dulkiu-surinktuvai\/"},"modified":"2025-06-30T10:04:09","modified_gmt":"2025-06-30T08:04:09","slug":"mobiles","status":"publish","type":"page","link":"https:\/\/obera.fr\/lt\/produits\/depoussiereurs-industriels\/mobiles\/","title":{"rendered":"Mobilieji dulki\u0173 surinktuvai"},"content":{"rendered":"\n<p>M\u016bs\u0173 <strong>mobilieji dulki\u0173 surinktuvai<\/strong> &#8211; tai galingi <a href=\"https:\/\/obera.fr\/lt\/produits\/depoussiereurs-industriels\/\" data-type=\"page\" data-id=\"31\">pramoniniai dulki\u0173 surinktuvai<\/a>, kuriuos lengva perve\u017eti. \u0160ie \u012frenginiai puikiai prisitaiko prie aplinkos, kad b\u016bt\u0173 u\u017etikrintas optimalus darbo komfortas ir garantuotas efektyvumas.   <\/p>\n\n<p>\u0160ios <strong>oro tvarkymo<\/strong> sistemos skirtos tiesiogiai prijungti prie gamybos ma\u0161in\u0173 ortaki\u0173 tinklu arba i\u0161traukti or\u0105 i\u0161 mobilios darbo vietos naudojant <a href=\"https:\/\/obera.fr\/lt\/produits\/bras-dispositifs-captation\/capot-industriel\/\">\u012fsiurbimo ranken\u0105<\/a> ar i\u0161traukimo gaubt\u0105, kad b\u016bt\u0173 galima surinkti vis\u0173 r\u016b\u0161i\u0173 dulkes ir didelius ter\u0161al\u0173 kiekius tiesiai i\u0161 \u0161altinio.<\/p>\n\n\n<h2 class=\"wp-block-heading\">M\u016bs\u0173 si\u016blom\u0173 mobili\u0173j\u0173 dulki\u0173 siurbli\u0173 asortimentas :<\/h2>\n\n<div class=\"wp-block-columns is-layout-flex wp-container-core-columns-is-layout-28f84493 wp-block-columns-is-layout-flex\">\n<div class=\"wp-block-column is-vertically-aligned-top is-layout-flow wp-block-column-is-layout-flow\">\n<h3 class=\"wp-block-heading has-text-align-center\"><a href=\"https:\/\/obera.fr\/lt\/produits\/depoussiereurs-industriels\/mobiles\/extracteur-de-poussiere-dustomat-dry\/\">DUSTOMAT DRY<\/a><\/h3>\n\n\n\n<figure class=\"wp-block-image aligncenter size-medium is-resized\"><a href=\"https:\/\/obera.fr\/produits\/depoussiereurs-industriels\/mobiles\/extracteur-de-poussiere-dustomat-dry\/\"><img decoding=\"async\" width=\"300\" height=\"300\" src=\"https:\/\/obera.fr\/wp-content\/uploads\/2023\/09\/dustomat-dry-300x300.png\" alt=\"dustomat sausas\" class=\"wp-image-24355\" srcset=\"https:\/\/obera.fr\/wp-content\/uploads\/2023\/09\/dustomat-dry-300x300.png 300w, https:\/\/obera.fr\/wp-content\/uploads\/2023\/09\/dustomat-dry-150x150.png 150w, https:\/\/obera.fr\/wp-content\/uploads\/2023\/09\/dustomat-dry.png 320w\" sizes=\"(max-width: 300px) 100vw, 300px\" \/><\/a><figcaption class=\"wp-element-caption\">DUSTOMAT DRY<\/figcaption><\/figure>\n\n\n\n<p>DUSTOMAT DRY yra <a href=\"https:\/\/obera.fr\/lt\/produits\/depoussiereurs-industriels\/mobiles\/extracteur-de-poussiere-dustomat-dry\/#more-24274\">dulki\u0173 i\u0161traukimo<\/a> sistema, idealiai tinkanti \u012fvairiems pramon\u0117s sektoriams. Ja galima veiksmingai pa\u0161alinti dulki\u0173 daleles ir dro\u017eles tiesiogiai i\u0161 gamybos ma\u0161in\u0173 arba prijungus prie i\u0161traukimo gaubto, i\u0161traukimo svirties ar vamzdyn\u0173 tinklo. Galimi keturi\u0173 galingumo lygi\u0173 \u012frenginiai, tinkami vidutiniam srautui nuo 2000 iki 3500 kubini\u0173 metr\u0173 per valand\u0105.  <\/p>\n\n\n\n<p>Nepaisant didel\u0117s siurbimo galios, DUSTOMAT DRY veikia itin tyliai ir taupiai. Jame taip pat yra pirminis separatorius, galintis surinkti sunkias ir stambias daleles. \u0160ios sistemos technin\u0117 prie\u017ei\u016bra supaprastinama, nes filtrams valyti naudojamas susl\u0117gtas oras, kuris ne tik palengvina technin\u0119 prie\u017ei\u016br\u0105, bet ir padeda prailginti filtr\u0173 tarnavimo laik\u0105.<\/p>\n\n\n\n<p class=\"has-text-align-center\">Galima <a href=\"https:\/\/obera.fr\/lt\/produits\/atex\/\">ATEX<\/a> versija.<\/p>\n<\/div>\n\n\n\n<div class=\"wp-block-column is-vertically-aligned-top is-layout-flow wp-block-column-is-layout-flow\">\n<h3 class=\"wp-block-heading has-text-align-center\"><strong><a href=\"https:\/\/obera.fr\/lt\/produits\/depoussiereurs-industriels\/mobiles\/aspiration-poussiere-dustomat-10\/\">DUSTOMAT 10<\/a><\/strong><\/h3>\n\n\n\n<figure class=\"wp-block-image aligncenter size-medium is-resized\"><a href=\"https:\/\/obera.fr\/produits\/depoussiereurs-industriels\/mobiles\/aspiration-poussiere-dustomat-10\/\"><img decoding=\"async\" width=\"300\" height=\"300\" src=\"https:\/\/obera.fr\/wp-content\/uploads\/2020\/10\/extracteur-poussiere-mobile-DUSTOMAT-10-300x300.png\" alt=\"&quot;Dustomat 10&quot; mobilusis dulki&#x173; siurblys\" class=\"wp-image-1306\" srcset=\"https:\/\/obera.fr\/wp-content\/uploads\/2020\/10\/extracteur-poussiere-mobile-DUSTOMAT-10-300x300.png 300w, https:\/\/obera.fr\/wp-content\/uploads\/2020\/10\/extracteur-poussiere-mobile-DUSTOMAT-10-150x150.png 150w, https:\/\/obera.fr\/wp-content\/uploads\/2020\/10\/extracteur-poussiere-mobile-DUSTOMAT-10.png 600w\" sizes=\"(max-width: 300px) 100vw, 300px\" \/><\/a><figcaption class=\"wp-element-caption\">DUSTOMAT 10<\/figcaption><\/figure>\n\n\n\n<p><a href=\"https:\/\/obera.fr\/lt\/produits\/depoussiereurs-industriels\/mobiles\/aspiration-poussiere-dustomat-10\/\" data-type=\"page\" data-id=\"445\">DUSTOMAT 10 dulki\u0173 siurblys<\/a> pasi\u017eymi didele siurbimo galia. Juo galima surinkti dulkes, med\u017eio, plastiko ir metalo dro\u017eles. J\u012f galima tiesiogiai prijungti prie gamybos ma\u0161inos per ortaki\u0173 tinkl\u0105 arba prid\u0117ti siurbimo ranken\u0105 ar oro i\u0161traukimo gaubt\u0105.    <\/p>\n\n\n\n<p>Kasetiniai filtrai gali b\u016bti valomi rankiniu b\u016bdu naudojant besisukan\u010di\u0173 \u0161epe\u010di\u0173 sistem\u0105 arba automati\u0161kai naudojant suspausto oro srov\u0119. \u0160is <strong>filtravimo \u012frenginys<\/strong> idealiai tinka naudoti atskirose darbo vietose, prie gamybos ma\u0161inos arba \u0161alia rankinio darbo zonos. D\u0117l pakreipiamo korpuso ir surinkimo mai\u0161elio surinktas atliekas galima greitai ir lengvai i\u0161mesti.  <\/p>\n<\/div>\n\n\n\n<div class=\"wp-block-column is-layout-flow wp-block-column-is-layout-flow\">\n<h3 class=\"wp-block-heading has-text-align-center\"><strong><a href=\"https:\/\/obera.fr\/lt\/produits\/depoussiereurs-industriels\/mobiles\/extracteur-poussiere-pulverulente-dustomat-16m\/\">DUSTOMAT 16<\/a><\/strong><\/h3>\n\n\n\n<figure class=\"wp-block-image aligncenter size-medium\"><a href=\"https:\/\/obera.fr\/produits\/depoussiereurs-industriels\/mobiles\/extracteur-poussiere-pulverulente-dustomat-16m\/\"><img decoding=\"async\" width=\"300\" height=\"300\" src=\"https:\/\/obera.fr\/wp-content\/uploads\/2020\/10\/extracteur-poussiere-pulverulente-DUSTOMAT-16-300x300.png\" alt=\"Pulverulentinis dulki&#x173; siurblys Dustomat 16\" class=\"wp-image-1307\" srcset=\"https:\/\/obera.fr\/wp-content\/uploads\/2020\/10\/extracteur-poussiere-pulverulente-DUSTOMAT-16-300x300.png 300w, https:\/\/obera.fr\/wp-content\/uploads\/2020\/10\/extracteur-poussiere-pulverulente-DUSTOMAT-16-150x150.png 150w, https:\/\/obera.fr\/wp-content\/uploads\/2020\/10\/extracteur-poussiere-pulverulente-DUSTOMAT-16.png 600w\" sizes=\"(max-width: 300px) 100vw, 300px\" \/><\/a><figcaption class=\"wp-element-caption\">DUSTOMAT 16<\/figcaption><\/figure>\n\n\n\n<p><strong>DUSTOMAT 16<\/strong> buvo sukurtas mobiliam naudojimui, ypa\u010d<a href=\"https:\/\/obera.fr\/lt\/produits\/depoussiereurs-industriels\/mobiles\/extracteur-poussiere-pulverulente-dustomat-16m\/\" data-type=\"page\" data-id=\"449\">milteli\u0173 pavidalo dulk\u0117ms i\u0161traukti<\/a>. Kitaip tariant, mineralines dulkes (akmens, grafito ar betono), plastiko ar metalo dulkes, med\u017eio ir metalo dro\u017eles.   <\/p>\n\n\n\n<p><strong>Dulk\u0117s i\u0161siurbiamos<\/strong> naudojant siurbimo ranken\u0105. Kasetiniai filtrai gali b\u016bti valomi rankiniu b\u016bdu arba automati\u0161kai, kad b\u016bt\u0173 u\u017etikrintas ilgas filtr\u0173 kase\u010di\u0173 tarnavimo laikas. Dulki\u0173 surinkimo mai\u0161elis yra tvirtas ir daugkartinio naudojimo, tod\u0117l eksploatacin\u0117s i\u0161laidos yra nedidel\u0117s.  <\/p>\n<\/div>\n<\/div>\n\n<div class=\"wp-block-columns is-layout-flex wp-container-core-columns-is-layout-28f84493 wp-block-columns-is-layout-flex\">\n<div class=\"wp-block-column is-layout-flow wp-block-column-is-layout-flow\">\n<h3 class=\"wp-block-heading has-text-align-center\"><strong><strong><a href=\"https:\/\/obera.fr\/lt\/produits\/depoussiereurs-industriels\/mobiles\/srf-k\/\">SRF K<\/a><\/strong><\/strong><\/h3>\n\n\n\n<figure class=\"wp-block-image aligncenter size-medium\"><a href=\"https:\/\/obera.fr\/produits\/depoussiereurs-industriels\/mobiles\/srf-k\/\"><img decoding=\"async\" width=\"240\" height=\"300\" src=\"https:\/\/obera.fr\/wp-content\/uploads\/2025\/05\/srf-k-1-240x300.png\" alt=\"SRF-K mobilusis dulki&#x173; siurblys\" class=\"wp-image-104035\" srcset=\"https:\/\/obera.fr\/wp-content\/uploads\/2025\/05\/srf-k-1-240x300.png 240w, https:\/\/obera.fr\/wp-content\/uploads\/2025\/05\/srf-k-1-819x1024.png 819w, https:\/\/obera.fr\/wp-content\/uploads\/2025\/05\/srf-k-1-768x960.png 768w, https:\/\/obera.fr\/wp-content\/uploads\/2025\/05\/srf-k-1.png 1080w\" sizes=\"(max-width: 240px) 100vw, 240px\" \/><\/a><figcaption class=\"wp-element-caption\">SRF-K<\/figcaption><\/figure>\n\n\n\n<p>SRF K taip pat yra galingesnis <a href=\"https:\/\/obera.fr\/lt\/produits\/depoussiereurs-industriels\/mobiles\/srf-k\/\" data-type=\"page\" data-id=\"436\">suvirinimo d\u016bm\u0173 siurblys<\/a>, skirtas vienkartiniam arba nuolatiniam i\u0161traukimui. D\u016bmai yra 99,9 % filtruojami, tod\u0117l filtruot\u0105 or\u0105 galima v\u0117l \u012fleisti \u012f darbo viet\u0105.   <\/p>\n\n\n\n<p>Galima rinktis i\u0161 dviej\u0173 versij\u0173: <strong>SRF K-10<\/strong>, prie kurio galima prijungti siurbimo rank\u0105 arba i\u0161traukimo gaubt\u0105 ir kuris idealiai tinka vienai suvirinimo sto\u010diai, ir <strong>SRF K-15<\/strong>, prie kurio galima prijungti iki dviej\u0173 siurbimo rank\u0173, tod\u0117l vienu metu galima dirbti su dviem suvirinimo stotimis.  <\/p>\n\n\n\n<p>Priklausomai nuo naudojimo b\u016bdo, jame gali b\u016bti \u012frengti (pasirinktinai) aktyvintosios anglies filtrai, skirti i\u0161traukti litavimo d\u016bmus ar kitus ter\u0161alus, d\u0117l kuri\u0173 gali atsirasti kvap\u0173. Norint i\u0161valyti filtravimo med\u017eiag\u0105, \u0161iuose \u012frenginiuose gali b\u016bti \u012frengta rankin\u0117 rotacin\u0117 neu\u017esikim\u0161imo sistema arba automatin\u0117 neu\u017esikim\u0161imo sistema.<\/p>\n\n\n\n<p><\/p>\n<\/div>\n\n\n\n<div class=\"wp-block-column is-vertically-aligned-top is-layout-flow wp-block-column-is-layout-flow\">\n<h3 class=\"wp-block-heading has-text-align-center\"><strong><a href=\"https:\/\/obera.fr\/lt\/produits\/depoussiereurs-industriels\/mobiles\/extracteur-poussiere-dustomat-4\/\">DUSTOMAT 4<\/a><\/strong><\/h3>\n\n\n\n<figure class=\"wp-block-image aligncenter size-medium\"><a href=\"https:\/\/obera.fr\/produits\/depoussiereurs-industriels\/mobiles\/extracteur-poussiere-dustomat-4\/\"><img decoding=\"async\" width=\"300\" height=\"300\" src=\"https:\/\/obera.fr\/wp-content\/uploads\/2020\/08\/extracteur-poussiere-Dustomat-4-ATEX-300x300.png\" alt=\"&quot;Dustomat 4 Atex&quot; dulki&#x173; siurblys\" class=\"wp-image-677\" srcset=\"https:\/\/obera.fr\/wp-content\/uploads\/2020\/08\/extracteur-poussiere-Dustomat-4-ATEX-300x300.png 300w, https:\/\/obera.fr\/wp-content\/uploads\/2020\/08\/extracteur-poussiere-Dustomat-4-ATEX-150x150.png 150w, https:\/\/obera.fr\/wp-content\/uploads\/2020\/08\/extracteur-poussiere-Dustomat-4-ATEX.png 600w\" sizes=\"(max-width: 300px) 100vw, 300px\" \/><\/a><figcaption class=\"wp-element-caption\">Dustomat 4<\/figcaption><\/figure>\n\n\n\n<p>DUSTOMAT 4 yra <a href=\"https:\/\/obera.fr\/lt\/produits\/depoussiereurs-industriels\/mobiles\/extracteur-poussiere-dustomat-4\/\" data-type=\"page\" data-id=\"440\">dulki\u0173 surinktuvas, tinkamas beveik visiems pramon\u0117s sektoriams<\/a>. Jis gali i\u0161siurbti dulkes ir dro\u017eles tiesiai i\u0161 gamybos ma\u0161inos, taip pat gali b\u016bti prijungtas prie i\u0161traukimo gaubto, \u012fsiurbimo svirties arba ortaki\u0173 tinklo. Tur\u0117damas dvi siurbimo galias, jis sukurtas taip, kad u\u017etikrint\u0173 efektyvi\u0105 ir na\u0161i\u0105 oro cirkuliacij\u0105.   <\/p>\n\n\n\n<p>Nepaisant didel\u0117s siurbimo galios, jis veikia <strong>tyliai<\/strong> ir sunaudoja labai ma\u017eai energijos. Jame \u012frengtas pirminis sunki\u0173j\u0173 ir stambi\u0173j\u0173 daleli\u0173 separatorius. Filtrai valomi (neu\u017esikem\u0161a) susl\u0117gtu oru, tod\u0117l juos lengviau pri\u017ei\u016br\u0117ti ir u\u017etikrinamas filtro kase\u010di\u0173 ilgaam\u017ei\u0161kumas.  <\/p>\n\n\n\n<p>(galima <a href=\"https:\/\/obera.fr\/lt\/produits\/atex\/\" data-type=\"page\" data-id=\"372\">ATEX<\/a> versija)<\/p>\n<\/div>\n\n\n\n<div class=\"wp-block-column is-layout-flow wp-block-column-is-layout-flow\">\n<h3 class=\"wp-block-heading has-text-align-center\"><a href=\"https:\/\/obera.fr\/lt\/produits\/depoussiereurs-industriels\/mobiles\/na-2-2-depoussiereur-a-voie-humide\/\" data-type=\"page\" data-id=\"29480\">NA 2.2<\/a><\/h3>\n\n\n\n<figure class=\"wp-block-image aligncenter size-medium\"><a href=\"https:\/\/obera.fr\/produits\/depoussiereurs-industriels\/mobiles\/na-2-2-depoussiereur-a-voie-humide\/\"><img decoding=\"async\" width=\"300\" height=\"300\" src=\"https:\/\/obera.fr\/wp-content\/uploads\/2024\/04\/obera-na-2-2-depoussiereur-a-voie-humide-mobile-300x300.jpg\" alt=\"obera na 2 2 mobilusis &#x161;lapias dulki&#x173; siurblys\" class=\"wp-image-29475\" srcset=\"https:\/\/obera.fr\/wp-content\/uploads\/2024\/04\/obera-na-2-2-depoussiereur-a-voie-humide-mobile-300x300.jpg 300w, https:\/\/obera.fr\/wp-content\/uploads\/2024\/04\/obera-na-2-2-depoussiereur-a-voie-humide-mobile-150x150.jpg 150w, https:\/\/obera.fr\/wp-content\/uploads\/2024\/04\/obera-na-2-2-depoussiereur-a-voie-humide-mobile.jpg 600w\" sizes=\"(max-width: 300px) 100vw, 300px\" \/><\/a><figcaption class=\"wp-element-caption\">NA 2.2<\/figcaption><\/figure>\n<\/div>\n<\/div>\n\n<div class=\"wp-block-buttons is-horizontal is-content-justification-center is-layout-flex wp-container-core-buttons-is-layout-03627597 wp-block-buttons-is-layout-flex\">\n<div class=\"wp-block-button has-custom-width wp-block-button__width-100\"><a class=\"wp-block-button__link wp-element-button\" href=\"https:\/\/obera.fr\/lt\/susisiekite-su-mumis\/\">Su\u017einokite daugiau<\/a><\/div>\n<\/div>\n\n<h2 class=\"wp-block-heading\">Su kokiais ter\u0161alais gali susidoroti m\u016bs\u0173 mobiliosios dulki\u0173 \u0161alinimo sistemos?<\/h2>\n\n<p>M\u016bs\u0173 <a href=\"https:\/\/obera.fr\/lt\/produits\/depoussiereurs-industriels\/petits\/\">ma\u017ei mobilieji dulki\u0173 surinktuvai<\/a> gali <strong>apdoroti smulkias dulkes ir dro\u017eles<\/strong>, taip pat alyvos r\u016bk\u0105, d\u016bmus ir kvapus \u012fvairiuose pramon\u0117s sektoriuose, pavyzd\u017eiui, metalo, plastiko, medienos, mineral\u0173, tekstil\u0117s, popieriaus ir (arba) kartono.<\/p>\n\n<p>Dulk\u0117s ir kiti ter\u0161alai turi b\u016bti apdorojami, nes jie kelia pavoj\u0173 \u017emogaus organizmui. Kv\u0117pavimas u\u017eter\u0161tu oru gali sukelti kancerogenines, mutagenines ir reprodukcines ligas. U\u017eter\u0161to oro valymas yra labai svarbus darbuotojams, gamybos kokybei ir teis\u0117s akt\u0173 laikymuisi.<\/p>\n\n<h2 class=\"wp-block-heading\">Kaip pasirinkti tinkam\u0105 dulki\u0173 surinkimo sistem\u0105?<\/h2>\n\n<p>Svarbu pasirinkti tinkam\u0105 <a href=\"https:\/\/obera.fr\/lt\/produits\/depoussiereurs-industriels\/fixes\/\" data-type=\"link\" data-id=\"https:\/\/obera.fr\/produits\/depoussiereurs-industriels\/fixes\/\">stacionar\u0173 dulki\u0173 surinktuv\u0105<\/a>, nes \u012frenginys gali susid\u0117v\u0117ti ir nustoti veikti. Tai priklausys nuo ter\u0161alo, jo dyd\u017eio, b\u016bsenos (kietas ar dujinis) ir kiekio. Tai leis jums pasirinkti filtro, kur\u012f tur\u0117t\u0173 tur\u0117ti <a href=\"https:\/\/obera.fr\/lt\/produits\/depoussiereurs-industriels\/fixes\/depoussiereur-a-voie-humide-dustomat-hydro\/\" data-type=\"page\" data-id=\"15983\">\u0161lapias pramoninis dulki\u0173 surinktuvas<\/a>, tip\u0105. Antra, reikia su\u017einoti apie \u012frenginio gali\u0105, kitaip tariant, jo srauto greit\u012f. V\u0117lgi, \u012frenginio srauto greitis priklausys ne tik nuo j\u016bs\u0173 ter\u0161al\u0173 kiekio, bet ir nuo valomos patalpos pavir\u0161iaus ploto. Kuo didesn\u0117 erdv\u0117, tuo didesnis reikalingas srauto greitis.     <\/p>\n\n<p>Toliau reikia nuspr\u0119sti, kokiu priedu apr\u016bpinti savo ma\u0161in\u0105: kanalu, kad b\u016bt\u0173 galima prijungti prie gamybos ma\u0161inos, arba siurbimo rankena, skirta darbo vietai.<\/p>\n\n<div class=\"wp-block-buttons is-horizontal is-content-justification-center is-layout-flex wp-container-core-buttons-is-layout-03627597 wp-block-buttons-is-layout-flex\">\n<div class=\"wp-block-button has-custom-width wp-block-button__width-100\"><a class=\"wp-block-button__link wp-element-button\" href=\"https:\/\/obera.fr\/lt\/susisiekite-su-mumis\/\">Su\u017einokite daugiau<\/a><\/div>\n<\/div>\n\n<hr class=\"wp-block-separator has-css-opacity\"\/>\n\n<div class=\"wp-block-group is-layout-flow wp-block-group-is-layout-flow\">\n<h2 class=\"wp-block-heading\">Kiti &#8222;oberA&#8221; pramonini\u0173 dulki\u0173 siurbli\u0173 asortimento produktai<\/h2>\n\n\n\n<div class=\"wp-block-buttons is-content-justification-center is-layout-flex wp-container-core-buttons-is-layout-a89b3969 wp-block-buttons-is-layout-flex\">\n<div class=\"wp-block-button\"><a class=\"wp-block-button__link wp-element-button\" href=\"https:\/\/obera.fr\/produits\/depoussiereurs-industriels\/fixes\/\">FIKSUOTI dulki\u0173 rinktuvai  <\/a><\/div>\n\n\n\n<div class=\"wp-block-button\"><a class=\"wp-block-button__link wp-element-button\" href=\"https:\/\/obera.fr\/produits\/depoussiereurs-industriels\/petits\/\"> <strong>Ma\u017ei dulki\u0173 surinktuvai<\/strong><\/a><\/div>\n<\/div>\n<\/div>\n","protected":false},"excerpt":{"rendered":"<p>M\u016bs\u0173 mobilieji dulki\u0173 surinktuvai &#8211; tai galingi pramoniniai dulki\u0173 surinktuvai, kuriuos lengva perve\u017eti. \u0160ie \u012frenginiai puikiai prisitaiko prie aplinkos, kad b\u016bt\u0173 u\u017etikrintas optimalus darbo komfortas ir garantuotas efektyvumas. \u0160ios oro tvarkymo sistemos skirtos tiesiogiai prijungti prie gamybos ma\u0161in\u0173 ortaki\u0173 tinklu arba i\u0161traukti or\u0105 i\u0161 mobilios darbo vietos naudojant \u012fsiurbimo ranken\u0105 ar i\u0161traukimo gaubt\u0105, kad b\u016bt\u0173 galima surinkti vis\u0173 r\u016b\u0161i\u0173 dulkes ir didelius ter\u0161al\u0173 kiekius tiesiai i\u0161 \u0161altinio. M\u016bs\u0173 si\u016blom\u0173 mobili\u0173j\u0173 dulki\u0173 siurbli\u0173 asortimentas : DUSTOMAT DRY DUSTOMAT DRY yra dulki\u0173 i\u0161traukimo sistema, idealiai tinkanti \u012fvairiems pramon\u0117s sektoriams. Ja galima veiksmingai pa\u0161alinti dulki\u0173 daleles ir dro\u017eles tiesiogiai i\u0161 gamybos ma\u0161in\u0173 arba &#8230; <\/p>\n<p class=\"read-more-container\"><a title=\"Mobilieji dulki\u0173 surinktuvai\" class=\"read-more button\" href=\"https:\/\/obera.fr\/lt\/produits\/depoussiereurs-industriels\/mobiles\/#more-46873\" aria-label=\"Read more about Mobilieji dulki\u0173 surinktuvai\">Lire la suite<\/a><\/p>\n","protected":false},"author":4,"featured_media":83744,"parent":45618,"menu_order":0,"comment_status":"closed","ping_status":"closed","template":"","meta":{"_acf_changed":false,"_seopress_robots_primary_cat":"","_seopress_titles_title":"DUSTOMAT, SRF-K ir ePURBOX mobilieji dulki\u0173 siurbliai - oberA","_seopress_titles_desc":"M\u016bs\u0173 mobilieji pramoniniai dulki\u0173 siurbliai puikiai prisitaiko prie aplinkos, kad b\u016bt\u0173 u\u017etikrintas optimalus darbo komfortas ir garantuotas efektyvumas.","_seopress_robots_index":"","footnotes":""},"class_list":{"0":"post-46873","1":"page","2":"type-page","3":"status-publish","4":"has-post-thumbnail","6":"no-featured-image-padding","7":"resize-featured-image"},"acf":[],"_links":{"self":[{"href":"https:\/\/obera.fr\/lt\/wp-json\/wp\/v2\/pages\/46873","targetHints":{"allow":["GET"]}}],"collection":[{"href":"https:\/\/obera.fr\/lt\/wp-json\/wp\/v2\/pages"}],"about":[{"href":"https:\/\/obera.fr\/lt\/wp-json\/wp\/v2\/types\/page"}],"author":[{"embeddable":true,"href":"https:\/\/obera.fr\/lt\/wp-json\/wp\/v2\/users\/4"}],"replies":[{"embeddable":true,"href":"https:\/\/obera.fr\/lt\/wp-json\/wp\/v2\/comments?post=46873"}],"version-history":[{"count":13,"href":"https:\/\/obera.fr\/lt\/wp-json\/wp\/v2\/pages\/46873\/revisions"}],"predecessor-version":[{"id":117697,"href":"https:\/\/obera.fr\/lt\/wp-json\/wp\/v2\/pages\/46873\/revisions\/117697"}],"up":[{"embeddable":true,"href":"https:\/\/obera.fr\/lt\/wp-json\/wp\/v2\/pages\/45618"}],"wp:featuredmedia":[{"embeddable":true,"href":"https:\/\/obera.fr\/lt\/wp-json\/wp\/v2\/media\/83744"}],"wp:attachment":[{"href":"https:\/\/obera.fr\/lt\/wp-json\/wp\/v2\/media?parent=46873"}],"curies":[{"name":"wp","href":"https:\/\/api.w.org\/{rel}","templated":true}]}}