{"id":47087,"date":"2020-11-11T20:40:03","date_gmt":"2020-11-11T18:40:03","guid":{"rendered":"https:\/\/obera.fr\/tk-serie\/"},"modified":"2025-06-27T15:51:44","modified_gmt":"2025-06-27T13:51:44","slug":"tk-serie","status":"publish","type":"page","link":"https:\/\/obera.fr\/lt\/produits\/depoussiereurs-industriels\/petits\/tk-serie\/","title":{"rendered":"TK-Serie"},"content":{"rendered":"\n<p><a href=\"https:\/\/obera.fr\/lt\/produits\/depoussiereurs-industriels\/mazi-pramoniniai-dulkiu-surinktuvai\/\" data-type=\"page\" data-id=\"393\">Ma\u017ei dulki\u0173 surinktuvai, skirti tiesioginiam dulki\u0173<\/a> i\u0161traukimui i\u0161 apdirbimo centr\u0173<\/p>\n\n<div class=\"wp-block-columns is-layout-flex wp-container-core-columns-is-layout-28f84493 wp-block-columns-is-layout-flex\">\n<div class=\"wp-block-column is-layout-flow wp-block-column-is-layout-flow\" style=\"flex-basis:33.33%\">\n<figure class=\"wp-block-image aligncenter size-full\"><img decoding=\"async\" width=\"600\" height=\"600\" src=\"https:\/\/obera.fr\/wp-content\/uploads\/2020\/11\/tk-series.jpg\" alt=\"TK serija\" class=\"wp-image-1607\" srcset=\"https:\/\/obera.fr\/wp-content\/uploads\/2020\/11\/tk-series.jpg 600w, https:\/\/obera.fr\/wp-content\/uploads\/2020\/11\/tk-series-300x300.jpg 300w, https:\/\/obera.fr\/wp-content\/uploads\/2020\/11\/tk-series-150x150.jpg 150w\" sizes=\"(max-width: 600px) 100vw, 600px\" \/><\/figure>\n<\/div>\n\n\n\n<div class=\"wp-block-column is-layout-flow wp-block-column-is-layout-flow\" style=\"flex-basis:66.66%\">\n<p><strong>Nedideli<\/strong> TK serijos <strong>dulki\u0173 siurbliai<\/strong> yra skirti pavieniams atvejams, kai jie naudojami mechanin\u0117se dirbtuv\u0117se ir metalo apdirbimo \u012fmon\u0117se. Dulk\u0117t\u0105 or\u0105 i\u0161valo valomas med\u017eiaginis filtras, tod\u0117l oras gali b\u016bti gr\u0105\u017einamas \u012f darbo viet\u0105. D\u0117l nedidelio dyd\u017eio dulki\u0173 siurblius galima greitai ir lengvai sumontuoti po stalais ar ant lentyn\u0173.  <\/p>\n\n\n\n<p>Norint sustiprinti \u0161\u012f \u012frengin\u012f, galima apsvarstyti galimyb\u0119 integruoti <a href=\"https:\/\/obera.fr\/lt\/produits\/bras-dispositifs-captation\/capot-industriel\/\">pramonin\u012f gaubt\u0105<\/a>. \u0160is <strong>specialiai pramoniniam naudojimui sukurtas<\/strong> gaubtas padidina dulki\u0173 surinkimo efektyvum\u0105, nes sukoncentruoja \u012fsiurbiamo oro sraut\u0105 ir apsaugo artimiausi\u0105 aplink\u0105. <\/p>\n\n\n\n<p>Renkantis dulki\u0173 surinktuv\u0105, labai svarbu u\u017eduoti klausim\u0105:<a href=\"https:\/\/obera.fr\/lt\/musu-patarimas\/quel-depoussiereur-choisir-selon-type-poussiere\/\">&#8222;Kok\u012f dulki\u0173 surinktuv\u0105 tur\u0117\u010diau pasirinkti?<\/a> Norint atsakyti \u012f \u0161\u012f klausim\u0105, reikia atsi\u017evelgti \u012f kelet\u0105 veiksni\u0173, pavyzd\u017eiui, susidaran\u010di\u0173 dulki\u0173 kiek\u012f, daleli\u0173 tip\u0105 ir konkre\u010dias dirbtuvi\u0173 s\u0105lygas. <strong>Tinkamas pramoninis dulki\u0173 surinktuvas <\/strong>turi veiksmingai susidoroti su susidaran\u010di\u0173 dulki\u0173 r\u016b\u0161imis ir b\u016bti tinkamo dyd\u017eio, atsi\u017evelgiant \u012f turim\u0105 erdv\u0119.  <\/p>\n\n\n\n<p>Kitas svarbus aspektas &#8211; sauga, ypa\u010d <a href=\"https:\/\/obera.fr\/lt\/musu-patarimas\/procede-depoussierage-risque-explosion-incendie\/\">sprogimo rizika<\/a>. Aplinkoje, kurioje yra metalo dulki\u0173 ar kit\u0173 degi\u0173 daleli\u0173, <strong>dulki\u0173 surinktuve turi b\u016bti \u012frengtos<\/strong> sprogimo <strong>prevencijos<\/strong> ir apsaugos <strong>sistemos<\/strong>. Tai apima tokias funkcijas kaip atbuliniai vo\u017etuvai, sprogimo slopinimo sistemos ir konstrukcijos, ma\u017einan\u010dios kibirk\u0161\u010diavimo rizik\u0105.  <\/p>\n\n\n\n<p>Norint u\u017etikrinti saugi\u0105 ir \u0161vari\u0105 darbo aplink\u0105, b\u016btina pasirinkti tinkam\u0105 <a href=\"https:\/\/obera.fr\/lt\/produits\/depoussiereurs-industriels\/\">pramonin\u012f dulki\u0173 surinktuv\u0105<\/a>, prireikus sistem\u0105 papildyti pramoniniu gaubtu ir u\u017etikrinti, kad visa \u012franga b\u016bt\u0173 <strong>pritaikyta taip, kad b\u016bt\u0173 kuo labiau suma\u017einta rizika,<\/strong> ypa\u010d sprogimo, ir kartu b\u016bt\u0173 kuo didesnis dulki\u0173 surinkimo efektyvumas.<\/p>\n\n\n\n<div class=\"wp-block-columns is-layout-flex wp-container-core-columns-is-layout-28f84493 wp-block-columns-is-layout-flex\">\n<div class=\"wp-block-column is-layout-flow wp-block-column-is-layout-flow\" style=\"flex-basis:33.34%\">\n<div class=\"wp-block-buttons is-content-justification-center is-layout-flex wp-container-core-buttons-is-layout-a89b3969 wp-block-buttons-is-layout-flex\">\n<div class=\"wp-block-button\"><a class=\"wp-block-button__link wp-element-button\" href=\"https:\/\/obera.fr\/wp-content\/uploads\/2025\/05\/brochure-tk-fr.pdf\">Atsisi\u0173sti bro\u0161i\u016br\u0105<\/a><\/div>\n<\/div>\n<\/div>\n\n\n\n<div class=\"wp-block-column is-layout-flow wp-block-column-is-layout-flow\" style=\"flex-basis:33.34%\">\n<div class=\"wp-block-buttons is-horizontal is-content-justification-center is-layout-flex wp-container-core-buttons-is-layout-03627597 wp-block-buttons-is-layout-flex\">\n<div class=\"wp-block-button has-custom-width wp-block-button__width-100\"><a class=\"wp-block-button__link wp-element-button\" href=\"https:\/\/obera.fr\/lt\/susisiekite-su-mumis\/\">Su\u017einokite daugiau<\/a><\/div>\n<\/div>\n<\/div>\n\n\n\n<div class=\"wp-block-column is-layout-flow wp-block-column-is-layout-flow\" style=\"flex-basis:33.33%\">\n<div class=\"wp-block-buttons is-content-justification-center is-layout-flex wp-container-core-buttons-is-layout-a89b3969 wp-block-buttons-is-layout-flex\">\n<div class=\"wp-block-button btn-devis-source\"><a class=\"wp-block-button__link wp-element-button\" href=\"https:\/\/obera.fr\/lt\/devis\/\">Pra\u0161yti citatos<\/a><\/div>\n<\/div>\n\n\n<script>\r\ndocument.addEventListener('DOMContentLoaded', function() {\r\n    \/\/ 1. On cherche le titre H1 de la page\r\n    var h1 = document.querySelector('h1');\r\n    var productTitle = h1 ? h1.innerText.trim() : \"\";\r\n\r\n    \/\/ 2. On cherche les boutons via la classe CSS .btn-devis-source\r\n    var buttons = document.querySelectorAll('.btn-devis-source a');\r\n\r\n    \/\/ 3. Si on a le titre et les boutons, on ajoute le param\u00e8tre\r\n    if (buttons.length > 0 && productTitle !== \"\") {\r\n        var encodedTitle = encodeURIComponent(productTitle);\r\n\r\n        buttons.forEach(function(btn) {\r\n            var currentHref = btn.getAttribute('href');\r\n            \r\n            \/\/ S\u00e9curit\u00e9 pour ne pas ajouter le param\u00e8tre 2 fois\r\n            if (currentHref.indexOf('sujet=') === -1) {\r\n                var separator = currentHref.indexOf('?') !== -1 ? '&' : '?';\r\n                var newLink = currentHref + separator + 'sujet=' + encodedTitle;\r\n                \r\n                btn.setAttribute('href', newLink);\r\n            }\r\n        });\r\n    }\r\n});\r\n<\/script><\/div>\n<\/div>\n<\/div>\n<\/div>\n\n<figure class=\"wp-block-gallery has-nested-images columns-default wp-block-gallery-1 is-layout-flex wp-block-gallery-is-layout-flex\">\n<figure class=\"wp-block-image size-large\"><img decoding=\"async\" width=\"1024\" height=\"576\" data-id=\"1791\" src=\"https:\/\/obera.fr\/wp-content\/uploads\/2020\/11\/TK-Filtration-1024x576.jpg\" alt=\"Tk filtravimas\" class=\"wp-image-1791\" srcset=\"https:\/\/obera.fr\/wp-content\/uploads\/2020\/11\/TK-Filtration-1024x576.jpg 1024w, https:\/\/obera.fr\/wp-content\/uploads\/2020\/11\/TK-Filtration-300x169.jpg 300w, https:\/\/obera.fr\/wp-content\/uploads\/2020\/11\/TK-Filtration-768x432.jpg 768w, https:\/\/obera.fr\/wp-content\/uploads\/2020\/11\/TK-Filtration.jpg 1200w\" sizes=\"(max-width: 1024px) 100vw, 1024px\" \/><figcaption class=\"wp-element-caption\">Filtravimas<\/figcaption><\/figure>\n\n\n\n<figure class=\"wp-block-image size-large\"><img decoding=\"async\" width=\"1024\" height=\"576\" data-id=\"1792\" src=\"https:\/\/obera.fr\/wp-content\/uploads\/2020\/11\/TK-tiroir-des-dechets-1024x576.jpg\" alt=\"Tk Tiroir Des Dechets\" class=\"wp-image-1792\" srcset=\"https:\/\/obera.fr\/wp-content\/uploads\/2020\/11\/TK-tiroir-des-dechets-1024x576.jpg 1024w, https:\/\/obera.fr\/wp-content\/uploads\/2020\/11\/TK-tiroir-des-dechets-300x169.jpg 300w, https:\/\/obera.fr\/wp-content\/uploads\/2020\/11\/TK-tiroir-des-dechets-768x432.jpg 768w, https:\/\/obera.fr\/wp-content\/uploads\/2020\/11\/TK-tiroir-des-dechets.jpg 1200w\" sizes=\"(max-width: 1024px) 100vw, 1024px\" \/><figcaption class=\"wp-element-caption\">Atliek\u0173 stal\u010dius<\/figcaption><\/figure>\n<\/figure>\n\n<div class=\"wp-block-columns is-layout-flex wp-container-core-columns-is-layout-28f84493 wp-block-columns-is-layout-flex\">\n<div class=\"wp-block-column is-layout-flow wp-block-column-is-layout-flow\">\n<h2 class=\"wp-block-heading has-text-align-center\">Privalumai<\/h2>\n\n\n\n<ul class=\"wp-block-list\">\n<li>Ma\u017eas plotas d\u0117l kompakti\u0161ko dizaino<\/li>\n\n\n\n<li>Lengva naudoti<\/li>\n\n\n\n<li>Ma\u017eos eksploatavimo i\u0161laidos d\u0117l valomo rankovinio filtro<\/li>\n\n\n\n<li>Ma\u017eai prie\u017ei\u016bros<\/li>\n\n\n\n<li>Valomas, ilgaam\u017eis mai\u0161elinis filtras<\/li>\n\n\n\n<li>Tvirtas dulki\u0173 surinkimo stal\u010dius<\/li>\n<\/ul>\n<\/div>\n\n\n\n<div class=\"wp-block-column is-layout-flow wp-block-column-is-layout-flow\">\n<h2 class=\"wp-block-heading has-text-align-center\">Specialiosios funkcijos<\/h2>\n\n\n\n<ul class=\"wp-block-list\">\n<li>Rankinis rankovinio filtro valymas<\/li>\n\n\n\n<li>Stacionarus \u012frengimas<\/li>\n<\/ul>\n<\/div>\n\n\n\n<div class=\"wp-block-column is-layout-flow wp-block-column-is-layout-flow\">\n<h2 class=\"wp-block-heading has-text-align-center\">Funkcijos<\/h2>\n\n\n\n<ul class=\"wp-block-list\">\n<li>Tiesioginiam i\u0161traukimui \u0161lifavimo, frezavimo ir \u0161alinimo stakl\u0117se<\/li>\n\n\n\n<li>Skirta naudoti retkar\u010diais, kai yra nedidelis dulki\u0173 kiekis<\/li>\n<\/ul>\n<\/div>\n<\/div>\n\n<h2 class=\"wp-block-heading\">Parai\u0161kos<\/h2>\n\n<div class=\"wp-block-columns is-layout-flex wp-container-core-columns-is-layout-28f84493 wp-block-columns-is-layout-flex\">\n<div class=\"wp-block-column is-layout-flow wp-block-column-is-layout-flow\">\n<h3 class=\"wp-block-heading has-text-align-center\">Ter\u0161alai<\/h3>\n\n\n\n<hr class=\"wp-block-separator has-css-opacity is-style-wide\"\/>\n\n\n\n<div class=\"wp-block-columns is-layout-flex wp-container-core-columns-is-layout-28f84493 wp-block-columns-is-layout-flex\">\n<div class=\"wp-block-column is-layout-flow wp-block-column-is-layout-flow\">\n<figure class=\"wp-block-image aligncenter size-large\"><img decoding=\"async\" width=\"70\" height=\"70\" src=\"https:\/\/obera.fr\/wp-content\/uploads\/2020\/08\/polluants-poussieres.jpg\" alt=\"Ter&#x161;alai Dulk&#x117;s\" class=\"wp-image-675\"\/><figcaption class=\"wp-element-caption\">Dulk\u0117s<\/figcaption><\/figure>\n\n\n\n<figure class=\"wp-block-image aligncenter size-large\"><img decoding=\"async\" width=\"70\" height=\"70\" src=\"https:\/\/obera.fr\/wp-content\/uploads\/2020\/08\/polluants-copeaux-bois.jpg\" alt=\"Ter&#x161;alai Med&#x17E;io dro&#x17E;l&#x117;s\" class=\"wp-image-674\"\/><figcaption class=\"wp-element-caption\">Chipsai<\/figcaption><\/figure>\n<\/div>\n\n\n\n<div class=\"wp-block-column is-layout-flow wp-block-column-is-layout-flow\">\n<figure class=\"wp-block-image aligncenter size-large\"><img decoding=\"async\" width=\"70\" height=\"70\" src=\"https:\/\/obera.fr\/wp-content\/uploads\/2020\/08\/industrie-fumees.jpg\" alt=\"Pramon&#x117;s d&#x16B;mai\" class=\"wp-image-722\"\/><figcaption class=\"wp-element-caption\">D\u016bmai<\/figcaption><\/figure>\n<\/div>\n<\/div>\n\n\n\n<p><\/p>\n<\/div>\n\n\n\n<div class=\"wp-block-column is-layout-flow wp-block-column-is-layout-flow\">\n<h3 class=\"wp-block-heading has-text-align-center\">Pramon\u0117s \u0161akos<\/h3>\n\n\n\n<hr class=\"wp-block-separator has-css-opacity is-style-wide\"\/>\n\n\n\n<div class=\"wp-block-columns is-layout-flex wp-container-core-columns-is-layout-28f84493 wp-block-columns-is-layout-flex\">\n<div class=\"wp-block-column is-layout-flow wp-block-column-is-layout-flow\">\n<figure class=\"wp-block-image aligncenter size-large\"><img decoding=\"async\" width=\"70\" height=\"70\" src=\"https:\/\/obera.fr\/wp-content\/uploads\/2020\/08\/industrie-metallurgie.jpg\" alt=\"Metalurgijos pramon&#x117;\" class=\"wp-image-673\"\/><figcaption class=\"wp-element-caption\">Metalurgija<\/figcaption><\/figure>\n<\/div>\n\n\n\n<div class=\"wp-block-column is-layout-flow wp-block-column-is-layout-flow\">\n<figure class=\"wp-block-image aligncenter size-large\"><img decoding=\"async\" width=\"70\" height=\"70\" src=\"https:\/\/obera.fr\/wp-content\/uploads\/2020\/08\/industrie-plastique.jpg\" alt=\"Plastiko pramon&#x117;\" class=\"wp-image-669\"\/><figcaption class=\"wp-element-caption\">Plastmas\u0117s<\/figcaption><\/figure>\n<\/div>\n<\/div>\n<\/div>\n<\/div>\n\n<div class=\"wp-block-buttons is-horizontal is-content-justification-center is-layout-flex wp-container-core-buttons-is-layout-03627597 wp-block-buttons-is-layout-flex\">\n<div class=\"wp-block-button has-custom-width wp-block-button__width-100\"><a class=\"wp-block-button__link wp-element-button\" href=\"https:\/\/obera.fr\/lt\/susisiekite-su-mumis\/\">Su\u017einokite daugiau<\/a><\/div>\n<\/div>\n\n<h2 class=\"wp-block-heading\">Technin\u0117s specifikacijos<\/h2>\n\n<table id=\"tablepress-154\" class=\"tablepress tablepress-id-154\">\n<thead>\n<tr class=\"row-1\">\n\t<th class=\"column-1\">Appareil<\/th><td class=\"column-2\"><\/td><th class=\"column-3\">4<\/th><th class=\"column-4\">6<\/th>\n<\/tr>\n<\/thead>\n<tbody class=\"row-striping row-hover\">\n<tr class=\"row-2\">\n\t<td class=\"column-1\">D\u00e9bit<\/td><td class=\"column-2\">m3\/h<\/td><td class=\"column-3\">300<\/td><td class=\"column-4\">450<\/td>\n<\/tr>\n<tr class=\"row-3\">\n\t<td class=\"column-1\">Diam\u00e8tre d'entr\u00e9e<\/td><td class=\"column-2\">mm<\/td><td class=\"column-3\">60<\/td><td class=\"column-4\">80<\/td>\n<\/tr>\n<tr class=\"row-4\">\n\t<td class=\"column-1\">pression n\u00e9gative max<\/td><td class=\"column-2\">Pa<\/td><td class=\"column-3\">1400<\/td><td class=\"column-4\">1400<\/td>\n<\/tr>\n<tr class=\"row-5\">\n\t<td class=\"column-1\">Tension d'alimentation<\/td><td class=\"column-2\">V<\/td><td class=\"column-3\">400<\/td><td class=\"column-4\">400<\/td>\n<\/tr>\n<tr class=\"row-6\">\n\t<td class=\"column-1\">Puissance<\/td><td class=\"column-2\">kW<\/td><td class=\"column-3\">0.55<\/td><td class=\"column-4\">0.55<\/td>\n<\/tr>\n<tr class=\"row-7\">\n\t<td class=\"column-1\">Dimensions<\/td><td class=\"column-2\">l\/L\/h (mm)<\/td><td class=\"column-3\">400 x 400 x 590<\/td><td class=\"column-4\">400 x 400 x 590<\/td>\n<\/tr>\n<tr class=\"row-8\">\n\t<td class=\"column-1\">Poids<\/td><td class=\"column-2\">kg<\/td><td class=\"column-3\">40<\/td><td class=\"column-4\">40<\/td>\n<\/tr>\n<tr class=\"row-9\">\n\t<td class=\"column-1\">Niveau de Bruyance<\/td><td class=\"column-2\">dB(A)<\/td><td class=\"column-3\">68<\/td><td class=\"column-4\">68<\/td>\n<\/tr>\n<\/tbody>\n<\/table>\n\n\n<hr class=\"wp-block-separator has-css-opacity is-style-dots\"\/>\n\n<h2 class=\"wp-block-heading\">Kitos ma\u017eos prek\u0117s \u017eenklo &#8222;oberA&#8221; dulki\u0173 siurbliai<\/h2>\n\n<div class=\"wp-block-columns is-layout-flex wp-container-core-columns-is-layout-28f84493 wp-block-columns-is-layout-flex\">\n<div class=\"wp-block-column is-layout-flow wp-block-column-is-layout-flow\">\n<figure class=\"wp-block-image aligncenter size-medium\"><a href=\"https:\/\/obera.fr\/produits\/depoussiereurs-industriels\/petits\/jumbo\/\"><img decoding=\"async\" width=\"300\" height=\"300\" src=\"https:\/\/obera.fr\/wp-content\/uploads\/2020\/10\/jumbo-300x300.png\" alt=\"Jumbo\" class=\"wp-image-1171\" srcset=\"https:\/\/obera.fr\/wp-content\/uploads\/2020\/10\/jumbo-300x300.png 300w, https:\/\/obera.fr\/wp-content\/uploads\/2020\/10\/jumbo-150x150.png 150w, https:\/\/obera.fr\/wp-content\/uploads\/2020\/10\/jumbo.png 500w\" sizes=\"(max-width: 300px) 100vw, 300px\" \/><\/a><figcaption class=\"wp-element-caption\">Jumbo<\/figcaption><\/figure>\n<\/div>\n\n\n\n<div class=\"wp-block-column is-layout-flow wp-block-column-is-layout-flow\">\n<figure class=\"wp-block-image aligncenter size-full is-resized\"><a href=\"https:\/\/obera.fr\/produits\/depoussiereurs-industriels\/petits\/srf-t\/\"><img decoding=\"async\" width=\"600\" height=\"600\" src=\"https:\/\/obera.fr\/wp-content\/uploads\/2020\/10\/SRF-T-SF.png\" alt=\"D&#x16B;mai - Dulki&#x173; surinktuvas\" class=\"wp-image-1310\" style=\"width:300px;height:300px\" srcset=\"https:\/\/obera.fr\/wp-content\/uploads\/2020\/10\/SRF-T-SF.png 600w, https:\/\/obera.fr\/wp-content\/uploads\/2020\/10\/SRF-T-SF-300x300.png 300w, https:\/\/obera.fr\/wp-content\/uploads\/2020\/10\/SRF-T-SF-150x150.png 150w\" sizes=\"(max-width: 600px) 100vw, 600px\" \/><\/a><figcaption class=\"wp-element-caption\">SRF-T<\/figcaption><\/figure>\n<\/div>\n\n\n\n<div class=\"wp-block-column is-layout-flow wp-block-column-is-layout-flow\">\n<figure class=\"wp-block-image aligncenter size-medium\"><a href=\"https:\/\/obera.fr\/produits\/depoussiereurs-industriels\/petits\/aspiration-fumees-soudage-laser-epur-b-ex\/\"><img decoding=\"async\" width=\"300\" height=\"300\" src=\"https:\/\/obera.fr\/wp-content\/uploads\/2023\/10\/epurb-ex-1000-3000-5000-300x300.png\" alt=\"oberA epur b ex 1000 3000 5000\" class=\"wp-image-25016\" srcset=\"https:\/\/obera.fr\/wp-content\/uploads\/2023\/10\/epurb-ex-1000-3000-5000-300x300.png 300w, https:\/\/obera.fr\/wp-content\/uploads\/2023\/10\/epurb-ex-1000-3000-5000-150x150.png 150w, https:\/\/obera.fr\/wp-content\/uploads\/2023\/10\/epurb-ex-1000-3000-5000.png 600w\" sizes=\"(max-width: 300px) 100vw, 300px\" \/><\/a><figcaption class=\"wp-element-caption\">EPUR B EX 1000<\/figcaption><\/figure>\n<\/div>\n<\/div>\n\n<p><\/p>\n","protected":false},"excerpt":{"rendered":"<p>Ma\u017ei dulki\u0173 surinktuvai, skirti tiesioginiam dulki\u0173 i\u0161traukimui i\u0161 apdirbimo centr\u0173 Nedideli TK serijos dulki\u0173 siurbliai yra skirti pavieniams atvejams, kai jie naudojami mechanin\u0117se dirbtuv\u0117se ir metalo apdirbimo \u012fmon\u0117se. Dulk\u0117t\u0105 or\u0105 i\u0161valo valomas med\u017eiaginis filtras, tod\u0117l oras gali b\u016bti gr\u0105\u017einamas \u012f darbo viet\u0105. D\u0117l nedidelio dyd\u017eio dulki\u0173 siurblius galima greitai ir lengvai sumontuoti po stalais ar ant lentyn\u0173. Norint sustiprinti \u0161\u012f \u012frengin\u012f, galima apsvarstyti galimyb\u0119 integruoti pramonin\u012f gaubt\u0105. \u0160is specialiai pramoniniam naudojimui sukurtas gaubtas padidina dulki\u0173 surinkimo efektyvum\u0105, nes sukoncentruoja \u012fsiurbiamo oro sraut\u0105 ir apsaugo artimiausi\u0105 aplink\u0105. Renkantis dulki\u0173 surinktuv\u0105, labai svarbu u\u017eduoti klausim\u0105:&#8222;Kok\u012f dulki\u0173 surinktuv\u0105 tur\u0117\u010diau pasirinkti? Norint atsakyti \u012f &#8230; <\/p>\n<p class=\"read-more-container\"><a title=\"TK-Serie\" class=\"read-more button\" href=\"https:\/\/obera.fr\/lt\/produits\/depoussiereurs-industriels\/petits\/tk-serie\/#more-47087\" aria-label=\"Read more about TK-Serie\">Lire la suite<\/a><\/p>\n","protected":false},"author":4,"featured_media":37374,"parent":48158,"menu_order":0,"comment_status":"closed","ping_status":"closed","template":"","meta":{"_acf_changed":false,"_seopress_robots_primary_cat":"","_seopress_titles_title":"TK serija: ma\u017ei dulki\u0173 surinktuvai tiesioginiam i\u0161traukimui","_seopress_titles_desc":"Nedideli TK serijos dulki\u0173 siurbliai skirti vienkartiniam dulki\u0173 i\u0161traukimui mechanin\u0117se dirbtuv\u0117se ir metalo apdirbimo \u012fmon\u0117se.","_seopress_robots_index":"","footnotes":""},"class_list":{"0":"post-47087","1":"page","2":"type-page","3":"status-publish","4":"has-post-thumbnail","6":"no-featured-image-padding","7":"resize-featured-image"},"acf":[],"_links":{"self":[{"href":"https:\/\/obera.fr\/lt\/wp-json\/wp\/v2\/pages\/47087","targetHints":{"allow":["GET"]}}],"collection":[{"href":"https:\/\/obera.fr\/lt\/wp-json\/wp\/v2\/pages"}],"about":[{"href":"https:\/\/obera.fr\/lt\/wp-json\/wp\/v2\/types\/page"}],"author":[{"embeddable":true,"href":"https:\/\/obera.fr\/lt\/wp-json\/wp\/v2\/users\/4"}],"replies":[{"embeddable":true,"href":"https:\/\/obera.fr\/lt\/wp-json\/wp\/v2\/comments?post=47087"}],"version-history":[{"count":8,"href":"https:\/\/obera.fr\/lt\/wp-json\/wp\/v2\/pages\/47087\/revisions"}],"predecessor-version":[{"id":117414,"href":"https:\/\/obera.fr\/lt\/wp-json\/wp\/v2\/pages\/47087\/revisions\/117414"}],"up":[{"embeddable":true,"href":"https:\/\/obera.fr\/lt\/wp-json\/wp\/v2\/pages\/48158"}],"wp:featuredmedia":[{"embeddable":true,"href":"https:\/\/obera.fr\/lt\/wp-json\/wp\/v2\/media\/37374"}],"wp:attachment":[{"href":"https:\/\/obera.fr\/lt\/wp-json\/wp\/v2\/media?parent=47087"}],"curies":[{"name":"wp","href":"https:\/\/api.w.org\/{rel}","templated":true}]}}